{"id":10,"date":"2019-07-23T13:00:47","date_gmt":"2019-07-23T13:00:47","guid":{"rendered":"http:\/\/egerhaziimre.magex.hu\/?page_id=10"},"modified":"2025-09-02T16:00:41","modified_gmt":"2025-09-02T14:00:41","slug":"eletrajz","status":"publish","type":"page","link":"https:\/\/egerhaziimre.hu\/index.php\/eletrajz\/","title":{"rendered":"\u00c9letrajz"},"content":{"rendered":"<div class=\"wpb-content-wrapper\">[vc_row css=&#8221;.vc_custom_1572003922070{margin-bottom: -100px !important;}&#8221;][vc_column width=&#8221;1\/6&#8243;][vc_single_image image=&#8221;1162&#8243; img_size=&#8221;medium&#8221; alignment=&#8221;right&#8221;][\/vc_column][vc_column width=&#8221;5\/6&#8243;][vc_column_text]\n<h3>\u00c9gerh\u00e1zi Imre<\/h3>\n<p>fest\u0151m\u0171v\u00e9sz (1925 &#8211; 2001)<\/p>\n<p><strong>\u00c9gerh\u00e1zi Imr\u00e9t m\u00e1r az ezredfordul\u00f3n az Alf\u00f6ld egyik vezet\u0151 mesterek\u00e9nt tartott\u00e1k sz\u00e1mon. M\u0171v\u00e9szete \u00e9s m\u0171v\u00e9szeti szervez\u0151tev\u00e9kenys\u00e9ge Magyarorsz\u00e1gon \u00e9s a hat\u00e1ron t\u00fal is nagy elismer\u00e9sben r\u00e9szes\u00fclt. Hajd\u00fahadh\u00e1zon sz\u00fcletett 1925-ben. K\u00e9pz\u0151m\u0171v\u00e9szeti szakiskol\u00e1ban tanult Debrecenben, mestere Menyh\u00e1rt J\u00f3zsef volt. Sok orsz\u00e1gban volt tanulm\u00e1ny\u00faton. K\u00e9pei megtal\u00e1lhat\u00f3k hazai \u00e9s k\u00fclf\u00f6ldi m\u00fazeumokban, k\u00f6zint\u00e9zm\u00e9nyekben \u00e9s gy\u0171jt\u0151kn\u00e9l.<br \/>\n<\/strong>[\/vc_column_text][\/vc_column][\/vc_row][vc_row][vc_column][vc_column_text css=&#8221;&#8221;]\u00c9gerh\u00e1zi Imre 1925 szeptember m\u00e1sodik\u00e1n sz\u00fcletett Hajd\u00fahadh\u00e1zon, a 17. sz\u00e1zadban alkot\u00f3 mez\u0151b\u00e1ndi fresk\u00f3fest\u0151, Egerh\u00e1zi K\u00e9p\u00edr\u00f3 J\u00e1nos k\u00e9sei lesz\u00e1rmazottjak\u00e9nt \u00d6n\u00e9letrajzi visszaeml\u00e9kez\u00e9s\u00e9ben \u00edrja \u00c9gerh\u00e1zi Imre, hogy felmen\u0151i k\u00f6z\u00f6tt k\u00e9p\u00edr\u00f3k is voltak, akik szolg\u00e1latuk\u00e9rt I. R\u00e1k\u00f3czi Gy\u00f6rgyt\u0151l meger\u0151s\u00edtett nemess\u00e9get kaptak. C\u00edmer\u00fckben a vit\u00e9z bal kez\u00e9ben kardot, jobb kez\u00e9ben ecsetet \u00e9s palett\u00e1t tart.<br \/>\nKisgyermekk\u00e9nt az 1930-as \u00e9vek elej\u00e9n k\u00f6lt\u00f6z\u00f6tt sz\u00fcleivel Debrecenbe, ahol k\u00e9s\u0151bb k\u00e9pz\u0151m\u0171v\u00e9szeti szabadiskol\u00e1ban tanult. Mestere Menyh\u00e1rt J\u00f3zsef fest\u0151m\u0171v\u00e9sz volt. A hadh\u00e1zi kisleg\u00e9ny \u00f6szt\u00f6n\u00f6s \u00e9rdekl\u0151d\u00e9s\u00e9nek, k\u00e9pess\u00e9g\u00e9nek tehets\u00e9g\u00e9t t\u00e1pl\u00e1l\u00f3 gy\u00f6kerei messzire \u00e1gaztak t\u00e9rben \u00e9s id\u0151ben, am\u00edg az aj\u00e1nd\u00e9kba kapott els\u0151 doboz sz\u00ednes kr\u00e9t\u00e1val a tiszta falakra, ker\u00edt\u00e9sekre rajzolt k\u00e9pekt\u0151l maga is eljutott az ecsetig, a palett\u00e1ig.<\/p>\n<p><img loading=\"lazy\" decoding=\"async\" class=\"size-medium wp-image-3933 alignleft\" src=\"http:\/\/egerhaziimre.magex.hu\/wp-content\/uploads\/kepek\/133-300x237.jpg\" alt=\"Thi\u00e9rachei eml\u00e9k\" width=\"300\" height=\"237\" srcset=\"https:\/\/egerhaziimre.hu\/wp-content\/uploads\/kepek\/133-300x237.jpg 300w, https:\/\/egerhaziimre.hu\/wp-content\/uploads\/kepek\/133-1024x809.jpg 1024w, https:\/\/egerhaziimre.hu\/wp-content\/uploads\/kepek\/133-768x607.jpg 768w, https:\/\/egerhaziimre.hu\/wp-content\/uploads\/kepek\/133-1536x1214.jpg 1536w, https:\/\/egerhaziimre.hu\/wp-content\/uploads\/kepek\/133.jpg 2000w\" sizes=\"auto, (max-width: 300px) 100vw, 300px\" \/><\/p>\n<p>J\u00f3l megk\u00fcl\u00f6nb\u00f6ztethet\u0151, felismerhet\u0151 fest\u0151i vil\u00e1got, egy\u00e9ni k\u00e9p\u00edr\u00e1st alak\u00edtott ki. Nem mondhatjuk, hogy el\u0151zm\u00e9nyek n\u00e9lk\u00fcli m\u00f3don: k\u00e9peinek szerkeszt\u00e9si rendj\u00e9t a n\u00e9pm\u0171v\u00e9szet, a szecesszi\u00f3 alak\u00edtotta, sz\u00ednkult\u00far\u00e1j\u00e1ra a posztimpresszionizmus hatott, m\u0171v\u00e9szi magatart\u00e1s\u00e1t az alf\u00f6ldi fest\u00e9szet form\u00e1lta, a v\u00e9geredm\u00e9ny azonban m\u00e1r \u00c9gerh\u00e1zi Imre fest\u0151i modor\u00e1t jellemzi.<br \/>\nDe nemcsak a technikai \u00e9s szerkeszt\u00e9si, kompoz\u00edcion\u00e1lis jellegzetess\u00e9gekben, hanem a bels\u0151 k\u00e9sztet\u00e9s \u00f6szt\u00f6n\u00f6zte t\u00e9mav\u00e1laszt\u00e1sban, az \u0151szinte fogalmaz\u00e1sban is saj\u00e1tosak m\u0171vei. Eredend\u0151en \u00e9s meghat\u00e1roz\u00f3an saj\u00e1t \u00e9let-, t\u00e1j-, k\u00f6z\u00f6ss\u00e9gi-, szem\u00e9lyes \u00e9lm\u00e9nyei form\u00e1lt\u00e1k m\u0171v\u00e9szet\u00e9t. A hat\u00e1rozott m\u0171v\u00e9szi szerkeszt\u00e9s, \u00e9p\u00edtkez\u00e9s, absztrah\u00e1l\u00e1s ellen\u00e9re sem idegenek, elvontak k\u00e9pei, mert a kifejez\u00e9s sz\u00e1nd\u00e9k\u00e1val kiemelt jelens\u00e9gek, t\u00e1jak, emberek, h\u00e1zak, eszk\u00f6z\u00f6k, jelek val\u00f3s\u00e1gos tartalmakat id\u00e9znek. A t\u00f6mbszer\u0171, kont\u00farozott, er\u0151teljes form\u00e1k, alakok \u00e9s a finomabb, bens\u0151s\u00e9gesebb hangulatok egyar\u00e1nt azzal az apr\u00f3, atomikus elemekkel el\u0151adott fel\u00fcletkezel\u00e9ssel \u00e9p\u00fclnek fel, amelyet \u2013 jellegzetess\u00e9 t\u00e9ve k\u00e9peit \u2013 saj\u00e1tos pointillizmussal alkalmazott.<br \/>\nA sz\u00edn\u00e9p\u00edtkez\u00e9snek ez a m\u00f3dja n\u00e1la a m\u0171v\u00e9szi mondanival\u00f3t szolg\u00e1lja: a mesesz\u00f6v\u00e9s r\u00e9szletez\u0151 apr\u00f3l\u00e9koss\u00e1ga vezeti a n\u00e9z\u0151t \u00e9s nem somm\u00e1s kijelent\u00e9sek s\u00falya nehezedik r\u00e1. A k\u00e9pmez\u0151 teljes fel\u00fclet\u00e9n harmoniz\u00e1l\u00f3dnak eg\u00e9ssz\u00e9 a r\u00e9szletek. L\u00e9trej\u00f6n az \u00fagynevezett \u00c9gerh\u00e1zi festm\u00e9ny.<\/p>\n<p><img loading=\"lazy\" decoding=\"async\" class=\"size-medium wp-image-562 alignright\" src=\"http:\/\/egerhaziimre.magex.hu\/wp-content\/uploads\/2019\/08\/0009_latomasII60x80_RGB_4000pix-300x226.jpg\" alt=\"\" width=\"300\" height=\"226\" srcset=\"https:\/\/egerhaziimre.hu\/wp-content\/uploads\/2019\/08\/0009_latomasII60x80_RGB_4000pix-300x226.jpg 300w, https:\/\/egerhaziimre.hu\/wp-content\/uploads\/2019\/08\/0009_latomasII60x80_RGB_4000pix-750x564.jpg 750w, https:\/\/egerhaziimre.hu\/wp-content\/uploads\/2019\/08\/0009_latomasII60x80_RGB_4000pix-600x451.jpg 600w, https:\/\/egerhaziimre.hu\/wp-content\/uploads\/2019\/08\/0009_latomasII60x80_RGB_4000pix-768x578.jpg 768w, https:\/\/egerhaziimre.hu\/wp-content\/uploads\/2019\/08\/0009_latomasII60x80_RGB_4000pix-1024x770.jpg 1024w\" sizes=\"auto, (max-width: 300px) 100vw, 300px\" \/><\/p>\n<p>Van egy k\u00e9psorozata, amelyet azut\u00e1n k\u00e9sz\u00edtett, mikor egy infarktus ut\u00e1n a t\u00falvil\u00e1g kapuj\u00e1b\u00f3l visszat\u00e9rt. Sokan mondt\u00e1k m\u00e1r el szavakkal, akik hasonl\u00f3t \u00e1t\u00e9ltek, de az \u00e1ltala festett k\u00e9pek, mert egy fest\u0151 l\u00e1tom\u00e1sai, a hiteless\u00e9g erej\u00e9vel hatnak. Jelk\u00e9pesek sz\u00e1momra ezek a t\u00falvil\u00e1gi \u00fczenetek: ahogy szerette volna fest\u0151 lett, siker\u00fclt neki, nemess\u00e9ge meger\u0151s\u00edttetett, \u00e9s ahol most van \u2013 \u00fagy gondolom \u2013 ott sem sz\u0171nhetett meg annak maradni.<br \/>\n<em>Prokai G\u00e1bor<br \/>\nm\u0171v\u00e9szett\u00f6rt\u00e9n\u00e9sz<\/em><\/p>\n<p>Sz\u00fcl\u0151v\u00e1ros\u00e1val, Hajd\u00fahadh\u00e1zzal, mindig szoros kapcsolatot \u00e1polt, 1985-ben \u00e9letm\u0171v\u00e9nek jelent\u0151s r\u00e9sz\u00e9t adom\u00e1nyozta a telep\u00fcl\u00e9snek, \u00e9s ezt a gy\u0171jtem\u00e9nyt \u00e9lete v\u00e9g\u00e9ig gyarap\u00edtotta. Hajd\u00fahadh\u00e1z alkot\u00f3h\u00e1zat biztos\u00edtott \u00c9gerh\u00e1zi Imr\u00e9nek, amely nem csak m\u0171terem volt, hanem a r\u00e9gi\u00f3 m\u0171v\u00e9szeinek tal\u00e1lkoz\u00f3hely\u00e9v\u00e9 v\u00e1lt. Hal\u00e1la ut\u00e1n az alkot\u00f3h\u00e1z eml\u00e9kh\u00e1zk\u00e9nt m\u0171k\u00f6d\u00f6tt tov\u00e1bb, ahol \u00e9letm\u0171v\u00e9nek jelenleg is t\u00f6bb mint sz\u00e1z kiemelked\u0151 fontoss\u00e1g\u00fa alkot\u00e1sa tekinthet\u0151 meg.<br \/>\n\u00c9gerh\u00e1zi Imre a hajd\u00fahadh\u00e1zi F\u00f6ldi J\u00e1nos K\u00e9t Tan\u00edt\u00e1si Nyelv\u0171 \u00c1ltal\u00e1nos Iskola \u00e9s Alapfok\u00fa M\u0171v\u00e9szeti Iskol\u00e1ban a vil\u00e1gon egyed\u00fcl\u00e1ll\u00f3 pann\u00f3 ki\u00e1ll\u00edt\u00e1st hozott l\u00e9tre. Nemcsak \u0151 festett egykori iskol\u00e1j\u00e1ban k\u00e9t kiemelked\u0151 jelent\u0151s\u00e9g\u0171 pann\u00f3t, hanem megk\u00e9rte erre eur\u00f3pai \u00e9s amerikai m\u0171v\u00e9szbar\u00e1tait is. Meg\u00e1lmod\u00f3ja \u00e9s l\u00e9trehoz\u00f3ja volt a Hajd\u00fahadh\u00e1zi Gal\u00e9ri\u00e1nak is. Sokat tett a v\u00e1ros\u00e9rt m\u0171v\u00e9szk\u00e9nt \u00e9s m\u0171v\u00e9szeti szervez\u0151k\u00e9nt, valamint a fiatalok elk\u00f6telezett t\u00e1mogat\u00f3jak\u00e9nt egyar\u00e1nt. Mindezt elismerve Hajd\u00fahadh\u00e1z 1992-ben d\u00edszpolg\u00e1ri c\u00edmet adom\u00e1nyozott a fest\u0151m\u0171v\u00e9sznek.<\/p>\n<p><img loading=\"lazy\" decoding=\"async\" class=\"size-medium wp-image-9670 alignleft\" src=\"http:\/\/egerhaziimre.magex.hu\/wp-content\/uploads\/2020\/09\/1049-300x195.jpg\" alt=\"\" width=\"300\" height=\"195\" srcset=\"https:\/\/egerhaziimre.hu\/wp-content\/uploads\/2020\/09\/1049-300x195.jpg 300w, https:\/\/egerhaziimre.hu\/wp-content\/uploads\/2020\/09\/1049.jpg 640w\" sizes=\"auto, (max-width: 300px) 100vw, 300px\" \/>\u00c9gerh\u00e1zi Imre 1962-t\u0151l t\u00f6bb mint sz\u00e1z egy\u00e9ni \u00e9s n\u00e9gysz\u00e1z csoportos ki\u00e1ll\u00edt\u00e1son mutatkozott be a nagyvil\u00e1gnak, amelynek sor\u00e1n Magyarorsz\u00e1gr\u00f3l Eur\u00f3p\u00e1n \u00e1t, az Egyes\u00fclt \u00c1llamokon kereszt\u00fcl eg\u00e9szen Jap\u00e1nig jutottak el a k\u00e9pei.M\u0171v\u00e9szet\u00e9nek sz\u00ednes palett\u00e1j\u00e1val szolg\u00e1lta \u00e9s kifogyhatatlan energi\u00e1val, munkab\u00edr\u00e1ssal szervezte sz\u00fcl\u0151f\u00f6ldj\u00e9nek bekapcsol\u00e1s\u00e1t a hazai \u00e9s a nemzetk\u00f6zi m\u0171v\u00e9szeti \u00e9letbe. Kezdem\u00e9nyezett \u00e9s k\u00f6zrem\u0171k\u00f6d\u00f6tt a m\u0171v\u00e9sztelepek \u00e9s alkot\u00f3k\u00f6z\u00f6ss\u00e9gek \u00e9letre h\u00edv\u00e1s\u00e1ban \u2013 azt\u00e1n v\u00e9gezte f\u00e1radhatatlanul az ezzel j\u00e1r\u00f3 ezernyi tennival\u00f3t \u2013 m\u0171egy\u00fcttesek l\u00e9trehoz\u00e1s\u00e1nak volt szellemi ir\u00e1ny\u00edt\u00f3ja.<\/p>\n<p>1964-ben alap\u00edt\u00f3 tagja volt a Hajd\u00fab\u00f6sz\u00f6rm\u00e9nyi Nemzet-k\u00f6zi M\u0171v\u00e9sztelepnek, ahol harminc \u00e9ven kereszt\u00fcl dolgozott.<br \/>\nA 70-es \u00e9vek elej\u00e9t\u0151l k\u00e9t \u00e9vtizeden \u00e1t r\u00e9sztvev\u0151je volt az \u00dczemi T\u00e1rlatok ki\u00e1ll\u00edt\u00e1s-sorozatnak, amit az utols\u00f3 t\u00edz \u00e9vben m\u00e1r \u0151 vezetett.<br \/>\n1982-t\u0151l \u00fajraszervezte, \u00e9s hal\u00e1l\u00e1ig ir\u00e1ny\u00edtotta a Hortob\u00e1gyi Alkot\u00f3t\u00e1bort. Ir\u00e1ny\u00edt\u00e1sa alatt a telep az egyik legbefoly\u00e1sosabb hazai m\u0171helly\u00e9 n\u0151tte ki mag\u00e1t, p\u00e1r \u00e9ven bel\u00fcl pedig nemzetk\u00f6zileg is elismert kol\u00f3ni\u00e1v\u00e1 v\u00e1lt, ahol fest\u0151k \u00e9s fot\u00f3m\u0171v\u00e9szek dolgoztak. A hat\u00e1ron t\u00fali magyar m\u0171v\u00e9szek legkiemelked\u0151bb magyarorsz\u00e1gi patr\u00f3nusak\u00e9nt tartott\u00e1k sz\u00e1mon a 60-as \u00e9vek v\u00e9g\u00e9t\u0151l eg\u00e9szen hal\u00e1l\u00e1ig. Mindk\u00e9t m\u0171v\u00e9sztelepre \u2013 dacolva a rendszerv\u00e1lt\u00e1s el\u0151tti hatalommal \u2013 szem\u00e9lyesen h\u00edvta meg k\u00f6rnyez\u0151 orsz\u00e1gok magyar m\u0171v\u00e9szeit, akiket nyugodt alkot\u00f3i k\u00f6r\u00fclm\u00e9nyekkel, ki\u00e1ll\u00edt\u00e1si lehet\u0151s\u00e9ggel, katal\u00f3gussal, anyagi t\u00e1mogat\u00e1ssal \u00e9s kapcsolat\u00e9p\u00edt\u00e9ssel seg\u00edtett. \u00c9vtizedeken \u00e1t egyed\u00fcl\u00e1ll\u00f3, nyitott m\u0171v\u00e9szeti k\u00f6z\u00f6ss\u00e9geket \u00e9p\u00edtett magyar fest\u0151kb\u0151l, grafikusokb\u00f3l \u00e9s fot\u00f3sokb\u00f3l, akikhez nagy l\u00e9tsz\u00e1mban csatlakoztak m\u0171v\u00e9szek a vil\u00e1g minden t\u00e1j\u00e1r\u00f3l. Ezzel a Hajd\u00fas\u00e1got \u00e9s a Hortob\u00e1gyot bekapcsolta a m\u0171v\u00e9szet nemzetk\u00f6zi v\u00e9rkering\u00e9s\u00e9be.<\/p>\n<p><img loading=\"lazy\" decoding=\"async\" class=\"size-full wp-image-7724 alignleft\" src=\"http:\/\/egerhaziimre.magex.hu\/wp-content\/uploads\/2020\/07\/gyergyoszarhegy_05.jpg\" alt=\"\" width=\"226\" height=\"235\" \/>\u00c9gerh\u00e1zi Imre a m\u0171v\u00e9sztelepeken v\u00e9gzett munk\u00e1ja \u00e9s fest\u0151i min\u0151s\u00e9ge r\u00e9v\u00e9n gyakran kapott megh\u00edv\u00e1sokat k\u00fclf\u00f6ldi alkot\u00f3t\u00e1borokba. Rendszeresen j\u00e1rt Gyergy\u00f3sz\u00e1rhegyre \u00e9s Nagyb\u00e1ny\u00e1ra (Rom\u00e1nia). Tov\u00e1bbi nemzetk\u00f6zi m\u0171v\u00e9sztelepek, ahol \u00c9gerh\u00e1zi Imre jelent\u0151s id\u0151t t\u00f6lt\u00f6tt el (a teljess\u00e9g ig\u00e9nye n\u00e9lk\u00fcl): Szabadka (Szerbia), Groznjan (Horv\u00e1torsz\u00e1g), Dubrinics\/Bercs\u00e9nyi-falva,Kamjanka,Munk\u00e1cs (Ukrajna), Potsdam (N\u00e9metor-sz\u00e1g), Kazimierz Dolny, Lublin (Lengyelorsz\u00e1g), Bessans, St. Michel (Franciaorsz\u00e1g).<br \/>\nTanulm\u00e1ny\u00faton volt: Sumenben (Bulg\u00e1ri\u00e1ban), Klaipeda, Neringa v\u00e1rosokban (Litv\u00e1ni\u00e1ban), Jyvaskylaben (Finnorsz\u00e1gban).<br \/>\nT\u00f6bb ilyen utat Debrecen v\u00e1rosa tett lehet\u0151v\u00e9 sz\u00e1m\u00e1ra, ezzel is elismerve munk\u00e1ss\u00e1g\u00e1t \u00e9s tov\u00e1bb \u00f6szt\u00f6n\u00f6zve \u0151t az alkot\u00e1sra.<br \/>\nA 90-es \u00e9vekben a franciaorsz\u00e1gi St. Michelben a Les Europ\u00e9ennes de l\u2019Art en Thi\u00e9rache tiszteletbeli eln\u00f6k\u00e9v\u00e9 v\u00e1lasztott\u00e1k.<\/p>\n<p>\u00c9gerh\u00e1zi Imr\u00e9t m\u00e1r az ezredfordul\u00f3n az Alf\u00f6ld egyik vezet\u0151 mesterek\u00e9nt tartott\u00e1k sz\u00e1mon. M\u0171v\u00e9szet\u00e9t \u00e9s m\u0171v\u00e9szeti szervez\u0151tev\u00e9kenys\u00e9g\u00e9t Magyarorsz\u00e1gon \u00e9s a hat\u00e1rainkon t\u00fal is egyar\u00e1nt elismert\u00e9k.<br \/>\n\u00c9lete v\u00e9g\u00e9ig t\u00f6retlen lend\u00fclettel dolgozott, 1985-ig hivatalnoki \u00e1ll\u00e1sa mellett, hiszen csak nyugd\u00edjas kor\u00e1ra adatott meg neki, hogy kiz\u00e1r\u00f3lag a fest\u00e9szetre \u00e9s a m\u0171v\u00e9sztelepek szervez\u00e9si munk\u00e1ira \u00f6sszpontos\u00edthasson. Csal\u00e1dja anyagi biztons\u00e1g\u00e1t m\u00e9g az alkot\u00f3i munk\u00e1j\u00e1n\u00e1l is fontosabbnak tartotta. Saj\u00e1t m\u0171v\u00e9szet\u00e9nek menedzsel\u00e9se mellett sokat tett a m\u0171v\u00e9sz k\u00f6z\u00f6ss\u00e9gek\u00e9rt, koll\u00e9g\u00e1k\u00e9rt. Ez\u00e9rt tisztelt\u00e9k \u00e9s szerett\u00e9k sokan az \u00e1tlagosn\u00e1l sokkal jobban.<br \/>\n\u00c9lete sor\u00e1n huszonegy \u00e1llami \u00e9s szakmai kit\u00fcntet\u00e9sben r\u00e9szes\u00fclt. K\u00e9pei megtal\u00e1lhat\u00f3k az \u00c9gerh\u00e1zi csal\u00e1d tulajdon\u00e1ban, a Magyar Nemzeti Gal\u00e9ri\u00e1ban, a debreceni D\u00e9ri M\u00fazeumban, k\u00fcl\u00f6nb\u00f6z\u0151 jelent\u0151s hazai \u00e9s nemzetk\u00f6zi m\u00fazeumokban, k\u00f6zint\u00e9zm\u00e9nyekben, valamint gy\u0171jt\u0151kn\u00e9l. \u00c9letm\u0171v\u00e9t a hajd\u00fahadh\u00e1zi \u00c9gerh\u00e1zi Imre Eml\u00e9kh\u00e1z \u0151rzi.[\/vc_column_text][vc_separator][vc_video link=&#8221;https:\/\/youtu.be\/l8BwaHelO7s&#8221; el_width=&#8221;80&#8243; align=&#8221;center&#8221;][\/vc_column][\/vc_row]\n<\/div>","protected":false},"excerpt":{"rendered":"<p>[vc_row css=&#8221;.vc_custom_1572003922070{margin-bottom: -100px !important;}&#8221;][vc_column width=&#8221;1\/6&#8243;][vc_single_image image=&#8221;1162&#8243; img_size=&#8221;medium&#8221; alignment=&#8221;right&#8221;][\/vc_column][vc_column width=&#8221;5\/6&#8243;][vc_column_text] \u00c9gerh\u00e1zi Imre fest\u0151m\u0171v\u00e9sz (1925 &#8211; 2001) \u00c9gerh\u00e1zi Imr\u00e9t m\u00e1r az ezredfordul\u00f3n az Alf\u00f6ld egyik vezet\u0151 mesterek\u00e9nt tartott\u00e1k sz\u00e1mon. M\u0171v\u00e9szete \u00e9s m\u0171v\u00e9szeti szervez\u0151tev\u00e9kenys\u00e9ge Magyarorsz\u00e1gon \u00e9s a hat\u00e1ron t\u00fal is nagy elismer\u00e9sben r\u00e9szes\u00fclt. Hajd\u00fahadh\u00e1zon sz\u00fcletett 1925-ben. K\u00e9pz\u0151m\u0171v\u00e9szeti szakiskol\u00e1ban tanult Debrecenben, mestere Menyh\u00e1rt J\u00f3zsef volt. Sok orsz\u00e1gban volt tanulm\u00e1ny\u00faton. K\u00e9pei megtal\u00e1lhat\u00f3k hazai \u00e9s k\u00fclf\u00f6ldi [&hellip;]<\/p>\n","protected":false},"author":4,"featured_media":387,"parent":0,"menu_order":0,"comment_status":"closed","ping_status":"closed","template":"","meta":{"footnotes":""},"categories":[11,27],"tags":[],"class_list":["post-10","page","type-page","status-publish","has-post-thumbnail","hentry","category-eletrajz","category-listaoldal"],"yoast_head":"<!-- This site is optimized with the Yoast SEO plugin v27.3 - https:\/\/yoast.com\/product\/yoast-seo-wordpress\/ -->\n<title>\u00c9letrajz - \u00c9gerh\u00e1zi Imre<\/title>\n<meta name=\"robots\" content=\"index, follow, max-snippet:-1, max-image-preview:large, max-video-preview:-1\" \/>\n<link rel=\"canonical\" href=\"https:\/\/egerhaziimre.hu\/index.php\/eletrajz\/\" \/>\n<meta property=\"og:locale\" content=\"hu_HU\" \/>\n<meta property=\"og:type\" content=\"article\" \/>\n<meta property=\"og:title\" content=\"\u00c9letrajz - \u00c9gerh\u00e1zi Imre\" \/>\n<meta property=\"og:description\" content=\"[vc_row css=&#8221;.vc_custom_1572003922070{margin-bottom: -100px !important;}&#8221;][vc_column width=&#8221;1\/6&#8243;][vc_single_image image=&#8221;1162&#8243; img_size=&#8221;medium&#8221; alignment=&#8221;right&#8221;][\/vc_column][vc_column width=&#8221;5\/6&#8243;][vc_column_text] \u00c9gerh\u00e1zi Imre fest\u0151m\u0171v\u00e9sz (1925 &#8211; 2001) \u00c9gerh\u00e1zi Imr\u00e9t m\u00e1r az ezredfordul\u00f3n az Alf\u00f6ld egyik vezet\u0151 mesterek\u00e9nt tartott\u00e1k sz\u00e1mon. M\u0171v\u00e9szete \u00e9s m\u0171v\u00e9szeti szervez\u0151tev\u00e9kenys\u00e9ge Magyarorsz\u00e1gon \u00e9s a hat\u00e1ron t\u00fal is nagy elismer\u00e9sben r\u00e9szes\u00fclt. Hajd\u00fahadh\u00e1zon sz\u00fcletett 1925-ben. K\u00e9pz\u0151m\u0171v\u00e9szeti szakiskol\u00e1ban tanult Debrecenben, mestere Menyh\u00e1rt J\u00f3zsef volt. Sok orsz\u00e1gban volt tanulm\u00e1ny\u00faton. K\u00e9pei megtal\u00e1lhat\u00f3k hazai \u00e9s k\u00fclf\u00f6ldi [&hellip;]\" \/>\n<meta property=\"og:url\" content=\"https:\/\/egerhaziimre.hu\/index.php\/eletrajz\/\" \/>\n<meta property=\"og:site_name\" content=\"\u00c9gerh\u00e1zi Imre\" \/>\n<meta property=\"article:modified_time\" content=\"2025-09-02T14:00:41+00:00\" \/>\n<meta property=\"og:image\" content=\"https:\/\/egerhaziimre.hu\/wp-content\/uploads\/2019\/07\/ei_kiemelt_kep_eletrajz.jpg\" \/>\n\t<meta property=\"og:image:width\" content=\"1920\" \/>\n\t<meta property=\"og:image:height\" content=\"1080\" \/>\n\t<meta property=\"og:image:type\" content=\"image\/jpeg\" \/>\n<meta name=\"twitter:card\" content=\"summary_large_image\" \/>\n<meta name=\"twitter:label1\" content=\"Becs\u00fclt olvas\u00e1si id\u0151\" \/>\n\t<meta name=\"twitter:data1\" content=\"9 perc\" \/>\n<script type=\"application\/ld+json\" class=\"yoast-schema-graph\">{\"@context\":\"https:\\\/\\\/schema.org\",\"@graph\":[{\"@type\":\"WebPage\",\"@id\":\"https:\\\/\\\/egerhaziimre.hu\\\/index.php\\\/eletrajz\\\/\",\"url\":\"https:\\\/\\\/egerhaziimre.hu\\\/index.php\\\/eletrajz\\\/\",\"name\":\"\u00c9letrajz - \u00c9gerh\u00e1zi Imre\",\"isPartOf\":{\"@id\":\"https:\\\/\\\/egerhaziimre.hu\\\/#website\"},\"primaryImageOfPage\":{\"@id\":\"https:\\\/\\\/egerhaziimre.hu\\\/index.php\\\/eletrajz\\\/#primaryimage\"},\"image\":{\"@id\":\"https:\\\/\\\/egerhaziimre.hu\\\/index.php\\\/eletrajz\\\/#primaryimage\"},\"thumbnailUrl\":\"https:\\\/\\\/egerhaziimre.hu\\\/wp-content\\\/uploads\\\/2019\\\/07\\\/ei_kiemelt_kep_eletrajz.jpg\",\"datePublished\":\"2019-07-23T13:00:47+00:00\",\"dateModified\":\"2025-09-02T14:00:41+00:00\",\"breadcrumb\":{\"@id\":\"https:\\\/\\\/egerhaziimre.hu\\\/index.php\\\/eletrajz\\\/#breadcrumb\"},\"inLanguage\":\"hu\",\"potentialAction\":[{\"@type\":\"ReadAction\",\"target\":[\"https:\\\/\\\/egerhaziimre.hu\\\/index.php\\\/eletrajz\\\/\"]}]},{\"@type\":\"ImageObject\",\"inLanguage\":\"hu\",\"@id\":\"https:\\\/\\\/egerhaziimre.hu\\\/index.php\\\/eletrajz\\\/#primaryimage\",\"url\":\"https:\\\/\\\/egerhaziimre.hu\\\/wp-content\\\/uploads\\\/2019\\\/07\\\/ei_kiemelt_kep_eletrajz.jpg\",\"contentUrl\":\"https:\\\/\\\/egerhaziimre.hu\\\/wp-content\\\/uploads\\\/2019\\\/07\\\/ei_kiemelt_kep_eletrajz.jpg\",\"width\":1920,\"height\":1080},{\"@type\":\"BreadcrumbList\",\"@id\":\"https:\\\/\\\/egerhaziimre.hu\\\/index.php\\\/eletrajz\\\/#breadcrumb\",\"itemListElement\":[{\"@type\":\"ListItem\",\"position\":1,\"name\":\"Home\",\"item\":\"https:\\\/\\\/egerhaziimre.hu\\\/\"},{\"@type\":\"ListItem\",\"position\":2,\"name\":\"\u00c9letrajz\"}]},{\"@type\":\"WebSite\",\"@id\":\"https:\\\/\\\/egerhaziimre.hu\\\/#website\",\"url\":\"https:\\\/\\\/egerhaziimre.hu\\\/\",\"name\":\"\u00c9gerh\u00e1zi Imre\",\"description\":\"\",\"potentialAction\":[{\"@type\":\"SearchAction\",\"target\":{\"@type\":\"EntryPoint\",\"urlTemplate\":\"https:\\\/\\\/egerhaziimre.hu\\\/?s={search_term_string}\"},\"query-input\":{\"@type\":\"PropertyValueSpecification\",\"valueRequired\":true,\"valueName\":\"search_term_string\"}}],\"inLanguage\":\"hu\"}]}<\/script>\n<!-- \/ Yoast SEO plugin. -->","yoast_head_json":{"title":"\u00c9letrajz - \u00c9gerh\u00e1zi Imre","robots":{"index":"index","follow":"follow","max-snippet":"max-snippet:-1","max-image-preview":"max-image-preview:large","max-video-preview":"max-video-preview:-1"},"canonical":"https:\/\/egerhaziimre.hu\/index.php\/eletrajz\/","og_locale":"hu_HU","og_type":"article","og_title":"\u00c9letrajz - \u00c9gerh\u00e1zi Imre","og_description":"[vc_row css=&#8221;.vc_custom_1572003922070{margin-bottom: -100px !important;}&#8221;][vc_column width=&#8221;1\/6&#8243;][vc_single_image image=&#8221;1162&#8243; img_size=&#8221;medium&#8221; alignment=&#8221;right&#8221;][\/vc_column][vc_column width=&#8221;5\/6&#8243;][vc_column_text] \u00c9gerh\u00e1zi Imre fest\u0151m\u0171v\u00e9sz (1925 &#8211; 2001) \u00c9gerh\u00e1zi Imr\u00e9t m\u00e1r az ezredfordul\u00f3n az Alf\u00f6ld egyik vezet\u0151 mesterek\u00e9nt tartott\u00e1k sz\u00e1mon. M\u0171v\u00e9szete \u00e9s m\u0171v\u00e9szeti szervez\u0151tev\u00e9kenys\u00e9ge Magyarorsz\u00e1gon \u00e9s a hat\u00e1ron t\u00fal is nagy elismer\u00e9sben r\u00e9szes\u00fclt. Hajd\u00fahadh\u00e1zon sz\u00fcletett 1925-ben. K\u00e9pz\u0151m\u0171v\u00e9szeti szakiskol\u00e1ban tanult Debrecenben, mestere Menyh\u00e1rt J\u00f3zsef volt. Sok orsz\u00e1gban volt tanulm\u00e1ny\u00faton. K\u00e9pei megtal\u00e1lhat\u00f3k hazai \u00e9s k\u00fclf\u00f6ldi [&hellip;]","og_url":"https:\/\/egerhaziimre.hu\/index.php\/eletrajz\/","og_site_name":"\u00c9gerh\u00e1zi Imre","article_modified_time":"2025-09-02T14:00:41+00:00","og_image":[{"width":1920,"height":1080,"url":"https:\/\/egerhaziimre.hu\/wp-content\/uploads\/2019\/07\/ei_kiemelt_kep_eletrajz.jpg","type":"image\/jpeg"}],"twitter_card":"summary_large_image","twitter_misc":{"Becs\u00fclt olvas\u00e1si id\u0151":"9 perc"},"schema":{"@context":"https:\/\/schema.org","@graph":[{"@type":"WebPage","@id":"https:\/\/egerhaziimre.hu\/index.php\/eletrajz\/","url":"https:\/\/egerhaziimre.hu\/index.php\/eletrajz\/","name":"\u00c9letrajz - \u00c9gerh\u00e1zi Imre","isPartOf":{"@id":"https:\/\/egerhaziimre.hu\/#website"},"primaryImageOfPage":{"@id":"https:\/\/egerhaziimre.hu\/index.php\/eletrajz\/#primaryimage"},"image":{"@id":"https:\/\/egerhaziimre.hu\/index.php\/eletrajz\/#primaryimage"},"thumbnailUrl":"https:\/\/egerhaziimre.hu\/wp-content\/uploads\/2019\/07\/ei_kiemelt_kep_eletrajz.jpg","datePublished":"2019-07-23T13:00:47+00:00","dateModified":"2025-09-02T14:00:41+00:00","breadcrumb":{"@id":"https:\/\/egerhaziimre.hu\/index.php\/eletrajz\/#breadcrumb"},"inLanguage":"hu","potentialAction":[{"@type":"ReadAction","target":["https:\/\/egerhaziimre.hu\/index.php\/eletrajz\/"]}]},{"@type":"ImageObject","inLanguage":"hu","@id":"https:\/\/egerhaziimre.hu\/index.php\/eletrajz\/#primaryimage","url":"https:\/\/egerhaziimre.hu\/wp-content\/uploads\/2019\/07\/ei_kiemelt_kep_eletrajz.jpg","contentUrl":"https:\/\/egerhaziimre.hu\/wp-content\/uploads\/2019\/07\/ei_kiemelt_kep_eletrajz.jpg","width":1920,"height":1080},{"@type":"BreadcrumbList","@id":"https:\/\/egerhaziimre.hu\/index.php\/eletrajz\/#breadcrumb","itemListElement":[{"@type":"ListItem","position":1,"name":"Home","item":"https:\/\/egerhaziimre.hu\/"},{"@type":"ListItem","position":2,"name":"\u00c9letrajz"}]},{"@type":"WebSite","@id":"https:\/\/egerhaziimre.hu\/#website","url":"https:\/\/egerhaziimre.hu\/","name":"\u00c9gerh\u00e1zi Imre","description":"","potentialAction":[{"@type":"SearchAction","target":{"@type":"EntryPoint","urlTemplate":"https:\/\/egerhaziimre.hu\/?s={search_term_string}"},"query-input":{"@type":"PropertyValueSpecification","valueRequired":true,"valueName":"search_term_string"}}],"inLanguage":"hu"}]}},"jetpack_sharing_enabled":true,"_links":{"self":[{"href":"https:\/\/egerhaziimre.hu\/index.php\/wp-json\/wp\/v2\/pages\/10","targetHints":{"allow":["GET"]}}],"collection":[{"href":"https:\/\/egerhaziimre.hu\/index.php\/wp-json\/wp\/v2\/pages"}],"about":[{"href":"https:\/\/egerhaziimre.hu\/index.php\/wp-json\/wp\/v2\/types\/page"}],"author":[{"embeddable":true,"href":"https:\/\/egerhaziimre.hu\/index.php\/wp-json\/wp\/v2\/users\/4"}],"replies":[{"embeddable":true,"href":"https:\/\/egerhaziimre.hu\/index.php\/wp-json\/wp\/v2\/comments?post=10"}],"version-history":[{"count":58,"href":"https:\/\/egerhaziimre.hu\/index.php\/wp-json\/wp\/v2\/pages\/10\/revisions"}],"predecessor-version":[{"id":19498,"href":"https:\/\/egerhaziimre.hu\/index.php\/wp-json\/wp\/v2\/pages\/10\/revisions\/19498"}],"wp:featuredmedia":[{"embeddable":true,"href":"https:\/\/egerhaziimre.hu\/index.php\/wp-json\/wp\/v2\/media\/387"}],"wp:attachment":[{"href":"https:\/\/egerhaziimre.hu\/index.php\/wp-json\/wp\/v2\/media?parent=10"}],"wp:term":[{"taxonomy":"category","embeddable":true,"href":"https:\/\/egerhaziimre.hu\/index.php\/wp-json\/wp\/v2\/categories?post=10"},{"taxonomy":"post_tag","embeddable":true,"href":"https:\/\/egerhaziimre.hu\/index.php\/wp-json\/wp\/v2\/tags?post=10"}],"curies":[{"name":"wp","href":"https:\/\/api.w.org\/{rel}","templated":true}]}}