{"id":1004,"date":"2019-08-05T14:55:44","date_gmt":"2019-08-05T12:55:44","guid":{"rendered":"http:\/\/egerhaziimre.magex.hu\/?page_id=1004"},"modified":"2020-08-27T14:47:42","modified_gmt":"2020-08-27T12:47:42","slug":"bojar-ivan-hajdu-bihari-naplo-1971-v-13","status":"publish","type":"page","link":"https:\/\/egerhaziimre.hu\/index.php\/dijak-elismeresek\/bojar-ivan-hajdu-bihari-naplo-1971-v-13\/","title":{"rendered":"Boj\u00e1r Iv\u00e1n, Hajd\u00fa-Bihari Napl\u00f3, 1971. V. 13."},"content":{"rendered":"<div class=\"wpb-content-wrapper\">\r\n<blockquote class=\"wp-block-quote is-layout-flow wp-block-quote-is-layout-flow\"><p>&#8222;&#8230;A t\u00e9mav\u00e1laszt\u00e1s \u00e9s st\u00edlus nyilv\u00e1n nem v\u00e9letlen\u00fcl \u00f6tv\u00f6z\u0151dik fest\u00e9szet\u00e9ben. Sz\u00e1nd\u00e9kosan ny\u00fal vissza a magyar szecesszi\u00f3 azon r\u00e9teg\u00e9hez, amely Toroczkai-Wiegand nev\u00e9vel jelezhet\u0151, csak t\u00e1volabb tart rokons\u00e1got a sz\u00e1zad eleji g\u00f6d\u00f6ll\u0151i iskol\u00e1val.<br><br>&#8230;Ezeket a k\u00e9peit ann\u00e1l is sz\u00edvesebben l\u00e1ttuk, mivel a mostan\u00e1ban elburj\u00e1nzott neoszecesszi\u00f3s \u00e1ramlat franci\u00e1s-osztr\u00e1kos igazol\u00e1s\u00e1val szemben visszatal\u00e1lt a hazai forr\u00e1sokhoz.&#8221;<\/p><cite>Boj\u00e1r Iv\u00e1n<br>Hajd\u00fa-Bihari Napl\u00f3, 1971. V. 13.<\/cite><\/blockquote>\r\n<\/div>","protected":false},"excerpt":{"rendered":"<p>&#8222;&#8230;A t\u00e9mav\u00e1laszt\u00e1s \u00e9s st\u00edlus nyilv\u00e1n nem v\u00e9letlen\u00fcl \u00f6tv\u00f6z\u0151dik fest\u00e9szet\u00e9ben. Sz\u00e1nd\u00e9kosan ny\u00fal vissza a magyar szecesszi\u00f3 azon r\u00e9teg\u00e9hez, amely Toroczkai-Wiegand nev\u00e9vel jelezhet\u0151, csak t\u00e1volabb tart rokons\u00e1got a sz\u00e1zad eleji g\u00f6d\u00f6ll\u0151i iskol\u00e1val. &#8230;Ezeket a k\u00e9peit ann\u00e1l is sz\u00edvesebben l\u00e1ttuk, mivel a mostan\u00e1ban elburj\u00e1nzott neoszecesszi\u00f3s \u00e1ramlat franci\u00e1s-osztr\u00e1kos igazol\u00e1s\u00e1val szemben visszatal\u00e1lt a hazai forr\u00e1sokhoz.&#8221; Boj\u00e1r Iv\u00e1nHajd\u00fa-Bihari Napl\u00f3, 1971. V. 13.<\/p>\n","protected":false},"author":4,"featured_media":0,"parent":31,"menu_order":0,"comment_status":"closed","ping_status":"closed","template":"","meta":{"footnotes":""},"categories":[84],"tags":[92],"class_list":["post-1004","page","type-page","status-publish","hentry","category-kritikak_meltatasok","tag-92"],"yoast_head":"<!-- This site is optimized with the Yoast SEO plugin v27.3 - https:\/\/yoast.com\/product\/yoast-seo-wordpress\/ -->\n<title>Boj\u00e1r Iv\u00e1n, Hajd\u00fa-Bihari Napl\u00f3, 1971. V. 13. - \u00c9gerh\u00e1zi Imre<\/title>\n<meta name=\"robots\" content=\"index, follow, max-snippet:-1, max-image-preview:large, max-video-preview:-1\" \/>\n<link rel=\"canonical\" href=\"https:\/\/egerhaziimre.hu\/index.php\/dijak-elismeresek\/bojar-ivan-hajdu-bihari-naplo-1971-v-13\/?lang=en\" \/>\n<meta property=\"og:locale\" content=\"hu_HU\" \/>\n<meta property=\"og:type\" content=\"article\" \/>\n<meta property=\"og:title\" content=\"Boj\u00e1r Iv\u00e1n, Hajd\u00fa-Bihari Napl\u00f3, 1971. V. 13. - \u00c9gerh\u00e1zi Imre\" \/>\n<meta property=\"og:description\" content=\"&#8222;&#8230;A t\u00e9mav\u00e1laszt\u00e1s \u00e9s st\u00edlus nyilv\u00e1n nem v\u00e9letlen\u00fcl \u00f6tv\u00f6z\u0151dik fest\u00e9szet\u00e9ben. Sz\u00e1nd\u00e9kosan ny\u00fal vissza a magyar szecesszi\u00f3 azon r\u00e9teg\u00e9hez, amely Toroczkai-Wiegand nev\u00e9vel jelezhet\u0151, csak t\u00e1volabb tart rokons\u00e1got a sz\u00e1zad eleji g\u00f6d\u00f6ll\u0151i iskol\u00e1val. &#8230;Ezeket a k\u00e9peit ann\u00e1l is sz\u00edvesebben l\u00e1ttuk, mivel a mostan\u00e1ban elburj\u00e1nzott neoszecesszi\u00f3s \u00e1ramlat franci\u00e1s-osztr\u00e1kos igazol\u00e1s\u00e1val szemben visszatal\u00e1lt a hazai forr\u00e1sokhoz.&#8221; Boj\u00e1r Iv\u00e1nHajd\u00fa-Bihari Napl\u00f3, 1971. V. 13.\" \/>\n<meta property=\"og:url\" content=\"https:\/\/egerhaziimre.hu\/index.php\/dijak-elismeresek\/bojar-ivan-hajdu-bihari-naplo-1971-v-13\/?lang=en\" \/>\n<meta property=\"og:site_name\" content=\"\u00c9gerh\u00e1zi Imre\" \/>\n<meta property=\"article:modified_time\" content=\"2020-08-27T12:47:42+00:00\" \/>\n<meta name=\"twitter:card\" content=\"summary_large_image\" \/>\n<meta name=\"twitter:label1\" content=\"Becs\u00fclt olvas\u00e1si id\u0151\" \/>\n\t<meta name=\"twitter:data1\" content=\"1 perc\" \/>\n<script type=\"application\/ld+json\" class=\"yoast-schema-graph\">{\"@context\":\"https:\\\/\\\/schema.org\",\"@graph\":[{\"@type\":\"WebPage\",\"@id\":\"https:\\\/\\\/egerhaziimre.hu\\\/index.php\\\/dijak-elismeresek\\\/bojar-ivan-hajdu-bihari-naplo-1971-v-13\\\/?lang=en\",\"url\":\"https:\\\/\\\/egerhaziimre.hu\\\/index.php\\\/dijak-elismeresek\\\/bojar-ivan-hajdu-bihari-naplo-1971-v-13\\\/?lang=en\",\"name\":\"Boj\u00e1r Iv\u00e1n, Hajd\u00fa-Bihari Napl\u00f3, 1971. V. 13. - \u00c9gerh\u00e1zi Imre\",\"isPartOf\":{\"@id\":\"https:\\\/\\\/egerhaziimre.hu\\\/#website\"},\"datePublished\":\"2019-08-05T12:55:44+00:00\",\"dateModified\":\"2020-08-27T12:47:42+00:00\",\"breadcrumb\":{\"@id\":\"https:\\\/\\\/egerhaziimre.hu\\\/index.php\\\/dijak-elismeresek\\\/bojar-ivan-hajdu-bihari-naplo-1971-v-13\\\/?lang=en#breadcrumb\"},\"inLanguage\":\"hu\",\"potentialAction\":[{\"@type\":\"ReadAction\",\"target\":[\"https:\\\/\\\/egerhaziimre.hu\\\/index.php\\\/dijak-elismeresek\\\/bojar-ivan-hajdu-bihari-naplo-1971-v-13\\\/?lang=en\"]}]},{\"@type\":\"BreadcrumbList\",\"@id\":\"https:\\\/\\\/egerhaziimre.hu\\\/index.php\\\/dijak-elismeresek\\\/bojar-ivan-hajdu-bihari-naplo-1971-v-13\\\/?lang=en#breadcrumb\",\"itemListElement\":[{\"@type\":\"ListItem\",\"position\":1,\"name\":\"Home\",\"item\":\"https:\\\/\\\/egerhaziimre.hu\\\/\"},{\"@type\":\"ListItem\",\"position\":2,\"name\":\"Awards, recognitions\",\"item\":\"https:\\\/\\\/egerhaziimre.hu\\\/index.php\\\/dijak-elismeresek\\\/?lang=en\"},{\"@type\":\"ListItem\",\"position\":3,\"name\":\"Iv\u00e1n Boj\u00e1r, Hajd\u00fa-Bihari Napl\u00f3, 13 May 1971\"}]},{\"@type\":\"WebSite\",\"@id\":\"https:\\\/\\\/egerhaziimre.hu\\\/#website\",\"url\":\"https:\\\/\\\/egerhaziimre.hu\\\/\",\"name\":\"\u00c9gerh\u00e1zi Imre\",\"description\":\"\",\"potentialAction\":[{\"@type\":\"SearchAction\",\"target\":{\"@type\":\"EntryPoint\",\"urlTemplate\":\"https:\\\/\\\/egerhaziimre.hu\\\/?s={search_term_string}\"},\"query-input\":{\"@type\":\"PropertyValueSpecification\",\"valueRequired\":true,\"valueName\":\"search_term_string\"}}],\"inLanguage\":\"hu\"}]}<\/script>\n<!-- \/ Yoast SEO plugin. -->","yoast_head_json":{"title":"Boj\u00e1r Iv\u00e1n, Hajd\u00fa-Bihari Napl\u00f3, 1971. V. 13. - \u00c9gerh\u00e1zi Imre","robots":{"index":"index","follow":"follow","max-snippet":"max-snippet:-1","max-image-preview":"max-image-preview:large","max-video-preview":"max-video-preview:-1"},"canonical":"https:\/\/egerhaziimre.hu\/index.php\/dijak-elismeresek\/bojar-ivan-hajdu-bihari-naplo-1971-v-13\/?lang=en","og_locale":"hu_HU","og_type":"article","og_title":"Boj\u00e1r Iv\u00e1n, Hajd\u00fa-Bihari Napl\u00f3, 1971. V. 13. - \u00c9gerh\u00e1zi Imre","og_description":"&#8222;&#8230;A t\u00e9mav\u00e1laszt\u00e1s \u00e9s st\u00edlus nyilv\u00e1n nem v\u00e9letlen\u00fcl \u00f6tv\u00f6z\u0151dik fest\u00e9szet\u00e9ben. Sz\u00e1nd\u00e9kosan ny\u00fal vissza a magyar szecesszi\u00f3 azon r\u00e9teg\u00e9hez, amely Toroczkai-Wiegand nev\u00e9vel jelezhet\u0151, csak t\u00e1volabb tart rokons\u00e1got a sz\u00e1zad eleji g\u00f6d\u00f6ll\u0151i iskol\u00e1val. &#8230;Ezeket a k\u00e9peit ann\u00e1l is sz\u00edvesebben l\u00e1ttuk, mivel a mostan\u00e1ban elburj\u00e1nzott neoszecesszi\u00f3s \u00e1ramlat franci\u00e1s-osztr\u00e1kos igazol\u00e1s\u00e1val szemben visszatal\u00e1lt a hazai forr\u00e1sokhoz.&#8221; Boj\u00e1r Iv\u00e1nHajd\u00fa-Bihari Napl\u00f3, 1971. V. 13.","og_url":"https:\/\/egerhaziimre.hu\/index.php\/dijak-elismeresek\/bojar-ivan-hajdu-bihari-naplo-1971-v-13\/?lang=en","og_site_name":"\u00c9gerh\u00e1zi Imre","article_modified_time":"2020-08-27T12:47:42+00:00","twitter_card":"summary_large_image","twitter_misc":{"Becs\u00fclt olvas\u00e1si id\u0151":"1 perc"},"schema":{"@context":"https:\/\/schema.org","@graph":[{"@type":"WebPage","@id":"https:\/\/egerhaziimre.hu\/index.php\/dijak-elismeresek\/bojar-ivan-hajdu-bihari-naplo-1971-v-13\/?lang=en","url":"https:\/\/egerhaziimre.hu\/index.php\/dijak-elismeresek\/bojar-ivan-hajdu-bihari-naplo-1971-v-13\/?lang=en","name":"Boj\u00e1r Iv\u00e1n, Hajd\u00fa-Bihari Napl\u00f3, 1971. V. 13. - \u00c9gerh\u00e1zi Imre","isPartOf":{"@id":"https:\/\/egerhaziimre.hu\/#website"},"datePublished":"2019-08-05T12:55:44+00:00","dateModified":"2020-08-27T12:47:42+00:00","breadcrumb":{"@id":"https:\/\/egerhaziimre.hu\/index.php\/dijak-elismeresek\/bojar-ivan-hajdu-bihari-naplo-1971-v-13\/?lang=en#breadcrumb"},"inLanguage":"hu","potentialAction":[{"@type":"ReadAction","target":["https:\/\/egerhaziimre.hu\/index.php\/dijak-elismeresek\/bojar-ivan-hajdu-bihari-naplo-1971-v-13\/?lang=en"]}]},{"@type":"BreadcrumbList","@id":"https:\/\/egerhaziimre.hu\/index.php\/dijak-elismeresek\/bojar-ivan-hajdu-bihari-naplo-1971-v-13\/?lang=en#breadcrumb","itemListElement":[{"@type":"ListItem","position":1,"name":"Home","item":"https:\/\/egerhaziimre.hu\/"},{"@type":"ListItem","position":2,"name":"Awards, recognitions","item":"https:\/\/egerhaziimre.hu\/index.php\/dijak-elismeresek\/?lang=en"},{"@type":"ListItem","position":3,"name":"Iv\u00e1n Boj\u00e1r, Hajd\u00fa-Bihari Napl\u00f3, 13 May 1971"}]},{"@type":"WebSite","@id":"https:\/\/egerhaziimre.hu\/#website","url":"https:\/\/egerhaziimre.hu\/","name":"\u00c9gerh\u00e1zi Imre","description":"","potentialAction":[{"@type":"SearchAction","target":{"@type":"EntryPoint","urlTemplate":"https:\/\/egerhaziimre.hu\/?s={search_term_string}"},"query-input":{"@type":"PropertyValueSpecification","valueRequired":true,"valueName":"search_term_string"}}],"inLanguage":"hu"}]}},"jetpack_sharing_enabled":true,"_links":{"self":[{"href":"https:\/\/egerhaziimre.hu\/index.php\/wp-json\/wp\/v2\/pages\/1004","targetHints":{"allow":["GET"]}}],"collection":[{"href":"https:\/\/egerhaziimre.hu\/index.php\/wp-json\/wp\/v2\/pages"}],"about":[{"href":"https:\/\/egerhaziimre.hu\/index.php\/wp-json\/wp\/v2\/types\/page"}],"author":[{"embeddable":true,"href":"https:\/\/egerhaziimre.hu\/index.php\/wp-json\/wp\/v2\/users\/4"}],"replies":[{"embeddable":true,"href":"https:\/\/egerhaziimre.hu\/index.php\/wp-json\/wp\/v2\/comments?post=1004"}],"version-history":[{"count":2,"href":"https:\/\/egerhaziimre.hu\/index.php\/wp-json\/wp\/v2\/pages\/1004\/revisions"}],"predecessor-version":[{"id":8824,"href":"https:\/\/egerhaziimre.hu\/index.php\/wp-json\/wp\/v2\/pages\/1004\/revisions\/8824"}],"up":[{"embeddable":true,"href":"https:\/\/egerhaziimre.hu\/index.php\/wp-json\/wp\/v2\/pages\/31"}],"wp:attachment":[{"href":"https:\/\/egerhaziimre.hu\/index.php\/wp-json\/wp\/v2\/media?parent=1004"}],"wp:term":[{"taxonomy":"category","embeddable":true,"href":"https:\/\/egerhaziimre.hu\/index.php\/wp-json\/wp\/v2\/categories?post=1004"},{"taxonomy":"post_tag","embeddable":true,"href":"https:\/\/egerhaziimre.hu\/index.php\/wp-json\/wp\/v2\/tags?post=1004"}],"curies":[{"name":"wp","href":"https:\/\/api.w.org\/{rel}","templated":true}]}}