{"id":1010,"date":"2019-08-05T14:59:15","date_gmt":"2019-08-05T12:59:15","guid":{"rendered":"http:\/\/egerhaziimre.magex.hu\/?page_id=1010"},"modified":"2020-09-02T10:33:57","modified_gmt":"2020-09-02T08:33:57","slug":"tamas-ervin-elhangzott-1972-ben-a-budapesti-kiallitas-megnyitasan","status":"publish","type":"page","link":"https:\/\/egerhaziimre.hu\/index.php\/dijak-elismeresek\/tamas-ervin-elhangzott-1972-ben-a-budapesti-kiallitas-megnyitasan\/","title":{"rendered":"Tam\u00e1s Ervin, Elhangzott 1972-ben, a budapesti ki\u00e1ll\u00edt\u00e1s megnyit\u00e1s\u00e1n"},"content":{"rendered":"<div class=\"wpb-content-wrapper\">[vc_row][vc_column][vc_column_text]\r\n\r\n<blockquote class=\"wp-block-quote is-layout-flow wp-block-quote-is-layout-flow\">\r\n<p>&#8222;&#8230;A n\u00e9pdal t\u00f6m\u00f6r egyszer\u0171s\u00e9g\u00e9vel hatnak a k\u00e9pek&#8230;<\/p>\r\n<p>&#8230;a l\u00e9nyegre val\u00f3 t\u00f6rekv\u00e9s a m\u0171veknek legf\u0151bb er\u00e9nye. Ker\u00fcl minden felesleget, sz\u00ednekben, r\u00e9szletekben an\u00e9lk\u00fcl, hogy ez\u00e1ltal szeg\u00e9ny\u00edten\u00e9 \u00e9lm\u00e9ny\u00e9t. Biztos \u00e9rz\u00e9kkel v\u00e1lasztja ki azt, ami csak a k\u00e9p \u00e1ltal mondhat\u00f3 el&#8230;<\/p>\r\n<p>&#8230;A kompoz\u00edci\u00f3 kiegyens\u00falyozotts\u00e1ga, szerkezetis\u00e9ge, a fel\u00fclet (fakt\u00fara) gondos megmunk\u00e1lts\u00e1ga, a rajzi fegyelmezetts\u00e9g a m\u00e9rlegel\u0151 intellektus jelenl\u00e9t\u00e9r\u0151l vallanak.<\/p>\r\n<p>A visszatartott, hars\u00e1nys\u00e1got ker\u00fcl\u0151 sz\u00ednvil\u00e1g egyfajta szem\u00e9rmes \u00e9rzelmess\u00e9get, l\u00edrais\u00e1got fejez ki. A purit\u00e1ns\u00e1g mutatkozik meg t\u00f6bbek k\u00f6z\u00f6tt abban, hogy a t\u00e9rill\u00fazi\u00f3 helyett, az impresszionisztikus, atmoszferikus perspekt\u00edva helyett, s\u00edkba &#8211; k\u00e9t dimenzi\u00f3ban &#8211; kompon\u00e1l. Nem elk\u00e1pr\u00e1ztatni akar, hanem csendes szeml\u00e9l\u0151d\u00e9sre b\u00edrni. Ez\u00e9rt ker\u00fcli a nagy kontrasztokat. Borong\u00f3s sz\u00ednei, hat\u00e1rozott k\u00f6rvonal\u00fa id\u0151n \u00e1t ki\u00e9rlelt, \u00e9rett, \u00f6nismeretre vall\u00f3, ig\u00e9nyes m\u0171v\u00e9szr\u0151l tan\u00faskodnak. Olyan m\u0171v\u00e9szr\u0151l, aki mindig a val\u00f3s\u00e1gb\u00f3l indul ki, de nem leut\u00e1nozza azt, hanem elm\u00e9ly\u00fclt m\u0171vess\u00e9ggel teszi hozz\u00e1 a maga emberis\u00e9g\u00e9t&#8230;<\/p>\r\n<p>&#8230;Korszer\u0171 eszk\u00f6z\u00f6kkel fejezi ki azt a t\u00e9m\u00e1t, amit bel\u00fclr\u0151l ismer \u00e9s ez\u00e9rt \u0151szint\u00e9n tud vele azonosulni.&#8221;<\/p>\r\n<p><cite>Tam\u00e1s Ervin<br \/>Elhangzott 1972-ben, a budapesti ki\u00e1ll\u00edt\u00e1s megnyit\u00e1s\u00e1n<\/cite><\/p>\r\n<\/blockquote>\r\n[\/vc_column_text][\/vc_column][\/vc_row]<\/div>","protected":false},"excerpt":{"rendered":"<p>[vc_row][vc_column][vc_column_text] &#8222;&#8230;A n\u00e9pdal t\u00f6m\u00f6r egyszer\u0171s\u00e9g\u00e9vel hatnak a k\u00e9pek&#8230; &#8230;a l\u00e9nyegre val\u00f3 t\u00f6rekv\u00e9s a m\u0171veknek legf\u0151bb er\u00e9nye. Ker\u00fcl minden felesleget, sz\u00ednekben, r\u00e9szletekben an\u00e9lk\u00fcl, hogy ez\u00e1ltal szeg\u00e9ny\u00edten\u00e9 \u00e9lm\u00e9ny\u00e9t. Biztos \u00e9rz\u00e9kkel v\u00e1lasztja ki azt, ami csak a k\u00e9p \u00e1ltal mondhat\u00f3 el&#8230; &#8230;A kompoz\u00edci\u00f3 kiegyens\u00falyozotts\u00e1ga, szerkezetis\u00e9ge, a fel\u00fclet (fakt\u00fara) gondos megmunk\u00e1lts\u00e1ga, a rajzi fegyelmezetts\u00e9g a m\u00e9rlegel\u0151 intellektus jelenl\u00e9t\u00e9r\u0151l vallanak. A visszatartott, hars\u00e1nys\u00e1got ker\u00fcl\u0151 sz\u00ednvil\u00e1g [&hellip;]<\/p>\n","protected":false},"author":4,"featured_media":0,"parent":31,"menu_order":0,"comment_status":"closed","ping_status":"closed","template":"","meta":{"footnotes":""},"categories":[84],"tags":[30],"class_list":["post-1010","page","type-page","status-publish","hentry","category-kritikak_meltatasok","tag-30"],"yoast_head":"<!-- This site is optimized with the Yoast SEO plugin v27.3 - https:\/\/yoast.com\/product\/yoast-seo-wordpress\/ -->\n<title>Tam\u00e1s Ervin, Elhangzott 1972-ben, a budapesti ki\u00e1ll\u00edt\u00e1s megnyit\u00e1s\u00e1n - \u00c9gerh\u00e1zi Imre<\/title>\n<meta name=\"robots\" content=\"index, follow, max-snippet:-1, max-image-preview:large, max-video-preview:-1\" \/>\n<link rel=\"canonical\" href=\"https:\/\/egerhaziimre.hu\/index.php\/dijak-elismeresek\/tamas-ervin-elhangzott-1972-ben-a-budapesti-kiallitas-megnyitasan\/?lang=en\" \/>\n<meta property=\"og:locale\" content=\"hu_HU\" \/>\n<meta property=\"og:type\" content=\"article\" \/>\n<meta property=\"og:title\" content=\"Tam\u00e1s Ervin, Elhangzott 1972-ben, a budapesti ki\u00e1ll\u00edt\u00e1s megnyit\u00e1s\u00e1n - \u00c9gerh\u00e1zi Imre\" \/>\n<meta property=\"og:description\" content=\"[vc_row][vc_column][vc_column_text] &#8222;&#8230;A n\u00e9pdal t\u00f6m\u00f6r egyszer\u0171s\u00e9g\u00e9vel hatnak a k\u00e9pek&#8230; &#8230;a l\u00e9nyegre val\u00f3 t\u00f6rekv\u00e9s a m\u0171veknek legf\u0151bb er\u00e9nye. Ker\u00fcl minden felesleget, sz\u00ednekben, r\u00e9szletekben an\u00e9lk\u00fcl, hogy ez\u00e1ltal szeg\u00e9ny\u00edten\u00e9 \u00e9lm\u00e9ny\u00e9t. Biztos \u00e9rz\u00e9kkel v\u00e1lasztja ki azt, ami csak a k\u00e9p \u00e1ltal mondhat\u00f3 el&#8230; &#8230;A kompoz\u00edci\u00f3 kiegyens\u00falyozotts\u00e1ga, szerkezetis\u00e9ge, a fel\u00fclet (fakt\u00fara) gondos megmunk\u00e1lts\u00e1ga, a rajzi fegyelmezetts\u00e9g a m\u00e9rlegel\u0151 intellektus jelenl\u00e9t\u00e9r\u0151l vallanak. A visszatartott, hars\u00e1nys\u00e1got ker\u00fcl\u0151 sz\u00ednvil\u00e1g [&hellip;]\" \/>\n<meta property=\"og:url\" content=\"https:\/\/egerhaziimre.hu\/index.php\/dijak-elismeresek\/tamas-ervin-elhangzott-1972-ben-a-budapesti-kiallitas-megnyitasan\/?lang=en\" \/>\n<meta property=\"og:site_name\" content=\"\u00c9gerh\u00e1zi Imre\" \/>\n<meta property=\"article:modified_time\" content=\"2020-09-02T08:33:57+00:00\" \/>\n<meta name=\"twitter:card\" content=\"summary_large_image\" \/>\n<meta name=\"twitter:label1\" content=\"Becs\u00fclt olvas\u00e1si id\u0151\" \/>\n\t<meta name=\"twitter:data1\" content=\"2 perc\" \/>\n<script type=\"application\/ld+json\" class=\"yoast-schema-graph\">{\"@context\":\"https:\\\/\\\/schema.org\",\"@graph\":[{\"@type\":\"WebPage\",\"@id\":\"https:\\\/\\\/egerhaziimre.hu\\\/index.php\\\/dijak-elismeresek\\\/tamas-ervin-elhangzott-1972-ben-a-budapesti-kiallitas-megnyitasan\\\/?lang=en\",\"url\":\"https:\\\/\\\/egerhaziimre.hu\\\/index.php\\\/dijak-elismeresek\\\/tamas-ervin-elhangzott-1972-ben-a-budapesti-kiallitas-megnyitasan\\\/?lang=en\",\"name\":\"Tam\u00e1s Ervin, Elhangzott 1972-ben, a budapesti ki\u00e1ll\u00edt\u00e1s megnyit\u00e1s\u00e1n - \u00c9gerh\u00e1zi Imre\",\"isPartOf\":{\"@id\":\"https:\\\/\\\/egerhaziimre.hu\\\/#website\"},\"datePublished\":\"2019-08-05T12:59:15+00:00\",\"dateModified\":\"2020-09-02T08:33:57+00:00\",\"breadcrumb\":{\"@id\":\"https:\\\/\\\/egerhaziimre.hu\\\/index.php\\\/dijak-elismeresek\\\/tamas-ervin-elhangzott-1972-ben-a-budapesti-kiallitas-megnyitasan\\\/?lang=en#breadcrumb\"},\"inLanguage\":\"hu\",\"potentialAction\":[{\"@type\":\"ReadAction\",\"target\":[\"https:\\\/\\\/egerhaziimre.hu\\\/index.php\\\/dijak-elismeresek\\\/tamas-ervin-elhangzott-1972-ben-a-budapesti-kiallitas-megnyitasan\\\/?lang=en\"]}]},{\"@type\":\"BreadcrumbList\",\"@id\":\"https:\\\/\\\/egerhaziimre.hu\\\/index.php\\\/dijak-elismeresek\\\/tamas-ervin-elhangzott-1972-ben-a-budapesti-kiallitas-megnyitasan\\\/?lang=en#breadcrumb\",\"itemListElement\":[{\"@type\":\"ListItem\",\"position\":1,\"name\":\"Home\",\"item\":\"https:\\\/\\\/egerhaziimre.hu\\\/\"},{\"@type\":\"ListItem\",\"position\":2,\"name\":\"Awards, recognitions\",\"item\":\"https:\\\/\\\/egerhaziimre.hu\\\/index.php\\\/dijak-elismeresek\\\/?lang=en\"},{\"@type\":\"ListItem\",\"position\":3,\"name\":\"OPENING SPEECH AT IMRE EGERHAZI\u2019S FIRST BUDAPEST EXHIBITION IN 1972 AT MOM BY ERVIN TAM\u00c1S\"}]},{\"@type\":\"WebSite\",\"@id\":\"https:\\\/\\\/egerhaziimre.hu\\\/#website\",\"url\":\"https:\\\/\\\/egerhaziimre.hu\\\/\",\"name\":\"\u00c9gerh\u00e1zi Imre\",\"description\":\"\",\"potentialAction\":[{\"@type\":\"SearchAction\",\"target\":{\"@type\":\"EntryPoint\",\"urlTemplate\":\"https:\\\/\\\/egerhaziimre.hu\\\/?s={search_term_string}\"},\"query-input\":{\"@type\":\"PropertyValueSpecification\",\"valueRequired\":true,\"valueName\":\"search_term_string\"}}],\"inLanguage\":\"hu\"}]}<\/script>\n<!-- \/ Yoast SEO plugin. -->","yoast_head_json":{"title":"Tam\u00e1s Ervin, Elhangzott 1972-ben, a budapesti ki\u00e1ll\u00edt\u00e1s megnyit\u00e1s\u00e1n - \u00c9gerh\u00e1zi Imre","robots":{"index":"index","follow":"follow","max-snippet":"max-snippet:-1","max-image-preview":"max-image-preview:large","max-video-preview":"max-video-preview:-1"},"canonical":"https:\/\/egerhaziimre.hu\/index.php\/dijak-elismeresek\/tamas-ervin-elhangzott-1972-ben-a-budapesti-kiallitas-megnyitasan\/?lang=en","og_locale":"hu_HU","og_type":"article","og_title":"Tam\u00e1s Ervin, Elhangzott 1972-ben, a budapesti ki\u00e1ll\u00edt\u00e1s megnyit\u00e1s\u00e1n - \u00c9gerh\u00e1zi Imre","og_description":"[vc_row][vc_column][vc_column_text] &#8222;&#8230;A n\u00e9pdal t\u00f6m\u00f6r egyszer\u0171s\u00e9g\u00e9vel hatnak a k\u00e9pek&#8230; &#8230;a l\u00e9nyegre val\u00f3 t\u00f6rekv\u00e9s a m\u0171veknek legf\u0151bb er\u00e9nye. Ker\u00fcl minden felesleget, sz\u00ednekben, r\u00e9szletekben an\u00e9lk\u00fcl, hogy ez\u00e1ltal szeg\u00e9ny\u00edten\u00e9 \u00e9lm\u00e9ny\u00e9t. Biztos \u00e9rz\u00e9kkel v\u00e1lasztja ki azt, ami csak a k\u00e9p \u00e1ltal mondhat\u00f3 el&#8230; &#8230;A kompoz\u00edci\u00f3 kiegyens\u00falyozotts\u00e1ga, szerkezetis\u00e9ge, a fel\u00fclet (fakt\u00fara) gondos megmunk\u00e1lts\u00e1ga, a rajzi fegyelmezetts\u00e9g a m\u00e9rlegel\u0151 intellektus jelenl\u00e9t\u00e9r\u0151l vallanak. A visszatartott, hars\u00e1nys\u00e1got ker\u00fcl\u0151 sz\u00ednvil\u00e1g [&hellip;]","og_url":"https:\/\/egerhaziimre.hu\/index.php\/dijak-elismeresek\/tamas-ervin-elhangzott-1972-ben-a-budapesti-kiallitas-megnyitasan\/?lang=en","og_site_name":"\u00c9gerh\u00e1zi Imre","article_modified_time":"2020-09-02T08:33:57+00:00","twitter_card":"summary_large_image","twitter_misc":{"Becs\u00fclt olvas\u00e1si id\u0151":"2 perc"},"schema":{"@context":"https:\/\/schema.org","@graph":[{"@type":"WebPage","@id":"https:\/\/egerhaziimre.hu\/index.php\/dijak-elismeresek\/tamas-ervin-elhangzott-1972-ben-a-budapesti-kiallitas-megnyitasan\/?lang=en","url":"https:\/\/egerhaziimre.hu\/index.php\/dijak-elismeresek\/tamas-ervin-elhangzott-1972-ben-a-budapesti-kiallitas-megnyitasan\/?lang=en","name":"Tam\u00e1s Ervin, Elhangzott 1972-ben, a budapesti ki\u00e1ll\u00edt\u00e1s megnyit\u00e1s\u00e1n - \u00c9gerh\u00e1zi Imre","isPartOf":{"@id":"https:\/\/egerhaziimre.hu\/#website"},"datePublished":"2019-08-05T12:59:15+00:00","dateModified":"2020-09-02T08:33:57+00:00","breadcrumb":{"@id":"https:\/\/egerhaziimre.hu\/index.php\/dijak-elismeresek\/tamas-ervin-elhangzott-1972-ben-a-budapesti-kiallitas-megnyitasan\/?lang=en#breadcrumb"},"inLanguage":"hu","potentialAction":[{"@type":"ReadAction","target":["https:\/\/egerhaziimre.hu\/index.php\/dijak-elismeresek\/tamas-ervin-elhangzott-1972-ben-a-budapesti-kiallitas-megnyitasan\/?lang=en"]}]},{"@type":"BreadcrumbList","@id":"https:\/\/egerhaziimre.hu\/index.php\/dijak-elismeresek\/tamas-ervin-elhangzott-1972-ben-a-budapesti-kiallitas-megnyitasan\/?lang=en#breadcrumb","itemListElement":[{"@type":"ListItem","position":1,"name":"Home","item":"https:\/\/egerhaziimre.hu\/"},{"@type":"ListItem","position":2,"name":"Awards, recognitions","item":"https:\/\/egerhaziimre.hu\/index.php\/dijak-elismeresek\/?lang=en"},{"@type":"ListItem","position":3,"name":"OPENING SPEECH AT IMRE EGERHAZI\u2019S FIRST BUDAPEST EXHIBITION IN 1972 AT MOM BY ERVIN TAM\u00c1S"}]},{"@type":"WebSite","@id":"https:\/\/egerhaziimre.hu\/#website","url":"https:\/\/egerhaziimre.hu\/","name":"\u00c9gerh\u00e1zi Imre","description":"","potentialAction":[{"@type":"SearchAction","target":{"@type":"EntryPoint","urlTemplate":"https:\/\/egerhaziimre.hu\/?s={search_term_string}"},"query-input":{"@type":"PropertyValueSpecification","valueRequired":true,"valueName":"search_term_string"}}],"inLanguage":"hu"}]}},"jetpack_sharing_enabled":true,"_links":{"self":[{"href":"https:\/\/egerhaziimre.hu\/index.php\/wp-json\/wp\/v2\/pages\/1010","targetHints":{"allow":["GET"]}}],"collection":[{"href":"https:\/\/egerhaziimre.hu\/index.php\/wp-json\/wp\/v2\/pages"}],"about":[{"href":"https:\/\/egerhaziimre.hu\/index.php\/wp-json\/wp\/v2\/types\/page"}],"author":[{"embeddable":true,"href":"https:\/\/egerhaziimre.hu\/index.php\/wp-json\/wp\/v2\/users\/4"}],"replies":[{"embeddable":true,"href":"https:\/\/egerhaziimre.hu\/index.php\/wp-json\/wp\/v2\/comments?post=1010"}],"version-history":[{"count":5,"href":"https:\/\/egerhaziimre.hu\/index.php\/wp-json\/wp\/v2\/pages\/1010\/revisions"}],"predecessor-version":[{"id":9047,"href":"https:\/\/egerhaziimre.hu\/index.php\/wp-json\/wp\/v2\/pages\/1010\/revisions\/9047"}],"up":[{"embeddable":true,"href":"https:\/\/egerhaziimre.hu\/index.php\/wp-json\/wp\/v2\/pages\/31"}],"wp:attachment":[{"href":"https:\/\/egerhaziimre.hu\/index.php\/wp-json\/wp\/v2\/media?parent=1010"}],"wp:term":[{"taxonomy":"category","embeddable":true,"href":"https:\/\/egerhaziimre.hu\/index.php\/wp-json\/wp\/v2\/categories?post=1010"},{"taxonomy":"post_tag","embeddable":true,"href":"https:\/\/egerhaziimre.hu\/index.php\/wp-json\/wp\/v2\/tags?post=1010"}],"curies":[{"name":"wp","href":"https:\/\/api.w.org\/{rel}","templated":true}]}}