{"id":1016,"date":"2019-08-05T15:02:17","date_gmt":"2019-08-05T13:02:17","guid":{"rendered":"http:\/\/egerhaziimre.magex.hu\/?page_id=1016"},"modified":"2020-09-02T10:39:13","modified_gmt":"2020-09-02T08:39:13","slug":"dr-toth-ervin-munka-1972-xii","status":"publish","type":"page","link":"https:\/\/egerhaziimre.hu\/index.php\/dijak-elismeresek\/dr-toth-ervin-munka-1972-xii\/","title":{"rendered":"Dr. T\u00f3th Ervin, Munka, 1972. XII."},"content":{"rendered":"<div class=\"wpb-content-wrapper\">\r\n<blockquote class=\"wp-block-quote is-layout-flow wp-block-quote-is-layout-flow\"><p>&#8222;&#8230;Mi jellemzi pikt\u00far\u00e1j\u00e1t? Az er\u0151s szerkezetis\u00e9g, amelyet az ut\u00f3bbi \u00e9vekben fest\u0151is\u00e9g\u00e9nek el\u0151ny\u00e9re bizonyos fokig ellaz\u00edtott. Ha fel is szabdalja k\u00e9peinek ter\u00e9t, az egys\u00e9g v\u00e1ltozatlan, s egy-egy grafikailag hat\u00e1rolt ter\u00fcletet rendk\u00edv\u00fcl finom val\u0151r\u00f6z\u00e9ssel, \u00e9rz\u00e9keny sz\u00edn\u00e1tmenetekkel munk\u00e1l meg. Fest\u0151i alkata sok \u00e1rnyalat\u00fa, a l\u00e1tv\u00e1nyt fegyelmezett gondoss\u00e1ggal m\u00e9rlegeli an\u00e9lk\u00fcl, hogy k\u00e9peinek \u00e9rzelmi hangulat\u00e1t cs\u00f6kkenten\u00e9&#8230;&#8221;<\/p><cite>Dr. T\u00f3th Ervin<br>Munka, 1972. XII.<\/cite><\/blockquote>\r\n<\/div>","protected":false},"excerpt":{"rendered":"<p>&#8222;&#8230;Mi jellemzi pikt\u00far\u00e1j\u00e1t? Az er\u0151s szerkezetis\u00e9g, amelyet az ut\u00f3bbi \u00e9vekben fest\u0151is\u00e9g\u00e9nek el\u0151ny\u00e9re bizonyos fokig ellaz\u00edtott. Ha fel is szabdalja k\u00e9peinek ter\u00e9t, az egys\u00e9g v\u00e1ltozatlan, s egy-egy grafikailag hat\u00e1rolt ter\u00fcletet rendk\u00edv\u00fcl finom val\u0151r\u00f6z\u00e9ssel, \u00e9rz\u00e9keny sz\u00edn\u00e1tmenetekkel munk\u00e1l meg. Fest\u0151i alkata sok \u00e1rnyalat\u00fa, a l\u00e1tv\u00e1nyt fegyelmezett gondoss\u00e1ggal m\u00e9rlegeli an\u00e9lk\u00fcl, hogy k\u00e9peinek \u00e9rzelmi hangulat\u00e1t cs\u00f6kkenten\u00e9&#8230;&#8221; Dr. T\u00f3th ErvinMunka, 1972. XII.<\/p>\n","protected":false},"author":4,"featured_media":0,"parent":31,"menu_order":0,"comment_status":"closed","ping_status":"closed","template":"","meta":{"footnotes":""},"categories":[84],"tags":[30],"class_list":["post-1016","page","type-page","status-publish","hentry","category-kritikak_meltatasok","tag-30"],"yoast_head":"<!-- This site is optimized with the Yoast SEO plugin v27.4 - https:\/\/yoast.com\/product\/yoast-seo-wordpress\/ -->\n<title>Dr. T\u00f3th Ervin, Munka, 1972. XII. - \u00c9gerh\u00e1zi Imre<\/title>\n<meta name=\"robots\" content=\"index, follow, max-snippet:-1, max-image-preview:large, max-video-preview:-1\" \/>\n<link rel=\"canonical\" href=\"https:\/\/egerhaziimre.hu\/index.php\/dijak-elismeresek\/dr-toth-ervin-munka-1972-xii\/?lang=en\" \/>\n<meta property=\"og:locale\" content=\"hu_HU\" \/>\n<meta property=\"og:type\" content=\"article\" \/>\n<meta property=\"og:title\" content=\"Dr. T\u00f3th Ervin, Munka, 1972. XII. - \u00c9gerh\u00e1zi Imre\" \/>\n<meta property=\"og:description\" content=\"&#8222;&#8230;Mi jellemzi pikt\u00far\u00e1j\u00e1t? Az er\u0151s szerkezetis\u00e9g, amelyet az ut\u00f3bbi \u00e9vekben fest\u0151is\u00e9g\u00e9nek el\u0151ny\u00e9re bizonyos fokig ellaz\u00edtott. Ha fel is szabdalja k\u00e9peinek ter\u00e9t, az egys\u00e9g v\u00e1ltozatlan, s egy-egy grafikailag hat\u00e1rolt ter\u00fcletet rendk\u00edv\u00fcl finom val\u0151r\u00f6z\u00e9ssel, \u00e9rz\u00e9keny sz\u00edn\u00e1tmenetekkel munk\u00e1l meg. Fest\u0151i alkata sok \u00e1rnyalat\u00fa, a l\u00e1tv\u00e1nyt fegyelmezett gondoss\u00e1ggal m\u00e9rlegeli an\u00e9lk\u00fcl, hogy k\u00e9peinek \u00e9rzelmi hangulat\u00e1t cs\u00f6kkenten\u00e9&#8230;&#8221; Dr. T\u00f3th ErvinMunka, 1972. XII.\" \/>\n<meta property=\"og:url\" content=\"https:\/\/egerhaziimre.hu\/index.php\/dijak-elismeresek\/dr-toth-ervin-munka-1972-xii\/?lang=en\" \/>\n<meta property=\"og:site_name\" content=\"\u00c9gerh\u00e1zi Imre\" \/>\n<meta property=\"article:modified_time\" content=\"2020-09-02T08:39:13+00:00\" \/>\n<meta name=\"twitter:card\" content=\"summary_large_image\" \/>\n<meta name=\"twitter:label1\" content=\"Becs\u00fclt olvas\u00e1si id\u0151\" \/>\n\t<meta name=\"twitter:data1\" content=\"1 perc\" \/>\n<script type=\"application\/ld+json\" class=\"yoast-schema-graph\">{\"@context\":\"https:\\\/\\\/schema.org\",\"@graph\":[{\"@type\":\"WebPage\",\"@id\":\"https:\\\/\\\/egerhaziimre.hu\\\/index.php\\\/dijak-elismeresek\\\/dr-toth-ervin-munka-1972-xii\\\/?lang=en\",\"url\":\"https:\\\/\\\/egerhaziimre.hu\\\/index.php\\\/dijak-elismeresek\\\/dr-toth-ervin-munka-1972-xii\\\/?lang=en\",\"name\":\"Dr. T\u00f3th Ervin, Munka, 1972. XII. - \u00c9gerh\u00e1zi Imre\",\"isPartOf\":{\"@id\":\"https:\\\/\\\/egerhaziimre.hu\\\/#website\"},\"datePublished\":\"2019-08-05T13:02:17+00:00\",\"dateModified\":\"2020-09-02T08:39:13+00:00\",\"breadcrumb\":{\"@id\":\"https:\\\/\\\/egerhaziimre.hu\\\/index.php\\\/dijak-elismeresek\\\/dr-toth-ervin-munka-1972-xii\\\/?lang=en#breadcrumb\"},\"inLanguage\":\"hu\",\"potentialAction\":[{\"@type\":\"ReadAction\",\"target\":[\"https:\\\/\\\/egerhaziimre.hu\\\/index.php\\\/dijak-elismeresek\\\/dr-toth-ervin-munka-1972-xii\\\/?lang=en\"]}]},{\"@type\":\"BreadcrumbList\",\"@id\":\"https:\\\/\\\/egerhaziimre.hu\\\/index.php\\\/dijak-elismeresek\\\/dr-toth-ervin-munka-1972-xii\\\/?lang=en#breadcrumb\",\"itemListElement\":[{\"@type\":\"ListItem\",\"position\":1,\"name\":\"Home\",\"item\":\"https:\\\/\\\/egerhaziimre.hu\\\/\"},{\"@type\":\"ListItem\",\"position\":2,\"name\":\"Awards, recognitions\",\"item\":\"https:\\\/\\\/egerhaziimre.hu\\\/index.php\\\/dijak-elismeresek\\\/?lang=en\"},{\"@type\":\"ListItem\",\"position\":3,\"name\":\"DR. T\u00d3TH ERVIN, MUNKA, 1972 December Issue\"}]},{\"@type\":\"WebSite\",\"@id\":\"https:\\\/\\\/egerhaziimre.hu\\\/#website\",\"url\":\"https:\\\/\\\/egerhaziimre.hu\\\/\",\"name\":\"\u00c9gerh\u00e1zi Imre\",\"description\":\"\",\"potentialAction\":[{\"@type\":\"SearchAction\",\"target\":{\"@type\":\"EntryPoint\",\"urlTemplate\":\"https:\\\/\\\/egerhaziimre.hu\\\/?s={search_term_string}\"},\"query-input\":{\"@type\":\"PropertyValueSpecification\",\"valueRequired\":true,\"valueName\":\"search_term_string\"}}],\"inLanguage\":\"hu\"}]}<\/script>\n<!-- \/ Yoast SEO plugin. -->","yoast_head_json":{"title":"Dr. T\u00f3th Ervin, Munka, 1972. XII. - \u00c9gerh\u00e1zi Imre","robots":{"index":"index","follow":"follow","max-snippet":"max-snippet:-1","max-image-preview":"max-image-preview:large","max-video-preview":"max-video-preview:-1"},"canonical":"https:\/\/egerhaziimre.hu\/index.php\/dijak-elismeresek\/dr-toth-ervin-munka-1972-xii\/?lang=en","og_locale":"hu_HU","og_type":"article","og_title":"Dr. T\u00f3th Ervin, Munka, 1972. XII. - \u00c9gerh\u00e1zi Imre","og_description":"&#8222;&#8230;Mi jellemzi pikt\u00far\u00e1j\u00e1t? Az er\u0151s szerkezetis\u00e9g, amelyet az ut\u00f3bbi \u00e9vekben fest\u0151is\u00e9g\u00e9nek el\u0151ny\u00e9re bizonyos fokig ellaz\u00edtott. Ha fel is szabdalja k\u00e9peinek ter\u00e9t, az egys\u00e9g v\u00e1ltozatlan, s egy-egy grafikailag hat\u00e1rolt ter\u00fcletet rendk\u00edv\u00fcl finom val\u0151r\u00f6z\u00e9ssel, \u00e9rz\u00e9keny sz\u00edn\u00e1tmenetekkel munk\u00e1l meg. Fest\u0151i alkata sok \u00e1rnyalat\u00fa, a l\u00e1tv\u00e1nyt fegyelmezett gondoss\u00e1ggal m\u00e9rlegeli an\u00e9lk\u00fcl, hogy k\u00e9peinek \u00e9rzelmi hangulat\u00e1t cs\u00f6kkenten\u00e9&#8230;&#8221; Dr. T\u00f3th ErvinMunka, 1972. XII.","og_url":"https:\/\/egerhaziimre.hu\/index.php\/dijak-elismeresek\/dr-toth-ervin-munka-1972-xii\/?lang=en","og_site_name":"\u00c9gerh\u00e1zi Imre","article_modified_time":"2020-09-02T08:39:13+00:00","twitter_card":"summary_large_image","twitter_misc":{"Becs\u00fclt olvas\u00e1si id\u0151":"1 perc"},"schema":{"@context":"https:\/\/schema.org","@graph":[{"@type":"WebPage","@id":"https:\/\/egerhaziimre.hu\/index.php\/dijak-elismeresek\/dr-toth-ervin-munka-1972-xii\/?lang=en","url":"https:\/\/egerhaziimre.hu\/index.php\/dijak-elismeresek\/dr-toth-ervin-munka-1972-xii\/?lang=en","name":"Dr. T\u00f3th Ervin, Munka, 1972. XII. - \u00c9gerh\u00e1zi Imre","isPartOf":{"@id":"https:\/\/egerhaziimre.hu\/#website"},"datePublished":"2019-08-05T13:02:17+00:00","dateModified":"2020-09-02T08:39:13+00:00","breadcrumb":{"@id":"https:\/\/egerhaziimre.hu\/index.php\/dijak-elismeresek\/dr-toth-ervin-munka-1972-xii\/?lang=en#breadcrumb"},"inLanguage":"hu","potentialAction":[{"@type":"ReadAction","target":["https:\/\/egerhaziimre.hu\/index.php\/dijak-elismeresek\/dr-toth-ervin-munka-1972-xii\/?lang=en"]}]},{"@type":"BreadcrumbList","@id":"https:\/\/egerhaziimre.hu\/index.php\/dijak-elismeresek\/dr-toth-ervin-munka-1972-xii\/?lang=en#breadcrumb","itemListElement":[{"@type":"ListItem","position":1,"name":"Home","item":"https:\/\/egerhaziimre.hu\/"},{"@type":"ListItem","position":2,"name":"Awards, recognitions","item":"https:\/\/egerhaziimre.hu\/index.php\/dijak-elismeresek\/?lang=en"},{"@type":"ListItem","position":3,"name":"DR. T\u00d3TH ERVIN, MUNKA, 1972 December Issue"}]},{"@type":"WebSite","@id":"https:\/\/egerhaziimre.hu\/#website","url":"https:\/\/egerhaziimre.hu\/","name":"\u00c9gerh\u00e1zi Imre","description":"","potentialAction":[{"@type":"SearchAction","target":{"@type":"EntryPoint","urlTemplate":"https:\/\/egerhaziimre.hu\/?s={search_term_string}"},"query-input":{"@type":"PropertyValueSpecification","valueRequired":true,"valueName":"search_term_string"}}],"inLanguage":"hu"}]}},"jetpack_sharing_enabled":true,"_links":{"self":[{"href":"https:\/\/egerhaziimre.hu\/index.php\/wp-json\/wp\/v2\/pages\/1016","targetHints":{"allow":["GET"]}}],"collection":[{"href":"https:\/\/egerhaziimre.hu\/index.php\/wp-json\/wp\/v2\/pages"}],"about":[{"href":"https:\/\/egerhaziimre.hu\/index.php\/wp-json\/wp\/v2\/types\/page"}],"author":[{"embeddable":true,"href":"https:\/\/egerhaziimre.hu\/index.php\/wp-json\/wp\/v2\/users\/4"}],"replies":[{"embeddable":true,"href":"https:\/\/egerhaziimre.hu\/index.php\/wp-json\/wp\/v2\/comments?post=1016"}],"version-history":[{"count":2,"href":"https:\/\/egerhaziimre.hu\/index.php\/wp-json\/wp\/v2\/pages\/1016\/revisions"}],"predecessor-version":[{"id":9049,"href":"https:\/\/egerhaziimre.hu\/index.php\/wp-json\/wp\/v2\/pages\/1016\/revisions\/9049"}],"up":[{"embeddable":true,"href":"https:\/\/egerhaziimre.hu\/index.php\/wp-json\/wp\/v2\/pages\/31"}],"wp:attachment":[{"href":"https:\/\/egerhaziimre.hu\/index.php\/wp-json\/wp\/v2\/media?parent=1016"}],"wp:term":[{"taxonomy":"category","embeddable":true,"href":"https:\/\/egerhaziimre.hu\/index.php\/wp-json\/wp\/v2\/categories?post=1016"},{"taxonomy":"post_tag","embeddable":true,"href":"https:\/\/egerhaziimre.hu\/index.php\/wp-json\/wp\/v2\/tags?post=1016"}],"curies":[{"name":"wp","href":"https:\/\/api.w.org\/{rel}","templated":true}]}}