{"id":10197,"date":"2014-09-19T13:37:00","date_gmt":"2014-09-19T11:37:00","guid":{"rendered":"https:\/\/egerhaziimre.hu\/?page_id=10197"},"modified":"2020-09-30T14:26:19","modified_gmt":"2020-09-30T12:26:19","slug":"a-kulturalis-orokseg-napjai-egerhazi-imre-kiallitas-nyilt-a-kulugyminiszteriumban-2014","status":"publish","type":"page","link":"https:\/\/egerhaziimre.hu\/index.php\/a-kulturalis-orokseg-napjai-egerhazi-imre-kiallitas-nyilt-a-kulugyminiszteriumban-2014\/","title":{"rendered":"A kultur\u00e1lis \u00f6r\u00f6ks\u00e9g napjai \u2013 \u00c9gerh\u00e1zi Imre ki\u00e1ll\u00edt\u00e1s ny\u00edlt a K\u00fcl\u00fcgyminiszt\u00e9riumban, 2014"},"content":{"rendered":"<div class=\"wpb-content-wrapper\">[vc_row el_class=&#8221;margin_bottom_0 padding_bottom_0&#8243;][vc_column][vc_column_text]<em>2014. szeptember 19<\/em><br \/>\nA kultur\u00e1lis \u00f6r\u00f6ks\u00e9g napjaihoz kapcsol\u00f3dva \u00c9gerh\u00e1zi Imre k\u00fclf\u00f6ldi \u00e9lm\u00e9nyei \u00e1ltal inspir\u00e1lt festm\u00e9nyeib\u0151l ny\u00edlt ki\u00e1ll\u00edt\u00e1s Az Alf\u00f6ld sz\u00fcl\u00f6tte k\u00fclf\u00f6ld\u00f6n c\u00edmmel a K\u00fclgazdas\u00e1gi \u00e9s K\u00fcl\u00fcgyminiszt\u00e9rium (KKM) \u00e9p\u00fclet\u00e9ben, melyet Dr. Szab\u00f3 L\u00e1szl\u00f3 \u00e1llamtitk\u00e1r nyitott meg.<br \/>\nNagy Anna k\u00fcl\u00fcgyi sz\u00f3viv\u0151 a t\u00e1rlat megnyit\u00f3j\u00e1n eml\u00e9keztetett arra, hogy a kultur\u00e1lis \u00f6r\u00f6ks\u00e9g napjain id\u00e9n 48 orsz\u00e1g t\u00f6bb ezer olyan helysz\u00edne, \u00e9p\u00fclete ny\u00edlik meg, amely az \u00e9v t\u00f6bbi r\u00e9sz\u00e9ben a nagyk\u00f6z\u00f6ns\u00e9g sz\u00e1m\u00e1ra nem l\u00e1togathat\u00f3. Imm\u00e1r hatodik alkalommal a KKM Bem t\u00e9ri sz\u00e9kh\u00e1za is megnyitja kapuit.<br \/>\nSzab\u00f3 L\u00e1szl\u00f3 k\u00fclgazdas\u00e1gi \u00e9s k\u00fcl\u00fcgyi \u00e1llamtitk\u00e1r elmondta, hogy \u00c9gerh\u00e1zi Imre ki\u00e1ll\u00edt\u00e1sa a h\u00e9tv\u00e9gi rendezv\u00e9nysorozathoz kapcsol\u00f3dik. Kiemelte, hogy az \u00c9gerh\u00e1zi ki\u00e1ll\u00edt\u00e1s az\u00e9rt k\u00fcl\u00f6nleges, mert az Alf\u00f6ld fest\u0151j\u00e9nek k\u00fclf\u00f6ldi utaz\u00e1sai \u00e1ltal ihletett alkot\u00e1sait gy\u0171jti egy csokorba, amelyek ilyen \u00f6ssze\u00e1ll\u00edt\u00e1sban eddig m\u00e9g sehol nem ker\u00fcltek ki\u00e1ll\u00edt\u00e1sra. Szab\u00f3 L\u00e1szl\u00f3 szerint \u00c9gerh\u00e1zi Imre k\u00e9pei att\u00f3l k\u00fcl\u00f6nlegesek, hogy \u201enagyon emberiek\u201d, sz\u00edneik harmonikusak \u00e9s megnyugtat\u00f3ak.<br \/>\nAz \u00e1llamtitk\u00e1r \u00c9gerh\u00e1zi Imre m\u00e9ltat\u00e1sa kapcs\u00e1n kit\u00e9rt r\u00e1, a fest\u0151m\u0171v\u00e9szt Debrecenben k\u00fcl\u00f6n\u00f6sen nagy n\u00e9pszer\u0171s\u00e9gnek \u00f6rvend, k\u00e9pei sz\u00e1mos k\u00f6zint\u00e9zm\u00e9nyben megtal\u00e1lhat\u00f3ak, \u00e9s val\u00f3ban \u201e\u0151 volt az Alf\u00f6ld fest\u0151je\u201d.<\/p>\n<p>A fest\u0151m\u0171v\u00e9sz k\u00fclf\u00f6ld\u00f6n k\u00e9sz\u00fclt alkot\u00e1sait Dr. Feledy Bal\u00e1zs m\u0171v\u00e9szett\u00f6rt\u00e9n\u00e9sz mutatta be, aki eml\u00e9keztetett arra, hogy a fest\u0151k \u00e1ltal\u00e1ban ragaszkodnak a saj\u00e1t m\u0171termeikhez, az \u00e1lland\u00f3 k\u00f6r\u00fclm\u00e9nyekhez, sokuk sz\u00e1m\u00e1ra ugyanakkor fontosak a friss impulzusok is. \u00c9gerh\u00e1zi Imre is nagyon ragaszkodott sz\u00fcl\u0151f\u00f6ldj\u00e9hez, m\u00e9gis rendk\u00edv\u00fcli m\u00f3don szeretett utazni, friss impulzusokat szerezni; mindig nagyon er\u0151sen hatott r\u00e1 az adott t\u00e1j atmoszf\u00e9r\u00e1ja saj\u00e1t, egys\u00e9ges felfog\u00e1s\u00e1n bel\u00fcl &#8211; jegyezte meg.[\/vc_column_text][vc_column_text]<a href=\"https:\/\/egerhaziimre.hu\/index.php\/egerhazi-kiallitas-kulugyminiszterium-2014-szeptember\/\"><strong>Tov\u00e1bb a ki\u00e1ll\u00edt\u00e1s oldal\u00e1ra \u00bb<\/strong><\/a>[\/vc_column_text][vc_separator][\/vc_column][\/vc_row][vc_row el_class=&#8221;margin_top_0 padding_top_0 margin_bottom_0 padding_bottom_0&#8243;][vc_column][vc_column_text]\n<h6>A ki\u00e1ll\u00edt\u00e1s katal\u00f3gusa<\/h6>\n[\/vc_column_text][vc_column_text]\n<p style=\"text-align: center;\">\n[\/vc_column_text][\/vc_column][\/vc_row][vc_row el_class=&#8221;margin_top_0 padding_top_0 margin_bottom_0 padding_bottom_0&#8243;][vc_column][vc_separator][vc_column_text]<strong>N\u00e1ray Bal\u00e1zs &#8211; Kult\u00fardiplom\u00e1cia, tud\u00f3s\u00edt\u00e1s \u00c9gerh\u00e1zi Imre ki\u00e1ll\u00edt\u00e1s\u00e1r\u00f3l, 2014. szeptember<\/strong>[\/vc_column_text][vc_video link=&#8221;https:\/\/youtu.be\/rpgx7k-d8Xo&#8221; el_width=&#8221;80&#8243; align=&#8221;center&#8221;][\/vc_column][\/vc_row][vc_row el_class=&#8221;margin_top_0 padding_top_0&#8243;][vc_column][vc_separator][vc_column_text]<strong>Alma \u00e9s f\u00e1ja \u2013 \u00c9gerh\u00e1zi Attila \u00e9s \u00c9gerh\u00e1zi Imre, 2014<\/strong>[\/vc_column_text][vc_video link=&#8221;https:\/\/youtu.be\/p-tt30FnYx4&#8243; el_width=&#8221;80&#8243; align=&#8221;center&#8221;][\/vc_column][\/vc_row]\n<\/div>","protected":false},"excerpt":{"rendered":"<p>A kultur\u00e1lis \u00f6r\u00f6ks\u00e9g napjaihoz kapcsol\u00f3dva \u00c9gerh\u00e1zi Imre k\u00fclf\u00f6ldi \u00e9lm\u00e9nyei \u00e1ltal inspir\u00e1lt festm\u00e9nyeib\u0151l ny\u00edlt ki\u00e1ll\u00edt\u00e1s Az Alf\u00f6ld sz\u00fcl\u00f6tte k\u00fclf\u00f6ld\u00f6n c\u00edmmel a K\u00fclgazdas\u00e1gi \u00e9s K\u00fcl\u00fcgyminiszt\u00e9rium (KKM) \u00e9p\u00fclet\u00e9ben, melyet Dr. Szab\u00f3 L\u00e1szl\u00f3 \u00e1llamtitk\u00e1r nyitott meg.<\/p>\n","protected":false},"author":4,"featured_media":9407,"parent":0,"menu_order":0,"comment_status":"closed","ping_status":"closed","template":"","meta":{"footnotes":""},"categories":[13],"tags":[206],"class_list":["post-10197","page","type-page","status-publish","has-post-thumbnail","hentry","category-hirek","tag-206"],"yoast_head":"<!-- This site is optimized with the Yoast SEO plugin v27.3 - https:\/\/yoast.com\/product\/yoast-seo-wordpress\/ -->\n<title>A kultur\u00e1lis \u00f6r\u00f6ks\u00e9g napjai \u2013 \u00c9gerh\u00e1zi Imre ki\u00e1ll\u00edt\u00e1s ny\u00edlt a K\u00fcl\u00fcgyminiszt\u00e9riumban, 2014 - \u00c9gerh\u00e1zi Imre<\/title>\n<meta name=\"robots\" content=\"index, follow, max-snippet:-1, max-image-preview:large, max-video-preview:-1\" \/>\n<link rel=\"canonical\" href=\"https:\/\/egerhaziimre.hu\/index.php\/a-kulturalis-orokseg-napjai-egerhazi-imre-kiallitas-nyilt-a-kulugyminiszteriumban-2014\/?lang=en\" \/>\n<meta property=\"og:locale\" content=\"hu_HU\" \/>\n<meta property=\"og:type\" content=\"article\" \/>\n<meta property=\"og:title\" content=\"A kultur\u00e1lis \u00f6r\u00f6ks\u00e9g napjai \u2013 \u00c9gerh\u00e1zi Imre ki\u00e1ll\u00edt\u00e1s ny\u00edlt a K\u00fcl\u00fcgyminiszt\u00e9riumban, 2014 - \u00c9gerh\u00e1zi Imre\" \/>\n<meta property=\"og:description\" content=\"[:hu]A kultur\u00e1lis \u00f6r\u00f6ks\u00e9g napjaihoz kapcsol\u00f3dva \u00c9gerh\u00e1zi Imre k\u00fclf\u00f6ldi \u00e9lm\u00e9nyei \u00e1ltal inspir\u00e1lt festm\u00e9nyeib\u0151l ny\u00edlt ki\u00e1ll\u00edt\u00e1s Az Alf\u00f6ld sz\u00fcl\u00f6tte k\u00fclf\u00f6ld\u00f6n c\u00edmmel a K\u00fclgazdas\u00e1gi \u00e9s K\u00fcl\u00fcgyminiszt\u00e9rium (KKM) \u00e9p\u00fclet\u00e9ben, melyet Dr. Szab\u00f3 L\u00e1szl\u00f3 \u00e1llamtitk\u00e1r nyitott meg.[:en]In connection with the Cultural Heritage Days, an exhibition of Imre \u00c9gerh\u00e1zi&#039;s paintings inspired by his foreign experiences was opened in the building of the Ministry of Foreign Affairs and Trade, opened by Dr. L\u00e1szl\u00f3 Szab\u00f3, Secretary of State.[:]\" \/>\n<meta property=\"og:url\" content=\"https:\/\/egerhaziimre.hu\/index.php\/a-kulturalis-orokseg-napjai-egerhazi-imre-kiallitas-nyilt-a-kulugyminiszteriumban-2014\/?lang=en\" \/>\n<meta property=\"og:site_name\" content=\"\u00c9gerh\u00e1zi Imre\" \/>\n<meta property=\"article:modified_time\" content=\"2020-09-30T12:26:19+00:00\" \/>\n<meta property=\"og:image\" content=\"https:\/\/egerhaziimre.hu\/wp-content\/uploads\/2020\/09\/kiallitas_140919_13.jpg\" \/>\n\t<meta property=\"og:image:width\" content=\"720\" \/>\n\t<meta property=\"og:image:height\" content=\"480\" \/>\n\t<meta property=\"og:image:type\" content=\"image\/jpeg\" \/>\n<meta name=\"twitter:card\" content=\"summary_large_image\" \/>\n<meta name=\"twitter:label1\" content=\"Becs\u00fclt olvas\u00e1si id\u0151\" \/>\n\t<meta name=\"twitter:data1\" content=\"5 perc\" \/>\n<script type=\"application\/ld+json\" class=\"yoast-schema-graph\">{\"@context\":\"https:\\\/\\\/schema.org\",\"@graph\":[{\"@type\":\"WebPage\",\"@id\":\"https:\\\/\\\/egerhaziimre.hu\\\/index.php\\\/a-kulturalis-orokseg-napjai-egerhazi-imre-kiallitas-nyilt-a-kulugyminiszteriumban-2014\\\/?lang=en\",\"url\":\"https:\\\/\\\/egerhaziimre.hu\\\/index.php\\\/a-kulturalis-orokseg-napjai-egerhazi-imre-kiallitas-nyilt-a-kulugyminiszteriumban-2014\\\/?lang=en\",\"name\":\"A kultur\u00e1lis \u00f6r\u00f6ks\u00e9g napjai \u2013 \u00c9gerh\u00e1zi Imre ki\u00e1ll\u00edt\u00e1s ny\u00edlt a K\u00fcl\u00fcgyminiszt\u00e9riumban, 2014 - \u00c9gerh\u00e1zi Imre\",\"isPartOf\":{\"@id\":\"https:\\\/\\\/egerhaziimre.hu\\\/#website\"},\"primaryImageOfPage\":{\"@id\":\"https:\\\/\\\/egerhaziimre.hu\\\/index.php\\\/a-kulturalis-orokseg-napjai-egerhazi-imre-kiallitas-nyilt-a-kulugyminiszteriumban-2014\\\/?lang=en#primaryimage\"},\"image\":{\"@id\":\"https:\\\/\\\/egerhaziimre.hu\\\/index.php\\\/a-kulturalis-orokseg-napjai-egerhazi-imre-kiallitas-nyilt-a-kulugyminiszteriumban-2014\\\/?lang=en#primaryimage\"},\"thumbnailUrl\":\"https:\\\/\\\/egerhaziimre.hu\\\/wp-content\\\/uploads\\\/2020\\\/09\\\/kiallitas_140919_13.jpg\",\"datePublished\":\"2014-09-19T11:37:00+00:00\",\"dateModified\":\"2020-09-30T12:26:19+00:00\",\"breadcrumb\":{\"@id\":\"https:\\\/\\\/egerhaziimre.hu\\\/index.php\\\/a-kulturalis-orokseg-napjai-egerhazi-imre-kiallitas-nyilt-a-kulugyminiszteriumban-2014\\\/?lang=en#breadcrumb\"},\"inLanguage\":\"hu\",\"potentialAction\":[{\"@type\":\"ReadAction\",\"target\":[\"https:\\\/\\\/egerhaziimre.hu\\\/index.php\\\/a-kulturalis-orokseg-napjai-egerhazi-imre-kiallitas-nyilt-a-kulugyminiszteriumban-2014\\\/?lang=en\"]}]},{\"@type\":\"ImageObject\",\"inLanguage\":\"hu\",\"@id\":\"https:\\\/\\\/egerhaziimre.hu\\\/index.php\\\/a-kulturalis-orokseg-napjai-egerhazi-imre-kiallitas-nyilt-a-kulugyminiszteriumban-2014\\\/?lang=en#primaryimage\",\"url\":\"https:\\\/\\\/egerhaziimre.hu\\\/wp-content\\\/uploads\\\/2020\\\/09\\\/kiallitas_140919_13.jpg\",\"contentUrl\":\"https:\\\/\\\/egerhaziimre.hu\\\/wp-content\\\/uploads\\\/2020\\\/09\\\/kiallitas_140919_13.jpg\",\"width\":720,\"height\":480},{\"@type\":\"BreadcrumbList\",\"@id\":\"https:\\\/\\\/egerhaziimre.hu\\\/index.php\\\/a-kulturalis-orokseg-napjai-egerhazi-imre-kiallitas-nyilt-a-kulugyminiszteriumban-2014\\\/?lang=en#breadcrumb\",\"itemListElement\":[{\"@type\":\"ListItem\",\"position\":1,\"name\":\"Home\",\"item\":\"https:\\\/\\\/egerhaziimre.hu\\\/\"},{\"@type\":\"ListItem\",\"position\":2,\"name\":\"Cultural Heritage Days &#8211; Imre \u00c9gerh\u00e1zi exhibition opened at the Ministry of Foreign Affairs, 2014\"}]},{\"@type\":\"WebSite\",\"@id\":\"https:\\\/\\\/egerhaziimre.hu\\\/#website\",\"url\":\"https:\\\/\\\/egerhaziimre.hu\\\/\",\"name\":\"\u00c9gerh\u00e1zi Imre\",\"description\":\"\",\"potentialAction\":[{\"@type\":\"SearchAction\",\"target\":{\"@type\":\"EntryPoint\",\"urlTemplate\":\"https:\\\/\\\/egerhaziimre.hu\\\/?s={search_term_string}\"},\"query-input\":{\"@type\":\"PropertyValueSpecification\",\"valueRequired\":true,\"valueName\":\"search_term_string\"}}],\"inLanguage\":\"hu\"}]}<\/script>\n<!-- \/ Yoast SEO plugin. -->","yoast_head_json":{"title":"A kultur\u00e1lis \u00f6r\u00f6ks\u00e9g napjai \u2013 \u00c9gerh\u00e1zi Imre ki\u00e1ll\u00edt\u00e1s ny\u00edlt a K\u00fcl\u00fcgyminiszt\u00e9riumban, 2014 - \u00c9gerh\u00e1zi Imre","robots":{"index":"index","follow":"follow","max-snippet":"max-snippet:-1","max-image-preview":"max-image-preview:large","max-video-preview":"max-video-preview:-1"},"canonical":"https:\/\/egerhaziimre.hu\/index.php\/a-kulturalis-orokseg-napjai-egerhazi-imre-kiallitas-nyilt-a-kulugyminiszteriumban-2014\/?lang=en","og_locale":"hu_HU","og_type":"article","og_title":"A kultur\u00e1lis \u00f6r\u00f6ks\u00e9g napjai \u2013 \u00c9gerh\u00e1zi Imre ki\u00e1ll\u00edt\u00e1s ny\u00edlt a K\u00fcl\u00fcgyminiszt\u00e9riumban, 2014 - \u00c9gerh\u00e1zi Imre","og_description":"[:hu]A kultur\u00e1lis \u00f6r\u00f6ks\u00e9g napjaihoz kapcsol\u00f3dva \u00c9gerh\u00e1zi Imre k\u00fclf\u00f6ldi \u00e9lm\u00e9nyei \u00e1ltal inspir\u00e1lt festm\u00e9nyeib\u0151l ny\u00edlt ki\u00e1ll\u00edt\u00e1s Az Alf\u00f6ld sz\u00fcl\u00f6tte k\u00fclf\u00f6ld\u00f6n c\u00edmmel a K\u00fclgazdas\u00e1gi \u00e9s K\u00fcl\u00fcgyminiszt\u00e9rium (KKM) \u00e9p\u00fclet\u00e9ben, melyet Dr. Szab\u00f3 L\u00e1szl\u00f3 \u00e1llamtitk\u00e1r nyitott meg.[:en]In connection with the Cultural Heritage Days, an exhibition of Imre \u00c9gerh\u00e1zi's paintings inspired by his foreign experiences was opened in the building of the Ministry of Foreign Affairs and Trade, opened by Dr. L\u00e1szl\u00f3 Szab\u00f3, Secretary of State.[:]","og_url":"https:\/\/egerhaziimre.hu\/index.php\/a-kulturalis-orokseg-napjai-egerhazi-imre-kiallitas-nyilt-a-kulugyminiszteriumban-2014\/?lang=en","og_site_name":"\u00c9gerh\u00e1zi Imre","article_modified_time":"2020-09-30T12:26:19+00:00","og_image":[{"width":720,"height":480,"url":"https:\/\/egerhaziimre.hu\/wp-content\/uploads\/2020\/09\/kiallitas_140919_13.jpg","type":"image\/jpeg"}],"twitter_card":"summary_large_image","twitter_misc":{"Becs\u00fclt olvas\u00e1si id\u0151":"5 perc"},"schema":{"@context":"https:\/\/schema.org","@graph":[{"@type":"WebPage","@id":"https:\/\/egerhaziimre.hu\/index.php\/a-kulturalis-orokseg-napjai-egerhazi-imre-kiallitas-nyilt-a-kulugyminiszteriumban-2014\/?lang=en","url":"https:\/\/egerhaziimre.hu\/index.php\/a-kulturalis-orokseg-napjai-egerhazi-imre-kiallitas-nyilt-a-kulugyminiszteriumban-2014\/?lang=en","name":"A kultur\u00e1lis \u00f6r\u00f6ks\u00e9g napjai \u2013 \u00c9gerh\u00e1zi Imre ki\u00e1ll\u00edt\u00e1s ny\u00edlt a K\u00fcl\u00fcgyminiszt\u00e9riumban, 2014 - \u00c9gerh\u00e1zi Imre","isPartOf":{"@id":"https:\/\/egerhaziimre.hu\/#website"},"primaryImageOfPage":{"@id":"https:\/\/egerhaziimre.hu\/index.php\/a-kulturalis-orokseg-napjai-egerhazi-imre-kiallitas-nyilt-a-kulugyminiszteriumban-2014\/?lang=en#primaryimage"},"image":{"@id":"https:\/\/egerhaziimre.hu\/index.php\/a-kulturalis-orokseg-napjai-egerhazi-imre-kiallitas-nyilt-a-kulugyminiszteriumban-2014\/?lang=en#primaryimage"},"thumbnailUrl":"https:\/\/egerhaziimre.hu\/wp-content\/uploads\/2020\/09\/kiallitas_140919_13.jpg","datePublished":"2014-09-19T11:37:00+00:00","dateModified":"2020-09-30T12:26:19+00:00","breadcrumb":{"@id":"https:\/\/egerhaziimre.hu\/index.php\/a-kulturalis-orokseg-napjai-egerhazi-imre-kiallitas-nyilt-a-kulugyminiszteriumban-2014\/?lang=en#breadcrumb"},"inLanguage":"hu","potentialAction":[{"@type":"ReadAction","target":["https:\/\/egerhaziimre.hu\/index.php\/a-kulturalis-orokseg-napjai-egerhazi-imre-kiallitas-nyilt-a-kulugyminiszteriumban-2014\/?lang=en"]}]},{"@type":"ImageObject","inLanguage":"hu","@id":"https:\/\/egerhaziimre.hu\/index.php\/a-kulturalis-orokseg-napjai-egerhazi-imre-kiallitas-nyilt-a-kulugyminiszteriumban-2014\/?lang=en#primaryimage","url":"https:\/\/egerhaziimre.hu\/wp-content\/uploads\/2020\/09\/kiallitas_140919_13.jpg","contentUrl":"https:\/\/egerhaziimre.hu\/wp-content\/uploads\/2020\/09\/kiallitas_140919_13.jpg","width":720,"height":480},{"@type":"BreadcrumbList","@id":"https:\/\/egerhaziimre.hu\/index.php\/a-kulturalis-orokseg-napjai-egerhazi-imre-kiallitas-nyilt-a-kulugyminiszteriumban-2014\/?lang=en#breadcrumb","itemListElement":[{"@type":"ListItem","position":1,"name":"Home","item":"https:\/\/egerhaziimre.hu\/"},{"@type":"ListItem","position":2,"name":"Cultural Heritage Days &#8211; Imre \u00c9gerh\u00e1zi exhibition opened at the Ministry of Foreign Affairs, 2014"}]},{"@type":"WebSite","@id":"https:\/\/egerhaziimre.hu\/#website","url":"https:\/\/egerhaziimre.hu\/","name":"\u00c9gerh\u00e1zi Imre","description":"","potentialAction":[{"@type":"SearchAction","target":{"@type":"EntryPoint","urlTemplate":"https:\/\/egerhaziimre.hu\/?s={search_term_string}"},"query-input":{"@type":"PropertyValueSpecification","valueRequired":true,"valueName":"search_term_string"}}],"inLanguage":"hu"}]}},"jetpack_sharing_enabled":true,"_links":{"self":[{"href":"https:\/\/egerhaziimre.hu\/index.php\/wp-json\/wp\/v2\/pages\/10197","targetHints":{"allow":["GET"]}}],"collection":[{"href":"https:\/\/egerhaziimre.hu\/index.php\/wp-json\/wp\/v2\/pages"}],"about":[{"href":"https:\/\/egerhaziimre.hu\/index.php\/wp-json\/wp\/v2\/types\/page"}],"author":[{"embeddable":true,"href":"https:\/\/egerhaziimre.hu\/index.php\/wp-json\/wp\/v2\/users\/4"}],"replies":[{"embeddable":true,"href":"https:\/\/egerhaziimre.hu\/index.php\/wp-json\/wp\/v2\/comments?post=10197"}],"version-history":[{"count":13,"href":"https:\/\/egerhaziimre.hu\/index.php\/wp-json\/wp\/v2\/pages\/10197\/revisions"}],"predecessor-version":[{"id":10210,"href":"https:\/\/egerhaziimre.hu\/index.php\/wp-json\/wp\/v2\/pages\/10197\/revisions\/10210"}],"wp:featuredmedia":[{"embeddable":true,"href":"https:\/\/egerhaziimre.hu\/index.php\/wp-json\/wp\/v2\/media\/9407"}],"wp:attachment":[{"href":"https:\/\/egerhaziimre.hu\/index.php\/wp-json\/wp\/v2\/media?parent=10197"}],"wp:term":[{"taxonomy":"category","embeddable":true,"href":"https:\/\/egerhaziimre.hu\/index.php\/wp-json\/wp\/v2\/categories?post=10197"},{"taxonomy":"post_tag","embeddable":true,"href":"https:\/\/egerhaziimre.hu\/index.php\/wp-json\/wp\/v2\/tags?post=10197"}],"curies":[{"name":"wp","href":"https:\/\/api.w.org\/{rel}","templated":true}]}}