{"id":10215,"date":"2014-02-17T15:54:01","date_gmt":"2014-02-17T14:54:01","guid":{"rendered":"https:\/\/egerhaziimre.hu\/?page_id=10215"},"modified":"2020-09-30T16:27:01","modified_gmt":"2020-09-30T14:27:01","slug":"melto-megemlekezes-egerhazi-imrerol","status":"publish","type":"page","link":"https:\/\/egerhaziimre.hu\/index.php\/melto-megemlekezes-egerhazi-imrerol\/","title":{"rendered":"M\u00e9lt\u00f3 megeml\u00e9kez\u00e9s \u00c9gerh\u00e1zi Imr\u00e9r\u0151l"},"content":{"rendered":"<div class=\"wpb-content-wrapper\">[vc_row el_class=&#8221;margin_bottom_0 padding_bottom_0&#8243;][vc_column][vc_column_text]<strong>\u00c9gerh\u00e1zi Imre ki\u00e1ll\u00edt\u00e1s, Hajd\u00fahadh\u00e1z, F\u00f6ldi J\u00e1nos K\u00e9ttannyelv\u0171 \u00c1ltal\u00e1nos \u00e9s M\u0171v\u00e9szeti Iskola<br \/>\n<\/strong><em>2013. november 22 &#8211; december 13.<\/em><\/p>\n<p>A F\u00f6ldi J\u00e1nos iskol\u00e1ban a megnyit\u00f3ra meg\u00e9rkezve az aul\u00e1ban felemel\u0151 l\u00e1tv\u00e1ny fogadott. Szab\u00f3 Marg\u00f3 a Hajd\u00fahadh\u00e1zi Gal\u00e9ria \u00e9s \u00c9gerh\u00e1zi \u00c9va az int\u00e9zm\u00e9ny m\u0171v\u00e9szeti pedag\u00f3gusa nagyszer\u0171en rendezt\u00e9k el az \u00e1ltalam \u00f6sszev\u00e1logatott ki\u00e1ll\u00edt\u00e1si anyagot.<br \/>\nAz elm\u00falt 13 \u00e9vben j\u00f3n\u00e9h\u00e1ny tematikus t\u00e1rlatot volt szerencs\u00e9m rendezni, \u00e9s \u00f6sszev\u00e1logatni hozz\u00e1 a k\u00e9peket. Most azt szerettem volna, ha olyan festm\u00e9nyeket \u00e1ll\u00edtunk ki, amelyek itt m\u00e9g nem szerepeltek \u00e9s nem annyira ismertek. \u00cdgy a t\u00e1rlat anyaga a csal\u00e1di hagyat\u00e9kb\u00f3l ker\u00fclt kiv\u00e1logat\u00e1sra. Nem egy festm\u00e9ny el\u0151sz\u00f6r szerepelt a nyilv\u00e1noss\u00e1g el\u0151tt.\u00a0 J\u00f3 volt l\u00e1tni egy\u00fctt az alkot\u00e1sokat, \u00f6r\u00f6mmel nyugt\u00e1ztam, hogy a j\u00f3l mutat egy\u00fctt ez az egyedi v\u00e1logat\u00e1s. \u00dagy \u00e9rzem siker\u00fclt mind a jellemz\u0151 t\u00e9m\u00e1kat, mind \u00e9desap\u00e1m k\u00fcl\u00f6nb\u00f6z\u0151 fest\u0151i korszakait j\u00f3l illusztr\u00e1lni.<br \/>\nA megnyit\u00f3 el\u0151tt kedves ismer\u0151s\u00f6kkel rokonokkal besz\u00e9lgett\u00fcnk. Elj\u00f6tt \u00e9desap\u00e1m legnagyobb hajd\u00fahadh\u00e1zi patr\u00f3nusa, B\u00e9res L\u00e1szl\u00f3 volt polg\u00e1rmester is.<br \/>\nFelker\u00fclt a t\u00e1rlat id\u0151ben legutols\u00f3 festm\u00e9nye al\u00e1 (Nagyb\u00e1nyai temet\u0151, 2001) l\u00e1nyom S\u00e1ra festm\u00e9nye is, melyet a ki\u00e1ll\u00edt\u00e1s megnyit\u00f3j\u00e1ra hozott mag\u00e1val. Jelk\u00e9pes gesztus volt ez mindenki sz\u00e1m\u00e1ra.<br \/>\nA rendezv\u00e9nyt az iskola igazgat\u00f3ja Varg\u00e1n\u00e9 S\u0151r\u00e9s Ilona nyitotta meg. Megtudtuk, hogy a kor\u00e1bban viharban megrong\u00e1l\u00f3dott \u00e9s jelenleg z\u00e1rva tart\u00f3 \u00c9gerh\u00e1zi Imre eml\u00e9kh\u00e1z fel\u00faj\u00edt\u00e1sa EU t\u00e1mogat\u00e1ssal lassan megkezd\u0151dik. Nagyon \u00f6r\u00fclt\u00fcnk a h\u00edrnek, melyet a jelenl\u00e9v\u0151 Asztalos P\u00e9ter alpolg\u00e1rmester \u00far is meger\u0151s\u00edtett.<br \/>\nA megnyit\u00f3 besz\u00e9d ut\u00e1n az int\u00e9zm\u00e9nyek \u00e9s a csal\u00e1d megkoszor\u00fazta \u00c9gerh\u00e1zi Imre mellszobr\u00e1t.<br \/>\nA m\u0171v\u00e9szeti iskola tanul\u00f3i \u00c9gerh\u00e1zi \u00c9va tan\u00e1rn\u0151 vezet\u00e9s\u00e9vel sz\u00ednvonalas irodalmi kamara el\u0151ad\u00e1st mutattak be \u00c9gerh\u00e1zi Imr\u00e9r\u0151l. \u00c9letrajzi visszaeml\u00e9kez\u00e9sekb\u0151l, kritik\u00e1kb\u00f3l \u00f6ssze\u00e1ll\u00edtott m\u0171sorukban \u00e9desap\u00e1m hajd\u00fahadh\u00e1zi k\u00f6t\u0151d\u00e9s\u00e9t, gyermek\u00e9veit, m\u0171v\u00e9szi amb\u00edci\u00f3it \u00e9s v\u00e1zlatos \u00e9letrajz\u00e1t ismert\u00fck meg. Be kell vallanom nagyon meglep\u0151dtem az \u00f6ssze\u00e1ll\u00edt\u00e1s min\u0151s\u00e9g\u00e9n \u00e9s az el\u0151ad\u00e1s sz\u00ednvonal\u00e1n. El is \u00e9rz\u00e9keny\u00fcltem rendesen. R\u00e1ad\u00e1sul a saj\u00e1t mondanival\u00f3m j\u00f3 r\u00e9sze elhangzott a gyerekekt\u0151l. Felemel\u0151 csod\u00e1latos \u00e9rz\u00e9s volt!<br \/>\nA megeml\u00e9kez\u00e9s ut\u00e1n \u00e9n k\u00f6sz\u00f6nt\u00f6ttem az egybegy\u0171lteket, \u00e9s sz\u00f3ltam n\u00e9h\u00e1ny sz\u00f3t a t\u00e1rlat anyag\u00e1r\u00f3l, mit \u00e9s mi\u00e9rt l\u00e1tnak a falakon. El\u0151ad\u00e1somban \u00e9desap\u00e1m hangj\u00e1t is megid\u00e9zt\u00fck felv\u00e9telr\u0151l.<br \/>\nA cerem\u00f3nia v\u00e9g\u00e9n \u00c9gerh\u00e1zi \u00c9va meghirdetett egy rajzp\u00e1ly\u00e1zatot, aminek t\u00e9m\u00e1ja \u00c9gerh\u00e1zi Imre ihlette alkot\u00e1sok voltak. A p\u00e1ly\u00e1zatra megh\u00edvt\u00e1k l\u00e1nyomat, \u00c9gerh\u00e1zi S\u00e1r\u00e1t is, aki k\u00fcl\u00f6nd\u00edjat kapott a zs\u0171rit\u0151l.\u00a0 Nagyapja st\u00edlus\u00e1ban egy vir\u00e1gcsend\u00e9letet festett. \u00d6r\u00f6mmel mondhatom el, hogy a k\u00e9p min\u0151s\u00e9g\u00e9re \u00e9s nem a szem\u00e9ly\u00e9re kapta az elismer\u00e9st.<br \/>\nA megnyit\u00f3n t\u00f6bbsz\u00f6r is hallhattuk az iskola zenetagozatos tanul\u00f3inak produkci\u00f3it, akik ezzel sz\u00ednes\u00edtett\u00e9k a rendezv\u00e9nyt.<\/p>\n<p>\u00c9gerh\u00e1zi Attila[\/vc_column_text][vc_separator][vc_column_text]\n<h6>Megh\u00edv\u00f3<\/h6>\n[\/vc_column_text][vc_row_inner][vc_column_inner width=&#8221;1\/2&#8243;][vc_single_image image=&#8221;10216&#8243; img_size=&#8221;large&#8221; alignment=&#8221;center&#8221; style=&#8221;xtd-shadow&#8211;normal-light&#8221; onclick=&#8221;link_image&#8221;][\/vc_column_inner][vc_column_inner width=&#8221;1\/2&#8243;][vc_single_image image=&#8221;10217&#8243; img_size=&#8221;large&#8221; alignment=&#8221;center&#8221; style=&#8221;xtd-shadow&#8211;normal-light&#8221; onclick=&#8221;link_image&#8221;][\/vc_column_inner][\/vc_row_inner][vc_empty_space][vc_separator][vc_column_text]\n<h6>Fot\u00f3gal\u00e9ria<\/h6>\n[\/vc_column_text][vc_media_grid style=&#8221;pagination&#8221; items_per_page=&#8221;8&#8243; element_width=&#8221;3&#8243; gap=&#8221;30&#8243; arrows_design=&#8221;vc_arrow-icon-arrow_01_left&#8221; arrows_color=&#8221;black&#8221; paging_design=&#8221;pagination_square&#8221; paging_color=&#8221;black&#8221; loop=&#8221;yes&#8221; grid_id=&#8221;vc_gid:1601474986871-34087856-720d-2&#8243; include=&#8221;10219,10220,10221,10222,10223,10224,10225,10226,10227,10228,10229,10230,10231,10232,10233,10234,10235,10236,10237,10238&#8243;][\/vc_column][\/vc_row]\n<\/div>","protected":false},"excerpt":{"rendered":"<p>[vc_row el_class=&#8221;margin_bottom_0 padding_bottom_0&#8243;][vc_column][vc_column_text]\u00c9gerh\u00e1zi Imre ki\u00e1ll\u00edt\u00e1s, Hajd\u00fahadh\u00e1z, F\u00f6ldi J\u00e1nos K\u00e9ttannyelv\u0171 \u00c1ltal\u00e1nos \u00e9s M\u0171v\u00e9szeti Iskola 2013. november 22 &#8211; december 13. A F\u00f6ldi J\u00e1nos iskol\u00e1ban a megnyit\u00f3ra meg\u00e9rkezve az aul\u00e1ban felemel\u0151 l\u00e1tv\u00e1ny fogadott. Szab\u00f3 Marg\u00f3 a Hajd\u00fahadh\u00e1zi Gal\u00e9ria \u00e9s \u00c9gerh\u00e1zi \u00c9va az int\u00e9zm\u00e9ny m\u0171v\u00e9szeti pedag\u00f3gusa nagyszer\u0171en rendezt\u00e9k el az \u00e1ltalam \u00f6sszev\u00e1logatott ki\u00e1ll\u00edt\u00e1si anyagot. Az elm\u00falt 13 \u00e9vben j\u00f3n\u00e9h\u00e1ny tematikus t\u00e1rlatot volt szerencs\u00e9m [&hellip;]<\/p>\n","protected":false},"author":4,"featured_media":10238,"parent":0,"menu_order":0,"comment_status":"closed","ping_status":"closed","template":"","meta":{"footnotes":""},"categories":[13],"tags":[206],"class_list":["post-10215","page","type-page","status-publish","has-post-thumbnail","hentry","category-hirek","tag-206"],"yoast_head":"<!-- This site is optimized with the Yoast SEO plugin v27.0 - https:\/\/yoast.com\/product\/yoast-seo-wordpress\/ -->\n<title>M\u00e9lt\u00f3 megeml\u00e9kez\u00e9s \u00c9gerh\u00e1zi Imr\u00e9r\u0151l - \u00c9gerh\u00e1zi Imre<\/title>\n<meta name=\"robots\" content=\"index, follow, max-snippet:-1, max-image-preview:large, max-video-preview:-1\" \/>\n<link rel=\"canonical\" href=\"https:\/\/egerhaziimre.hu\/index.php\/melto-megemlekezes-egerhazi-imrerol\/?lang=en\" \/>\n<meta property=\"og:locale\" content=\"hu_HU\" \/>\n<meta property=\"og:type\" content=\"article\" \/>\n<meta property=\"og:title\" content=\"M\u00e9lt\u00f3 megeml\u00e9kez\u00e9s \u00c9gerh\u00e1zi Imr\u00e9r\u0151l - \u00c9gerh\u00e1zi Imre\" \/>\n<meta property=\"og:description\" content=\"[vc_row el_class=&#8221;margin_bottom_0 padding_bottom_0&#8243;][vc_column][vc_column_text]\u00c9gerh\u00e1zi Imre ki\u00e1ll\u00edt\u00e1s, Hajd\u00fahadh\u00e1z, F\u00f6ldi J\u00e1nos K\u00e9ttannyelv\u0171 \u00c1ltal\u00e1nos \u00e9s M\u0171v\u00e9szeti Iskola 2013. november 22 &#8211; december 13. A F\u00f6ldi J\u00e1nos iskol\u00e1ban a megnyit\u00f3ra meg\u00e9rkezve az aul\u00e1ban felemel\u0151 l\u00e1tv\u00e1ny fogadott. Szab\u00f3 Marg\u00f3 a Hajd\u00fahadh\u00e1zi Gal\u00e9ria \u00e9s \u00c9gerh\u00e1zi \u00c9va az int\u00e9zm\u00e9ny m\u0171v\u00e9szeti pedag\u00f3gusa nagyszer\u0171en rendezt\u00e9k el az \u00e1ltalam \u00f6sszev\u00e1logatott ki\u00e1ll\u00edt\u00e1si anyagot. Az elm\u00falt 13 \u00e9vben j\u00f3n\u00e9h\u00e1ny tematikus t\u00e1rlatot volt szerencs\u00e9m [&hellip;]\" \/>\n<meta property=\"og:url\" content=\"https:\/\/egerhaziimre.hu\/index.php\/melto-megemlekezes-egerhazi-imrerol\/?lang=en\" \/>\n<meta property=\"og:site_name\" content=\"\u00c9gerh\u00e1zi Imre\" \/>\n<meta property=\"article:modified_time\" content=\"2020-09-30T14:27:01+00:00\" \/>\n<meta property=\"og:image\" content=\"https:\/\/egerhaziimre.hu\/wp-content\/uploads\/2020\/09\/kiallitas_131122_20.jpg\" \/>\n\t<meta property=\"og:image:width\" content=\"800\" \/>\n\t<meta property=\"og:image:height\" content=\"498\" \/>\n\t<meta property=\"og:image:type\" content=\"image\/jpeg\" \/>\n<meta name=\"twitter:card\" content=\"summary_large_image\" \/>\n<meta name=\"twitter:label1\" content=\"Becs\u00fclt olvas\u00e1si id\u0151\" \/>\n\t<meta name=\"twitter:data1\" content=\"7 perc\" \/>\n<script type=\"application\/ld+json\" class=\"yoast-schema-graph\">{\"@context\":\"https:\/\/schema.org\",\"@graph\":[{\"@type\":\"WebPage\",\"@id\":\"https:\/\/egerhaziimre.hu\/index.php\/melto-megemlekezes-egerhazi-imrerol\/?lang=en\",\"url\":\"https:\/\/egerhaziimre.hu\/index.php\/melto-megemlekezes-egerhazi-imrerol\/?lang=en\",\"name\":\"M\u00e9lt\u00f3 megeml\u00e9kez\u00e9s \u00c9gerh\u00e1zi Imr\u00e9r\u0151l - \u00c9gerh\u00e1zi Imre\",\"isPartOf\":{\"@id\":\"https:\/\/egerhaziimre.hu\/#website\"},\"primaryImageOfPage\":{\"@id\":\"https:\/\/egerhaziimre.hu\/index.php\/melto-megemlekezes-egerhazi-imrerol\/?lang=en#primaryimage\"},\"image\":{\"@id\":\"https:\/\/egerhaziimre.hu\/index.php\/melto-megemlekezes-egerhazi-imrerol\/?lang=en#primaryimage\"},\"thumbnailUrl\":\"https:\/\/egerhaziimre.hu\/wp-content\/uploads\/2020\/09\/kiallitas_131122_20.jpg\",\"datePublished\":\"2014-02-17T14:54:01+00:00\",\"dateModified\":\"2020-09-30T14:27:01+00:00\",\"breadcrumb\":{\"@id\":\"https:\/\/egerhaziimre.hu\/index.php\/melto-megemlekezes-egerhazi-imrerol\/?lang=en#breadcrumb\"},\"inLanguage\":\"hu\",\"potentialAction\":[{\"@type\":\"ReadAction\",\"target\":[\"https:\/\/egerhaziimre.hu\/index.php\/melto-megemlekezes-egerhazi-imrerol\/?lang=en\"]}]},{\"@type\":\"ImageObject\",\"inLanguage\":\"hu\",\"@id\":\"https:\/\/egerhaziimre.hu\/index.php\/melto-megemlekezes-egerhazi-imrerol\/?lang=en#primaryimage\",\"url\":\"https:\/\/egerhaziimre.hu\/wp-content\/uploads\/2020\/09\/kiallitas_131122_20.jpg\",\"contentUrl\":\"https:\/\/egerhaziimre.hu\/wp-content\/uploads\/2020\/09\/kiallitas_131122_20.jpg\",\"width\":800,\"height\":498},{\"@type\":\"BreadcrumbList\",\"@id\":\"https:\/\/egerhaziimre.hu\/index.php\/melto-megemlekezes-egerhazi-imrerol\/?lang=en#breadcrumb\",\"itemListElement\":[{\"@type\":\"ListItem\",\"position\":1,\"name\":\"Home\",\"item\":\"https:\/\/egerhaziimre.hu\/\"},{\"@type\":\"ListItem\",\"position\":2,\"name\":\"A worthy commemoration of Imre \u00c9gerh\u00e1zi\"}]},{\"@type\":\"WebSite\",\"@id\":\"https:\/\/egerhaziimre.hu\/#website\",\"url\":\"https:\/\/egerhaziimre.hu\/\",\"name\":\"\u00c9gerh\u00e1zi Imre\",\"description\":\"\",\"potentialAction\":[{\"@type\":\"SearchAction\",\"target\":{\"@type\":\"EntryPoint\",\"urlTemplate\":\"https:\/\/egerhaziimre.hu\/?s={search_term_string}\"},\"query-input\":{\"@type\":\"PropertyValueSpecification\",\"valueRequired\":true,\"valueName\":\"search_term_string\"}}],\"inLanguage\":\"hu\"}]}<\/script>\n<!-- \/ Yoast SEO plugin. -->","yoast_head_json":{"title":"M\u00e9lt\u00f3 megeml\u00e9kez\u00e9s \u00c9gerh\u00e1zi Imr\u00e9r\u0151l - \u00c9gerh\u00e1zi Imre","robots":{"index":"index","follow":"follow","max-snippet":"max-snippet:-1","max-image-preview":"max-image-preview:large","max-video-preview":"max-video-preview:-1"},"canonical":"https:\/\/egerhaziimre.hu\/index.php\/melto-megemlekezes-egerhazi-imrerol\/?lang=en","og_locale":"hu_HU","og_type":"article","og_title":"M\u00e9lt\u00f3 megeml\u00e9kez\u00e9s \u00c9gerh\u00e1zi Imr\u00e9r\u0151l - \u00c9gerh\u00e1zi Imre","og_description":"[vc_row el_class=&#8221;margin_bottom_0 padding_bottom_0&#8243;][vc_column][vc_column_text]\u00c9gerh\u00e1zi Imre ki\u00e1ll\u00edt\u00e1s, Hajd\u00fahadh\u00e1z, F\u00f6ldi J\u00e1nos K\u00e9ttannyelv\u0171 \u00c1ltal\u00e1nos \u00e9s M\u0171v\u00e9szeti Iskola 2013. november 22 &#8211; december 13. A F\u00f6ldi J\u00e1nos iskol\u00e1ban a megnyit\u00f3ra meg\u00e9rkezve az aul\u00e1ban felemel\u0151 l\u00e1tv\u00e1ny fogadott. Szab\u00f3 Marg\u00f3 a Hajd\u00fahadh\u00e1zi Gal\u00e9ria \u00e9s \u00c9gerh\u00e1zi \u00c9va az int\u00e9zm\u00e9ny m\u0171v\u00e9szeti pedag\u00f3gusa nagyszer\u0171en rendezt\u00e9k el az \u00e1ltalam \u00f6sszev\u00e1logatott ki\u00e1ll\u00edt\u00e1si anyagot. Az elm\u00falt 13 \u00e9vben j\u00f3n\u00e9h\u00e1ny tematikus t\u00e1rlatot volt szerencs\u00e9m [&hellip;]","og_url":"https:\/\/egerhaziimre.hu\/index.php\/melto-megemlekezes-egerhazi-imrerol\/?lang=en","og_site_name":"\u00c9gerh\u00e1zi Imre","article_modified_time":"2020-09-30T14:27:01+00:00","og_image":[{"width":800,"height":498,"url":"https:\/\/egerhaziimre.hu\/wp-content\/uploads\/2020\/09\/kiallitas_131122_20.jpg","type":"image\/jpeg"}],"twitter_card":"summary_large_image","twitter_misc":{"Becs\u00fclt olvas\u00e1si id\u0151":"7 perc"},"schema":{"@context":"https:\/\/schema.org","@graph":[{"@type":"WebPage","@id":"https:\/\/egerhaziimre.hu\/index.php\/melto-megemlekezes-egerhazi-imrerol\/?lang=en","url":"https:\/\/egerhaziimre.hu\/index.php\/melto-megemlekezes-egerhazi-imrerol\/?lang=en","name":"M\u00e9lt\u00f3 megeml\u00e9kez\u00e9s \u00c9gerh\u00e1zi Imr\u00e9r\u0151l - \u00c9gerh\u00e1zi Imre","isPartOf":{"@id":"https:\/\/egerhaziimre.hu\/#website"},"primaryImageOfPage":{"@id":"https:\/\/egerhaziimre.hu\/index.php\/melto-megemlekezes-egerhazi-imrerol\/?lang=en#primaryimage"},"image":{"@id":"https:\/\/egerhaziimre.hu\/index.php\/melto-megemlekezes-egerhazi-imrerol\/?lang=en#primaryimage"},"thumbnailUrl":"https:\/\/egerhaziimre.hu\/wp-content\/uploads\/2020\/09\/kiallitas_131122_20.jpg","datePublished":"2014-02-17T14:54:01+00:00","dateModified":"2020-09-30T14:27:01+00:00","breadcrumb":{"@id":"https:\/\/egerhaziimre.hu\/index.php\/melto-megemlekezes-egerhazi-imrerol\/?lang=en#breadcrumb"},"inLanguage":"hu","potentialAction":[{"@type":"ReadAction","target":["https:\/\/egerhaziimre.hu\/index.php\/melto-megemlekezes-egerhazi-imrerol\/?lang=en"]}]},{"@type":"ImageObject","inLanguage":"hu","@id":"https:\/\/egerhaziimre.hu\/index.php\/melto-megemlekezes-egerhazi-imrerol\/?lang=en#primaryimage","url":"https:\/\/egerhaziimre.hu\/wp-content\/uploads\/2020\/09\/kiallitas_131122_20.jpg","contentUrl":"https:\/\/egerhaziimre.hu\/wp-content\/uploads\/2020\/09\/kiallitas_131122_20.jpg","width":800,"height":498},{"@type":"BreadcrumbList","@id":"https:\/\/egerhaziimre.hu\/index.php\/melto-megemlekezes-egerhazi-imrerol\/?lang=en#breadcrumb","itemListElement":[{"@type":"ListItem","position":1,"name":"Home","item":"https:\/\/egerhaziimre.hu\/"},{"@type":"ListItem","position":2,"name":"A worthy commemoration of Imre \u00c9gerh\u00e1zi"}]},{"@type":"WebSite","@id":"https:\/\/egerhaziimre.hu\/#website","url":"https:\/\/egerhaziimre.hu\/","name":"\u00c9gerh\u00e1zi Imre","description":"","potentialAction":[{"@type":"SearchAction","target":{"@type":"EntryPoint","urlTemplate":"https:\/\/egerhaziimre.hu\/?s={search_term_string}"},"query-input":{"@type":"PropertyValueSpecification","valueRequired":true,"valueName":"search_term_string"}}],"inLanguage":"hu"}]}},"jetpack_sharing_enabled":true,"_links":{"self":[{"href":"https:\/\/egerhaziimre.hu\/index.php\/wp-json\/wp\/v2\/pages\/10215","targetHints":{"allow":["GET"]}}],"collection":[{"href":"https:\/\/egerhaziimre.hu\/index.php\/wp-json\/wp\/v2\/pages"}],"about":[{"href":"https:\/\/egerhaziimre.hu\/index.php\/wp-json\/wp\/v2\/types\/page"}],"author":[{"embeddable":true,"href":"https:\/\/egerhaziimre.hu\/index.php\/wp-json\/wp\/v2\/users\/4"}],"replies":[{"embeddable":true,"href":"https:\/\/egerhaziimre.hu\/index.php\/wp-json\/wp\/v2\/comments?post=10215"}],"version-history":[{"count":6,"href":"https:\/\/egerhaziimre.hu\/index.php\/wp-json\/wp\/v2\/pages\/10215\/revisions"}],"predecessor-version":[{"id":10243,"href":"https:\/\/egerhaziimre.hu\/index.php\/wp-json\/wp\/v2\/pages\/10215\/revisions\/10243"}],"wp:featuredmedia":[{"embeddable":true,"href":"https:\/\/egerhaziimre.hu\/index.php\/wp-json\/wp\/v2\/media\/10238"}],"wp:attachment":[{"href":"https:\/\/egerhaziimre.hu\/index.php\/wp-json\/wp\/v2\/media?parent=10215"}],"wp:term":[{"taxonomy":"category","embeddable":true,"href":"https:\/\/egerhaziimre.hu\/index.php\/wp-json\/wp\/v2\/categories?post=10215"},{"taxonomy":"post_tag","embeddable":true,"href":"https:\/\/egerhaziimre.hu\/index.php\/wp-json\/wp\/v2\/tags?post=10215"}],"curies":[{"name":"wp","href":"https:\/\/api.w.org\/{rel}","templated":true}]}}