{"id":1025,"date":"2019-08-05T15:06:22","date_gmt":"2019-08-05T13:06:22","guid":{"rendered":"http:\/\/egerhaziimre.magex.hu\/?page_id=1025"},"modified":"2020-09-02T11:03:42","modified_gmt":"2020-09-02T09:03:42","slug":"dr-benyei-miklos-hajdu-bihari-naplo-1980-ii-27","status":"publish","type":"page","link":"https:\/\/egerhaziimre.hu\/index.php\/dijak-elismeresek\/dr-benyei-miklos-hajdu-bihari-naplo-1980-ii-27\/","title":{"rendered":"Dr. B\u00e9nyei Mikl\u00f3s, Hajd\u00fa-Bihari Napl\u00f3, 1980. II. 27."},"content":{"rendered":"<div class=\"wpb-content-wrapper\">\r\n<blockquote class=\"wp-block-quote is-layout-flow wp-block-quote-is-layout-flow\"><p>&#8222;Alkot\u00e1sait els\u0151sorban a t\u00e9mav\u00e1laszt\u00e1s, a letisztult st\u00edlus, a fegyelmezett szerkeszt\u00e9si m\u00f3d, a bels\u0151 harm\u00f3nia \u00e9s a hum\u00e1num teszik egy\u00e9niv\u00e9 \u00e9s vonz\u00f3v\u00e1.&#8221;<br>&#8222;A festm\u00e9nyek magukon hordozz\u00e1k \u00c9gerh\u00e1zi Imre m\u0171v\u00e9szet\u00e9nek valamennyi jellemz\u0151 jegy\u00e9t. T\u00fckr\u00f6zik azt a k\u00e9pess\u00e9g\u00e9t, hogy fest\u0151i \u00e9lm\u00e9ny\u00e9t, mondanival\u00f3j\u00e1t t\u00f6m\u00f6ren, a l\u00e9nyeget kiemelve, minden feleslegeset elhagyva \u00e1br\u00e1zolja.<br>K\u00f6vetkezetesen \u00e9p\u00edtett fel mag\u00e1nak egy k\u00e9pi vil\u00e1got. \u0150szint\u00e9n azonosul t\u00e9m\u00e1ival \u00e9s megtal\u00e1lta a kifejez\u00e9s egy\u00e9ni, korszer\u0171 eszk\u00f6zeit. Festm\u00e9nyein saj\u00e1tos bels\u0151 egys\u00e9get, rendet teremtett, st\u00edlus\u00e1nak k\u00e9t alapvet\u0151 von\u00e1sa a vil\u00e1goss\u00e1g \u00e9s az \u00e9rthet\u0151s\u00e9g. A sz\u00ednek finoms\u00e1ga, a vonalvezet\u00e9s \u00e9s a rajz tisztas\u00e1ga, a fel\u00fclet pontos \u00e9s teljes megmunk\u00e1l\u00e1sa r\u00e9v\u00e9n k\u00e9pei kellemes l\u00e1tv\u00e1nyt ny\u00fajtanak, belefeledkez\u00e9sre k\u00e9sztetnek.&#8221;<\/p><cite>Dr. B\u00e9nyei Mikl\u00f3s<br>Hajd\u00fa-Bihari Napl\u00f3, 1980. II. 27.<\/cite><\/blockquote>\r\n<\/div>","protected":false},"excerpt":{"rendered":"<p>&#8222;Alkot\u00e1sait els\u0151sorban a t\u00e9mav\u00e1laszt\u00e1s, a letisztult st\u00edlus, a fegyelmezett szerkeszt\u00e9si m\u00f3d, a bels\u0151 harm\u00f3nia \u00e9s a hum\u00e1num teszik egy\u00e9niv\u00e9 \u00e9s vonz\u00f3v\u00e1.&#8221;&#8222;A festm\u00e9nyek magukon hordozz\u00e1k \u00c9gerh\u00e1zi Imre m\u0171v\u00e9szet\u00e9nek valamennyi jellemz\u0151 jegy\u00e9t. T\u00fckr\u00f6zik azt a k\u00e9pess\u00e9g\u00e9t, hogy fest\u0151i \u00e9lm\u00e9ny\u00e9t, mondanival\u00f3j\u00e1t t\u00f6m\u00f6ren, a l\u00e9nyeget kiemelve, minden feleslegeset elhagyva \u00e1br\u00e1zolja.K\u00f6vetkezetesen \u00e9p\u00edtett fel mag\u00e1nak egy k\u00e9pi vil\u00e1got. \u0150szint\u00e9n azonosul t\u00e9m\u00e1ival \u00e9s megtal\u00e1lta a kifejez\u00e9s egy\u00e9ni, [&hellip;]<\/p>\n","protected":false},"author":4,"featured_media":0,"parent":31,"menu_order":0,"comment_status":"closed","ping_status":"closed","template":"","meta":{"footnotes":""},"categories":[84],"tags":[42],"class_list":["post-1025","page","type-page","status-publish","hentry","category-kritikak_meltatasok","tag-42"],"yoast_head":"<!-- This site is optimized with the Yoast SEO plugin v27.3 - https:\/\/yoast.com\/product\/yoast-seo-wordpress\/ -->\n<title>Dr. B\u00e9nyei Mikl\u00f3s, Hajd\u00fa-Bihari Napl\u00f3, 1980. II. 27. - \u00c9gerh\u00e1zi Imre<\/title>\n<meta name=\"robots\" content=\"index, follow, max-snippet:-1, max-image-preview:large, max-video-preview:-1\" \/>\n<link rel=\"canonical\" href=\"https:\/\/egerhaziimre.hu\/index.php\/dijak-elismeresek\/dr-benyei-miklos-hajdu-bihari-naplo-1980-ii-27\/?lang=en\" \/>\n<meta property=\"og:locale\" content=\"hu_HU\" \/>\n<meta property=\"og:type\" content=\"article\" \/>\n<meta property=\"og:title\" content=\"Dr. B\u00e9nyei Mikl\u00f3s, Hajd\u00fa-Bihari Napl\u00f3, 1980. II. 27. - \u00c9gerh\u00e1zi Imre\" \/>\n<meta property=\"og:description\" content=\"&#8222;Alkot\u00e1sait els\u0151sorban a t\u00e9mav\u00e1laszt\u00e1s, a letisztult st\u00edlus, a fegyelmezett szerkeszt\u00e9si m\u00f3d, a bels\u0151 harm\u00f3nia \u00e9s a hum\u00e1num teszik egy\u00e9niv\u00e9 \u00e9s vonz\u00f3v\u00e1.&#8221;&#8222;A festm\u00e9nyek magukon hordozz\u00e1k \u00c9gerh\u00e1zi Imre m\u0171v\u00e9szet\u00e9nek valamennyi jellemz\u0151 jegy\u00e9t. T\u00fckr\u00f6zik azt a k\u00e9pess\u00e9g\u00e9t, hogy fest\u0151i \u00e9lm\u00e9ny\u00e9t, mondanival\u00f3j\u00e1t t\u00f6m\u00f6ren, a l\u00e9nyeget kiemelve, minden feleslegeset elhagyva \u00e1br\u00e1zolja.K\u00f6vetkezetesen \u00e9p\u00edtett fel mag\u00e1nak egy k\u00e9pi vil\u00e1got. \u0150szint\u00e9n azonosul t\u00e9m\u00e1ival \u00e9s megtal\u00e1lta a kifejez\u00e9s egy\u00e9ni, [&hellip;]\" \/>\n<meta property=\"og:url\" content=\"https:\/\/egerhaziimre.hu\/index.php\/dijak-elismeresek\/dr-benyei-miklos-hajdu-bihari-naplo-1980-ii-27\/?lang=en\" \/>\n<meta property=\"og:site_name\" content=\"\u00c9gerh\u00e1zi Imre\" \/>\n<meta property=\"article:modified_time\" content=\"2020-09-02T09:03:42+00:00\" \/>\n<meta name=\"twitter:card\" content=\"summary_large_image\" \/>\n<meta name=\"twitter:label1\" content=\"Becs\u00fclt olvas\u00e1si id\u0151\" \/>\n\t<meta name=\"twitter:data1\" content=\"2 perc\" \/>\n<script type=\"application\/ld+json\" class=\"yoast-schema-graph\">{\"@context\":\"https:\\\/\\\/schema.org\",\"@graph\":[{\"@type\":\"WebPage\",\"@id\":\"https:\\\/\\\/egerhaziimre.hu\\\/index.php\\\/dijak-elismeresek\\\/dr-benyei-miklos-hajdu-bihari-naplo-1980-ii-27\\\/?lang=en\",\"url\":\"https:\\\/\\\/egerhaziimre.hu\\\/index.php\\\/dijak-elismeresek\\\/dr-benyei-miklos-hajdu-bihari-naplo-1980-ii-27\\\/?lang=en\",\"name\":\"Dr. B\u00e9nyei Mikl\u00f3s, Hajd\u00fa-Bihari Napl\u00f3, 1980. II. 27. - \u00c9gerh\u00e1zi Imre\",\"isPartOf\":{\"@id\":\"https:\\\/\\\/egerhaziimre.hu\\\/#website\"},\"datePublished\":\"2019-08-05T13:06:22+00:00\",\"dateModified\":\"2020-09-02T09:03:42+00:00\",\"breadcrumb\":{\"@id\":\"https:\\\/\\\/egerhaziimre.hu\\\/index.php\\\/dijak-elismeresek\\\/dr-benyei-miklos-hajdu-bihari-naplo-1980-ii-27\\\/?lang=en#breadcrumb\"},\"inLanguage\":\"hu\",\"potentialAction\":[{\"@type\":\"ReadAction\",\"target\":[\"https:\\\/\\\/egerhaziimre.hu\\\/index.php\\\/dijak-elismeresek\\\/dr-benyei-miklos-hajdu-bihari-naplo-1980-ii-27\\\/?lang=en\"]}]},{\"@type\":\"BreadcrumbList\",\"@id\":\"https:\\\/\\\/egerhaziimre.hu\\\/index.php\\\/dijak-elismeresek\\\/dr-benyei-miklos-hajdu-bihari-naplo-1980-ii-27\\\/?lang=en#breadcrumb\",\"itemListElement\":[{\"@type\":\"ListItem\",\"position\":1,\"name\":\"Home\",\"item\":\"https:\\\/\\\/egerhaziimre.hu\\\/\"},{\"@type\":\"ListItem\",\"position\":2,\"name\":\"Awards, recognitions\",\"item\":\"https:\\\/\\\/egerhaziimre.hu\\\/index.php\\\/dijak-elismeresek\\\/?lang=en\"},{\"@type\":\"ListItem\",\"position\":3,\"name\":\"Dr. Mikl\u00f3s B\u00e9nyei, Hajd\u00fa-Bihari Napl\u00f3, 1980. II. 27.\"}]},{\"@type\":\"WebSite\",\"@id\":\"https:\\\/\\\/egerhaziimre.hu\\\/#website\",\"url\":\"https:\\\/\\\/egerhaziimre.hu\\\/\",\"name\":\"\u00c9gerh\u00e1zi Imre\",\"description\":\"\",\"potentialAction\":[{\"@type\":\"SearchAction\",\"target\":{\"@type\":\"EntryPoint\",\"urlTemplate\":\"https:\\\/\\\/egerhaziimre.hu\\\/?s={search_term_string}\"},\"query-input\":{\"@type\":\"PropertyValueSpecification\",\"valueRequired\":true,\"valueName\":\"search_term_string\"}}],\"inLanguage\":\"hu\"}]}<\/script>\n<!-- \/ Yoast SEO plugin. -->","yoast_head_json":{"title":"Dr. B\u00e9nyei Mikl\u00f3s, Hajd\u00fa-Bihari Napl\u00f3, 1980. II. 27. - \u00c9gerh\u00e1zi Imre","robots":{"index":"index","follow":"follow","max-snippet":"max-snippet:-1","max-image-preview":"max-image-preview:large","max-video-preview":"max-video-preview:-1"},"canonical":"https:\/\/egerhaziimre.hu\/index.php\/dijak-elismeresek\/dr-benyei-miklos-hajdu-bihari-naplo-1980-ii-27\/?lang=en","og_locale":"hu_HU","og_type":"article","og_title":"Dr. B\u00e9nyei Mikl\u00f3s, Hajd\u00fa-Bihari Napl\u00f3, 1980. II. 27. - \u00c9gerh\u00e1zi Imre","og_description":"&#8222;Alkot\u00e1sait els\u0151sorban a t\u00e9mav\u00e1laszt\u00e1s, a letisztult st\u00edlus, a fegyelmezett szerkeszt\u00e9si m\u00f3d, a bels\u0151 harm\u00f3nia \u00e9s a hum\u00e1num teszik egy\u00e9niv\u00e9 \u00e9s vonz\u00f3v\u00e1.&#8221;&#8222;A festm\u00e9nyek magukon hordozz\u00e1k \u00c9gerh\u00e1zi Imre m\u0171v\u00e9szet\u00e9nek valamennyi jellemz\u0151 jegy\u00e9t. T\u00fckr\u00f6zik azt a k\u00e9pess\u00e9g\u00e9t, hogy fest\u0151i \u00e9lm\u00e9ny\u00e9t, mondanival\u00f3j\u00e1t t\u00f6m\u00f6ren, a l\u00e9nyeget kiemelve, minden feleslegeset elhagyva \u00e1br\u00e1zolja.K\u00f6vetkezetesen \u00e9p\u00edtett fel mag\u00e1nak egy k\u00e9pi vil\u00e1got. \u0150szint\u00e9n azonosul t\u00e9m\u00e1ival \u00e9s megtal\u00e1lta a kifejez\u00e9s egy\u00e9ni, [&hellip;]","og_url":"https:\/\/egerhaziimre.hu\/index.php\/dijak-elismeresek\/dr-benyei-miklos-hajdu-bihari-naplo-1980-ii-27\/?lang=en","og_site_name":"\u00c9gerh\u00e1zi Imre","article_modified_time":"2020-09-02T09:03:42+00:00","twitter_card":"summary_large_image","twitter_misc":{"Becs\u00fclt olvas\u00e1si id\u0151":"2 perc"},"schema":{"@context":"https:\/\/schema.org","@graph":[{"@type":"WebPage","@id":"https:\/\/egerhaziimre.hu\/index.php\/dijak-elismeresek\/dr-benyei-miklos-hajdu-bihari-naplo-1980-ii-27\/?lang=en","url":"https:\/\/egerhaziimre.hu\/index.php\/dijak-elismeresek\/dr-benyei-miklos-hajdu-bihari-naplo-1980-ii-27\/?lang=en","name":"Dr. B\u00e9nyei Mikl\u00f3s, Hajd\u00fa-Bihari Napl\u00f3, 1980. II. 27. - \u00c9gerh\u00e1zi Imre","isPartOf":{"@id":"https:\/\/egerhaziimre.hu\/#website"},"datePublished":"2019-08-05T13:06:22+00:00","dateModified":"2020-09-02T09:03:42+00:00","breadcrumb":{"@id":"https:\/\/egerhaziimre.hu\/index.php\/dijak-elismeresek\/dr-benyei-miklos-hajdu-bihari-naplo-1980-ii-27\/?lang=en#breadcrumb"},"inLanguage":"hu","potentialAction":[{"@type":"ReadAction","target":["https:\/\/egerhaziimre.hu\/index.php\/dijak-elismeresek\/dr-benyei-miklos-hajdu-bihari-naplo-1980-ii-27\/?lang=en"]}]},{"@type":"BreadcrumbList","@id":"https:\/\/egerhaziimre.hu\/index.php\/dijak-elismeresek\/dr-benyei-miklos-hajdu-bihari-naplo-1980-ii-27\/?lang=en#breadcrumb","itemListElement":[{"@type":"ListItem","position":1,"name":"Home","item":"https:\/\/egerhaziimre.hu\/"},{"@type":"ListItem","position":2,"name":"Awards, recognitions","item":"https:\/\/egerhaziimre.hu\/index.php\/dijak-elismeresek\/?lang=en"},{"@type":"ListItem","position":3,"name":"Dr. Mikl\u00f3s B\u00e9nyei, Hajd\u00fa-Bihari Napl\u00f3, 1980. II. 27."}]},{"@type":"WebSite","@id":"https:\/\/egerhaziimre.hu\/#website","url":"https:\/\/egerhaziimre.hu\/","name":"\u00c9gerh\u00e1zi Imre","description":"","potentialAction":[{"@type":"SearchAction","target":{"@type":"EntryPoint","urlTemplate":"https:\/\/egerhaziimre.hu\/?s={search_term_string}"},"query-input":{"@type":"PropertyValueSpecification","valueRequired":true,"valueName":"search_term_string"}}],"inLanguage":"hu"}]}},"jetpack_sharing_enabled":true,"_links":{"self":[{"href":"https:\/\/egerhaziimre.hu\/index.php\/wp-json\/wp\/v2\/pages\/1025","targetHints":{"allow":["GET"]}}],"collection":[{"href":"https:\/\/egerhaziimre.hu\/index.php\/wp-json\/wp\/v2\/pages"}],"about":[{"href":"https:\/\/egerhaziimre.hu\/index.php\/wp-json\/wp\/v2\/types\/page"}],"author":[{"embeddable":true,"href":"https:\/\/egerhaziimre.hu\/index.php\/wp-json\/wp\/v2\/users\/4"}],"replies":[{"embeddable":true,"href":"https:\/\/egerhaziimre.hu\/index.php\/wp-json\/wp\/v2\/comments?post=1025"}],"version-history":[{"count":3,"href":"https:\/\/egerhaziimre.hu\/index.php\/wp-json\/wp\/v2\/pages\/1025\/revisions"}],"predecessor-version":[{"id":9054,"href":"https:\/\/egerhaziimre.hu\/index.php\/wp-json\/wp\/v2\/pages\/1025\/revisions\/9054"}],"up":[{"embeddable":true,"href":"https:\/\/egerhaziimre.hu\/index.php\/wp-json\/wp\/v2\/pages\/31"}],"wp:attachment":[{"href":"https:\/\/egerhaziimre.hu\/index.php\/wp-json\/wp\/v2\/media?parent=1025"}],"wp:term":[{"taxonomy":"category","embeddable":true,"href":"https:\/\/egerhaziimre.hu\/index.php\/wp-json\/wp\/v2\/categories?post=1025"},{"taxonomy":"post_tag","embeddable":true,"href":"https:\/\/egerhaziimre.hu\/index.php\/wp-json\/wp\/v2\/tags?post=1025"}],"curies":[{"name":"wp","href":"https:\/\/api.w.org\/{rel}","templated":true}]}}