{"id":10251,"date":"2013-04-27T10:03:39","date_gmt":"2013-04-27T08:03:39","guid":{"rendered":"https:\/\/egerhaziimre.hu\/?page_id=10251"},"modified":"2020-10-01T10:04:46","modified_gmt":"2020-10-01T08:04:46","slug":"egerhazi-imre-galeria-atadas-hortobagy-2013","status":"publish","type":"page","link":"https:\/\/egerhaziimre.hu\/index.php\/egerhazi-imre-galeria-atadas-hortobagy-2013\/","title":{"rendered":"\u00c9gerh\u00e1zi Imre gal\u00e9ria \u00e1tad\u00e1s a Hortob\u00e1gyon"},"content":{"rendered":"<div class=\"wpb-content-wrapper\">[vc_row el_class=&#8221;margin_bottom_0 padding_bottom_0&#8243;][vc_column][vc_column_text]Hortob\u00e1gy \u2013 A m\u00falt sz\u00e1zadban, a h\u00faszas \u00e9vek v\u00e9g\u00e9n h\u00e1rom alf\u00f6ldi fest\u0151m\u0171v\u00e9sz egy kol\u00f3ni\u00e1t alap\u00edtott, hogy \u00fczenetet k\u00fcldve Magyarorsz\u00e1gr\u00f3l a Hortob\u00e1gy sz\u00e9ps\u00e9geire h\u00edvja fel a figyelmet \u2013 mondta a gal\u00e9ria \u00e1tad\u00e1s el\u0151tti k\u00f6sz\u00f6nt\u0151 besz\u00e9d\u00e9ben Gencsi Zolt\u00e1n a telep\u00fcl\u00e9s alpolg\u00e1rmestere. Hortob\u00e1gy \u2013 A m\u00falt sz\u00e1zadban, a h\u00faszas \u00e9vek v\u00e9g\u00e9n h\u00e1rom alf\u00f6ldi fest\u0151m\u0171v\u00e9sz egy kol\u00f3ni\u00e1t alap\u00edtott, hogy \u00fczenetet k\u00fcldve Magyarorsz\u00e1gr\u00f3l a Hortob\u00e1gy sz\u00e9ps\u00e9geire h\u00edvja fel a figyelmet \u2013 mondta a gal\u00e9ria \u00e1tad\u00e1s el\u0151tti k\u00f6sz\u00f6nt\u0151 besz\u00e9d\u00e9ben Gencsi Zolt\u00e1n a telep\u00fcl\u00e9s alpolg\u00e1rmestere.<\/p>\n<p>Ezzel arra az \u00f6r\u00f6ks\u00e9gre utalt, amit t\u00f6bb mint 50 \u00e9v ut\u00e1n a debreceni fest\u0151m\u0171v\u00e9sz. \u00c9gerh\u00e1zi Imre folytatott, amikor \u00fajra szervezte a Hortob\u00e1gyi Alkot\u00f3t\u00e1bort.<\/p>\n<p>Vincze Andr\u00e1sn\u00e9 polg\u00e1rmester \u00e1tad\u00f3 besz\u00e9d\u00e9ben megeml\u00edtette, hogy a k\u00e9t \u00e9ve megnyitott gal\u00e9ri\u00e1t a Leader program keret\u00e9ben 18 milli\u00f3 forint\u00e9rt fel\u00faj\u00edtottak, ebb\u0151l 15 milli\u00f3 volt a t\u00e1mogat\u00e1s \u00f6sszege. ATiszacsegei Hagyom\u00e1ny\u0151rz\u0151 N\u00e9pt\u00e1nc Egyes\u00fclet\u00e9s a Hortob\u00e1gyi D\u00e9lib\u00e1b N\u00e9pdalk\u00f6r r\u00f6vid m\u0171sora ut\u00e1n a vend\u00e9gek megtekintett\u00e9k a fel\u00faj\u00edtott gal\u00e9ri\u00e1ban ki\u00e1ll\u00edtott alkot\u00e1sokat, melyek az alkot\u00f3t\u00e1borban k\u00e9sz\u00fcltek az elm\u00falt \u00e9vtizedekben. H. Csongr\u00e1dy M\u00e1rta m\u0171v\u00e9szeti vezet\u0151 megnyit\u00f3ja el\u0151tt a n\u00e9vad\u00f3 sz\u00fcl\u0151v\u00e1ros\u00e1b\u00f3l \u00e9rkezett kis csoport helyezte el koszor\u00faj\u00e1t \u00c9gerh\u00e1zi Imre portr\u00e9j\u00e1n\u00e1l.[\/vc_column_text][vc_separator][vc_column_text]\n<h6>Megh\u00edv\u00f3<\/h6>\n[\/vc_column_text][vc_single_image image=&#8221;10252&#8243; img_size=&#8221;large&#8221; alignment=&#8221;center&#8221; style=&#8221;xtd-shadow&#8211;normal-light&#8221; onclick=&#8221;link_image&#8221;][vc_empty_space][vc_separator][vc_column_text]\n<h6>Fot\u00f3gal\u00e9ria<\/h6>\n[\/vc_column_text][vc_media_grid style=&#8221;pagination&#8221; items_per_page=&#8221;8&#8243; element_width=&#8221;3&#8243; gap=&#8221;30&#8243; arrows_design=&#8221;vc_arrow-icon-arrow_01_left&#8221; arrows_color=&#8221;black&#8221; paging_design=&#8221;pagination_square&#8221; paging_color=&#8221;black&#8221; loop=&#8221;yes&#8221; grid_id=&#8221;vc_gid:1601539217027-ca94c5f9-4693-6&#8243; include=&#8221;10253,10254,10255,10256,10257,10258,10259,10260,10261,10262,10263,10264,10265,10266,10267&#8243;][\/vc_column][\/vc_row]\n<\/div>","protected":false},"excerpt":{"rendered":"<p>[vc_row el_class=&#8221;margin_bottom_0 padding_bottom_0&#8243;][vc_column][vc_column_text]Hortob\u00e1gy \u2013 A m\u00falt sz\u00e1zadban, a h\u00faszas \u00e9vek v\u00e9g\u00e9n h\u00e1rom alf\u00f6ldi fest\u0151m\u0171v\u00e9sz egy kol\u00f3ni\u00e1t alap\u00edtott, hogy \u00fczenetet k\u00fcldve Magyarorsz\u00e1gr\u00f3l a Hortob\u00e1gy sz\u00e9ps\u00e9geire h\u00edvja fel a figyelmet \u2013 mondta a gal\u00e9ria \u00e1tad\u00e1s el\u0151tti k\u00f6sz\u00f6nt\u0151 besz\u00e9d\u00e9ben Gencsi Zolt\u00e1n a telep\u00fcl\u00e9s alpolg\u00e1rmestere. Hortob\u00e1gy \u2013 A m\u00falt sz\u00e1zadban, a h\u00faszas \u00e9vek v\u00e9g\u00e9n h\u00e1rom alf\u00f6ldi fest\u0151m\u0171v\u00e9sz egy kol\u00f3ni\u00e1t alap\u00edtott, hogy \u00fczenetet k\u00fcldve Magyarorsz\u00e1gr\u00f3l [&hellip;]<\/p>\n","protected":false},"author":4,"featured_media":10262,"parent":0,"menu_order":0,"comment_status":"closed","ping_status":"closed","template":"","meta":{"footnotes":""},"categories":[13],"tags":[210],"class_list":["post-10251","page","type-page","status-publish","has-post-thumbnail","hentry","category-hirek","tag-210"],"yoast_head":"<!-- This site is optimized with the Yoast SEO plugin v27.0 - https:\/\/yoast.com\/product\/yoast-seo-wordpress\/ -->\n<title>\u00c9gerh\u00e1zi Imre gal\u00e9ria \u00e1tad\u00e1s a Hortob\u00e1gyon - \u00c9gerh\u00e1zi Imre<\/title>\n<meta name=\"robots\" content=\"index, follow, max-snippet:-1, max-image-preview:large, max-video-preview:-1\" \/>\n<link rel=\"canonical\" href=\"https:\/\/egerhaziimre.hu\/index.php\/egerhazi-imre-galeria-atadas-hortobagy-2013\/?lang=en\" \/>\n<meta property=\"og:locale\" content=\"hu_HU\" \/>\n<meta property=\"og:type\" content=\"article\" \/>\n<meta property=\"og:title\" content=\"\u00c9gerh\u00e1zi Imre gal\u00e9ria \u00e1tad\u00e1s a Hortob\u00e1gyon - \u00c9gerh\u00e1zi Imre\" \/>\n<meta property=\"og:description\" content=\"[vc_row el_class=&#8221;margin_bottom_0 padding_bottom_0&#8243;][vc_column][vc_column_text]Hortob\u00e1gy \u2013 A m\u00falt sz\u00e1zadban, a h\u00faszas \u00e9vek v\u00e9g\u00e9n h\u00e1rom alf\u00f6ldi fest\u0151m\u0171v\u00e9sz egy kol\u00f3ni\u00e1t alap\u00edtott, hogy \u00fczenetet k\u00fcldve Magyarorsz\u00e1gr\u00f3l a Hortob\u00e1gy sz\u00e9ps\u00e9geire h\u00edvja fel a figyelmet \u2013 mondta a gal\u00e9ria \u00e1tad\u00e1s el\u0151tti k\u00f6sz\u00f6nt\u0151 besz\u00e9d\u00e9ben Gencsi Zolt\u00e1n a telep\u00fcl\u00e9s alpolg\u00e1rmestere. Hortob\u00e1gy \u2013 A m\u00falt sz\u00e1zadban, a h\u00faszas \u00e9vek v\u00e9g\u00e9n h\u00e1rom alf\u00f6ldi fest\u0151m\u0171v\u00e9sz egy kol\u00f3ni\u00e1t alap\u00edtott, hogy \u00fczenetet k\u00fcldve Magyarorsz\u00e1gr\u00f3l [&hellip;]\" \/>\n<meta property=\"og:url\" content=\"https:\/\/egerhaziimre.hu\/index.php\/egerhazi-imre-galeria-atadas-hortobagy-2013\/?lang=en\" \/>\n<meta property=\"og:site_name\" content=\"\u00c9gerh\u00e1zi Imre\" \/>\n<meta property=\"article:modified_time\" content=\"2020-10-01T08:04:46+00:00\" \/>\n<meta property=\"og:image\" content=\"https:\/\/egerhaziimre.hu\/wp-content\/uploads\/2020\/10\/hortobagyi_galeria_20130427_10.jpg\" \/>\n\t<meta property=\"og:image:width\" content=\"800\" \/>\n\t<meta property=\"og:image:height\" content=\"531\" \/>\n\t<meta property=\"og:image:type\" content=\"image\/jpeg\" \/>\n<meta name=\"twitter:card\" content=\"summary_large_image\" \/>\n<meta name=\"twitter:label1\" content=\"Becs\u00fclt olvas\u00e1si id\u0151\" \/>\n\t<meta name=\"twitter:data1\" content=\"3 perc\" \/>\n<script type=\"application\/ld+json\" class=\"yoast-schema-graph\">{\"@context\":\"https:\/\/schema.org\",\"@graph\":[{\"@type\":\"WebPage\",\"@id\":\"https:\/\/egerhaziimre.hu\/index.php\/egerhazi-imre-galeria-atadas-hortobagy-2013\/?lang=en\",\"url\":\"https:\/\/egerhaziimre.hu\/index.php\/egerhazi-imre-galeria-atadas-hortobagy-2013\/?lang=en\",\"name\":\"\u00c9gerh\u00e1zi Imre gal\u00e9ria \u00e1tad\u00e1s a Hortob\u00e1gyon - \u00c9gerh\u00e1zi Imre\",\"isPartOf\":{\"@id\":\"https:\/\/egerhaziimre.hu\/#website\"},\"primaryImageOfPage\":{\"@id\":\"https:\/\/egerhaziimre.hu\/index.php\/egerhazi-imre-galeria-atadas-hortobagy-2013\/?lang=en#primaryimage\"},\"image\":{\"@id\":\"https:\/\/egerhaziimre.hu\/index.php\/egerhazi-imre-galeria-atadas-hortobagy-2013\/?lang=en#primaryimage\"},\"thumbnailUrl\":\"https:\/\/egerhaziimre.hu\/wp-content\/uploads\/2020\/10\/hortobagyi_galeria_20130427_10.jpg\",\"datePublished\":\"2013-04-27T08:03:39+00:00\",\"dateModified\":\"2020-10-01T08:04:46+00:00\",\"breadcrumb\":{\"@id\":\"https:\/\/egerhaziimre.hu\/index.php\/egerhazi-imre-galeria-atadas-hortobagy-2013\/?lang=en#breadcrumb\"},\"inLanguage\":\"hu\",\"potentialAction\":[{\"@type\":\"ReadAction\",\"target\":[\"https:\/\/egerhaziimre.hu\/index.php\/egerhazi-imre-galeria-atadas-hortobagy-2013\/?lang=en\"]}]},{\"@type\":\"ImageObject\",\"inLanguage\":\"hu\",\"@id\":\"https:\/\/egerhaziimre.hu\/index.php\/egerhazi-imre-galeria-atadas-hortobagy-2013\/?lang=en#primaryimage\",\"url\":\"https:\/\/egerhaziimre.hu\/wp-content\/uploads\/2020\/10\/hortobagyi_galeria_20130427_10.jpg\",\"contentUrl\":\"https:\/\/egerhaziimre.hu\/wp-content\/uploads\/2020\/10\/hortobagyi_galeria_20130427_10.jpg\",\"width\":800,\"height\":531},{\"@type\":\"BreadcrumbList\",\"@id\":\"https:\/\/egerhaziimre.hu\/index.php\/egerhazi-imre-galeria-atadas-hortobagy-2013\/?lang=en#breadcrumb\",\"itemListElement\":[{\"@type\":\"ListItem\",\"position\":1,\"name\":\"Home\",\"item\":\"https:\/\/egerhaziimre.hu\/\"},{\"@type\":\"ListItem\",\"position\":2,\"name\":\"Imre \u00c9gerh\u00e1zi gallery opening ceremony in Hortob\u00e1gy\"}]},{\"@type\":\"WebSite\",\"@id\":\"https:\/\/egerhaziimre.hu\/#website\",\"url\":\"https:\/\/egerhaziimre.hu\/\",\"name\":\"\u00c9gerh\u00e1zi Imre\",\"description\":\"\",\"potentialAction\":[{\"@type\":\"SearchAction\",\"target\":{\"@type\":\"EntryPoint\",\"urlTemplate\":\"https:\/\/egerhaziimre.hu\/?s={search_term_string}\"},\"query-input\":{\"@type\":\"PropertyValueSpecification\",\"valueRequired\":true,\"valueName\":\"search_term_string\"}}],\"inLanguage\":\"hu\"}]}<\/script>\n<!-- \/ Yoast SEO plugin. -->","yoast_head_json":{"title":"\u00c9gerh\u00e1zi Imre gal\u00e9ria \u00e1tad\u00e1s a Hortob\u00e1gyon - \u00c9gerh\u00e1zi Imre","robots":{"index":"index","follow":"follow","max-snippet":"max-snippet:-1","max-image-preview":"max-image-preview:large","max-video-preview":"max-video-preview:-1"},"canonical":"https:\/\/egerhaziimre.hu\/index.php\/egerhazi-imre-galeria-atadas-hortobagy-2013\/?lang=en","og_locale":"hu_HU","og_type":"article","og_title":"\u00c9gerh\u00e1zi Imre gal\u00e9ria \u00e1tad\u00e1s a Hortob\u00e1gyon - \u00c9gerh\u00e1zi Imre","og_description":"[vc_row el_class=&#8221;margin_bottom_0 padding_bottom_0&#8243;][vc_column][vc_column_text]Hortob\u00e1gy \u2013 A m\u00falt sz\u00e1zadban, a h\u00faszas \u00e9vek v\u00e9g\u00e9n h\u00e1rom alf\u00f6ldi fest\u0151m\u0171v\u00e9sz egy kol\u00f3ni\u00e1t alap\u00edtott, hogy \u00fczenetet k\u00fcldve Magyarorsz\u00e1gr\u00f3l a Hortob\u00e1gy sz\u00e9ps\u00e9geire h\u00edvja fel a figyelmet \u2013 mondta a gal\u00e9ria \u00e1tad\u00e1s el\u0151tti k\u00f6sz\u00f6nt\u0151 besz\u00e9d\u00e9ben Gencsi Zolt\u00e1n a telep\u00fcl\u00e9s alpolg\u00e1rmestere. Hortob\u00e1gy \u2013 A m\u00falt sz\u00e1zadban, a h\u00faszas \u00e9vek v\u00e9g\u00e9n h\u00e1rom alf\u00f6ldi fest\u0151m\u0171v\u00e9sz egy kol\u00f3ni\u00e1t alap\u00edtott, hogy \u00fczenetet k\u00fcldve Magyarorsz\u00e1gr\u00f3l [&hellip;]","og_url":"https:\/\/egerhaziimre.hu\/index.php\/egerhazi-imre-galeria-atadas-hortobagy-2013\/?lang=en","og_site_name":"\u00c9gerh\u00e1zi Imre","article_modified_time":"2020-10-01T08:04:46+00:00","og_image":[{"width":800,"height":531,"url":"https:\/\/egerhaziimre.hu\/wp-content\/uploads\/2020\/10\/hortobagyi_galeria_20130427_10.jpg","type":"image\/jpeg"}],"twitter_card":"summary_large_image","twitter_misc":{"Becs\u00fclt olvas\u00e1si id\u0151":"3 perc"},"schema":{"@context":"https:\/\/schema.org","@graph":[{"@type":"WebPage","@id":"https:\/\/egerhaziimre.hu\/index.php\/egerhazi-imre-galeria-atadas-hortobagy-2013\/?lang=en","url":"https:\/\/egerhaziimre.hu\/index.php\/egerhazi-imre-galeria-atadas-hortobagy-2013\/?lang=en","name":"\u00c9gerh\u00e1zi Imre gal\u00e9ria \u00e1tad\u00e1s a Hortob\u00e1gyon - \u00c9gerh\u00e1zi Imre","isPartOf":{"@id":"https:\/\/egerhaziimre.hu\/#website"},"primaryImageOfPage":{"@id":"https:\/\/egerhaziimre.hu\/index.php\/egerhazi-imre-galeria-atadas-hortobagy-2013\/?lang=en#primaryimage"},"image":{"@id":"https:\/\/egerhaziimre.hu\/index.php\/egerhazi-imre-galeria-atadas-hortobagy-2013\/?lang=en#primaryimage"},"thumbnailUrl":"https:\/\/egerhaziimre.hu\/wp-content\/uploads\/2020\/10\/hortobagyi_galeria_20130427_10.jpg","datePublished":"2013-04-27T08:03:39+00:00","dateModified":"2020-10-01T08:04:46+00:00","breadcrumb":{"@id":"https:\/\/egerhaziimre.hu\/index.php\/egerhazi-imre-galeria-atadas-hortobagy-2013\/?lang=en#breadcrumb"},"inLanguage":"hu","potentialAction":[{"@type":"ReadAction","target":["https:\/\/egerhaziimre.hu\/index.php\/egerhazi-imre-galeria-atadas-hortobagy-2013\/?lang=en"]}]},{"@type":"ImageObject","inLanguage":"hu","@id":"https:\/\/egerhaziimre.hu\/index.php\/egerhazi-imre-galeria-atadas-hortobagy-2013\/?lang=en#primaryimage","url":"https:\/\/egerhaziimre.hu\/wp-content\/uploads\/2020\/10\/hortobagyi_galeria_20130427_10.jpg","contentUrl":"https:\/\/egerhaziimre.hu\/wp-content\/uploads\/2020\/10\/hortobagyi_galeria_20130427_10.jpg","width":800,"height":531},{"@type":"BreadcrumbList","@id":"https:\/\/egerhaziimre.hu\/index.php\/egerhazi-imre-galeria-atadas-hortobagy-2013\/?lang=en#breadcrumb","itemListElement":[{"@type":"ListItem","position":1,"name":"Home","item":"https:\/\/egerhaziimre.hu\/"},{"@type":"ListItem","position":2,"name":"Imre \u00c9gerh\u00e1zi gallery opening ceremony in Hortob\u00e1gy"}]},{"@type":"WebSite","@id":"https:\/\/egerhaziimre.hu\/#website","url":"https:\/\/egerhaziimre.hu\/","name":"\u00c9gerh\u00e1zi Imre","description":"","potentialAction":[{"@type":"SearchAction","target":{"@type":"EntryPoint","urlTemplate":"https:\/\/egerhaziimre.hu\/?s={search_term_string}"},"query-input":{"@type":"PropertyValueSpecification","valueRequired":true,"valueName":"search_term_string"}}],"inLanguage":"hu"}]}},"jetpack_sharing_enabled":true,"_links":{"self":[{"href":"https:\/\/egerhaziimre.hu\/index.php\/wp-json\/wp\/v2\/pages\/10251","targetHints":{"allow":["GET"]}}],"collection":[{"href":"https:\/\/egerhaziimre.hu\/index.php\/wp-json\/wp\/v2\/pages"}],"about":[{"href":"https:\/\/egerhaziimre.hu\/index.php\/wp-json\/wp\/v2\/types\/page"}],"author":[{"embeddable":true,"href":"https:\/\/egerhaziimre.hu\/index.php\/wp-json\/wp\/v2\/users\/4"}],"replies":[{"embeddable":true,"href":"https:\/\/egerhaziimre.hu\/index.php\/wp-json\/wp\/v2\/comments?post=10251"}],"version-history":[{"count":1,"href":"https:\/\/egerhaziimre.hu\/index.php\/wp-json\/wp\/v2\/pages\/10251\/revisions"}],"predecessor-version":[{"id":10268,"href":"https:\/\/egerhaziimre.hu\/index.php\/wp-json\/wp\/v2\/pages\/10251\/revisions\/10268"}],"wp:featuredmedia":[{"embeddable":true,"href":"https:\/\/egerhaziimre.hu\/index.php\/wp-json\/wp\/v2\/media\/10262"}],"wp:attachment":[{"href":"https:\/\/egerhaziimre.hu\/index.php\/wp-json\/wp\/v2\/media?parent=10251"}],"wp:term":[{"taxonomy":"category","embeddable":true,"href":"https:\/\/egerhaziimre.hu\/index.php\/wp-json\/wp\/v2\/categories?post=10251"},{"taxonomy":"post_tag","embeddable":true,"href":"https:\/\/egerhaziimre.hu\/index.php\/wp-json\/wp\/v2\/tags?post=10251"}],"curies":[{"name":"wp","href":"https:\/\/api.w.org\/{rel}","templated":true}]}}