{"id":10281,"date":"2012-11-27T10:40:29","date_gmt":"2012-11-27T09:40:29","guid":{"rendered":"https:\/\/egerhaziimre.hu\/?page_id=10281"},"modified":"2020-10-01T10:56:38","modified_gmt":"2020-10-01T08:56:38","slug":"toretlenul-apoljak-a-varos-szulotte-es-diszpolgara-emleket","status":"publish","type":"page","link":"https:\/\/egerhaziimre.hu\/index.php\/toretlenul-apoljak-a-varos-szulotte-es-diszpolgara-emleket\/","title":{"rendered":"T\u00f6retlen\u00fcl \u00e1polj\u00e1k a v\u00e1ros sz\u00fcl\u00f6tte \u00e9s d\u00edszpolg\u00e1ra eml\u00e9k\u00e9t"},"content":{"rendered":"<div class=\"wpb-content-wrapper\">[vc_row el_class=&#8221;margin_bottom_0 padding_bottom_0&#8243;][vc_column][vc_column_text]Debrecen. A hajd\u00fahadh\u00e1zi Kultur\u00e1lis \u00e9rt\u00e9keink\u00e9rt Bar\u00e1ti K\u00f6r id\u00e9n nem a v\u00e1ros sz\u00fcl\u00f6tt\u00e9nek, \u00c9gerh\u00e1zi Imr\u00e9nek az eml\u00e9kh\u00e1z\u00e1n\u00e1l, hanem a Debreceni K\u00f6ztemet\u0151ben l\u00e9v\u0151 s\u00edrj\u00e1n\u00e1l eml\u00e9kezett meg a 2001. november 14-\u00e9n elhunyt fest\u0151m\u0171v\u00e9szr\u0151l. A november 22-\u00e9n d\u00e9lel\u0151tt megtartott esem\u00e9nyen Korompain\u00e9 Mocsnik M\u00e1ria muzeol\u00f3gus felid\u00e9zte a m\u0171v\u00e9szt\u00e1rs \u00e9s bar\u00e1t, az az\u00f3ta m\u00e1r szint\u00e9n elhunyt Madar\u00e1sz Gyula \u00c9gerh\u00e1zi Imre temet\u00e9s\u00e9n elmondott m\u00e9ltat\u00f3 szavait. Ezt k\u00f6vet\u0151en B\u00e9res L\u00e1szl\u00f3 Hajd\u00fahadh\u00e1z kor\u00e1bbi polg\u00e1rmestere mondott szem\u00e9lyes hang\u00fa besz\u00e9det, melyben eml\u00e9keztetett arra, hogy a v\u00e1ros d\u00edszpolg\u00e1r\u00e1v\u00e1 is v\u00e1lasztott m\u0171v\u00e9sz a k\u00fclf\u00f6ldi fest\u0151k\u00f6n kereszt\u00fcl a vil\u00e1got vitte el a telep\u00fcl\u00e9sre. Hozz\u00e1tette, ma m\u00e1r nem nagyon lehet olyan \u00f6nzetlens\u00e9ggel tal\u00e1lkozni, ami \u00c9gerh\u00e1zi Imr\u00e9t jellemezte. Az eml\u00e9kez\u0151k a k\u00f6ztemet\u0151b\u0151l el\u0151bb a Holl\u00f3 L\u00e1szl\u00f3-d\u00edjasok (k\u00f6zt\u00fck \u00c9gerh\u00e1zi Imre) nemr\u00e9gen ny\u00edlt ki\u00e1ll\u00edt\u00e1sra mentek az \u00c9lettudom\u00e1nyi Gal\u00e9ri\u00e1ba, ahol a Holl\u00f3-d\u00edjas H. Csongr\u00e1dy M\u00e1rta fot\u00f3m\u0171v\u00e9sz tartott t\u00e1rlatvezet\u00e9st, majd a n\u00e9vad\u00f3 fel\u00faj\u00edtott eml\u00e9kh\u00e1z\u00e1t tekintett\u00e9k meg.[\/vc_column_text][vc_separator][vc_column_text]\n<h6>Fot\u00f3gal\u00e9ria<\/h6>\n[\/vc_column_text][vc_media_grid style=&#8221;pagination&#8221; items_per_page=&#8221;8&#8243; element_width=&#8221;3&#8243; gap=&#8221;30&#8243; arrows_design=&#8221;vc_arrow-icon-arrow_01_left&#8221; arrows_color=&#8221;black&#8221; paging_design=&#8221;pagination_square&#8221; paging_color=&#8221;black&#8221; loop=&#8221;yes&#8221; grid_id=&#8221;vc_gid:1601541631448-a7b66b66-e2e8-3&#8243; include=&#8221;10282,10283,10284,10285,10286,10287,10288&#8243;][\/vc_column][\/vc_row]\n<\/div>","protected":false},"excerpt":{"rendered":"<p>[vc_row el_class=&#8221;margin_bottom_0 padding_bottom_0&#8243;][vc_column][vc_column_text]Debrecen. A hajd\u00fahadh\u00e1zi Kultur\u00e1lis \u00e9rt\u00e9keink\u00e9rt Bar\u00e1ti K\u00f6r id\u00e9n nem a v\u00e1ros sz\u00fcl\u00f6tt\u00e9nek, \u00c9gerh\u00e1zi Imr\u00e9nek az eml\u00e9kh\u00e1z\u00e1n\u00e1l, hanem a Debreceni K\u00f6ztemet\u0151ben l\u00e9v\u0151 s\u00edrj\u00e1n\u00e1l eml\u00e9kezett meg a 2001. november 14-\u00e9n elhunyt fest\u0151m\u0171v\u00e9szr\u0151l. A november 22-\u00e9n d\u00e9lel\u0151tt megtartott esem\u00e9nyen Korompain\u00e9 Mocsnik M\u00e1ria muzeol\u00f3gus felid\u00e9zte a m\u0171v\u00e9szt\u00e1rs \u00e9s bar\u00e1t, az az\u00f3ta m\u00e1r szint\u00e9n elhunyt Madar\u00e1sz Gyula \u00c9gerh\u00e1zi Imre temet\u00e9s\u00e9n elmondott m\u00e9ltat\u00f3 szavait. [&hellip;]<\/p>\n","protected":false},"author":4,"featured_media":10287,"parent":0,"menu_order":0,"comment_status":"closed","ping_status":"closed","template":"","meta":{"footnotes":""},"categories":[13],"tags":[216],"class_list":["post-10281","page","type-page","status-publish","has-post-thumbnail","hentry","category-hirek","tag-216"],"yoast_head":"<!-- This site is optimized with the Yoast SEO plugin v27.3 - https:\/\/yoast.com\/product\/yoast-seo-wordpress\/ -->\n<title>T\u00f6retlen\u00fcl \u00e1polj\u00e1k a v\u00e1ros sz\u00fcl\u00f6tte \u00e9s d\u00edszpolg\u00e1ra eml\u00e9k\u00e9t - \u00c9gerh\u00e1zi Imre<\/title>\n<meta name=\"robots\" content=\"index, follow, max-snippet:-1, max-image-preview:large, max-video-preview:-1\" \/>\n<link rel=\"canonical\" href=\"https:\/\/egerhaziimre.hu\/index.php\/toretlenul-apoljak-a-varos-szulotte-es-diszpolgara-emleket\/?lang=en\" \/>\n<meta property=\"og:locale\" content=\"hu_HU\" \/>\n<meta property=\"og:type\" content=\"article\" \/>\n<meta property=\"og:title\" content=\"T\u00f6retlen\u00fcl \u00e1polj\u00e1k a v\u00e1ros sz\u00fcl\u00f6tte \u00e9s d\u00edszpolg\u00e1ra eml\u00e9k\u00e9t - \u00c9gerh\u00e1zi Imre\" \/>\n<meta property=\"og:description\" content=\"[vc_row el_class=&#8221;margin_bottom_0 padding_bottom_0&#8243;][vc_column][vc_column_text]Debrecen. A hajd\u00fahadh\u00e1zi Kultur\u00e1lis \u00e9rt\u00e9keink\u00e9rt Bar\u00e1ti K\u00f6r id\u00e9n nem a v\u00e1ros sz\u00fcl\u00f6tt\u00e9nek, \u00c9gerh\u00e1zi Imr\u00e9nek az eml\u00e9kh\u00e1z\u00e1n\u00e1l, hanem a Debreceni K\u00f6ztemet\u0151ben l\u00e9v\u0151 s\u00edrj\u00e1n\u00e1l eml\u00e9kezett meg a 2001. november 14-\u00e9n elhunyt fest\u0151m\u0171v\u00e9szr\u0151l. A november 22-\u00e9n d\u00e9lel\u0151tt megtartott esem\u00e9nyen Korompain\u00e9 Mocsnik M\u00e1ria muzeol\u00f3gus felid\u00e9zte a m\u0171v\u00e9szt\u00e1rs \u00e9s bar\u00e1t, az az\u00f3ta m\u00e1r szint\u00e9n elhunyt Madar\u00e1sz Gyula \u00c9gerh\u00e1zi Imre temet\u00e9s\u00e9n elmondott m\u00e9ltat\u00f3 szavait. [&hellip;]\" \/>\n<meta property=\"og:url\" content=\"https:\/\/egerhaziimre.hu\/index.php\/toretlenul-apoljak-a-varos-szulotte-es-diszpolgara-emleket\/?lang=en\" \/>\n<meta property=\"og:site_name\" content=\"\u00c9gerh\u00e1zi Imre\" \/>\n<meta property=\"article:modified_time\" content=\"2020-10-01T08:56:38+00:00\" \/>\n<meta property=\"og:image\" content=\"https:\/\/egerhaziimre.hu\/wp-content\/uploads\/2020\/10\/emlekezes_2012_06.jpg\" \/>\n\t<meta property=\"og:image:width\" content=\"800\" \/>\n\t<meta property=\"og:image:height\" content=\"533\" \/>\n\t<meta property=\"og:image:type\" content=\"image\/jpeg\" \/>\n<meta name=\"twitter:card\" content=\"summary_large_image\" \/>\n<meta name=\"twitter:label1\" content=\"Becs\u00fclt olvas\u00e1si id\u0151\" \/>\n\t<meta name=\"twitter:data1\" content=\"3 perc\" \/>\n<script type=\"application\/ld+json\" class=\"yoast-schema-graph\">{\"@context\":\"https:\\\/\\\/schema.org\",\"@graph\":[{\"@type\":\"WebPage\",\"@id\":\"https:\\\/\\\/egerhaziimre.hu\\\/index.php\\\/toretlenul-apoljak-a-varos-szulotte-es-diszpolgara-emleket\\\/?lang=en\",\"url\":\"https:\\\/\\\/egerhaziimre.hu\\\/index.php\\\/toretlenul-apoljak-a-varos-szulotte-es-diszpolgara-emleket\\\/?lang=en\",\"name\":\"T\u00f6retlen\u00fcl \u00e1polj\u00e1k a v\u00e1ros sz\u00fcl\u00f6tte \u00e9s d\u00edszpolg\u00e1ra eml\u00e9k\u00e9t - \u00c9gerh\u00e1zi Imre\",\"isPartOf\":{\"@id\":\"https:\\\/\\\/egerhaziimre.hu\\\/#website\"},\"primaryImageOfPage\":{\"@id\":\"https:\\\/\\\/egerhaziimre.hu\\\/index.php\\\/toretlenul-apoljak-a-varos-szulotte-es-diszpolgara-emleket\\\/?lang=en#primaryimage\"},\"image\":{\"@id\":\"https:\\\/\\\/egerhaziimre.hu\\\/index.php\\\/toretlenul-apoljak-a-varos-szulotte-es-diszpolgara-emleket\\\/?lang=en#primaryimage\"},\"thumbnailUrl\":\"https:\\\/\\\/egerhaziimre.hu\\\/wp-content\\\/uploads\\\/2020\\\/10\\\/emlekezes_2012_06.jpg\",\"datePublished\":\"2012-11-27T09:40:29+00:00\",\"dateModified\":\"2020-10-01T08:56:38+00:00\",\"breadcrumb\":{\"@id\":\"https:\\\/\\\/egerhaziimre.hu\\\/index.php\\\/toretlenul-apoljak-a-varos-szulotte-es-diszpolgara-emleket\\\/?lang=en#breadcrumb\"},\"inLanguage\":\"hu\",\"potentialAction\":[{\"@type\":\"ReadAction\",\"target\":[\"https:\\\/\\\/egerhaziimre.hu\\\/index.php\\\/toretlenul-apoljak-a-varos-szulotte-es-diszpolgara-emleket\\\/?lang=en\"]}]},{\"@type\":\"ImageObject\",\"inLanguage\":\"hu\",\"@id\":\"https:\\\/\\\/egerhaziimre.hu\\\/index.php\\\/toretlenul-apoljak-a-varos-szulotte-es-diszpolgara-emleket\\\/?lang=en#primaryimage\",\"url\":\"https:\\\/\\\/egerhaziimre.hu\\\/wp-content\\\/uploads\\\/2020\\\/10\\\/emlekezes_2012_06.jpg\",\"contentUrl\":\"https:\\\/\\\/egerhaziimre.hu\\\/wp-content\\\/uploads\\\/2020\\\/10\\\/emlekezes_2012_06.jpg\",\"width\":800,\"height\":533,\"caption\":\"SONY DSC\"},{\"@type\":\"BreadcrumbList\",\"@id\":\"https:\\\/\\\/egerhaziimre.hu\\\/index.php\\\/toretlenul-apoljak-a-varos-szulotte-es-diszpolgara-emleket\\\/?lang=en#breadcrumb\",\"itemListElement\":[{\"@type\":\"ListItem\",\"position\":1,\"name\":\"Home\",\"item\":\"https:\\\/\\\/egerhaziimre.hu\\\/\"},{\"@type\":\"ListItem\",\"position\":2,\"name\":\"Cherishing the memory of the city&#8217;s native and honorary citizen\"}]},{\"@type\":\"WebSite\",\"@id\":\"https:\\\/\\\/egerhaziimre.hu\\\/#website\",\"url\":\"https:\\\/\\\/egerhaziimre.hu\\\/\",\"name\":\"\u00c9gerh\u00e1zi Imre\",\"description\":\"\",\"potentialAction\":[{\"@type\":\"SearchAction\",\"target\":{\"@type\":\"EntryPoint\",\"urlTemplate\":\"https:\\\/\\\/egerhaziimre.hu\\\/?s={search_term_string}\"},\"query-input\":{\"@type\":\"PropertyValueSpecification\",\"valueRequired\":true,\"valueName\":\"search_term_string\"}}],\"inLanguage\":\"hu\"}]}<\/script>\n<!-- \/ Yoast SEO plugin. -->","yoast_head_json":{"title":"T\u00f6retlen\u00fcl \u00e1polj\u00e1k a v\u00e1ros sz\u00fcl\u00f6tte \u00e9s d\u00edszpolg\u00e1ra eml\u00e9k\u00e9t - \u00c9gerh\u00e1zi Imre","robots":{"index":"index","follow":"follow","max-snippet":"max-snippet:-1","max-image-preview":"max-image-preview:large","max-video-preview":"max-video-preview:-1"},"canonical":"https:\/\/egerhaziimre.hu\/index.php\/toretlenul-apoljak-a-varos-szulotte-es-diszpolgara-emleket\/?lang=en","og_locale":"hu_HU","og_type":"article","og_title":"T\u00f6retlen\u00fcl \u00e1polj\u00e1k a v\u00e1ros sz\u00fcl\u00f6tte \u00e9s d\u00edszpolg\u00e1ra eml\u00e9k\u00e9t - \u00c9gerh\u00e1zi Imre","og_description":"[vc_row el_class=&#8221;margin_bottom_0 padding_bottom_0&#8243;][vc_column][vc_column_text]Debrecen. A hajd\u00fahadh\u00e1zi Kultur\u00e1lis \u00e9rt\u00e9keink\u00e9rt Bar\u00e1ti K\u00f6r id\u00e9n nem a v\u00e1ros sz\u00fcl\u00f6tt\u00e9nek, \u00c9gerh\u00e1zi Imr\u00e9nek az eml\u00e9kh\u00e1z\u00e1n\u00e1l, hanem a Debreceni K\u00f6ztemet\u0151ben l\u00e9v\u0151 s\u00edrj\u00e1n\u00e1l eml\u00e9kezett meg a 2001. november 14-\u00e9n elhunyt fest\u0151m\u0171v\u00e9szr\u0151l. A november 22-\u00e9n d\u00e9lel\u0151tt megtartott esem\u00e9nyen Korompain\u00e9 Mocsnik M\u00e1ria muzeol\u00f3gus felid\u00e9zte a m\u0171v\u00e9szt\u00e1rs \u00e9s bar\u00e1t, az az\u00f3ta m\u00e1r szint\u00e9n elhunyt Madar\u00e1sz Gyula \u00c9gerh\u00e1zi Imre temet\u00e9s\u00e9n elmondott m\u00e9ltat\u00f3 szavait. [&hellip;]","og_url":"https:\/\/egerhaziimre.hu\/index.php\/toretlenul-apoljak-a-varos-szulotte-es-diszpolgara-emleket\/?lang=en","og_site_name":"\u00c9gerh\u00e1zi Imre","article_modified_time":"2020-10-01T08:56:38+00:00","og_image":[{"width":800,"height":533,"url":"https:\/\/egerhaziimre.hu\/wp-content\/uploads\/2020\/10\/emlekezes_2012_06.jpg","type":"image\/jpeg"}],"twitter_card":"summary_large_image","twitter_misc":{"Becs\u00fclt olvas\u00e1si id\u0151":"3 perc"},"schema":{"@context":"https:\/\/schema.org","@graph":[{"@type":"WebPage","@id":"https:\/\/egerhaziimre.hu\/index.php\/toretlenul-apoljak-a-varos-szulotte-es-diszpolgara-emleket\/?lang=en","url":"https:\/\/egerhaziimre.hu\/index.php\/toretlenul-apoljak-a-varos-szulotte-es-diszpolgara-emleket\/?lang=en","name":"T\u00f6retlen\u00fcl \u00e1polj\u00e1k a v\u00e1ros sz\u00fcl\u00f6tte \u00e9s d\u00edszpolg\u00e1ra eml\u00e9k\u00e9t - \u00c9gerh\u00e1zi Imre","isPartOf":{"@id":"https:\/\/egerhaziimre.hu\/#website"},"primaryImageOfPage":{"@id":"https:\/\/egerhaziimre.hu\/index.php\/toretlenul-apoljak-a-varos-szulotte-es-diszpolgara-emleket\/?lang=en#primaryimage"},"image":{"@id":"https:\/\/egerhaziimre.hu\/index.php\/toretlenul-apoljak-a-varos-szulotte-es-diszpolgara-emleket\/?lang=en#primaryimage"},"thumbnailUrl":"https:\/\/egerhaziimre.hu\/wp-content\/uploads\/2020\/10\/emlekezes_2012_06.jpg","datePublished":"2012-11-27T09:40:29+00:00","dateModified":"2020-10-01T08:56:38+00:00","breadcrumb":{"@id":"https:\/\/egerhaziimre.hu\/index.php\/toretlenul-apoljak-a-varos-szulotte-es-diszpolgara-emleket\/?lang=en#breadcrumb"},"inLanguage":"hu","potentialAction":[{"@type":"ReadAction","target":["https:\/\/egerhaziimre.hu\/index.php\/toretlenul-apoljak-a-varos-szulotte-es-diszpolgara-emleket\/?lang=en"]}]},{"@type":"ImageObject","inLanguage":"hu","@id":"https:\/\/egerhaziimre.hu\/index.php\/toretlenul-apoljak-a-varos-szulotte-es-diszpolgara-emleket\/?lang=en#primaryimage","url":"https:\/\/egerhaziimre.hu\/wp-content\/uploads\/2020\/10\/emlekezes_2012_06.jpg","contentUrl":"https:\/\/egerhaziimre.hu\/wp-content\/uploads\/2020\/10\/emlekezes_2012_06.jpg","width":800,"height":533,"caption":"SONY DSC"},{"@type":"BreadcrumbList","@id":"https:\/\/egerhaziimre.hu\/index.php\/toretlenul-apoljak-a-varos-szulotte-es-diszpolgara-emleket\/?lang=en#breadcrumb","itemListElement":[{"@type":"ListItem","position":1,"name":"Home","item":"https:\/\/egerhaziimre.hu\/"},{"@type":"ListItem","position":2,"name":"Cherishing the memory of the city&#8217;s native and honorary citizen"}]},{"@type":"WebSite","@id":"https:\/\/egerhaziimre.hu\/#website","url":"https:\/\/egerhaziimre.hu\/","name":"\u00c9gerh\u00e1zi Imre","description":"","potentialAction":[{"@type":"SearchAction","target":{"@type":"EntryPoint","urlTemplate":"https:\/\/egerhaziimre.hu\/?s={search_term_string}"},"query-input":{"@type":"PropertyValueSpecification","valueRequired":true,"valueName":"search_term_string"}}],"inLanguage":"hu"}]}},"jetpack_sharing_enabled":true,"_links":{"self":[{"href":"https:\/\/egerhaziimre.hu\/index.php\/wp-json\/wp\/v2\/pages\/10281","targetHints":{"allow":["GET"]}}],"collection":[{"href":"https:\/\/egerhaziimre.hu\/index.php\/wp-json\/wp\/v2\/pages"}],"about":[{"href":"https:\/\/egerhaziimre.hu\/index.php\/wp-json\/wp\/v2\/types\/page"}],"author":[{"embeddable":true,"href":"https:\/\/egerhaziimre.hu\/index.php\/wp-json\/wp\/v2\/users\/4"}],"replies":[{"embeddable":true,"href":"https:\/\/egerhaziimre.hu\/index.php\/wp-json\/wp\/v2\/comments?post=10281"}],"version-history":[{"count":4,"href":"https:\/\/egerhaziimre.hu\/index.php\/wp-json\/wp\/v2\/pages\/10281\/revisions"}],"predecessor-version":[{"id":10292,"href":"https:\/\/egerhaziimre.hu\/index.php\/wp-json\/wp\/v2\/pages\/10281\/revisions\/10292"}],"wp:featuredmedia":[{"embeddable":true,"href":"https:\/\/egerhaziimre.hu\/index.php\/wp-json\/wp\/v2\/media\/10287"}],"wp:attachment":[{"href":"https:\/\/egerhaziimre.hu\/index.php\/wp-json\/wp\/v2\/media?parent=10281"}],"wp:term":[{"taxonomy":"category","embeddable":true,"href":"https:\/\/egerhaziimre.hu\/index.php\/wp-json\/wp\/v2\/categories?post=10281"},{"taxonomy":"post_tag","embeddable":true,"href":"https:\/\/egerhaziimre.hu\/index.php\/wp-json\/wp\/v2\/tags?post=10281"}],"curies":[{"name":"wp","href":"https:\/\/api.w.org\/{rel}","templated":true}]}}