{"id":10293,"date":"2012-11-26T10:57:21","date_gmt":"2012-11-26T09:57:21","guid":{"rendered":"https:\/\/egerhaziimre.hu\/?page_id=10293"},"modified":"2020-10-01T11:01:31","modified_gmt":"2020-10-01T09:01:31","slug":"hortobagyi-pasztor-a-hollo-dijasok-tarlatan-2012","status":"publish","type":"page","link":"https:\/\/egerhaziimre.hu\/index.php\/hortobagyi-pasztor-a-hollo-dijasok-tarlatan-2012\/","title":{"rendered":"Hortob\u00e1gyi p\u00e1sztor a Holl\u00f3-d\u00edjasok t\u00e1rlat\u00e1n"},"content":{"rendered":"<div class=\"wpb-content-wrapper\">[vc_row el_class=&#8221;margin_bottom_0 padding_bottom_0&#8243;][vc_column][vc_column_text]Debrecen. Holl\u00f3 L\u00e1szl\u00f3-d\u00edjas k\u00e9pz\u0151m\u0171v\u00e9szek munk\u00e1b\u00f3l ny\u00edlt ki\u00e1ll\u00edt\u00e1s a fest\u0151m\u0171v\u00e9sz sz\u00fclet\u00e9s\u00e9nek 125. \u00e9v\u00e9ben a centen\u00e1rium\u00e1t \u00fcnnepl\u0151 Debreceni Egyetem \u00c9lettudom\u00e1nyi Gal\u00e9ri\u00e1j\u00e1ban. A 42 alkot\u00f3t\u00f3l k\u00f6z\u00f6tt ott volt \u00c9gerh\u00e1zi Imre Hortob\u00e1gyi p\u00e1sztor c\u00edm\u0171 k\u00e9pe is a november 24-\u00e9ig tart\u00f3 t\u00e1rlaton, melyet B\u00e9nyei J\u00f3zsef \u00edr\u00f3, \u00fajs\u00e1g\u00edr\u00f3, a Napl\u00f3 nyugalmazott f\u0151szerkeszt\u0151je nyitott meg. Ez alkalomb\u00f3l mutatt\u00e1k be Komisz\u00e1r J\u00e1nos Holl\u00f3 L\u00e1szl\u00f3-d\u00edjasok c\u00edm\u0171 katal\u00f3gus-k\u00f6nyv\u00e9t is, melyben term\u00e9szetesen helyet kapott \u00c9gerh\u00e1zi Imre is.[\/vc_column_text][vc_separator][vc_column_text]\n<h6>Fot\u00f3gal\u00e9ria<\/h6>\n[\/vc_column_text][vc_media_grid element_width=&#8221;3&#8243; gap=&#8221;30&#8243; grid_id=&#8221;vc_gid:1601542644289-5deb22e2-b728-1&#8243; include=&#8221;10294,10295,10296&#8243;][\/vc_column][\/vc_row]\n<\/div>","protected":false},"excerpt":{"rendered":"<p>[vc_row el_class=&#8221;margin_bottom_0 padding_bottom_0&#8243;][vc_column][vc_column_text]Debrecen. Holl\u00f3 L\u00e1szl\u00f3-d\u00edjas k\u00e9pz\u0151m\u0171v\u00e9szek munk\u00e1b\u00f3l ny\u00edlt ki\u00e1ll\u00edt\u00e1s a fest\u0151m\u0171v\u00e9sz sz\u00fclet\u00e9s\u00e9nek 125. \u00e9v\u00e9ben a centen\u00e1rium\u00e1t \u00fcnnepl\u0151 Debreceni Egyetem \u00c9lettudom\u00e1nyi Gal\u00e9ri\u00e1j\u00e1ban. A 42 alkot\u00f3t\u00f3l k\u00f6z\u00f6tt ott volt \u00c9gerh\u00e1zi Imre Hortob\u00e1gyi p\u00e1sztor c\u00edm\u0171 k\u00e9pe is a november 24-\u00e9ig tart\u00f3 t\u00e1rlaton, melyet B\u00e9nyei J\u00f3zsef \u00edr\u00f3, \u00fajs\u00e1g\u00edr\u00f3, a Napl\u00f3 nyugalmazott f\u0151szerkeszt\u0151je nyitott meg. Ez alkalomb\u00f3l mutatt\u00e1k be Komisz\u00e1r J\u00e1nos Holl\u00f3 L\u00e1szl\u00f3-d\u00edjasok c\u00edm\u0171 katal\u00f3gus-k\u00f6nyv\u00e9t [&hellip;]<\/p>\n","protected":false},"author":4,"featured_media":10295,"parent":0,"menu_order":0,"comment_status":"closed","ping_status":"closed","template":"","meta":{"footnotes":""},"categories":[13],"tags":[216],"class_list":["post-10293","page","type-page","status-publish","has-post-thumbnail","hentry","category-hirek","tag-216"],"yoast_head":"<!-- This site is optimized with the Yoast SEO plugin v27.3 - https:\/\/yoast.com\/product\/yoast-seo-wordpress\/ -->\n<title>Hortob\u00e1gyi p\u00e1sztor a Holl\u00f3-d\u00edjasok t\u00e1rlat\u00e1n - \u00c9gerh\u00e1zi Imre<\/title>\n<meta name=\"robots\" content=\"index, follow, max-snippet:-1, max-image-preview:large, max-video-preview:-1\" \/>\n<link rel=\"canonical\" href=\"https:\/\/egerhaziimre.hu\/index.php\/hortobagyi-pasztor-a-hollo-dijasok-tarlatan-2012\/?lang=en\" \/>\n<meta property=\"og:locale\" content=\"hu_HU\" \/>\n<meta property=\"og:type\" content=\"article\" \/>\n<meta property=\"og:title\" content=\"Hortob\u00e1gyi p\u00e1sztor a Holl\u00f3-d\u00edjasok t\u00e1rlat\u00e1n - \u00c9gerh\u00e1zi Imre\" \/>\n<meta property=\"og:description\" content=\"[vc_row el_class=&#8221;margin_bottom_0 padding_bottom_0&#8243;][vc_column][vc_column_text]Debrecen. Holl\u00f3 L\u00e1szl\u00f3-d\u00edjas k\u00e9pz\u0151m\u0171v\u00e9szek munk\u00e1b\u00f3l ny\u00edlt ki\u00e1ll\u00edt\u00e1s a fest\u0151m\u0171v\u00e9sz sz\u00fclet\u00e9s\u00e9nek 125. \u00e9v\u00e9ben a centen\u00e1rium\u00e1t \u00fcnnepl\u0151 Debreceni Egyetem \u00c9lettudom\u00e1nyi Gal\u00e9ri\u00e1j\u00e1ban. A 42 alkot\u00f3t\u00f3l k\u00f6z\u00f6tt ott volt \u00c9gerh\u00e1zi Imre Hortob\u00e1gyi p\u00e1sztor c\u00edm\u0171 k\u00e9pe is a november 24-\u00e9ig tart\u00f3 t\u00e1rlaton, melyet B\u00e9nyei J\u00f3zsef \u00edr\u00f3, \u00fajs\u00e1g\u00edr\u00f3, a Napl\u00f3 nyugalmazott f\u0151szerkeszt\u0151je nyitott meg. Ez alkalomb\u00f3l mutatt\u00e1k be Komisz\u00e1r J\u00e1nos Holl\u00f3 L\u00e1szl\u00f3-d\u00edjasok c\u00edm\u0171 katal\u00f3gus-k\u00f6nyv\u00e9t [&hellip;]\" \/>\n<meta property=\"og:url\" content=\"https:\/\/egerhaziimre.hu\/index.php\/hortobagyi-pasztor-a-hollo-dijasok-tarlatan-2012\/?lang=en\" \/>\n<meta property=\"og:site_name\" content=\"\u00c9gerh\u00e1zi Imre\" \/>\n<meta property=\"article:modified_time\" content=\"2020-10-01T09:01:31+00:00\" \/>\n<meta property=\"og:image\" content=\"https:\/\/egerhaziimre.hu\/wp-content\/uploads\/2020\/10\/hollo_2012_02.jpg\" \/>\n\t<meta property=\"og:image:width\" content=\"800\" \/>\n\t<meta property=\"og:image:height\" content=\"533\" \/>\n\t<meta property=\"og:image:type\" content=\"image\/jpeg\" \/>\n<meta name=\"twitter:card\" content=\"summary_large_image\" \/>\n<meta name=\"twitter:label1\" content=\"Becs\u00fclt olvas\u00e1si id\u0151\" \/>\n\t<meta name=\"twitter:data1\" content=\"2 perc\" \/>\n<script type=\"application\/ld+json\" class=\"yoast-schema-graph\">{\"@context\":\"https:\\\/\\\/schema.org\",\"@graph\":[{\"@type\":\"WebPage\",\"@id\":\"https:\\\/\\\/egerhaziimre.hu\\\/index.php\\\/hortobagyi-pasztor-a-hollo-dijasok-tarlatan-2012\\\/?lang=en\",\"url\":\"https:\\\/\\\/egerhaziimre.hu\\\/index.php\\\/hortobagyi-pasztor-a-hollo-dijasok-tarlatan-2012\\\/?lang=en\",\"name\":\"Hortob\u00e1gyi p\u00e1sztor a Holl\u00f3-d\u00edjasok t\u00e1rlat\u00e1n - \u00c9gerh\u00e1zi Imre\",\"isPartOf\":{\"@id\":\"https:\\\/\\\/egerhaziimre.hu\\\/#website\"},\"primaryImageOfPage\":{\"@id\":\"https:\\\/\\\/egerhaziimre.hu\\\/index.php\\\/hortobagyi-pasztor-a-hollo-dijasok-tarlatan-2012\\\/?lang=en#primaryimage\"},\"image\":{\"@id\":\"https:\\\/\\\/egerhaziimre.hu\\\/index.php\\\/hortobagyi-pasztor-a-hollo-dijasok-tarlatan-2012\\\/?lang=en#primaryimage\"},\"thumbnailUrl\":\"https:\\\/\\\/egerhaziimre.hu\\\/wp-content\\\/uploads\\\/2020\\\/10\\\/hollo_2012_02.jpg\",\"datePublished\":\"2012-11-26T09:57:21+00:00\",\"dateModified\":\"2020-10-01T09:01:31+00:00\",\"breadcrumb\":{\"@id\":\"https:\\\/\\\/egerhaziimre.hu\\\/index.php\\\/hortobagyi-pasztor-a-hollo-dijasok-tarlatan-2012\\\/?lang=en#breadcrumb\"},\"inLanguage\":\"hu\",\"potentialAction\":[{\"@type\":\"ReadAction\",\"target\":[\"https:\\\/\\\/egerhaziimre.hu\\\/index.php\\\/hortobagyi-pasztor-a-hollo-dijasok-tarlatan-2012\\\/?lang=en\"]}]},{\"@type\":\"ImageObject\",\"inLanguage\":\"hu\",\"@id\":\"https:\\\/\\\/egerhaziimre.hu\\\/index.php\\\/hortobagyi-pasztor-a-hollo-dijasok-tarlatan-2012\\\/?lang=en#primaryimage\",\"url\":\"https:\\\/\\\/egerhaziimre.hu\\\/wp-content\\\/uploads\\\/2020\\\/10\\\/hollo_2012_02.jpg\",\"contentUrl\":\"https:\\\/\\\/egerhaziimre.hu\\\/wp-content\\\/uploads\\\/2020\\\/10\\\/hollo_2012_02.jpg\",\"width\":800,\"height\":533},{\"@type\":\"BreadcrumbList\",\"@id\":\"https:\\\/\\\/egerhaziimre.hu\\\/index.php\\\/hortobagyi-pasztor-a-hollo-dijasok-tarlatan-2012\\\/?lang=en#breadcrumb\",\"itemListElement\":[{\"@type\":\"ListItem\",\"position\":1,\"name\":\"Home\",\"item\":\"https:\\\/\\\/egerhaziimre.hu\\\/\"},{\"@type\":\"ListItem\",\"position\":2,\"name\":\"Shepherd from Hortob\u00e1gy at the Raven Prize-winners exhibition\"}]},{\"@type\":\"WebSite\",\"@id\":\"https:\\\/\\\/egerhaziimre.hu\\\/#website\",\"url\":\"https:\\\/\\\/egerhaziimre.hu\\\/\",\"name\":\"\u00c9gerh\u00e1zi Imre\",\"description\":\"\",\"potentialAction\":[{\"@type\":\"SearchAction\",\"target\":{\"@type\":\"EntryPoint\",\"urlTemplate\":\"https:\\\/\\\/egerhaziimre.hu\\\/?s={search_term_string}\"},\"query-input\":{\"@type\":\"PropertyValueSpecification\",\"valueRequired\":true,\"valueName\":\"search_term_string\"}}],\"inLanguage\":\"hu\"}]}<\/script>\n<!-- \/ Yoast SEO plugin. -->","yoast_head_json":{"title":"Hortob\u00e1gyi p\u00e1sztor a Holl\u00f3-d\u00edjasok t\u00e1rlat\u00e1n - \u00c9gerh\u00e1zi Imre","robots":{"index":"index","follow":"follow","max-snippet":"max-snippet:-1","max-image-preview":"max-image-preview:large","max-video-preview":"max-video-preview:-1"},"canonical":"https:\/\/egerhaziimre.hu\/index.php\/hortobagyi-pasztor-a-hollo-dijasok-tarlatan-2012\/?lang=en","og_locale":"hu_HU","og_type":"article","og_title":"Hortob\u00e1gyi p\u00e1sztor a Holl\u00f3-d\u00edjasok t\u00e1rlat\u00e1n - \u00c9gerh\u00e1zi Imre","og_description":"[vc_row el_class=&#8221;margin_bottom_0 padding_bottom_0&#8243;][vc_column][vc_column_text]Debrecen. Holl\u00f3 L\u00e1szl\u00f3-d\u00edjas k\u00e9pz\u0151m\u0171v\u00e9szek munk\u00e1b\u00f3l ny\u00edlt ki\u00e1ll\u00edt\u00e1s a fest\u0151m\u0171v\u00e9sz sz\u00fclet\u00e9s\u00e9nek 125. \u00e9v\u00e9ben a centen\u00e1rium\u00e1t \u00fcnnepl\u0151 Debreceni Egyetem \u00c9lettudom\u00e1nyi Gal\u00e9ri\u00e1j\u00e1ban. A 42 alkot\u00f3t\u00f3l k\u00f6z\u00f6tt ott volt \u00c9gerh\u00e1zi Imre Hortob\u00e1gyi p\u00e1sztor c\u00edm\u0171 k\u00e9pe is a november 24-\u00e9ig tart\u00f3 t\u00e1rlaton, melyet B\u00e9nyei J\u00f3zsef \u00edr\u00f3, \u00fajs\u00e1g\u00edr\u00f3, a Napl\u00f3 nyugalmazott f\u0151szerkeszt\u0151je nyitott meg. Ez alkalomb\u00f3l mutatt\u00e1k be Komisz\u00e1r J\u00e1nos Holl\u00f3 L\u00e1szl\u00f3-d\u00edjasok c\u00edm\u0171 katal\u00f3gus-k\u00f6nyv\u00e9t [&hellip;]","og_url":"https:\/\/egerhaziimre.hu\/index.php\/hortobagyi-pasztor-a-hollo-dijasok-tarlatan-2012\/?lang=en","og_site_name":"\u00c9gerh\u00e1zi Imre","article_modified_time":"2020-10-01T09:01:31+00:00","og_image":[{"width":800,"height":533,"url":"https:\/\/egerhaziimre.hu\/wp-content\/uploads\/2020\/10\/hollo_2012_02.jpg","type":"image\/jpeg"}],"twitter_card":"summary_large_image","twitter_misc":{"Becs\u00fclt olvas\u00e1si id\u0151":"2 perc"},"schema":{"@context":"https:\/\/schema.org","@graph":[{"@type":"WebPage","@id":"https:\/\/egerhaziimre.hu\/index.php\/hortobagyi-pasztor-a-hollo-dijasok-tarlatan-2012\/?lang=en","url":"https:\/\/egerhaziimre.hu\/index.php\/hortobagyi-pasztor-a-hollo-dijasok-tarlatan-2012\/?lang=en","name":"Hortob\u00e1gyi p\u00e1sztor a Holl\u00f3-d\u00edjasok t\u00e1rlat\u00e1n - \u00c9gerh\u00e1zi Imre","isPartOf":{"@id":"https:\/\/egerhaziimre.hu\/#website"},"primaryImageOfPage":{"@id":"https:\/\/egerhaziimre.hu\/index.php\/hortobagyi-pasztor-a-hollo-dijasok-tarlatan-2012\/?lang=en#primaryimage"},"image":{"@id":"https:\/\/egerhaziimre.hu\/index.php\/hortobagyi-pasztor-a-hollo-dijasok-tarlatan-2012\/?lang=en#primaryimage"},"thumbnailUrl":"https:\/\/egerhaziimre.hu\/wp-content\/uploads\/2020\/10\/hollo_2012_02.jpg","datePublished":"2012-11-26T09:57:21+00:00","dateModified":"2020-10-01T09:01:31+00:00","breadcrumb":{"@id":"https:\/\/egerhaziimre.hu\/index.php\/hortobagyi-pasztor-a-hollo-dijasok-tarlatan-2012\/?lang=en#breadcrumb"},"inLanguage":"hu","potentialAction":[{"@type":"ReadAction","target":["https:\/\/egerhaziimre.hu\/index.php\/hortobagyi-pasztor-a-hollo-dijasok-tarlatan-2012\/?lang=en"]}]},{"@type":"ImageObject","inLanguage":"hu","@id":"https:\/\/egerhaziimre.hu\/index.php\/hortobagyi-pasztor-a-hollo-dijasok-tarlatan-2012\/?lang=en#primaryimage","url":"https:\/\/egerhaziimre.hu\/wp-content\/uploads\/2020\/10\/hollo_2012_02.jpg","contentUrl":"https:\/\/egerhaziimre.hu\/wp-content\/uploads\/2020\/10\/hollo_2012_02.jpg","width":800,"height":533},{"@type":"BreadcrumbList","@id":"https:\/\/egerhaziimre.hu\/index.php\/hortobagyi-pasztor-a-hollo-dijasok-tarlatan-2012\/?lang=en#breadcrumb","itemListElement":[{"@type":"ListItem","position":1,"name":"Home","item":"https:\/\/egerhaziimre.hu\/"},{"@type":"ListItem","position":2,"name":"Shepherd from Hortob\u00e1gy at the Raven Prize-winners exhibition"}]},{"@type":"WebSite","@id":"https:\/\/egerhaziimre.hu\/#website","url":"https:\/\/egerhaziimre.hu\/","name":"\u00c9gerh\u00e1zi Imre","description":"","potentialAction":[{"@type":"SearchAction","target":{"@type":"EntryPoint","urlTemplate":"https:\/\/egerhaziimre.hu\/?s={search_term_string}"},"query-input":{"@type":"PropertyValueSpecification","valueRequired":true,"valueName":"search_term_string"}}],"inLanguage":"hu"}]}},"jetpack_sharing_enabled":true,"_links":{"self":[{"href":"https:\/\/egerhaziimre.hu\/index.php\/wp-json\/wp\/v2\/pages\/10293","targetHints":{"allow":["GET"]}}],"collection":[{"href":"https:\/\/egerhaziimre.hu\/index.php\/wp-json\/wp\/v2\/pages"}],"about":[{"href":"https:\/\/egerhaziimre.hu\/index.php\/wp-json\/wp\/v2\/types\/page"}],"author":[{"embeddable":true,"href":"https:\/\/egerhaziimre.hu\/index.php\/wp-json\/wp\/v2\/users\/4"}],"replies":[{"embeddable":true,"href":"https:\/\/egerhaziimre.hu\/index.php\/wp-json\/wp\/v2\/comments?post=10293"}],"version-history":[{"count":2,"href":"https:\/\/egerhaziimre.hu\/index.php\/wp-json\/wp\/v2\/pages\/10293\/revisions"}],"predecessor-version":[{"id":10298,"href":"https:\/\/egerhaziimre.hu\/index.php\/wp-json\/wp\/v2\/pages\/10293\/revisions\/10298"}],"wp:featuredmedia":[{"embeddable":true,"href":"https:\/\/egerhaziimre.hu\/index.php\/wp-json\/wp\/v2\/media\/10295"}],"wp:attachment":[{"href":"https:\/\/egerhaziimre.hu\/index.php\/wp-json\/wp\/v2\/media?parent=10293"}],"wp:term":[{"taxonomy":"category","embeddable":true,"href":"https:\/\/egerhaziimre.hu\/index.php\/wp-json\/wp\/v2\/categories?post=10293"},{"taxonomy":"post_tag","embeddable":true,"href":"https:\/\/egerhaziimre.hu\/index.php\/wp-json\/wp\/v2\/tags?post=10293"}],"curies":[{"name":"wp","href":"https:\/\/api.w.org\/{rel}","templated":true}]}}