{"id":10321,"date":"2010-11-22T12:30:01","date_gmt":"2010-11-22T11:30:01","guid":{"rendered":"https:\/\/egerhaziimre.hu\/?page_id=10321"},"modified":"2020-10-01T13:59:17","modified_gmt":"2020-10-01T11:59:17","slug":"emlekoszlopot-allitottak-a-megye-napjan","status":"publish","type":"page","link":"https:\/\/egerhaziimre.hu\/index.php\/emlekoszlopot-allitottak-a-megye-napjan\/","title":{"rendered":"Eml\u00e9koszlopot \u00e1ll\u00edtottak a megye napj\u00e1n"},"content":{"rendered":"<div class=\"wpb-content-wrapper\">[vc_row el_class=&#8221;margin_bottom_0 padding_bottom_0&#8243;][vc_column][vc_column_text]\n<h6>\u00c9gerh\u00e1zi Imre eml\u00e9k\u00e9re \u00e9s a lakoss\u00e1gnak k\u00e9sz\u00edtette \u00fajabb alkot\u00e1s\u00e1t Nagy G\u00e1bor.<\/h6>\n<p>A v\u00e1ros sz\u00fcl\u00f6tt\u00e9nek \u00e9s d\u00edszpolg\u00e1r\u00e1nak, a 9 \u00e9ve elhunyt \u00c9gerh\u00e1zi Imre fest\u0151m\u0171v\u00e9sznek, valamint Hajd\u00fahadh\u00e1z lakoss\u00e1g\u00e1nak aj\u00e1nlotta a G\u00f6dre elsz\u00e1rmazott Nagy G\u00e1bor a maga k\u00e9sz\u00edtette eml\u00e9koszlopot, melyet h\u00e9tf\u0151n avattak fel a m\u0171v\u00e9sz eml\u00e9kh\u00e1z\u00e1nak udvar\u00e1n.<\/p>\n<p>Az alkot\u00f3 az oszlop leleplez\u00e9se ut\u00e1n elmondta, olyan szimb\u00f3lumokat v\u00e9sett a f\u00e1ba, melyek a telep\u00fcl\u00e9st jellemzik. \u00cdgy egyik oldal\u00e1n k\u00e1poszt\u00e1s d\u00e9zsa l\u00e1that\u00f3, egy t\u00f6lgyfa jelk\u00e9pezi a v\u00e1ros k\u00f6zeli erd\u0151ket , alatta a sz\u00e9k a bel\u0151le k\u00e9sz\u00edthet\u0151 term\u00e9ket. M\u00e1sik oldal\u00e1ra a hadh\u00e1zi liget v\u00e9dett n\u00f6v\u00e9ny\u00e9t faragta a mester, alatta b\u00fazakoszor\u00fa, a harmadik oldalon pedig a sz\u0151l\u0151pr\u00e9s \u00e9s a bor mutatja, jellemz\u0151en mivel foglalkoztak arrafel\u00e9 a gazd\u00e1k. A nyaktag \u00e9s a buzog\u00e1ny pedig a harciass\u00e1got szimboliz\u00e1lja, hiszen a v\u00e1rosban Bocskai hajd\u00fajainak lesz\u00e1rmazottai \u00e9lnek.<\/p>\n<p>A megye napi programok sor\u00e1ban az oszlop\u00e1ll\u00edt\u00e1s el\u0151tt az egybegy\u0171ltek, k\u00f6zt\u00fck Cs\u00e1fordi D\u00e9nes polg\u00e1rmester megkoszor\u00fazt\u00e1k a m\u0171v\u00e9sz eml\u00e9kt\u00e1bl\u00e1j\u00e1t, majd a F\u00f6ldi J\u00e1nos-gal\u00e9ri\u00e1ban meghallgatt\u00e1k Komisz\u00e1r J\u00e1nos fest\u0151m\u0171v\u00e9sz m\u00e9ltat\u00f3 szavait az idei Holl\u00f3 L\u00e1szl\u00f3-d\u00edjas Horv\u00e1th Katalin fot\u00f3riporter munk\u00e1ir\u00f3l, illetve \u00c9gerh\u00e1zi Imre munk\u00e1ss\u00e1g\u00e1r\u00f3l.<\/p>\n<p>Ezt k\u00f6vet\u0151en a F\u00f6ldi J\u00e1nos \u00e1ltal\u00e1nos iskola m\u0171v\u00e9sztan\u00e1rai, Moln\u00e1r Andrea (furulya), Toldi \u00c9va (\u00fct\u0151hangszer), Dancs Judit (zongorak\u00eds\u00e9ret) \u00e9s Pozsonyi P\u00e9ter (harsona) adtak r\u00f6vid m\u0171sort. V\u00e9g\u00fcl a megjelentek az eml\u00e9kezetes j\u00faniusi viharban megs\u00e9r\u00fclt \u00c9gerh\u00e1zi-eml\u00e9kh\u00e1z helyre\u00e1ll\u00edt\u00e1s\u00e1hoz sz\u00fcks\u00e9ges k\u00f6lts\u00e9gek el\u0151teremt\u00e9s\u00e9re rendezend\u0151 december 4-i \u00e1rver\u00e9sre felaj\u00e1nlott alkot\u00e1sokat tekintett\u00e9k meg.<\/p>\n<p>Debrecen, 2010. november 22.<br \/>\n\u00c9gerh\u00e1zi P\u00e9ter<br \/>\nHajd\u00fa-Bihari Napl\u00f3[\/vc_column_text][vc_separator][vc_column_text]\n<h6>Megh\u00edv\u00f3<\/h6>\n[\/vc_column_text][vc_row_inner][vc_column_inner width=&#8221;1\/2&#8243;][vc_single_image image=&#8221;10335&#8243; img_size=&#8221;large&#8221; alignment=&#8221;center&#8221; style=&#8221;xtd-shadow&#8211;normal-light&#8221; onclick=&#8221;link_image&#8221;][\/vc_column_inner][vc_column_inner width=&#8221;1\/2&#8243;][vc_single_image image=&#8221;10336&#8243; img_size=&#8221;large&#8221; alignment=&#8221;center&#8221; style=&#8221;xtd-shadow&#8211;normal-light&#8221; onclick=&#8221;link_image&#8221;][\/vc_column_inner][\/vc_row_inner][vc_empty_space][vc_separator][vc_column_text]\n<h6>Fot\u00f3gal\u00e9ria<\/h6>\n[\/vc_column_text][vc_media_grid style=&#8221;pagination&#8221; items_per_page=&#8221;8&#8243; element_width=&#8221;3&#8243; gap=&#8221;30&#8243; arrows_design=&#8221;vc_arrow-icon-arrow_01_left&#8221; arrows_color=&#8221;black&#8221; paging_design=&#8221;pagination_square&#8221; paging_color=&#8221;black&#8221; loop=&#8221;yes&#8221; grid_id=&#8221;vc_gid:1601553531964-badc1b10-c36b-1&#8243; include=&#8221;10334,10333,10332,10331,10330,10329,10328,10327,10326,10325,10324,10323,10322&#8243;][\/vc_column][\/vc_row]\n<\/div>","protected":false},"excerpt":{"rendered":"<p>[vc_row el_class=&#8221;margin_bottom_0 padding_bottom_0&#8243;][vc_column][vc_column_text] \u00c9gerh\u00e1zi Imre eml\u00e9k\u00e9re \u00e9s a lakoss\u00e1gnak k\u00e9sz\u00edtette \u00fajabb alkot\u00e1s\u00e1t Nagy G\u00e1bor. A v\u00e1ros sz\u00fcl\u00f6tt\u00e9nek \u00e9s d\u00edszpolg\u00e1r\u00e1nak, a 9 \u00e9ve elhunyt \u00c9gerh\u00e1zi Imre fest\u0151m\u0171v\u00e9sznek, valamint Hajd\u00fahadh\u00e1z lakoss\u00e1g\u00e1nak aj\u00e1nlotta a G\u00f6dre elsz\u00e1rmazott Nagy G\u00e1bor a maga k\u00e9sz\u00edtette eml\u00e9koszlopot, melyet h\u00e9tf\u0151n avattak fel a m\u0171v\u00e9sz eml\u00e9kh\u00e1z\u00e1nak udvar\u00e1n. Az alkot\u00f3 az oszlop leleplez\u00e9se ut\u00e1n elmondta, olyan szimb\u00f3lumokat v\u00e9sett a f\u00e1ba, melyek [&hellip;]<\/p>\n","protected":false},"author":4,"featured_media":10332,"parent":0,"menu_order":0,"comment_status":"closed","ping_status":"closed","template":"","meta":{"footnotes":""},"categories":[13],"tags":[98],"class_list":["post-10321","page","type-page","status-publish","has-post-thumbnail","hentry","category-hirek","tag-98"],"yoast_head":"<!-- This site is optimized with the Yoast SEO plugin v27.3 - https:\/\/yoast.com\/product\/yoast-seo-wordpress\/ -->\n<title>Eml\u00e9koszlopot \u00e1ll\u00edtottak a megye napj\u00e1n - \u00c9gerh\u00e1zi Imre<\/title>\n<meta name=\"robots\" content=\"index, follow, max-snippet:-1, max-image-preview:large, max-video-preview:-1\" \/>\n<link rel=\"canonical\" href=\"https:\/\/egerhaziimre.hu\/index.php\/emlekoszlopot-allitottak-a-megye-napjan\/?lang=en\" \/>\n<meta property=\"og:locale\" content=\"hu_HU\" \/>\n<meta property=\"og:type\" content=\"article\" \/>\n<meta property=\"og:title\" content=\"Eml\u00e9koszlopot \u00e1ll\u00edtottak a megye napj\u00e1n - \u00c9gerh\u00e1zi Imre\" \/>\n<meta property=\"og:description\" content=\"[vc_row el_class=&#8221;margin_bottom_0 padding_bottom_0&#8243;][vc_column][vc_column_text] \u00c9gerh\u00e1zi Imre eml\u00e9k\u00e9re \u00e9s a lakoss\u00e1gnak k\u00e9sz\u00edtette \u00fajabb alkot\u00e1s\u00e1t Nagy G\u00e1bor. A v\u00e1ros sz\u00fcl\u00f6tt\u00e9nek \u00e9s d\u00edszpolg\u00e1r\u00e1nak, a 9 \u00e9ve elhunyt \u00c9gerh\u00e1zi Imre fest\u0151m\u0171v\u00e9sznek, valamint Hajd\u00fahadh\u00e1z lakoss\u00e1g\u00e1nak aj\u00e1nlotta a G\u00f6dre elsz\u00e1rmazott Nagy G\u00e1bor a maga k\u00e9sz\u00edtette eml\u00e9koszlopot, melyet h\u00e9tf\u0151n avattak fel a m\u0171v\u00e9sz eml\u00e9kh\u00e1z\u00e1nak udvar\u00e1n. Az alkot\u00f3 az oszlop leleplez\u00e9se ut\u00e1n elmondta, olyan szimb\u00f3lumokat v\u00e9sett a f\u00e1ba, melyek [&hellip;]\" \/>\n<meta property=\"og:url\" content=\"https:\/\/egerhaziimre.hu\/index.php\/emlekoszlopot-allitottak-a-megye-napjan\/?lang=en\" \/>\n<meta property=\"og:site_name\" content=\"\u00c9gerh\u00e1zi Imre\" \/>\n<meta property=\"article:modified_time\" content=\"2020-10-01T11:59:17+00:00\" \/>\n<meta property=\"og:image\" content=\"https:\/\/egerhaziimre.hu\/wp-content\/uploads\/2020\/10\/hir_emlekfa_20101122_11.jpg\" \/>\n\t<meta property=\"og:image:width\" content=\"800\" \/>\n\t<meta property=\"og:image:height\" content=\"535\" \/>\n\t<meta property=\"og:image:type\" content=\"image\/jpeg\" \/>\n<meta name=\"twitter:card\" content=\"summary_large_image\" \/>\n<meta name=\"twitter:label1\" content=\"Becs\u00fclt olvas\u00e1si id\u0151\" \/>\n\t<meta name=\"twitter:data1\" content=\"5 perc\" \/>\n<script type=\"application\/ld+json\" class=\"yoast-schema-graph\">{\"@context\":\"https:\\\/\\\/schema.org\",\"@graph\":[{\"@type\":\"WebPage\",\"@id\":\"https:\\\/\\\/egerhaziimre.hu\\\/index.php\\\/emlekoszlopot-allitottak-a-megye-napjan\\\/?lang=en\",\"url\":\"https:\\\/\\\/egerhaziimre.hu\\\/index.php\\\/emlekoszlopot-allitottak-a-megye-napjan\\\/?lang=en\",\"name\":\"Eml\u00e9koszlopot \u00e1ll\u00edtottak a megye napj\u00e1n - \u00c9gerh\u00e1zi Imre\",\"isPartOf\":{\"@id\":\"https:\\\/\\\/egerhaziimre.hu\\\/#website\"},\"primaryImageOfPage\":{\"@id\":\"https:\\\/\\\/egerhaziimre.hu\\\/index.php\\\/emlekoszlopot-allitottak-a-megye-napjan\\\/?lang=en#primaryimage\"},\"image\":{\"@id\":\"https:\\\/\\\/egerhaziimre.hu\\\/index.php\\\/emlekoszlopot-allitottak-a-megye-napjan\\\/?lang=en#primaryimage\"},\"thumbnailUrl\":\"https:\\\/\\\/egerhaziimre.hu\\\/wp-content\\\/uploads\\\/2020\\\/10\\\/hir_emlekfa_20101122_11.jpg\",\"datePublished\":\"2010-11-22T11:30:01+00:00\",\"dateModified\":\"2020-10-01T11:59:17+00:00\",\"breadcrumb\":{\"@id\":\"https:\\\/\\\/egerhaziimre.hu\\\/index.php\\\/emlekoszlopot-allitottak-a-megye-napjan\\\/?lang=en#breadcrumb\"},\"inLanguage\":\"hu\",\"potentialAction\":[{\"@type\":\"ReadAction\",\"target\":[\"https:\\\/\\\/egerhaziimre.hu\\\/index.php\\\/emlekoszlopot-allitottak-a-megye-napjan\\\/?lang=en\"]}]},{\"@type\":\"ImageObject\",\"inLanguage\":\"hu\",\"@id\":\"https:\\\/\\\/egerhaziimre.hu\\\/index.php\\\/emlekoszlopot-allitottak-a-megye-napjan\\\/?lang=en#primaryimage\",\"url\":\"https:\\\/\\\/egerhaziimre.hu\\\/wp-content\\\/uploads\\\/2020\\\/10\\\/hir_emlekfa_20101122_11.jpg\",\"contentUrl\":\"https:\\\/\\\/egerhaziimre.hu\\\/wp-content\\\/uploads\\\/2020\\\/10\\\/hir_emlekfa_20101122_11.jpg\",\"width\":800,\"height\":535,\"caption\":\"SONY DSC\"},{\"@type\":\"BreadcrumbList\",\"@id\":\"https:\\\/\\\/egerhaziimre.hu\\\/index.php\\\/emlekoszlopot-allitottak-a-megye-napjan\\\/?lang=en#breadcrumb\",\"itemListElement\":[{\"@type\":\"ListItem\",\"position\":1,\"name\":\"Home\",\"item\":\"https:\\\/\\\/egerhaziimre.hu\\\/\"},{\"@type\":\"ListItem\",\"position\":2,\"name\":\"A memorial column was erected on County Day\"}]},{\"@type\":\"WebSite\",\"@id\":\"https:\\\/\\\/egerhaziimre.hu\\\/#website\",\"url\":\"https:\\\/\\\/egerhaziimre.hu\\\/\",\"name\":\"\u00c9gerh\u00e1zi Imre\",\"description\":\"\",\"potentialAction\":[{\"@type\":\"SearchAction\",\"target\":{\"@type\":\"EntryPoint\",\"urlTemplate\":\"https:\\\/\\\/egerhaziimre.hu\\\/?s={search_term_string}\"},\"query-input\":{\"@type\":\"PropertyValueSpecification\",\"valueRequired\":true,\"valueName\":\"search_term_string\"}}],\"inLanguage\":\"hu\"}]}<\/script>\n<!-- \/ Yoast SEO plugin. -->","yoast_head_json":{"title":"Eml\u00e9koszlopot \u00e1ll\u00edtottak a megye napj\u00e1n - \u00c9gerh\u00e1zi Imre","robots":{"index":"index","follow":"follow","max-snippet":"max-snippet:-1","max-image-preview":"max-image-preview:large","max-video-preview":"max-video-preview:-1"},"canonical":"https:\/\/egerhaziimre.hu\/index.php\/emlekoszlopot-allitottak-a-megye-napjan\/?lang=en","og_locale":"hu_HU","og_type":"article","og_title":"Eml\u00e9koszlopot \u00e1ll\u00edtottak a megye napj\u00e1n - \u00c9gerh\u00e1zi Imre","og_description":"[vc_row el_class=&#8221;margin_bottom_0 padding_bottom_0&#8243;][vc_column][vc_column_text] \u00c9gerh\u00e1zi Imre eml\u00e9k\u00e9re \u00e9s a lakoss\u00e1gnak k\u00e9sz\u00edtette \u00fajabb alkot\u00e1s\u00e1t Nagy G\u00e1bor. A v\u00e1ros sz\u00fcl\u00f6tt\u00e9nek \u00e9s d\u00edszpolg\u00e1r\u00e1nak, a 9 \u00e9ve elhunyt \u00c9gerh\u00e1zi Imre fest\u0151m\u0171v\u00e9sznek, valamint Hajd\u00fahadh\u00e1z lakoss\u00e1g\u00e1nak aj\u00e1nlotta a G\u00f6dre elsz\u00e1rmazott Nagy G\u00e1bor a maga k\u00e9sz\u00edtette eml\u00e9koszlopot, melyet h\u00e9tf\u0151n avattak fel a m\u0171v\u00e9sz eml\u00e9kh\u00e1z\u00e1nak udvar\u00e1n. Az alkot\u00f3 az oszlop leleplez\u00e9se ut\u00e1n elmondta, olyan szimb\u00f3lumokat v\u00e9sett a f\u00e1ba, melyek [&hellip;]","og_url":"https:\/\/egerhaziimre.hu\/index.php\/emlekoszlopot-allitottak-a-megye-napjan\/?lang=en","og_site_name":"\u00c9gerh\u00e1zi Imre","article_modified_time":"2020-10-01T11:59:17+00:00","og_image":[{"width":800,"height":535,"url":"https:\/\/egerhaziimre.hu\/wp-content\/uploads\/2020\/10\/hir_emlekfa_20101122_11.jpg","type":"image\/jpeg"}],"twitter_card":"summary_large_image","twitter_misc":{"Becs\u00fclt olvas\u00e1si id\u0151":"5 perc"},"schema":{"@context":"https:\/\/schema.org","@graph":[{"@type":"WebPage","@id":"https:\/\/egerhaziimre.hu\/index.php\/emlekoszlopot-allitottak-a-megye-napjan\/?lang=en","url":"https:\/\/egerhaziimre.hu\/index.php\/emlekoszlopot-allitottak-a-megye-napjan\/?lang=en","name":"Eml\u00e9koszlopot \u00e1ll\u00edtottak a megye napj\u00e1n - \u00c9gerh\u00e1zi Imre","isPartOf":{"@id":"https:\/\/egerhaziimre.hu\/#website"},"primaryImageOfPage":{"@id":"https:\/\/egerhaziimre.hu\/index.php\/emlekoszlopot-allitottak-a-megye-napjan\/?lang=en#primaryimage"},"image":{"@id":"https:\/\/egerhaziimre.hu\/index.php\/emlekoszlopot-allitottak-a-megye-napjan\/?lang=en#primaryimage"},"thumbnailUrl":"https:\/\/egerhaziimre.hu\/wp-content\/uploads\/2020\/10\/hir_emlekfa_20101122_11.jpg","datePublished":"2010-11-22T11:30:01+00:00","dateModified":"2020-10-01T11:59:17+00:00","breadcrumb":{"@id":"https:\/\/egerhaziimre.hu\/index.php\/emlekoszlopot-allitottak-a-megye-napjan\/?lang=en#breadcrumb"},"inLanguage":"hu","potentialAction":[{"@type":"ReadAction","target":["https:\/\/egerhaziimre.hu\/index.php\/emlekoszlopot-allitottak-a-megye-napjan\/?lang=en"]}]},{"@type":"ImageObject","inLanguage":"hu","@id":"https:\/\/egerhaziimre.hu\/index.php\/emlekoszlopot-allitottak-a-megye-napjan\/?lang=en#primaryimage","url":"https:\/\/egerhaziimre.hu\/wp-content\/uploads\/2020\/10\/hir_emlekfa_20101122_11.jpg","contentUrl":"https:\/\/egerhaziimre.hu\/wp-content\/uploads\/2020\/10\/hir_emlekfa_20101122_11.jpg","width":800,"height":535,"caption":"SONY DSC"},{"@type":"BreadcrumbList","@id":"https:\/\/egerhaziimre.hu\/index.php\/emlekoszlopot-allitottak-a-megye-napjan\/?lang=en#breadcrumb","itemListElement":[{"@type":"ListItem","position":1,"name":"Home","item":"https:\/\/egerhaziimre.hu\/"},{"@type":"ListItem","position":2,"name":"A memorial column was erected on County Day"}]},{"@type":"WebSite","@id":"https:\/\/egerhaziimre.hu\/#website","url":"https:\/\/egerhaziimre.hu\/","name":"\u00c9gerh\u00e1zi Imre","description":"","potentialAction":[{"@type":"SearchAction","target":{"@type":"EntryPoint","urlTemplate":"https:\/\/egerhaziimre.hu\/?s={search_term_string}"},"query-input":{"@type":"PropertyValueSpecification","valueRequired":true,"valueName":"search_term_string"}}],"inLanguage":"hu"}]}},"jetpack_sharing_enabled":true,"_links":{"self":[{"href":"https:\/\/egerhaziimre.hu\/index.php\/wp-json\/wp\/v2\/pages\/10321","targetHints":{"allow":["GET"]}}],"collection":[{"href":"https:\/\/egerhaziimre.hu\/index.php\/wp-json\/wp\/v2\/pages"}],"about":[{"href":"https:\/\/egerhaziimre.hu\/index.php\/wp-json\/wp\/v2\/types\/page"}],"author":[{"embeddable":true,"href":"https:\/\/egerhaziimre.hu\/index.php\/wp-json\/wp\/v2\/users\/4"}],"replies":[{"embeddable":true,"href":"https:\/\/egerhaziimre.hu\/index.php\/wp-json\/wp\/v2\/comments?post=10321"}],"version-history":[{"count":4,"href":"https:\/\/egerhaziimre.hu\/index.php\/wp-json\/wp\/v2\/pages\/10321\/revisions"}],"predecessor-version":[{"id":10340,"href":"https:\/\/egerhaziimre.hu\/index.php\/wp-json\/wp\/v2\/pages\/10321\/revisions\/10340"}],"wp:featuredmedia":[{"embeddable":true,"href":"https:\/\/egerhaziimre.hu\/index.php\/wp-json\/wp\/v2\/media\/10332"}],"wp:attachment":[{"href":"https:\/\/egerhaziimre.hu\/index.php\/wp-json\/wp\/v2\/media?parent=10321"}],"wp:term":[{"taxonomy":"category","embeddable":true,"href":"https:\/\/egerhaziimre.hu\/index.php\/wp-json\/wp\/v2\/categories?post=10321"},{"taxonomy":"post_tag","embeddable":true,"href":"https:\/\/egerhaziimre.hu\/index.php\/wp-json\/wp\/v2\/tags?post=10321"}],"curies":[{"name":"wp","href":"https:\/\/api.w.org\/{rel}","templated":true}]}}