{"id":1034,"date":"2019-08-05T15:10:25","date_gmt":"2019-08-05T13:10:25","guid":{"rendered":"http:\/\/egerhaziimre.magex.hu\/?page_id=1034"},"modified":"2020-09-02T11:09:45","modified_gmt":"2020-09-02T09:09:45","slug":"kenessei-andras-magyar-hirlap-1984-viii-31","status":"publish","type":"page","link":"https:\/\/egerhaziimre.hu\/index.php\/dijak-elismeresek\/kenessei-andras-magyar-hirlap-1984-viii-31\/","title":{"rendered":"Kenessei Andr\u00e1s, Magyar H\u00edrlap, 1984. VIII. 31."},"content":{"rendered":"<div class=\"wpb-content-wrapper\">\r\n<blockquote class=\"wp-block-quote is-layout-flow wp-block-quote-is-layout-flow\"><p>&#8222;\u00c9gerh\u00e1zi Imre olajk\u00e9pe, A pusztul\u00f3 kutak eml\u00e9k\u00e9re, &#8211; ha lehet ilyen &#8211; expressz\u00edv konstruktivista k\u00e9p, az alf\u00f6ldi g\u00e9meskutak b\u00facs\u00faztat\u00f3ja.&#8221;<\/p><cite>Kenessei Andr\u00e1s<br>Magyar H\u00edrlap, 1984. VIII. 31.<\/cite><\/blockquote>\r\n<\/div>","protected":false},"excerpt":{"rendered":"<p>&#8222;\u00c9gerh\u00e1zi Imre olajk\u00e9pe, A pusztul\u00f3 kutak eml\u00e9k\u00e9re, &#8211; ha lehet ilyen &#8211; expressz\u00edv konstruktivista k\u00e9p, az alf\u00f6ldi g\u00e9meskutak b\u00facs\u00faztat\u00f3ja.&#8221; Kenessei Andr\u00e1sMagyar H\u00edrlap, 1984. VIII. 31.<\/p>\n","protected":false},"author":4,"featured_media":0,"parent":31,"menu_order":0,"comment_status":"closed","ping_status":"closed","template":"","meta":{"footnotes":""},"categories":[84],"tags":[95],"class_list":["post-1034","page","type-page","status-publish","hentry","category-kritikak_meltatasok","tag-95"],"yoast_head":"<!-- This site is optimized with the Yoast SEO plugin v27.3 - https:\/\/yoast.com\/product\/yoast-seo-wordpress\/ -->\n<title>Kenessei Andr\u00e1s, Magyar H\u00edrlap, 1984. VIII. 31. - \u00c9gerh\u00e1zi Imre<\/title>\n<meta name=\"robots\" content=\"index, follow, max-snippet:-1, max-image-preview:large, max-video-preview:-1\" \/>\n<link rel=\"canonical\" href=\"https:\/\/egerhaziimre.hu\/index.php\/dijak-elismeresek\/kenessei-andras-magyar-hirlap-1984-viii-31\/?lang=en\" \/>\n<meta property=\"og:locale\" content=\"hu_HU\" \/>\n<meta property=\"og:type\" content=\"article\" \/>\n<meta property=\"og:title\" content=\"Kenessei Andr\u00e1s, Magyar H\u00edrlap, 1984. VIII. 31. - \u00c9gerh\u00e1zi Imre\" \/>\n<meta property=\"og:description\" content=\"&#8222;\u00c9gerh\u00e1zi Imre olajk\u00e9pe, A pusztul\u00f3 kutak eml\u00e9k\u00e9re, &#8211; ha lehet ilyen &#8211; expressz\u00edv konstruktivista k\u00e9p, az alf\u00f6ldi g\u00e9meskutak b\u00facs\u00faztat\u00f3ja.&#8221; Kenessei Andr\u00e1sMagyar H\u00edrlap, 1984. VIII. 31.\" \/>\n<meta property=\"og:url\" content=\"https:\/\/egerhaziimre.hu\/index.php\/dijak-elismeresek\/kenessei-andras-magyar-hirlap-1984-viii-31\/?lang=en\" \/>\n<meta property=\"og:site_name\" content=\"\u00c9gerh\u00e1zi Imre\" \/>\n<meta property=\"article:modified_time\" content=\"2020-09-02T09:09:45+00:00\" \/>\n<meta name=\"twitter:card\" content=\"summary_large_image\" \/>\n<script type=\"application\/ld+json\" class=\"yoast-schema-graph\">{\"@context\":\"https:\\\/\\\/schema.org\",\"@graph\":[{\"@type\":\"WebPage\",\"@id\":\"https:\\\/\\\/egerhaziimre.hu\\\/index.php\\\/dijak-elismeresek\\\/kenessei-andras-magyar-hirlap-1984-viii-31\\\/?lang=en\",\"url\":\"https:\\\/\\\/egerhaziimre.hu\\\/index.php\\\/dijak-elismeresek\\\/kenessei-andras-magyar-hirlap-1984-viii-31\\\/?lang=en\",\"name\":\"Kenessei Andr\u00e1s, Magyar H\u00edrlap, 1984. VIII. 31. - \u00c9gerh\u00e1zi Imre\",\"isPartOf\":{\"@id\":\"https:\\\/\\\/egerhaziimre.hu\\\/#website\"},\"datePublished\":\"2019-08-05T13:10:25+00:00\",\"dateModified\":\"2020-09-02T09:09:45+00:00\",\"breadcrumb\":{\"@id\":\"https:\\\/\\\/egerhaziimre.hu\\\/index.php\\\/dijak-elismeresek\\\/kenessei-andras-magyar-hirlap-1984-viii-31\\\/?lang=en#breadcrumb\"},\"inLanguage\":\"hu\",\"potentialAction\":[{\"@type\":\"ReadAction\",\"target\":[\"https:\\\/\\\/egerhaziimre.hu\\\/index.php\\\/dijak-elismeresek\\\/kenessei-andras-magyar-hirlap-1984-viii-31\\\/?lang=en\"]}]},{\"@type\":\"BreadcrumbList\",\"@id\":\"https:\\\/\\\/egerhaziimre.hu\\\/index.php\\\/dijak-elismeresek\\\/kenessei-andras-magyar-hirlap-1984-viii-31\\\/?lang=en#breadcrumb\",\"itemListElement\":[{\"@type\":\"ListItem\",\"position\":1,\"name\":\"Home\",\"item\":\"https:\\\/\\\/egerhaziimre.hu\\\/\"},{\"@type\":\"ListItem\",\"position\":2,\"name\":\"Awards, recognitions\",\"item\":\"https:\\\/\\\/egerhaziimre.hu\\\/index.php\\\/dijak-elismeresek\\\/?lang=en\"},{\"@type\":\"ListItem\",\"position\":3,\"name\":\"ANDR\u00c1S KENESSEI, MAGYAR H\u00cdRLAP, 1984. VIII. 31.\"}]},{\"@type\":\"WebSite\",\"@id\":\"https:\\\/\\\/egerhaziimre.hu\\\/#website\",\"url\":\"https:\\\/\\\/egerhaziimre.hu\\\/\",\"name\":\"\u00c9gerh\u00e1zi Imre\",\"description\":\"\",\"potentialAction\":[{\"@type\":\"SearchAction\",\"target\":{\"@type\":\"EntryPoint\",\"urlTemplate\":\"https:\\\/\\\/egerhaziimre.hu\\\/?s={search_term_string}\"},\"query-input\":{\"@type\":\"PropertyValueSpecification\",\"valueRequired\":true,\"valueName\":\"search_term_string\"}}],\"inLanguage\":\"hu\"}]}<\/script>\n<!-- \/ Yoast SEO plugin. -->","yoast_head_json":{"title":"Kenessei Andr\u00e1s, Magyar H\u00edrlap, 1984. VIII. 31. - \u00c9gerh\u00e1zi Imre","robots":{"index":"index","follow":"follow","max-snippet":"max-snippet:-1","max-image-preview":"max-image-preview:large","max-video-preview":"max-video-preview:-1"},"canonical":"https:\/\/egerhaziimre.hu\/index.php\/dijak-elismeresek\/kenessei-andras-magyar-hirlap-1984-viii-31\/?lang=en","og_locale":"hu_HU","og_type":"article","og_title":"Kenessei Andr\u00e1s, Magyar H\u00edrlap, 1984. VIII. 31. - \u00c9gerh\u00e1zi Imre","og_description":"&#8222;\u00c9gerh\u00e1zi Imre olajk\u00e9pe, A pusztul\u00f3 kutak eml\u00e9k\u00e9re, &#8211; ha lehet ilyen &#8211; expressz\u00edv konstruktivista k\u00e9p, az alf\u00f6ldi g\u00e9meskutak b\u00facs\u00faztat\u00f3ja.&#8221; Kenessei Andr\u00e1sMagyar H\u00edrlap, 1984. VIII. 31.","og_url":"https:\/\/egerhaziimre.hu\/index.php\/dijak-elismeresek\/kenessei-andras-magyar-hirlap-1984-viii-31\/?lang=en","og_site_name":"\u00c9gerh\u00e1zi Imre","article_modified_time":"2020-09-02T09:09:45+00:00","twitter_card":"summary_large_image","schema":{"@context":"https:\/\/schema.org","@graph":[{"@type":"WebPage","@id":"https:\/\/egerhaziimre.hu\/index.php\/dijak-elismeresek\/kenessei-andras-magyar-hirlap-1984-viii-31\/?lang=en","url":"https:\/\/egerhaziimre.hu\/index.php\/dijak-elismeresek\/kenessei-andras-magyar-hirlap-1984-viii-31\/?lang=en","name":"Kenessei Andr\u00e1s, Magyar H\u00edrlap, 1984. VIII. 31. - \u00c9gerh\u00e1zi Imre","isPartOf":{"@id":"https:\/\/egerhaziimre.hu\/#website"},"datePublished":"2019-08-05T13:10:25+00:00","dateModified":"2020-09-02T09:09:45+00:00","breadcrumb":{"@id":"https:\/\/egerhaziimre.hu\/index.php\/dijak-elismeresek\/kenessei-andras-magyar-hirlap-1984-viii-31\/?lang=en#breadcrumb"},"inLanguage":"hu","potentialAction":[{"@type":"ReadAction","target":["https:\/\/egerhaziimre.hu\/index.php\/dijak-elismeresek\/kenessei-andras-magyar-hirlap-1984-viii-31\/?lang=en"]}]},{"@type":"BreadcrumbList","@id":"https:\/\/egerhaziimre.hu\/index.php\/dijak-elismeresek\/kenessei-andras-magyar-hirlap-1984-viii-31\/?lang=en#breadcrumb","itemListElement":[{"@type":"ListItem","position":1,"name":"Home","item":"https:\/\/egerhaziimre.hu\/"},{"@type":"ListItem","position":2,"name":"Awards, recognitions","item":"https:\/\/egerhaziimre.hu\/index.php\/dijak-elismeresek\/?lang=en"},{"@type":"ListItem","position":3,"name":"ANDR\u00c1S KENESSEI, MAGYAR H\u00cdRLAP, 1984. VIII. 31."}]},{"@type":"WebSite","@id":"https:\/\/egerhaziimre.hu\/#website","url":"https:\/\/egerhaziimre.hu\/","name":"\u00c9gerh\u00e1zi Imre","description":"","potentialAction":[{"@type":"SearchAction","target":{"@type":"EntryPoint","urlTemplate":"https:\/\/egerhaziimre.hu\/?s={search_term_string}"},"query-input":{"@type":"PropertyValueSpecification","valueRequired":true,"valueName":"search_term_string"}}],"inLanguage":"hu"}]}},"jetpack_sharing_enabled":true,"_links":{"self":[{"href":"https:\/\/egerhaziimre.hu\/index.php\/wp-json\/wp\/v2\/pages\/1034","targetHints":{"allow":["GET"]}}],"collection":[{"href":"https:\/\/egerhaziimre.hu\/index.php\/wp-json\/wp\/v2\/pages"}],"about":[{"href":"https:\/\/egerhaziimre.hu\/index.php\/wp-json\/wp\/v2\/types\/page"}],"author":[{"embeddable":true,"href":"https:\/\/egerhaziimre.hu\/index.php\/wp-json\/wp\/v2\/users\/4"}],"replies":[{"embeddable":true,"href":"https:\/\/egerhaziimre.hu\/index.php\/wp-json\/wp\/v2\/comments?post=1034"}],"version-history":[{"count":2,"href":"https:\/\/egerhaziimre.hu\/index.php\/wp-json\/wp\/v2\/pages\/1034\/revisions"}],"predecessor-version":[{"id":9059,"href":"https:\/\/egerhaziimre.hu\/index.php\/wp-json\/wp\/v2\/pages\/1034\/revisions\/9059"}],"up":[{"embeddable":true,"href":"https:\/\/egerhaziimre.hu\/index.php\/wp-json\/wp\/v2\/pages\/31"}],"wp:attachment":[{"href":"https:\/\/egerhaziimre.hu\/index.php\/wp-json\/wp\/v2\/media?parent=1034"}],"wp:term":[{"taxonomy":"category","embeddable":true,"href":"https:\/\/egerhaziimre.hu\/index.php\/wp-json\/wp\/v2\/categories?post=1034"},{"taxonomy":"post_tag","embeddable":true,"href":"https:\/\/egerhaziimre.hu\/index.php\/wp-json\/wp\/v2\/tags?post=1034"}],"curies":[{"name":"wp","href":"https:\/\/api.w.org\/{rel}","templated":true}]}}