{"id":1037,"date":"2019-08-05T15:18:44","date_gmt":"2019-08-05T13:18:44","guid":{"rendered":"http:\/\/egerhaziimre.magex.hu\/?page_id=1037"},"modified":"2020-09-02T11:13:53","modified_gmt":"2020-09-02T09:13:53","slug":"dr-gazda-laszlo-az-1986-os-karcagi-kiallitas-katalogusanak-eloszavabol","status":"publish","type":"page","link":"https:\/\/egerhaziimre.hu\/index.php\/dijak-elismeresek\/dr-gazda-laszlo-az-1986-os-karcagi-kiallitas-katalogusanak-eloszavabol\/","title":{"rendered":"Dr. Gazda L\u00e1szl\u00f3, az 1986-os Karcagi ki\u00e1ll\u00edt\u00e1s katal\u00f3gus\u00e1nak el\u0151szav\u00e1b\u00f3l"},"content":{"rendered":"<div class=\"wpb-content-wrapper\">\r\n<blockquote class=\"wp-block-quote is-layout-flow wp-block-quote-is-layout-flow\"><p>&#8222;&#8230;A Hajd\u00fas\u00e1g sz\u00fcl\u00f6ttje, de nemcsak a sz\u0171kebb haza szerelmese \u0151, hanem t\u00e1voli t\u00e1jak\u00e9 is. A hajd\u00fas\u00e1g h\u00e1zainak, embereinek fest\u0151je otthon van a gyimesi \u00e9s gyergy\u00f3i t\u00e1jakon, a hegyek k\u00f6r\u00fcl\u00f6lel\u0151 csendj\u00e9ben, s m\u0171v\u00e9szet\u00e9vel nek\u00fcnk is otthont teremt benne. A szecesszi\u00f3 \u00faj von\u00e1sait \u00f6tv\u00f6zi a n\u00e9pm\u0171v\u00e9szethez k\u00f6zel \u00e1ll\u00f3 von\u00e1sokkal.<br>\u00cdgy f\u00e9r \u00f6ssze a vil\u00e1gos \u00e9s pontos megfogalmaz\u00e1s a meseszer\u0171 elemekkel, a balladai hangulattal&#8230;&#8221;<br><br>&#8222;&#8230;Fest\u00e9szet\u00e9nek tematikai gazdags\u00e1ga, saj\u00e1tos st\u00edluseszk\u00f6zei, a mindig \u00e9rthet\u0151 leegyszer\u0171s\u00edt\u00e9s r\u00e9v\u00e9n gazdag \u00e9lm\u00e9nyvil\u00e1g t\u00fckr\u00f6z\u0151dik vissza m\u0171veib\u0151l.<br>A s\u00edkban, a k\u00e9t dimenzi\u00f3ban val\u00f3 \u00e1br\u00e1zol\u00e1s dekorativit\u00e1s\u00e1t, a l\u00e1nyeget kiemel\u0151 szerkezeti rendbe illeszked\u0151 vonalai nagy t\u00f6mb\u00f6kbe tagolj\u00e1k, \u00e9s egy\u00fattal \u00f6sszefogj\u00e1k a l\u00e1tv\u00e1nyt.<br>A stiliz\u00e1lt form\u00e1k ezen a s\u00edkon rendez\u0151dnek el, pontos \u00e9s fegyelmezett kompoz\u00edci\u00f3s rendbe. Saj\u00e1tos \u00e9s \u0151si is ez a m\u0171v\u00e9szi kifejez\u00e9sm\u00f3d, a vonalvezet\u00e9s lend\u00fclet\u00e9vel hozza mozg\u00e1sba, eleven\u00edti \u00e9l\u0151v\u00e9 az \u00e1br\u00e1zoltakat. A n\u00e9pm\u0171v\u00e9szet t\u00f6rekv\u00e9sei \u00e9s m\u00e1ig \u0151si von\u00e1sai \u00f6tv\u00f6z\u0151dnek maiv\u00e1, aktu\u00e1liss\u00e1 \u00e9s m\u0171v\u00e9sziv\u00e9 k\u00e9pein&#8230;&#8221;<\/p><cite>Dr. Gazda L\u00e1szl\u00f3<br>Az 1986-os Karcagi ki\u00e1ll\u00edt\u00e1s katal\u00f3gus\u00e1nak el\u0151szav\u00e1b\u00f3l<\/cite><\/blockquote>\r\n<\/div>","protected":false},"excerpt":{"rendered":"<p>&#8222;&#8230;A Hajd\u00fas\u00e1g sz\u00fcl\u00f6ttje, de nemcsak a sz\u0171kebb haza szerelmese \u0151, hanem t\u00e1voli t\u00e1jak\u00e9 is. A hajd\u00fas\u00e1g h\u00e1zainak, embereinek fest\u0151je otthon van a gyimesi \u00e9s gyergy\u00f3i t\u00e1jakon, a hegyek k\u00f6r\u00fcl\u00f6lel\u0151 csendj\u00e9ben, s m\u0171v\u00e9szet\u00e9vel nek\u00fcnk is otthont teremt benne. A szecesszi\u00f3 \u00faj von\u00e1sait \u00f6tv\u00f6zi a n\u00e9pm\u0171v\u00e9szethez k\u00f6zel \u00e1ll\u00f3 von\u00e1sokkal.\u00cdgy f\u00e9r \u00f6ssze a vil\u00e1gos \u00e9s pontos megfogalmaz\u00e1s a meseszer\u0171 elemekkel, a balladai hangulattal&#8230;&#8221; [&hellip;]<\/p>\n","protected":false},"author":4,"featured_media":0,"parent":31,"menu_order":0,"comment_status":"closed","ping_status":"closed","template":"","meta":{"footnotes":""},"categories":[84],"tags":[43],"class_list":["post-1037","page","type-page","status-publish","hentry","category-kritikak_meltatasok","tag-43"],"yoast_head":"<!-- This site is optimized with the Yoast SEO plugin v27.3 - https:\/\/yoast.com\/product\/yoast-seo-wordpress\/ -->\n<title>Dr. Gazda L\u00e1szl\u00f3, az 1986-os Karcagi ki\u00e1ll\u00edt\u00e1s katal\u00f3gus\u00e1nak el\u0151szav\u00e1b\u00f3l - \u00c9gerh\u00e1zi Imre<\/title>\n<meta name=\"robots\" content=\"index, follow, max-snippet:-1, max-image-preview:large, max-video-preview:-1\" \/>\n<link rel=\"canonical\" href=\"https:\/\/egerhaziimre.hu\/index.php\/dijak-elismeresek\/dr-gazda-laszlo-az-1986-os-karcagi-kiallitas-katalogusanak-eloszavabol\/?lang=en\" \/>\n<meta property=\"og:locale\" content=\"hu_HU\" \/>\n<meta property=\"og:type\" content=\"article\" \/>\n<meta property=\"og:title\" content=\"Dr. Gazda L\u00e1szl\u00f3, az 1986-os Karcagi ki\u00e1ll\u00edt\u00e1s katal\u00f3gus\u00e1nak el\u0151szav\u00e1b\u00f3l - \u00c9gerh\u00e1zi Imre\" \/>\n<meta property=\"og:description\" content=\"&#8222;&#8230;A Hajd\u00fas\u00e1g sz\u00fcl\u00f6ttje, de nemcsak a sz\u0171kebb haza szerelmese \u0151, hanem t\u00e1voli t\u00e1jak\u00e9 is. A hajd\u00fas\u00e1g h\u00e1zainak, embereinek fest\u0151je otthon van a gyimesi \u00e9s gyergy\u00f3i t\u00e1jakon, a hegyek k\u00f6r\u00fcl\u00f6lel\u0151 csendj\u00e9ben, s m\u0171v\u00e9szet\u00e9vel nek\u00fcnk is otthont teremt benne. A szecesszi\u00f3 \u00faj von\u00e1sait \u00f6tv\u00f6zi a n\u00e9pm\u0171v\u00e9szethez k\u00f6zel \u00e1ll\u00f3 von\u00e1sokkal.\u00cdgy f\u00e9r \u00f6ssze a vil\u00e1gos \u00e9s pontos megfogalmaz\u00e1s a meseszer\u0171 elemekkel, a balladai hangulattal&#8230;&#8221; [&hellip;]\" \/>\n<meta property=\"og:url\" content=\"https:\/\/egerhaziimre.hu\/index.php\/dijak-elismeresek\/dr-gazda-laszlo-az-1986-os-karcagi-kiallitas-katalogusanak-eloszavabol\/?lang=en\" \/>\n<meta property=\"og:site_name\" content=\"\u00c9gerh\u00e1zi Imre\" \/>\n<meta property=\"article:modified_time\" content=\"2020-09-02T09:13:53+00:00\" \/>\n<meta name=\"twitter:card\" content=\"summary_large_image\" \/>\n<meta name=\"twitter:label1\" content=\"Becs\u00fclt olvas\u00e1si id\u0151\" \/>\n\t<meta name=\"twitter:data1\" content=\"2 perc\" \/>\n<script type=\"application\/ld+json\" class=\"yoast-schema-graph\">{\"@context\":\"https:\\\/\\\/schema.org\",\"@graph\":[{\"@type\":\"WebPage\",\"@id\":\"https:\\\/\\\/egerhaziimre.hu\\\/index.php\\\/dijak-elismeresek\\\/dr-gazda-laszlo-az-1986-os-karcagi-kiallitas-katalogusanak-eloszavabol\\\/?lang=en\",\"url\":\"https:\\\/\\\/egerhaziimre.hu\\\/index.php\\\/dijak-elismeresek\\\/dr-gazda-laszlo-az-1986-os-karcagi-kiallitas-katalogusanak-eloszavabol\\\/?lang=en\",\"name\":\"Dr. Gazda L\u00e1szl\u00f3, az 1986-os Karcagi ki\u00e1ll\u00edt\u00e1s katal\u00f3gus\u00e1nak el\u0151szav\u00e1b\u00f3l - \u00c9gerh\u00e1zi Imre\",\"isPartOf\":{\"@id\":\"https:\\\/\\\/egerhaziimre.hu\\\/#website\"},\"datePublished\":\"2019-08-05T13:18:44+00:00\",\"dateModified\":\"2020-09-02T09:13:53+00:00\",\"breadcrumb\":{\"@id\":\"https:\\\/\\\/egerhaziimre.hu\\\/index.php\\\/dijak-elismeresek\\\/dr-gazda-laszlo-az-1986-os-karcagi-kiallitas-katalogusanak-eloszavabol\\\/?lang=en#breadcrumb\"},\"inLanguage\":\"hu\",\"potentialAction\":[{\"@type\":\"ReadAction\",\"target\":[\"https:\\\/\\\/egerhaziimre.hu\\\/index.php\\\/dijak-elismeresek\\\/dr-gazda-laszlo-az-1986-os-karcagi-kiallitas-katalogusanak-eloszavabol\\\/?lang=en\"]}]},{\"@type\":\"BreadcrumbList\",\"@id\":\"https:\\\/\\\/egerhaziimre.hu\\\/index.php\\\/dijak-elismeresek\\\/dr-gazda-laszlo-az-1986-os-karcagi-kiallitas-katalogusanak-eloszavabol\\\/?lang=en#breadcrumb\",\"itemListElement\":[{\"@type\":\"ListItem\",\"position\":1,\"name\":\"Home\",\"item\":\"https:\\\/\\\/egerhaziimre.hu\\\/\"},{\"@type\":\"ListItem\",\"position\":2,\"name\":\"Awards, recognitions\",\"item\":\"https:\\\/\\\/egerhaziimre.hu\\\/index.php\\\/dijak-elismeresek\\\/?lang=en\"},{\"@type\":\"ListItem\",\"position\":3,\"name\":\"FROM THE FOREWORD OF THE CATALOGUE OF THE KARCAG EXHIBITION IN 1986 BY DR. L\u00c1SZL\u00d3 GAZDA.\"}]},{\"@type\":\"WebSite\",\"@id\":\"https:\\\/\\\/egerhaziimre.hu\\\/#website\",\"url\":\"https:\\\/\\\/egerhaziimre.hu\\\/\",\"name\":\"\u00c9gerh\u00e1zi Imre\",\"description\":\"\",\"potentialAction\":[{\"@type\":\"SearchAction\",\"target\":{\"@type\":\"EntryPoint\",\"urlTemplate\":\"https:\\\/\\\/egerhaziimre.hu\\\/?s={search_term_string}\"},\"query-input\":{\"@type\":\"PropertyValueSpecification\",\"valueRequired\":true,\"valueName\":\"search_term_string\"}}],\"inLanguage\":\"hu\"}]}<\/script>\n<!-- \/ Yoast SEO plugin. -->","yoast_head_json":{"title":"Dr. Gazda L\u00e1szl\u00f3, az 1986-os Karcagi ki\u00e1ll\u00edt\u00e1s katal\u00f3gus\u00e1nak el\u0151szav\u00e1b\u00f3l - \u00c9gerh\u00e1zi Imre","robots":{"index":"index","follow":"follow","max-snippet":"max-snippet:-1","max-image-preview":"max-image-preview:large","max-video-preview":"max-video-preview:-1"},"canonical":"https:\/\/egerhaziimre.hu\/index.php\/dijak-elismeresek\/dr-gazda-laszlo-az-1986-os-karcagi-kiallitas-katalogusanak-eloszavabol\/?lang=en","og_locale":"hu_HU","og_type":"article","og_title":"Dr. Gazda L\u00e1szl\u00f3, az 1986-os Karcagi ki\u00e1ll\u00edt\u00e1s katal\u00f3gus\u00e1nak el\u0151szav\u00e1b\u00f3l - \u00c9gerh\u00e1zi Imre","og_description":"&#8222;&#8230;A Hajd\u00fas\u00e1g sz\u00fcl\u00f6ttje, de nemcsak a sz\u0171kebb haza szerelmese \u0151, hanem t\u00e1voli t\u00e1jak\u00e9 is. A hajd\u00fas\u00e1g h\u00e1zainak, embereinek fest\u0151je otthon van a gyimesi \u00e9s gyergy\u00f3i t\u00e1jakon, a hegyek k\u00f6r\u00fcl\u00f6lel\u0151 csendj\u00e9ben, s m\u0171v\u00e9szet\u00e9vel nek\u00fcnk is otthont teremt benne. A szecesszi\u00f3 \u00faj von\u00e1sait \u00f6tv\u00f6zi a n\u00e9pm\u0171v\u00e9szethez k\u00f6zel \u00e1ll\u00f3 von\u00e1sokkal.\u00cdgy f\u00e9r \u00f6ssze a vil\u00e1gos \u00e9s pontos megfogalmaz\u00e1s a meseszer\u0171 elemekkel, a balladai hangulattal&#8230;&#8221; [&hellip;]","og_url":"https:\/\/egerhaziimre.hu\/index.php\/dijak-elismeresek\/dr-gazda-laszlo-az-1986-os-karcagi-kiallitas-katalogusanak-eloszavabol\/?lang=en","og_site_name":"\u00c9gerh\u00e1zi Imre","article_modified_time":"2020-09-02T09:13:53+00:00","twitter_card":"summary_large_image","twitter_misc":{"Becs\u00fclt olvas\u00e1si id\u0151":"2 perc"},"schema":{"@context":"https:\/\/schema.org","@graph":[{"@type":"WebPage","@id":"https:\/\/egerhaziimre.hu\/index.php\/dijak-elismeresek\/dr-gazda-laszlo-az-1986-os-karcagi-kiallitas-katalogusanak-eloszavabol\/?lang=en","url":"https:\/\/egerhaziimre.hu\/index.php\/dijak-elismeresek\/dr-gazda-laszlo-az-1986-os-karcagi-kiallitas-katalogusanak-eloszavabol\/?lang=en","name":"Dr. Gazda L\u00e1szl\u00f3, az 1986-os Karcagi ki\u00e1ll\u00edt\u00e1s katal\u00f3gus\u00e1nak el\u0151szav\u00e1b\u00f3l - \u00c9gerh\u00e1zi Imre","isPartOf":{"@id":"https:\/\/egerhaziimre.hu\/#website"},"datePublished":"2019-08-05T13:18:44+00:00","dateModified":"2020-09-02T09:13:53+00:00","breadcrumb":{"@id":"https:\/\/egerhaziimre.hu\/index.php\/dijak-elismeresek\/dr-gazda-laszlo-az-1986-os-karcagi-kiallitas-katalogusanak-eloszavabol\/?lang=en#breadcrumb"},"inLanguage":"hu","potentialAction":[{"@type":"ReadAction","target":["https:\/\/egerhaziimre.hu\/index.php\/dijak-elismeresek\/dr-gazda-laszlo-az-1986-os-karcagi-kiallitas-katalogusanak-eloszavabol\/?lang=en"]}]},{"@type":"BreadcrumbList","@id":"https:\/\/egerhaziimre.hu\/index.php\/dijak-elismeresek\/dr-gazda-laszlo-az-1986-os-karcagi-kiallitas-katalogusanak-eloszavabol\/?lang=en#breadcrumb","itemListElement":[{"@type":"ListItem","position":1,"name":"Home","item":"https:\/\/egerhaziimre.hu\/"},{"@type":"ListItem","position":2,"name":"Awards, recognitions","item":"https:\/\/egerhaziimre.hu\/index.php\/dijak-elismeresek\/?lang=en"},{"@type":"ListItem","position":3,"name":"FROM THE FOREWORD OF THE CATALOGUE OF THE KARCAG EXHIBITION IN 1986 BY DR. L\u00c1SZL\u00d3 GAZDA."}]},{"@type":"WebSite","@id":"https:\/\/egerhaziimre.hu\/#website","url":"https:\/\/egerhaziimre.hu\/","name":"\u00c9gerh\u00e1zi Imre","description":"","potentialAction":[{"@type":"SearchAction","target":{"@type":"EntryPoint","urlTemplate":"https:\/\/egerhaziimre.hu\/?s={search_term_string}"},"query-input":{"@type":"PropertyValueSpecification","valueRequired":true,"valueName":"search_term_string"}}],"inLanguage":"hu"}]}},"jetpack_sharing_enabled":true,"_links":{"self":[{"href":"https:\/\/egerhaziimre.hu\/index.php\/wp-json\/wp\/v2\/pages\/1037","targetHints":{"allow":["GET"]}}],"collection":[{"href":"https:\/\/egerhaziimre.hu\/index.php\/wp-json\/wp\/v2\/pages"}],"about":[{"href":"https:\/\/egerhaziimre.hu\/index.php\/wp-json\/wp\/v2\/types\/page"}],"author":[{"embeddable":true,"href":"https:\/\/egerhaziimre.hu\/index.php\/wp-json\/wp\/v2\/users\/4"}],"replies":[{"embeddable":true,"href":"https:\/\/egerhaziimre.hu\/index.php\/wp-json\/wp\/v2\/comments?post=1037"}],"version-history":[{"count":3,"href":"https:\/\/egerhaziimre.hu\/index.php\/wp-json\/wp\/v2\/pages\/1037\/revisions"}],"predecessor-version":[{"id":9064,"href":"https:\/\/egerhaziimre.hu\/index.php\/wp-json\/wp\/v2\/pages\/1037\/revisions\/9064"}],"up":[{"embeddable":true,"href":"https:\/\/egerhaziimre.hu\/index.php\/wp-json\/wp\/v2\/pages\/31"}],"wp:attachment":[{"href":"https:\/\/egerhaziimre.hu\/index.php\/wp-json\/wp\/v2\/media?parent=1037"}],"wp:term":[{"taxonomy":"category","embeddable":true,"href":"https:\/\/egerhaziimre.hu\/index.php\/wp-json\/wp\/v2\/categories?post=1037"},{"taxonomy":"post_tag","embeddable":true,"href":"https:\/\/egerhaziimre.hu\/index.php\/wp-json\/wp\/v2\/tags?post=1037"}],"curies":[{"name":"wp","href":"https:\/\/api.w.org\/{rel}","templated":true}]}}