{"id":10371,"date":"2010-03-12T14:12:40","date_gmt":"2010-03-12T13:12:40","guid":{"rendered":"https:\/\/egerhaziimre.hu\/?page_id=10371"},"modified":"2020-10-01T15:13:08","modified_gmt":"2020-10-01T13:13:08","slug":"egy-festoi-eletut-grafikai-kiallitas-hir-2010","status":"publish","type":"page","link":"https:\/\/egerhaziimre.hu\/index.php\/egy-festoi-eletut-grafikai-kiallitas-hir-2010\/","title":{"rendered":"\u00c9gerh\u00e1zi Imre fest\u0151- \u00e9s grafikusm\u0171v\u00e9sz \u201eEgy fest\u0151i \u00e9let\u00fat grafik\u00e1i\u201d c\u00edm\u0171 ki\u00e1ll\u00edt\u00e1sa"},"content":{"rendered":"<div class=\"wpb-content-wrapper\">[vc_row el_class=&#8221;margin_bottom_0 padding_bottom_0&#8243;][vc_column][vc_column_text]\n<h6>\u00c9gerh\u00e1zi Imre fest\u0151- \u00e9s grafikusm\u0171v\u00e9sz \u201eEgy fest\u0151i \u00e9let\u00fat grafik\u00e1i\u201d c\u00edm\u0171 ki\u00e1ll\u00edt\u00e1sa<\/h6>\n<p>A Debreceni Reform\u00e1tus Koll\u00e9gium D\u00f3czy Gimn\u00e1zium\u00e1nak vezet\u0151s\u00e9ge \u00e9s tantest\u00fclete nev\u00e9ben szeretettel \u00e9s tisztelettel megh\u00edvjuk \u00d6nt \u00e9s kedves Szeretteit \u00c9gerh\u00e1zi Imre fest\u0151- \u00e9s grafikusm\u0171v\u00e9sz \u201eEgy fest\u0151i \u00e9let\u00fat grafik\u00e1i\u201d c\u00edm\u0171 ki\u00e1ll\u00edt\u00e1s\u00e1ra.<\/p>\n<p><strong>Megnyit\u00f3:<\/strong> \u00e1prilis 21-\u00e9n, szerd\u00e1n 11.45 \u00f3rakor a D\u00f3czy Gal\u00e9ri\u00e1ban (Debrecen, Kossuth u. 35-37., D\u00edszterem, III. emelet)<br \/>\n<strong>Program:<\/strong>\u00a0A megjelenteket k\u00f6sz\u00f6nti: dr. Kors\u00f3s B\u00e1lint igazgat\u00f3 \u00far<br \/>\n<strong>A ki\u00e1ll\u00edt\u00e1st megnyitja:<\/strong> Komisz\u00e1r J\u00e1nos fest\u0151m\u0171v\u00e9sz<br \/>\n<strong>K\u00f6zrem\u0171k\u00f6dik:<\/strong> a Djabe zenekar \u00e9s Steve Hackett a Genesis git\u00e1rosa<br \/>\n<strong>L\u00e1togathat\u00f3:<\/strong>\u00a0A ki\u00e1ll\u00edt\u00e1s 2010. m\u00e1jus 30-ig l\u00e1togathat\u00f3 munkanapokon 9\u201318 \u00f3r\u00e1ig.<br \/>\n\u00c9rdekl\u0151dni az 52\/410-211 telefonon lehet.[\/vc_column_text][vc_separator][vc_column_text]\n<h6>Megh\u00edv\u00f3<\/h6>\n[\/vc_column_text][vc_single_image image=&#8221;10373&#8243; img_size=&#8221;large&#8221; alignment=&#8221;center&#8221; style=&#8221;xtd-shadow&#8211;normal-light&#8221; onclick=&#8221;link_image&#8221;][vc_empty_space][vc_separator][vc_column_text]\n<h6>Plak\u00e1t<\/h6>\n[\/vc_column_text][vc_single_image image=&#8221;10374&#8243; img_size=&#8221;large&#8221; alignment=&#8221;center&#8221; style=&#8221;xtd-shadow&#8211;normal-light&#8221; onclick=&#8221;link_image&#8221;][vc_empty_space][vc_separator][vc_column_text]\n<h6>Egy fest\u0151i \u00e9let\u00fat grafik\u00e1i<\/h6>\n<p>Ezzel a c\u00edmmel ny\u00edlt ki\u00e1ll\u00edt\u00e1s a debreceni Reform\u00e1tus D\u00f3czy Gedeon Gimn\u00e1ziumban, mellyel m\u00e1r \u00e9vek \u00f3ta j\u00f3 kapcsolatot \u00e1polnak \u00c9gerh\u00e1zi Imre fest\u0151m\u0171v\u00e9sz \u00f6r\u00f6k\u00f6sei. Annak idej\u00e9n, a D\u00f3czy Gal\u00e9ri\u00e1t is az \u0151 k\u00e9peib\u0151l rendezett ki\u00e1ll\u00edt\u00e1ssal nyitott\u00e1k meg, \u00e9s az\u00f3ta minden esztend\u0151ben az iskola egy arra \u00e9rdemes di\u00e1kj\u00e1t, aki az el\u0151z\u0151 tan\u00e9vben a legjobb k\u00e9pz\u0151m\u0171v\u00e9szeti teljes\u00edtm\u00e9nyt ny\u00fajtotta, \u00f6szt\u00f6nd\u00edjban r\u00e9szes\u00edtenek az \u00f6r\u00f6k\u00f6s\u00f6k.<\/p>\n<p>A m\u00e1jus 30-ig l\u00e1togathat\u00f3 t\u00e1rlatot \u00fcnnep\u00e9lyes keretek k\u00f6z\u00f6tt Komisz\u00e1r J\u00e1nos Holl\u00f3 L\u00e1szl\u00f3-d\u00edjas fest\u0151m\u0171v\u00e9sz nyitotta meg n\u00e9pes n\u00e9z\u0151sereg el\u0151tt. A megjelenteket dr. Kors\u00f3s B\u00e1lint igazgat\u00f3, \u00e9s az \u00f6r\u00f6k\u00f6s\u00f6k nev\u00e9ben \u00c9gerh\u00e1zi P\u00e9ter k\u00f6sz\u00f6nt\u00f6tte. Sajnos az \u00c9gerh\u00e1zi Attila vezette Djabe egy\u00fcttes fell\u00e9p\u00e9se a vend\u00e9gzen\u00e9sz Steve Hackett t\u00e1voll\u00e9te miatt (a l\u00e9gt\u00e9rz\u00e1r miatt nem tudott Angli\u00e1b\u00f3l elrep\u00fclni) elmaradt. A zenekar a Genesis egykori sz\u00f3l\u00f3git\u00e1rosa n\u00e9lk\u00fcl a Medgyessy Eml\u00e9km\u00fazeumban \u00e1prilis 27-\u00e9n ny\u00edl\u00f3 reprezentat\u00edv \u00c9gerh\u00e1zi-t\u00e1rlaton p\u00f3tolja a debreceni vend\u00e9gj\u00e1t\u00e9kot.[\/vc_column_text][vc_column_text]\n<h6>Fot\u00f3gal\u00e9ria<\/h6>\n[\/vc_column_text][vc_media_grid style=&#8221;pagination&#8221; items_per_page=&#8221;8&#8243; element_width=&#8221;3&#8243; gap=&#8221;30&#8243; arrows_design=&#8221;vc_arrow-icon-arrow_01_left&#8221; arrows_color=&#8221;black&#8221; paging_design=&#8221;pagination_square&#8221; paging_color=&#8221;black&#8221; loop=&#8221;yes&#8221; grid_id=&#8221;vc_gid:1601557820719-9520ad9a-722f-3&#8243; include=&#8221;10384,10376,10385,10383,10382,10381,10380,10379,10378,10377&#8243;][\/vc_column][\/vc_row]\n<\/div>","protected":false},"excerpt":{"rendered":"<p>[vc_row el_class=&#8221;margin_bottom_0 padding_bottom_0&#8243;][vc_column][vc_column_text] \u00c9gerh\u00e1zi Imre fest\u0151- \u00e9s grafikusm\u0171v\u00e9sz \u201eEgy fest\u0151i \u00e9let\u00fat grafik\u00e1i\u201d c\u00edm\u0171 ki\u00e1ll\u00edt\u00e1sa A Debreceni Reform\u00e1tus Koll\u00e9gium D\u00f3czy Gimn\u00e1zium\u00e1nak vezet\u0151s\u00e9ge \u00e9s tantest\u00fclete nev\u00e9ben szeretettel \u00e9s tisztelettel megh\u00edvjuk \u00d6nt \u00e9s kedves Szeretteit \u00c9gerh\u00e1zi Imre fest\u0151- \u00e9s grafikusm\u0171v\u00e9sz \u201eEgy fest\u0151i \u00e9let\u00fat grafik\u00e1i\u201d c\u00edm\u0171 ki\u00e1ll\u00edt\u00e1s\u00e1ra. Megnyit\u00f3: \u00e1prilis 21-\u00e9n, szerd\u00e1n 11.45 \u00f3rakor a D\u00f3czy Gal\u00e9ri\u00e1ban (Debrecen, Kossuth u. 35-37., D\u00edszterem, III. emelet) Program:\u00a0A [&hellip;]<\/p>\n","protected":false},"author":4,"featured_media":10382,"parent":0,"menu_order":0,"comment_status":"closed","ping_status":"closed","template":"","meta":{"footnotes":""},"categories":[13],"tags":[98],"class_list":["post-10371","page","type-page","status-publish","has-post-thumbnail","hentry","category-hirek","tag-98"],"yoast_head":"<!-- This site is optimized with the Yoast SEO plugin v27.0 - https:\/\/yoast.com\/product\/yoast-seo-wordpress\/ -->\n<title>\u00c9gerh\u00e1zi Imre fest\u0151- \u00e9s grafikusm\u0171v\u00e9sz \u201eEgy fest\u0151i \u00e9let\u00fat grafik\u00e1i\u201d c\u00edm\u0171 ki\u00e1ll\u00edt\u00e1sa - \u00c9gerh\u00e1zi Imre<\/title>\n<meta name=\"robots\" content=\"index, follow, max-snippet:-1, max-image-preview:large, max-video-preview:-1\" \/>\n<link rel=\"canonical\" href=\"https:\/\/egerhaziimre.hu\/index.php\/egy-festoi-eletut-grafikai-kiallitas-hir-2010\/?lang=en\" \/>\n<meta property=\"og:locale\" content=\"hu_HU\" \/>\n<meta property=\"og:type\" content=\"article\" \/>\n<meta property=\"og:title\" content=\"\u00c9gerh\u00e1zi Imre fest\u0151- \u00e9s grafikusm\u0171v\u00e9sz \u201eEgy fest\u0151i \u00e9let\u00fat grafik\u00e1i\u201d c\u00edm\u0171 ki\u00e1ll\u00edt\u00e1sa - \u00c9gerh\u00e1zi Imre\" \/>\n<meta property=\"og:description\" content=\"[vc_row el_class=&#8221;margin_bottom_0 padding_bottom_0&#8243;][vc_column][vc_column_text] \u00c9gerh\u00e1zi Imre fest\u0151- \u00e9s grafikusm\u0171v\u00e9sz \u201eEgy fest\u0151i \u00e9let\u00fat grafik\u00e1i\u201d c\u00edm\u0171 ki\u00e1ll\u00edt\u00e1sa A Debreceni Reform\u00e1tus Koll\u00e9gium D\u00f3czy Gimn\u00e1zium\u00e1nak vezet\u0151s\u00e9ge \u00e9s tantest\u00fclete nev\u00e9ben szeretettel \u00e9s tisztelettel megh\u00edvjuk \u00d6nt \u00e9s kedves Szeretteit \u00c9gerh\u00e1zi Imre fest\u0151- \u00e9s grafikusm\u0171v\u00e9sz \u201eEgy fest\u0151i \u00e9let\u00fat grafik\u00e1i\u201d c\u00edm\u0171 ki\u00e1ll\u00edt\u00e1s\u00e1ra. Megnyit\u00f3: \u00e1prilis 21-\u00e9n, szerd\u00e1n 11.45 \u00f3rakor a D\u00f3czy Gal\u00e9ri\u00e1ban (Debrecen, Kossuth u. 35-37., D\u00edszterem, III. emelet) Program:\u00a0A [&hellip;]\" \/>\n<meta property=\"og:url\" content=\"https:\/\/egerhaziimre.hu\/index.php\/egy-festoi-eletut-grafikai-kiallitas-hir-2010\/?lang=en\" \/>\n<meta property=\"og:site_name\" content=\"\u00c9gerh\u00e1zi Imre\" \/>\n<meta property=\"article:modified_time\" content=\"2020-10-01T13:13:08+00:00\" \/>\n<meta property=\"og:image\" content=\"https:\/\/egerhaziimre.hu\/wp-content\/uploads\/2020\/10\/hir100312_08.jpg\" \/>\n\t<meta property=\"og:image:width\" content=\"640\" \/>\n\t<meta property=\"og:image:height\" content=\"428\" \/>\n\t<meta property=\"og:image:type\" content=\"image\/jpeg\" \/>\n<meta name=\"twitter:card\" content=\"summary_large_image\" \/>\n<meta name=\"twitter:label1\" content=\"Becs\u00fclt olvas\u00e1si id\u0151\" \/>\n\t<meta name=\"twitter:data1\" content=\"5 perc\" \/>\n<script type=\"application\/ld+json\" class=\"yoast-schema-graph\">{\"@context\":\"https:\/\/schema.org\",\"@graph\":[{\"@type\":\"WebPage\",\"@id\":\"https:\/\/egerhaziimre.hu\/index.php\/egy-festoi-eletut-grafikai-kiallitas-hir-2010\/?lang=en\",\"url\":\"https:\/\/egerhaziimre.hu\/index.php\/egy-festoi-eletut-grafikai-kiallitas-hir-2010\/?lang=en\",\"name\":\"\u00c9gerh\u00e1zi Imre fest\u0151- \u00e9s grafikusm\u0171v\u00e9sz \u201eEgy fest\u0151i \u00e9let\u00fat grafik\u00e1i\u201d c\u00edm\u0171 ki\u00e1ll\u00edt\u00e1sa - \u00c9gerh\u00e1zi Imre\",\"isPartOf\":{\"@id\":\"https:\/\/egerhaziimre.hu\/#website\"},\"primaryImageOfPage\":{\"@id\":\"https:\/\/egerhaziimre.hu\/index.php\/egy-festoi-eletut-grafikai-kiallitas-hir-2010\/?lang=en#primaryimage\"},\"image\":{\"@id\":\"https:\/\/egerhaziimre.hu\/index.php\/egy-festoi-eletut-grafikai-kiallitas-hir-2010\/?lang=en#primaryimage\"},\"thumbnailUrl\":\"https:\/\/egerhaziimre.hu\/wp-content\/uploads\/2020\/10\/hir100312_08.jpg\",\"datePublished\":\"2010-03-12T13:12:40+00:00\",\"dateModified\":\"2020-10-01T13:13:08+00:00\",\"breadcrumb\":{\"@id\":\"https:\/\/egerhaziimre.hu\/index.php\/egy-festoi-eletut-grafikai-kiallitas-hir-2010\/?lang=en#breadcrumb\"},\"inLanguage\":\"hu\",\"potentialAction\":[{\"@type\":\"ReadAction\",\"target\":[\"https:\/\/egerhaziimre.hu\/index.php\/egy-festoi-eletut-grafikai-kiallitas-hir-2010\/?lang=en\"]}]},{\"@type\":\"ImageObject\",\"inLanguage\":\"hu\",\"@id\":\"https:\/\/egerhaziimre.hu\/index.php\/egy-festoi-eletut-grafikai-kiallitas-hir-2010\/?lang=en#primaryimage\",\"url\":\"https:\/\/egerhaziimre.hu\/wp-content\/uploads\/2020\/10\/hir100312_08.jpg\",\"contentUrl\":\"https:\/\/egerhaziimre.hu\/wp-content\/uploads\/2020\/10\/hir100312_08.jpg\",\"width\":640,\"height\":428,\"caption\":\"SONY DSC\"},{\"@type\":\"BreadcrumbList\",\"@id\":\"https:\/\/egerhaziimre.hu\/index.php\/egy-festoi-eletut-grafikai-kiallitas-hir-2010\/?lang=en#breadcrumb\",\"itemListElement\":[{\"@type\":\"ListItem\",\"position\":1,\"name\":\"Home\",\"item\":\"https:\/\/egerhaziimre.hu\/\"},{\"@type\":\"ListItem\",\"position\":2,\"name\":\"The exhibition of the painter and graphic artist Imre \u00c9gerh\u00e1zi entitled Graphics of a picturesque life path\"}]},{\"@type\":\"WebSite\",\"@id\":\"https:\/\/egerhaziimre.hu\/#website\",\"url\":\"https:\/\/egerhaziimre.hu\/\",\"name\":\"\u00c9gerh\u00e1zi Imre\",\"description\":\"\",\"potentialAction\":[{\"@type\":\"SearchAction\",\"target\":{\"@type\":\"EntryPoint\",\"urlTemplate\":\"https:\/\/egerhaziimre.hu\/?s={search_term_string}\"},\"query-input\":{\"@type\":\"PropertyValueSpecification\",\"valueRequired\":true,\"valueName\":\"search_term_string\"}}],\"inLanguage\":\"hu\"}]}<\/script>\n<!-- \/ Yoast SEO plugin. -->","yoast_head_json":{"title":"\u00c9gerh\u00e1zi Imre fest\u0151- \u00e9s grafikusm\u0171v\u00e9sz \u201eEgy fest\u0151i \u00e9let\u00fat grafik\u00e1i\u201d c\u00edm\u0171 ki\u00e1ll\u00edt\u00e1sa - \u00c9gerh\u00e1zi Imre","robots":{"index":"index","follow":"follow","max-snippet":"max-snippet:-1","max-image-preview":"max-image-preview:large","max-video-preview":"max-video-preview:-1"},"canonical":"https:\/\/egerhaziimre.hu\/index.php\/egy-festoi-eletut-grafikai-kiallitas-hir-2010\/?lang=en","og_locale":"hu_HU","og_type":"article","og_title":"\u00c9gerh\u00e1zi Imre fest\u0151- \u00e9s grafikusm\u0171v\u00e9sz \u201eEgy fest\u0151i \u00e9let\u00fat grafik\u00e1i\u201d c\u00edm\u0171 ki\u00e1ll\u00edt\u00e1sa - \u00c9gerh\u00e1zi Imre","og_description":"[vc_row el_class=&#8221;margin_bottom_0 padding_bottom_0&#8243;][vc_column][vc_column_text] \u00c9gerh\u00e1zi Imre fest\u0151- \u00e9s grafikusm\u0171v\u00e9sz \u201eEgy fest\u0151i \u00e9let\u00fat grafik\u00e1i\u201d c\u00edm\u0171 ki\u00e1ll\u00edt\u00e1sa A Debreceni Reform\u00e1tus Koll\u00e9gium D\u00f3czy Gimn\u00e1zium\u00e1nak vezet\u0151s\u00e9ge \u00e9s tantest\u00fclete nev\u00e9ben szeretettel \u00e9s tisztelettel megh\u00edvjuk \u00d6nt \u00e9s kedves Szeretteit \u00c9gerh\u00e1zi Imre fest\u0151- \u00e9s grafikusm\u0171v\u00e9sz \u201eEgy fest\u0151i \u00e9let\u00fat grafik\u00e1i\u201d c\u00edm\u0171 ki\u00e1ll\u00edt\u00e1s\u00e1ra. Megnyit\u00f3: \u00e1prilis 21-\u00e9n, szerd\u00e1n 11.45 \u00f3rakor a D\u00f3czy Gal\u00e9ri\u00e1ban (Debrecen, Kossuth u. 35-37., D\u00edszterem, III. emelet) Program:\u00a0A [&hellip;]","og_url":"https:\/\/egerhaziimre.hu\/index.php\/egy-festoi-eletut-grafikai-kiallitas-hir-2010\/?lang=en","og_site_name":"\u00c9gerh\u00e1zi Imre","article_modified_time":"2020-10-01T13:13:08+00:00","og_image":[{"width":640,"height":428,"url":"https:\/\/egerhaziimre.hu\/wp-content\/uploads\/2020\/10\/hir100312_08.jpg","type":"image\/jpeg"}],"twitter_card":"summary_large_image","twitter_misc":{"Becs\u00fclt olvas\u00e1si id\u0151":"5 perc"},"schema":{"@context":"https:\/\/schema.org","@graph":[{"@type":"WebPage","@id":"https:\/\/egerhaziimre.hu\/index.php\/egy-festoi-eletut-grafikai-kiallitas-hir-2010\/?lang=en","url":"https:\/\/egerhaziimre.hu\/index.php\/egy-festoi-eletut-grafikai-kiallitas-hir-2010\/?lang=en","name":"\u00c9gerh\u00e1zi Imre fest\u0151- \u00e9s grafikusm\u0171v\u00e9sz \u201eEgy fest\u0151i \u00e9let\u00fat grafik\u00e1i\u201d c\u00edm\u0171 ki\u00e1ll\u00edt\u00e1sa - \u00c9gerh\u00e1zi Imre","isPartOf":{"@id":"https:\/\/egerhaziimre.hu\/#website"},"primaryImageOfPage":{"@id":"https:\/\/egerhaziimre.hu\/index.php\/egy-festoi-eletut-grafikai-kiallitas-hir-2010\/?lang=en#primaryimage"},"image":{"@id":"https:\/\/egerhaziimre.hu\/index.php\/egy-festoi-eletut-grafikai-kiallitas-hir-2010\/?lang=en#primaryimage"},"thumbnailUrl":"https:\/\/egerhaziimre.hu\/wp-content\/uploads\/2020\/10\/hir100312_08.jpg","datePublished":"2010-03-12T13:12:40+00:00","dateModified":"2020-10-01T13:13:08+00:00","breadcrumb":{"@id":"https:\/\/egerhaziimre.hu\/index.php\/egy-festoi-eletut-grafikai-kiallitas-hir-2010\/?lang=en#breadcrumb"},"inLanguage":"hu","potentialAction":[{"@type":"ReadAction","target":["https:\/\/egerhaziimre.hu\/index.php\/egy-festoi-eletut-grafikai-kiallitas-hir-2010\/?lang=en"]}]},{"@type":"ImageObject","inLanguage":"hu","@id":"https:\/\/egerhaziimre.hu\/index.php\/egy-festoi-eletut-grafikai-kiallitas-hir-2010\/?lang=en#primaryimage","url":"https:\/\/egerhaziimre.hu\/wp-content\/uploads\/2020\/10\/hir100312_08.jpg","contentUrl":"https:\/\/egerhaziimre.hu\/wp-content\/uploads\/2020\/10\/hir100312_08.jpg","width":640,"height":428,"caption":"SONY DSC"},{"@type":"BreadcrumbList","@id":"https:\/\/egerhaziimre.hu\/index.php\/egy-festoi-eletut-grafikai-kiallitas-hir-2010\/?lang=en#breadcrumb","itemListElement":[{"@type":"ListItem","position":1,"name":"Home","item":"https:\/\/egerhaziimre.hu\/"},{"@type":"ListItem","position":2,"name":"The exhibition of the painter and graphic artist Imre \u00c9gerh\u00e1zi entitled Graphics of a picturesque life path"}]},{"@type":"WebSite","@id":"https:\/\/egerhaziimre.hu\/#website","url":"https:\/\/egerhaziimre.hu\/","name":"\u00c9gerh\u00e1zi Imre","description":"","potentialAction":[{"@type":"SearchAction","target":{"@type":"EntryPoint","urlTemplate":"https:\/\/egerhaziimre.hu\/?s={search_term_string}"},"query-input":{"@type":"PropertyValueSpecification","valueRequired":true,"valueName":"search_term_string"}}],"inLanguage":"hu"}]}},"jetpack_sharing_enabled":true,"_links":{"self":[{"href":"https:\/\/egerhaziimre.hu\/index.php\/wp-json\/wp\/v2\/pages\/10371","targetHints":{"allow":["GET"]}}],"collection":[{"href":"https:\/\/egerhaziimre.hu\/index.php\/wp-json\/wp\/v2\/pages"}],"about":[{"href":"https:\/\/egerhaziimre.hu\/index.php\/wp-json\/wp\/v2\/types\/page"}],"author":[{"embeddable":true,"href":"https:\/\/egerhaziimre.hu\/index.php\/wp-json\/wp\/v2\/users\/4"}],"replies":[{"embeddable":true,"href":"https:\/\/egerhaziimre.hu\/index.php\/wp-json\/wp\/v2\/comments?post=10371"}],"version-history":[{"count":4,"href":"https:\/\/egerhaziimre.hu\/index.php\/wp-json\/wp\/v2\/pages\/10371\/revisions"}],"predecessor-version":[{"id":10388,"href":"https:\/\/egerhaziimre.hu\/index.php\/wp-json\/wp\/v2\/pages\/10371\/revisions\/10388"}],"wp:featuredmedia":[{"embeddable":true,"href":"https:\/\/egerhaziimre.hu\/index.php\/wp-json\/wp\/v2\/media\/10382"}],"wp:attachment":[{"href":"https:\/\/egerhaziimre.hu\/index.php\/wp-json\/wp\/v2\/media?parent=10371"}],"wp:term":[{"taxonomy":"category","embeddable":true,"href":"https:\/\/egerhaziimre.hu\/index.php\/wp-json\/wp\/v2\/categories?post=10371"},{"taxonomy":"post_tag","embeddable":true,"href":"https:\/\/egerhaziimre.hu\/index.php\/wp-json\/wp\/v2\/tags?post=10371"}],"curies":[{"name":"wp","href":"https:\/\/api.w.org\/{rel}","templated":true}]}}