{"id":10389,"date":"2010-03-02T15:19:17","date_gmt":"2010-03-02T14:19:17","guid":{"rendered":"https:\/\/egerhaziimre.hu\/?page_id=10389"},"modified":"2020-10-01T15:25:58","modified_gmt":"2020-10-01T13:25:58","slug":"egerhazi-imre-festomuvesz-alkotasainak-neprajzi-kapcsolodasait-bemutato-kiallitasa","status":"publish","type":"page","link":"https:\/\/egerhaziimre.hu\/index.php\/egerhazi-imre-festomuvesz-alkotasainak-neprajzi-kapcsolodasait-bemutato-kiallitasa\/","title":{"rendered":"\u00c9gerh\u00e1zi Imre fest\u0151m\u0171v\u00e9sz alkot\u00e1sainak n\u00e9prajzi kapcsol\u00f3d\u00e1sait bemutat\u00f3 ki\u00e1ll\u00edt\u00e1s"},"content":{"rendered":"<div class=\"wpb-content-wrapper\">[vc_row el_class=&#8221;margin_bottom_0 padding_bottom_0&#8243;][vc_column][vc_column_text]A Hajd\u00fa-Bihar Megyei M\u00fazeumok Igazgat\u00f3s\u00e1ga \u00e9s a Gramy-H Rekl\u00e1m\u00fcgyn\u00f6ks\u00e9g Kft. tisztelettel megh\u00edvja \u00d6nt, kedves csal\u00e1dj\u00e1t \u00e9s bar\u00e1tait\u00a0\u00c9gerh\u00e1zi Imre fest\u0151m\u0171v\u00e9sz alkot\u00e1sainak n\u00e9prajzi kapcsol\u00f3d\u00e1sait bemutat\u00f3 ki\u00e1ll\u00edt\u00e1s\u00e1ra.<\/p>\n<p><strong>Megnyit\u00f3:<\/strong> \u00e1prilis 27-\u00e9n, kedden 15 \u00f3rakor a Medgyessy Ferenc Eml\u00e9km\u00fazeum &#8211; Debrecen, P\u00e9terfia u. 28.<br \/>\n<strong>Program:<\/strong>\u00a0K\u00f6sz\u00f6nt\u0151t mond: Lakner Lajos, megyei m\u00fazeumigazgat\u00f3\u00a0\u00e9s Kocsis R\u00f3bert, a Hajd\u00fa-Bihar Megyei K\u00f6zgy\u0171l\u00e9s aleln\u00f6ke.<br \/>\n<strong>A ki\u00e1ll\u00edt\u00e1st megnyitja:<\/strong> Lovas Kiss Antal n\u00e9prajzkutat\u00f3<br \/>\n<strong>K\u00f6zrem\u0171k\u00f6dik:<\/strong> Djabe zenekar<br \/>\n<strong>L\u00e1togathat\u00f3:<\/strong>\u00a0L\u00e1togathat\u00f3 2010. j\u00fanius 13-ig, h\u00e9tf\u00f4 kiv\u00e9tel\u00e9vel minden nap.[\/vc_column_text][vc_separator][vc_column_text]\n<h6>Megh\u00edv\u00f3<\/h6>\n[\/vc_column_text][vc_row_inner][vc_column_inner width=&#8221;1\/2&#8243;][vc_single_image image=&#8221;10390&#8243; img_size=&#8221;large&#8221; alignment=&#8221;center&#8221; style=&#8221;xtd-shadow&#8211;normal-light&#8221; onclick=&#8221;link_image&#8221;][\/vc_column_inner][vc_column_inner width=&#8221;1\/2&#8243;][vc_single_image image=&#8221;10391&#8243; img_size=&#8221;large&#8221; alignment=&#8221;center&#8221; style=&#8221;xtd-shadow&#8211;normal-light&#8221; onclick=&#8221;link_image&#8221;][\/vc_column_inner][\/vc_row_inner][vc_empty_space][vc_separator][vc_column_text]\n<h6>Katal\u00f3gus<\/h6>\n[\/vc_column_text][vc_column_text]\n<p style=\"text-align: center;\">\n[\/vc_column_text][\/vc_column][\/vc_row]\n<\/div>","protected":false},"excerpt":{"rendered":"<p>[vc_row el_class=&#8221;margin_bottom_0 padding_bottom_0&#8243;][vc_column][vc_column_text]A Hajd\u00fa-Bihar Megyei M\u00fazeumok Igazgat\u00f3s\u00e1ga \u00e9s a Gramy-H Rekl\u00e1m\u00fcgyn\u00f6ks\u00e9g Kft. tisztelettel megh\u00edvja \u00d6nt, kedves csal\u00e1dj\u00e1t \u00e9s bar\u00e1tait\u00a0\u00c9gerh\u00e1zi Imre fest\u0151m\u0171v\u00e9sz alkot\u00e1sainak n\u00e9prajzi kapcsol\u00f3d\u00e1sait bemutat\u00f3 ki\u00e1ll\u00edt\u00e1s\u00e1ra. Megnyit\u00f3: \u00e1prilis 27-\u00e9n, kedden 15 \u00f3rakor a Medgyessy Ferenc Eml\u00e9km\u00fazeum &#8211; Debrecen, P\u00e9terfia u. 28. Program:\u00a0K\u00f6sz\u00f6nt\u0151t mond: Lakner Lajos, megyei m\u00fazeumigazgat\u00f3\u00a0\u00e9s Kocsis R\u00f3bert, a Hajd\u00fa-Bihar Megyei K\u00f6zgy\u0171l\u00e9s aleln\u00f6ke. A ki\u00e1ll\u00edt\u00e1st megnyitja: Lovas Kiss Antal [&hellip;]<\/p>\n","protected":false},"author":4,"featured_media":10390,"parent":0,"menu_order":0,"comment_status":"closed","ping_status":"closed","template":"","meta":{"footnotes":""},"categories":[13],"tags":[98],"class_list":["post-10389","page","type-page","status-publish","has-post-thumbnail","hentry","category-hirek","tag-98"],"yoast_head":"<!-- This site is optimized with the Yoast SEO plugin v27.0 - https:\/\/yoast.com\/product\/yoast-seo-wordpress\/ -->\n<title>\u00c9gerh\u00e1zi Imre fest\u0151m\u0171v\u00e9sz alkot\u00e1sainak n\u00e9prajzi kapcsol\u00f3d\u00e1sait bemutat\u00f3 ki\u00e1ll\u00edt\u00e1s - \u00c9gerh\u00e1zi Imre<\/title>\n<meta name=\"robots\" content=\"index, follow, max-snippet:-1, max-image-preview:large, max-video-preview:-1\" \/>\n<link rel=\"canonical\" href=\"https:\/\/egerhaziimre.hu\/index.php\/egerhazi-imre-festomuvesz-alkotasainak-neprajzi-kapcsolodasait-bemutato-kiallitasa\/?lang=en\" \/>\n<meta property=\"og:locale\" content=\"hu_HU\" \/>\n<meta property=\"og:type\" content=\"article\" \/>\n<meta property=\"og:title\" content=\"\u00c9gerh\u00e1zi Imre fest\u0151m\u0171v\u00e9sz alkot\u00e1sainak n\u00e9prajzi kapcsol\u00f3d\u00e1sait bemutat\u00f3 ki\u00e1ll\u00edt\u00e1s - \u00c9gerh\u00e1zi Imre\" \/>\n<meta property=\"og:description\" content=\"[vc_row el_class=&#8221;margin_bottom_0 padding_bottom_0&#8243;][vc_column][vc_column_text]A Hajd\u00fa-Bihar Megyei M\u00fazeumok Igazgat\u00f3s\u00e1ga \u00e9s a Gramy-H Rekl\u00e1m\u00fcgyn\u00f6ks\u00e9g Kft. tisztelettel megh\u00edvja \u00d6nt, kedves csal\u00e1dj\u00e1t \u00e9s bar\u00e1tait\u00a0\u00c9gerh\u00e1zi Imre fest\u0151m\u0171v\u00e9sz alkot\u00e1sainak n\u00e9prajzi kapcsol\u00f3d\u00e1sait bemutat\u00f3 ki\u00e1ll\u00edt\u00e1s\u00e1ra. Megnyit\u00f3: \u00e1prilis 27-\u00e9n, kedden 15 \u00f3rakor a Medgyessy Ferenc Eml\u00e9km\u00fazeum &#8211; Debrecen, P\u00e9terfia u. 28. Program:\u00a0K\u00f6sz\u00f6nt\u0151t mond: Lakner Lajos, megyei m\u00fazeumigazgat\u00f3\u00a0\u00e9s Kocsis R\u00f3bert, a Hajd\u00fa-Bihar Megyei K\u00f6zgy\u0171l\u00e9s aleln\u00f6ke. A ki\u00e1ll\u00edt\u00e1st megnyitja: Lovas Kiss Antal [&hellip;]\" \/>\n<meta property=\"og:url\" content=\"https:\/\/egerhaziimre.hu\/index.php\/egerhazi-imre-festomuvesz-alkotasainak-neprajzi-kapcsolodasait-bemutato-kiallitasa\/?lang=en\" \/>\n<meta property=\"og:site_name\" content=\"\u00c9gerh\u00e1zi Imre\" \/>\n<meta property=\"article:modified_time\" content=\"2020-10-01T13:25:58+00:00\" \/>\n<meta property=\"og:image\" content=\"https:\/\/egerhaziimre.hu\/wp-content\/uploads\/2020\/10\/20100302_derimeghivo1.jpg\" \/>\n\t<meta property=\"og:image:width\" content=\"600\" \/>\n\t<meta property=\"og:image:height\" content=\"286\" \/>\n\t<meta property=\"og:image:type\" content=\"image\/jpeg\" \/>\n<meta name=\"twitter:card\" content=\"summary_large_image\" \/>\n<meta name=\"twitter:label1\" content=\"Becs\u00fclt olvas\u00e1si id\u0151\" \/>\n\t<meta name=\"twitter:data1\" content=\"2 perc\" \/>\n<script type=\"application\/ld+json\" class=\"yoast-schema-graph\">{\"@context\":\"https:\/\/schema.org\",\"@graph\":[{\"@type\":\"WebPage\",\"@id\":\"https:\/\/egerhaziimre.hu\/index.php\/egerhazi-imre-festomuvesz-alkotasainak-neprajzi-kapcsolodasait-bemutato-kiallitasa\/?lang=en\",\"url\":\"https:\/\/egerhaziimre.hu\/index.php\/egerhazi-imre-festomuvesz-alkotasainak-neprajzi-kapcsolodasait-bemutato-kiallitasa\/?lang=en\",\"name\":\"\u00c9gerh\u00e1zi Imre fest\u0151m\u0171v\u00e9sz alkot\u00e1sainak n\u00e9prajzi kapcsol\u00f3d\u00e1sait bemutat\u00f3 ki\u00e1ll\u00edt\u00e1s - \u00c9gerh\u00e1zi Imre\",\"isPartOf\":{\"@id\":\"https:\/\/egerhaziimre.hu\/#website\"},\"primaryImageOfPage\":{\"@id\":\"https:\/\/egerhaziimre.hu\/index.php\/egerhazi-imre-festomuvesz-alkotasainak-neprajzi-kapcsolodasait-bemutato-kiallitasa\/?lang=en#primaryimage\"},\"image\":{\"@id\":\"https:\/\/egerhaziimre.hu\/index.php\/egerhazi-imre-festomuvesz-alkotasainak-neprajzi-kapcsolodasait-bemutato-kiallitasa\/?lang=en#primaryimage\"},\"thumbnailUrl\":\"https:\/\/egerhaziimre.hu\/wp-content\/uploads\/2020\/10\/20100302_derimeghivo1.jpg\",\"datePublished\":\"2010-03-02T14:19:17+00:00\",\"dateModified\":\"2020-10-01T13:25:58+00:00\",\"breadcrumb\":{\"@id\":\"https:\/\/egerhaziimre.hu\/index.php\/egerhazi-imre-festomuvesz-alkotasainak-neprajzi-kapcsolodasait-bemutato-kiallitasa\/?lang=en#breadcrumb\"},\"inLanguage\":\"hu\",\"potentialAction\":[{\"@type\":\"ReadAction\",\"target\":[\"https:\/\/egerhaziimre.hu\/index.php\/egerhazi-imre-festomuvesz-alkotasainak-neprajzi-kapcsolodasait-bemutato-kiallitasa\/?lang=en\"]}]},{\"@type\":\"ImageObject\",\"inLanguage\":\"hu\",\"@id\":\"https:\/\/egerhaziimre.hu\/index.php\/egerhazi-imre-festomuvesz-alkotasainak-neprajzi-kapcsolodasait-bemutato-kiallitasa\/?lang=en#primaryimage\",\"url\":\"https:\/\/egerhaziimre.hu\/wp-content\/uploads\/2020\/10\/20100302_derimeghivo1.jpg\",\"contentUrl\":\"https:\/\/egerhaziimre.hu\/wp-content\/uploads\/2020\/10\/20100302_derimeghivo1.jpg\",\"width\":600,\"height\":286},{\"@type\":\"BreadcrumbList\",\"@id\":\"https:\/\/egerhaziimre.hu\/index.php\/egerhazi-imre-festomuvesz-alkotasainak-neprajzi-kapcsolodasait-bemutato-kiallitasa\/?lang=en#breadcrumb\",\"itemListElement\":[{\"@type\":\"ListItem\",\"position\":1,\"name\":\"Home\",\"item\":\"https:\/\/egerhaziimre.hu\/\"},{\"@type\":\"ListItem\",\"position\":2,\"name\":\"Exhibition presenting the ethnographic connections of the works of the painter Imre \u00c9gerh\u00e1zi\"}]},{\"@type\":\"WebSite\",\"@id\":\"https:\/\/egerhaziimre.hu\/#website\",\"url\":\"https:\/\/egerhaziimre.hu\/\",\"name\":\"\u00c9gerh\u00e1zi Imre\",\"description\":\"\",\"potentialAction\":[{\"@type\":\"SearchAction\",\"target\":{\"@type\":\"EntryPoint\",\"urlTemplate\":\"https:\/\/egerhaziimre.hu\/?s={search_term_string}\"},\"query-input\":{\"@type\":\"PropertyValueSpecification\",\"valueRequired\":true,\"valueName\":\"search_term_string\"}}],\"inLanguage\":\"hu\"}]}<\/script>\n<!-- \/ Yoast SEO plugin. -->","yoast_head_json":{"title":"\u00c9gerh\u00e1zi Imre fest\u0151m\u0171v\u00e9sz alkot\u00e1sainak n\u00e9prajzi kapcsol\u00f3d\u00e1sait bemutat\u00f3 ki\u00e1ll\u00edt\u00e1s - \u00c9gerh\u00e1zi Imre","robots":{"index":"index","follow":"follow","max-snippet":"max-snippet:-1","max-image-preview":"max-image-preview:large","max-video-preview":"max-video-preview:-1"},"canonical":"https:\/\/egerhaziimre.hu\/index.php\/egerhazi-imre-festomuvesz-alkotasainak-neprajzi-kapcsolodasait-bemutato-kiallitasa\/?lang=en","og_locale":"hu_HU","og_type":"article","og_title":"\u00c9gerh\u00e1zi Imre fest\u0151m\u0171v\u00e9sz alkot\u00e1sainak n\u00e9prajzi kapcsol\u00f3d\u00e1sait bemutat\u00f3 ki\u00e1ll\u00edt\u00e1s - \u00c9gerh\u00e1zi Imre","og_description":"[vc_row el_class=&#8221;margin_bottom_0 padding_bottom_0&#8243;][vc_column][vc_column_text]A Hajd\u00fa-Bihar Megyei M\u00fazeumok Igazgat\u00f3s\u00e1ga \u00e9s a Gramy-H Rekl\u00e1m\u00fcgyn\u00f6ks\u00e9g Kft. tisztelettel megh\u00edvja \u00d6nt, kedves csal\u00e1dj\u00e1t \u00e9s bar\u00e1tait\u00a0\u00c9gerh\u00e1zi Imre fest\u0151m\u0171v\u00e9sz alkot\u00e1sainak n\u00e9prajzi kapcsol\u00f3d\u00e1sait bemutat\u00f3 ki\u00e1ll\u00edt\u00e1s\u00e1ra. Megnyit\u00f3: \u00e1prilis 27-\u00e9n, kedden 15 \u00f3rakor a Medgyessy Ferenc Eml\u00e9km\u00fazeum &#8211; Debrecen, P\u00e9terfia u. 28. Program:\u00a0K\u00f6sz\u00f6nt\u0151t mond: Lakner Lajos, megyei m\u00fazeumigazgat\u00f3\u00a0\u00e9s Kocsis R\u00f3bert, a Hajd\u00fa-Bihar Megyei K\u00f6zgy\u0171l\u00e9s aleln\u00f6ke. A ki\u00e1ll\u00edt\u00e1st megnyitja: Lovas Kiss Antal [&hellip;]","og_url":"https:\/\/egerhaziimre.hu\/index.php\/egerhazi-imre-festomuvesz-alkotasainak-neprajzi-kapcsolodasait-bemutato-kiallitasa\/?lang=en","og_site_name":"\u00c9gerh\u00e1zi Imre","article_modified_time":"2020-10-01T13:25:58+00:00","og_image":[{"width":600,"height":286,"url":"https:\/\/egerhaziimre.hu\/wp-content\/uploads\/2020\/10\/20100302_derimeghivo1.jpg","type":"image\/jpeg"}],"twitter_card":"summary_large_image","twitter_misc":{"Becs\u00fclt olvas\u00e1si id\u0151":"2 perc"},"schema":{"@context":"https:\/\/schema.org","@graph":[{"@type":"WebPage","@id":"https:\/\/egerhaziimre.hu\/index.php\/egerhazi-imre-festomuvesz-alkotasainak-neprajzi-kapcsolodasait-bemutato-kiallitasa\/?lang=en","url":"https:\/\/egerhaziimre.hu\/index.php\/egerhazi-imre-festomuvesz-alkotasainak-neprajzi-kapcsolodasait-bemutato-kiallitasa\/?lang=en","name":"\u00c9gerh\u00e1zi Imre fest\u0151m\u0171v\u00e9sz alkot\u00e1sainak n\u00e9prajzi kapcsol\u00f3d\u00e1sait bemutat\u00f3 ki\u00e1ll\u00edt\u00e1s - \u00c9gerh\u00e1zi Imre","isPartOf":{"@id":"https:\/\/egerhaziimre.hu\/#website"},"primaryImageOfPage":{"@id":"https:\/\/egerhaziimre.hu\/index.php\/egerhazi-imre-festomuvesz-alkotasainak-neprajzi-kapcsolodasait-bemutato-kiallitasa\/?lang=en#primaryimage"},"image":{"@id":"https:\/\/egerhaziimre.hu\/index.php\/egerhazi-imre-festomuvesz-alkotasainak-neprajzi-kapcsolodasait-bemutato-kiallitasa\/?lang=en#primaryimage"},"thumbnailUrl":"https:\/\/egerhaziimre.hu\/wp-content\/uploads\/2020\/10\/20100302_derimeghivo1.jpg","datePublished":"2010-03-02T14:19:17+00:00","dateModified":"2020-10-01T13:25:58+00:00","breadcrumb":{"@id":"https:\/\/egerhaziimre.hu\/index.php\/egerhazi-imre-festomuvesz-alkotasainak-neprajzi-kapcsolodasait-bemutato-kiallitasa\/?lang=en#breadcrumb"},"inLanguage":"hu","potentialAction":[{"@type":"ReadAction","target":["https:\/\/egerhaziimre.hu\/index.php\/egerhazi-imre-festomuvesz-alkotasainak-neprajzi-kapcsolodasait-bemutato-kiallitasa\/?lang=en"]}]},{"@type":"ImageObject","inLanguage":"hu","@id":"https:\/\/egerhaziimre.hu\/index.php\/egerhazi-imre-festomuvesz-alkotasainak-neprajzi-kapcsolodasait-bemutato-kiallitasa\/?lang=en#primaryimage","url":"https:\/\/egerhaziimre.hu\/wp-content\/uploads\/2020\/10\/20100302_derimeghivo1.jpg","contentUrl":"https:\/\/egerhaziimre.hu\/wp-content\/uploads\/2020\/10\/20100302_derimeghivo1.jpg","width":600,"height":286},{"@type":"BreadcrumbList","@id":"https:\/\/egerhaziimre.hu\/index.php\/egerhazi-imre-festomuvesz-alkotasainak-neprajzi-kapcsolodasait-bemutato-kiallitasa\/?lang=en#breadcrumb","itemListElement":[{"@type":"ListItem","position":1,"name":"Home","item":"https:\/\/egerhaziimre.hu\/"},{"@type":"ListItem","position":2,"name":"Exhibition presenting the ethnographic connections of the works of the painter Imre \u00c9gerh\u00e1zi"}]},{"@type":"WebSite","@id":"https:\/\/egerhaziimre.hu\/#website","url":"https:\/\/egerhaziimre.hu\/","name":"\u00c9gerh\u00e1zi Imre","description":"","potentialAction":[{"@type":"SearchAction","target":{"@type":"EntryPoint","urlTemplate":"https:\/\/egerhaziimre.hu\/?s={search_term_string}"},"query-input":{"@type":"PropertyValueSpecification","valueRequired":true,"valueName":"search_term_string"}}],"inLanguage":"hu"}]}},"jetpack_sharing_enabled":true,"_links":{"self":[{"href":"https:\/\/egerhaziimre.hu\/index.php\/wp-json\/wp\/v2\/pages\/10389","targetHints":{"allow":["GET"]}}],"collection":[{"href":"https:\/\/egerhaziimre.hu\/index.php\/wp-json\/wp\/v2\/pages"}],"about":[{"href":"https:\/\/egerhaziimre.hu\/index.php\/wp-json\/wp\/v2\/types\/page"}],"author":[{"embeddable":true,"href":"https:\/\/egerhaziimre.hu\/index.php\/wp-json\/wp\/v2\/users\/4"}],"replies":[{"embeddable":true,"href":"https:\/\/egerhaziimre.hu\/index.php\/wp-json\/wp\/v2\/comments?post=10389"}],"version-history":[{"count":1,"href":"https:\/\/egerhaziimre.hu\/index.php\/wp-json\/wp\/v2\/pages\/10389\/revisions"}],"predecessor-version":[{"id":10392,"href":"https:\/\/egerhaziimre.hu\/index.php\/wp-json\/wp\/v2\/pages\/10389\/revisions\/10392"}],"wp:featuredmedia":[{"embeddable":true,"href":"https:\/\/egerhaziimre.hu\/index.php\/wp-json\/wp\/v2\/media\/10390"}],"wp:attachment":[{"href":"https:\/\/egerhaziimre.hu\/index.php\/wp-json\/wp\/v2\/media?parent=10389"}],"wp:term":[{"taxonomy":"category","embeddable":true,"href":"https:\/\/egerhaziimre.hu\/index.php\/wp-json\/wp\/v2\/categories?post=10389"},{"taxonomy":"post_tag","embeddable":true,"href":"https:\/\/egerhaziimre.hu\/index.php\/wp-json\/wp\/v2\/tags?post=10389"}],"curies":[{"name":"wp","href":"https:\/\/api.w.org\/{rel}","templated":true}]}}