{"id":10393,"date":"2009-11-14T15:42:54","date_gmt":"2009-11-14T14:42:54","guid":{"rendered":"https:\/\/egerhaziimre.hu\/?page_id=10393"},"modified":"2020-10-02T16:46:16","modified_gmt":"2020-10-02T14:46:16","slug":"emlekfa-az-emlekhazban","status":"publish","type":"page","link":"https:\/\/egerhaziimre.hu\/index.php\/emlekfa-az-emlekhazban\/","title":{"rendered":"Eml\u00e9kfa az eml\u00e9kh\u00e1zban, 2009"},"content":{"rendered":"<div class=\"wpb-content-wrapper\">[vc_row el_class=&#8221;margin_bottom_0 padding_bottom_0&#8243;][vc_column][vc_column_text]Egy t\u00f6bb mint sz\u00e1z \u00e9ves, vill\u00e1ms\u00fajtotta g\u00f6di feny\u0151b\u0151l k\u00e9sz\u00fclt az az eml\u00e9kfa, melyet a szint\u00e9n a v\u00e1rosb\u00f3l elsz\u00e1rmazott Nagy G\u00e1bor fafarag\u00f3 k\u00e9sz\u00edtett a 2001-ben tragikus balesetben elhunyt \u00c9gerh\u00e1zi Imre fest\u0151m\u0171v\u00e9sz eml\u00e9k\u00e9re. A sz\u00fcl\u0151hely\u00e9re debrecenik\u00e9nt is mindig b\u00fcszke m\u0171v\u00e9sz hajd\u00fahadh\u00e1zi eml\u00e9kh\u00e1z\u00e1ban a megye napi \u00fcnneps\u00e9gekhez kapcsol\u00f3dva vette \u00e1t, \u00e9s leplezte le alkot\u00f3j\u00e1val egy\u00fctt az eml\u00e9kf\u00e1t B\u00e9res L\u00e1szl\u00f3 polg\u00e1rmester. Besz\u00e9d\u00e9ben utalt arra, hogy a v\u00e1ros d\u00edszpolg\u00e1ra hal\u00e1l\u00e1nak \u00e9vfordul\u00f3ja alig n\u00e9h\u00e1ny nappal kor\u00e1bban volt, mint a megynap, ez\u00e9rt d\u00f6nt\u00f6tt \u00fagy az \u00f6nkorm\u00e1nyzat, hogy az eml\u00e9kfa \u00e1tad\u00e1s\u00e1t a programsorozat r\u00e9sz\u00e9v\u00e9 teszi.<\/p>\n<p>Az \u00e1tad\u00e1st megel\u0151z\u0151en az \u00f6nkorm\u00e1nyzat, t\u00f6bb helyi szervezet, valamint a m\u0171v\u00e9sz k\u00e9t fia, Imre \u00e9s P\u00e9ter helyezett el koszor\u00fat az eml\u00e9kh\u00e1z k\u00fcls\u0151 fal\u00e1n. Ezt k\u00f6vet\u0151en vonultak a megeml\u00e9kez\u0151k az el\u0151szob\u00e1ban elhelyezett eml\u00e9kf\u00e1hoz.<\/p>\n<p>A saj\u00e1t maga v\u00e1lasztott, \u00e9s f\u00e1ba v\u00e9sett Tam\u00e1si \u00c1ron id\u00e9zett\u0151l el\u00e9rz\u00e9keny\u00fclt, \u00c9gerh\u00e1zi Imr\u00e9t j\u00f3l ismer\u0151 Nagy G\u00e1bor elmondta, a \u00f6reg feny\u0151 hat darabj\u00e1b\u00f3l k\u00e9sz\u00edtett m\u00e1sik k\u00e9t alkot\u00e1sa k\u00f6z\u00fcl egyet sz\u00fcl\u0151v\u00e1rosa \u00f6nkorm\u00e1nyzat\u00e1nak, a m\u00e1sikat pedig G\u00f6d v\u00e1ros\u00e1nak adom\u00e1nyozta.[\/vc_column_text][vc_separator][vc_column_text]\n<h6>Fot\u00f3gal\u00e9ria<\/h6>\n[\/vc_column_text][vc_media_grid style=&#8221;pagination&#8221; items_per_page=&#8221;8&#8243; element_width=&#8221;3&#8243; gap=&#8221;30&#8243; arrows_design=&#8221;vc_arrow-icon-arrow_01_left&#8221; arrows_color=&#8221;black&#8221; paging_design=&#8221;pagination_square&#8221; paging_color=&#8221;black&#8221; loop=&#8221;yes&#8221; grid_id=&#8221;vc_gid:1601649870912-54fb6267-0682-0&#8243; include=&#8221;10394,10395,10396,10397,10398,10399,10400,10401&#8243;][vc_separator][vc_column_text]\n<h6>Interj\u00fa Nagy G\u00e1bor fafarag\u00f3val<\/h6>\n[\/vc_column_text][vc_video link=&#8221;https:\/\/youtu.be\/X2iju8_oEto&#8221; el_width=&#8221;80&#8243; align=&#8221;center&#8221;][\/vc_column][\/vc_row]\n<\/div>","protected":false},"excerpt":{"rendered":"<p>[vc_row el_class=&#8221;margin_bottom_0 padding_bottom_0&#8243;][vc_column][vc_column_text]Egy t\u00f6bb mint sz\u00e1z \u00e9ves, vill\u00e1ms\u00fajtotta g\u00f6di feny\u0151b\u0151l k\u00e9sz\u00fclt az az eml\u00e9kfa, melyet a szint\u00e9n a v\u00e1rosb\u00f3l elsz\u00e1rmazott Nagy G\u00e1bor fafarag\u00f3 k\u00e9sz\u00edtett a 2001-ben tragikus balesetben elhunyt \u00c9gerh\u00e1zi Imre fest\u0151m\u0171v\u00e9sz eml\u00e9k\u00e9re. A sz\u00fcl\u0151hely\u00e9re debrecenik\u00e9nt is mindig b\u00fcszke m\u0171v\u00e9sz hajd\u00fahadh\u00e1zi eml\u00e9kh\u00e1z\u00e1ban a megye napi \u00fcnneps\u00e9gekhez kapcsol\u00f3dva vette \u00e1t, \u00e9s leplezte le alkot\u00f3j\u00e1val egy\u00fctt az eml\u00e9kf\u00e1t B\u00e9res L\u00e1szl\u00f3 polg\u00e1rmester. Besz\u00e9d\u00e9ben [&hellip;]<\/p>\n","protected":false},"author":4,"featured_media":10399,"parent":0,"menu_order":0,"comment_status":"closed","ping_status":"closed","template":"","meta":{"footnotes":""},"categories":[13],"tags":[161],"class_list":["post-10393","page","type-page","status-publish","has-post-thumbnail","hentry","category-hirek","tag-161"],"yoast_head":"<!-- This site is optimized with the Yoast SEO plugin v27.0 - https:\/\/yoast.com\/product\/yoast-seo-wordpress\/ -->\n<title>Eml\u00e9kfa az eml\u00e9kh\u00e1zban, 2009 - \u00c9gerh\u00e1zi Imre<\/title>\n<meta name=\"robots\" content=\"index, follow, max-snippet:-1, max-image-preview:large, max-video-preview:-1\" \/>\n<link rel=\"canonical\" href=\"https:\/\/egerhaziimre.hu\/index.php\/emlekfa-az-emlekhazban\/?lang=en\" \/>\n<meta property=\"og:locale\" content=\"hu_HU\" \/>\n<meta property=\"og:type\" content=\"article\" \/>\n<meta property=\"og:title\" content=\"Eml\u00e9kfa az eml\u00e9kh\u00e1zban, 2009 - \u00c9gerh\u00e1zi Imre\" \/>\n<meta property=\"og:description\" content=\"[vc_row el_class=&#8221;margin_bottom_0 padding_bottom_0&#8243;][vc_column][vc_column_text]Egy t\u00f6bb mint sz\u00e1z \u00e9ves, vill\u00e1ms\u00fajtotta g\u00f6di feny\u0151b\u0151l k\u00e9sz\u00fclt az az eml\u00e9kfa, melyet a szint\u00e9n a v\u00e1rosb\u00f3l elsz\u00e1rmazott Nagy G\u00e1bor fafarag\u00f3 k\u00e9sz\u00edtett a 2001-ben tragikus balesetben elhunyt \u00c9gerh\u00e1zi Imre fest\u0151m\u0171v\u00e9sz eml\u00e9k\u00e9re. A sz\u00fcl\u0151hely\u00e9re debrecenik\u00e9nt is mindig b\u00fcszke m\u0171v\u00e9sz hajd\u00fahadh\u00e1zi eml\u00e9kh\u00e1z\u00e1ban a megye napi \u00fcnneps\u00e9gekhez kapcsol\u00f3dva vette \u00e1t, \u00e9s leplezte le alkot\u00f3j\u00e1val egy\u00fctt az eml\u00e9kf\u00e1t B\u00e9res L\u00e1szl\u00f3 polg\u00e1rmester. Besz\u00e9d\u00e9ben [&hellip;]\" \/>\n<meta property=\"og:url\" content=\"https:\/\/egerhaziimre.hu\/index.php\/emlekfa-az-emlekhazban\/?lang=en\" \/>\n<meta property=\"og:site_name\" content=\"\u00c9gerh\u00e1zi Imre\" \/>\n<meta property=\"article:modified_time\" content=\"2020-10-02T14:46:16+00:00\" \/>\n<meta property=\"og:image\" content=\"https:\/\/egerhaziimre.hu\/wp-content\/uploads\/2020\/10\/emlekfa_091105_06.jpg\" \/>\n\t<meta property=\"og:image:width\" content=\"800\" \/>\n\t<meta property=\"og:image:height\" content=\"535\" \/>\n\t<meta property=\"og:image:type\" content=\"image\/jpeg\" \/>\n<meta name=\"twitter:card\" content=\"summary_large_image\" \/>\n<meta name=\"twitter:label1\" content=\"Becs\u00fclt olvas\u00e1si id\u0151\" \/>\n\t<meta name=\"twitter:data1\" content=\"3 perc\" \/>\n<script type=\"application\/ld+json\" class=\"yoast-schema-graph\">{\"@context\":\"https:\/\/schema.org\",\"@graph\":[{\"@type\":\"WebPage\",\"@id\":\"https:\/\/egerhaziimre.hu\/index.php\/emlekfa-az-emlekhazban\/?lang=en\",\"url\":\"https:\/\/egerhaziimre.hu\/index.php\/emlekfa-az-emlekhazban\/?lang=en\",\"name\":\"Eml\u00e9kfa az eml\u00e9kh\u00e1zban, 2009 - \u00c9gerh\u00e1zi Imre\",\"isPartOf\":{\"@id\":\"https:\/\/egerhaziimre.hu\/#website\"},\"primaryImageOfPage\":{\"@id\":\"https:\/\/egerhaziimre.hu\/index.php\/emlekfa-az-emlekhazban\/?lang=en#primaryimage\"},\"image\":{\"@id\":\"https:\/\/egerhaziimre.hu\/index.php\/emlekfa-az-emlekhazban\/?lang=en#primaryimage\"},\"thumbnailUrl\":\"https:\/\/egerhaziimre.hu\/wp-content\/uploads\/2020\/10\/emlekfa_091105_06.jpg\",\"datePublished\":\"2009-11-14T14:42:54+00:00\",\"dateModified\":\"2020-10-02T14:46:16+00:00\",\"breadcrumb\":{\"@id\":\"https:\/\/egerhaziimre.hu\/index.php\/emlekfa-az-emlekhazban\/?lang=en#breadcrumb\"},\"inLanguage\":\"hu\",\"potentialAction\":[{\"@type\":\"ReadAction\",\"target\":[\"https:\/\/egerhaziimre.hu\/index.php\/emlekfa-az-emlekhazban\/?lang=en\"]}]},{\"@type\":\"ImageObject\",\"inLanguage\":\"hu\",\"@id\":\"https:\/\/egerhaziimre.hu\/index.php\/emlekfa-az-emlekhazban\/?lang=en#primaryimage\",\"url\":\"https:\/\/egerhaziimre.hu\/wp-content\/uploads\/2020\/10\/emlekfa_091105_06.jpg\",\"contentUrl\":\"https:\/\/egerhaziimre.hu\/wp-content\/uploads\/2020\/10\/emlekfa_091105_06.jpg\",\"width\":800,\"height\":535,\"caption\":\"SONY DSC\"},{\"@type\":\"BreadcrumbList\",\"@id\":\"https:\/\/egerhaziimre.hu\/index.php\/emlekfa-az-emlekhazban\/?lang=en#breadcrumb\",\"itemListElement\":[{\"@type\":\"ListItem\",\"position\":1,\"name\":\"Home\",\"item\":\"https:\/\/egerhaziimre.hu\/\"},{\"@type\":\"ListItem\",\"position\":2,\"name\":\"Memorial column in the memorial house, 2009\"}]},{\"@type\":\"WebSite\",\"@id\":\"https:\/\/egerhaziimre.hu\/#website\",\"url\":\"https:\/\/egerhaziimre.hu\/\",\"name\":\"\u00c9gerh\u00e1zi Imre\",\"description\":\"\",\"potentialAction\":[{\"@type\":\"SearchAction\",\"target\":{\"@type\":\"EntryPoint\",\"urlTemplate\":\"https:\/\/egerhaziimre.hu\/?s={search_term_string}\"},\"query-input\":{\"@type\":\"PropertyValueSpecification\",\"valueRequired\":true,\"valueName\":\"search_term_string\"}}],\"inLanguage\":\"hu\"}]}<\/script>\n<!-- \/ Yoast SEO plugin. -->","yoast_head_json":{"title":"Eml\u00e9kfa az eml\u00e9kh\u00e1zban, 2009 - \u00c9gerh\u00e1zi Imre","robots":{"index":"index","follow":"follow","max-snippet":"max-snippet:-1","max-image-preview":"max-image-preview:large","max-video-preview":"max-video-preview:-1"},"canonical":"https:\/\/egerhaziimre.hu\/index.php\/emlekfa-az-emlekhazban\/?lang=en","og_locale":"hu_HU","og_type":"article","og_title":"Eml\u00e9kfa az eml\u00e9kh\u00e1zban, 2009 - \u00c9gerh\u00e1zi Imre","og_description":"[vc_row el_class=&#8221;margin_bottom_0 padding_bottom_0&#8243;][vc_column][vc_column_text]Egy t\u00f6bb mint sz\u00e1z \u00e9ves, vill\u00e1ms\u00fajtotta g\u00f6di feny\u0151b\u0151l k\u00e9sz\u00fclt az az eml\u00e9kfa, melyet a szint\u00e9n a v\u00e1rosb\u00f3l elsz\u00e1rmazott Nagy G\u00e1bor fafarag\u00f3 k\u00e9sz\u00edtett a 2001-ben tragikus balesetben elhunyt \u00c9gerh\u00e1zi Imre fest\u0151m\u0171v\u00e9sz eml\u00e9k\u00e9re. A sz\u00fcl\u0151hely\u00e9re debrecenik\u00e9nt is mindig b\u00fcszke m\u0171v\u00e9sz hajd\u00fahadh\u00e1zi eml\u00e9kh\u00e1z\u00e1ban a megye napi \u00fcnneps\u00e9gekhez kapcsol\u00f3dva vette \u00e1t, \u00e9s leplezte le alkot\u00f3j\u00e1val egy\u00fctt az eml\u00e9kf\u00e1t B\u00e9res L\u00e1szl\u00f3 polg\u00e1rmester. Besz\u00e9d\u00e9ben [&hellip;]","og_url":"https:\/\/egerhaziimre.hu\/index.php\/emlekfa-az-emlekhazban\/?lang=en","og_site_name":"\u00c9gerh\u00e1zi Imre","article_modified_time":"2020-10-02T14:46:16+00:00","og_image":[{"width":800,"height":535,"url":"https:\/\/egerhaziimre.hu\/wp-content\/uploads\/2020\/10\/emlekfa_091105_06.jpg","type":"image\/jpeg"}],"twitter_card":"summary_large_image","twitter_misc":{"Becs\u00fclt olvas\u00e1si id\u0151":"3 perc"},"schema":{"@context":"https:\/\/schema.org","@graph":[{"@type":"WebPage","@id":"https:\/\/egerhaziimre.hu\/index.php\/emlekfa-az-emlekhazban\/?lang=en","url":"https:\/\/egerhaziimre.hu\/index.php\/emlekfa-az-emlekhazban\/?lang=en","name":"Eml\u00e9kfa az eml\u00e9kh\u00e1zban, 2009 - \u00c9gerh\u00e1zi Imre","isPartOf":{"@id":"https:\/\/egerhaziimre.hu\/#website"},"primaryImageOfPage":{"@id":"https:\/\/egerhaziimre.hu\/index.php\/emlekfa-az-emlekhazban\/?lang=en#primaryimage"},"image":{"@id":"https:\/\/egerhaziimre.hu\/index.php\/emlekfa-az-emlekhazban\/?lang=en#primaryimage"},"thumbnailUrl":"https:\/\/egerhaziimre.hu\/wp-content\/uploads\/2020\/10\/emlekfa_091105_06.jpg","datePublished":"2009-11-14T14:42:54+00:00","dateModified":"2020-10-02T14:46:16+00:00","breadcrumb":{"@id":"https:\/\/egerhaziimre.hu\/index.php\/emlekfa-az-emlekhazban\/?lang=en#breadcrumb"},"inLanguage":"hu","potentialAction":[{"@type":"ReadAction","target":["https:\/\/egerhaziimre.hu\/index.php\/emlekfa-az-emlekhazban\/?lang=en"]}]},{"@type":"ImageObject","inLanguage":"hu","@id":"https:\/\/egerhaziimre.hu\/index.php\/emlekfa-az-emlekhazban\/?lang=en#primaryimage","url":"https:\/\/egerhaziimre.hu\/wp-content\/uploads\/2020\/10\/emlekfa_091105_06.jpg","contentUrl":"https:\/\/egerhaziimre.hu\/wp-content\/uploads\/2020\/10\/emlekfa_091105_06.jpg","width":800,"height":535,"caption":"SONY DSC"},{"@type":"BreadcrumbList","@id":"https:\/\/egerhaziimre.hu\/index.php\/emlekfa-az-emlekhazban\/?lang=en#breadcrumb","itemListElement":[{"@type":"ListItem","position":1,"name":"Home","item":"https:\/\/egerhaziimre.hu\/"},{"@type":"ListItem","position":2,"name":"Memorial column in the memorial house, 2009"}]},{"@type":"WebSite","@id":"https:\/\/egerhaziimre.hu\/#website","url":"https:\/\/egerhaziimre.hu\/","name":"\u00c9gerh\u00e1zi Imre","description":"","potentialAction":[{"@type":"SearchAction","target":{"@type":"EntryPoint","urlTemplate":"https:\/\/egerhaziimre.hu\/?s={search_term_string}"},"query-input":{"@type":"PropertyValueSpecification","valueRequired":true,"valueName":"search_term_string"}}],"inLanguage":"hu"}]}},"jetpack_sharing_enabled":true,"_links":{"self":[{"href":"https:\/\/egerhaziimre.hu\/index.php\/wp-json\/wp\/v2\/pages\/10393","targetHints":{"allow":["GET"]}}],"collection":[{"href":"https:\/\/egerhaziimre.hu\/index.php\/wp-json\/wp\/v2\/pages"}],"about":[{"href":"https:\/\/egerhaziimre.hu\/index.php\/wp-json\/wp\/v2\/types\/page"}],"author":[{"embeddable":true,"href":"https:\/\/egerhaziimre.hu\/index.php\/wp-json\/wp\/v2\/users\/4"}],"replies":[{"embeddable":true,"href":"https:\/\/egerhaziimre.hu\/index.php\/wp-json\/wp\/v2\/comments?post=10393"}],"version-history":[{"count":3,"href":"https:\/\/egerhaziimre.hu\/index.php\/wp-json\/wp\/v2\/pages\/10393\/revisions"}],"predecessor-version":[{"id":10493,"href":"https:\/\/egerhaziimre.hu\/index.php\/wp-json\/wp\/v2\/pages\/10393\/revisions\/10493"}],"wp:featuredmedia":[{"embeddable":true,"href":"https:\/\/egerhaziimre.hu\/index.php\/wp-json\/wp\/v2\/media\/10399"}],"wp:attachment":[{"href":"https:\/\/egerhaziimre.hu\/index.php\/wp-json\/wp\/v2\/media?parent=10393"}],"wp:term":[{"taxonomy":"category","embeddable":true,"href":"https:\/\/egerhaziimre.hu\/index.php\/wp-json\/wp\/v2\/categories?post=10393"},{"taxonomy":"post_tag","embeddable":true,"href":"https:\/\/egerhaziimre.hu\/index.php\/wp-json\/wp\/v2\/tags?post=10393"}],"curies":[{"name":"wp","href":"https:\/\/api.w.org\/{rel}","templated":true}]}}