{"id":1040,"date":"2019-08-05T15:20:04","date_gmt":"2019-08-05T13:20:04","guid":{"rendered":"http:\/\/egerhaziimre.magex.hu\/?page_id=1040"},"modified":"2020-09-02T11:15:08","modified_gmt":"2020-09-02T09:15:08","slug":"szabo-erno-hajdu-bihari-naplo-1987-iii-12","status":"publish","type":"page","link":"https:\/\/egerhaziimre.hu\/index.php\/dijak-elismeresek\/szabo-erno-hajdu-bihari-naplo-1987-iii-12\/","title":{"rendered":"Szab\u00f3 Ern\u0151, Hajd\u00fa-Bihari Napl\u00f3, 1987. III. 12."},"content":{"rendered":"<div class=\"wpb-content-wrapper\">\r\n<blockquote class=\"wp-block-quote is-layout-flow wp-block-quote-is-layout-flow\"><p>&#8222;&#8230;J\u00f3 n\u00e9h\u00e1ny \u00e9ve festi azt a t\u00e1jat, amely seg\u00edts\u00e9g\u00e9vel legink\u00e1bb kifejezheti mag\u00e1t. Er\u0151s kont\u00farokkal s\u00edkszer\u0171en fogalmazott festm\u00e9nyei apr\u00f3l\u00e9kosan kidolgozott, s\u00f6t\u00e9t okker, barna fel\u00fcletein \u00fajra \u00e9s \u00fajra az erd\u00e9lyi cs\u00edki t\u00e1j bukkan fel. Erd\u00e9lyi \u00e9lm\u00e9nyeib\u0151l festett k\u00e9pei t\u00f6bb mint a term\u00e9szeti n\u00e9prajzi egys\u00e9g dokument\u00e1ci\u00f3i&#8230;&#8221;<\/p><cite>Szab\u00f3 Ern\u0151<br>Hajd\u00fa-Bihari Napl\u00f3, 1987. III. 12.<\/cite><\/blockquote>\r\n<\/div>","protected":false},"excerpt":{"rendered":"<p>&#8222;&#8230;J\u00f3 n\u00e9h\u00e1ny \u00e9ve festi azt a t\u00e1jat, amely seg\u00edts\u00e9g\u00e9vel legink\u00e1bb kifejezheti mag\u00e1t. Er\u0151s kont\u00farokkal s\u00edkszer\u0171en fogalmazott festm\u00e9nyei apr\u00f3l\u00e9kosan kidolgozott, s\u00f6t\u00e9t okker, barna fel\u00fcletein \u00fajra \u00e9s \u00fajra az erd\u00e9lyi cs\u00edki t\u00e1j bukkan fel. Erd\u00e9lyi \u00e9lm\u00e9nyeib\u0151l festett k\u00e9pei t\u00f6bb mint a term\u00e9szeti n\u00e9prajzi egys\u00e9g dokument\u00e1ci\u00f3i&#8230;&#8221; Szab\u00f3 Ern\u0151Hajd\u00fa-Bihari Napl\u00f3, 1987. III. 12.<\/p>\n","protected":false},"author":4,"featured_media":0,"parent":31,"menu_order":0,"comment_status":"closed","ping_status":"closed","template":"","meta":{"footnotes":""},"categories":[84],"tags":[96],"class_list":["post-1040","page","type-page","status-publish","hentry","category-kritikak_meltatasok","tag-96"],"yoast_head":"<!-- This site is optimized with the Yoast SEO plugin v27.3 - https:\/\/yoast.com\/product\/yoast-seo-wordpress\/ -->\n<title>Szab\u00f3 Ern\u0151, Hajd\u00fa-Bihari Napl\u00f3, 1987. III. 12. - \u00c9gerh\u00e1zi Imre<\/title>\n<meta name=\"robots\" content=\"index, follow, max-snippet:-1, max-image-preview:large, max-video-preview:-1\" \/>\n<link rel=\"canonical\" href=\"https:\/\/egerhaziimre.hu\/index.php\/dijak-elismeresek\/szabo-erno-hajdu-bihari-naplo-1987-iii-12\/?lang=en\" \/>\n<meta property=\"og:locale\" content=\"hu_HU\" \/>\n<meta property=\"og:type\" content=\"article\" \/>\n<meta property=\"og:title\" content=\"Szab\u00f3 Ern\u0151, Hajd\u00fa-Bihari Napl\u00f3, 1987. III. 12. - \u00c9gerh\u00e1zi Imre\" \/>\n<meta property=\"og:description\" content=\"&#8222;&#8230;J\u00f3 n\u00e9h\u00e1ny \u00e9ve festi azt a t\u00e1jat, amely seg\u00edts\u00e9g\u00e9vel legink\u00e1bb kifejezheti mag\u00e1t. Er\u0151s kont\u00farokkal s\u00edkszer\u0171en fogalmazott festm\u00e9nyei apr\u00f3l\u00e9kosan kidolgozott, s\u00f6t\u00e9t okker, barna fel\u00fcletein \u00fajra \u00e9s \u00fajra az erd\u00e9lyi cs\u00edki t\u00e1j bukkan fel. Erd\u00e9lyi \u00e9lm\u00e9nyeib\u0151l festett k\u00e9pei t\u00f6bb mint a term\u00e9szeti n\u00e9prajzi egys\u00e9g dokument\u00e1ci\u00f3i&#8230;&#8221; Szab\u00f3 Ern\u0151Hajd\u00fa-Bihari Napl\u00f3, 1987. III. 12.\" \/>\n<meta property=\"og:url\" content=\"https:\/\/egerhaziimre.hu\/index.php\/dijak-elismeresek\/szabo-erno-hajdu-bihari-naplo-1987-iii-12\/?lang=en\" \/>\n<meta property=\"og:site_name\" content=\"\u00c9gerh\u00e1zi Imre\" \/>\n<meta property=\"article:modified_time\" content=\"2020-09-02T09:15:08+00:00\" \/>\n<meta name=\"twitter:card\" content=\"summary_large_image\" \/>\n<meta name=\"twitter:label1\" content=\"Becs\u00fclt olvas\u00e1si id\u0151\" \/>\n\t<meta name=\"twitter:data1\" content=\"1 perc\" \/>\n<script type=\"application\/ld+json\" class=\"yoast-schema-graph\">{\"@context\":\"https:\\\/\\\/schema.org\",\"@graph\":[{\"@type\":\"WebPage\",\"@id\":\"https:\\\/\\\/egerhaziimre.hu\\\/index.php\\\/dijak-elismeresek\\\/szabo-erno-hajdu-bihari-naplo-1987-iii-12\\\/?lang=en\",\"url\":\"https:\\\/\\\/egerhaziimre.hu\\\/index.php\\\/dijak-elismeresek\\\/szabo-erno-hajdu-bihari-naplo-1987-iii-12\\\/?lang=en\",\"name\":\"Szab\u00f3 Ern\u0151, Hajd\u00fa-Bihari Napl\u00f3, 1987. III. 12. - \u00c9gerh\u00e1zi Imre\",\"isPartOf\":{\"@id\":\"https:\\\/\\\/egerhaziimre.hu\\\/#website\"},\"datePublished\":\"2019-08-05T13:20:04+00:00\",\"dateModified\":\"2020-09-02T09:15:08+00:00\",\"breadcrumb\":{\"@id\":\"https:\\\/\\\/egerhaziimre.hu\\\/index.php\\\/dijak-elismeresek\\\/szabo-erno-hajdu-bihari-naplo-1987-iii-12\\\/?lang=en#breadcrumb\"},\"inLanguage\":\"hu\",\"potentialAction\":[{\"@type\":\"ReadAction\",\"target\":[\"https:\\\/\\\/egerhaziimre.hu\\\/index.php\\\/dijak-elismeresek\\\/szabo-erno-hajdu-bihari-naplo-1987-iii-12\\\/?lang=en\"]}]},{\"@type\":\"BreadcrumbList\",\"@id\":\"https:\\\/\\\/egerhaziimre.hu\\\/index.php\\\/dijak-elismeresek\\\/szabo-erno-hajdu-bihari-naplo-1987-iii-12\\\/?lang=en#breadcrumb\",\"itemListElement\":[{\"@type\":\"ListItem\",\"position\":1,\"name\":\"Home\",\"item\":\"https:\\\/\\\/egerhaziimre.hu\\\/\"},{\"@type\":\"ListItem\",\"position\":2,\"name\":\"Awards, recognitions\",\"item\":\"https:\\\/\\\/egerhaziimre.hu\\\/index.php\\\/dijak-elismeresek\\\/?lang=en\"},{\"@type\":\"ListItem\",\"position\":3,\"name\":\"ERN\u0150 SZAB\u00d3, HAJD\u00da-BIHARI NAPL\u00d3, 1987. III. 12.\"}]},{\"@type\":\"WebSite\",\"@id\":\"https:\\\/\\\/egerhaziimre.hu\\\/#website\",\"url\":\"https:\\\/\\\/egerhaziimre.hu\\\/\",\"name\":\"\u00c9gerh\u00e1zi Imre\",\"description\":\"\",\"potentialAction\":[{\"@type\":\"SearchAction\",\"target\":{\"@type\":\"EntryPoint\",\"urlTemplate\":\"https:\\\/\\\/egerhaziimre.hu\\\/?s={search_term_string}\"},\"query-input\":{\"@type\":\"PropertyValueSpecification\",\"valueRequired\":true,\"valueName\":\"search_term_string\"}}],\"inLanguage\":\"hu\"}]}<\/script>\n<!-- \/ Yoast SEO plugin. -->","yoast_head_json":{"title":"Szab\u00f3 Ern\u0151, Hajd\u00fa-Bihari Napl\u00f3, 1987. III. 12. - \u00c9gerh\u00e1zi Imre","robots":{"index":"index","follow":"follow","max-snippet":"max-snippet:-1","max-image-preview":"max-image-preview:large","max-video-preview":"max-video-preview:-1"},"canonical":"https:\/\/egerhaziimre.hu\/index.php\/dijak-elismeresek\/szabo-erno-hajdu-bihari-naplo-1987-iii-12\/?lang=en","og_locale":"hu_HU","og_type":"article","og_title":"Szab\u00f3 Ern\u0151, Hajd\u00fa-Bihari Napl\u00f3, 1987. III. 12. - \u00c9gerh\u00e1zi Imre","og_description":"&#8222;&#8230;J\u00f3 n\u00e9h\u00e1ny \u00e9ve festi azt a t\u00e1jat, amely seg\u00edts\u00e9g\u00e9vel legink\u00e1bb kifejezheti mag\u00e1t. Er\u0151s kont\u00farokkal s\u00edkszer\u0171en fogalmazott festm\u00e9nyei apr\u00f3l\u00e9kosan kidolgozott, s\u00f6t\u00e9t okker, barna fel\u00fcletein \u00fajra \u00e9s \u00fajra az erd\u00e9lyi cs\u00edki t\u00e1j bukkan fel. Erd\u00e9lyi \u00e9lm\u00e9nyeib\u0151l festett k\u00e9pei t\u00f6bb mint a term\u00e9szeti n\u00e9prajzi egys\u00e9g dokument\u00e1ci\u00f3i&#8230;&#8221; Szab\u00f3 Ern\u0151Hajd\u00fa-Bihari Napl\u00f3, 1987. III. 12.","og_url":"https:\/\/egerhaziimre.hu\/index.php\/dijak-elismeresek\/szabo-erno-hajdu-bihari-naplo-1987-iii-12\/?lang=en","og_site_name":"\u00c9gerh\u00e1zi Imre","article_modified_time":"2020-09-02T09:15:08+00:00","twitter_card":"summary_large_image","twitter_misc":{"Becs\u00fclt olvas\u00e1si id\u0151":"1 perc"},"schema":{"@context":"https:\/\/schema.org","@graph":[{"@type":"WebPage","@id":"https:\/\/egerhaziimre.hu\/index.php\/dijak-elismeresek\/szabo-erno-hajdu-bihari-naplo-1987-iii-12\/?lang=en","url":"https:\/\/egerhaziimre.hu\/index.php\/dijak-elismeresek\/szabo-erno-hajdu-bihari-naplo-1987-iii-12\/?lang=en","name":"Szab\u00f3 Ern\u0151, Hajd\u00fa-Bihari Napl\u00f3, 1987. III. 12. - \u00c9gerh\u00e1zi Imre","isPartOf":{"@id":"https:\/\/egerhaziimre.hu\/#website"},"datePublished":"2019-08-05T13:20:04+00:00","dateModified":"2020-09-02T09:15:08+00:00","breadcrumb":{"@id":"https:\/\/egerhaziimre.hu\/index.php\/dijak-elismeresek\/szabo-erno-hajdu-bihari-naplo-1987-iii-12\/?lang=en#breadcrumb"},"inLanguage":"hu","potentialAction":[{"@type":"ReadAction","target":["https:\/\/egerhaziimre.hu\/index.php\/dijak-elismeresek\/szabo-erno-hajdu-bihari-naplo-1987-iii-12\/?lang=en"]}]},{"@type":"BreadcrumbList","@id":"https:\/\/egerhaziimre.hu\/index.php\/dijak-elismeresek\/szabo-erno-hajdu-bihari-naplo-1987-iii-12\/?lang=en#breadcrumb","itemListElement":[{"@type":"ListItem","position":1,"name":"Home","item":"https:\/\/egerhaziimre.hu\/"},{"@type":"ListItem","position":2,"name":"Awards, recognitions","item":"https:\/\/egerhaziimre.hu\/index.php\/dijak-elismeresek\/?lang=en"},{"@type":"ListItem","position":3,"name":"ERN\u0150 SZAB\u00d3, HAJD\u00da-BIHARI NAPL\u00d3, 1987. III. 12."}]},{"@type":"WebSite","@id":"https:\/\/egerhaziimre.hu\/#website","url":"https:\/\/egerhaziimre.hu\/","name":"\u00c9gerh\u00e1zi Imre","description":"","potentialAction":[{"@type":"SearchAction","target":{"@type":"EntryPoint","urlTemplate":"https:\/\/egerhaziimre.hu\/?s={search_term_string}"},"query-input":{"@type":"PropertyValueSpecification","valueRequired":true,"valueName":"search_term_string"}}],"inLanguage":"hu"}]}},"jetpack_sharing_enabled":true,"_links":{"self":[{"href":"https:\/\/egerhaziimre.hu\/index.php\/wp-json\/wp\/v2\/pages\/1040","targetHints":{"allow":["GET"]}}],"collection":[{"href":"https:\/\/egerhaziimre.hu\/index.php\/wp-json\/wp\/v2\/pages"}],"about":[{"href":"https:\/\/egerhaziimre.hu\/index.php\/wp-json\/wp\/v2\/types\/page"}],"author":[{"embeddable":true,"href":"https:\/\/egerhaziimre.hu\/index.php\/wp-json\/wp\/v2\/users\/4"}],"replies":[{"embeddable":true,"href":"https:\/\/egerhaziimre.hu\/index.php\/wp-json\/wp\/v2\/comments?post=1040"}],"version-history":[{"count":2,"href":"https:\/\/egerhaziimre.hu\/index.php\/wp-json\/wp\/v2\/pages\/1040\/revisions"}],"predecessor-version":[{"id":9066,"href":"https:\/\/egerhaziimre.hu\/index.php\/wp-json\/wp\/v2\/pages\/1040\/revisions\/9066"}],"up":[{"embeddable":true,"href":"https:\/\/egerhaziimre.hu\/index.php\/wp-json\/wp\/v2\/pages\/31"}],"wp:attachment":[{"href":"https:\/\/egerhaziimre.hu\/index.php\/wp-json\/wp\/v2\/media?parent=1040"}],"wp:term":[{"taxonomy":"category","embeddable":true,"href":"https:\/\/egerhaziimre.hu\/index.php\/wp-json\/wp\/v2\/categories?post=1040"},{"taxonomy":"post_tag","embeddable":true,"href":"https:\/\/egerhaziimre.hu\/index.php\/wp-json\/wp\/v2\/tags?post=1040"}],"curies":[{"name":"wp","href":"https:\/\/api.w.org\/{rel}","templated":true}]}}