{"id":10403,"date":"2009-02-15T16:10:31","date_gmt":"2009-02-15T15:10:31","guid":{"rendered":"https:\/\/egerhaziimre.hu\/?page_id=10403"},"modified":"2020-10-01T16:18:09","modified_gmt":"2020-10-01T14:18:09","slug":"egerhazi-imre-fetomuesz-eletmu-kiallitasa","status":"publish","type":"page","link":"https:\/\/egerhaziimre.hu\/index.php\/egerhazi-imre-fetomuesz-eletmu-kiallitasa\/","title":{"rendered":"\u00c9gerh\u00e1zi Imre fest\u0151m\u0171v\u00e9sz \u00c9letm\u0171 ki\u00e1ll\u00edt\u00e1sa"},"content":{"rendered":"<div class=\"wpb-content-wrapper\">[vc_row el_class=&#8221;margin_bottom_0 padding_bottom_0&#8243;][vc_column][vc_column_text]Budapest XII. ker\u00fclet Hegyvid\u00e9ki \u00d6nkorm\u00e1nyzat,\u00a0a XII. ker\u00fclet Hegyvid\u00e9ki \u00d6nkorm\u00e1nyzat M\u0171vel\u0151d\u00e9si K\u00f6zpont\u00a0\u00e9s a Gramy-H Rekl\u00e1m\u00fcgyn\u00f6ks\u00e9g Kft. tisztelettel megh\u00edvja \u00d6nt, kedves csal\u00e1dj\u00e1t \u00e9s bar\u00e1tait\u00a0\u00c9gerh\u00e1zi Imre fest\u0151m\u0171v\u00e9sz \u00c9letm\u0171 ki\u00e1ll\u00edt\u00e1s\u00e1ra.<\/p>\n<p><strong>Megnyit\u00f3:<\/strong> 2009. m\u00e1rcius 17-\u00e9n, kedd 18 \u00f3rakor a XII. ker\u00fclet Hegyvid\u00e9ki \u00d6nkorm\u00e1nyzat M\u0171vel\u0151d\u00e9si K\u00f6zpont Kupolaterm\u00e9ben &#8211; Budapest, XII. Cs\u00f6rsz utca 18.<br \/>\n<strong>Program:<\/strong><br \/>\n&#8211; A ki\u00e1ll\u00edt\u00e1st megnyitja Hambuch Gerda Igazgat\u00f3<br \/>\n&#8211; A t\u00e1rlat anyag\u00e1t bemutatja: Feledy Bal\u00e1zs m\u0171v\u00e9szett\u00f6rt\u00e9n\u00e9sz<br \/>\n&#8211; Vajdics Krisztina az \u00c9gerh\u00e1zi Imre k\u00e9pek inspir\u00e1lta Djabe zen\u00e9re \u00edrt verseib\u0151l olvas fel<br \/>\n-A Djabe zenekar 1 \u00f3r\u00e1s koncertje a Kupolateremben<br \/>\n<strong>L\u00e1togathat\u00f3:<\/strong> m\u00e1rcius 31-ig minden nap 9-18 \u00f3r\u00e1ig[\/vc_column_text][vc_separator][vc_column_text]\n<h6>Megh\u00edv\u00f3<\/h6>\n[\/vc_column_text][vc_column_text]\n<p style=\"text-align: center;\">\n[\/vc_column_text][\/vc_column][\/vc_row]\n<\/div>","protected":false},"excerpt":{"rendered":"<p>[vc_row el_class=&#8221;margin_bottom_0 padding_bottom_0&#8243;][vc_column][vc_column_text]Budapest XII. ker\u00fclet Hegyvid\u00e9ki \u00d6nkorm\u00e1nyzat,\u00a0a XII. ker\u00fclet Hegyvid\u00e9ki \u00d6nkorm\u00e1nyzat M\u0171vel\u0151d\u00e9si K\u00f6zpont\u00a0\u00e9s a Gramy-H Rekl\u00e1m\u00fcgyn\u00f6ks\u00e9g Kft. tisztelettel megh\u00edvja \u00d6nt, kedves csal\u00e1dj\u00e1t \u00e9s bar\u00e1tait\u00a0\u00c9gerh\u00e1zi Imre fest\u0151m\u0171v\u00e9sz \u00c9letm\u0171 ki\u00e1ll\u00edt\u00e1s\u00e1ra. Megnyit\u00f3: 2009. m\u00e1rcius 17-\u00e9n, kedd 18 \u00f3rakor a XII. ker\u00fclet Hegyvid\u00e9ki \u00d6nkorm\u00e1nyzat M\u0171vel\u0151d\u00e9si K\u00f6zpont Kupolaterm\u00e9ben &#8211; Budapest, XII. Cs\u00f6rsz utca 18. Program: &#8211; A ki\u00e1ll\u00edt\u00e1st megnyitja Hambuch Gerda Igazgat\u00f3 &#8211; A t\u00e1rlat [&hellip;]<\/p>\n","protected":false},"author":4,"featured_media":10405,"parent":0,"menu_order":0,"comment_status":"closed","ping_status":"closed","template":"","meta":{"footnotes":""},"categories":[13],"tags":[161],"class_list":["post-10403","page","type-page","status-publish","has-post-thumbnail","hentry","category-hirek","tag-161"],"yoast_head":"<!-- This site is optimized with the Yoast SEO plugin v27.3 - https:\/\/yoast.com\/product\/yoast-seo-wordpress\/ -->\n<title>\u00c9gerh\u00e1zi Imre fest\u0151m\u0171v\u00e9sz \u00c9letm\u0171 ki\u00e1ll\u00edt\u00e1sa - \u00c9gerh\u00e1zi Imre<\/title>\n<meta name=\"robots\" content=\"index, follow, max-snippet:-1, max-image-preview:large, max-video-preview:-1\" \/>\n<link rel=\"canonical\" href=\"https:\/\/egerhaziimre.hu\/index.php\/egerhazi-imre-fetomuesz-eletmu-kiallitasa\/?lang=en\" \/>\n<meta property=\"og:locale\" content=\"hu_HU\" \/>\n<meta property=\"og:type\" content=\"article\" \/>\n<meta property=\"og:title\" content=\"\u00c9gerh\u00e1zi Imre fest\u0151m\u0171v\u00e9sz \u00c9letm\u0171 ki\u00e1ll\u00edt\u00e1sa - \u00c9gerh\u00e1zi Imre\" \/>\n<meta property=\"og:description\" content=\"[vc_row el_class=&#8221;margin_bottom_0 padding_bottom_0&#8243;][vc_column][vc_column_text]Budapest XII. ker\u00fclet Hegyvid\u00e9ki \u00d6nkorm\u00e1nyzat,\u00a0a XII. ker\u00fclet Hegyvid\u00e9ki \u00d6nkorm\u00e1nyzat M\u0171vel\u0151d\u00e9si K\u00f6zpont\u00a0\u00e9s a Gramy-H Rekl\u00e1m\u00fcgyn\u00f6ks\u00e9g Kft. tisztelettel megh\u00edvja \u00d6nt, kedves csal\u00e1dj\u00e1t \u00e9s bar\u00e1tait\u00a0\u00c9gerh\u00e1zi Imre fest\u0151m\u0171v\u00e9sz \u00c9letm\u0171 ki\u00e1ll\u00edt\u00e1s\u00e1ra. Megnyit\u00f3: 2009. m\u00e1rcius 17-\u00e9n, kedd 18 \u00f3rakor a XII. ker\u00fclet Hegyvid\u00e9ki \u00d6nkorm\u00e1nyzat M\u0171vel\u0151d\u00e9si K\u00f6zpont Kupolaterm\u00e9ben &#8211; Budapest, XII. Cs\u00f6rsz utca 18. Program: &#8211; A ki\u00e1ll\u00edt\u00e1st megnyitja Hambuch Gerda Igazgat\u00f3 &#8211; A t\u00e1rlat [&hellip;]\" \/>\n<meta property=\"og:url\" content=\"https:\/\/egerhaziimre.hu\/index.php\/egerhazi-imre-fetomuesz-eletmu-kiallitasa\/?lang=en\" \/>\n<meta property=\"og:site_name\" content=\"\u00c9gerh\u00e1zi Imre\" \/>\n<meta property=\"article:modified_time\" content=\"2020-10-01T14:18:09+00:00\" \/>\n<meta property=\"og:image\" content=\"https:\/\/egerhaziimre.hu\/wp-content\/uploads\/2020\/06\/20090215_mommeghivo.png\" \/>\n\t<meta property=\"og:image:width\" content=\"1819\" \/>\n\t<meta property=\"og:image:height\" content=\"865\" \/>\n\t<meta property=\"og:image:type\" content=\"image\/png\" \/>\n<meta name=\"twitter:card\" content=\"summary_large_image\" \/>\n<meta name=\"twitter:label1\" content=\"Becs\u00fclt olvas\u00e1si id\u0151\" \/>\n\t<meta name=\"twitter:data1\" content=\"2 perc\" \/>\n<script type=\"application\/ld+json\" class=\"yoast-schema-graph\">{\"@context\":\"https:\\\/\\\/schema.org\",\"@graph\":[{\"@type\":\"WebPage\",\"@id\":\"https:\\\/\\\/egerhaziimre.hu\\\/index.php\\\/egerhazi-imre-fetomuesz-eletmu-kiallitasa\\\/?lang=en\",\"url\":\"https:\\\/\\\/egerhaziimre.hu\\\/index.php\\\/egerhazi-imre-fetomuesz-eletmu-kiallitasa\\\/?lang=en\",\"name\":\"\u00c9gerh\u00e1zi Imre fest\u0151m\u0171v\u00e9sz \u00c9letm\u0171 ki\u00e1ll\u00edt\u00e1sa - \u00c9gerh\u00e1zi Imre\",\"isPartOf\":{\"@id\":\"https:\\\/\\\/egerhaziimre.hu\\\/#website\"},\"primaryImageOfPage\":{\"@id\":\"https:\\\/\\\/egerhaziimre.hu\\\/index.php\\\/egerhazi-imre-fetomuesz-eletmu-kiallitasa\\\/?lang=en#primaryimage\"},\"image\":{\"@id\":\"https:\\\/\\\/egerhaziimre.hu\\\/index.php\\\/egerhazi-imre-fetomuesz-eletmu-kiallitasa\\\/?lang=en#primaryimage\"},\"thumbnailUrl\":\"https:\\\/\\\/egerhaziimre.hu\\\/wp-content\\\/uploads\\\/2020\\\/06\\\/20090215_mommeghivo.png\",\"datePublished\":\"2009-02-15T15:10:31+00:00\",\"dateModified\":\"2020-10-01T14:18:09+00:00\",\"breadcrumb\":{\"@id\":\"https:\\\/\\\/egerhaziimre.hu\\\/index.php\\\/egerhazi-imre-fetomuesz-eletmu-kiallitasa\\\/?lang=en#breadcrumb\"},\"inLanguage\":\"hu\",\"potentialAction\":[{\"@type\":\"ReadAction\",\"target\":[\"https:\\\/\\\/egerhaziimre.hu\\\/index.php\\\/egerhazi-imre-fetomuesz-eletmu-kiallitasa\\\/?lang=en\"]}]},{\"@type\":\"ImageObject\",\"inLanguage\":\"hu\",\"@id\":\"https:\\\/\\\/egerhaziimre.hu\\\/index.php\\\/egerhazi-imre-fetomuesz-eletmu-kiallitasa\\\/?lang=en#primaryimage\",\"url\":\"https:\\\/\\\/egerhaziimre.hu\\\/wp-content\\\/uploads\\\/2020\\\/06\\\/20090215_mommeghivo.png\",\"contentUrl\":\"https:\\\/\\\/egerhaziimre.hu\\\/wp-content\\\/uploads\\\/2020\\\/06\\\/20090215_mommeghivo.png\",\"width\":1819,\"height\":865},{\"@type\":\"BreadcrumbList\",\"@id\":\"https:\\\/\\\/egerhaziimre.hu\\\/index.php\\\/egerhazi-imre-fetomuesz-eletmu-kiallitasa\\\/?lang=en#breadcrumb\",\"itemListElement\":[{\"@type\":\"ListItem\",\"position\":1,\"name\":\"Home\",\"item\":\"https:\\\/\\\/egerhaziimre.hu\\\/\"},{\"@type\":\"ListItem\",\"position\":2,\"name\":\"Exhibition of the oeuvre of the painter Imre \u00c9gerh\u00e1zi\"}]},{\"@type\":\"WebSite\",\"@id\":\"https:\\\/\\\/egerhaziimre.hu\\\/#website\",\"url\":\"https:\\\/\\\/egerhaziimre.hu\\\/\",\"name\":\"\u00c9gerh\u00e1zi Imre\",\"description\":\"\",\"potentialAction\":[{\"@type\":\"SearchAction\",\"target\":{\"@type\":\"EntryPoint\",\"urlTemplate\":\"https:\\\/\\\/egerhaziimre.hu\\\/?s={search_term_string}\"},\"query-input\":{\"@type\":\"PropertyValueSpecification\",\"valueRequired\":true,\"valueName\":\"search_term_string\"}}],\"inLanguage\":\"hu\"}]}<\/script>\n<!-- \/ Yoast SEO plugin. -->","yoast_head_json":{"title":"\u00c9gerh\u00e1zi Imre fest\u0151m\u0171v\u00e9sz \u00c9letm\u0171 ki\u00e1ll\u00edt\u00e1sa - \u00c9gerh\u00e1zi Imre","robots":{"index":"index","follow":"follow","max-snippet":"max-snippet:-1","max-image-preview":"max-image-preview:large","max-video-preview":"max-video-preview:-1"},"canonical":"https:\/\/egerhaziimre.hu\/index.php\/egerhazi-imre-fetomuesz-eletmu-kiallitasa\/?lang=en","og_locale":"hu_HU","og_type":"article","og_title":"\u00c9gerh\u00e1zi Imre fest\u0151m\u0171v\u00e9sz \u00c9letm\u0171 ki\u00e1ll\u00edt\u00e1sa - \u00c9gerh\u00e1zi Imre","og_description":"[vc_row el_class=&#8221;margin_bottom_0 padding_bottom_0&#8243;][vc_column][vc_column_text]Budapest XII. ker\u00fclet Hegyvid\u00e9ki \u00d6nkorm\u00e1nyzat,\u00a0a XII. ker\u00fclet Hegyvid\u00e9ki \u00d6nkorm\u00e1nyzat M\u0171vel\u0151d\u00e9si K\u00f6zpont\u00a0\u00e9s a Gramy-H Rekl\u00e1m\u00fcgyn\u00f6ks\u00e9g Kft. tisztelettel megh\u00edvja \u00d6nt, kedves csal\u00e1dj\u00e1t \u00e9s bar\u00e1tait\u00a0\u00c9gerh\u00e1zi Imre fest\u0151m\u0171v\u00e9sz \u00c9letm\u0171 ki\u00e1ll\u00edt\u00e1s\u00e1ra. Megnyit\u00f3: 2009. m\u00e1rcius 17-\u00e9n, kedd 18 \u00f3rakor a XII. ker\u00fclet Hegyvid\u00e9ki \u00d6nkorm\u00e1nyzat M\u0171vel\u0151d\u00e9si K\u00f6zpont Kupolaterm\u00e9ben &#8211; Budapest, XII. Cs\u00f6rsz utca 18. Program: &#8211; A ki\u00e1ll\u00edt\u00e1st megnyitja Hambuch Gerda Igazgat\u00f3 &#8211; A t\u00e1rlat [&hellip;]","og_url":"https:\/\/egerhaziimre.hu\/index.php\/egerhazi-imre-fetomuesz-eletmu-kiallitasa\/?lang=en","og_site_name":"\u00c9gerh\u00e1zi Imre","article_modified_time":"2020-10-01T14:18:09+00:00","og_image":[{"width":1819,"height":865,"url":"https:\/\/egerhaziimre.hu\/wp-content\/uploads\/2020\/06\/20090215_mommeghivo.png","type":"image\/png"}],"twitter_card":"summary_large_image","twitter_misc":{"Becs\u00fclt olvas\u00e1si id\u0151":"2 perc"},"schema":{"@context":"https:\/\/schema.org","@graph":[{"@type":"WebPage","@id":"https:\/\/egerhaziimre.hu\/index.php\/egerhazi-imre-fetomuesz-eletmu-kiallitasa\/?lang=en","url":"https:\/\/egerhaziimre.hu\/index.php\/egerhazi-imre-fetomuesz-eletmu-kiallitasa\/?lang=en","name":"\u00c9gerh\u00e1zi Imre fest\u0151m\u0171v\u00e9sz \u00c9letm\u0171 ki\u00e1ll\u00edt\u00e1sa - \u00c9gerh\u00e1zi Imre","isPartOf":{"@id":"https:\/\/egerhaziimre.hu\/#website"},"primaryImageOfPage":{"@id":"https:\/\/egerhaziimre.hu\/index.php\/egerhazi-imre-fetomuesz-eletmu-kiallitasa\/?lang=en#primaryimage"},"image":{"@id":"https:\/\/egerhaziimre.hu\/index.php\/egerhazi-imre-fetomuesz-eletmu-kiallitasa\/?lang=en#primaryimage"},"thumbnailUrl":"https:\/\/egerhaziimre.hu\/wp-content\/uploads\/2020\/06\/20090215_mommeghivo.png","datePublished":"2009-02-15T15:10:31+00:00","dateModified":"2020-10-01T14:18:09+00:00","breadcrumb":{"@id":"https:\/\/egerhaziimre.hu\/index.php\/egerhazi-imre-fetomuesz-eletmu-kiallitasa\/?lang=en#breadcrumb"},"inLanguage":"hu","potentialAction":[{"@type":"ReadAction","target":["https:\/\/egerhaziimre.hu\/index.php\/egerhazi-imre-fetomuesz-eletmu-kiallitasa\/?lang=en"]}]},{"@type":"ImageObject","inLanguage":"hu","@id":"https:\/\/egerhaziimre.hu\/index.php\/egerhazi-imre-fetomuesz-eletmu-kiallitasa\/?lang=en#primaryimage","url":"https:\/\/egerhaziimre.hu\/wp-content\/uploads\/2020\/06\/20090215_mommeghivo.png","contentUrl":"https:\/\/egerhaziimre.hu\/wp-content\/uploads\/2020\/06\/20090215_mommeghivo.png","width":1819,"height":865},{"@type":"BreadcrumbList","@id":"https:\/\/egerhaziimre.hu\/index.php\/egerhazi-imre-fetomuesz-eletmu-kiallitasa\/?lang=en#breadcrumb","itemListElement":[{"@type":"ListItem","position":1,"name":"Home","item":"https:\/\/egerhaziimre.hu\/"},{"@type":"ListItem","position":2,"name":"Exhibition of the oeuvre of the painter Imre \u00c9gerh\u00e1zi"}]},{"@type":"WebSite","@id":"https:\/\/egerhaziimre.hu\/#website","url":"https:\/\/egerhaziimre.hu\/","name":"\u00c9gerh\u00e1zi Imre","description":"","potentialAction":[{"@type":"SearchAction","target":{"@type":"EntryPoint","urlTemplate":"https:\/\/egerhaziimre.hu\/?s={search_term_string}"},"query-input":{"@type":"PropertyValueSpecification","valueRequired":true,"valueName":"search_term_string"}}],"inLanguage":"hu"}]}},"jetpack_sharing_enabled":true,"_links":{"self":[{"href":"https:\/\/egerhaziimre.hu\/index.php\/wp-json\/wp\/v2\/pages\/10403","targetHints":{"allow":["GET"]}}],"collection":[{"href":"https:\/\/egerhaziimre.hu\/index.php\/wp-json\/wp\/v2\/pages"}],"about":[{"href":"https:\/\/egerhaziimre.hu\/index.php\/wp-json\/wp\/v2\/types\/page"}],"author":[{"embeddable":true,"href":"https:\/\/egerhaziimre.hu\/index.php\/wp-json\/wp\/v2\/users\/4"}],"replies":[{"embeddable":true,"href":"https:\/\/egerhaziimre.hu\/index.php\/wp-json\/wp\/v2\/comments?post=10403"}],"version-history":[{"count":2,"href":"https:\/\/egerhaziimre.hu\/index.php\/wp-json\/wp\/v2\/pages\/10403\/revisions"}],"predecessor-version":[{"id":10407,"href":"https:\/\/egerhaziimre.hu\/index.php\/wp-json\/wp\/v2\/pages\/10403\/revisions\/10407"}],"wp:featuredmedia":[{"embeddable":true,"href":"https:\/\/egerhaziimre.hu\/index.php\/wp-json\/wp\/v2\/media\/10405"}],"wp:attachment":[{"href":"https:\/\/egerhaziimre.hu\/index.php\/wp-json\/wp\/v2\/media?parent=10403"}],"wp:term":[{"taxonomy":"category","embeddable":true,"href":"https:\/\/egerhaziimre.hu\/index.php\/wp-json\/wp\/v2\/categories?post=10403"},{"taxonomy":"post_tag","embeddable":true,"href":"https:\/\/egerhaziimre.hu\/index.php\/wp-json\/wp\/v2\/tags?post=10403"}],"curies":[{"name":"wp","href":"https:\/\/api.w.org\/{rel}","templated":true}]}}