{"id":10409,"date":"2008-11-27T16:28:12","date_gmt":"2008-11-27T15:28:12","guid":{"rendered":"https:\/\/egerhaziimre.hu\/?page_id=10409"},"modified":"2020-10-01T16:43:30","modified_gmt":"2020-10-01T14:43:30","slug":"neves-alkotora-emlekeztek-hajduhadhazon","status":"publish","type":"page","link":"https:\/\/egerhaziimre.hu\/index.php\/neves-alkotora-emlekeztek-hajduhadhazon\/","title":{"rendered":"Neves alkot\u00f3kra eml\u00e9keztek Hajd\u00fahadh\u00e1zon"},"content":{"rendered":"<div class=\"wpb-content-wrapper\">[vc_row el_class=&#8221;margin_bottom_0 padding_bottom_0&#8243;][vc_column][vc_column_text]Hajd\u00fahadh\u00e1z &#8211; Koszor\u00faz\u00e1ssal \u00e9s egy kiadv\u00e1nnyal tisztelegtek a v\u00e1ros sz\u00fcl\u00f6tte, \u00c9gerh\u00e1zi Imre fest\u0151m\u0171v\u00e9sz \u00e9s egyik mestere, Holl\u00f3 L\u00e1szl\u00f3 eml\u00e9k\u00e9nek a megyenapon.<\/p>\n<p>A v\u00e1ros \u00e9lete n\u00e9h\u00e1ny \u00e9vtizede szorosan \u00f6sszeforrott a k\u00e9pz\u0151m\u0171v\u00e9szettel, k\u00f6sz\u00f6nhet\u0151en sz\u00fclette, majd d\u00edszpolg\u00e1ra, \u00c9gerh\u00e1zi Imre fest\u0151m\u0171v\u00e9sz munk\u00e1ss\u00e1g\u00e1nak. A h\u00e9t \u00e9ve tragikus balesetben elhunyt alkot\u00f3 nev\u00e9t \u0151rz\u0151 eml\u00e9kh\u00e1zban \u00e9ppen egy esztendeje nyitott\u00e1k meg a Holl\u00f3 L\u00e1szl\u00f3 eml\u00e9kszob\u00e1t, \u00edgy a F\u00f6ldi J\u00e1nos utcai \u00e9p\u00fcletet megl\u00e1togat\u00f3k m\u00e1r k\u00e9t neves k\u00e9pz\u0151m\u0171v\u00e9sz alkot\u00e1saival tal\u00e1lkozhatnak.<\/p>\n<p>A helyi \u00f6nkorm\u00e1nyzat az idei megyenapon is a m\u0171v\u00e9szek eml\u00e9ke el\u0151tti tisztelg\u00e9ssel k\u00edv\u00e1nt bekapcsol\u00f3dni a t\u00f6bb telep\u00fcl\u00e9st \u00e9rint\u0151 programsorozatba. A megh\u00edvott vend\u00e9gek \u00e9s az \u00e9rdekl\u0151d\u0151k el\u0151sz\u00f6r a h\u00e1z fal\u00e1n elhelyezett eml\u00e9kt\u00e1bl\u00e1n\u00e1l gy\u0171ltek \u00f6ssze, ahol a Holl\u00f3 L\u00e1szl\u00f3 Bar\u00e1ti K\u00f6r, a m\u0171v\u00e9sz lesz\u00e1rmazottai, valamint a helyi \u00f6nkorm\u00e1nyzat \u00e9s m\u0171vel\u0151d\u00e9si int\u00e9zm\u00e9nyek k\u00e9pvisel\u0151i koszor\u00faztak.<\/p>\n<p>A megeml\u00e9kez\u00e9s a Holl\u00f3-szob\u00e1ban folytat\u00f3dott, ugyanis a bar\u00e1ti k\u00f6r eln\u00f6ke, Ujv\u00e1ry Zolt\u00e1n professzor a m\u0171v\u00e9sz szobr\u00e1nak megkoszor\u00faz\u00e1sa el\u0151tt, egy \u00fajabb k\u00e9ppel gyarap\u00edtotta az \u00e1lt\u00e1la adom\u00e1nyozott &#8211; f\u0151leg grafik\u00e1kb\u00f3l \u00e1ll\u00f3 &#8211; kollekci\u00f3t. A Csokonai a Nagyerd\u0151n c\u00edm\u0171 akvarellr\u0151l, illetve a k\u00f6lt\u0151, az \u0151t meg\u00f6r\u00f6k\u00edt\u0151 m\u0171v\u00e9sz, valamint a telep\u00fcl\u00e9sen egykor \u00e9lt F\u00f6ldi J\u00e1nos viszony\u00e1r\u00f3l Vit\u00e9z Ferenc k\u00f6lt\u0151-eszt\u00e9ta besz\u00e9lt. Szavaib\u00f3l kider\u00fclt, hogy Holl\u00f3 L\u00e1szl\u00f3 k\u00e9t festm\u00e9nyt is k\u00e9sz\u00edtett Csokonair\u00f3l, de a gal\u00e9ri\u00e1nak adom\u00e1nyozott alkot\u00e1s nem tekinthet\u0151 azok tanulm\u00e1ny\u00e1nak.<\/p>\n<p>A megeml\u00e9kez\u00e9s aj\u00e1nd\u00e9koz\u00e1si r\u00e9sze ezzel m\u00e9g nem \u00e9rt v\u00e9get, hiszen ugyancsak a v\u00e1rosb\u00f3l elsz\u00e1rmazott, G\u00f6d\u00f6n \u00e9l\u0151, Nagy G\u00e1bor fafarag\u00f3 n\u00e9gy darab padot, Komisz\u00e1r J\u00e1nos debreceni fest\u0151m\u0171v\u00e9sz pedig az \u00e1ltala \u00edrt, r\u00e9szben a k\u00e9t alkot\u00f3r\u00f3l is sz\u00f3l\u00f3 k\u00f6nyveket adott \u00e1t B\u00e9res L\u00e1szl\u00f3 polg\u00e1rmesternek.<\/p>\n<p>A Holl\u00f3 L\u00e1szl\u00f3 \u00e9s \u00c9gerh\u00e1zi Imre munk\u00e1ss\u00e1g\u00e1t feldolgoz\u00f3 kiadv\u00e1nyok sora is b\u0151v\u00fclt: erre az alkalomra jelent meg Vit\u00e9z Ferenc: L\u00e1tv\u00e1ny \u00e9s l\u00e1tom\u00e1s c\u00edm\u0171 k\u00f6nyve, melyet Arany Lajos m\u0171v\u00e9szeti \u00edr\u00f3 mutatott be a megjelenteknek. Az alkot\u00e1saikkal gazdagon illusztr\u00e1lt kiadv\u00e1ny nem csak keresztmetszetet ad a m\u0171v\u00e9szek hagyat\u00e9k\u00e1b\u00f3l, hanem \u00fatmutat\u00f3 is annak megtekint\u00e9s\u00e9hez.[\/vc_column_text][vc_separator][vc_column_text]\n<h6>Megh\u00edv\u00f3<\/h6>\n[\/vc_column_text][vc_row_inner][vc_column_inner width=&#8221;1\/2&#8243;][vc_single_image image=&#8221;10423&#8243; img_size=&#8221;large&#8221; alignment=&#8221;center&#8221; style=&#8221;xtd-shadow&#8211;normal-light&#8221; onclick=&#8221;link_image&#8221;][\/vc_column_inner][vc_column_inner width=&#8221;1\/2&#8243;][vc_single_image image=&#8221;10424&#8243; img_size=&#8221;large&#8221; alignment=&#8221;center&#8221; style=&#8221;xtd-shadow&#8211;normal-light&#8221; onclick=&#8221;link_image&#8221;][\/vc_column_inner][\/vc_row_inner][vc_empty_space][vc_separator][vc_column_text]\n<h6>Fot\u00f3gal\u00e9ria<\/h6>\n[\/vc_column_text][vc_media_grid style=&#8221;pagination&#8221; items_per_page=&#8221;8&#8243; element_width=&#8221;3&#8243; gap=&#8221;30&#8243; arrows_design=&#8221;vc_arrow-icon-arrow_01_left&#8221; arrows_color=&#8221;black&#8221; paging_design=&#8221;pagination_square&#8221; paging_color=&#8221;black&#8221; loop=&#8221;yes&#8221; grid_id=&#8221;vc_gid:1601562494596-11ed3640-048c-6&#8243; include=&#8221;10422,10421,10420,10419,10418,10417,10416,10415,10414,10413&#8243;][\/vc_column][\/vc_row]\n<\/div>","protected":false},"excerpt":{"rendered":"<p>[vc_row el_class=&#8221;margin_bottom_0 padding_bottom_0&#8243;][vc_column][vc_column_text]Hajd\u00fahadh\u00e1z &#8211; Koszor\u00faz\u00e1ssal \u00e9s egy kiadv\u00e1nnyal tisztelegtek a v\u00e1ros sz\u00fcl\u00f6tte, \u00c9gerh\u00e1zi Imre fest\u0151m\u0171v\u00e9sz \u00e9s egyik mestere, Holl\u00f3 L\u00e1szl\u00f3 eml\u00e9k\u00e9nek a megyenapon. A v\u00e1ros \u00e9lete n\u00e9h\u00e1ny \u00e9vtizede szorosan \u00f6sszeforrott a k\u00e9pz\u0151m\u0171v\u00e9szettel, k\u00f6sz\u00f6nhet\u0151en sz\u00fclette, majd d\u00edszpolg\u00e1ra, \u00c9gerh\u00e1zi Imre fest\u0151m\u0171v\u00e9sz munk\u00e1ss\u00e1g\u00e1nak. A h\u00e9t \u00e9ve tragikus balesetben elhunyt alkot\u00f3 nev\u00e9t \u0151rz\u0151 eml\u00e9kh\u00e1zban \u00e9ppen egy esztendeje nyitott\u00e1k meg a Holl\u00f3 L\u00e1szl\u00f3 eml\u00e9kszob\u00e1t, \u00edgy [&hellip;]<\/p>\n","protected":false},"author":4,"featured_media":10419,"parent":0,"menu_order":0,"comment_status":"closed","ping_status":"closed","template":"","meta":{"footnotes":""},"categories":[13],"tags":[162],"class_list":["post-10409","page","type-page","status-publish","has-post-thumbnail","hentry","category-hirek","tag-162"],"yoast_head":"<!-- This site is optimized with the Yoast SEO plugin v27.3 - https:\/\/yoast.com\/product\/yoast-seo-wordpress\/ -->\n<title>Neves alkot\u00f3kra eml\u00e9keztek Hajd\u00fahadh\u00e1zon - \u00c9gerh\u00e1zi Imre<\/title>\n<meta name=\"robots\" content=\"index, follow, max-snippet:-1, max-image-preview:large, max-video-preview:-1\" \/>\n<link rel=\"canonical\" href=\"https:\/\/egerhaziimre.hu\/index.php\/neves-alkotora-emlekeztek-hajduhadhazon\/?lang=en\" \/>\n<meta property=\"og:locale\" content=\"hu_HU\" \/>\n<meta property=\"og:type\" content=\"article\" \/>\n<meta property=\"og:title\" content=\"Neves alkot\u00f3kra eml\u00e9keztek Hajd\u00fahadh\u00e1zon - \u00c9gerh\u00e1zi Imre\" \/>\n<meta property=\"og:description\" content=\"[vc_row el_class=&#8221;margin_bottom_0 padding_bottom_0&#8243;][vc_column][vc_column_text]Hajd\u00fahadh\u00e1z &#8211; Koszor\u00faz\u00e1ssal \u00e9s egy kiadv\u00e1nnyal tisztelegtek a v\u00e1ros sz\u00fcl\u00f6tte, \u00c9gerh\u00e1zi Imre fest\u0151m\u0171v\u00e9sz \u00e9s egyik mestere, Holl\u00f3 L\u00e1szl\u00f3 eml\u00e9k\u00e9nek a megyenapon. A v\u00e1ros \u00e9lete n\u00e9h\u00e1ny \u00e9vtizede szorosan \u00f6sszeforrott a k\u00e9pz\u0151m\u0171v\u00e9szettel, k\u00f6sz\u00f6nhet\u0151en sz\u00fclette, majd d\u00edszpolg\u00e1ra, \u00c9gerh\u00e1zi Imre fest\u0151m\u0171v\u00e9sz munk\u00e1ss\u00e1g\u00e1nak. A h\u00e9t \u00e9ve tragikus balesetben elhunyt alkot\u00f3 nev\u00e9t \u0151rz\u0151 eml\u00e9kh\u00e1zban \u00e9ppen egy esztendeje nyitott\u00e1k meg a Holl\u00f3 L\u00e1szl\u00f3 eml\u00e9kszob\u00e1t, \u00edgy [&hellip;]\" \/>\n<meta property=\"og:url\" content=\"https:\/\/egerhaziimre.hu\/index.php\/neves-alkotora-emlekeztek-hajduhadhazon\/?lang=en\" \/>\n<meta property=\"og:site_name\" content=\"\u00c9gerh\u00e1zi Imre\" \/>\n<meta property=\"article:modified_time\" content=\"2020-10-01T14:43:30+00:00\" \/>\n<meta property=\"og:image\" content=\"https:\/\/egerhaziimre.hu\/wp-content\/uploads\/2020\/10\/megemlekezes_06.jpg\" \/>\n\t<meta property=\"og:image:width\" content=\"600\" \/>\n\t<meta property=\"og:image:height\" content=\"434\" \/>\n\t<meta property=\"og:image:type\" content=\"image\/jpeg\" \/>\n<meta name=\"twitter:card\" content=\"summary_large_image\" \/>\n<meta name=\"twitter:label1\" content=\"Becs\u00fclt olvas\u00e1si id\u0151\" \/>\n\t<meta name=\"twitter:data1\" content=\"6 perc\" \/>\n<script type=\"application\/ld+json\" class=\"yoast-schema-graph\">{\"@context\":\"https:\\\/\\\/schema.org\",\"@graph\":[{\"@type\":\"WebPage\",\"@id\":\"https:\\\/\\\/egerhaziimre.hu\\\/index.php\\\/neves-alkotora-emlekeztek-hajduhadhazon\\\/?lang=en\",\"url\":\"https:\\\/\\\/egerhaziimre.hu\\\/index.php\\\/neves-alkotora-emlekeztek-hajduhadhazon\\\/?lang=en\",\"name\":\"Neves alkot\u00f3kra eml\u00e9keztek Hajd\u00fahadh\u00e1zon - \u00c9gerh\u00e1zi Imre\",\"isPartOf\":{\"@id\":\"https:\\\/\\\/egerhaziimre.hu\\\/#website\"},\"primaryImageOfPage\":{\"@id\":\"https:\\\/\\\/egerhaziimre.hu\\\/index.php\\\/neves-alkotora-emlekeztek-hajduhadhazon\\\/?lang=en#primaryimage\"},\"image\":{\"@id\":\"https:\\\/\\\/egerhaziimre.hu\\\/index.php\\\/neves-alkotora-emlekeztek-hajduhadhazon\\\/?lang=en#primaryimage\"},\"thumbnailUrl\":\"https:\\\/\\\/egerhaziimre.hu\\\/wp-content\\\/uploads\\\/2020\\\/10\\\/megemlekezes_06.jpg\",\"datePublished\":\"2008-11-27T15:28:12+00:00\",\"dateModified\":\"2020-10-01T14:43:30+00:00\",\"breadcrumb\":{\"@id\":\"https:\\\/\\\/egerhaziimre.hu\\\/index.php\\\/neves-alkotora-emlekeztek-hajduhadhazon\\\/?lang=en#breadcrumb\"},\"inLanguage\":\"hu\",\"potentialAction\":[{\"@type\":\"ReadAction\",\"target\":[\"https:\\\/\\\/egerhaziimre.hu\\\/index.php\\\/neves-alkotora-emlekeztek-hajduhadhazon\\\/?lang=en\"]}]},{\"@type\":\"ImageObject\",\"inLanguage\":\"hu\",\"@id\":\"https:\\\/\\\/egerhaziimre.hu\\\/index.php\\\/neves-alkotora-emlekeztek-hajduhadhazon\\\/?lang=en#primaryimage\",\"url\":\"https:\\\/\\\/egerhaziimre.hu\\\/wp-content\\\/uploads\\\/2020\\\/10\\\/megemlekezes_06.jpg\",\"contentUrl\":\"https:\\\/\\\/egerhaziimre.hu\\\/wp-content\\\/uploads\\\/2020\\\/10\\\/megemlekezes_06.jpg\",\"width\":600,\"height\":434,\"caption\":\"SONY DSC\"},{\"@type\":\"BreadcrumbList\",\"@id\":\"https:\\\/\\\/egerhaziimre.hu\\\/index.php\\\/neves-alkotora-emlekeztek-hajduhadhazon\\\/?lang=en#breadcrumb\",\"itemListElement\":[{\"@type\":\"ListItem\",\"position\":1,\"name\":\"Home\",\"item\":\"https:\\\/\\\/egerhaziimre.hu\\\/\"},{\"@type\":\"ListItem\",\"position\":2,\"name\":\"Famous artists were remembered in Hajd\u00fahadh\u00e1z\"}]},{\"@type\":\"WebSite\",\"@id\":\"https:\\\/\\\/egerhaziimre.hu\\\/#website\",\"url\":\"https:\\\/\\\/egerhaziimre.hu\\\/\",\"name\":\"\u00c9gerh\u00e1zi Imre\",\"description\":\"\",\"potentialAction\":[{\"@type\":\"SearchAction\",\"target\":{\"@type\":\"EntryPoint\",\"urlTemplate\":\"https:\\\/\\\/egerhaziimre.hu\\\/?s={search_term_string}\"},\"query-input\":{\"@type\":\"PropertyValueSpecification\",\"valueRequired\":true,\"valueName\":\"search_term_string\"}}],\"inLanguage\":\"hu\"}]}<\/script>\n<!-- \/ Yoast SEO plugin. -->","yoast_head_json":{"title":"Neves alkot\u00f3kra eml\u00e9keztek Hajd\u00fahadh\u00e1zon - \u00c9gerh\u00e1zi Imre","robots":{"index":"index","follow":"follow","max-snippet":"max-snippet:-1","max-image-preview":"max-image-preview:large","max-video-preview":"max-video-preview:-1"},"canonical":"https:\/\/egerhaziimre.hu\/index.php\/neves-alkotora-emlekeztek-hajduhadhazon\/?lang=en","og_locale":"hu_HU","og_type":"article","og_title":"Neves alkot\u00f3kra eml\u00e9keztek Hajd\u00fahadh\u00e1zon - \u00c9gerh\u00e1zi Imre","og_description":"[vc_row el_class=&#8221;margin_bottom_0 padding_bottom_0&#8243;][vc_column][vc_column_text]Hajd\u00fahadh\u00e1z &#8211; Koszor\u00faz\u00e1ssal \u00e9s egy kiadv\u00e1nnyal tisztelegtek a v\u00e1ros sz\u00fcl\u00f6tte, \u00c9gerh\u00e1zi Imre fest\u0151m\u0171v\u00e9sz \u00e9s egyik mestere, Holl\u00f3 L\u00e1szl\u00f3 eml\u00e9k\u00e9nek a megyenapon. A v\u00e1ros \u00e9lete n\u00e9h\u00e1ny \u00e9vtizede szorosan \u00f6sszeforrott a k\u00e9pz\u0151m\u0171v\u00e9szettel, k\u00f6sz\u00f6nhet\u0151en sz\u00fclette, majd d\u00edszpolg\u00e1ra, \u00c9gerh\u00e1zi Imre fest\u0151m\u0171v\u00e9sz munk\u00e1ss\u00e1g\u00e1nak. A h\u00e9t \u00e9ve tragikus balesetben elhunyt alkot\u00f3 nev\u00e9t \u0151rz\u0151 eml\u00e9kh\u00e1zban \u00e9ppen egy esztendeje nyitott\u00e1k meg a Holl\u00f3 L\u00e1szl\u00f3 eml\u00e9kszob\u00e1t, \u00edgy [&hellip;]","og_url":"https:\/\/egerhaziimre.hu\/index.php\/neves-alkotora-emlekeztek-hajduhadhazon\/?lang=en","og_site_name":"\u00c9gerh\u00e1zi Imre","article_modified_time":"2020-10-01T14:43:30+00:00","og_image":[{"width":600,"height":434,"url":"https:\/\/egerhaziimre.hu\/wp-content\/uploads\/2020\/10\/megemlekezes_06.jpg","type":"image\/jpeg"}],"twitter_card":"summary_large_image","twitter_misc":{"Becs\u00fclt olvas\u00e1si id\u0151":"6 perc"},"schema":{"@context":"https:\/\/schema.org","@graph":[{"@type":"WebPage","@id":"https:\/\/egerhaziimre.hu\/index.php\/neves-alkotora-emlekeztek-hajduhadhazon\/?lang=en","url":"https:\/\/egerhaziimre.hu\/index.php\/neves-alkotora-emlekeztek-hajduhadhazon\/?lang=en","name":"Neves alkot\u00f3kra eml\u00e9keztek Hajd\u00fahadh\u00e1zon - \u00c9gerh\u00e1zi Imre","isPartOf":{"@id":"https:\/\/egerhaziimre.hu\/#website"},"primaryImageOfPage":{"@id":"https:\/\/egerhaziimre.hu\/index.php\/neves-alkotora-emlekeztek-hajduhadhazon\/?lang=en#primaryimage"},"image":{"@id":"https:\/\/egerhaziimre.hu\/index.php\/neves-alkotora-emlekeztek-hajduhadhazon\/?lang=en#primaryimage"},"thumbnailUrl":"https:\/\/egerhaziimre.hu\/wp-content\/uploads\/2020\/10\/megemlekezes_06.jpg","datePublished":"2008-11-27T15:28:12+00:00","dateModified":"2020-10-01T14:43:30+00:00","breadcrumb":{"@id":"https:\/\/egerhaziimre.hu\/index.php\/neves-alkotora-emlekeztek-hajduhadhazon\/?lang=en#breadcrumb"},"inLanguage":"hu","potentialAction":[{"@type":"ReadAction","target":["https:\/\/egerhaziimre.hu\/index.php\/neves-alkotora-emlekeztek-hajduhadhazon\/?lang=en"]}]},{"@type":"ImageObject","inLanguage":"hu","@id":"https:\/\/egerhaziimre.hu\/index.php\/neves-alkotora-emlekeztek-hajduhadhazon\/?lang=en#primaryimage","url":"https:\/\/egerhaziimre.hu\/wp-content\/uploads\/2020\/10\/megemlekezes_06.jpg","contentUrl":"https:\/\/egerhaziimre.hu\/wp-content\/uploads\/2020\/10\/megemlekezes_06.jpg","width":600,"height":434,"caption":"SONY DSC"},{"@type":"BreadcrumbList","@id":"https:\/\/egerhaziimre.hu\/index.php\/neves-alkotora-emlekeztek-hajduhadhazon\/?lang=en#breadcrumb","itemListElement":[{"@type":"ListItem","position":1,"name":"Home","item":"https:\/\/egerhaziimre.hu\/"},{"@type":"ListItem","position":2,"name":"Famous artists were remembered in Hajd\u00fahadh\u00e1z"}]},{"@type":"WebSite","@id":"https:\/\/egerhaziimre.hu\/#website","url":"https:\/\/egerhaziimre.hu\/","name":"\u00c9gerh\u00e1zi Imre","description":"","potentialAction":[{"@type":"SearchAction","target":{"@type":"EntryPoint","urlTemplate":"https:\/\/egerhaziimre.hu\/?s={search_term_string}"},"query-input":{"@type":"PropertyValueSpecification","valueRequired":true,"valueName":"search_term_string"}}],"inLanguage":"hu"}]}},"jetpack_sharing_enabled":true,"_links":{"self":[{"href":"https:\/\/egerhaziimre.hu\/index.php\/wp-json\/wp\/v2\/pages\/10409","targetHints":{"allow":["GET"]}}],"collection":[{"href":"https:\/\/egerhaziimre.hu\/index.php\/wp-json\/wp\/v2\/pages"}],"about":[{"href":"https:\/\/egerhaziimre.hu\/index.php\/wp-json\/wp\/v2\/types\/page"}],"author":[{"embeddable":true,"href":"https:\/\/egerhaziimre.hu\/index.php\/wp-json\/wp\/v2\/users\/4"}],"replies":[{"embeddable":true,"href":"https:\/\/egerhaziimre.hu\/index.php\/wp-json\/wp\/v2\/comments?post=10409"}],"version-history":[{"count":1,"href":"https:\/\/egerhaziimre.hu\/index.php\/wp-json\/wp\/v2\/pages\/10409\/revisions"}],"predecessor-version":[{"id":10425,"href":"https:\/\/egerhaziimre.hu\/index.php\/wp-json\/wp\/v2\/pages\/10409\/revisions\/10425"}],"wp:featuredmedia":[{"embeddable":true,"href":"https:\/\/egerhaziimre.hu\/index.php\/wp-json\/wp\/v2\/media\/10419"}],"wp:attachment":[{"href":"https:\/\/egerhaziimre.hu\/index.php\/wp-json\/wp\/v2\/media?parent=10409"}],"wp:term":[{"taxonomy":"category","embeddable":true,"href":"https:\/\/egerhaziimre.hu\/index.php\/wp-json\/wp\/v2\/categories?post=10409"},{"taxonomy":"post_tag","embeddable":true,"href":"https:\/\/egerhaziimre.hu\/index.php\/wp-json\/wp\/v2\/tags?post=10409"}],"curies":[{"name":"wp","href":"https:\/\/api.w.org\/{rel}","templated":true}]}}