{"id":1043,"date":"2019-08-05T15:21:34","date_gmt":"2019-08-05T13:21:34","guid":{"rendered":"http:\/\/egerhaziimre.magex.hu\/?page_id=1043"},"modified":"2020-09-02T11:27:18","modified_gmt":"2020-09-02T09:27:18","slug":"dr-eles-csaba-1989","status":"publish","type":"page","link":"https:\/\/egerhaziimre.hu\/index.php\/dijak-elismeresek\/dr-eles-csaba-1989\/","title":{"rendered":"Dr. \u00c9les Csaba (1989)"},"content":{"rendered":"<div class=\"wpb-content-wrapper\">\r\n<blockquote class=\"wp-block-quote is-layout-flow wp-block-quote-is-layout-flow\"><p>&#8222;\u00c9letkori helyzetemn\u00e9l fogva, a hatvanas \u00e9vek v\u00e9ge \u00f3ta k\u00f6vethetem nyomon \u00c9gerh\u00e1zi Imre fest\u0151m\u0171v\u00e9sz alkot\u00f3i p\u00e1ly\u00e1j\u00e1nak alakul\u00e1s\u00e1t. Mindig egy\u00e9ni \u00e9s eredeti karakter volt; de k\u00f6zben egyre nagyobb m\u00e9rt\u00e9kben meghat\u00e1roz\u00f3 szerepl\u0151je a Debrecen \u00e9s a Hajd\u00fas\u00e1g k\u00e9pz\u0151m\u0171v\u00e9szeti \u00e9let\u00e9nek. Egy fest\u0151 &#8211; akinek munk\u00e1ss\u00e1g\u00e1ban egyre hangs\u00falyosabb meg\u00edt\u00e9l\u00e9st kell, hogy kapjon a m\u0171v\u00e9szetszervez\u0151i tev\u00e9kenys\u00e9g.<br>Keresi a domin\u00e1ns, jellegzetes mot\u00edvumokat, kiemeli \u0151ket eredeti, sz\u00fcrke h\u00e9tk\u00f6znapis\u00e1gukb\u00f3l. Nagyon l\u00e9nyeges, hogy \u00f6nt\u00f6rv\u00e9ny\u0171, az idegen szem\u00e9ben is ismer\u0151snek t\u0171n\u0151-tetsz\u0151 vil\u00e1got konstru\u00e1l bel\u0151l\u00fck. M\u0171v\u00e9szet\u00e9nek \u00e9ppen ez az egyik f\u0151 formai er\u00e9nye: a tiszta, vil\u00e1gos, \u00e1ttekinthet\u0151, akkur\u00e1tusan, apr\u00f3l\u00e9kos m\u0171gonddal megoldott szerkeszt\u00e9s. K\u00e9pein sikeresen teljes\u00fcl a c\u00e9l: a kusza, \u00f6sszegubancol\u00f3dott, rikoltoz\u00f3 k\u00fclvil\u00e1got a k\u00e9ps\u00edkon bel\u00fcl le lehet csit\u00edtani, finom rendbe lehet szervezni.<br><br>Sz\u00ednvil\u00e1ga is koncepci\u00f3j\u00e1hoz igazodik. Sz\u00ednei, sz\u00edn\u00e1rnyalatai v\u00e1ltozatosak, egym\u00e1sb\u00f3l kiboml\u00f3ak. Egy-egy k\u00e9p\u00e9n \u00e1ltal\u00e1ban egy sz\u00edncsal\u00e1dot &#8222;sk\u00e1l\u00e1z&#8221; v\u00e9gig. \u00d3vakodik a kir\u00edv\u00f3an kontrasztos, a hars\u00e1ny \u00e9s szemet ideges\u00edt\u0151 sz\u00ednez\u00e9st\u0151l.<br><br>M\u0171v\u00e9szet\u00e9ben p\u00e9ldaszer\u0171en kapcsol\u00f3dik egybe eszt\u00e9tikum \u00e9s etikum. Etikumon itt \u00f6nfegyelmet \u00e9s kitart\u00e1st, sz\u00edv\u00f3ss\u00e1got \u00e9s akarater\u0151t, hazaszeretetet \u00e9s humanizmust \u00e9rtek. A tart\u00f3san \u00e9rt\u00e9kes m\u0171v\u00e9szeti \u00e9s t\u00f6rt\u00e9nelmi trad\u00edci\u00f3k v\u00e1llal\u00e1s\u00e1t \u00e9s j\u00f3 \u00e9rtelemben vett propag\u00e1l\u00e1s\u00e1t: gondolok itt K\u00e1pl\u00e1r Mikl\u00f3sra, Bocskaira \u00e9s a hajd\u00fakra, Erd\u00e9lyi &#8222;aranykor\u00e1ra&#8221; \u00e9s fatemplomaira, Csokonaira, Pet\u0151fire \u00e9s m\u00e1sokra. Ugyanakkor tud meg\u00fajulni is, \u00e1m ez hitelesen t\u00f6rt\u00e9nik, nem sz\u00e1znyolcvan fokos fordulatokban.<br><br>Becs\u00fcli \u00e9s m\u00e9rt\u00e9ktart\u00f3an \u00e9lvezi is az \u00e9let javait, term\u00e9szetes \u00e9s megszentelt adom\u00e1nyait. \u00dagy dolgozik, &#8222;ahogy a csillag megy az \u00e9gen&#8221;. Hiszen &#8222;\u00edgy \u00e9rdemes&#8221; &#8211; ahogy a K\u00f6lt\u0151 mondja &#8211; \u00e9p\u00edteni egy-egy k\u00e9pet; s \u00edgy az eg\u00e9sz \u00e9letm\u0171vet is. Ma m\u00e1r kicsiben \u00e9s nagyban egyar\u00e1nt hely\u00e9n vannak a dolgok.&#8221;<\/p><cite>Dr. \u00c9les Csaba <br>1989.<\/cite><\/blockquote>\r\n<\/div>","protected":false},"excerpt":{"rendered":"<p>&#8222;\u00c9letkori helyzetemn\u00e9l fogva, a hatvanas \u00e9vek v\u00e9ge \u00f3ta k\u00f6vethetem nyomon \u00c9gerh\u00e1zi Imre fest\u0151m\u0171v\u00e9sz alkot\u00f3i p\u00e1ly\u00e1j\u00e1nak alakul\u00e1s\u00e1t. Mindig egy\u00e9ni \u00e9s eredeti karakter volt; de k\u00f6zben egyre nagyobb m\u00e9rt\u00e9kben meghat\u00e1roz\u00f3 szerepl\u0151je a Debrecen \u00e9s a Hajd\u00fas\u00e1g k\u00e9pz\u0151m\u0171v\u00e9szeti \u00e9let\u00e9nek. Egy fest\u0151 &#8211; akinek munk\u00e1ss\u00e1g\u00e1ban egyre hangs\u00falyosabb meg\u00edt\u00e9l\u00e9st kell, hogy kapjon a m\u0171v\u00e9szetszervez\u0151i tev\u00e9kenys\u00e9g.Keresi a domin\u00e1ns, jellegzetes mot\u00edvumokat, kiemeli \u0151ket eredeti, sz\u00fcrke h\u00e9tk\u00f6znapis\u00e1gukb\u00f3l. Nagyon [&hellip;]<\/p>\n","protected":false},"author":4,"featured_media":0,"parent":31,"menu_order":0,"comment_status":"closed","ping_status":"closed","template":"","meta":{"footnotes":""},"categories":[84],"tags":[80],"class_list":["post-1043","page","type-page","status-publish","hentry","category-kritikak_meltatasok","tag-80"],"yoast_head":"<!-- This site is optimized with the Yoast SEO plugin v27.3 - https:\/\/yoast.com\/product\/yoast-seo-wordpress\/ -->\n<title>Dr. \u00c9les Csaba (1989) - \u00c9gerh\u00e1zi Imre<\/title>\n<meta name=\"robots\" content=\"index, follow, max-snippet:-1, max-image-preview:large, max-video-preview:-1\" \/>\n<link rel=\"canonical\" href=\"https:\/\/egerhaziimre.hu\/index.php\/dijak-elismeresek\/dr-eles-csaba-1989\/?lang=en\" \/>\n<meta property=\"og:locale\" content=\"hu_HU\" \/>\n<meta property=\"og:type\" content=\"article\" \/>\n<meta property=\"og:title\" content=\"Dr. \u00c9les Csaba (1989) - \u00c9gerh\u00e1zi Imre\" \/>\n<meta property=\"og:description\" content=\"&#8222;\u00c9letkori helyzetemn\u00e9l fogva, a hatvanas \u00e9vek v\u00e9ge \u00f3ta k\u00f6vethetem nyomon \u00c9gerh\u00e1zi Imre fest\u0151m\u0171v\u00e9sz alkot\u00f3i p\u00e1ly\u00e1j\u00e1nak alakul\u00e1s\u00e1t. Mindig egy\u00e9ni \u00e9s eredeti karakter volt; de k\u00f6zben egyre nagyobb m\u00e9rt\u00e9kben meghat\u00e1roz\u00f3 szerepl\u0151je a Debrecen \u00e9s a Hajd\u00fas\u00e1g k\u00e9pz\u0151m\u0171v\u00e9szeti \u00e9let\u00e9nek. Egy fest\u0151 &#8211; akinek munk\u00e1ss\u00e1g\u00e1ban egyre hangs\u00falyosabb meg\u00edt\u00e9l\u00e9st kell, hogy kapjon a m\u0171v\u00e9szetszervez\u0151i tev\u00e9kenys\u00e9g.Keresi a domin\u00e1ns, jellegzetes mot\u00edvumokat, kiemeli \u0151ket eredeti, sz\u00fcrke h\u00e9tk\u00f6znapis\u00e1gukb\u00f3l. Nagyon [&hellip;]\" \/>\n<meta property=\"og:url\" content=\"https:\/\/egerhaziimre.hu\/index.php\/dijak-elismeresek\/dr-eles-csaba-1989\/?lang=en\" \/>\n<meta property=\"og:site_name\" content=\"\u00c9gerh\u00e1zi Imre\" \/>\n<meta property=\"article:modified_time\" content=\"2020-09-02T09:27:18+00:00\" \/>\n<meta name=\"twitter:card\" content=\"summary_large_image\" \/>\n<meta name=\"twitter:label1\" content=\"Becs\u00fclt olvas\u00e1si id\u0151\" \/>\n\t<meta name=\"twitter:data1\" content=\"4 perc\" \/>\n<script type=\"application\/ld+json\" class=\"yoast-schema-graph\">{\"@context\":\"https:\\\/\\\/schema.org\",\"@graph\":[{\"@type\":\"WebPage\",\"@id\":\"https:\\\/\\\/egerhaziimre.hu\\\/index.php\\\/dijak-elismeresek\\\/dr-eles-csaba-1989\\\/?lang=en\",\"url\":\"https:\\\/\\\/egerhaziimre.hu\\\/index.php\\\/dijak-elismeresek\\\/dr-eles-csaba-1989\\\/?lang=en\",\"name\":\"Dr. \u00c9les Csaba (1989) - \u00c9gerh\u00e1zi Imre\",\"isPartOf\":{\"@id\":\"https:\\\/\\\/egerhaziimre.hu\\\/#website\"},\"datePublished\":\"2019-08-05T13:21:34+00:00\",\"dateModified\":\"2020-09-02T09:27:18+00:00\",\"breadcrumb\":{\"@id\":\"https:\\\/\\\/egerhaziimre.hu\\\/index.php\\\/dijak-elismeresek\\\/dr-eles-csaba-1989\\\/?lang=en#breadcrumb\"},\"inLanguage\":\"hu\",\"potentialAction\":[{\"@type\":\"ReadAction\",\"target\":[\"https:\\\/\\\/egerhaziimre.hu\\\/index.php\\\/dijak-elismeresek\\\/dr-eles-csaba-1989\\\/?lang=en\"]}]},{\"@type\":\"BreadcrumbList\",\"@id\":\"https:\\\/\\\/egerhaziimre.hu\\\/index.php\\\/dijak-elismeresek\\\/dr-eles-csaba-1989\\\/?lang=en#breadcrumb\",\"itemListElement\":[{\"@type\":\"ListItem\",\"position\":1,\"name\":\"Home\",\"item\":\"https:\\\/\\\/egerhaziimre.hu\\\/\"},{\"@type\":\"ListItem\",\"position\":2,\"name\":\"Awards, recognitions\",\"item\":\"https:\\\/\\\/egerhaziimre.hu\\\/index.php\\\/dijak-elismeresek\\\/?lang=en\"},{\"@type\":\"ListItem\",\"position\":3,\"name\":\"DR. CSABA \u00c9LES &#8211; 1989\"}]},{\"@type\":\"WebSite\",\"@id\":\"https:\\\/\\\/egerhaziimre.hu\\\/#website\",\"url\":\"https:\\\/\\\/egerhaziimre.hu\\\/\",\"name\":\"\u00c9gerh\u00e1zi Imre\",\"description\":\"\",\"potentialAction\":[{\"@type\":\"SearchAction\",\"target\":{\"@type\":\"EntryPoint\",\"urlTemplate\":\"https:\\\/\\\/egerhaziimre.hu\\\/?s={search_term_string}\"},\"query-input\":{\"@type\":\"PropertyValueSpecification\",\"valueRequired\":true,\"valueName\":\"search_term_string\"}}],\"inLanguage\":\"hu\"}]}<\/script>\n<!-- \/ Yoast SEO plugin. -->","yoast_head_json":{"title":"Dr. \u00c9les Csaba (1989) - \u00c9gerh\u00e1zi Imre","robots":{"index":"index","follow":"follow","max-snippet":"max-snippet:-1","max-image-preview":"max-image-preview:large","max-video-preview":"max-video-preview:-1"},"canonical":"https:\/\/egerhaziimre.hu\/index.php\/dijak-elismeresek\/dr-eles-csaba-1989\/?lang=en","og_locale":"hu_HU","og_type":"article","og_title":"Dr. \u00c9les Csaba (1989) - \u00c9gerh\u00e1zi Imre","og_description":"&#8222;\u00c9letkori helyzetemn\u00e9l fogva, a hatvanas \u00e9vek v\u00e9ge \u00f3ta k\u00f6vethetem nyomon \u00c9gerh\u00e1zi Imre fest\u0151m\u0171v\u00e9sz alkot\u00f3i p\u00e1ly\u00e1j\u00e1nak alakul\u00e1s\u00e1t. Mindig egy\u00e9ni \u00e9s eredeti karakter volt; de k\u00f6zben egyre nagyobb m\u00e9rt\u00e9kben meghat\u00e1roz\u00f3 szerepl\u0151je a Debrecen \u00e9s a Hajd\u00fas\u00e1g k\u00e9pz\u0151m\u0171v\u00e9szeti \u00e9let\u00e9nek. Egy fest\u0151 &#8211; akinek munk\u00e1ss\u00e1g\u00e1ban egyre hangs\u00falyosabb meg\u00edt\u00e9l\u00e9st kell, hogy kapjon a m\u0171v\u00e9szetszervez\u0151i tev\u00e9kenys\u00e9g.Keresi a domin\u00e1ns, jellegzetes mot\u00edvumokat, kiemeli \u0151ket eredeti, sz\u00fcrke h\u00e9tk\u00f6znapis\u00e1gukb\u00f3l. Nagyon [&hellip;]","og_url":"https:\/\/egerhaziimre.hu\/index.php\/dijak-elismeresek\/dr-eles-csaba-1989\/?lang=en","og_site_name":"\u00c9gerh\u00e1zi Imre","article_modified_time":"2020-09-02T09:27:18+00:00","twitter_card":"summary_large_image","twitter_misc":{"Becs\u00fclt olvas\u00e1si id\u0151":"4 perc"},"schema":{"@context":"https:\/\/schema.org","@graph":[{"@type":"WebPage","@id":"https:\/\/egerhaziimre.hu\/index.php\/dijak-elismeresek\/dr-eles-csaba-1989\/?lang=en","url":"https:\/\/egerhaziimre.hu\/index.php\/dijak-elismeresek\/dr-eles-csaba-1989\/?lang=en","name":"Dr. \u00c9les Csaba (1989) - \u00c9gerh\u00e1zi Imre","isPartOf":{"@id":"https:\/\/egerhaziimre.hu\/#website"},"datePublished":"2019-08-05T13:21:34+00:00","dateModified":"2020-09-02T09:27:18+00:00","breadcrumb":{"@id":"https:\/\/egerhaziimre.hu\/index.php\/dijak-elismeresek\/dr-eles-csaba-1989\/?lang=en#breadcrumb"},"inLanguage":"hu","potentialAction":[{"@type":"ReadAction","target":["https:\/\/egerhaziimre.hu\/index.php\/dijak-elismeresek\/dr-eles-csaba-1989\/?lang=en"]}]},{"@type":"BreadcrumbList","@id":"https:\/\/egerhaziimre.hu\/index.php\/dijak-elismeresek\/dr-eles-csaba-1989\/?lang=en#breadcrumb","itemListElement":[{"@type":"ListItem","position":1,"name":"Home","item":"https:\/\/egerhaziimre.hu\/"},{"@type":"ListItem","position":2,"name":"Awards, recognitions","item":"https:\/\/egerhaziimre.hu\/index.php\/dijak-elismeresek\/?lang=en"},{"@type":"ListItem","position":3,"name":"DR. CSABA \u00c9LES &#8211; 1989"}]},{"@type":"WebSite","@id":"https:\/\/egerhaziimre.hu\/#website","url":"https:\/\/egerhaziimre.hu\/","name":"\u00c9gerh\u00e1zi Imre","description":"","potentialAction":[{"@type":"SearchAction","target":{"@type":"EntryPoint","urlTemplate":"https:\/\/egerhaziimre.hu\/?s={search_term_string}"},"query-input":{"@type":"PropertyValueSpecification","valueRequired":true,"valueName":"search_term_string"}}],"inLanguage":"hu"}]}},"jetpack_sharing_enabled":true,"_links":{"self":[{"href":"https:\/\/egerhaziimre.hu\/index.php\/wp-json\/wp\/v2\/pages\/1043","targetHints":{"allow":["GET"]}}],"collection":[{"href":"https:\/\/egerhaziimre.hu\/index.php\/wp-json\/wp\/v2\/pages"}],"about":[{"href":"https:\/\/egerhaziimre.hu\/index.php\/wp-json\/wp\/v2\/types\/page"}],"author":[{"embeddable":true,"href":"https:\/\/egerhaziimre.hu\/index.php\/wp-json\/wp\/v2\/users\/4"}],"replies":[{"embeddable":true,"href":"https:\/\/egerhaziimre.hu\/index.php\/wp-json\/wp\/v2\/comments?post=1043"}],"version-history":[{"count":2,"href":"https:\/\/egerhaziimre.hu\/index.php\/wp-json\/wp\/v2\/pages\/1043\/revisions"}],"predecessor-version":[{"id":9074,"href":"https:\/\/egerhaziimre.hu\/index.php\/wp-json\/wp\/v2\/pages\/1043\/revisions\/9074"}],"up":[{"embeddable":true,"href":"https:\/\/egerhaziimre.hu\/index.php\/wp-json\/wp\/v2\/pages\/31"}],"wp:attachment":[{"href":"https:\/\/egerhaziimre.hu\/index.php\/wp-json\/wp\/v2\/media?parent=1043"}],"wp:term":[{"taxonomy":"category","embeddable":true,"href":"https:\/\/egerhaziimre.hu\/index.php\/wp-json\/wp\/v2\/categories?post=1043"},{"taxonomy":"post_tag","embeddable":true,"href":"https:\/\/egerhaziimre.hu\/index.php\/wp-json\/wp\/v2\/tags?post=1043"}],"curies":[{"name":"wp","href":"https:\/\/api.w.org\/{rel}","templated":true}]}}