{"id":10436,"date":"2008-04-24T13:52:09","date_gmt":"2008-04-24T11:52:09","guid":{"rendered":"https:\/\/egerhaziimre.hu\/?page_id=10436"},"modified":"2023-06-09T15:34:01","modified_gmt":"2023-06-09T13:34:01","slug":"egerhazi-imre-emlekhaz-varja-hajduhadhazon-a-latogatokat","status":"publish","type":"page","link":"https:\/\/egerhaziimre.hu\/index.php\/egerhazi-imre-emlekhaz-varja-hajduhadhazon-a-latogatokat\/","title":{"rendered":"\u00c9gerh\u00e1zi Imre eml\u00e9kh\u00e1z v\u00e1rja Hajd\u00fahadh\u00e1zon a l\u00e1togat\u00f3kat"},"content":{"rendered":"<div class=\"wpb-content-wrapper\">[vc_row el_class=&#8221;margin_bottom_0 padding_bottom_0&#8243;][vc_column][vc_column_text]\n<h6>2007. November 22-\u00e9n ny\u00edlik a fel\u00faj\u00edtott Eml\u00e9kh\u00e1z<\/h6>\n<p>Hajd\u00fahadh\u00e1z v\u00e1ros fel\u00faj\u00edtotta az \u00c9gerh\u00e1zi Imre Eml\u00e9kh\u00e1zat, a ki\u00e1ll\u00edt\u00e1s szebb elrendez\u00e9sben \u00e9s a fest\u0151m\u0171v\u00e9sz \u00e9let\u00e9t bemutat\u00f3 dokumentumokkal kieg\u00e9sz\u00edtve folyamatosan l\u00e1togathat\u00f3 lesz. Az Eml\u00e9kh\u00e1z anyag\u00e1t maga a m\u0171v\u00e9sz v\u00e1logatta \u00f6ssze, \u00e1tfog\u00f3an mutatja be olajfest\u00e9szet\u00e9t a 40-es \u00e9vekt\u0151l eg\u00e9szen hal\u00e1l\u00e1ig. A fel\u00faj\u00edtott ki\u00e1ll\u00edt\u00e1s anyag\u00e1ba grafik\u00e1i \u00e9s lin\u00f3metszetei is beker\u00fcltek \u00c9gerh\u00e1zi Attila j\u00f3volt\u00e1b\u00f3l. A v\u00e1ros tervezi, hogy az Eml\u00e9kh\u00e1zat akt\u00edvan bekapcsolja az oktat\u00e1sba, \u00e9s a megye m\u0171v\u00e9szeti \u00e9let\u00e9be. Az \u00fcnnep\u00e9lyes megnyit\u00f3ra november 22-\u00e9n 14 \u00f3rakor ker\u00fcl sor.<\/p>\n<p>C\u00edm: 4242 Hajd\u00fahadh\u00e1z, Dr. F\u00f6ldi J\u00e1nos u. 23.[\/vc_column_text][vc_separator][vc_column_text]\n<h6>Megh\u00edv\u00f3<\/h6>\n[\/vc_column_text][vc_row_inner][vc_column_inner width=&#8221;1\/2&#8243;][vc_single_image image=&#8221;10675&#8243; img_size=&#8221;large&#8221; alignment=&#8221;center&#8221; style=&#8221;xtd-shadow&#8211;normal-light&#8221; onclick=&#8221;link_image&#8221;][\/vc_column_inner][vc_column_inner width=&#8221;1\/2&#8243;][vc_single_image image=&#8221;10676&#8243; img_size=&#8221;large&#8221; alignment=&#8221;center&#8221; style=&#8221;xtd-shadow&#8211;normal-light&#8221; onclick=&#8221;link_image&#8221;][\/vc_column_inner][\/vc_row_inner][vc_separator][vc_column_text]\n<h6 class=\"link\"><span class=\"text_b\">Fel\u00faj\u00edtott \u00c9gerh\u00e1zi Imre eml\u00e9kh\u00e1z v\u00e1rja Hajd\u00fahadh\u00e1zon a l\u00e1togat\u00f3kat, 2008<\/span><\/h6>\n<p>A megye napja alkalm\u00e1b\u00f3l nyitott\u00e1k meg november 22-\u00e9n \u00c9gerh\u00e1zi Imre fest\u0151m\u0171v\u00e9sz fel\u00faj\u00edtott hajd\u00fahadh\u00e1zi eml\u00e9kh\u00e1z\u00e1t, melyben az alkot\u00f3 egykori tan\u00edt\u00f3mestere, Holl\u00f3 L\u00e1szl\u00f3 fest\u0151m\u0171v\u00e9sz grafik\u00e1i is helyet kaptak egy szob\u00e1ban.<\/p>\n<p>A 2001-ben elhunyt debreceni m\u0171v\u00e9sz \u00e9vtizedekkel ezel\u0151tt aj\u00e1nd\u00e9kozta sz\u00fcl\u0151v\u00e1ros\u00e1nak legjobbnak tartott k\u00e9peit, hogy azokat \u00e1lland\u00f3 ki\u00e1ll\u00edt\u00e1son mutass\u00e1k be egy h\u00e1zban, melyben hal\u00e1l\u00e1ig alkotott is. Az \u00f6reg \u00e9p\u00fclet \u00e1llapota azonban az \u00e9vek sor\u00e1n annyira leromlott, hogy elengedhetetlenn\u00e9 v\u00e1lt a fel\u00faj\u00edt\u00e1sa. Mint azt B\u00e9res L\u00e1szl\u00f3 polg\u00e1rmester elmondta, az \u00f6nkorm\u00e1nyzat, valamint a F\u00f6ldi J\u00e1nos K\u00f6nyvt\u00e1r \u00e9s a Hajd\u00fahadh\u00e1zi Gal\u00e9ria saj\u00e1t forr\u00e1sb\u00f3l, mintegy f\u00e9lmilli\u00f3 forint\u00e9rt renov\u00e1ltatta a h\u00e1zat, melyben egy Holl\u00f3 L\u00e1szl\u00f3 eml\u00e9kszob\u00e1t is kialak\u00edtottak.<\/p>\n<p>A F\u00f6ldi J\u00e1nos utcai \u00e9p\u00fclet \u00fajranyit\u00e1s\u00e1n a r\u00e9sztvev\u0151k m\u00e1r \u00faj elrendez\u00e9sben tal\u00e1lkozhattak az \u00c9gerh\u00e1zi Imre \u00e1ltal a v\u00e1rosnak adom\u00e1nyozott k\u00f6zel sz\u00e1z festm\u00e9nnyel \u00e9s egy\u00e9b technik\u00e1val k\u00e9sz\u00fclt alkot\u00e1ssal, melyeket az \u00f6r\u00f6k\u00f6s\u00f6k m\u00e9g n\u00e9h\u00e1nnyal kieg\u00e9sz\u00edtettek. Az \u00e1trendez\u00e9st k\u00f6vet\u0151en a h\u00e1z egy szob\u00e1j\u00e1t felszabad\u00edtott\u00e1k, ahol a m\u0171v\u00e9sz egyik egykori tan\u00edt\u00f3mestere, \u00e9s j\u00f3 bar\u00e1tja, Holl\u00f3 L\u00e1szl\u00f3 fest\u0151m\u0171v\u00e9sz k\u00f6zel negyven, nagyobb r\u00e9szt grafikai alkot\u00e1s\u00e1t helyezt\u00e9k el. A gy\u0171jtem\u00e9nyt Ujv\u00e1ry Zolt\u00e1n debreceni professzor bocs\u00e1totta a hajd\u00fahadh\u00e1zi \u00f6nkorm\u00e1nyzat rendelkez\u00e9s\u00e9re. Az eml\u00e9kszob\u00e1t Vit\u00e9z Ferenc m\u0171v\u00e9szeti \u00edr\u00f3 megnyit\u00f3ja ut\u00e1n az eur\u00f3pai h\u00edr\u0171 m\u0171v\u00e9sz \u00f6zvegye, Holl\u00f3 L\u00e1szl\u00f3n\u00e9 Maksa Olga avatta fel.<\/p>\n<p>C\u00edm: 4242 Hajd\u00fahadh\u00e1z, Dr. F\u00f6ldi J\u00e1nos u. 23.[\/vc_column_text][vc_separator][vc_column_text]\n<h6>Fot\u00f3gal\u00e9ria<\/h6>\n[\/vc_column_text][vc_media_grid style=&#8221;pagination&#8221; items_per_page=&#8221;8&#8243; element_width=&#8221;3&#8243; gap=&#8221;30&#8243; arrows_design=&#8221;vc_arrow-icon-arrow_01_left&#8221; arrows_color=&#8221;black&#8221; paging_design=&#8221;pagination_square&#8221; paging_color=&#8221;black&#8221; loop=&#8221;yes&#8221; grid_id=&#8221;vc_gid:1602142733178-cf3765d0-7a1b-4&#8243; include=&#8221;10440,10452,10451,10450,10449,10448,10447,10446,10445,10444,10443,10442,10441&#8243;][vc_separator][vc_column_text]\n<h6>Eml\u00e9kh\u00e1z ismertet\u0151<\/h6>\n[\/vc_column_text][vc_column_text]\n<p style=\"text-align: center;\">\n[\/vc_column_text][\/vc_column][\/vc_row]\n<\/div>","protected":false},"excerpt":{"rendered":"<p>[vc_row el_class=&#8221;margin_bottom_0 padding_bottom_0&#8243;][vc_column][vc_column_text] 2007. November 22-\u00e9n ny\u00edlik a fel\u00faj\u00edtott Eml\u00e9kh\u00e1z Hajd\u00fahadh\u00e1z v\u00e1ros fel\u00faj\u00edtotta az \u00c9gerh\u00e1zi Imre Eml\u00e9kh\u00e1zat, a ki\u00e1ll\u00edt\u00e1s szebb elrendez\u00e9sben \u00e9s a fest\u0151m\u0171v\u00e9sz \u00e9let\u00e9t bemutat\u00f3 dokumentumokkal kieg\u00e9sz\u00edtve folyamatosan l\u00e1togathat\u00f3 lesz. Az Eml\u00e9kh\u00e1z anyag\u00e1t maga a m\u0171v\u00e9sz v\u00e1logatta \u00f6ssze, \u00e1tfog\u00f3an mutatja be olajfest\u00e9szet\u00e9t a 40-es \u00e9vekt\u0151l eg\u00e9szen hal\u00e1l\u00e1ig. A fel\u00faj\u00edtott ki\u00e1ll\u00edt\u00e1s anyag\u00e1ba grafik\u00e1i \u00e9s lin\u00f3metszetei is beker\u00fcltek \u00c9gerh\u00e1zi Attila j\u00f3volt\u00e1b\u00f3l. [&hellip;]<\/p>\n","protected":false},"author":4,"featured_media":10442,"parent":0,"menu_order":0,"comment_status":"closed","ping_status":"closed","template":"","meta":{"footnotes":""},"categories":[13],"tags":[163,162],"class_list":["post-10436","page","type-page","status-publish","has-post-thumbnail","hentry","category-hirek","tag-163","tag-162"],"yoast_head":"<!-- This site is optimized with the Yoast SEO plugin v27.3 - https:\/\/yoast.com\/product\/yoast-seo-wordpress\/ -->\n<title>\u00c9gerh\u00e1zi Imre eml\u00e9kh\u00e1z v\u00e1rja Hajd\u00fahadh\u00e1zon a l\u00e1togat\u00f3kat - \u00c9gerh\u00e1zi Imre<\/title>\n<meta name=\"robots\" content=\"index, follow, max-snippet:-1, max-image-preview:large, max-video-preview:-1\" \/>\n<link rel=\"canonical\" href=\"https:\/\/egerhaziimre.hu\/index.php\/egerhazi-imre-emlekhaz-varja-hajduhadhazon-a-latogatokat\/\" \/>\n<meta property=\"og:locale\" content=\"hu_HU\" \/>\n<meta property=\"og:type\" content=\"article\" \/>\n<meta property=\"og:title\" content=\"\u00c9gerh\u00e1zi Imre eml\u00e9kh\u00e1z v\u00e1rja Hajd\u00fahadh\u00e1zon a l\u00e1togat\u00f3kat - \u00c9gerh\u00e1zi Imre\" \/>\n<meta property=\"og:description\" content=\"[vc_row el_class=&#8221;margin_bottom_0 padding_bottom_0&#8243;][vc_column][vc_column_text] 2007. November 22-\u00e9n ny\u00edlik a fel\u00faj\u00edtott Eml\u00e9kh\u00e1z Hajd\u00fahadh\u00e1z v\u00e1ros fel\u00faj\u00edtotta az \u00c9gerh\u00e1zi Imre Eml\u00e9kh\u00e1zat, a ki\u00e1ll\u00edt\u00e1s szebb elrendez\u00e9sben \u00e9s a fest\u0151m\u0171v\u00e9sz \u00e9let\u00e9t bemutat\u00f3 dokumentumokkal kieg\u00e9sz\u00edtve folyamatosan l\u00e1togathat\u00f3 lesz. Az Eml\u00e9kh\u00e1z anyag\u00e1t maga a m\u0171v\u00e9sz v\u00e1logatta \u00f6ssze, \u00e1tfog\u00f3an mutatja be olajfest\u00e9szet\u00e9t a 40-es \u00e9vekt\u0151l eg\u00e9szen hal\u00e1l\u00e1ig. A fel\u00faj\u00edtott ki\u00e1ll\u00edt\u00e1s anyag\u00e1ba grafik\u00e1i \u00e9s lin\u00f3metszetei is beker\u00fcltek \u00c9gerh\u00e1zi Attila j\u00f3volt\u00e1b\u00f3l. [&hellip;]\" \/>\n<meta property=\"og:url\" content=\"https:\/\/egerhaziimre.hu\/index.php\/egerhazi-imre-emlekhaz-varja-hajduhadhazon-a-latogatokat\/\" \/>\n<meta property=\"og:site_name\" content=\"\u00c9gerh\u00e1zi Imre\" \/>\n<meta property=\"article:modified_time\" content=\"2023-06-09T13:34:01+00:00\" \/>\n<meta property=\"og:image\" content=\"https:\/\/egerhaziimre.hu\/wp-content\/uploads\/2020\/10\/hajduhadhaz_2008_emlekhaz3.jpg\" \/>\n\t<meta property=\"og:image:width\" content=\"650\" \/>\n\t<meta property=\"og:image:height\" content=\"487\" \/>\n\t<meta property=\"og:image:type\" content=\"image\/jpeg\" \/>\n<meta name=\"twitter:card\" content=\"summary_large_image\" \/>\n<meta name=\"twitter:label1\" content=\"Becs\u00fclt olvas\u00e1si id\u0151\" \/>\n\t<meta name=\"twitter:data1\" content=\"3 perc\" \/>\n<script type=\"application\/ld+json\" class=\"yoast-schema-graph\">{\"@context\":\"https:\\\/\\\/schema.org\",\"@graph\":[{\"@type\":\"WebPage\",\"@id\":\"https:\\\/\\\/egerhaziimre.hu\\\/index.php\\\/egerhazi-imre-emlekhaz-varja-hajduhadhazon-a-latogatokat\\\/\",\"url\":\"https:\\\/\\\/egerhaziimre.hu\\\/index.php\\\/egerhazi-imre-emlekhaz-varja-hajduhadhazon-a-latogatokat\\\/\",\"name\":\"\u00c9gerh\u00e1zi Imre eml\u00e9kh\u00e1z v\u00e1rja Hajd\u00fahadh\u00e1zon a l\u00e1togat\u00f3kat - \u00c9gerh\u00e1zi Imre\",\"isPartOf\":{\"@id\":\"https:\\\/\\\/egerhaziimre.hu\\\/#website\"},\"primaryImageOfPage\":{\"@id\":\"https:\\\/\\\/egerhaziimre.hu\\\/index.php\\\/egerhazi-imre-emlekhaz-varja-hajduhadhazon-a-latogatokat\\\/#primaryimage\"},\"image\":{\"@id\":\"https:\\\/\\\/egerhaziimre.hu\\\/index.php\\\/egerhazi-imre-emlekhaz-varja-hajduhadhazon-a-latogatokat\\\/#primaryimage\"},\"thumbnailUrl\":\"https:\\\/\\\/egerhaziimre.hu\\\/wp-content\\\/uploads\\\/2020\\\/10\\\/hajduhadhaz_2008_emlekhaz3.jpg\",\"datePublished\":\"2008-04-24T11:52:09+00:00\",\"dateModified\":\"2023-06-09T13:34:01+00:00\",\"breadcrumb\":{\"@id\":\"https:\\\/\\\/egerhaziimre.hu\\\/index.php\\\/egerhazi-imre-emlekhaz-varja-hajduhadhazon-a-latogatokat\\\/#breadcrumb\"},\"inLanguage\":\"hu\",\"potentialAction\":[{\"@type\":\"ReadAction\",\"target\":[\"https:\\\/\\\/egerhaziimre.hu\\\/index.php\\\/egerhazi-imre-emlekhaz-varja-hajduhadhazon-a-latogatokat\\\/\"]}]},{\"@type\":\"ImageObject\",\"inLanguage\":\"hu\",\"@id\":\"https:\\\/\\\/egerhaziimre.hu\\\/index.php\\\/egerhazi-imre-emlekhaz-varja-hajduhadhazon-a-latogatokat\\\/#primaryimage\",\"url\":\"https:\\\/\\\/egerhaziimre.hu\\\/wp-content\\\/uploads\\\/2020\\\/10\\\/hajduhadhaz_2008_emlekhaz3.jpg\",\"contentUrl\":\"https:\\\/\\\/egerhaziimre.hu\\\/wp-content\\\/uploads\\\/2020\\\/10\\\/hajduhadhaz_2008_emlekhaz3.jpg\",\"width\":650,\"height\":487,\"caption\":\"Fel\u00faj\u00edtott \u00c9gerh\u00e1zi Imre eml\u00e9kh\u00e1z\"},{\"@type\":\"BreadcrumbList\",\"@id\":\"https:\\\/\\\/egerhaziimre.hu\\\/index.php\\\/egerhazi-imre-emlekhaz-varja-hajduhadhazon-a-latogatokat\\\/#breadcrumb\",\"itemListElement\":[{\"@type\":\"ListItem\",\"position\":1,\"name\":\"Home\",\"item\":\"https:\\\/\\\/egerhaziimre.hu\\\/\"},{\"@type\":\"ListItem\",\"position\":2,\"name\":\"\u00c9gerh\u00e1zi Imre eml\u00e9kh\u00e1z v\u00e1rja Hajd\u00fahadh\u00e1zon a l\u00e1togat\u00f3kat\"}]},{\"@type\":\"WebSite\",\"@id\":\"https:\\\/\\\/egerhaziimre.hu\\\/#website\",\"url\":\"https:\\\/\\\/egerhaziimre.hu\\\/\",\"name\":\"\u00c9gerh\u00e1zi Imre\",\"description\":\"\",\"potentialAction\":[{\"@type\":\"SearchAction\",\"target\":{\"@type\":\"EntryPoint\",\"urlTemplate\":\"https:\\\/\\\/egerhaziimre.hu\\\/?s={search_term_string}\"},\"query-input\":{\"@type\":\"PropertyValueSpecification\",\"valueRequired\":true,\"valueName\":\"search_term_string\"}}],\"inLanguage\":\"hu\"}]}<\/script>\n<!-- \/ Yoast SEO plugin. -->","yoast_head_json":{"title":"\u00c9gerh\u00e1zi Imre eml\u00e9kh\u00e1z v\u00e1rja Hajd\u00fahadh\u00e1zon a l\u00e1togat\u00f3kat - \u00c9gerh\u00e1zi Imre","robots":{"index":"index","follow":"follow","max-snippet":"max-snippet:-1","max-image-preview":"max-image-preview:large","max-video-preview":"max-video-preview:-1"},"canonical":"https:\/\/egerhaziimre.hu\/index.php\/egerhazi-imre-emlekhaz-varja-hajduhadhazon-a-latogatokat\/","og_locale":"hu_HU","og_type":"article","og_title":"\u00c9gerh\u00e1zi Imre eml\u00e9kh\u00e1z v\u00e1rja Hajd\u00fahadh\u00e1zon a l\u00e1togat\u00f3kat - \u00c9gerh\u00e1zi Imre","og_description":"[vc_row el_class=&#8221;margin_bottom_0 padding_bottom_0&#8243;][vc_column][vc_column_text] 2007. November 22-\u00e9n ny\u00edlik a fel\u00faj\u00edtott Eml\u00e9kh\u00e1z Hajd\u00fahadh\u00e1z v\u00e1ros fel\u00faj\u00edtotta az \u00c9gerh\u00e1zi Imre Eml\u00e9kh\u00e1zat, a ki\u00e1ll\u00edt\u00e1s szebb elrendez\u00e9sben \u00e9s a fest\u0151m\u0171v\u00e9sz \u00e9let\u00e9t bemutat\u00f3 dokumentumokkal kieg\u00e9sz\u00edtve folyamatosan l\u00e1togathat\u00f3 lesz. Az Eml\u00e9kh\u00e1z anyag\u00e1t maga a m\u0171v\u00e9sz v\u00e1logatta \u00f6ssze, \u00e1tfog\u00f3an mutatja be olajfest\u00e9szet\u00e9t a 40-es \u00e9vekt\u0151l eg\u00e9szen hal\u00e1l\u00e1ig. A fel\u00faj\u00edtott ki\u00e1ll\u00edt\u00e1s anyag\u00e1ba grafik\u00e1i \u00e9s lin\u00f3metszetei is beker\u00fcltek \u00c9gerh\u00e1zi Attila j\u00f3volt\u00e1b\u00f3l. [&hellip;]","og_url":"https:\/\/egerhaziimre.hu\/index.php\/egerhazi-imre-emlekhaz-varja-hajduhadhazon-a-latogatokat\/","og_site_name":"\u00c9gerh\u00e1zi Imre","article_modified_time":"2023-06-09T13:34:01+00:00","og_image":[{"width":650,"height":487,"url":"https:\/\/egerhaziimre.hu\/wp-content\/uploads\/2020\/10\/hajduhadhaz_2008_emlekhaz3.jpg","type":"image\/jpeg"}],"twitter_card":"summary_large_image","twitter_misc":{"Becs\u00fclt olvas\u00e1si id\u0151":"3 perc"},"schema":{"@context":"https:\/\/schema.org","@graph":[{"@type":"WebPage","@id":"https:\/\/egerhaziimre.hu\/index.php\/egerhazi-imre-emlekhaz-varja-hajduhadhazon-a-latogatokat\/","url":"https:\/\/egerhaziimre.hu\/index.php\/egerhazi-imre-emlekhaz-varja-hajduhadhazon-a-latogatokat\/","name":"\u00c9gerh\u00e1zi Imre eml\u00e9kh\u00e1z v\u00e1rja Hajd\u00fahadh\u00e1zon a l\u00e1togat\u00f3kat - \u00c9gerh\u00e1zi Imre","isPartOf":{"@id":"https:\/\/egerhaziimre.hu\/#website"},"primaryImageOfPage":{"@id":"https:\/\/egerhaziimre.hu\/index.php\/egerhazi-imre-emlekhaz-varja-hajduhadhazon-a-latogatokat\/#primaryimage"},"image":{"@id":"https:\/\/egerhaziimre.hu\/index.php\/egerhazi-imre-emlekhaz-varja-hajduhadhazon-a-latogatokat\/#primaryimage"},"thumbnailUrl":"https:\/\/egerhaziimre.hu\/wp-content\/uploads\/2020\/10\/hajduhadhaz_2008_emlekhaz3.jpg","datePublished":"2008-04-24T11:52:09+00:00","dateModified":"2023-06-09T13:34:01+00:00","breadcrumb":{"@id":"https:\/\/egerhaziimre.hu\/index.php\/egerhazi-imre-emlekhaz-varja-hajduhadhazon-a-latogatokat\/#breadcrumb"},"inLanguage":"hu","potentialAction":[{"@type":"ReadAction","target":["https:\/\/egerhaziimre.hu\/index.php\/egerhazi-imre-emlekhaz-varja-hajduhadhazon-a-latogatokat\/"]}]},{"@type":"ImageObject","inLanguage":"hu","@id":"https:\/\/egerhaziimre.hu\/index.php\/egerhazi-imre-emlekhaz-varja-hajduhadhazon-a-latogatokat\/#primaryimage","url":"https:\/\/egerhaziimre.hu\/wp-content\/uploads\/2020\/10\/hajduhadhaz_2008_emlekhaz3.jpg","contentUrl":"https:\/\/egerhaziimre.hu\/wp-content\/uploads\/2020\/10\/hajduhadhaz_2008_emlekhaz3.jpg","width":650,"height":487,"caption":"Fel\u00faj\u00edtott \u00c9gerh\u00e1zi Imre eml\u00e9kh\u00e1z"},{"@type":"BreadcrumbList","@id":"https:\/\/egerhaziimre.hu\/index.php\/egerhazi-imre-emlekhaz-varja-hajduhadhazon-a-latogatokat\/#breadcrumb","itemListElement":[{"@type":"ListItem","position":1,"name":"Home","item":"https:\/\/egerhaziimre.hu\/"},{"@type":"ListItem","position":2,"name":"\u00c9gerh\u00e1zi Imre eml\u00e9kh\u00e1z v\u00e1rja Hajd\u00fahadh\u00e1zon a l\u00e1togat\u00f3kat"}]},{"@type":"WebSite","@id":"https:\/\/egerhaziimre.hu\/#website","url":"https:\/\/egerhaziimre.hu\/","name":"\u00c9gerh\u00e1zi Imre","description":"","potentialAction":[{"@type":"SearchAction","target":{"@type":"EntryPoint","urlTemplate":"https:\/\/egerhaziimre.hu\/?s={search_term_string}"},"query-input":{"@type":"PropertyValueSpecification","valueRequired":true,"valueName":"search_term_string"}}],"inLanguage":"hu"}]}},"jetpack_sharing_enabled":true,"_links":{"self":[{"href":"https:\/\/egerhaziimre.hu\/index.php\/wp-json\/wp\/v2\/pages\/10436","targetHints":{"allow":["GET"]}}],"collection":[{"href":"https:\/\/egerhaziimre.hu\/index.php\/wp-json\/wp\/v2\/pages"}],"about":[{"href":"https:\/\/egerhaziimre.hu\/index.php\/wp-json\/wp\/v2\/types\/page"}],"author":[{"embeddable":true,"href":"https:\/\/egerhaziimre.hu\/index.php\/wp-json\/wp\/v2\/users\/4"}],"replies":[{"embeddable":true,"href":"https:\/\/egerhaziimre.hu\/index.php\/wp-json\/wp\/v2\/comments?post=10436"}],"version-history":[{"count":3,"href":"https:\/\/egerhaziimre.hu\/index.php\/wp-json\/wp\/v2\/pages\/10436\/revisions"}],"predecessor-version":[{"id":13116,"href":"https:\/\/egerhaziimre.hu\/index.php\/wp-json\/wp\/v2\/pages\/10436\/revisions\/13116"}],"wp:featuredmedia":[{"embeddable":true,"href":"https:\/\/egerhaziimre.hu\/index.php\/wp-json\/wp\/v2\/media\/10442"}],"wp:attachment":[{"href":"https:\/\/egerhaziimre.hu\/index.php\/wp-json\/wp\/v2\/media?parent=10436"}],"wp:term":[{"taxonomy":"category","embeddable":true,"href":"https:\/\/egerhaziimre.hu\/index.php\/wp-json\/wp\/v2\/categories?post=10436"},{"taxonomy":"post_tag","embeddable":true,"href":"https:\/\/egerhaziimre.hu\/index.php\/wp-json\/wp\/v2\/tags?post=10436"}],"curies":[{"name":"wp","href":"https:\/\/api.w.org\/{rel}","templated":true}]}}