{"id":1045,"date":"2019-08-05T15:22:56","date_gmt":"2019-08-05T13:22:56","guid":{"rendered":"http:\/\/egerhaziimre.magex.hu\/?page_id=1045"},"modified":"2020-09-02T11:29:39","modified_gmt":"2020-09-02T09:29:39","slug":"toth-bela-egerhazi-imre-grafikai-album-1989","status":"publish","type":"page","link":"https:\/\/egerhaziimre.hu\/index.php\/dijak-elismeresek\/toth-bela-egerhazi-imre-grafikai-album-1989\/","title":{"rendered":"T\u00f3th B\u00e9la, \u00c9gerh\u00e1zi Imre grafik\u00e1i, album 1989"},"content":{"rendered":"<div class=\"wpb-content-wrapper\">\r\n<blockquote class=\"wp-block-quote is-layout-flow wp-block-quote-is-layout-flow\"><p>&#8222;Alapvet\u0151 egy\u00e9ni alkot\u00f3i saj\u00e1ts\u00e1ga a megismert, \u00e1t\u00e9lt k\u00f6rnyez\u0151 val\u00f3s\u00e1ghoz ragaszkod\u00e1s, az \u00e9lm\u00e9nyek fest\u0151i nyelven, fest\u0151i, grafikusi eszk\u00f6z\u00f6kkel val\u00f3 megjelen\u00edt\u00e9se, ami m\u00e1s sz\u00f3val azt jelenti, hogy a m\u0171v\u00e9sz ezer sz\u00e1llal kapcsol\u00f3dik vil\u00e1g\u00e1hoz, ennek jelens\u00e9geihez, \u00e9letmegnyilv\u00e1nul\u00e1saihoz, s azt elragad\u00f3 gazdags\u00e1ggal igyekszik kifejezni.<br>T\u00f6bb ez azonban, mint puszta realizmus: \u00c9gerh\u00e1zi m\u0171v\u00e9szet\u00e9ben is lej\u00e1tsz\u00f3dik a csoda; a val\u00f3s\u00e1gnak egy magasabb, nemesebb, maradand\u00f3bb szintre val\u00f3 emel\u00e9se, &#8230;&#8221;<br>&#8230;K\u00f6zvetlen t\u00e1j- \u00e9s term\u00e9szet\u00e9lm\u00e9nyein t\u00fal olvasm\u00e1nyib\u00f3l, a testv\u00e9rm\u0171v\u00e9szetb\u0151l, a zen\u00e9b\u0151l sz\u00e1rmaz\u00f3 \u00e9lm\u00e9nyei is megjelennek k\u00e9pein, Csokonai, Pet\u0151fi, Ady arck\u00e9pe, vil\u00e1ga, Bart\u00f3k, Kod\u00e1ly, Kr\u00fady, nem sz\u00f3lva a hajd\u00fas\u00e1gi hagyom\u00e1nyokr\u00f3l (Sillye kapit\u00e1ny, a Hajd\u00fak c\u00edm\u0171 pann\u00f3ja, K\u00e1pl\u00e1r Mikl\u00f3s).<br>Fest\u0151i eszk\u00f6zeiben mintha a n\u00e9pi m\u0171v\u00e9szet szeml\u00e9let\u00e9t, kifejez\u00e9sm\u00f3dj\u00e1t \u00f6tv\u00f6zn\u00e9 a konstruktivizmus, a szecesszi\u00f3 tudatos artisztikus kifejez\u00e9sm\u00f3dj\u00e1val.<br>A tiszta form\u00e1k, kiegyens\u00falyozott szerkezet valami pomp\u00e1s nyugalmat, olykor egyenesen monumentalit\u00e1st k\u00f6lcs\u00f6n\u00f6znek festm\u00e9nyeinek. Az egys\u00e9get, nyugalmat szolg\u00e1lja, hogy alapj\u00e1ban kev\u00e9s sz\u00ednnel \u00e9l. Ezek k\u00f6z\u00fcl is a komoly barn\u00e1kat, m\u00e9ly k\u00e9keket, z\u00f6ldeket, okkereket, v\u00f6r\u00f6s\u00f6ket kedveli els\u0151sorban, s ezeket foltokban helyezi el k\u00e9pein, melyek jelleg\u00e9t \u00e1ltal\u00e1ban egy-egy, a jelens\u00e9g \u00e1ltal sugallt uralkod\u00f3 sz\u00edn, azok harm\u00f3ni\u00e1ja, a vonalak kifejez\u0151 ereje adja meg&#8230;&#8221;<\/p><cite>T\u00f3th B\u00e9la<br>\u00c9gerh\u00e1zi Imre grafik\u00e1i, album 1989<\/cite><\/blockquote>\r\n<\/div>","protected":false},"excerpt":{"rendered":"<p>&#8222;Alapvet\u0151 egy\u00e9ni alkot\u00f3i saj\u00e1ts\u00e1ga a megismert, \u00e1t\u00e9lt k\u00f6rnyez\u0151 val\u00f3s\u00e1ghoz ragaszkod\u00e1s, az \u00e9lm\u00e9nyek fest\u0151i nyelven, fest\u0151i, grafikusi eszk\u00f6z\u00f6kkel val\u00f3 megjelen\u00edt\u00e9se, ami m\u00e1s sz\u00f3val azt jelenti, hogy a m\u0171v\u00e9sz ezer sz\u00e1llal kapcsol\u00f3dik vil\u00e1g\u00e1hoz, ennek jelens\u00e9geihez, \u00e9letmegnyilv\u00e1nul\u00e1saihoz, s azt elragad\u00f3 gazdags\u00e1ggal igyekszik kifejezni.T\u00f6bb ez azonban, mint puszta realizmus: \u00c9gerh\u00e1zi m\u0171v\u00e9szet\u00e9ben is lej\u00e1tsz\u00f3dik a csoda; a val\u00f3s\u00e1gnak egy magasabb, nemesebb, maradand\u00f3bb szintre val\u00f3 emel\u00e9se, [&hellip;]<\/p>\n","protected":false},"author":4,"featured_media":0,"parent":31,"menu_order":0,"comment_status":"closed","ping_status":"closed","template":"","meta":{"footnotes":""},"categories":[84],"tags":[80],"class_list":["post-1045","page","type-page","status-publish","hentry","category-kritikak_meltatasok","tag-80"],"yoast_head":"<!-- This site is optimized with the Yoast SEO plugin v27.3 - https:\/\/yoast.com\/product\/yoast-seo-wordpress\/ -->\n<title>T\u00f3th B\u00e9la, \u00c9gerh\u00e1zi Imre grafik\u00e1i, album 1989 - \u00c9gerh\u00e1zi Imre<\/title>\n<meta name=\"robots\" content=\"index, follow, max-snippet:-1, max-image-preview:large, max-video-preview:-1\" \/>\n<link rel=\"canonical\" href=\"https:\/\/egerhaziimre.hu\/index.php\/dijak-elismeresek\/toth-bela-egerhazi-imre-grafikai-album-1989\/?lang=en\" \/>\n<meta property=\"og:locale\" content=\"hu_HU\" \/>\n<meta property=\"og:type\" content=\"article\" \/>\n<meta property=\"og:title\" content=\"T\u00f3th B\u00e9la, \u00c9gerh\u00e1zi Imre grafik\u00e1i, album 1989 - \u00c9gerh\u00e1zi Imre\" \/>\n<meta property=\"og:description\" content=\"&#8222;Alapvet\u0151 egy\u00e9ni alkot\u00f3i saj\u00e1ts\u00e1ga a megismert, \u00e1t\u00e9lt k\u00f6rnyez\u0151 val\u00f3s\u00e1ghoz ragaszkod\u00e1s, az \u00e9lm\u00e9nyek fest\u0151i nyelven, fest\u0151i, grafikusi eszk\u00f6z\u00f6kkel val\u00f3 megjelen\u00edt\u00e9se, ami m\u00e1s sz\u00f3val azt jelenti, hogy a m\u0171v\u00e9sz ezer sz\u00e1llal kapcsol\u00f3dik vil\u00e1g\u00e1hoz, ennek jelens\u00e9geihez, \u00e9letmegnyilv\u00e1nul\u00e1saihoz, s azt elragad\u00f3 gazdags\u00e1ggal igyekszik kifejezni.T\u00f6bb ez azonban, mint puszta realizmus: \u00c9gerh\u00e1zi m\u0171v\u00e9szet\u00e9ben is lej\u00e1tsz\u00f3dik a csoda; a val\u00f3s\u00e1gnak egy magasabb, nemesebb, maradand\u00f3bb szintre val\u00f3 emel\u00e9se, [&hellip;]\" \/>\n<meta property=\"og:url\" content=\"https:\/\/egerhaziimre.hu\/index.php\/dijak-elismeresek\/toth-bela-egerhazi-imre-grafikai-album-1989\/?lang=en\" \/>\n<meta property=\"og:site_name\" content=\"\u00c9gerh\u00e1zi Imre\" \/>\n<meta property=\"article:modified_time\" content=\"2020-09-02T09:29:39+00:00\" \/>\n<meta name=\"twitter:card\" content=\"summary_large_image\" \/>\n<meta name=\"twitter:label1\" content=\"Becs\u00fclt olvas\u00e1si id\u0151\" \/>\n\t<meta name=\"twitter:data1\" content=\"3 perc\" \/>\n<script type=\"application\/ld+json\" class=\"yoast-schema-graph\">{\"@context\":\"https:\\\/\\\/schema.org\",\"@graph\":[{\"@type\":\"WebPage\",\"@id\":\"https:\\\/\\\/egerhaziimre.hu\\\/index.php\\\/dijak-elismeresek\\\/toth-bela-egerhazi-imre-grafikai-album-1989\\\/?lang=en\",\"url\":\"https:\\\/\\\/egerhaziimre.hu\\\/index.php\\\/dijak-elismeresek\\\/toth-bela-egerhazi-imre-grafikai-album-1989\\\/?lang=en\",\"name\":\"T\u00f3th B\u00e9la, \u00c9gerh\u00e1zi Imre grafik\u00e1i, album 1989 - \u00c9gerh\u00e1zi Imre\",\"isPartOf\":{\"@id\":\"https:\\\/\\\/egerhaziimre.hu\\\/#website\"},\"datePublished\":\"2019-08-05T13:22:56+00:00\",\"dateModified\":\"2020-09-02T09:29:39+00:00\",\"breadcrumb\":{\"@id\":\"https:\\\/\\\/egerhaziimre.hu\\\/index.php\\\/dijak-elismeresek\\\/toth-bela-egerhazi-imre-grafikai-album-1989\\\/?lang=en#breadcrumb\"},\"inLanguage\":\"hu\",\"potentialAction\":[{\"@type\":\"ReadAction\",\"target\":[\"https:\\\/\\\/egerhaziimre.hu\\\/index.php\\\/dijak-elismeresek\\\/toth-bela-egerhazi-imre-grafikai-album-1989\\\/?lang=en\"]}]},{\"@type\":\"BreadcrumbList\",\"@id\":\"https:\\\/\\\/egerhaziimre.hu\\\/index.php\\\/dijak-elismeresek\\\/toth-bela-egerhazi-imre-grafikai-album-1989\\\/?lang=en#breadcrumb\",\"itemListElement\":[{\"@type\":\"ListItem\",\"position\":1,\"name\":\"Home\",\"item\":\"https:\\\/\\\/egerhaziimre.hu\\\/\"},{\"@type\":\"ListItem\",\"position\":2,\"name\":\"Awards, recognitions\",\"item\":\"https:\\\/\\\/egerhaziimre.hu\\\/index.php\\\/dijak-elismeresek\\\/?lang=en\"},{\"@type\":\"ListItem\",\"position\":3,\"name\":\"FROM FOREWORD OF GRAPHICS IMRE \u00c9GERH\u00c1ZI ALBUM BY B\u00c9LA T\u00d3TH, 1989\"}]},{\"@type\":\"WebSite\",\"@id\":\"https:\\\/\\\/egerhaziimre.hu\\\/#website\",\"url\":\"https:\\\/\\\/egerhaziimre.hu\\\/\",\"name\":\"\u00c9gerh\u00e1zi Imre\",\"description\":\"\",\"potentialAction\":[{\"@type\":\"SearchAction\",\"target\":{\"@type\":\"EntryPoint\",\"urlTemplate\":\"https:\\\/\\\/egerhaziimre.hu\\\/?s={search_term_string}\"},\"query-input\":{\"@type\":\"PropertyValueSpecification\",\"valueRequired\":true,\"valueName\":\"search_term_string\"}}],\"inLanguage\":\"hu\"}]}<\/script>\n<!-- \/ Yoast SEO plugin. -->","yoast_head_json":{"title":"T\u00f3th B\u00e9la, \u00c9gerh\u00e1zi Imre grafik\u00e1i, album 1989 - \u00c9gerh\u00e1zi Imre","robots":{"index":"index","follow":"follow","max-snippet":"max-snippet:-1","max-image-preview":"max-image-preview:large","max-video-preview":"max-video-preview:-1"},"canonical":"https:\/\/egerhaziimre.hu\/index.php\/dijak-elismeresek\/toth-bela-egerhazi-imre-grafikai-album-1989\/?lang=en","og_locale":"hu_HU","og_type":"article","og_title":"T\u00f3th B\u00e9la, \u00c9gerh\u00e1zi Imre grafik\u00e1i, album 1989 - \u00c9gerh\u00e1zi Imre","og_description":"&#8222;Alapvet\u0151 egy\u00e9ni alkot\u00f3i saj\u00e1ts\u00e1ga a megismert, \u00e1t\u00e9lt k\u00f6rnyez\u0151 val\u00f3s\u00e1ghoz ragaszkod\u00e1s, az \u00e9lm\u00e9nyek fest\u0151i nyelven, fest\u0151i, grafikusi eszk\u00f6z\u00f6kkel val\u00f3 megjelen\u00edt\u00e9se, ami m\u00e1s sz\u00f3val azt jelenti, hogy a m\u0171v\u00e9sz ezer sz\u00e1llal kapcsol\u00f3dik vil\u00e1g\u00e1hoz, ennek jelens\u00e9geihez, \u00e9letmegnyilv\u00e1nul\u00e1saihoz, s azt elragad\u00f3 gazdags\u00e1ggal igyekszik kifejezni.T\u00f6bb ez azonban, mint puszta realizmus: \u00c9gerh\u00e1zi m\u0171v\u00e9szet\u00e9ben is lej\u00e1tsz\u00f3dik a csoda; a val\u00f3s\u00e1gnak egy magasabb, nemesebb, maradand\u00f3bb szintre val\u00f3 emel\u00e9se, [&hellip;]","og_url":"https:\/\/egerhaziimre.hu\/index.php\/dijak-elismeresek\/toth-bela-egerhazi-imre-grafikai-album-1989\/?lang=en","og_site_name":"\u00c9gerh\u00e1zi Imre","article_modified_time":"2020-09-02T09:29:39+00:00","twitter_card":"summary_large_image","twitter_misc":{"Becs\u00fclt olvas\u00e1si id\u0151":"3 perc"},"schema":{"@context":"https:\/\/schema.org","@graph":[{"@type":"WebPage","@id":"https:\/\/egerhaziimre.hu\/index.php\/dijak-elismeresek\/toth-bela-egerhazi-imre-grafikai-album-1989\/?lang=en","url":"https:\/\/egerhaziimre.hu\/index.php\/dijak-elismeresek\/toth-bela-egerhazi-imre-grafikai-album-1989\/?lang=en","name":"T\u00f3th B\u00e9la, \u00c9gerh\u00e1zi Imre grafik\u00e1i, album 1989 - \u00c9gerh\u00e1zi Imre","isPartOf":{"@id":"https:\/\/egerhaziimre.hu\/#website"},"datePublished":"2019-08-05T13:22:56+00:00","dateModified":"2020-09-02T09:29:39+00:00","breadcrumb":{"@id":"https:\/\/egerhaziimre.hu\/index.php\/dijak-elismeresek\/toth-bela-egerhazi-imre-grafikai-album-1989\/?lang=en#breadcrumb"},"inLanguage":"hu","potentialAction":[{"@type":"ReadAction","target":["https:\/\/egerhaziimre.hu\/index.php\/dijak-elismeresek\/toth-bela-egerhazi-imre-grafikai-album-1989\/?lang=en"]}]},{"@type":"BreadcrumbList","@id":"https:\/\/egerhaziimre.hu\/index.php\/dijak-elismeresek\/toth-bela-egerhazi-imre-grafikai-album-1989\/?lang=en#breadcrumb","itemListElement":[{"@type":"ListItem","position":1,"name":"Home","item":"https:\/\/egerhaziimre.hu\/"},{"@type":"ListItem","position":2,"name":"Awards, recognitions","item":"https:\/\/egerhaziimre.hu\/index.php\/dijak-elismeresek\/?lang=en"},{"@type":"ListItem","position":3,"name":"FROM FOREWORD OF GRAPHICS IMRE \u00c9GERH\u00c1ZI ALBUM BY B\u00c9LA T\u00d3TH, 1989"}]},{"@type":"WebSite","@id":"https:\/\/egerhaziimre.hu\/#website","url":"https:\/\/egerhaziimre.hu\/","name":"\u00c9gerh\u00e1zi Imre","description":"","potentialAction":[{"@type":"SearchAction","target":{"@type":"EntryPoint","urlTemplate":"https:\/\/egerhaziimre.hu\/?s={search_term_string}"},"query-input":{"@type":"PropertyValueSpecification","valueRequired":true,"valueName":"search_term_string"}}],"inLanguage":"hu"}]}},"jetpack_sharing_enabled":true,"_links":{"self":[{"href":"https:\/\/egerhaziimre.hu\/index.php\/wp-json\/wp\/v2\/pages\/1045","targetHints":{"allow":["GET"]}}],"collection":[{"href":"https:\/\/egerhaziimre.hu\/index.php\/wp-json\/wp\/v2\/pages"}],"about":[{"href":"https:\/\/egerhaziimre.hu\/index.php\/wp-json\/wp\/v2\/types\/page"}],"author":[{"embeddable":true,"href":"https:\/\/egerhaziimre.hu\/index.php\/wp-json\/wp\/v2\/users\/4"}],"replies":[{"embeddable":true,"href":"https:\/\/egerhaziimre.hu\/index.php\/wp-json\/wp\/v2\/comments?post=1045"}],"version-history":[{"count":2,"href":"https:\/\/egerhaziimre.hu\/index.php\/wp-json\/wp\/v2\/pages\/1045\/revisions"}],"predecessor-version":[{"id":9078,"href":"https:\/\/egerhaziimre.hu\/index.php\/wp-json\/wp\/v2\/pages\/1045\/revisions\/9078"}],"up":[{"embeddable":true,"href":"https:\/\/egerhaziimre.hu\/index.php\/wp-json\/wp\/v2\/pages\/31"}],"wp:attachment":[{"href":"https:\/\/egerhaziimre.hu\/index.php\/wp-json\/wp\/v2\/media?parent=1045"}],"wp:term":[{"taxonomy":"category","embeddable":true,"href":"https:\/\/egerhaziimre.hu\/index.php\/wp-json\/wp\/v2\/categories?post=1045"},{"taxonomy":"post_tag","embeddable":true,"href":"https:\/\/egerhaziimre.hu\/index.php\/wp-json\/wp\/v2\/tags?post=1045"}],"curies":[{"name":"wp","href":"https:\/\/api.w.org\/{rel}","templated":true}]}}