{"id":10455,"date":"2007-05-22T15:08:47","date_gmt":"2007-05-22T13:08:47","guid":{"rendered":"https:\/\/egerhaziimre.hu\/?page_id=10455"},"modified":"2020-10-02T15:58:01","modified_gmt":"2020-10-02T13:58:01","slug":"erdely-cimmel-nyilt-kiallitas-a-varmegye-galeriaban","status":"publish","type":"page","link":"https:\/\/egerhaziimre.hu\/index.php\/erdely-cimmel-nyilt-kiallitas-a-varmegye-galeriaban\/","title":{"rendered":"Erd\u00e9ly c\u00edmmel ny\u00edlt ki\u00e1ll\u00edt\u00e1s a V\u00e1rmegye Gal\u00e9ri\u00e1ban"},"content":{"rendered":"<div class=\"wpb-content-wrapper\">[vc_row el_class=&#8221;margin_bottom_0 padding_bottom_0&#8243;][vc_column][vc_column_text]\n<h6>Erd\u00e9ly c\u00edm\u0171 ki\u00e1ll\u00edt\u00e1s ism\u00e9t l\u00e1togathat\u00f3<\/h6>\n<p>Budapest XII. ker\u00fclet Hegyvid\u00e9k \u00d6nkorm\u00e1nyzata, a XII. ker\u00fclet Hegyvid\u00e9k \u00d6nkorm\u00e1nyzata M\u0171vel\u0151d\u00e9si K\u00f6zpont \u00e9s a Gramy-H Rekl\u00e1m\u00fcgyn\u00f6ks\u00e9g Kft. tisztelettel megh\u00edvja \u00d6nt, kedves csal\u00e1dj\u00e1t \u00e9s bar\u00e1tait \u00c9gerh\u00e1zi Imre Erd\u00e9ly c\u00edm\u0171 ki\u00e1ll\u00edt\u00e1s\u00e1ra.<\/p>\n<p><strong>Megnyit\u00f3:<\/strong> 2007. okt\u00f3ber 2-\u00e1n, kedden 17 \u00f3ra 30-kor\u00a0a XII. ker\u00fclet Hegyvid\u00e9k \u00d6nkorm\u00e1nyzata M\u0171vel\u0151d\u00e9si K\u00f6zpont kupolaterm\u00e9ben,\u00a0Budapest XII., Cs\u00f6rsz u. 18.<br \/>\n<strong>Program:\u00a0<\/strong><br \/>\n&#8211; A t\u00e1rlat anyag\u00e1t bemutatja Feledy Bal\u00e1zs m\u0171v\u00e9szett\u00f6rt\u00e9n\u00e9sz.<br \/>\n&#8211; A Djabe zenekar m\u0171sora a sz\u00ednh\u00e1zteremben.<br \/>\n<strong>L\u00e1togathat\u00f3:<\/strong> 2007. okt\u00f3ber 25-\u00e9ig, minden nap 9-18 \u00f3r\u00e1ig[\/vc_column_text][vc_separator][vc_column_text]\n<h6>Megh\u00edv\u00f3<\/h6>\n[\/vc_column_text][vc_row_inner][vc_column_inner width=&#8221;1\/2&#8243;][vc_single_image image=&#8221;10458&#8243; img_size=&#8221;large&#8221; alignment=&#8221;center&#8221; style=&#8221;xtd-shadow&#8211;normal-light&#8221; onclick=&#8221;link_image&#8221;][\/vc_column_inner][vc_column_inner width=&#8221;1\/2&#8243;][vc_single_image image=&#8221;10459&#8243; img_size=&#8221;large&#8221; alignment=&#8221;center&#8221; style=&#8221;xtd-shadow&#8211;normal-light&#8221; onclick=&#8221;link_image&#8221;][\/vc_column_inner][\/vc_row_inner][vc_empty_space][vc_separator][vc_column_text]\n<h6>Erd\u00e9ly c\u00edmmel ny\u00edlt ki\u00e1ll\u00edt\u00e1s a V\u00e1rmegye Gal\u00e9ri\u00e1ban<\/h6>\n<p>\u00c9gerh\u00e1zi Imre legkedvesebb fest\u0151i t\u00e9m\u00e1j\u00e1b\u00f3l k\u00e9sz\u00fclt alkot\u00e1sokb\u00f3l v\u00e1logatta \u00f6ssze a j\u00fanius 5-\u00e9n ny\u00edlt t\u00e1rlat anyag\u00e1t \u00c9gerh\u00e1zi Attila.<br \/>\nAz Erd\u00e9ly M\u0171v\u00e9szet\u00e9\u00e9rt Alap\u00edtv\u00e1ny V\u00e1rmegye Gal\u00e9ri\u00e1j\u00e1ban nem el\u0151sz\u00f6r szerepelnek a mester m\u0171vei. 1995. ut\u00e1n 2007. junius 5-\u00e9t\u0151l j\u00falius 13-ig \u00e9letm\u0171 jelleg\u0171 ki\u00e1ll\u00edt\u00e1st tekinthetnek meg a l\u00e1togat\u00f3k. K\u00f6zel 70 olajfestm\u00e9ny ker\u00fcl bemutat\u00e1sra. Az anyag jelent\u0151s r\u00e9sze m\u00e9g sohasem szerepelt a nagyk\u00f6z\u00f6ns\u00e9g el\u0151tt. A t\u00e1rlatot Sz\u00e9kelyhidi \u00c1goston a Hajd\u00fas\u00e1gi Nemzetk\u00f6zi M\u0171v\u00e9sztelep alap\u00edt\u00f3ja nyitotta meg. A rendezv\u00e9nyen k\u00f6zrem\u0171k\u00f6d\u00f6tt a Djabe zenekar.<\/p>\n<p><strong>C\u00edm:<\/strong> Budapest, V. ker\u00fclet, V\u00e1rmegye u. 11.<br \/>\n<strong>L\u00e1togathat\u00f3:<\/strong> 2007. j\u00falius 13-ig, keddt\u0151l p\u00e9ntekig 10-18 \u00f3r\u00e1ig<br \/>\n<strong>Telefon:<\/strong> 06-1 318-8148[\/vc_column_text][vc_separator][vc_column_text]\n<h6>Fot\u00f3gal\u00e9ria<\/h6>\n[\/vc_column_text][vc_media_grid style=&#8221;pagination&#8221; items_per_page=&#8221;8&#8243; element_width=&#8221;3&#8243; gap=&#8221;30&#8243; arrows_design=&#8221;vc_arrow-icon-arrow_01_left&#8221; arrows_color=&#8221;black&#8221; paging_design=&#8221;pagination_square&#8221; paging_color=&#8221;black&#8221; loop=&#8221;yes&#8221; grid_id=&#8221;vc_gid:1601646893949-80bbf019-d49a-5&#8243; include=&#8221;10461,10462,10463,10464,10465,10466,10467,10468,10469,10470,10471,10472,10473&#8243;][vc_separator][vc_column_text]\n<h6>Katal\u00f3gus<\/h6>\n[\/vc_column_text][vc_column_text]\n<p style=\"text-align: center;\">\n[\/vc_column_text][vc_separator][vc_column_text]\n<h6>\u00c9gerh\u00e1zi Imre erd\u00e9lyi k\u00e9pei<\/h6>\n<p><em>2007. j\u00fanius 9-i Marosv\u00e1s\u00e1rhelyi N\u00e9p\u00fajs\u00e1g cikke<\/em><\/p>\n<p>Az alf\u00f6ld fia volt, de Erd\u00e9ly felt\u00e9tlen h\u00edve, szerelmese. Ezt tettben, alkot\u00e1sban 2001-ben bek\u00f6vetkezett hal\u00e1l\u00e1ig hatv\u00e1nyozottan bizony\u00edtotta. Sz\u00edvesen j\u00f6tt ide, hiszen nagyon j\u00f3l \u00e9rezte mag\u00e1t erd\u00e9lyi, sz\u00e9kelyf\u00f6ldi bar\u00e1tai, az itt \u00e9l\u0151k t\u00e1rsas\u00e1g\u00e1ban, olyannyira, hogy hossz\u00fa \u00e9vek \u00f3ta visszah\u00edvta \u0151ket a maga k\u00f6zeg\u00e9be, a Hortob\u00e1gyi Alkot\u00f3t\u00e1borba, amely var\u00e1zsos fest\u00e9szete mellett ugyancsak az \u0151 \u00e9letm\u0171v\u00e9nek is tekinthet\u0151. Term\u00e9szetesnek t\u0171nt, hogy magam p\u00e9ld\u00e1ul a gyergy\u00f3sz\u00e1rhegyi m\u0171v\u00e9sztelepen ismerkedtem meg vele, de a k\u00f6vetkez\u0151 alkalommal m\u00e1r a Hortob\u00e1gyon tal\u00e1lkoztunk, ahol sz\u00e1momra megannyi kedves honi ismer\u0151s, fest\u0151, grafikus \u00e9s szobr\u00e1sz vette k\u00f6r\u00fcl. Debrecenik\u00e9nt az alf\u00f6ldi t\u00e1jak m\u00e1sokkal \u00f6sszet\u00e9veszthetetlen, avatott meg\u00f6r\u00f6k\u00edt\u0151je volt, de m\u00e9ly nyomot hagyott benne a Hargita, a Bucsin, a Gyergy\u00f3i-medence, a Maros v\u00f6lgye \u00e9s a t\u00f6bbi sz\u00e9ps\u00e9ges erd\u00e9lyi, K\u00e1rp\u00e1t-medencei l\u00e1tv\u00e1nyvil\u00e1g, mindezt fest\u00e9szete is tan\u00fas\u00edtja. Sz\u00e1mos ilyen ihlet\u00e9s\u0171 k\u00e9p\u00e9b\u0151l a h\u00e9ten a budapesti V\u00e1rmegye Gal\u00e9ri\u00e1ban a m\u0171v\u00e9sz fia, \u00c9gerh\u00e1zi Attila v\u00e1logat\u00e1s\u00e1ban ny\u00edlt ki\u00e1ll\u00edt\u00e1s. Az 1964 \u00e9s 2001 k\u00f6z\u00f6tt k\u00e9sz\u00fclt mintegy hetven olajkompoz\u00edci\u00f3 \u00e9s grafika eszmei, \u00e9rzelmi, m\u0171v\u00e9szi t\u00f6ltet\u00e9r\u0151l, \u00c9gerh\u00e1zi Imre alkot\u00f3m\u0171v\u00e9szet\u00e9r\u0151l, emberi kiv\u00e1l\u00f3s\u00e1g\u00e1r\u00f3l a szint\u00e9n debreceni \u00edr\u00f3 bar\u00e1t, Sz\u00e9kelyhidi \u00c1goston besz\u00e9lt a t\u00e1rlatnyit\u00f3n. A megfestett erd\u00e9lyi t\u00e1jak hangulat\u00e1t a Djabe zenekar muzsik\u00e1ja id\u00e9zte fel a jelenlev\u0151knek. A ki\u00e1ll\u00edt\u00e1s j\u00falius 13-ig lesz nyitva.<\/p>\n<p>N.M.K. (Nagy Mikl\u00f3s Kund)[\/vc_column_text][\/vc_column][\/vc_row]\n<\/div>","protected":false},"excerpt":{"rendered":"<p>[vc_row el_class=&#8221;margin_bottom_0 padding_bottom_0&#8243;][vc_column][vc_column_text] Erd\u00e9ly c\u00edm\u0171 ki\u00e1ll\u00edt\u00e1s ism\u00e9t l\u00e1togathat\u00f3 Budapest XII. ker\u00fclet Hegyvid\u00e9k \u00d6nkorm\u00e1nyzata, a XII. ker\u00fclet Hegyvid\u00e9k \u00d6nkorm\u00e1nyzata M\u0171vel\u0151d\u00e9si K\u00f6zpont \u00e9s a Gramy-H Rekl\u00e1m\u00fcgyn\u00f6ks\u00e9g Kft. tisztelettel megh\u00edvja \u00d6nt, kedves csal\u00e1dj\u00e1t \u00e9s bar\u00e1tait \u00c9gerh\u00e1zi Imre Erd\u00e9ly c\u00edm\u0171 ki\u00e1ll\u00edt\u00e1s\u00e1ra. Megnyit\u00f3: 2007. okt\u00f3ber 2-\u00e1n, kedden 17 \u00f3ra 30-kor\u00a0a XII. ker\u00fclet Hegyvid\u00e9k \u00d6nkorm\u00e1nyzata M\u0171vel\u0151d\u00e9si K\u00f6zpont kupolaterm\u00e9ben,\u00a0Budapest XII., Cs\u00f6rsz u. 18. Program:\u00a0 &#8211; A t\u00e1rlat [&hellip;]<\/p>\n","protected":false},"author":4,"featured_media":10469,"parent":0,"menu_order":0,"comment_status":"closed","ping_status":"closed","template":"","meta":{"footnotes":""},"categories":[13],"tags":[163],"class_list":["post-10455","page","type-page","status-publish","has-post-thumbnail","hentry","category-hirek","tag-163"],"yoast_head":"<!-- This site is optimized with the Yoast SEO plugin v27.3 - https:\/\/yoast.com\/product\/yoast-seo-wordpress\/ -->\n<title>Erd\u00e9ly c\u00edmmel ny\u00edlt ki\u00e1ll\u00edt\u00e1s a V\u00e1rmegye Gal\u00e9ri\u00e1ban - \u00c9gerh\u00e1zi Imre<\/title>\n<meta name=\"robots\" content=\"index, follow, max-snippet:-1, max-image-preview:large, max-video-preview:-1\" \/>\n<link rel=\"canonical\" href=\"https:\/\/egerhaziimre.hu\/index.php\/erdely-cimmel-nyilt-kiallitas-a-varmegye-galeriaban\/?lang=en\" \/>\n<meta property=\"og:locale\" content=\"hu_HU\" \/>\n<meta property=\"og:type\" content=\"article\" \/>\n<meta property=\"og:title\" content=\"Erd\u00e9ly c\u00edmmel ny\u00edlt ki\u00e1ll\u00edt\u00e1s a V\u00e1rmegye Gal\u00e9ri\u00e1ban - \u00c9gerh\u00e1zi Imre\" \/>\n<meta property=\"og:description\" content=\"[vc_row el_class=&#8221;margin_bottom_0 padding_bottom_0&#8243;][vc_column][vc_column_text] Erd\u00e9ly c\u00edm\u0171 ki\u00e1ll\u00edt\u00e1s ism\u00e9t l\u00e1togathat\u00f3 Budapest XII. ker\u00fclet Hegyvid\u00e9k \u00d6nkorm\u00e1nyzata, a XII. ker\u00fclet Hegyvid\u00e9k \u00d6nkorm\u00e1nyzata M\u0171vel\u0151d\u00e9si K\u00f6zpont \u00e9s a Gramy-H Rekl\u00e1m\u00fcgyn\u00f6ks\u00e9g Kft. tisztelettel megh\u00edvja \u00d6nt, kedves csal\u00e1dj\u00e1t \u00e9s bar\u00e1tait \u00c9gerh\u00e1zi Imre Erd\u00e9ly c\u00edm\u0171 ki\u00e1ll\u00edt\u00e1s\u00e1ra. Megnyit\u00f3: 2007. okt\u00f3ber 2-\u00e1n, kedden 17 \u00f3ra 30-kor\u00a0a XII. ker\u00fclet Hegyvid\u00e9k \u00d6nkorm\u00e1nyzata M\u0171vel\u0151d\u00e9si K\u00f6zpont kupolaterm\u00e9ben,\u00a0Budapest XII., Cs\u00f6rsz u. 18. Program:\u00a0 &#8211; A t\u00e1rlat [&hellip;]\" \/>\n<meta property=\"og:url\" content=\"https:\/\/egerhaziimre.hu\/index.php\/erdely-cimmel-nyilt-kiallitas-a-varmegye-galeriaban\/?lang=en\" \/>\n<meta property=\"og:site_name\" content=\"\u00c9gerh\u00e1zi Imre\" \/>\n<meta property=\"article:modified_time\" content=\"2020-10-02T13:58:01+00:00\" \/>\n<meta property=\"og:image\" content=\"https:\/\/egerhaziimre.hu\/wp-content\/uploads\/2020\/10\/varmegyegaleria-erdely-hir070522_10.jpg\" \/>\n\t<meta property=\"og:image:width\" content=\"640\" \/>\n\t<meta property=\"og:image:height\" content=\"447\" \/>\n\t<meta property=\"og:image:type\" content=\"image\/jpeg\" \/>\n<meta name=\"twitter:card\" content=\"summary_large_image\" \/>\n<meta name=\"twitter:label1\" content=\"Becs\u00fclt olvas\u00e1si id\u0151\" \/>\n\t<meta name=\"twitter:data1\" content=\"7 perc\" \/>\n<script type=\"application\/ld+json\" class=\"yoast-schema-graph\">{\"@context\":\"https:\\\/\\\/schema.org\",\"@graph\":[{\"@type\":\"WebPage\",\"@id\":\"https:\\\/\\\/egerhaziimre.hu\\\/index.php\\\/erdely-cimmel-nyilt-kiallitas-a-varmegye-galeriaban\\\/?lang=en\",\"url\":\"https:\\\/\\\/egerhaziimre.hu\\\/index.php\\\/erdely-cimmel-nyilt-kiallitas-a-varmegye-galeriaban\\\/?lang=en\",\"name\":\"Erd\u00e9ly c\u00edmmel ny\u00edlt ki\u00e1ll\u00edt\u00e1s a V\u00e1rmegye Gal\u00e9ri\u00e1ban - \u00c9gerh\u00e1zi Imre\",\"isPartOf\":{\"@id\":\"https:\\\/\\\/egerhaziimre.hu\\\/#website\"},\"primaryImageOfPage\":{\"@id\":\"https:\\\/\\\/egerhaziimre.hu\\\/index.php\\\/erdely-cimmel-nyilt-kiallitas-a-varmegye-galeriaban\\\/?lang=en#primaryimage\"},\"image\":{\"@id\":\"https:\\\/\\\/egerhaziimre.hu\\\/index.php\\\/erdely-cimmel-nyilt-kiallitas-a-varmegye-galeriaban\\\/?lang=en#primaryimage\"},\"thumbnailUrl\":\"https:\\\/\\\/egerhaziimre.hu\\\/wp-content\\\/uploads\\\/2020\\\/10\\\/varmegyegaleria-erdely-hir070522_10.jpg\",\"datePublished\":\"2007-05-22T13:08:47+00:00\",\"dateModified\":\"2020-10-02T13:58:01+00:00\",\"breadcrumb\":{\"@id\":\"https:\\\/\\\/egerhaziimre.hu\\\/index.php\\\/erdely-cimmel-nyilt-kiallitas-a-varmegye-galeriaban\\\/?lang=en#breadcrumb\"},\"inLanguage\":\"hu\",\"potentialAction\":[{\"@type\":\"ReadAction\",\"target\":[\"https:\\\/\\\/egerhaziimre.hu\\\/index.php\\\/erdely-cimmel-nyilt-kiallitas-a-varmegye-galeriaban\\\/?lang=en\"]}]},{\"@type\":\"ImageObject\",\"inLanguage\":\"hu\",\"@id\":\"https:\\\/\\\/egerhaziimre.hu\\\/index.php\\\/erdely-cimmel-nyilt-kiallitas-a-varmegye-galeriaban\\\/?lang=en#primaryimage\",\"url\":\"https:\\\/\\\/egerhaziimre.hu\\\/wp-content\\\/uploads\\\/2020\\\/10\\\/varmegyegaleria-erdely-hir070522_10.jpg\",\"contentUrl\":\"https:\\\/\\\/egerhaziimre.hu\\\/wp-content\\\/uploads\\\/2020\\\/10\\\/varmegyegaleria-erdely-hir070522_10.jpg\",\"width\":640,\"height\":447},{\"@type\":\"BreadcrumbList\",\"@id\":\"https:\\\/\\\/egerhaziimre.hu\\\/index.php\\\/erdely-cimmel-nyilt-kiallitas-a-varmegye-galeriaban\\\/?lang=en#breadcrumb\",\"itemListElement\":[{\"@type\":\"ListItem\",\"position\":1,\"name\":\"Home\",\"item\":\"https:\\\/\\\/egerhaziimre.hu\\\/\"},{\"@type\":\"ListItem\",\"position\":2,\"name\":\"An exhibition entitled Transylvania opened in the V\u00e1rmegye Gallery\"}]},{\"@type\":\"WebSite\",\"@id\":\"https:\\\/\\\/egerhaziimre.hu\\\/#website\",\"url\":\"https:\\\/\\\/egerhaziimre.hu\\\/\",\"name\":\"\u00c9gerh\u00e1zi Imre\",\"description\":\"\",\"potentialAction\":[{\"@type\":\"SearchAction\",\"target\":{\"@type\":\"EntryPoint\",\"urlTemplate\":\"https:\\\/\\\/egerhaziimre.hu\\\/?s={search_term_string}\"},\"query-input\":{\"@type\":\"PropertyValueSpecification\",\"valueRequired\":true,\"valueName\":\"search_term_string\"}}],\"inLanguage\":\"hu\"}]}<\/script>\n<!-- \/ Yoast SEO plugin. -->","yoast_head_json":{"title":"Erd\u00e9ly c\u00edmmel ny\u00edlt ki\u00e1ll\u00edt\u00e1s a V\u00e1rmegye Gal\u00e9ri\u00e1ban - \u00c9gerh\u00e1zi Imre","robots":{"index":"index","follow":"follow","max-snippet":"max-snippet:-1","max-image-preview":"max-image-preview:large","max-video-preview":"max-video-preview:-1"},"canonical":"https:\/\/egerhaziimre.hu\/index.php\/erdely-cimmel-nyilt-kiallitas-a-varmegye-galeriaban\/?lang=en","og_locale":"hu_HU","og_type":"article","og_title":"Erd\u00e9ly c\u00edmmel ny\u00edlt ki\u00e1ll\u00edt\u00e1s a V\u00e1rmegye Gal\u00e9ri\u00e1ban - \u00c9gerh\u00e1zi Imre","og_description":"[vc_row el_class=&#8221;margin_bottom_0 padding_bottom_0&#8243;][vc_column][vc_column_text] Erd\u00e9ly c\u00edm\u0171 ki\u00e1ll\u00edt\u00e1s ism\u00e9t l\u00e1togathat\u00f3 Budapest XII. ker\u00fclet Hegyvid\u00e9k \u00d6nkorm\u00e1nyzata, a XII. ker\u00fclet Hegyvid\u00e9k \u00d6nkorm\u00e1nyzata M\u0171vel\u0151d\u00e9si K\u00f6zpont \u00e9s a Gramy-H Rekl\u00e1m\u00fcgyn\u00f6ks\u00e9g Kft. tisztelettel megh\u00edvja \u00d6nt, kedves csal\u00e1dj\u00e1t \u00e9s bar\u00e1tait \u00c9gerh\u00e1zi Imre Erd\u00e9ly c\u00edm\u0171 ki\u00e1ll\u00edt\u00e1s\u00e1ra. Megnyit\u00f3: 2007. okt\u00f3ber 2-\u00e1n, kedden 17 \u00f3ra 30-kor\u00a0a XII. ker\u00fclet Hegyvid\u00e9k \u00d6nkorm\u00e1nyzata M\u0171vel\u0151d\u00e9si K\u00f6zpont kupolaterm\u00e9ben,\u00a0Budapest XII., Cs\u00f6rsz u. 18. Program:\u00a0 &#8211; A t\u00e1rlat [&hellip;]","og_url":"https:\/\/egerhaziimre.hu\/index.php\/erdely-cimmel-nyilt-kiallitas-a-varmegye-galeriaban\/?lang=en","og_site_name":"\u00c9gerh\u00e1zi Imre","article_modified_time":"2020-10-02T13:58:01+00:00","og_image":[{"width":640,"height":447,"url":"https:\/\/egerhaziimre.hu\/wp-content\/uploads\/2020\/10\/varmegyegaleria-erdely-hir070522_10.jpg","type":"image\/jpeg"}],"twitter_card":"summary_large_image","twitter_misc":{"Becs\u00fclt olvas\u00e1si id\u0151":"7 perc"},"schema":{"@context":"https:\/\/schema.org","@graph":[{"@type":"WebPage","@id":"https:\/\/egerhaziimre.hu\/index.php\/erdely-cimmel-nyilt-kiallitas-a-varmegye-galeriaban\/?lang=en","url":"https:\/\/egerhaziimre.hu\/index.php\/erdely-cimmel-nyilt-kiallitas-a-varmegye-galeriaban\/?lang=en","name":"Erd\u00e9ly c\u00edmmel ny\u00edlt ki\u00e1ll\u00edt\u00e1s a V\u00e1rmegye Gal\u00e9ri\u00e1ban - \u00c9gerh\u00e1zi Imre","isPartOf":{"@id":"https:\/\/egerhaziimre.hu\/#website"},"primaryImageOfPage":{"@id":"https:\/\/egerhaziimre.hu\/index.php\/erdely-cimmel-nyilt-kiallitas-a-varmegye-galeriaban\/?lang=en#primaryimage"},"image":{"@id":"https:\/\/egerhaziimre.hu\/index.php\/erdely-cimmel-nyilt-kiallitas-a-varmegye-galeriaban\/?lang=en#primaryimage"},"thumbnailUrl":"https:\/\/egerhaziimre.hu\/wp-content\/uploads\/2020\/10\/varmegyegaleria-erdely-hir070522_10.jpg","datePublished":"2007-05-22T13:08:47+00:00","dateModified":"2020-10-02T13:58:01+00:00","breadcrumb":{"@id":"https:\/\/egerhaziimre.hu\/index.php\/erdely-cimmel-nyilt-kiallitas-a-varmegye-galeriaban\/?lang=en#breadcrumb"},"inLanguage":"hu","potentialAction":[{"@type":"ReadAction","target":["https:\/\/egerhaziimre.hu\/index.php\/erdely-cimmel-nyilt-kiallitas-a-varmegye-galeriaban\/?lang=en"]}]},{"@type":"ImageObject","inLanguage":"hu","@id":"https:\/\/egerhaziimre.hu\/index.php\/erdely-cimmel-nyilt-kiallitas-a-varmegye-galeriaban\/?lang=en#primaryimage","url":"https:\/\/egerhaziimre.hu\/wp-content\/uploads\/2020\/10\/varmegyegaleria-erdely-hir070522_10.jpg","contentUrl":"https:\/\/egerhaziimre.hu\/wp-content\/uploads\/2020\/10\/varmegyegaleria-erdely-hir070522_10.jpg","width":640,"height":447},{"@type":"BreadcrumbList","@id":"https:\/\/egerhaziimre.hu\/index.php\/erdely-cimmel-nyilt-kiallitas-a-varmegye-galeriaban\/?lang=en#breadcrumb","itemListElement":[{"@type":"ListItem","position":1,"name":"Home","item":"https:\/\/egerhaziimre.hu\/"},{"@type":"ListItem","position":2,"name":"An exhibition entitled Transylvania opened in the V\u00e1rmegye Gallery"}]},{"@type":"WebSite","@id":"https:\/\/egerhaziimre.hu\/#website","url":"https:\/\/egerhaziimre.hu\/","name":"\u00c9gerh\u00e1zi Imre","description":"","potentialAction":[{"@type":"SearchAction","target":{"@type":"EntryPoint","urlTemplate":"https:\/\/egerhaziimre.hu\/?s={search_term_string}"},"query-input":{"@type":"PropertyValueSpecification","valueRequired":true,"valueName":"search_term_string"}}],"inLanguage":"hu"}]}},"jetpack_sharing_enabled":true,"_links":{"self":[{"href":"https:\/\/egerhaziimre.hu\/index.php\/wp-json\/wp\/v2\/pages\/10455","targetHints":{"allow":["GET"]}}],"collection":[{"href":"https:\/\/egerhaziimre.hu\/index.php\/wp-json\/wp\/v2\/pages"}],"about":[{"href":"https:\/\/egerhaziimre.hu\/index.php\/wp-json\/wp\/v2\/types\/page"}],"author":[{"embeddable":true,"href":"https:\/\/egerhaziimre.hu\/index.php\/wp-json\/wp\/v2\/users\/4"}],"replies":[{"embeddable":true,"href":"https:\/\/egerhaziimre.hu\/index.php\/wp-json\/wp\/v2\/comments?post=10455"}],"version-history":[{"count":5,"href":"https:\/\/egerhaziimre.hu\/index.php\/wp-json\/wp\/v2\/pages\/10455\/revisions"}],"predecessor-version":[{"id":10477,"href":"https:\/\/egerhaziimre.hu\/index.php\/wp-json\/wp\/v2\/pages\/10455\/revisions\/10477"}],"wp:featuredmedia":[{"embeddable":true,"href":"https:\/\/egerhaziimre.hu\/index.php\/wp-json\/wp\/v2\/media\/10469"}],"wp:attachment":[{"href":"https:\/\/egerhaziimre.hu\/index.php\/wp-json\/wp\/v2\/media?parent=10455"}],"wp:term":[{"taxonomy":"category","embeddable":true,"href":"https:\/\/egerhaziimre.hu\/index.php\/wp-json\/wp\/v2\/categories?post=10455"},{"taxonomy":"post_tag","embeddable":true,"href":"https:\/\/egerhaziimre.hu\/index.php\/wp-json\/wp\/v2\/tags?post=10455"}],"curies":[{"name":"wp","href":"https:\/\/api.w.org\/{rel}","templated":true}]}}