{"id":1049,"date":"2019-08-05T15:25:57","date_gmt":"2019-08-05T13:25:57","guid":{"rendered":"http:\/\/egerhaziimre.magex.hu\/?page_id=1049"},"modified":"2020-09-02T11:31:24","modified_gmt":"2020-09-02T09:31:24","slug":"imola-lenkey-istvan-egerhazi-imre-grafikai-konyv-eloszavabol-reszlet-1992","status":"publish","type":"page","link":"https:\/\/egerhaziimre.hu\/index.php\/dijak-elismeresek\/imola-lenkey-istvan-egerhazi-imre-grafikai-konyv-eloszavabol-reszlet-1992\/","title":{"rendered":"Imola Lenkey Istv\u00e1n, (\u00c9GERH\u00c1ZI IMRE grafik\u00e1i k\u00f6nyv el\u0151szav\u00e1b\u00f3l r\u00e9szlet, 1992)"},"content":{"rendered":"<div class=\"wpb-content-wrapper\">\r\n<blockquote class=\"wp-block-quote is-layout-flow wp-block-quote-is-layout-flow\"><p>&#8222;\u00c9gerh\u00e1zi Imre rajzaiban az emberi \u00e9let, a k\u00f6rnyezet sz\u00e9les sk\u00e1l\u00e1in \u00e1ll el\u0151tt\u00fcnk. Portr\u00e9k, aktok, a hajd\u00fas\u00e1gi ember \u00e9s t\u00e1j mellett felsorakoznak az erd\u00e9lyi t\u00e1jak \u00e9s emberek \u00f6r\u00f6meikkel, gondjaikkal, m\u00faltjukkal \u00e9s jelen\u00fckkel, felcsillantva a j\u00f6v\u0151 rem\u00e9nys\u00e9g\u00e9t is.<br>&#8230;Rajzm\u0171v\u00e9szet\u00e9ben a val\u00f3s\u00e1g nemesebb, maradand\u00f3bb lesz, eszmeileg t\u00e1volabb tekint\u0151 gondolatokkal a h\u00e9tk\u00f6znapok egyhang\u00fas\u00e1ga f\u00f6l\u00e9 emelkedik, ez\u00e1ltal teljes\u00edti a m\u0171v\u00e9szet feladat\u00e1t, mert nem egyszer\u0171en meg\u00f6r\u00f6k\u00edt, hanem szebb\u00e9 \u00e9rtelmesebb\u00e9 teszi k\u00f6rnyezete \u00e9let\u00e9t&#8230;&#8221;<\/p><cite>Imola Lenkey Istv\u00e1n<br>(\u00c9GERH\u00c1ZI IMRE grafik\u00e1i k\u00f6nyv<br>el\u0151szav\u00e1b\u00f3l r\u00e9szlet, 1992)<\/cite><\/blockquote>\r\n<\/div>","protected":false},"excerpt":{"rendered":"<p>&#8222;\u00c9gerh\u00e1zi Imre rajzaiban az emberi \u00e9let, a k\u00f6rnyezet sz\u00e9les sk\u00e1l\u00e1in \u00e1ll el\u0151tt\u00fcnk. Portr\u00e9k, aktok, a hajd\u00fas\u00e1gi ember \u00e9s t\u00e1j mellett felsorakoznak az erd\u00e9lyi t\u00e1jak \u00e9s emberek \u00f6r\u00f6meikkel, gondjaikkal, m\u00faltjukkal \u00e9s jelen\u00fckkel, felcsillantva a j\u00f6v\u0151 rem\u00e9nys\u00e9g\u00e9t is.&#8230;Rajzm\u0171v\u00e9szet\u00e9ben a val\u00f3s\u00e1g nemesebb, maradand\u00f3bb lesz, eszmeileg t\u00e1volabb tekint\u0151 gondolatokkal a h\u00e9tk\u00f6znapok egyhang\u00fas\u00e1ga f\u00f6l\u00e9 emelkedik, ez\u00e1ltal teljes\u00edti a m\u0171v\u00e9szet feladat\u00e1t, mert nem egyszer\u0171en meg\u00f6r\u00f6k\u00edt, hanem [&hellip;]<\/p>\n","protected":false},"author":4,"featured_media":0,"parent":31,"menu_order":0,"comment_status":"closed","ping_status":"closed","template":"","meta":{"footnotes":""},"categories":[84],"tags":[70],"class_list":["post-1049","page","type-page","status-publish","hentry","category-kritikak_meltatasok","tag-70"],"yoast_head":"<!-- This site is optimized with the Yoast SEO plugin v27.3 - https:\/\/yoast.com\/product\/yoast-seo-wordpress\/ -->\n<title>Imola Lenkey Istv\u00e1n, (\u00c9GERH\u00c1ZI IMRE grafik\u00e1i k\u00f6nyv el\u0151szav\u00e1b\u00f3l r\u00e9szlet, 1992) - \u00c9gerh\u00e1zi Imre<\/title>\n<meta name=\"robots\" content=\"index, follow, max-snippet:-1, max-image-preview:large, max-video-preview:-1\" \/>\n<link rel=\"canonical\" href=\"https:\/\/egerhaziimre.hu\/index.php\/dijak-elismeresek\/imola-lenkey-istvan-egerhazi-imre-grafikai-konyv-eloszavabol-reszlet-1992\/?lang=en\" \/>\n<meta property=\"og:locale\" content=\"hu_HU\" \/>\n<meta property=\"og:type\" content=\"article\" \/>\n<meta property=\"og:title\" content=\"Imola Lenkey Istv\u00e1n, (\u00c9GERH\u00c1ZI IMRE grafik\u00e1i k\u00f6nyv el\u0151szav\u00e1b\u00f3l r\u00e9szlet, 1992) - \u00c9gerh\u00e1zi Imre\" \/>\n<meta property=\"og:description\" content=\"&#8222;\u00c9gerh\u00e1zi Imre rajzaiban az emberi \u00e9let, a k\u00f6rnyezet sz\u00e9les sk\u00e1l\u00e1in \u00e1ll el\u0151tt\u00fcnk. Portr\u00e9k, aktok, a hajd\u00fas\u00e1gi ember \u00e9s t\u00e1j mellett felsorakoznak az erd\u00e9lyi t\u00e1jak \u00e9s emberek \u00f6r\u00f6meikkel, gondjaikkal, m\u00faltjukkal \u00e9s jelen\u00fckkel, felcsillantva a j\u00f6v\u0151 rem\u00e9nys\u00e9g\u00e9t is.&#8230;Rajzm\u0171v\u00e9szet\u00e9ben a val\u00f3s\u00e1g nemesebb, maradand\u00f3bb lesz, eszmeileg t\u00e1volabb tekint\u0151 gondolatokkal a h\u00e9tk\u00f6znapok egyhang\u00fas\u00e1ga f\u00f6l\u00e9 emelkedik, ez\u00e1ltal teljes\u00edti a m\u0171v\u00e9szet feladat\u00e1t, mert nem egyszer\u0171en meg\u00f6r\u00f6k\u00edt, hanem [&hellip;]\" \/>\n<meta property=\"og:url\" content=\"https:\/\/egerhaziimre.hu\/index.php\/dijak-elismeresek\/imola-lenkey-istvan-egerhazi-imre-grafikai-konyv-eloszavabol-reszlet-1992\/?lang=en\" \/>\n<meta property=\"og:site_name\" content=\"\u00c9gerh\u00e1zi Imre\" \/>\n<meta property=\"article:modified_time\" content=\"2020-09-02T09:31:24+00:00\" \/>\n<meta name=\"twitter:card\" content=\"summary_large_image\" \/>\n<meta name=\"twitter:label1\" content=\"Becs\u00fclt olvas\u00e1si id\u0151\" \/>\n\t<meta name=\"twitter:data1\" content=\"1 perc\" \/>\n<script type=\"application\/ld+json\" class=\"yoast-schema-graph\">{\"@context\":\"https:\\\/\\\/schema.org\",\"@graph\":[{\"@type\":\"WebPage\",\"@id\":\"https:\\\/\\\/egerhaziimre.hu\\\/index.php\\\/dijak-elismeresek\\\/imola-lenkey-istvan-egerhazi-imre-grafikai-konyv-eloszavabol-reszlet-1992\\\/?lang=en\",\"url\":\"https:\\\/\\\/egerhaziimre.hu\\\/index.php\\\/dijak-elismeresek\\\/imola-lenkey-istvan-egerhazi-imre-grafikai-konyv-eloszavabol-reszlet-1992\\\/?lang=en\",\"name\":\"Imola Lenkey Istv\u00e1n, (\u00c9GERH\u00c1ZI IMRE grafik\u00e1i k\u00f6nyv el\u0151szav\u00e1b\u00f3l r\u00e9szlet, 1992) - \u00c9gerh\u00e1zi Imre\",\"isPartOf\":{\"@id\":\"https:\\\/\\\/egerhaziimre.hu\\\/#website\"},\"datePublished\":\"2019-08-05T13:25:57+00:00\",\"dateModified\":\"2020-09-02T09:31:24+00:00\",\"breadcrumb\":{\"@id\":\"https:\\\/\\\/egerhaziimre.hu\\\/index.php\\\/dijak-elismeresek\\\/imola-lenkey-istvan-egerhazi-imre-grafikai-konyv-eloszavabol-reszlet-1992\\\/?lang=en#breadcrumb\"},\"inLanguage\":\"hu\",\"potentialAction\":[{\"@type\":\"ReadAction\",\"target\":[\"https:\\\/\\\/egerhaziimre.hu\\\/index.php\\\/dijak-elismeresek\\\/imola-lenkey-istvan-egerhazi-imre-grafikai-konyv-eloszavabol-reszlet-1992\\\/?lang=en\"]}]},{\"@type\":\"BreadcrumbList\",\"@id\":\"https:\\\/\\\/egerhaziimre.hu\\\/index.php\\\/dijak-elismeresek\\\/imola-lenkey-istvan-egerhazi-imre-grafikai-konyv-eloszavabol-reszlet-1992\\\/?lang=en#breadcrumb\",\"itemListElement\":[{\"@type\":\"ListItem\",\"position\":1,\"name\":\"Home\",\"item\":\"https:\\\/\\\/egerhaziimre.hu\\\/\"},{\"@type\":\"ListItem\",\"position\":2,\"name\":\"Awards, recognitions\",\"item\":\"https:\\\/\\\/egerhaziimre.hu\\\/index.php\\\/dijak-elismeresek\\\/?lang=en\"},{\"@type\":\"ListItem\",\"position\":3,\"name\":\"FROM FOREWORD OF GRAPHICS IMRE \u00c9GERH\u00c1ZI BOOK BY IMOLA LENKEY ISTV\u00c1N, 1992\"}]},{\"@type\":\"WebSite\",\"@id\":\"https:\\\/\\\/egerhaziimre.hu\\\/#website\",\"url\":\"https:\\\/\\\/egerhaziimre.hu\\\/\",\"name\":\"\u00c9gerh\u00e1zi Imre\",\"description\":\"\",\"potentialAction\":[{\"@type\":\"SearchAction\",\"target\":{\"@type\":\"EntryPoint\",\"urlTemplate\":\"https:\\\/\\\/egerhaziimre.hu\\\/?s={search_term_string}\"},\"query-input\":{\"@type\":\"PropertyValueSpecification\",\"valueRequired\":true,\"valueName\":\"search_term_string\"}}],\"inLanguage\":\"hu\"}]}<\/script>\n<!-- \/ Yoast SEO plugin. -->","yoast_head_json":{"title":"Imola Lenkey Istv\u00e1n, (\u00c9GERH\u00c1ZI IMRE grafik\u00e1i k\u00f6nyv el\u0151szav\u00e1b\u00f3l r\u00e9szlet, 1992) - \u00c9gerh\u00e1zi Imre","robots":{"index":"index","follow":"follow","max-snippet":"max-snippet:-1","max-image-preview":"max-image-preview:large","max-video-preview":"max-video-preview:-1"},"canonical":"https:\/\/egerhaziimre.hu\/index.php\/dijak-elismeresek\/imola-lenkey-istvan-egerhazi-imre-grafikai-konyv-eloszavabol-reszlet-1992\/?lang=en","og_locale":"hu_HU","og_type":"article","og_title":"Imola Lenkey Istv\u00e1n, (\u00c9GERH\u00c1ZI IMRE grafik\u00e1i k\u00f6nyv el\u0151szav\u00e1b\u00f3l r\u00e9szlet, 1992) - \u00c9gerh\u00e1zi Imre","og_description":"&#8222;\u00c9gerh\u00e1zi Imre rajzaiban az emberi \u00e9let, a k\u00f6rnyezet sz\u00e9les sk\u00e1l\u00e1in \u00e1ll el\u0151tt\u00fcnk. Portr\u00e9k, aktok, a hajd\u00fas\u00e1gi ember \u00e9s t\u00e1j mellett felsorakoznak az erd\u00e9lyi t\u00e1jak \u00e9s emberek \u00f6r\u00f6meikkel, gondjaikkal, m\u00faltjukkal \u00e9s jelen\u00fckkel, felcsillantva a j\u00f6v\u0151 rem\u00e9nys\u00e9g\u00e9t is.&#8230;Rajzm\u0171v\u00e9szet\u00e9ben a val\u00f3s\u00e1g nemesebb, maradand\u00f3bb lesz, eszmeileg t\u00e1volabb tekint\u0151 gondolatokkal a h\u00e9tk\u00f6znapok egyhang\u00fas\u00e1ga f\u00f6l\u00e9 emelkedik, ez\u00e1ltal teljes\u00edti a m\u0171v\u00e9szet feladat\u00e1t, mert nem egyszer\u0171en meg\u00f6r\u00f6k\u00edt, hanem [&hellip;]","og_url":"https:\/\/egerhaziimre.hu\/index.php\/dijak-elismeresek\/imola-lenkey-istvan-egerhazi-imre-grafikai-konyv-eloszavabol-reszlet-1992\/?lang=en","og_site_name":"\u00c9gerh\u00e1zi Imre","article_modified_time":"2020-09-02T09:31:24+00:00","twitter_card":"summary_large_image","twitter_misc":{"Becs\u00fclt olvas\u00e1si id\u0151":"1 perc"},"schema":{"@context":"https:\/\/schema.org","@graph":[{"@type":"WebPage","@id":"https:\/\/egerhaziimre.hu\/index.php\/dijak-elismeresek\/imola-lenkey-istvan-egerhazi-imre-grafikai-konyv-eloszavabol-reszlet-1992\/?lang=en","url":"https:\/\/egerhaziimre.hu\/index.php\/dijak-elismeresek\/imola-lenkey-istvan-egerhazi-imre-grafikai-konyv-eloszavabol-reszlet-1992\/?lang=en","name":"Imola Lenkey Istv\u00e1n, (\u00c9GERH\u00c1ZI IMRE grafik\u00e1i k\u00f6nyv el\u0151szav\u00e1b\u00f3l r\u00e9szlet, 1992) - \u00c9gerh\u00e1zi Imre","isPartOf":{"@id":"https:\/\/egerhaziimre.hu\/#website"},"datePublished":"2019-08-05T13:25:57+00:00","dateModified":"2020-09-02T09:31:24+00:00","breadcrumb":{"@id":"https:\/\/egerhaziimre.hu\/index.php\/dijak-elismeresek\/imola-lenkey-istvan-egerhazi-imre-grafikai-konyv-eloszavabol-reszlet-1992\/?lang=en#breadcrumb"},"inLanguage":"hu","potentialAction":[{"@type":"ReadAction","target":["https:\/\/egerhaziimre.hu\/index.php\/dijak-elismeresek\/imola-lenkey-istvan-egerhazi-imre-grafikai-konyv-eloszavabol-reszlet-1992\/?lang=en"]}]},{"@type":"BreadcrumbList","@id":"https:\/\/egerhaziimre.hu\/index.php\/dijak-elismeresek\/imola-lenkey-istvan-egerhazi-imre-grafikai-konyv-eloszavabol-reszlet-1992\/?lang=en#breadcrumb","itemListElement":[{"@type":"ListItem","position":1,"name":"Home","item":"https:\/\/egerhaziimre.hu\/"},{"@type":"ListItem","position":2,"name":"Awards, recognitions","item":"https:\/\/egerhaziimre.hu\/index.php\/dijak-elismeresek\/?lang=en"},{"@type":"ListItem","position":3,"name":"FROM FOREWORD OF GRAPHICS IMRE \u00c9GERH\u00c1ZI BOOK BY IMOLA LENKEY ISTV\u00c1N, 1992"}]},{"@type":"WebSite","@id":"https:\/\/egerhaziimre.hu\/#website","url":"https:\/\/egerhaziimre.hu\/","name":"\u00c9gerh\u00e1zi Imre","description":"","potentialAction":[{"@type":"SearchAction","target":{"@type":"EntryPoint","urlTemplate":"https:\/\/egerhaziimre.hu\/?s={search_term_string}"},"query-input":{"@type":"PropertyValueSpecification","valueRequired":true,"valueName":"search_term_string"}}],"inLanguage":"hu"}]}},"jetpack_sharing_enabled":true,"_links":{"self":[{"href":"https:\/\/egerhaziimre.hu\/index.php\/wp-json\/wp\/v2\/pages\/1049","targetHints":{"allow":["GET"]}}],"collection":[{"href":"https:\/\/egerhaziimre.hu\/index.php\/wp-json\/wp\/v2\/pages"}],"about":[{"href":"https:\/\/egerhaziimre.hu\/index.php\/wp-json\/wp\/v2\/types\/page"}],"author":[{"embeddable":true,"href":"https:\/\/egerhaziimre.hu\/index.php\/wp-json\/wp\/v2\/users\/4"}],"replies":[{"embeddable":true,"href":"https:\/\/egerhaziimre.hu\/index.php\/wp-json\/wp\/v2\/comments?post=1049"}],"version-history":[{"count":3,"href":"https:\/\/egerhaziimre.hu\/index.php\/wp-json\/wp\/v2\/pages\/1049\/revisions"}],"predecessor-version":[{"id":9079,"href":"https:\/\/egerhaziimre.hu\/index.php\/wp-json\/wp\/v2\/pages\/1049\/revisions\/9079"}],"up":[{"embeddable":true,"href":"https:\/\/egerhaziimre.hu\/index.php\/wp-json\/wp\/v2\/pages\/31"}],"wp:attachment":[{"href":"https:\/\/egerhaziimre.hu\/index.php\/wp-json\/wp\/v2\/media?parent=1049"}],"wp:term":[{"taxonomy":"category","embeddable":true,"href":"https:\/\/egerhaziimre.hu\/index.php\/wp-json\/wp\/v2\/categories?post=1049"},{"taxonomy":"post_tag","embeddable":true,"href":"https:\/\/egerhaziimre.hu\/index.php\/wp-json\/wp\/v2\/tags?post=1049"}],"curies":[{"name":"wp","href":"https:\/\/api.w.org\/{rel}","templated":true}]}}