{"id":10492,"date":"1980-10-05T15:48:06","date_gmt":"1980-10-05T14:48:06","guid":{"rendered":"https:\/\/egerhaziimre.hu\/?page_id=10492"},"modified":"2020-10-06T09:41:28","modified_gmt":"2020-10-06T07:41:28","slug":"egerhazi-imre-erdelyi-s8-filmje-1980","status":"publish","type":"page","link":"https:\/\/egerhaziimre.hu\/index.php\/archivum\/audiovizualis-archivum\/egerhazi-imre-erdelyi-s8-filmje-1980\/","title":{"rendered":"\u00c9gerh\u00e1zi Imre erd\u00e9lyi S8 filmje, 1980"},"content":{"rendered":"<div class=\"wpb-content-wrapper\">[vc_row][vc_column][vc_column_text]\n<h6>Erd\u00e9lyi utunk, 1980<\/h6>\n<p>\u201e1980-ban szok\u00e1sos ny\u00e1ri erd\u00e9lyi kir\u00e1ndul\u00e1sunkra k\u00e9sz\u00fclt\u00fcnk. A magyar-rom\u00e1n hat\u00e1r\u00e1tl\u00e9p\u00e9s viszontags\u00e1gai ut\u00e1n szok\u00e1sos izgalommal v\u00e1gtunk bele. Maros megy\u00e9ben m\u00e1r teljesen otthon \u00e9rezt\u00fck magunkat. A rom\u00e1n vil\u00e1got kicsit furcs\u00e1nak tal\u00e1ltam, de a magyar telep\u00fcl\u00e9seken \u00e9s t\u00e1jakon sz\u00edvtam magamba a sz\u00e9ps\u00e9get, az embers\u00e9get \u00e9s a szeretetet.<\/p>\n<p>Ez volt az els\u0151 \u00e9v, amikor ap\u00e1m \u00faj Super8-as kamer\u00e1j\u00e1val meg\u00f6r\u00f6k\u00edtett\u00fck az utat. A 70-es \u00e9vek k\u00f6zep\u00e9n m\u00e1r k\u00e9sz\u00fclt egy norm\u00e1l 8-as film a csal\u00e1di \u00fatr\u00f3l, de az m\u00e9g nem saj\u00e1t kamer\u00e1val.<\/p>\n<p>Legnagyobb \u00f6r\u00f6m\u00f6mre \u00e9n is forgathattam a kamer\u00e1val, amennyit csak akartam. A filmen egyre beljebb haladunk Erd\u00e9lyben. El\u0151sz\u00f6r a K\u00f6r\u00f6s menti Csucsa l\u00e1that\u00f3, Ady hajdani kast\u00e9lya, a v\u00e9g\u00e9n pedig a B\u00e9k\u00e1s-szoros. K\u00f6zben l\u00e1thatjuk Marosv\u00e1s\u00e1rhelyen any\u00e1m csal\u00e1dj\u00e1b\u00f3l a rokonokat, gyergy\u00f3i t\u00e1jakat, Korondon ap\u00e1mat M\u00f3nus \u00c1ron J\u00f3zsef n\u00e9pi keramikussal, Farkaslak\u00e1t ahol Tam\u00e1si \u00c1ron eml\u00e9kh\u00e1z\u00e1nak torn\u00e1c\u00e1n ap\u00e1m Tam\u00e1si G\u00e1sp\u00e1r b\u00e1csival, \u00c1ron \u00f6ccs\u00e9vel \u00e1lldog\u00e1l. Felt\u0171nik Cs\u00edksomly\u00f3, a gyergy\u00f3i er\u0151dtemplomok, M\u00e1d\u00e9falva, Gyergy\u00f3szentmikl\u00f3s, \u00e9s Gyimesk\u00f6z\u00e9plokon a h\u00edres Halm\u00e1gyi h\u00e1zasp\u00e1r, Halm\u00e1gyi Mih\u00e1ly pr\u00edm\u00e1s \u00e9s feles\u00e9ge, \u00c1d\u00e1m Gizella gardonos. \u00c9letem meghat\u00e1roz\u00f3 \u00e9lm\u00e9nye volt ez az \u00fat, \u00e9s a filmez\u00e9s gy\u00f6ny\u00f6r\u0171s\u00e9ge.\u201d<\/p>\n<p>\u00c9gerh\u00e1zi Attila, Budapest, 2020 okt\u00f3ber 5.[\/vc_column_text][vc_separator][vc_video link=&#8221;https:\/\/youtu.be\/x3Py22LaUqE&#8221; el_width=&#8221;80&#8243; align=&#8221;center&#8221;][\/vc_column][\/vc_row]\n<\/div>","protected":false},"excerpt":{"rendered":"<p>[vc_row][vc_column][vc_column_text] Erd\u00e9lyi utunk, 1980 \u201e1980-ban szok\u00e1sos ny\u00e1ri erd\u00e9lyi kir\u00e1ndul\u00e1sunkra k\u00e9sz\u00fclt\u00fcnk. A magyar-rom\u00e1n hat\u00e1r\u00e1tl\u00e9p\u00e9s viszontags\u00e1gai ut\u00e1n szok\u00e1sos izgalommal v\u00e1gtunk bele. Maros megy\u00e9ben m\u00e1r teljesen otthon \u00e9rezt\u00fck magunkat. A rom\u00e1n vil\u00e1got kicsit furcs\u00e1nak tal\u00e1ltam, de a magyar telep\u00fcl\u00e9seken \u00e9s t\u00e1jakon sz\u00edvtam magamba a sz\u00e9ps\u00e9get, az embers\u00e9get \u00e9s a szeretetet. Ez volt az els\u0151 \u00e9v, amikor ap\u00e1m \u00faj Super8-as kamer\u00e1j\u00e1val meg\u00f6r\u00f6k\u00edtett\u00fck az utat. [&hellip;]<\/p>\n","protected":false},"author":4,"featured_media":10530,"parent":41,"menu_order":0,"comment_status":"closed","ping_status":"closed","template":"","meta":{"footnotes":""},"categories":[53],"tags":[42],"class_list":["post-10492","page","type-page","status-publish","has-post-thumbnail","hentry","category-video","tag-42"],"yoast_head":"<!-- This site is optimized with the Yoast SEO plugin v27.3 - https:\/\/yoast.com\/product\/yoast-seo-wordpress\/ -->\n<title>\u00c9gerh\u00e1zi Imre erd\u00e9lyi S8 filmje, 1980 - \u00c9gerh\u00e1zi Imre<\/title>\n<meta name=\"robots\" content=\"index, follow, max-snippet:-1, max-image-preview:large, max-video-preview:-1\" \/>\n<link rel=\"canonical\" href=\"https:\/\/egerhaziimre.hu\/index.php\/archivum\/audiovizualis-archivum\/egerhazi-imre-erdelyi-s8-filmje-1980\/?lang=en\" \/>\n<meta property=\"og:locale\" content=\"hu_HU\" \/>\n<meta property=\"og:type\" content=\"article\" \/>\n<meta property=\"og:title\" content=\"\u00c9gerh\u00e1zi Imre erd\u00e9lyi S8 filmje, 1980 - \u00c9gerh\u00e1zi Imre\" \/>\n<meta property=\"og:description\" content=\"[vc_row][vc_column][vc_column_text] Erd\u00e9lyi utunk, 1980 \u201e1980-ban szok\u00e1sos ny\u00e1ri erd\u00e9lyi kir\u00e1ndul\u00e1sunkra k\u00e9sz\u00fclt\u00fcnk. A magyar-rom\u00e1n hat\u00e1r\u00e1tl\u00e9p\u00e9s viszontags\u00e1gai ut\u00e1n szok\u00e1sos izgalommal v\u00e1gtunk bele. Maros megy\u00e9ben m\u00e1r teljesen otthon \u00e9rezt\u00fck magunkat. A rom\u00e1n vil\u00e1got kicsit furcs\u00e1nak tal\u00e1ltam, de a magyar telep\u00fcl\u00e9seken \u00e9s t\u00e1jakon sz\u00edvtam magamba a sz\u00e9ps\u00e9get, az embers\u00e9get \u00e9s a szeretetet. Ez volt az els\u0151 \u00e9v, amikor ap\u00e1m \u00faj Super8-as kamer\u00e1j\u00e1val meg\u00f6r\u00f6k\u00edtett\u00fck az utat. [&hellip;]\" \/>\n<meta property=\"og:url\" content=\"https:\/\/egerhaziimre.hu\/index.php\/archivum\/audiovizualis-archivum\/egerhazi-imre-erdelyi-s8-filmje-1980\/?lang=en\" \/>\n<meta property=\"og:site_name\" content=\"\u00c9gerh\u00e1zi Imre\" \/>\n<meta property=\"article:modified_time\" content=\"2020-10-06T07:41:28+00:00\" \/>\n<meta property=\"og:image\" content=\"https:\/\/egerhaziimre.hu\/wp-content\/uploads\/2020\/10\/E\u0301gerha\u0301zi-Imre-erde\u0301lyi-S8-filmje-1980.png\" \/>\n\t<meta property=\"og:image:width\" content=\"2432\" \/>\n\t<meta property=\"og:image:height\" content=\"1368\" \/>\n\t<meta property=\"og:image:type\" content=\"image\/png\" \/>\n<meta name=\"twitter:card\" content=\"summary_large_image\" \/>\n<meta name=\"twitter:label1\" content=\"Becs\u00fclt olvas\u00e1si id\u0151\" \/>\n\t<meta name=\"twitter:data1\" content=\"3 perc\" \/>\n<script type=\"application\/ld+json\" class=\"yoast-schema-graph\">{\"@context\":\"https:\\\/\\\/schema.org\",\"@graph\":[{\"@type\":\"WebPage\",\"@id\":\"https:\\\/\\\/egerhaziimre.hu\\\/index.php\\\/archivum\\\/audiovizualis-archivum\\\/egerhazi-imre-erdelyi-s8-filmje-1980\\\/?lang=en\",\"url\":\"https:\\\/\\\/egerhaziimre.hu\\\/index.php\\\/archivum\\\/audiovizualis-archivum\\\/egerhazi-imre-erdelyi-s8-filmje-1980\\\/?lang=en\",\"name\":\"\u00c9gerh\u00e1zi Imre erd\u00e9lyi S8 filmje, 1980 - \u00c9gerh\u00e1zi Imre\",\"isPartOf\":{\"@id\":\"https:\\\/\\\/egerhaziimre.hu\\\/#website\"},\"primaryImageOfPage\":{\"@id\":\"https:\\\/\\\/egerhaziimre.hu\\\/index.php\\\/archivum\\\/audiovizualis-archivum\\\/egerhazi-imre-erdelyi-s8-filmje-1980\\\/?lang=en#primaryimage\"},\"image\":{\"@id\":\"https:\\\/\\\/egerhaziimre.hu\\\/index.php\\\/archivum\\\/audiovizualis-archivum\\\/egerhazi-imre-erdelyi-s8-filmje-1980\\\/?lang=en#primaryimage\"},\"thumbnailUrl\":\"https:\\\/\\\/egerhaziimre.hu\\\/wp-content\\\/uploads\\\/2020\\\/10\\\/E\u0301gerha\u0301zi-Imre-erde\u0301lyi-S8-filmje-1980.png\",\"datePublished\":\"1980-10-05T14:48:06+00:00\",\"dateModified\":\"2020-10-06T07:41:28+00:00\",\"breadcrumb\":{\"@id\":\"https:\\\/\\\/egerhaziimre.hu\\\/index.php\\\/archivum\\\/audiovizualis-archivum\\\/egerhazi-imre-erdelyi-s8-filmje-1980\\\/?lang=en#breadcrumb\"},\"inLanguage\":\"hu\",\"potentialAction\":[{\"@type\":\"ReadAction\",\"target\":[\"https:\\\/\\\/egerhaziimre.hu\\\/index.php\\\/archivum\\\/audiovizualis-archivum\\\/egerhazi-imre-erdelyi-s8-filmje-1980\\\/?lang=en\"]}]},{\"@type\":\"ImageObject\",\"inLanguage\":\"hu\",\"@id\":\"https:\\\/\\\/egerhaziimre.hu\\\/index.php\\\/archivum\\\/audiovizualis-archivum\\\/egerhazi-imre-erdelyi-s8-filmje-1980\\\/?lang=en#primaryimage\",\"url\":\"https:\\\/\\\/egerhaziimre.hu\\\/wp-content\\\/uploads\\\/2020\\\/10\\\/E\u0301gerha\u0301zi-Imre-erde\u0301lyi-S8-filmje-1980.png\",\"contentUrl\":\"https:\\\/\\\/egerhaziimre.hu\\\/wp-content\\\/uploads\\\/2020\\\/10\\\/E\u0301gerha\u0301zi-Imre-erde\u0301lyi-S8-filmje-1980.png\",\"width\":2432,\"height\":1368},{\"@type\":\"BreadcrumbList\",\"@id\":\"https:\\\/\\\/egerhaziimre.hu\\\/index.php\\\/archivum\\\/audiovizualis-archivum\\\/egerhazi-imre-erdelyi-s8-filmje-1980\\\/?lang=en#breadcrumb\",\"itemListElement\":[{\"@type\":\"ListItem\",\"position\":1,\"name\":\"Home\",\"item\":\"https:\\\/\\\/egerhaziimre.hu\\\/\"},{\"@type\":\"ListItem\",\"position\":2,\"name\":\"Archives\",\"item\":\"https:\\\/\\\/egerhaziimre.hu\\\/index.php\\\/archivum\\\/?lang=en\"},{\"@type\":\"ListItem\",\"position\":3,\"name\":\"Audiovisual archives\",\"item\":\"https:\\\/\\\/egerhaziimre.hu\\\/index.php\\\/archivum\\\/audiovizualis-archivum\\\/?lang=en\"},{\"@type\":\"ListItem\",\"position\":4,\"name\":\"Transylvanian S8 film by Imre \u00c9gerh\u00e1zi, 1980\"}]},{\"@type\":\"WebSite\",\"@id\":\"https:\\\/\\\/egerhaziimre.hu\\\/#website\",\"url\":\"https:\\\/\\\/egerhaziimre.hu\\\/\",\"name\":\"\u00c9gerh\u00e1zi Imre\",\"description\":\"\",\"potentialAction\":[{\"@type\":\"SearchAction\",\"target\":{\"@type\":\"EntryPoint\",\"urlTemplate\":\"https:\\\/\\\/egerhaziimre.hu\\\/?s={search_term_string}\"},\"query-input\":{\"@type\":\"PropertyValueSpecification\",\"valueRequired\":true,\"valueName\":\"search_term_string\"}}],\"inLanguage\":\"hu\"}]}<\/script>\n<!-- \/ Yoast SEO plugin. -->","yoast_head_json":{"title":"\u00c9gerh\u00e1zi Imre erd\u00e9lyi S8 filmje, 1980 - \u00c9gerh\u00e1zi Imre","robots":{"index":"index","follow":"follow","max-snippet":"max-snippet:-1","max-image-preview":"max-image-preview:large","max-video-preview":"max-video-preview:-1"},"canonical":"https:\/\/egerhaziimre.hu\/index.php\/archivum\/audiovizualis-archivum\/egerhazi-imre-erdelyi-s8-filmje-1980\/?lang=en","og_locale":"hu_HU","og_type":"article","og_title":"\u00c9gerh\u00e1zi Imre erd\u00e9lyi S8 filmje, 1980 - \u00c9gerh\u00e1zi Imre","og_description":"[vc_row][vc_column][vc_column_text] Erd\u00e9lyi utunk, 1980 \u201e1980-ban szok\u00e1sos ny\u00e1ri erd\u00e9lyi kir\u00e1ndul\u00e1sunkra k\u00e9sz\u00fclt\u00fcnk. A magyar-rom\u00e1n hat\u00e1r\u00e1tl\u00e9p\u00e9s viszontags\u00e1gai ut\u00e1n szok\u00e1sos izgalommal v\u00e1gtunk bele. Maros megy\u00e9ben m\u00e1r teljesen otthon \u00e9rezt\u00fck magunkat. A rom\u00e1n vil\u00e1got kicsit furcs\u00e1nak tal\u00e1ltam, de a magyar telep\u00fcl\u00e9seken \u00e9s t\u00e1jakon sz\u00edvtam magamba a sz\u00e9ps\u00e9get, az embers\u00e9get \u00e9s a szeretetet. Ez volt az els\u0151 \u00e9v, amikor ap\u00e1m \u00faj Super8-as kamer\u00e1j\u00e1val meg\u00f6r\u00f6k\u00edtett\u00fck az utat. [&hellip;]","og_url":"https:\/\/egerhaziimre.hu\/index.php\/archivum\/audiovizualis-archivum\/egerhazi-imre-erdelyi-s8-filmje-1980\/?lang=en","og_site_name":"\u00c9gerh\u00e1zi Imre","article_modified_time":"2020-10-06T07:41:28+00:00","og_image":[{"width":2432,"height":1368,"url":"https:\/\/egerhaziimre.hu\/wp-content\/uploads\/2020\/10\/E\u0301gerha\u0301zi-Imre-erde\u0301lyi-S8-filmje-1980.png","type":"image\/png"}],"twitter_card":"summary_large_image","twitter_misc":{"Becs\u00fclt olvas\u00e1si id\u0151":"3 perc"},"schema":{"@context":"https:\/\/schema.org","@graph":[{"@type":"WebPage","@id":"https:\/\/egerhaziimre.hu\/index.php\/archivum\/audiovizualis-archivum\/egerhazi-imre-erdelyi-s8-filmje-1980\/?lang=en","url":"https:\/\/egerhaziimre.hu\/index.php\/archivum\/audiovizualis-archivum\/egerhazi-imre-erdelyi-s8-filmje-1980\/?lang=en","name":"\u00c9gerh\u00e1zi Imre erd\u00e9lyi S8 filmje, 1980 - \u00c9gerh\u00e1zi Imre","isPartOf":{"@id":"https:\/\/egerhaziimre.hu\/#website"},"primaryImageOfPage":{"@id":"https:\/\/egerhaziimre.hu\/index.php\/archivum\/audiovizualis-archivum\/egerhazi-imre-erdelyi-s8-filmje-1980\/?lang=en#primaryimage"},"image":{"@id":"https:\/\/egerhaziimre.hu\/index.php\/archivum\/audiovizualis-archivum\/egerhazi-imre-erdelyi-s8-filmje-1980\/?lang=en#primaryimage"},"thumbnailUrl":"https:\/\/egerhaziimre.hu\/wp-content\/uploads\/2020\/10\/E\u0301gerha\u0301zi-Imre-erde\u0301lyi-S8-filmje-1980.png","datePublished":"1980-10-05T14:48:06+00:00","dateModified":"2020-10-06T07:41:28+00:00","breadcrumb":{"@id":"https:\/\/egerhaziimre.hu\/index.php\/archivum\/audiovizualis-archivum\/egerhazi-imre-erdelyi-s8-filmje-1980\/?lang=en#breadcrumb"},"inLanguage":"hu","potentialAction":[{"@type":"ReadAction","target":["https:\/\/egerhaziimre.hu\/index.php\/archivum\/audiovizualis-archivum\/egerhazi-imre-erdelyi-s8-filmje-1980\/?lang=en"]}]},{"@type":"ImageObject","inLanguage":"hu","@id":"https:\/\/egerhaziimre.hu\/index.php\/archivum\/audiovizualis-archivum\/egerhazi-imre-erdelyi-s8-filmje-1980\/?lang=en#primaryimage","url":"https:\/\/egerhaziimre.hu\/wp-content\/uploads\/2020\/10\/E\u0301gerha\u0301zi-Imre-erde\u0301lyi-S8-filmje-1980.png","contentUrl":"https:\/\/egerhaziimre.hu\/wp-content\/uploads\/2020\/10\/E\u0301gerha\u0301zi-Imre-erde\u0301lyi-S8-filmje-1980.png","width":2432,"height":1368},{"@type":"BreadcrumbList","@id":"https:\/\/egerhaziimre.hu\/index.php\/archivum\/audiovizualis-archivum\/egerhazi-imre-erdelyi-s8-filmje-1980\/?lang=en#breadcrumb","itemListElement":[{"@type":"ListItem","position":1,"name":"Home","item":"https:\/\/egerhaziimre.hu\/"},{"@type":"ListItem","position":2,"name":"Archives","item":"https:\/\/egerhaziimre.hu\/index.php\/archivum\/?lang=en"},{"@type":"ListItem","position":3,"name":"Audiovisual archives","item":"https:\/\/egerhaziimre.hu\/index.php\/archivum\/audiovizualis-archivum\/?lang=en"},{"@type":"ListItem","position":4,"name":"Transylvanian S8 film by Imre \u00c9gerh\u00e1zi, 1980"}]},{"@type":"WebSite","@id":"https:\/\/egerhaziimre.hu\/#website","url":"https:\/\/egerhaziimre.hu\/","name":"\u00c9gerh\u00e1zi Imre","description":"","potentialAction":[{"@type":"SearchAction","target":{"@type":"EntryPoint","urlTemplate":"https:\/\/egerhaziimre.hu\/?s={search_term_string}"},"query-input":{"@type":"PropertyValueSpecification","valueRequired":true,"valueName":"search_term_string"}}],"inLanguage":"hu"}]}},"jetpack_sharing_enabled":true,"_links":{"self":[{"href":"https:\/\/egerhaziimre.hu\/index.php\/wp-json\/wp\/v2\/pages\/10492","targetHints":{"allow":["GET"]}}],"collection":[{"href":"https:\/\/egerhaziimre.hu\/index.php\/wp-json\/wp\/v2\/pages"}],"about":[{"href":"https:\/\/egerhaziimre.hu\/index.php\/wp-json\/wp\/v2\/types\/page"}],"author":[{"embeddable":true,"href":"https:\/\/egerhaziimre.hu\/index.php\/wp-json\/wp\/v2\/users\/4"}],"replies":[{"embeddable":true,"href":"https:\/\/egerhaziimre.hu\/index.php\/wp-json\/wp\/v2\/comments?post=10492"}],"version-history":[{"count":3,"href":"https:\/\/egerhaziimre.hu\/index.php\/wp-json\/wp\/v2\/pages\/10492\/revisions"}],"predecessor-version":[{"id":10541,"href":"https:\/\/egerhaziimre.hu\/index.php\/wp-json\/wp\/v2\/pages\/10492\/revisions\/10541"}],"up":[{"embeddable":true,"href":"https:\/\/egerhaziimre.hu\/index.php\/wp-json\/wp\/v2\/pages\/41"}],"wp:featuredmedia":[{"embeddable":true,"href":"https:\/\/egerhaziimre.hu\/index.php\/wp-json\/wp\/v2\/media\/10530"}],"wp:attachment":[{"href":"https:\/\/egerhaziimre.hu\/index.php\/wp-json\/wp\/v2\/media?parent=10492"}],"wp:term":[{"taxonomy":"category","embeddable":true,"href":"https:\/\/egerhaziimre.hu\/index.php\/wp-json\/wp\/v2\/categories?post=10492"},{"taxonomy":"post_tag","embeddable":true,"href":"https:\/\/egerhaziimre.hu\/index.php\/wp-json\/wp\/v2\/tags?post=10492"}],"curies":[{"name":"wp","href":"https:\/\/api.w.org\/{rel}","templated":true}]}}