{"id":10542,"date":"1963-12-04T10:59:45","date_gmt":"1963-12-04T09:59:45","guid":{"rendered":"https:\/\/egerhaziimre.hu\/?page_id=10542"},"modified":"2020-10-12T16:25:30","modified_gmt":"2020-10-12T14:25:30","slug":"szemann-bela-riport-kossuth-radio-ifjusagi-magazin-1963","status":"publish","type":"page","link":"https:\/\/egerhaziimre.hu\/index.php\/eletrajz\/irasok-egerhazi-imrerol\/szemann-bela-riport-kossuth-radio-ifjusagi-magazin-1963\/","title":{"rendered":"Sz\u00e9mann B\u00e9la k\u00e9sz\u00edtette a riportot a Kossuth R\u00e1di\u00f3 Ifj\u00fas\u00e1gi Magazin r\u00e9sz\u00e9re, 1963. december 4"},"content":{"rendered":"<div class=\"wpb-content-wrapper\">[vc_row][vc_column][vc_column_text]Kossuth R\u00e1di\u00f3 1963. december 14-\u00e9n, szombaton a 14.10-kor kezd\u0151d\u0151 Ifj\u00fas\u00e1gi Magazin rovatban k\u00f6z\u00f6lte 14.33 perckor.<\/p>\n<p><b>N\u0151i hang:<\/b><br \/>\n<i>&#8222;K\u00e9t fest\u0151t mutatunk be. Kezd\u0151k, de tehets\u00e9gesek, m\u0171v\u00e9szet\u00fckre \u00e9rdemes felfigyelni.&#8221;<\/i><\/p>\n<p><b>Sz\u00e9mann B\u00e9la riporter:<\/b><br \/>\n<i>&#8222;Debrecen v\u00e1ros k\u00e9t legifjabb fest\u0151j\u00e9nek portr\u00e9j\u00e1t szeretn\u00e9nk most mi megrajzolni, de ez\u00fattal a szavak ecsetj\u00e9vel. Els\u0151sorban, mint alkot\u00f3 fiatalok, mert kett\u0151j\u00fck k\u00f6z\u00f6tt jelent\u0151s kork\u00fcl\u00f6nbs\u00e9g van &#8211; \u00e9ppen 15 esztend\u0151. \u00c9gerh\u00e1zi az id\u0151sebb m\u0171v\u00e9sz&#8230;&#8221;<\/i><\/p>\n<p><b>\u00c9gerh\u00e1zi Imre:<\/b><br \/>\n<i>&#8222;Gyermekkoromt\u00f3l kezdve \u00e1lland\u00f3 jelleggel volt egy bels\u0151 fesz\u00fclts\u00e9g bennem, amely csak akkor nyugodott meg, amikor festettem vagy rajzoltam. Jelenleg az SZTK-ban dolgozom, mint tisztvisel\u0151, ott nyugd\u00edj meg\u00e1llap\u00edt\u00e1sokkal foglalkozom, amely el\u00e9gg\u00e9 ig\u00e9nybe veszi munkaenergi\u00e1mat napi 8 \u00f3r\u00e1n kereszt\u00fcl, \u00fagyhogy csak ezut\u00e1n van id\u0151m arra, hogy szabadid\u0151mben a m\u0171v\u00e9szettel foglalkozzak, \u00e9s mint ahogy a ki\u00e1ll\u00edt\u00e1s kritik\u00e1j\u00e1ban Menyh\u00e1rt J\u00f3zsef fest\u0151m\u0171v\u00e9sz \u00edrta, konok akarattal igyekezzek lek\u00fczdeni ez akad\u00e1lyokat.&#8221;<\/i><\/p>\n<p><b>Sz\u00e9mann B\u00e9la riporter:<\/b><br \/>\n<i>&#8222;Bizony\u00e1ra tudja, hogy Gogent a h\u00edres francia fest\u0151t is k\u00e9s\u0151n \u00e9rintette meg az \u00f6rd\u00f6g sarkanty\u00faja.&#8221;<\/i><\/p>\n<p><b>\u00c9gerh\u00e1zi Imre:<\/b><br \/>\n<i>&#8222;Val\u00f3ban \u00edgy j\u00e1rtam, hogy az \u00f6rd\u00f6g sarkanty\u00faja engem is el\u00e9g k\u00e9s\u0151n \u00e9rintett meg, r\u00f6vid id\u0151 alatt jutottam el od\u00e1ig, ahol most tartok, de ezt nem tartom v\u00e9glegesnek, tov\u00e1bb szeretn\u00e9k jutni, \u00fajabb \u00e9s szebb k\u00e9peket szeretn\u00e9k festeni a k\u00f6r\u00fcl\u00f6tt\u00fcnk l\u00e9v\u0151 \u00e9letb\u0151l, vil\u00e1gb\u00f3l.&#8221;<\/i><\/p>\n<p><b>Sz\u00e9mann B\u00e9la riporter:<\/b><br \/>\n<i>&#8222;Vel\u00e9nyi Rudit\u00f3l pedig azt k\u00e9rdezz\u00fck meg, hogy milyen szemmel n\u00e9zi egy fest\u0151 a vil\u00e1got \u00e9s hogyan pr\u00f3b\u00e1lja ezt saj\u00e1t k\u00e9pein visszaadni.&#8221;<\/i><\/p>\n<p><b>Vel\u00e9nyi Rudolf:<\/b><br \/>\n<i>&#8222;Aki fest, valahogy m\u00e1sk\u00e9nt l\u00e1tja a vil\u00e1got, st\u00edlus\u00e1ban fog fel mindent \u00e9s \u00edgy pr\u00f3b\u00e1lja \u00e1br\u00e1zolni.&#8221;<\/i><\/p>\n<p><b>Sz\u00e9mann B\u00e9la riporter:<\/b><br \/>\n<i>&#8222;L\u00e1ttam, hogy a k\u00e9pein sehol sincs szinte \u00e9gbolt.&#8221;<\/i><\/p>\n<p><b>Vel\u00e9nyi Rudolf:<\/b><br \/>\n<i>&#8222;Minden k\u00e9pemet \u00e1ltal\u00e1ban bez\u00e1rok, n\u00e9gysz\u00f6gekbe foglalok. N\u00e9gysz\u00f6g alatt \u00e9rtem azt a z\u00e1rt kompon\u00e1l\u00e1si m\u00f3dot, amikor is az eget teljesen elhagyom, ez\u00e1ltal konstruktivit\u00e1st szint\u00e9n jobban ki akarom emelni.&#8221;<\/i><\/p>\n<p><b>Sz\u00e9mann B\u00e9la:<\/b><br \/>\n<i>&#8222;Honnan mer\u00edti k\u00e9peinek t\u00e9m\u00e1j\u00e1t, mit \u00e1br\u00e1zol els\u0151sorban &#8211; mi az, ami foglalkoztatja?&#8221;<\/i><\/p>\n<p><b>Vel\u00e9nyi Rudolf:<\/b><br \/>\n<i>&#8222;H\u00e1t tematik\u00e1ban pr\u00f3b\u00e1lok el\u00e9g v\u00e1ltozatosan dolgozni, ember\u00e1br\u00e1zol\u00e1st\u00f3l kezdve a t\u00e1j\u00e1br\u00e1zol\u00e1sig \u00e9s igen meglep\u0151 form\u00e1kat pr\u00f3b\u00e1lok mintegy fot\u00f3szer\u0171en &#8211; els\u0151sorban ifj\u00fas\u00e1ggal foglalkozok, mivel tan\u00edtok is.&#8221;<\/i><\/p>\n<p><b>Sz\u00e9mann B\u00e9la:<\/b><br \/>\n<i>&#8222;Nevezhet\u0151-e ez problematikus fest\u00e9szetnek?&#8221;<\/i><\/p>\n<p><b>Vel\u00e9nyi Rudolf:<\/b><br \/>\n<i>&#8222;Lehet problematikusnak is, de kimondottan nem, mert a mai fest\u00e9szet pillanatszer\u0171, mintegy fot\u00f3szer\u0171 elk\u00e9pzel\u00e9seket akar megeleven\u00edteni, ahol a n\u00e9z\u0151nek a fant\u00e1zi\u00e1j\u00e1ra b\u00edzza. El\u0151t\u00e9rben helyezett figur\u00e1knak a mondanival\u00f3j\u00e1t szint\u00e9n f\u00e9lig-meddig el\u0151t\u00e9rbe helyezett, szinte majdnem ugyanolyan nagys\u00e1g\u00fa h\u00e1tt\u00e9rrel a ritmik\u00e1ja szinte kiemeli \u00e9s ezt akarja fokozni is.&#8221;<\/i><\/p>\n<p><b>Sz\u00e9mann B\u00e9la:<\/b><br \/>\n<i>&#8222;Mi volt a ki\u00e1ll\u00edt\u00e1snak az eredm\u00e9nye?&#8221;<\/i><\/p>\n<p><b>Vel\u00e9nyi Rudolf:<\/b><br \/>\n<i>&#8222;\u00d6rvendetes volt, annyit mondhatok. \u00dagy m\u0171v\u00e9szeti k\u00f6r\u00f6kben, mint a k\u00f6z\u00f6ns\u00e9g r\u00e9sz\u00e9r\u0151l igen sok meg\u00e9rt\u00e9sre tal\u00e1ltunk. Szeretn\u00e9nk m\u00e1skor is ki\u00e1ll\u00edt\u00e1sokat rendezni. Rem\u00e9lj\u00fck alkalmunk is lesz.&#8221;<\/i>[\/vc_column_text][\/vc_column][\/vc_row]\n<\/div>","protected":false},"excerpt":{"rendered":"<p>[vc_row][vc_column][vc_column_text]Kossuth R\u00e1di\u00f3 1963. december 14-\u00e9n, szombaton a 14.10-kor kezd\u0151d\u0151 Ifj\u00fas\u00e1gi Magazin rovatban k\u00f6z\u00f6lte 14.33 perckor. N\u0151i hang: &#8222;K\u00e9t fest\u0151t mutatunk be. Kezd\u0151k, de tehets\u00e9gesek, m\u0171v\u00e9szet\u00fckre \u00e9rdemes felfigyelni.&#8221; Sz\u00e9mann B\u00e9la riporter: &#8222;Debrecen v\u00e1ros k\u00e9t legifjabb fest\u0151j\u00e9nek portr\u00e9j\u00e1t szeretn\u00e9nk most mi megrajzolni, de ez\u00fattal a szavak ecsetj\u00e9vel. Els\u0151sorban, mint alkot\u00f3 fiatalok, mert kett\u0151j\u00fck k\u00f6z\u00f6tt jelent\u0151s kork\u00fcl\u00f6nbs\u00e9g van &#8211; \u00e9ppen 15 esztend\u0151. \u00c9gerh\u00e1zi [&hellip;]<\/p>\n","protected":false},"author":4,"featured_media":0,"parent":10535,"menu_order":0,"comment_status":"closed","ping_status":"closed","template":"","meta":{"footnotes":""},"categories":[219],"tags":[85],"class_list":["post-10542","page","type-page","status-publish","hentry","category-irasok_egerhazi_imrerol","tag-85"],"yoast_head":"<!-- This site is optimized with the Yoast SEO plugin v27.0 - https:\/\/yoast.com\/product\/yoast-seo-wordpress\/ -->\n<title>Sz\u00e9mann B\u00e9la k\u00e9sz\u00edtette a riportot a Kossuth R\u00e1di\u00f3 Ifj\u00fas\u00e1gi Magazin r\u00e9sz\u00e9re, 1963. december 4 - \u00c9gerh\u00e1zi Imre<\/title>\n<meta name=\"robots\" content=\"index, follow, max-snippet:-1, max-image-preview:large, max-video-preview:-1\" \/>\n<link rel=\"canonical\" href=\"https:\/\/egerhaziimre.hu\/index.php\/eletrajz\/irasok-egerhazi-imrerol\/szemann-bela-riport-kossuth-radio-ifjusagi-magazin-1963\/?lang=en\" \/>\n<meta property=\"og:locale\" content=\"hu_HU\" \/>\n<meta property=\"og:type\" content=\"article\" \/>\n<meta property=\"og:title\" content=\"Sz\u00e9mann B\u00e9la k\u00e9sz\u00edtette a riportot a Kossuth R\u00e1di\u00f3 Ifj\u00fas\u00e1gi Magazin r\u00e9sz\u00e9re, 1963. december 4 - \u00c9gerh\u00e1zi Imre\" \/>\n<meta property=\"og:description\" content=\"[vc_row][vc_column][vc_column_text]Kossuth R\u00e1di\u00f3 1963. december 14-\u00e9n, szombaton a 14.10-kor kezd\u0151d\u0151 Ifj\u00fas\u00e1gi Magazin rovatban k\u00f6z\u00f6lte 14.33 perckor. N\u0151i hang: &#8222;K\u00e9t fest\u0151t mutatunk be. Kezd\u0151k, de tehets\u00e9gesek, m\u0171v\u00e9szet\u00fckre \u00e9rdemes felfigyelni.&#8221; Sz\u00e9mann B\u00e9la riporter: &#8222;Debrecen v\u00e1ros k\u00e9t legifjabb fest\u0151j\u00e9nek portr\u00e9j\u00e1t szeretn\u00e9nk most mi megrajzolni, de ez\u00fattal a szavak ecsetj\u00e9vel. Els\u0151sorban, mint alkot\u00f3 fiatalok, mert kett\u0151j\u00fck k\u00f6z\u00f6tt jelent\u0151s kork\u00fcl\u00f6nbs\u00e9g van &#8211; \u00e9ppen 15 esztend\u0151. \u00c9gerh\u00e1zi [&hellip;]\" \/>\n<meta property=\"og:url\" content=\"https:\/\/egerhaziimre.hu\/index.php\/eletrajz\/irasok-egerhazi-imrerol\/szemann-bela-riport-kossuth-radio-ifjusagi-magazin-1963\/?lang=en\" \/>\n<meta property=\"og:site_name\" content=\"\u00c9gerh\u00e1zi Imre\" \/>\n<meta property=\"article:modified_time\" content=\"2020-10-12T14:25:30+00:00\" \/>\n<meta name=\"twitter:card\" content=\"summary_large_image\" \/>\n<meta name=\"twitter:label1\" content=\"Becs\u00fclt olvas\u00e1si id\u0151\" \/>\n\t<meta name=\"twitter:data1\" content=\"6 perc\" \/>\n<script type=\"application\/ld+json\" class=\"yoast-schema-graph\">{\"@context\":\"https:\/\/schema.org\",\"@graph\":[{\"@type\":\"WebPage\",\"@id\":\"https:\/\/egerhaziimre.hu\/index.php\/eletrajz\/irasok-egerhazi-imrerol\/szemann-bela-riport-kossuth-radio-ifjusagi-magazin-1963\/?lang=en\",\"url\":\"https:\/\/egerhaziimre.hu\/index.php\/eletrajz\/irasok-egerhazi-imrerol\/szemann-bela-riport-kossuth-radio-ifjusagi-magazin-1963\/?lang=en\",\"name\":\"Sz\u00e9mann B\u00e9la k\u00e9sz\u00edtette a riportot a Kossuth R\u00e1di\u00f3 Ifj\u00fas\u00e1gi Magazin r\u00e9sz\u00e9re, 1963. december 4 - \u00c9gerh\u00e1zi Imre\",\"isPartOf\":{\"@id\":\"https:\/\/egerhaziimre.hu\/#website\"},\"datePublished\":\"1963-12-04T09:59:45+00:00\",\"dateModified\":\"2020-10-12T14:25:30+00:00\",\"breadcrumb\":{\"@id\":\"https:\/\/egerhaziimre.hu\/index.php\/eletrajz\/irasok-egerhazi-imrerol\/szemann-bela-riport-kossuth-radio-ifjusagi-magazin-1963\/?lang=en#breadcrumb\"},\"inLanguage\":\"hu\",\"potentialAction\":[{\"@type\":\"ReadAction\",\"target\":[\"https:\/\/egerhaziimre.hu\/index.php\/eletrajz\/irasok-egerhazi-imrerol\/szemann-bela-riport-kossuth-radio-ifjusagi-magazin-1963\/?lang=en\"]}]},{\"@type\":\"BreadcrumbList\",\"@id\":\"https:\/\/egerhaziimre.hu\/index.php\/eletrajz\/irasok-egerhazi-imrerol\/szemann-bela-riport-kossuth-radio-ifjusagi-magazin-1963\/?lang=en#breadcrumb\",\"itemListElement\":[{\"@type\":\"ListItem\",\"position\":1,\"name\":\"Home\",\"item\":\"https:\/\/egerhaziimre.hu\/\"},{\"@type\":\"ListItem\",\"position\":2,\"name\":\"\u00c9letrajz\",\"item\":\"https:\/\/egerhaziimre.hu\/index.php\/eletrajz\/\"},{\"@type\":\"ListItem\",\"position\":3,\"name\":\"Writings about Imre \u00c9gerh\u00e1zi\",\"item\":\"https:\/\/egerhaziimre.hu\/index.php\/eletrajz\/irasok-egerhazi-imrerol\/?lang=en\"},{\"@type\":\"ListItem\",\"position\":4,\"name\":\"Interview by B\u00e9la Sz\u00e9mann for Kossuth Radio Youth Magazine, December 4, 1963\"}]},{\"@type\":\"WebSite\",\"@id\":\"https:\/\/egerhaziimre.hu\/#website\",\"url\":\"https:\/\/egerhaziimre.hu\/\",\"name\":\"\u00c9gerh\u00e1zi Imre\",\"description\":\"\",\"potentialAction\":[{\"@type\":\"SearchAction\",\"target\":{\"@type\":\"EntryPoint\",\"urlTemplate\":\"https:\/\/egerhaziimre.hu\/?s={search_term_string}\"},\"query-input\":{\"@type\":\"PropertyValueSpecification\",\"valueRequired\":true,\"valueName\":\"search_term_string\"}}],\"inLanguage\":\"hu\"}]}<\/script>\n<!-- \/ Yoast SEO plugin. -->","yoast_head_json":{"title":"Sz\u00e9mann B\u00e9la k\u00e9sz\u00edtette a riportot a Kossuth R\u00e1di\u00f3 Ifj\u00fas\u00e1gi Magazin r\u00e9sz\u00e9re, 1963. december 4 - \u00c9gerh\u00e1zi Imre","robots":{"index":"index","follow":"follow","max-snippet":"max-snippet:-1","max-image-preview":"max-image-preview:large","max-video-preview":"max-video-preview:-1"},"canonical":"https:\/\/egerhaziimre.hu\/index.php\/eletrajz\/irasok-egerhazi-imrerol\/szemann-bela-riport-kossuth-radio-ifjusagi-magazin-1963\/?lang=en","og_locale":"hu_HU","og_type":"article","og_title":"Sz\u00e9mann B\u00e9la k\u00e9sz\u00edtette a riportot a Kossuth R\u00e1di\u00f3 Ifj\u00fas\u00e1gi Magazin r\u00e9sz\u00e9re, 1963. december 4 - \u00c9gerh\u00e1zi Imre","og_description":"[vc_row][vc_column][vc_column_text]Kossuth R\u00e1di\u00f3 1963. december 14-\u00e9n, szombaton a 14.10-kor kezd\u0151d\u0151 Ifj\u00fas\u00e1gi Magazin rovatban k\u00f6z\u00f6lte 14.33 perckor. N\u0151i hang: &#8222;K\u00e9t fest\u0151t mutatunk be. Kezd\u0151k, de tehets\u00e9gesek, m\u0171v\u00e9szet\u00fckre \u00e9rdemes felfigyelni.&#8221; Sz\u00e9mann B\u00e9la riporter: &#8222;Debrecen v\u00e1ros k\u00e9t legifjabb fest\u0151j\u00e9nek portr\u00e9j\u00e1t szeretn\u00e9nk most mi megrajzolni, de ez\u00fattal a szavak ecsetj\u00e9vel. Els\u0151sorban, mint alkot\u00f3 fiatalok, mert kett\u0151j\u00fck k\u00f6z\u00f6tt jelent\u0151s kork\u00fcl\u00f6nbs\u00e9g van &#8211; \u00e9ppen 15 esztend\u0151. \u00c9gerh\u00e1zi [&hellip;]","og_url":"https:\/\/egerhaziimre.hu\/index.php\/eletrajz\/irasok-egerhazi-imrerol\/szemann-bela-riport-kossuth-radio-ifjusagi-magazin-1963\/?lang=en","og_site_name":"\u00c9gerh\u00e1zi Imre","article_modified_time":"2020-10-12T14:25:30+00:00","twitter_card":"summary_large_image","twitter_misc":{"Becs\u00fclt olvas\u00e1si id\u0151":"6 perc"},"schema":{"@context":"https:\/\/schema.org","@graph":[{"@type":"WebPage","@id":"https:\/\/egerhaziimre.hu\/index.php\/eletrajz\/irasok-egerhazi-imrerol\/szemann-bela-riport-kossuth-radio-ifjusagi-magazin-1963\/?lang=en","url":"https:\/\/egerhaziimre.hu\/index.php\/eletrajz\/irasok-egerhazi-imrerol\/szemann-bela-riport-kossuth-radio-ifjusagi-magazin-1963\/?lang=en","name":"Sz\u00e9mann B\u00e9la k\u00e9sz\u00edtette a riportot a Kossuth R\u00e1di\u00f3 Ifj\u00fas\u00e1gi Magazin r\u00e9sz\u00e9re, 1963. december 4 - \u00c9gerh\u00e1zi Imre","isPartOf":{"@id":"https:\/\/egerhaziimre.hu\/#website"},"datePublished":"1963-12-04T09:59:45+00:00","dateModified":"2020-10-12T14:25:30+00:00","breadcrumb":{"@id":"https:\/\/egerhaziimre.hu\/index.php\/eletrajz\/irasok-egerhazi-imrerol\/szemann-bela-riport-kossuth-radio-ifjusagi-magazin-1963\/?lang=en#breadcrumb"},"inLanguage":"hu","potentialAction":[{"@type":"ReadAction","target":["https:\/\/egerhaziimre.hu\/index.php\/eletrajz\/irasok-egerhazi-imrerol\/szemann-bela-riport-kossuth-radio-ifjusagi-magazin-1963\/?lang=en"]}]},{"@type":"BreadcrumbList","@id":"https:\/\/egerhaziimre.hu\/index.php\/eletrajz\/irasok-egerhazi-imrerol\/szemann-bela-riport-kossuth-radio-ifjusagi-magazin-1963\/?lang=en#breadcrumb","itemListElement":[{"@type":"ListItem","position":1,"name":"Home","item":"https:\/\/egerhaziimre.hu\/"},{"@type":"ListItem","position":2,"name":"\u00c9letrajz","item":"https:\/\/egerhaziimre.hu\/index.php\/eletrajz\/"},{"@type":"ListItem","position":3,"name":"Writings about Imre \u00c9gerh\u00e1zi","item":"https:\/\/egerhaziimre.hu\/index.php\/eletrajz\/irasok-egerhazi-imrerol\/?lang=en"},{"@type":"ListItem","position":4,"name":"Interview by B\u00e9la Sz\u00e9mann for Kossuth Radio Youth Magazine, December 4, 1963"}]},{"@type":"WebSite","@id":"https:\/\/egerhaziimre.hu\/#website","url":"https:\/\/egerhaziimre.hu\/","name":"\u00c9gerh\u00e1zi Imre","description":"","potentialAction":[{"@type":"SearchAction","target":{"@type":"EntryPoint","urlTemplate":"https:\/\/egerhaziimre.hu\/?s={search_term_string}"},"query-input":{"@type":"PropertyValueSpecification","valueRequired":true,"valueName":"search_term_string"}}],"inLanguage":"hu"}]}},"jetpack_sharing_enabled":true,"_links":{"self":[{"href":"https:\/\/egerhaziimre.hu\/index.php\/wp-json\/wp\/v2\/pages\/10542","targetHints":{"allow":["GET"]}}],"collection":[{"href":"https:\/\/egerhaziimre.hu\/index.php\/wp-json\/wp\/v2\/pages"}],"about":[{"href":"https:\/\/egerhaziimre.hu\/index.php\/wp-json\/wp\/v2\/types\/page"}],"author":[{"embeddable":true,"href":"https:\/\/egerhaziimre.hu\/index.php\/wp-json\/wp\/v2\/users\/4"}],"replies":[{"embeddable":true,"href":"https:\/\/egerhaziimre.hu\/index.php\/wp-json\/wp\/v2\/comments?post=10542"}],"version-history":[{"count":9,"href":"https:\/\/egerhaziimre.hu\/index.php\/wp-json\/wp\/v2\/pages\/10542\/revisions"}],"predecessor-version":[{"id":10766,"href":"https:\/\/egerhaziimre.hu\/index.php\/wp-json\/wp\/v2\/pages\/10542\/revisions\/10766"}],"up":[{"embeddable":true,"href":"https:\/\/egerhaziimre.hu\/index.php\/wp-json\/wp\/v2\/pages\/10535"}],"wp:attachment":[{"href":"https:\/\/egerhaziimre.hu\/index.php\/wp-json\/wp\/v2\/media?parent=10542"}],"wp:term":[{"taxonomy":"category","embeddable":true,"href":"https:\/\/egerhaziimre.hu\/index.php\/wp-json\/wp\/v2\/categories?post=10542"},{"taxonomy":"post_tag","embeddable":true,"href":"https:\/\/egerhaziimre.hu\/index.php\/wp-json\/wp\/v2\/tags?post=10542"}],"curies":[{"name":"wp","href":"https:\/\/api.w.org\/{rel}","templated":true}]}}