{"id":1056,"date":"2019-08-05T15:28:53","date_gmt":"2019-08-05T13:28:53","guid":{"rendered":"http:\/\/egerhaziimre.magex.hu\/?page_id=1056"},"modified":"2020-09-02T13:19:50","modified_gmt":"2020-09-02T11:19:50","slug":"dr-pintye-ferenc-egerhazi-imre-grafikai-kiallitasanak-megnyitojabol-1995-brassay-galeria-debrecen","status":"publish","type":"page","link":"https:\/\/egerhaziimre.hu\/index.php\/dijak-elismeresek\/dr-pintye-ferenc-egerhazi-imre-grafikai-kiallitasanak-megnyitojabol-1995-brassay-galeria-debrecen\/","title":{"rendered":"Dr. Pintye Ferenc, \u00c9gerh\u00e1zi Imre grafikai ki\u00e1ll\u00edt\u00e1s\u00e1nak megnyit\u00f3j\u00e1b\u00f3l (1995. Brassay Gal\u00e9ria Debrecen)"},"content":{"rendered":"<div class=\"wpb-content-wrapper\">\r\n<blockquote class=\"wp-block-quote is-layout-flow wp-block-quote-is-layout-flow\"><p>&#8222;&#8230;M\u0171v\u00e9szet\u00e9re a sokf\u00e9les\u00e9g jellemz\u0151. A sokf\u00e9les\u00e9g a technik\u00e1ban \u00e9s mondanival\u00f3ban jelenik meg, -hiszen egyar\u00e1nt otthon van \u0151 a grafika vil\u00e1g\u00e1ban &#8211; tus \u00e9s filctoll rajzai \u00e9pp\u00fagy karakteresek, mint monot\u00edpiai vagy r\u00e9zkarc, lin\u00f3leum nyomatai. Akvarelljeinek szinte l\u00e9gies finoms\u00e1ga, olajfestm\u00e9nyeinek mark\u00e1ns &#8222;\u00e9gerh\u00e1zis&#8221; vonalvezet\u00e9se, sz\u00ednhat\u00e1sa ragadja mag\u00e1val a szeml\u00e9l\u0151t. &#8230;&#8221;<\/p><cite>Dr. Pintye Ferenc<br>\u00c9gerh\u00e1zi Imre grafikai ki\u00e1ll\u00edt\u00e1s\u00e1nak megnyit\u00f3j\u00e1b\u00f3l<br>(1995. Brassay Gal\u00e9ria Debrecen)<\/cite><\/blockquote>\r\n<\/div>","protected":false},"excerpt":{"rendered":"<p>&#8222;&#8230;M\u0171v\u00e9szet\u00e9re a sokf\u00e9les\u00e9g jellemz\u0151. A sokf\u00e9les\u00e9g a technik\u00e1ban \u00e9s mondanival\u00f3ban jelenik meg, -hiszen egyar\u00e1nt otthon van \u0151 a grafika vil\u00e1g\u00e1ban &#8211; tus \u00e9s filctoll rajzai \u00e9pp\u00fagy karakteresek, mint monot\u00edpiai vagy r\u00e9zkarc, lin\u00f3leum nyomatai. Akvarelljeinek szinte l\u00e9gies finoms\u00e1ga, olajfestm\u00e9nyeinek mark\u00e1ns &#8222;\u00e9gerh\u00e1zis&#8221; vonalvezet\u00e9se, sz\u00ednhat\u00e1sa ragadja mag\u00e1val a szeml\u00e9l\u0151t. &#8230;&#8221; Dr. Pintye Ferenc\u00c9gerh\u00e1zi Imre grafikai ki\u00e1ll\u00edt\u00e1s\u00e1nak megnyit\u00f3j\u00e1b\u00f3l(1995. Brassay Gal\u00e9ria Debrecen)<\/p>\n","protected":false},"author":4,"featured_media":0,"parent":31,"menu_order":0,"comment_status":"closed","ping_status":"closed","template":"","meta":{"footnotes":""},"categories":[84],"tags":[76],"class_list":["post-1056","page","type-page","status-publish","hentry","category-kritikak_meltatasok","tag-76"],"yoast_head":"<!-- This site is optimized with the Yoast SEO plugin v27.3 - https:\/\/yoast.com\/product\/yoast-seo-wordpress\/ -->\n<title>Dr. Pintye Ferenc, \u00c9gerh\u00e1zi Imre grafikai ki\u00e1ll\u00edt\u00e1s\u00e1nak megnyit\u00f3j\u00e1b\u00f3l (1995. Brassay Gal\u00e9ria Debrecen) - \u00c9gerh\u00e1zi Imre<\/title>\n<meta name=\"robots\" content=\"index, follow, max-snippet:-1, max-image-preview:large, max-video-preview:-1\" \/>\n<link rel=\"canonical\" href=\"https:\/\/egerhaziimre.hu\/index.php\/dijak-elismeresek\/dr-pintye-ferenc-egerhazi-imre-grafikai-kiallitasanak-megnyitojabol-1995-brassay-galeria-debrecen\/?lang=en\" \/>\n<meta property=\"og:locale\" content=\"hu_HU\" \/>\n<meta property=\"og:type\" content=\"article\" \/>\n<meta property=\"og:title\" content=\"Dr. Pintye Ferenc, \u00c9gerh\u00e1zi Imre grafikai ki\u00e1ll\u00edt\u00e1s\u00e1nak megnyit\u00f3j\u00e1b\u00f3l (1995. Brassay Gal\u00e9ria Debrecen) - \u00c9gerh\u00e1zi Imre\" \/>\n<meta property=\"og:description\" content=\"&#8222;&#8230;M\u0171v\u00e9szet\u00e9re a sokf\u00e9les\u00e9g jellemz\u0151. A sokf\u00e9les\u00e9g a technik\u00e1ban \u00e9s mondanival\u00f3ban jelenik meg, -hiszen egyar\u00e1nt otthon van \u0151 a grafika vil\u00e1g\u00e1ban &#8211; tus \u00e9s filctoll rajzai \u00e9pp\u00fagy karakteresek, mint monot\u00edpiai vagy r\u00e9zkarc, lin\u00f3leum nyomatai. Akvarelljeinek szinte l\u00e9gies finoms\u00e1ga, olajfestm\u00e9nyeinek mark\u00e1ns &#8222;\u00e9gerh\u00e1zis&#8221; vonalvezet\u00e9se, sz\u00ednhat\u00e1sa ragadja mag\u00e1val a szeml\u00e9l\u0151t. &#8230;&#8221; Dr. Pintye Ferenc\u00c9gerh\u00e1zi Imre grafikai ki\u00e1ll\u00edt\u00e1s\u00e1nak megnyit\u00f3j\u00e1b\u00f3l(1995. Brassay Gal\u00e9ria Debrecen)\" \/>\n<meta property=\"og:url\" content=\"https:\/\/egerhaziimre.hu\/index.php\/dijak-elismeresek\/dr-pintye-ferenc-egerhazi-imre-grafikai-kiallitasanak-megnyitojabol-1995-brassay-galeria-debrecen\/?lang=en\" \/>\n<meta property=\"og:site_name\" content=\"\u00c9gerh\u00e1zi Imre\" \/>\n<meta property=\"article:modified_time\" content=\"2020-09-02T11:19:50+00:00\" \/>\n<meta name=\"twitter:card\" content=\"summary_large_image\" \/>\n<meta name=\"twitter:label1\" content=\"Becs\u00fclt olvas\u00e1si id\u0151\" \/>\n\t<meta name=\"twitter:data1\" content=\"1 perc\" \/>\n<script type=\"application\/ld+json\" class=\"yoast-schema-graph\">{\"@context\":\"https:\\\/\\\/schema.org\",\"@graph\":[{\"@type\":\"WebPage\",\"@id\":\"https:\\\/\\\/egerhaziimre.hu\\\/index.php\\\/dijak-elismeresek\\\/dr-pintye-ferenc-egerhazi-imre-grafikai-kiallitasanak-megnyitojabol-1995-brassay-galeria-debrecen\\\/?lang=en\",\"url\":\"https:\\\/\\\/egerhaziimre.hu\\\/index.php\\\/dijak-elismeresek\\\/dr-pintye-ferenc-egerhazi-imre-grafikai-kiallitasanak-megnyitojabol-1995-brassay-galeria-debrecen\\\/?lang=en\",\"name\":\"Dr. Pintye Ferenc, \u00c9gerh\u00e1zi Imre grafikai ki\u00e1ll\u00edt\u00e1s\u00e1nak megnyit\u00f3j\u00e1b\u00f3l (1995. Brassay Gal\u00e9ria Debrecen) - \u00c9gerh\u00e1zi Imre\",\"isPartOf\":{\"@id\":\"https:\\\/\\\/egerhaziimre.hu\\\/#website\"},\"datePublished\":\"2019-08-05T13:28:53+00:00\",\"dateModified\":\"2020-09-02T11:19:50+00:00\",\"breadcrumb\":{\"@id\":\"https:\\\/\\\/egerhaziimre.hu\\\/index.php\\\/dijak-elismeresek\\\/dr-pintye-ferenc-egerhazi-imre-grafikai-kiallitasanak-megnyitojabol-1995-brassay-galeria-debrecen\\\/?lang=en#breadcrumb\"},\"inLanguage\":\"hu\",\"potentialAction\":[{\"@type\":\"ReadAction\",\"target\":[\"https:\\\/\\\/egerhaziimre.hu\\\/index.php\\\/dijak-elismeresek\\\/dr-pintye-ferenc-egerhazi-imre-grafikai-kiallitasanak-megnyitojabol-1995-brassay-galeria-debrecen\\\/?lang=en\"]}]},{\"@type\":\"BreadcrumbList\",\"@id\":\"https:\\\/\\\/egerhaziimre.hu\\\/index.php\\\/dijak-elismeresek\\\/dr-pintye-ferenc-egerhazi-imre-grafikai-kiallitasanak-megnyitojabol-1995-brassay-galeria-debrecen\\\/?lang=en#breadcrumb\",\"itemListElement\":[{\"@type\":\"ListItem\",\"position\":1,\"name\":\"Home\",\"item\":\"https:\\\/\\\/egerhaziimre.hu\\\/\"},{\"@type\":\"ListItem\",\"position\":2,\"name\":\"Awards, recognitions\",\"item\":\"https:\\\/\\\/egerhaziimre.hu\\\/index.php\\\/dijak-elismeresek\\\/?lang=en\"},{\"@type\":\"ListItem\",\"position\":3,\"name\":\"FROM THE OPRENING SPEECH OF IMRE \u00c9GERH\u00c1ZI\u2019S GRAPHIC EXHIBITON OPENING CEREMONY BY FERENC DR. PINTYE AT GAL\u00c9RIA BRASSAY, DEBRECEN IN 1995\"}]},{\"@type\":\"WebSite\",\"@id\":\"https:\\\/\\\/egerhaziimre.hu\\\/#website\",\"url\":\"https:\\\/\\\/egerhaziimre.hu\\\/\",\"name\":\"\u00c9gerh\u00e1zi Imre\",\"description\":\"\",\"potentialAction\":[{\"@type\":\"SearchAction\",\"target\":{\"@type\":\"EntryPoint\",\"urlTemplate\":\"https:\\\/\\\/egerhaziimre.hu\\\/?s={search_term_string}\"},\"query-input\":{\"@type\":\"PropertyValueSpecification\",\"valueRequired\":true,\"valueName\":\"search_term_string\"}}],\"inLanguage\":\"hu\"}]}<\/script>\n<!-- \/ Yoast SEO plugin. -->","yoast_head_json":{"title":"Dr. Pintye Ferenc, \u00c9gerh\u00e1zi Imre grafikai ki\u00e1ll\u00edt\u00e1s\u00e1nak megnyit\u00f3j\u00e1b\u00f3l (1995. Brassay Gal\u00e9ria Debrecen) - \u00c9gerh\u00e1zi Imre","robots":{"index":"index","follow":"follow","max-snippet":"max-snippet:-1","max-image-preview":"max-image-preview:large","max-video-preview":"max-video-preview:-1"},"canonical":"https:\/\/egerhaziimre.hu\/index.php\/dijak-elismeresek\/dr-pintye-ferenc-egerhazi-imre-grafikai-kiallitasanak-megnyitojabol-1995-brassay-galeria-debrecen\/?lang=en","og_locale":"hu_HU","og_type":"article","og_title":"Dr. Pintye Ferenc, \u00c9gerh\u00e1zi Imre grafikai ki\u00e1ll\u00edt\u00e1s\u00e1nak megnyit\u00f3j\u00e1b\u00f3l (1995. Brassay Gal\u00e9ria Debrecen) - \u00c9gerh\u00e1zi Imre","og_description":"&#8222;&#8230;M\u0171v\u00e9szet\u00e9re a sokf\u00e9les\u00e9g jellemz\u0151. A sokf\u00e9les\u00e9g a technik\u00e1ban \u00e9s mondanival\u00f3ban jelenik meg, -hiszen egyar\u00e1nt otthon van \u0151 a grafika vil\u00e1g\u00e1ban &#8211; tus \u00e9s filctoll rajzai \u00e9pp\u00fagy karakteresek, mint monot\u00edpiai vagy r\u00e9zkarc, lin\u00f3leum nyomatai. Akvarelljeinek szinte l\u00e9gies finoms\u00e1ga, olajfestm\u00e9nyeinek mark\u00e1ns &#8222;\u00e9gerh\u00e1zis&#8221; vonalvezet\u00e9se, sz\u00ednhat\u00e1sa ragadja mag\u00e1val a szeml\u00e9l\u0151t. &#8230;&#8221; Dr. Pintye Ferenc\u00c9gerh\u00e1zi Imre grafikai ki\u00e1ll\u00edt\u00e1s\u00e1nak megnyit\u00f3j\u00e1b\u00f3l(1995. Brassay Gal\u00e9ria Debrecen)","og_url":"https:\/\/egerhaziimre.hu\/index.php\/dijak-elismeresek\/dr-pintye-ferenc-egerhazi-imre-grafikai-kiallitasanak-megnyitojabol-1995-brassay-galeria-debrecen\/?lang=en","og_site_name":"\u00c9gerh\u00e1zi Imre","article_modified_time":"2020-09-02T11:19:50+00:00","twitter_card":"summary_large_image","twitter_misc":{"Becs\u00fclt olvas\u00e1si id\u0151":"1 perc"},"schema":{"@context":"https:\/\/schema.org","@graph":[{"@type":"WebPage","@id":"https:\/\/egerhaziimre.hu\/index.php\/dijak-elismeresek\/dr-pintye-ferenc-egerhazi-imre-grafikai-kiallitasanak-megnyitojabol-1995-brassay-galeria-debrecen\/?lang=en","url":"https:\/\/egerhaziimre.hu\/index.php\/dijak-elismeresek\/dr-pintye-ferenc-egerhazi-imre-grafikai-kiallitasanak-megnyitojabol-1995-brassay-galeria-debrecen\/?lang=en","name":"Dr. Pintye Ferenc, \u00c9gerh\u00e1zi Imre grafikai ki\u00e1ll\u00edt\u00e1s\u00e1nak megnyit\u00f3j\u00e1b\u00f3l (1995. Brassay Gal\u00e9ria Debrecen) - \u00c9gerh\u00e1zi Imre","isPartOf":{"@id":"https:\/\/egerhaziimre.hu\/#website"},"datePublished":"2019-08-05T13:28:53+00:00","dateModified":"2020-09-02T11:19:50+00:00","breadcrumb":{"@id":"https:\/\/egerhaziimre.hu\/index.php\/dijak-elismeresek\/dr-pintye-ferenc-egerhazi-imre-grafikai-kiallitasanak-megnyitojabol-1995-brassay-galeria-debrecen\/?lang=en#breadcrumb"},"inLanguage":"hu","potentialAction":[{"@type":"ReadAction","target":["https:\/\/egerhaziimre.hu\/index.php\/dijak-elismeresek\/dr-pintye-ferenc-egerhazi-imre-grafikai-kiallitasanak-megnyitojabol-1995-brassay-galeria-debrecen\/?lang=en"]}]},{"@type":"BreadcrumbList","@id":"https:\/\/egerhaziimre.hu\/index.php\/dijak-elismeresek\/dr-pintye-ferenc-egerhazi-imre-grafikai-kiallitasanak-megnyitojabol-1995-brassay-galeria-debrecen\/?lang=en#breadcrumb","itemListElement":[{"@type":"ListItem","position":1,"name":"Home","item":"https:\/\/egerhaziimre.hu\/"},{"@type":"ListItem","position":2,"name":"Awards, recognitions","item":"https:\/\/egerhaziimre.hu\/index.php\/dijak-elismeresek\/?lang=en"},{"@type":"ListItem","position":3,"name":"FROM THE OPRENING SPEECH OF IMRE \u00c9GERH\u00c1ZI\u2019S GRAPHIC EXHIBITON OPENING CEREMONY BY FERENC DR. PINTYE AT GAL\u00c9RIA BRASSAY, DEBRECEN IN 1995"}]},{"@type":"WebSite","@id":"https:\/\/egerhaziimre.hu\/#website","url":"https:\/\/egerhaziimre.hu\/","name":"\u00c9gerh\u00e1zi Imre","description":"","potentialAction":[{"@type":"SearchAction","target":{"@type":"EntryPoint","urlTemplate":"https:\/\/egerhaziimre.hu\/?s={search_term_string}"},"query-input":{"@type":"PropertyValueSpecification","valueRequired":true,"valueName":"search_term_string"}}],"inLanguage":"hu"}]}},"jetpack_sharing_enabled":true,"_links":{"self":[{"href":"https:\/\/egerhaziimre.hu\/index.php\/wp-json\/wp\/v2\/pages\/1056","targetHints":{"allow":["GET"]}}],"collection":[{"href":"https:\/\/egerhaziimre.hu\/index.php\/wp-json\/wp\/v2\/pages"}],"about":[{"href":"https:\/\/egerhaziimre.hu\/index.php\/wp-json\/wp\/v2\/types\/page"}],"author":[{"embeddable":true,"href":"https:\/\/egerhaziimre.hu\/index.php\/wp-json\/wp\/v2\/users\/4"}],"replies":[{"embeddable":true,"href":"https:\/\/egerhaziimre.hu\/index.php\/wp-json\/wp\/v2\/comments?post=1056"}],"version-history":[{"count":2,"href":"https:\/\/egerhaziimre.hu\/index.php\/wp-json\/wp\/v2\/pages\/1056\/revisions"}],"predecessor-version":[{"id":9085,"href":"https:\/\/egerhaziimre.hu\/index.php\/wp-json\/wp\/v2\/pages\/1056\/revisions\/9085"}],"up":[{"embeddable":true,"href":"https:\/\/egerhaziimre.hu\/index.php\/wp-json\/wp\/v2\/pages\/31"}],"wp:attachment":[{"href":"https:\/\/egerhaziimre.hu\/index.php\/wp-json\/wp\/v2\/media?parent=1056"}],"wp:term":[{"taxonomy":"category","embeddable":true,"href":"https:\/\/egerhaziimre.hu\/index.php\/wp-json\/wp\/v2\/categories?post=1056"},{"taxonomy":"post_tag","embeddable":true,"href":"https:\/\/egerhaziimre.hu\/index.php\/wp-json\/wp\/v2\/tags?post=1056"}],"curies":[{"name":"wp","href":"https:\/\/api.w.org\/{rel}","templated":true}]}}