{"id":10560,"date":"1956-10-30T15:34:58","date_gmt":"1956-10-30T14:34:58","guid":{"rendered":"https:\/\/egerhaziimre.hu\/?page_id=10560"},"modified":"2020-10-15T14:01:33","modified_gmt":"2020-10-15T12:01:33","slug":"egerhazi-imre-1956-oktober-30an-elmondott-beszede","status":"publish","type":"page","link":"https:\/\/egerhaziimre.hu\/index.php\/eletrajz\/irasok-egerhazi-imrerol\/egerhazi-imre-1956-oktober-30an-elmondott-beszede\/","title":{"rendered":"\u00c9gerh\u00e1zi Imre 1956. okt\u00f3ber 30-\u00e1n elmondott besz\u00e9de"},"content":{"rendered":"<div class=\"wpb-content-wrapper\">[vc_row][vc_column][vc_row_inner][vc_column_inner width=&#8221;2\/3&#8243;][vc_column_text]<strong>Munkat\u00e1rsak, Magyar Testv\u00e9rek!<\/strong><\/p>\n<p>E helyen, ezek k\u00f6z\u00f6tt a falak k\u00f6z\u00f6tt sokat voltunk mi egy\u00fctt. Sok-sok \u00e9rtelmetlen ilyen, vagy olyan gy\u0171l\u00e9st \u00fclt\u00fcnk v\u00e9gig, mert \u00fagy igaz legt\u00f6bbsz\u00f6r annak v\u00e9g\u00e9t v\u00e1rva sz\u00edv \u00e9s \u00e9rdek n\u00e9lk\u00fcl csak v\u00e9gig \u00fclt\u00fck. A let\u0171nt Szt\u00e1lini-R\u00e1kosi id\u0151k lelket nyomaszt\u00f3 f\u00e9lelm\u00e9ben, a hozz\u00e1sz\u00f3l\u00e1sra val\u00f3\/\u00f6szt\u00f6nz\u00e9s\/\u00f6szt\u00f6k\u00e9l\u00e9s mellett a benn\u00fcnk l\u00e9v\u0151 v\u00e9lem\u00e9nyt nem mert\u00fck kiteregetni, mert tudtuk, azok elmond\u00e1sa k\u00f6vetkezm\u00e9ny n\u00e9lk\u00fcl nem marad. Sokan, nagyon sokan nem sz\u00f3laltak meg. Nem az\u00e9rt, mert nem volt v\u00e9lem\u00e9ny\u00fck, nem az\u00e9rt mert nem tudt\u00e1k volna szavakba \u00f6nteni gondolataikat, hanem az\u00e9rt, mert hozz\u00e1sz\u00f3lni csak egyf\u00e9lek\u00e9ppen lehetett, m\u00e9gpediglen csak \u00fagy, hogy a R\u00e1kosi-Ger\u0151 f\u00e9le hatalmi politik\u00e1t al\u00e1t\u00e1massza, vagy \u00e9ppen e politik\u00e1nak benn\u00fcnket, a dolgoz\u00f3kat kisemmiz\u0151 &#8222;v\u00edvm\u00e1nyait&#8221; dics\u00e9rje. Sokat hallottuk ezt a sz\u00f3t &#8222;passz\u00edvak&#8221; voltunk. Passz\u00edvak, mert legt\u00f6bb\u00fcnket az vezetett &#8222;ne sz\u00f3lj sz\u00e1m, nem f\u00e1j fejem&#8221;. Gyakran k\u00e9rt\u00e9k az alulr\u00f3l j\u00f6v\u0151 \u00e9p\u00edt\u0151 kritik\u00e1t. Ha \u0151szint\u00e9bb kritika szemrebben\u00e9s mellett m\u00e9gis elhangzott n\u00e9ha, mindj\u00e1rt cs\u00edr\u00e1j\u00e1ba f\u00falt, mert megfojtott\u00e1k azzal, ez m\u00e1r nem kritika, ez m\u00e1r kritiz\u00e1l\u00e1s, aki pedig kritiz\u00e1l, az ellens\u00e9g.<\/p>\n<p>A R\u00e1kosi-Ger\u0151 f\u00e9le t\u00falteng\u00e9sr\u0151l \u00edgy a v\u00e9lem\u00e9nyek egym\u00e1s k\u00f6z\u00f6tt, mint ahogyan azt sokat hallottuk &#8211; a folyos\u00f3n &#8211; lettek kicser\u00e9lve.<\/p>\n<p>Kart\u00e1rsak! Azt mondhatn\u00e1tok, minek id\u00e9zem a s\u00f6t\u00e9t m\u00faltat! Eleg\u00fcnk volt vele. Id\u00e9zem az\u00e9rt, mert ebben az id\u0151ben is voltak b\u00e1tor megnyilatkoz\u00e1sok, ha ritk\u00e1n is, de voltak. A sorsukat tudj\u00e1tok legt\u00f6bbnyire. Az\u00e9rt is id\u00e9zem, mert nem szabad megengedni nek\u00fcnk &#8211; mindny\u00e1jan egy\u00fctt -, hogy ebben az \u00e9p\u00fcletben, ebben a falak k\u00f6z\u00f6tt, de m\u00e1sutt is sz\u00e9gyent\u0151l szemles\u00fctve \u00fctemesen fel\u00e1llva tapsoljunk, vagy mint iskol\u00e1s gyermekek f\u00e9l\u0151n hallgattunk el, ha &#8222;tan\u00edt\u00f3n\u00e9ni&#8221; a szob\u00e1ba l\u00e9p.[\/vc_column_text][\/vc_column_inner][vc_column_inner width=&#8221;1\/3&#8243;][vc_single_image image=&#8221;4072&#8243; img_size=&#8221;large&#8221; alignment=&#8221;center&#8221; style=&#8221;xtd-shadow&#8211;normal-light&#8221; onclick=&#8221;link_image&#8221;][\/vc_column_inner][\/vc_row_inner][vc_column_text]Rajtunk, dolgoz\u00f3kon m\u00falik, hogy a m\u00falt terhes \u00e1rnyai lelk\u00fcnkre, becs\u00fclet\u00fcnkre, embers\u00e9g\u00fcnkre ne telepedjenek. Mi, akik itt egy\u00fctt vagyunk sokat k\u00e1derezett \u00e9s j\u00f3v\u00e1hagyott egyszer\u0171 munk\u00e1s, vagy paraszt sz\u00e1rmaz\u00e9kok vagyunk. Nincs benn\u00fcnk sz\u00e1nd\u00e9k sem restaur\u00e1ci\u00f3ra, sem ellenforradalomra, csak egyre ebben a f\u00fcggetlens\u00e9gre v\u00e1gy\u00f3 haz\u00e1ban, ezen bel\u00fcl e falak k\u00f6z\u00f6tt is jobban, szabadabban \u00e9s f\u00e9lelem n\u00e9lk\u00fcl \u00e9lni. Ehhez pedig jogunk van! El\u00e9g volt m\u00e1r mindennapi kenyer\u00fcnket f\u00e9ltve lapulni magunkba z\u00e1rt v\u00e9lem\u00e9ny\u00fcnkkel az \u00edr\u00f3asztalok m\u00f6g\u00f6tt.\u00a0Kushad\u00e1sra k\u00e9nyszer\u00edtett benn\u00fcnket a m\u00falt, de okt\u00f3ber 23-a nek\u00fcnk is a kiegyenesed\u00e9s hajnala, \u00e9s \u00e9n k\u00e9rlek benneteket, soha, soha ne feledj\u00e9tek, hogy dr\u00e1ga magyar testv\u00e9reink piros v\u00e9re, szabads\u00e1gunk\u00e9rt odavetett fiatal \u00e9let\u00fcnk benn\u00fcnket erre k\u00f6telez.<\/p>\n<p>Nem cit\u00e1lom, hisz eml\u00e9kezhettek, mennyi hazug jelsz\u00f3t f\u00fajt k\u00f6z\u00e9nk a m\u00falt, amelyek mind, minden nyom n\u00e9lk\u00fcl az id\u0151 felejt\u0151 temet\u0151j\u00e9be mentek.<\/p>\n<p>Okt\u00f3ber 23-a, \u00faj m\u00e1rcius 15-\u00e9nk szabads\u00e1gra, f\u00fcggetlens\u00e9gre t\u00f6r\u0151 n\u00e9p\u00fcnk nagy t\u00f6rt\u00e9nelmi t\u00e9nye m\u00e9g nem a t\u00f6rt\u00e9nelemk\u00f6nyvek\u00e9, hanem \u00e9l\u0151 val\u00f3s\u00e1gunk \u00e9s kedves munkat\u00e1rsak, mi is azzal a sok-sok milli\u00f3 magyarral ne engedj\u00fck, hogy ak\u00e1r e falakon t\u00fal &#8211; ak\u00e1r itt, semmiv\u00e9 v\u00e1ljon, mert ha mi itt mind-mind egyet akarunk, nem t\u00e9rhet t\u00f6bb\u00e9 vissza k\u00f6z\u00e9nk a f\u00e9lelem, a gerinctelens\u00e9g \u00e9s a suttog\u00e1s. Az okt\u00f3ber 23-i eszm\u00e9k maradjanak mindig vel\u00fcnk, ennek tudat\u00e1ban \u00e9lj\u00fcnk, \u00e9s ha kell, cselekedj\u00fcnk.<\/p>\n<p>\u00c9gerh\u00e1zi Imre[\/vc_column_text][vc_separator][vc_row_inner][vc_column_inner width=&#8221;1\/3&#8243;][vc_single_image image=&#8221;10561&#8243; img_size=&#8221;large&#8221; style=&#8221;xtd-shadow&#8211;normal-light&#8221; onclick=&#8221;link_image&#8221;][\/vc_column_inner][vc_column_inner width=&#8221;1\/3&#8243;][vc_single_image image=&#8221;10562&#8243; img_size=&#8221;large&#8221; style=&#8221;xtd-shadow&#8211;normal-light&#8221; onclick=&#8221;link_image&#8221;][\/vc_column_inner][vc_column_inner width=&#8221;1\/3&#8243;][vc_single_image image=&#8221;10563&#8243; img_size=&#8221;large&#8221; style=&#8221;xtd-shadow&#8211;normal-light&#8221; onclick=&#8221;link_image&#8221;][\/vc_column_inner][\/vc_row_inner][\/vc_column][\/vc_row]\n<\/div>","protected":false},"excerpt":{"rendered":"<p>[vc_row][vc_column][vc_row_inner][vc_column_inner width=&#8221;2\/3&#8243;][vc_column_text]Munkat\u00e1rsak, Magyar Testv\u00e9rek! E helyen, ezek k\u00f6z\u00f6tt a falak k\u00f6z\u00f6tt sokat voltunk mi egy\u00fctt. Sok-sok \u00e9rtelmetlen ilyen, vagy olyan gy\u0171l\u00e9st \u00fclt\u00fcnk v\u00e9gig, mert \u00fagy igaz legt\u00f6bbsz\u00f6r annak v\u00e9g\u00e9t v\u00e1rva sz\u00edv \u00e9s \u00e9rdek n\u00e9lk\u00fcl csak v\u00e9gig \u00fclt\u00fck. A let\u0171nt Szt\u00e1lini-R\u00e1kosi id\u0151k lelket nyomaszt\u00f3 f\u00e9lelm\u00e9ben, a hozz\u00e1sz\u00f3l\u00e1sra val\u00f3\/\u00f6szt\u00f6nz\u00e9s\/\u00f6szt\u00f6k\u00e9l\u00e9s mellett a benn\u00fcnk l\u00e9v\u0151 v\u00e9lem\u00e9nyt nem mert\u00fck kiteregetni, mert tudtuk, azok elmond\u00e1sa k\u00f6vetkezm\u00e9ny [&hellip;]<\/p>\n","protected":false},"author":4,"featured_media":0,"parent":10535,"menu_order":0,"comment_status":"closed","ping_status":"closed","template":"","meta":{"footnotes":""},"categories":[126],"tags":[86],"class_list":["post-10560","page","type-page","status-publish","hentry","category-irasok_egerhazi_imretol","tag-86"],"yoast_head":"<!-- This site is optimized with the Yoast SEO plugin v27.3 - https:\/\/yoast.com\/product\/yoast-seo-wordpress\/ -->\n<title>\u00c9gerh\u00e1zi Imre 1956. okt\u00f3ber 30-\u00e1n elmondott besz\u00e9de - \u00c9gerh\u00e1zi Imre<\/title>\n<meta name=\"robots\" content=\"index, follow, max-snippet:-1, max-image-preview:large, max-video-preview:-1\" \/>\n<link rel=\"canonical\" href=\"https:\/\/egerhaziimre.hu\/index.php\/eletrajz\/irasok-egerhazi-imrerol\/egerhazi-imre-1956-oktober-30an-elmondott-beszede\/?lang=en\" \/>\n<meta property=\"og:locale\" content=\"hu_HU\" \/>\n<meta property=\"og:type\" content=\"article\" \/>\n<meta property=\"og:title\" content=\"\u00c9gerh\u00e1zi Imre 1956. okt\u00f3ber 30-\u00e1n elmondott besz\u00e9de - \u00c9gerh\u00e1zi Imre\" \/>\n<meta property=\"og:description\" content=\"[vc_row][vc_column][vc_row_inner][vc_column_inner width=&#8221;2\/3&#8243;][vc_column_text]Munkat\u00e1rsak, Magyar Testv\u00e9rek! E helyen, ezek k\u00f6z\u00f6tt a falak k\u00f6z\u00f6tt sokat voltunk mi egy\u00fctt. Sok-sok \u00e9rtelmetlen ilyen, vagy olyan gy\u0171l\u00e9st \u00fclt\u00fcnk v\u00e9gig, mert \u00fagy igaz legt\u00f6bbsz\u00f6r annak v\u00e9g\u00e9t v\u00e1rva sz\u00edv \u00e9s \u00e9rdek n\u00e9lk\u00fcl csak v\u00e9gig \u00fclt\u00fck. A let\u0171nt Szt\u00e1lini-R\u00e1kosi id\u0151k lelket nyomaszt\u00f3 f\u00e9lelm\u00e9ben, a hozz\u00e1sz\u00f3l\u00e1sra val\u00f3\/\u00f6szt\u00f6nz\u00e9s\/\u00f6szt\u00f6k\u00e9l\u00e9s mellett a benn\u00fcnk l\u00e9v\u0151 v\u00e9lem\u00e9nyt nem mert\u00fck kiteregetni, mert tudtuk, azok elmond\u00e1sa k\u00f6vetkezm\u00e9ny [&hellip;]\" \/>\n<meta property=\"og:url\" content=\"https:\/\/egerhaziimre.hu\/index.php\/eletrajz\/irasok-egerhazi-imrerol\/egerhazi-imre-1956-oktober-30an-elmondott-beszede\/?lang=en\" \/>\n<meta property=\"og:site_name\" content=\"\u00c9gerh\u00e1zi Imre\" \/>\n<meta property=\"article:modified_time\" content=\"2020-10-15T12:01:33+00:00\" \/>\n<meta name=\"twitter:card\" content=\"summary_large_image\" \/>\n<meta name=\"twitter:label1\" content=\"Becs\u00fclt olvas\u00e1si id\u0151\" \/>\n\t<meta name=\"twitter:data1\" content=\"8 perc\" \/>\n<script type=\"application\/ld+json\" class=\"yoast-schema-graph\">{\"@context\":\"https:\\\/\\\/schema.org\",\"@graph\":[{\"@type\":\"WebPage\",\"@id\":\"https:\\\/\\\/egerhaziimre.hu\\\/index.php\\\/eletrajz\\\/irasok-egerhazi-imrerol\\\/egerhazi-imre-1956-oktober-30an-elmondott-beszede\\\/?lang=en\",\"url\":\"https:\\\/\\\/egerhaziimre.hu\\\/index.php\\\/eletrajz\\\/irasok-egerhazi-imrerol\\\/egerhazi-imre-1956-oktober-30an-elmondott-beszede\\\/?lang=en\",\"name\":\"\u00c9gerh\u00e1zi Imre 1956. okt\u00f3ber 30-\u00e1n elmondott besz\u00e9de - \u00c9gerh\u00e1zi Imre\",\"isPartOf\":{\"@id\":\"https:\\\/\\\/egerhaziimre.hu\\\/#website\"},\"datePublished\":\"1956-10-30T14:34:58+00:00\",\"dateModified\":\"2020-10-15T12:01:33+00:00\",\"breadcrumb\":{\"@id\":\"https:\\\/\\\/egerhaziimre.hu\\\/index.php\\\/eletrajz\\\/irasok-egerhazi-imrerol\\\/egerhazi-imre-1956-oktober-30an-elmondott-beszede\\\/?lang=en#breadcrumb\"},\"inLanguage\":\"hu\",\"potentialAction\":[{\"@type\":\"ReadAction\",\"target\":[\"https:\\\/\\\/egerhaziimre.hu\\\/index.php\\\/eletrajz\\\/irasok-egerhazi-imrerol\\\/egerhazi-imre-1956-oktober-30an-elmondott-beszede\\\/?lang=en\"]}]},{\"@type\":\"BreadcrumbList\",\"@id\":\"https:\\\/\\\/egerhaziimre.hu\\\/index.php\\\/eletrajz\\\/irasok-egerhazi-imrerol\\\/egerhazi-imre-1956-oktober-30an-elmondott-beszede\\\/?lang=en#breadcrumb\",\"itemListElement\":[{\"@type\":\"ListItem\",\"position\":1,\"name\":\"Home\",\"item\":\"https:\\\/\\\/egerhaziimre.hu\\\/\"},{\"@type\":\"ListItem\",\"position\":2,\"name\":\"\u00c9letrajz\",\"item\":\"https:\\\/\\\/egerhaziimre.hu\\\/index.php\\\/eletrajz\\\/\"},{\"@type\":\"ListItem\",\"position\":3,\"name\":\"Writings about Imre \u00c9gerh\u00e1zi\",\"item\":\"https:\\\/\\\/egerhaziimre.hu\\\/index.php\\\/eletrajz\\\/irasok-egerhazi-imrerol\\\/?lang=en\"},{\"@type\":\"ListItem\",\"position\":4,\"name\":\"Imre \u00c9gerh\u00e1zi\u2019 speech during the 1956 revolution, 30th October\"}]},{\"@type\":\"WebSite\",\"@id\":\"https:\\\/\\\/egerhaziimre.hu\\\/#website\",\"url\":\"https:\\\/\\\/egerhaziimre.hu\\\/\",\"name\":\"\u00c9gerh\u00e1zi Imre\",\"description\":\"\",\"potentialAction\":[{\"@type\":\"SearchAction\",\"target\":{\"@type\":\"EntryPoint\",\"urlTemplate\":\"https:\\\/\\\/egerhaziimre.hu\\\/?s={search_term_string}\"},\"query-input\":{\"@type\":\"PropertyValueSpecification\",\"valueRequired\":true,\"valueName\":\"search_term_string\"}}],\"inLanguage\":\"hu\"}]}<\/script>\n<!-- \/ Yoast SEO plugin. -->","yoast_head_json":{"title":"\u00c9gerh\u00e1zi Imre 1956. okt\u00f3ber 30-\u00e1n elmondott besz\u00e9de - \u00c9gerh\u00e1zi Imre","robots":{"index":"index","follow":"follow","max-snippet":"max-snippet:-1","max-image-preview":"max-image-preview:large","max-video-preview":"max-video-preview:-1"},"canonical":"https:\/\/egerhaziimre.hu\/index.php\/eletrajz\/irasok-egerhazi-imrerol\/egerhazi-imre-1956-oktober-30an-elmondott-beszede\/?lang=en","og_locale":"hu_HU","og_type":"article","og_title":"\u00c9gerh\u00e1zi Imre 1956. okt\u00f3ber 30-\u00e1n elmondott besz\u00e9de - \u00c9gerh\u00e1zi Imre","og_description":"[vc_row][vc_column][vc_row_inner][vc_column_inner width=&#8221;2\/3&#8243;][vc_column_text]Munkat\u00e1rsak, Magyar Testv\u00e9rek! E helyen, ezek k\u00f6z\u00f6tt a falak k\u00f6z\u00f6tt sokat voltunk mi egy\u00fctt. Sok-sok \u00e9rtelmetlen ilyen, vagy olyan gy\u0171l\u00e9st \u00fclt\u00fcnk v\u00e9gig, mert \u00fagy igaz legt\u00f6bbsz\u00f6r annak v\u00e9g\u00e9t v\u00e1rva sz\u00edv \u00e9s \u00e9rdek n\u00e9lk\u00fcl csak v\u00e9gig \u00fclt\u00fck. A let\u0171nt Szt\u00e1lini-R\u00e1kosi id\u0151k lelket nyomaszt\u00f3 f\u00e9lelm\u00e9ben, a hozz\u00e1sz\u00f3l\u00e1sra val\u00f3\/\u00f6szt\u00f6nz\u00e9s\/\u00f6szt\u00f6k\u00e9l\u00e9s mellett a benn\u00fcnk l\u00e9v\u0151 v\u00e9lem\u00e9nyt nem mert\u00fck kiteregetni, mert tudtuk, azok elmond\u00e1sa k\u00f6vetkezm\u00e9ny [&hellip;]","og_url":"https:\/\/egerhaziimre.hu\/index.php\/eletrajz\/irasok-egerhazi-imrerol\/egerhazi-imre-1956-oktober-30an-elmondott-beszede\/?lang=en","og_site_name":"\u00c9gerh\u00e1zi Imre","article_modified_time":"2020-10-15T12:01:33+00:00","twitter_card":"summary_large_image","twitter_misc":{"Becs\u00fclt olvas\u00e1si id\u0151":"8 perc"},"schema":{"@context":"https:\/\/schema.org","@graph":[{"@type":"WebPage","@id":"https:\/\/egerhaziimre.hu\/index.php\/eletrajz\/irasok-egerhazi-imrerol\/egerhazi-imre-1956-oktober-30an-elmondott-beszede\/?lang=en","url":"https:\/\/egerhaziimre.hu\/index.php\/eletrajz\/irasok-egerhazi-imrerol\/egerhazi-imre-1956-oktober-30an-elmondott-beszede\/?lang=en","name":"\u00c9gerh\u00e1zi Imre 1956. okt\u00f3ber 30-\u00e1n elmondott besz\u00e9de - \u00c9gerh\u00e1zi Imre","isPartOf":{"@id":"https:\/\/egerhaziimre.hu\/#website"},"datePublished":"1956-10-30T14:34:58+00:00","dateModified":"2020-10-15T12:01:33+00:00","breadcrumb":{"@id":"https:\/\/egerhaziimre.hu\/index.php\/eletrajz\/irasok-egerhazi-imrerol\/egerhazi-imre-1956-oktober-30an-elmondott-beszede\/?lang=en#breadcrumb"},"inLanguage":"hu","potentialAction":[{"@type":"ReadAction","target":["https:\/\/egerhaziimre.hu\/index.php\/eletrajz\/irasok-egerhazi-imrerol\/egerhazi-imre-1956-oktober-30an-elmondott-beszede\/?lang=en"]}]},{"@type":"BreadcrumbList","@id":"https:\/\/egerhaziimre.hu\/index.php\/eletrajz\/irasok-egerhazi-imrerol\/egerhazi-imre-1956-oktober-30an-elmondott-beszede\/?lang=en#breadcrumb","itemListElement":[{"@type":"ListItem","position":1,"name":"Home","item":"https:\/\/egerhaziimre.hu\/"},{"@type":"ListItem","position":2,"name":"\u00c9letrajz","item":"https:\/\/egerhaziimre.hu\/index.php\/eletrajz\/"},{"@type":"ListItem","position":3,"name":"Writings about Imre \u00c9gerh\u00e1zi","item":"https:\/\/egerhaziimre.hu\/index.php\/eletrajz\/irasok-egerhazi-imrerol\/?lang=en"},{"@type":"ListItem","position":4,"name":"Imre \u00c9gerh\u00e1zi\u2019 speech during the 1956 revolution, 30th October"}]},{"@type":"WebSite","@id":"https:\/\/egerhaziimre.hu\/#website","url":"https:\/\/egerhaziimre.hu\/","name":"\u00c9gerh\u00e1zi Imre","description":"","potentialAction":[{"@type":"SearchAction","target":{"@type":"EntryPoint","urlTemplate":"https:\/\/egerhaziimre.hu\/?s={search_term_string}"},"query-input":{"@type":"PropertyValueSpecification","valueRequired":true,"valueName":"search_term_string"}}],"inLanguage":"hu"}]}},"jetpack_sharing_enabled":true,"_links":{"self":[{"href":"https:\/\/egerhaziimre.hu\/index.php\/wp-json\/wp\/v2\/pages\/10560","targetHints":{"allow":["GET"]}}],"collection":[{"href":"https:\/\/egerhaziimre.hu\/index.php\/wp-json\/wp\/v2\/pages"}],"about":[{"href":"https:\/\/egerhaziimre.hu\/index.php\/wp-json\/wp\/v2\/types\/page"}],"author":[{"embeddable":true,"href":"https:\/\/egerhaziimre.hu\/index.php\/wp-json\/wp\/v2\/users\/4"}],"replies":[{"embeddable":true,"href":"https:\/\/egerhaziimre.hu\/index.php\/wp-json\/wp\/v2\/comments?post=10560"}],"version-history":[{"count":6,"href":"https:\/\/egerhaziimre.hu\/index.php\/wp-json\/wp\/v2\/pages\/10560\/revisions"}],"predecessor-version":[{"id":10852,"href":"https:\/\/egerhaziimre.hu\/index.php\/wp-json\/wp\/v2\/pages\/10560\/revisions\/10852"}],"up":[{"embeddable":true,"href":"https:\/\/egerhaziimre.hu\/index.php\/wp-json\/wp\/v2\/pages\/10535"}],"wp:attachment":[{"href":"https:\/\/egerhaziimre.hu\/index.php\/wp-json\/wp\/v2\/media?parent=10560"}],"wp:term":[{"taxonomy":"category","embeddable":true,"href":"https:\/\/egerhaziimre.hu\/index.php\/wp-json\/wp\/v2\/categories?post=10560"},{"taxonomy":"post_tag","embeddable":true,"href":"https:\/\/egerhaziimre.hu\/index.php\/wp-json\/wp\/v2\/tags?post=10560"}],"curies":[{"name":"wp","href":"https:\/\/api.w.org\/{rel}","templated":true}]}}