{"id":1058,"date":"2019-08-05T15:30:16","date_gmt":"2019-08-05T13:30:16","guid":{"rendered":"http:\/\/egerhaziimre.magex.hu\/?page_id=1058"},"modified":"2020-09-02T13:24:50","modified_gmt":"2020-09-02T11:24:50","slug":"cine-mihaly-elhangzott-a-budapest-varmegye-galeria-megnyitojan-1995-xi-8","status":"publish","type":"page","link":"https:\/\/egerhaziimre.hu\/index.php\/dijak-elismeresek\/cine-mihaly-elhangzott-a-budapest-varmegye-galeria-megnyitojan-1995-xi-8\/","title":{"rendered":"Cine Mih\u00e1ly, elhangzott a Budapest V\u00e1rmegye Gal\u00e9ria megnyit\u00f3j\u00e1n, (1995. XI. 8.)"},"content":{"rendered":"<div class=\"wpb-content-wrapper\">\r\n<blockquote class=\"wp-block-quote is-layout-flow wp-block-quote-is-layout-flow\"><p>&#8222;A k\u00e9pek kit\u0171n\u0151ek, nagyon-nagyon sz\u00e9pek, egy m\u00e1sfajta k\u00e9p\u00e9t mutatj\u00e1k a Hortob\u00e1gynak, a Hajd\u00fas\u00e1gnak, a hajd\u00fa embernek, mert a t\u00e1j ugye \u00e1lland\u00f3, az ember rajta mindig v\u00e1ltozik, mint az irodalomban is, \u00e9s mint az irodalomban is nem csak azt festi az ember, a k\u00f6lt\u0151 amit l\u00e1t a t\u00e1jban, hanem a maga arc\u00e1t is r\u00e1rajzolja, ugyan\u00edgy van ez a k\u00e9pz\u0151m\u0171v\u00e9szetben \u00e9s a fest\u00e9szetben is.<br>Benne volt a r\u00e9gi pap\u00edrokban, hogy egy nagy misszi\u00f3t teljes\u00edtett amikor megismerkedt\u00fcnk, az 1964 volt a Hajd\u00fas\u00e1gi M\u0171v\u00e9sztelepen.<br>A magyar irodalom a k\u00f6nyvekben, tank\u00f6nyvekben, lexikonokban ink\u00e1bb csak az volt, ami Magyarorsz\u00e1gon bel\u00fcl sz\u00fcletett, s a magyar fest\u00e9szetet is az jellemezte, hogy a fest\u0151 Magyarorsz\u00e1gon bel\u00fcl \u00e9lt. Ezt felfogni is nehezen tudjuk ma m\u00e1r, hogy mit jelentett. Akkor nem volt \u00fat, egy erd\u00e9lyi hova mehetett? Egy szlov\u00e1kiai hova mehetett? Vagy \u00e9ppen egy k\u00e1rp\u00e1taljai hova mehetett? Ez lehetett az els\u0151, hogy megh\u00edvt\u00e1k bar\u00e1tk\u00e9nt, rokonk\u00e9nt \u00e9s itt megl\u00e1thatt\u00e1k nyugatiak is, megl\u00e1thatt\u00e1k a hazai szak\u00e9rt\u0151k is, s meg\u00edrhatt\u00e1k mindezt, s megh\u00edvhatt\u00e1k nyugatra \u0151ket tov\u00e1bb, teh\u00e1t k\u00f6zvet\u00edt\u0151 \u00e1llom\u00e1s volt, rendk\u00edv\u00fcli szerepe volt ezeknek a m\u0171v\u00e9sztelepeknek, \u00e9n \u00fagy tudom, hogy te volt\u00e1l a f\u0151 mozgat\u00f3.&#8221;<\/p><cite>Cine Mih\u00e1ly, elhangzott a Budapest V\u00e1rmegye Gal\u00e9ria megnyit\u00f3j\u00e1n<br>(1995. XI. 8.)<\/cite><\/blockquote>\r\n<\/div>","protected":false},"excerpt":{"rendered":"<p>&#8222;A k\u00e9pek kit\u0171n\u0151ek, nagyon-nagyon sz\u00e9pek, egy m\u00e1sfajta k\u00e9p\u00e9t mutatj\u00e1k a Hortob\u00e1gynak, a Hajd\u00fas\u00e1gnak, a hajd\u00fa embernek, mert a t\u00e1j ugye \u00e1lland\u00f3, az ember rajta mindig v\u00e1ltozik, mint az irodalomban is, \u00e9s mint az irodalomban is nem csak azt festi az ember, a k\u00f6lt\u0151 amit l\u00e1t a t\u00e1jban, hanem a maga arc\u00e1t is r\u00e1rajzolja, ugyan\u00edgy van ez a k\u00e9pz\u0151m\u0171v\u00e9szetben \u00e9s a [&hellip;]<\/p>\n","protected":false},"author":4,"featured_media":0,"parent":31,"menu_order":0,"comment_status":"closed","ping_status":"closed","template":"","meta":{"footnotes":""},"categories":[84],"tags":[76],"class_list":["post-1058","page","type-page","status-publish","hentry","category-kritikak_meltatasok","tag-76"],"yoast_head":"<!-- This site is optimized with the Yoast SEO plugin v27.3 - https:\/\/yoast.com\/product\/yoast-seo-wordpress\/ -->\n<title>Cine Mih\u00e1ly, elhangzott a Budapest V\u00e1rmegye Gal\u00e9ria megnyit\u00f3j\u00e1n, (1995. XI. 8.) - \u00c9gerh\u00e1zi Imre<\/title>\n<meta name=\"robots\" content=\"index, follow, max-snippet:-1, max-image-preview:large, max-video-preview:-1\" \/>\n<link rel=\"canonical\" href=\"https:\/\/egerhaziimre.hu\/index.php\/dijak-elismeresek\/cine-mihaly-elhangzott-a-budapest-varmegye-galeria-megnyitojan-1995-xi-8\/?lang=en\" \/>\n<meta property=\"og:locale\" content=\"hu_HU\" \/>\n<meta property=\"og:type\" content=\"article\" \/>\n<meta property=\"og:title\" content=\"Cine Mih\u00e1ly, elhangzott a Budapest V\u00e1rmegye Gal\u00e9ria megnyit\u00f3j\u00e1n, (1995. XI. 8.) - \u00c9gerh\u00e1zi Imre\" \/>\n<meta property=\"og:description\" content=\"&#8222;A k\u00e9pek kit\u0171n\u0151ek, nagyon-nagyon sz\u00e9pek, egy m\u00e1sfajta k\u00e9p\u00e9t mutatj\u00e1k a Hortob\u00e1gynak, a Hajd\u00fas\u00e1gnak, a hajd\u00fa embernek, mert a t\u00e1j ugye \u00e1lland\u00f3, az ember rajta mindig v\u00e1ltozik, mint az irodalomban is, \u00e9s mint az irodalomban is nem csak azt festi az ember, a k\u00f6lt\u0151 amit l\u00e1t a t\u00e1jban, hanem a maga arc\u00e1t is r\u00e1rajzolja, ugyan\u00edgy van ez a k\u00e9pz\u0151m\u0171v\u00e9szetben \u00e9s a [&hellip;]\" \/>\n<meta property=\"og:url\" content=\"https:\/\/egerhaziimre.hu\/index.php\/dijak-elismeresek\/cine-mihaly-elhangzott-a-budapest-varmegye-galeria-megnyitojan-1995-xi-8\/?lang=en\" \/>\n<meta property=\"og:site_name\" content=\"\u00c9gerh\u00e1zi Imre\" \/>\n<meta property=\"article:modified_time\" content=\"2020-09-02T11:24:50+00:00\" \/>\n<meta name=\"twitter:card\" content=\"summary_large_image\" \/>\n<meta name=\"twitter:label1\" content=\"Becs\u00fclt olvas\u00e1si id\u0151\" \/>\n\t<meta name=\"twitter:data1\" content=\"3 perc\" \/>\n<script type=\"application\/ld+json\" class=\"yoast-schema-graph\">{\"@context\":\"https:\\\/\\\/schema.org\",\"@graph\":[{\"@type\":\"WebPage\",\"@id\":\"https:\\\/\\\/egerhaziimre.hu\\\/index.php\\\/dijak-elismeresek\\\/cine-mihaly-elhangzott-a-budapest-varmegye-galeria-megnyitojan-1995-xi-8\\\/?lang=en\",\"url\":\"https:\\\/\\\/egerhaziimre.hu\\\/index.php\\\/dijak-elismeresek\\\/cine-mihaly-elhangzott-a-budapest-varmegye-galeria-megnyitojan-1995-xi-8\\\/?lang=en\",\"name\":\"Cine Mih\u00e1ly, elhangzott a Budapest V\u00e1rmegye Gal\u00e9ria megnyit\u00f3j\u00e1n, (1995. XI. 8.) - \u00c9gerh\u00e1zi Imre\",\"isPartOf\":{\"@id\":\"https:\\\/\\\/egerhaziimre.hu\\\/#website\"},\"datePublished\":\"2019-08-05T13:30:16+00:00\",\"dateModified\":\"2020-09-02T11:24:50+00:00\",\"breadcrumb\":{\"@id\":\"https:\\\/\\\/egerhaziimre.hu\\\/index.php\\\/dijak-elismeresek\\\/cine-mihaly-elhangzott-a-budapest-varmegye-galeria-megnyitojan-1995-xi-8\\\/?lang=en#breadcrumb\"},\"inLanguage\":\"hu\",\"potentialAction\":[{\"@type\":\"ReadAction\",\"target\":[\"https:\\\/\\\/egerhaziimre.hu\\\/index.php\\\/dijak-elismeresek\\\/cine-mihaly-elhangzott-a-budapest-varmegye-galeria-megnyitojan-1995-xi-8\\\/?lang=en\"]}]},{\"@type\":\"BreadcrumbList\",\"@id\":\"https:\\\/\\\/egerhaziimre.hu\\\/index.php\\\/dijak-elismeresek\\\/cine-mihaly-elhangzott-a-budapest-varmegye-galeria-megnyitojan-1995-xi-8\\\/?lang=en#breadcrumb\",\"itemListElement\":[{\"@type\":\"ListItem\",\"position\":1,\"name\":\"Home\",\"item\":\"https:\\\/\\\/egerhaziimre.hu\\\/\"},{\"@type\":\"ListItem\",\"position\":2,\"name\":\"Awards, recognitions\",\"item\":\"https:\\\/\\\/egerhaziimre.hu\\\/index.php\\\/dijak-elismeresek\\\/?lang=en\"},{\"@type\":\"ListItem\",\"position\":3,\"name\":\"FROM THE OPENING SPEECH OF IMRE \u00c9GERH\u00c1ZI\u2019S TRANSYLVANIAN EXHIBITON OPENING CEREMONY BY MIH\u00c1Y CINE AT GAL\u00c9RIA V\u00c1RMEGYE, BUDAPEST ON 8TH NOVEMBER 1995.\"}]},{\"@type\":\"WebSite\",\"@id\":\"https:\\\/\\\/egerhaziimre.hu\\\/#website\",\"url\":\"https:\\\/\\\/egerhaziimre.hu\\\/\",\"name\":\"\u00c9gerh\u00e1zi Imre\",\"description\":\"\",\"potentialAction\":[{\"@type\":\"SearchAction\",\"target\":{\"@type\":\"EntryPoint\",\"urlTemplate\":\"https:\\\/\\\/egerhaziimre.hu\\\/?s={search_term_string}\"},\"query-input\":{\"@type\":\"PropertyValueSpecification\",\"valueRequired\":true,\"valueName\":\"search_term_string\"}}],\"inLanguage\":\"hu\"}]}<\/script>\n<!-- \/ Yoast SEO plugin. -->","yoast_head_json":{"title":"Cine Mih\u00e1ly, elhangzott a Budapest V\u00e1rmegye Gal\u00e9ria megnyit\u00f3j\u00e1n, (1995. XI. 8.) - \u00c9gerh\u00e1zi Imre","robots":{"index":"index","follow":"follow","max-snippet":"max-snippet:-1","max-image-preview":"max-image-preview:large","max-video-preview":"max-video-preview:-1"},"canonical":"https:\/\/egerhaziimre.hu\/index.php\/dijak-elismeresek\/cine-mihaly-elhangzott-a-budapest-varmegye-galeria-megnyitojan-1995-xi-8\/?lang=en","og_locale":"hu_HU","og_type":"article","og_title":"Cine Mih\u00e1ly, elhangzott a Budapest V\u00e1rmegye Gal\u00e9ria megnyit\u00f3j\u00e1n, (1995. XI. 8.) - \u00c9gerh\u00e1zi Imre","og_description":"&#8222;A k\u00e9pek kit\u0171n\u0151ek, nagyon-nagyon sz\u00e9pek, egy m\u00e1sfajta k\u00e9p\u00e9t mutatj\u00e1k a Hortob\u00e1gynak, a Hajd\u00fas\u00e1gnak, a hajd\u00fa embernek, mert a t\u00e1j ugye \u00e1lland\u00f3, az ember rajta mindig v\u00e1ltozik, mint az irodalomban is, \u00e9s mint az irodalomban is nem csak azt festi az ember, a k\u00f6lt\u0151 amit l\u00e1t a t\u00e1jban, hanem a maga arc\u00e1t is r\u00e1rajzolja, ugyan\u00edgy van ez a k\u00e9pz\u0151m\u0171v\u00e9szetben \u00e9s a [&hellip;]","og_url":"https:\/\/egerhaziimre.hu\/index.php\/dijak-elismeresek\/cine-mihaly-elhangzott-a-budapest-varmegye-galeria-megnyitojan-1995-xi-8\/?lang=en","og_site_name":"\u00c9gerh\u00e1zi Imre","article_modified_time":"2020-09-02T11:24:50+00:00","twitter_card":"summary_large_image","twitter_misc":{"Becs\u00fclt olvas\u00e1si id\u0151":"3 perc"},"schema":{"@context":"https:\/\/schema.org","@graph":[{"@type":"WebPage","@id":"https:\/\/egerhaziimre.hu\/index.php\/dijak-elismeresek\/cine-mihaly-elhangzott-a-budapest-varmegye-galeria-megnyitojan-1995-xi-8\/?lang=en","url":"https:\/\/egerhaziimre.hu\/index.php\/dijak-elismeresek\/cine-mihaly-elhangzott-a-budapest-varmegye-galeria-megnyitojan-1995-xi-8\/?lang=en","name":"Cine Mih\u00e1ly, elhangzott a Budapest V\u00e1rmegye Gal\u00e9ria megnyit\u00f3j\u00e1n, (1995. XI. 8.) - \u00c9gerh\u00e1zi Imre","isPartOf":{"@id":"https:\/\/egerhaziimre.hu\/#website"},"datePublished":"2019-08-05T13:30:16+00:00","dateModified":"2020-09-02T11:24:50+00:00","breadcrumb":{"@id":"https:\/\/egerhaziimre.hu\/index.php\/dijak-elismeresek\/cine-mihaly-elhangzott-a-budapest-varmegye-galeria-megnyitojan-1995-xi-8\/?lang=en#breadcrumb"},"inLanguage":"hu","potentialAction":[{"@type":"ReadAction","target":["https:\/\/egerhaziimre.hu\/index.php\/dijak-elismeresek\/cine-mihaly-elhangzott-a-budapest-varmegye-galeria-megnyitojan-1995-xi-8\/?lang=en"]}]},{"@type":"BreadcrumbList","@id":"https:\/\/egerhaziimre.hu\/index.php\/dijak-elismeresek\/cine-mihaly-elhangzott-a-budapest-varmegye-galeria-megnyitojan-1995-xi-8\/?lang=en#breadcrumb","itemListElement":[{"@type":"ListItem","position":1,"name":"Home","item":"https:\/\/egerhaziimre.hu\/"},{"@type":"ListItem","position":2,"name":"Awards, recognitions","item":"https:\/\/egerhaziimre.hu\/index.php\/dijak-elismeresek\/?lang=en"},{"@type":"ListItem","position":3,"name":"FROM THE OPENING SPEECH OF IMRE \u00c9GERH\u00c1ZI\u2019S TRANSYLVANIAN EXHIBITON OPENING CEREMONY BY MIH\u00c1Y CINE AT GAL\u00c9RIA V\u00c1RMEGYE, BUDAPEST ON 8TH NOVEMBER 1995."}]},{"@type":"WebSite","@id":"https:\/\/egerhaziimre.hu\/#website","url":"https:\/\/egerhaziimre.hu\/","name":"\u00c9gerh\u00e1zi Imre","description":"","potentialAction":[{"@type":"SearchAction","target":{"@type":"EntryPoint","urlTemplate":"https:\/\/egerhaziimre.hu\/?s={search_term_string}"},"query-input":{"@type":"PropertyValueSpecification","valueRequired":true,"valueName":"search_term_string"}}],"inLanguage":"hu"}]}},"jetpack_sharing_enabled":true,"_links":{"self":[{"href":"https:\/\/egerhaziimre.hu\/index.php\/wp-json\/wp\/v2\/pages\/1058","targetHints":{"allow":["GET"]}}],"collection":[{"href":"https:\/\/egerhaziimre.hu\/index.php\/wp-json\/wp\/v2\/pages"}],"about":[{"href":"https:\/\/egerhaziimre.hu\/index.php\/wp-json\/wp\/v2\/types\/page"}],"author":[{"embeddable":true,"href":"https:\/\/egerhaziimre.hu\/index.php\/wp-json\/wp\/v2\/users\/4"}],"replies":[{"embeddable":true,"href":"https:\/\/egerhaziimre.hu\/index.php\/wp-json\/wp\/v2\/comments?post=1058"}],"version-history":[{"count":2,"href":"https:\/\/egerhaziimre.hu\/index.php\/wp-json\/wp\/v2\/pages\/1058\/revisions"}],"predecessor-version":[{"id":9086,"href":"https:\/\/egerhaziimre.hu\/index.php\/wp-json\/wp\/v2\/pages\/1058\/revisions\/9086"}],"up":[{"embeddable":true,"href":"https:\/\/egerhaziimre.hu\/index.php\/wp-json\/wp\/v2\/pages\/31"}],"wp:attachment":[{"href":"https:\/\/egerhaziimre.hu\/index.php\/wp-json\/wp\/v2\/media?parent=1058"}],"wp:term":[{"taxonomy":"category","embeddable":true,"href":"https:\/\/egerhaziimre.hu\/index.php\/wp-json\/wp\/v2\/categories?post=1058"},{"taxonomy":"post_tag","embeddable":true,"href":"https:\/\/egerhaziimre.hu\/index.php\/wp-json\/wp\/v2\/tags?post=1058"}],"curies":[{"name":"wp","href":"https:\/\/api.w.org\/{rel}","templated":true}]}}