{"id":10582,"date":"2020-10-07T11:05:43","date_gmt":"2020-10-07T09:05:43","guid":{"rendered":"https:\/\/egerhaziimre.hu\/?page_id=10582"},"modified":"2020-10-12T14:42:52","modified_gmt":"2020-10-12T12:42:52","slug":"egerhazi-imre-hitvallasom","status":"publish","type":"page","link":"https:\/\/egerhaziimre.hu\/index.php\/eletrajz\/irasok-egerhazi-imrerol\/egerhazi-imre-hitvallasom\/?lang=en","title":{"rendered":"Imre \u00c9gerh\u00e1zi \u2013 My System Of Belief"},"content":{"rendered":"<div class=\"wpb-content-wrapper\">[vc_row][vc_column width=&#8221;2\/3&#8243;][vc_column_text]I feel that I am true when I follow reality, when my painting reflects the social, human, emotional conditions of our time. I paint, I draw as my interior dictates. I\u2019m not speculating, I\u2019m not adapting to the \u201cfashion\u201d that is just in line, I\u2019m not trying to paint a picture that is born at all costs in the spirit of \u201cnew-looking,\u201d experimentation.<\/p>\n<p>I like, on the other hand, when my painting says something to the viewer, when a connection is made between us by it. I love the clear visual order, the harmony of colors. I avoid loudness, obscurity, or astonishing absurdity. I\u2019m not one to cause outrage. I want to speak the language of beautiful aesthetics.<br \/>\nI\u2019m not a fan of big paradigm changes and 180-degree turns. I try to be more modern, with small steps. On the other hand, I try to understand and accept all those who think \u201cdifferently,\u201d even if they walk the road of trends towards easy success.<br \/>\nI believe that art has a future and that is not an image of the unimaginable.<\/p>\n<p>Only a few artist can open new roads, thus create completely new paradigms. It is very difficult nowadays to create something that has no one and nothing to relate to (and this is not just painting). Thus, \u201cspeaking your own language\u201d is the hardest part. A method of expression that is unique to its creator. It took me a lot of work and time to build, from the existing paradigms, a form and color language unique to me. The two dimensions of constructive cubism froze my images, so I had to borrow the \u201cpointillist air\u201d of the Impressionists to make the paintings come alive. Apparently a simple procedure; like everything after you find the solution. Instead of the usual perspective, I operate by placing the &#8220;layers&#8221; in front of and behind each other. &#8220;Marbling,&#8221; &#8220;laying,&#8221; and &#8220;scraping&#8221; only enriched the pictorial surface.<\/p>\n<p>I do not consider it offensive when art analysts relate my work to the Hungarian Art Nouveau, the painting of the Great Plain. It would be a great loss to art if its national character ceased altogether, but would not be good if it would turn to dominate it.<br \/>\nI born Hungarian, so if I were a writer, I would write in Hungarian; if I were a musician, I would also rely on traditions. So I find it natural that these elements can be found in my painting style.<br \/>\nMostly I prefer drewing and painting the landscapes and people of Hajd\u00fas\u00e1g, Hortob\u00e1gy and Transylvania. But Ady, Kr\u00fady, Pet\u0151fi, Csokonai, R\u00e1k\u00f3czi, D\u00f3zsa, Bocskai, Kod\u00e1ly, Bart\u00f3k also inspired my brush from time to time.<br \/>\nI worked in many countries in Europe and Asia, to where I traveled or attended an artist colony. I got to know the artistic aspirations of my contemporaries, I met the results of previous artists, and all this helped me to find myself, to strengthen me both in my faith and my work.<\/p>\n<p>Imre \u00c9gerh\u00e1zi[\/vc_column_text][\/vc_column][vc_column width=&#8221;1\/3&#8243;][vc_single_image image=&#8221;6498&#8243; img_size=&#8221;large&#8221; alignment=&#8221;center&#8221; style=&#8221;xtd-shadow&#8211;normal-light&#8221; onclick=&#8221;link_image&#8221;][\/vc_column][\/vc_row]\n<\/div>","protected":false},"excerpt":{"rendered":"<p>[vc_row][vc_column width=&#8221;2\/3&#8243;][vc_column_text]I feel that I am true when I follow reality, when my painting reflects the social, human, emotional conditions of our time. I paint, I draw as my interior dictates. I\u2019m not speculating, I\u2019m not adapting to the \u201cfashion\u201d that is just in line, I\u2019m not trying to paint a picture that is born at all costs in the [&hellip;]<\/p>\n","protected":false},"author":4,"featured_media":0,"parent":10535,"menu_order":0,"comment_status":"closed","ping_status":"closed","template":"","meta":{"footnotes":""},"categories":[126],"tags":[],"class_list":["post-10582","page","type-page","status-publish","hentry","category-irasok_egerhazi_imretol"],"yoast_head":"<!-- This site is optimized with the Yoast SEO plugin v27.4 - https:\/\/yoast.com\/product\/yoast-seo-wordpress\/ -->\n<title>Imre \u00c9gerh\u00e1zi \u2013 My System Of Belief - \u00c9gerh\u00e1zi Imre<\/title>\n<meta name=\"robots\" content=\"index, follow, max-snippet:-1, max-image-preview:large, max-video-preview:-1\" \/>\n<link rel=\"canonical\" href=\"https:\/\/egerhaziimre.hu\/index.php\/eletrajz\/irasok-egerhazi-imrerol\/egerhazi-imre-hitvallasom\/?lang=en\" \/>\n<meta property=\"og:locale\" content=\"en_US\" \/>\n<meta property=\"og:type\" content=\"article\" \/>\n<meta property=\"og:title\" content=\"Imre \u00c9gerh\u00e1zi \u2013 My System Of Belief - \u00c9gerh\u00e1zi Imre\" \/>\n<meta property=\"og:description\" content=\"[vc_row][vc_column width=&#8221;2\/3&#8243;][vc_column_text]I feel that I am true when I follow reality, when my painting reflects the social, human, emotional conditions of our time. I paint, I draw as my interior dictates. I\u2019m not speculating, I\u2019m not adapting to the \u201cfashion\u201d that is just in line, I\u2019m not trying to paint a picture that is born at all costs in the [&hellip;]\" \/>\n<meta property=\"og:url\" content=\"https:\/\/egerhaziimre.hu\/index.php\/eletrajz\/irasok-egerhazi-imrerol\/egerhazi-imre-hitvallasom\/?lang=en\" \/>\n<meta property=\"og:site_name\" content=\"\u00c9gerh\u00e1zi Imre\" \/>\n<meta property=\"article:modified_time\" content=\"2020-10-12T12:42:52+00:00\" \/>\n<meta name=\"twitter:card\" content=\"summary_large_image\" \/>\n<meta name=\"twitter:label1\" content=\"Est. reading time\" \/>\n\t<meta name=\"twitter:data1\" content=\"6 minutes\" \/>\n<script type=\"application\/ld+json\" class=\"yoast-schema-graph\">{\"@context\":\"https:\\\/\\\/schema.org\",\"@graph\":[{\"@type\":\"WebPage\",\"@id\":\"https:\\\/\\\/egerhaziimre.hu\\\/index.php\\\/eletrajz\\\/irasok-egerhazi-imrerol\\\/egerhazi-imre-hitvallasom\\\/?lang=en\",\"url\":\"https:\\\/\\\/egerhaziimre.hu\\\/index.php\\\/eletrajz\\\/irasok-egerhazi-imrerol\\\/egerhazi-imre-hitvallasom\\\/?lang=en\",\"name\":\"Imre \u00c9gerh\u00e1zi \u2013 My System Of Belief - \u00c9gerh\u00e1zi Imre\",\"isPartOf\":{\"@id\":\"https:\\\/\\\/egerhaziimre.hu\\\/#website\"},\"datePublished\":\"2020-10-07T09:05:43+00:00\",\"dateModified\":\"2020-10-12T12:42:52+00:00\",\"breadcrumb\":{\"@id\":\"https:\\\/\\\/egerhaziimre.hu\\\/index.php\\\/eletrajz\\\/irasok-egerhazi-imrerol\\\/egerhazi-imre-hitvallasom\\\/?lang=en#breadcrumb\"},\"inLanguage\":\"en-US\",\"potentialAction\":[{\"@type\":\"ReadAction\",\"target\":[\"https:\\\/\\\/egerhaziimre.hu\\\/index.php\\\/eletrajz\\\/irasok-egerhazi-imrerol\\\/egerhazi-imre-hitvallasom\\\/?lang=en\"]}]},{\"@type\":\"BreadcrumbList\",\"@id\":\"https:\\\/\\\/egerhaziimre.hu\\\/index.php\\\/eletrajz\\\/irasok-egerhazi-imrerol\\\/egerhazi-imre-hitvallasom\\\/?lang=en#breadcrumb\",\"itemListElement\":[{\"@type\":\"ListItem\",\"position\":1,\"name\":\"Home\",\"item\":\"https:\\\/\\\/egerhaziimre.hu\\\/\"},{\"@type\":\"ListItem\",\"position\":2,\"name\":\"\u00c9letrajz\",\"item\":\"https:\\\/\\\/egerhaziimre.hu\\\/index.php\\\/eletrajz\\\/\"},{\"@type\":\"ListItem\",\"position\":3,\"name\":\"Writings about Imre \u00c9gerh\u00e1zi\",\"item\":\"https:\\\/\\\/egerhaziimre.hu\\\/index.php\\\/eletrajz\\\/irasok-egerhazi-imrerol\\\/?lang=en\"},{\"@type\":\"ListItem\",\"position\":4,\"name\":\"Imre \u00c9gerh\u00e1zi \u2013 My System Of Belief\"}]},{\"@type\":\"WebSite\",\"@id\":\"https:\\\/\\\/egerhaziimre.hu\\\/#website\",\"url\":\"https:\\\/\\\/egerhaziimre.hu\\\/\",\"name\":\"\u00c9gerh\u00e1zi Imre\",\"description\":\"\",\"potentialAction\":[{\"@type\":\"SearchAction\",\"target\":{\"@type\":\"EntryPoint\",\"urlTemplate\":\"https:\\\/\\\/egerhaziimre.hu\\\/?s={search_term_string}\"},\"query-input\":{\"@type\":\"PropertyValueSpecification\",\"valueRequired\":true,\"valueName\":\"search_term_string\"}}],\"inLanguage\":\"en-US\"}]}<\/script>\n<!-- \/ Yoast SEO plugin. -->","yoast_head_json":{"title":"Imre \u00c9gerh\u00e1zi \u2013 My System Of Belief - \u00c9gerh\u00e1zi Imre","robots":{"index":"index","follow":"follow","max-snippet":"max-snippet:-1","max-image-preview":"max-image-preview:large","max-video-preview":"max-video-preview:-1"},"canonical":"https:\/\/egerhaziimre.hu\/index.php\/eletrajz\/irasok-egerhazi-imrerol\/egerhazi-imre-hitvallasom\/?lang=en","og_locale":"en_US","og_type":"article","og_title":"Imre \u00c9gerh\u00e1zi \u2013 My System Of Belief - \u00c9gerh\u00e1zi Imre","og_description":"[vc_row][vc_column width=&#8221;2\/3&#8243;][vc_column_text]I feel that I am true when I follow reality, when my painting reflects the social, human, emotional conditions of our time. I paint, I draw as my interior dictates. I\u2019m not speculating, I\u2019m not adapting to the \u201cfashion\u201d that is just in line, I\u2019m not trying to paint a picture that is born at all costs in the [&hellip;]","og_url":"https:\/\/egerhaziimre.hu\/index.php\/eletrajz\/irasok-egerhazi-imrerol\/egerhazi-imre-hitvallasom\/?lang=en","og_site_name":"\u00c9gerh\u00e1zi Imre","article_modified_time":"2020-10-12T12:42:52+00:00","twitter_card":"summary_large_image","twitter_misc":{"Est. reading time":"6 minutes"},"schema":{"@context":"https:\/\/schema.org","@graph":[{"@type":"WebPage","@id":"https:\/\/egerhaziimre.hu\/index.php\/eletrajz\/irasok-egerhazi-imrerol\/egerhazi-imre-hitvallasom\/?lang=en","url":"https:\/\/egerhaziimre.hu\/index.php\/eletrajz\/irasok-egerhazi-imrerol\/egerhazi-imre-hitvallasom\/?lang=en","name":"Imre \u00c9gerh\u00e1zi \u2013 My System Of Belief - \u00c9gerh\u00e1zi Imre","isPartOf":{"@id":"https:\/\/egerhaziimre.hu\/#website"},"datePublished":"2020-10-07T09:05:43+00:00","dateModified":"2020-10-12T12:42:52+00:00","breadcrumb":{"@id":"https:\/\/egerhaziimre.hu\/index.php\/eletrajz\/irasok-egerhazi-imrerol\/egerhazi-imre-hitvallasom\/?lang=en#breadcrumb"},"inLanguage":"en-US","potentialAction":[{"@type":"ReadAction","target":["https:\/\/egerhaziimre.hu\/index.php\/eletrajz\/irasok-egerhazi-imrerol\/egerhazi-imre-hitvallasom\/?lang=en"]}]},{"@type":"BreadcrumbList","@id":"https:\/\/egerhaziimre.hu\/index.php\/eletrajz\/irasok-egerhazi-imrerol\/egerhazi-imre-hitvallasom\/?lang=en#breadcrumb","itemListElement":[{"@type":"ListItem","position":1,"name":"Home","item":"https:\/\/egerhaziimre.hu\/"},{"@type":"ListItem","position":2,"name":"\u00c9letrajz","item":"https:\/\/egerhaziimre.hu\/index.php\/eletrajz\/"},{"@type":"ListItem","position":3,"name":"Writings about Imre \u00c9gerh\u00e1zi","item":"https:\/\/egerhaziimre.hu\/index.php\/eletrajz\/irasok-egerhazi-imrerol\/?lang=en"},{"@type":"ListItem","position":4,"name":"Imre \u00c9gerh\u00e1zi \u2013 My System Of Belief"}]},{"@type":"WebSite","@id":"https:\/\/egerhaziimre.hu\/#website","url":"https:\/\/egerhaziimre.hu\/","name":"\u00c9gerh\u00e1zi Imre","description":"","potentialAction":[{"@type":"SearchAction","target":{"@type":"EntryPoint","urlTemplate":"https:\/\/egerhaziimre.hu\/?s={search_term_string}"},"query-input":{"@type":"PropertyValueSpecification","valueRequired":true,"valueName":"search_term_string"}}],"inLanguage":"en-US"}]}},"jetpack_sharing_enabled":true,"_links":{"self":[{"href":"https:\/\/egerhaziimre.hu\/index.php\/wp-json\/wp\/v2\/pages\/10582","targetHints":{"allow":["GET"]}}],"collection":[{"href":"https:\/\/egerhaziimre.hu\/index.php\/wp-json\/wp\/v2\/pages"}],"about":[{"href":"https:\/\/egerhaziimre.hu\/index.php\/wp-json\/wp\/v2\/types\/page"}],"author":[{"embeddable":true,"href":"https:\/\/egerhaziimre.hu\/index.php\/wp-json\/wp\/v2\/users\/4"}],"replies":[{"embeddable":true,"href":"https:\/\/egerhaziimre.hu\/index.php\/wp-json\/wp\/v2\/comments?post=10582"}],"version-history":[{"count":3,"href":"https:\/\/egerhaziimre.hu\/index.php\/wp-json\/wp\/v2\/pages\/10582\/revisions"}],"predecessor-version":[{"id":10758,"href":"https:\/\/egerhaziimre.hu\/index.php\/wp-json\/wp\/v2\/pages\/10582\/revisions\/10758"}],"up":[{"embeddable":true,"href":"https:\/\/egerhaziimre.hu\/index.php\/wp-json\/wp\/v2\/pages\/10535"}],"wp:attachment":[{"href":"https:\/\/egerhaziimre.hu\/index.php\/wp-json\/wp\/v2\/media?parent=10582"}],"wp:term":[{"taxonomy":"category","embeddable":true,"href":"https:\/\/egerhaziimre.hu\/index.php\/wp-json\/wp\/v2\/categories?post=10582"},{"taxonomy":"post_tag","embeddable":true,"href":"https:\/\/egerhaziimre.hu\/index.php\/wp-json\/wp\/v2\/tags?post=10582"}],"curies":[{"name":"wp","href":"https:\/\/api.w.org\/{rel}","templated":true}]}}