{"id":10587,"date":"1973-10-07T11:22:56","date_gmt":"1973-10-07T10:22:56","guid":{"rendered":"https:\/\/egerhaziimre.hu\/?page_id=10587"},"modified":"2020-10-30T14:40:40","modified_gmt":"2020-10-30T13:40:40","slug":"egerhazi-imre-effendi-lanyt-vesz","status":"publish","type":"page","link":"https:\/\/egerhaziimre.hu\/index.php\/eletrajz\/irasok-egerhazi-imrerol\/egerhazi-imre-effendi-lanyt-vesz\/","title":{"rendered":"\u00c9gerh\u00e1zi Imre \u2013 Effendi l\u00e1nyt vesz, 1973"},"content":{"rendered":"<div class=\"wpb-content-wrapper\">[vc_row el_class=&#8221;padding_botton_0 margin_bottom_0&#8243;][vc_column width=&#8221;2\/3&#8243;][vc_column_text]Bulg\u00e1ri\u00e1ban voltam Madar\u00e1sz Gyul\u00e1val m\u0171v\u00e9sztelepen, illetve nem mint m\u0171v\u00e9sz, hanem vend\u00e9gk\u00e9nt voltunk ott \u00e9s egy s\u00f6rgy\u00e1rnak egy nagyon sz\u00e9p hatalmas vend\u00e9gh\u00e1z\u00e1ban voltunk. Egy emelet volt a Gyul\u00e1\u00e9, egy emelet meg az eny\u00e9m. \u00c9s nagyon j\u00f3l \u00e9rezt\u00fck ott magunkat, volt ott b\u0151ven hely\u00fcnk, sok vend\u00e9g j\u00f6tt hozz\u00e1nk, nagyon j\u00f3l tudtunk festeni, nagyon j\u00f3l tudtunk dolgozni. Egy teljes h\u00f3napot t\u00f6lt\u00f6tt\u00fcnk ott.<\/p>\n<p>\u00c9s egyszer egy t\u00f6r\u00f6k nemzetis\u00e9g\u0171 fest\u0151 &#8211; akivel igen j\u00f3ban voltunk &#8211; megh\u00edvott mag\u00e1hoz \u00e9s elmondta, hogy neki h\u00e1rom feles\u00e9ge van, de nem hivatalosan, hanem az els\u0151 az igazi, a m\u00e1sodik a technikus, a harmadik meg nem tudom micsoda, az is alkalmazottja volt. A burkolt t\u00f6bbnej\u0171s\u00e9get a bolg\u00e1rok ad\u00f3ztatt\u00e1k \u00fagy, hogy majdnem egy havi kereset \u00f6sszeg\u00e9nek megfelel\u0151 \u00f6sszeget kellett befizetni ad\u00f3k\u00e9nt az \u00e1llamnak. \u00c9s azt mondta, hogy ezt \u00fagy oldja meg, hogy az egyik a pivo-fabrikban, a m\u00e1sik a tabak-fabrikban megkeresi az ad\u00f3t. \u00c9s minden 10 \u00e9vben vesz egy asszonyt mag\u00e1hoz \u00e9s mindig 18 \u00e9veset. Teh\u00e1t minden tizedik \u00e9vben egy \u00fajabb 18 \u00e9veset.<\/p>\n<p>Mondtuk, hogy \u201eDe j\u00f3 lenne nek\u00fcnk is egy ilyen lehet\u0151s\u00e9g! H\u00e1t a fen\u00e9be, ez egy eg\u00e9sz j\u00f3 dolog!\u201d 10 \u00e9venk\u00e9nt egy \u00faj asszony, az els\u0151 rendezi a dolgokat \u00e9s b\u00e9kess\u00e9gben \u00e9l a h\u00e1rom asszony. Azonban a harmadik feles\u00e9g akit azel\u0151tt vett, nagyon gy\u00f6ny\u00f6r\u0171 kis t\u00f6r\u00f6k l\u00e1nyka volt, 18 \u00e9ves se volt m\u00e9g\u2026 \u00c9s mondtuk, hogy \u201eIstenemre de sz\u00e9p kis n\u0151 ez!\u201d meg minden \u00e9s nagy b\u00fcszk\u00e9n kih\u00fazta Drafk\u00f3val a mell\u00e9t \u00e9s mondta hogy \u201e\u00c9s csak k\u00e9t kecsk\u00e9t adtam \u00e9rte!. K\u00e9t kecsk\u00e9\u00e9rt a hegyekben lehet egy ilyen n\u0151t venni.\u201d. \u201eJajj Istenem, h\u00e1t hol van az a hegy?\u201d<\/p>\n<p>\u201eMenj\u00fcnk m\u00e1r oda, k\u00e9t kecsk\u00e9re val\u00f3 p\u00e9nz\u00fcnk van nek\u00fcnk is, vegy\u00fcnk m\u00e1r egy feles\u00e9get ott!\u201d. Azt\u00e1n mondta ez a Drafk\u00f3 meg a b\u00e1csi, hogy ha komolyan gondoljuk a tolm\u00e1csot, akkor arra a vid\u00e9kre elmehet\u00fcnk, n\u00e9zz\u00fck meg azokat a t\u00f6r\u00f6k falukat, amelyek a hegyekben megmaradtak \u00e9s a bolg\u00e1rok nem b\u00e1ntj\u00e1k \u0151ket \u00e9s m\u00e9g nem tudt\u00e1k bolg\u00e1ros\u00edtani \u0151ket, teh\u00e1t ugyan\u00fagy magukba olvasztani. El\u0151sz\u00f6r ment\u00fcnk vonaton, azt\u00e1n ment\u00fcnk buszon, azt\u00e1n kis aut\u00f3n \u2013 ilyen terepj\u00e1r\u00f3n -, azt\u00e1n szam\u00e1ron, ilyen \u00f6szv\u00e9ren ment\u00fcnk a hegyekbe. Majdnem egy teljes napba ker\u00fclt, m\u00edg oda\u00e9rt\u00fcnk\u2026 A k\u00e9t Drafk\u00f3t nagy szeretettel fogadta az ap\u00f3sa, akinek m\u00e9g volt otthon 3 vagy 4 l\u00e1nya is.[\/vc_column_text][\/vc_column][vc_column width=&#8221;1\/3&#8243;][vc_single_image image=&#8221;3803&#8243; img_size=&#8221;large&#8221; alignment=&#8221;center&#8221; style=&#8221;xtd-shadow&#8211;normal-light&#8221; onclick=&#8221;link_image&#8221; el_class=&#8221;margin_bottom_0 padding_bottom_0&#8243;][vc_column_text el_class=&#8221;margin_top_0 padding_top_0&#8243; css=&#8221;.vc_custom_1603986781025{padding-top: 1rem !important;padding-bottom: 0.5rem !important;background-color: #f9f9f9 !important;}&#8221;]\n<p style=\"text-align: center;\"><strong>Bulg\u00e1ria 600 \u00e9v III.<\/strong><br \/>\nmonot\u00edpia, pap\u00edr, 78&#215;62 cm<br \/>\n1973<\/p>\n[\/vc_column_text][\/vc_column][\/vc_row][vc_row el_class=&#8221;margin_top_0 padding_top_0 margin_bottom_0 padding_bottom_0&#8243;][vc_column width=&#8221;1\/3&#8243;][vc_single_image image=&#8221;10015&#8243; img_size=&#8221;large&#8221; alignment=&#8221;center&#8221; style=&#8221;xtd-shadow&#8211;normal-light&#8221; onclick=&#8221;link_image&#8221; el_class=&#8221;margin_bottom_0 padding_bottom_0&#8243;][vc_column_text el_class=&#8221;margin_top_0 padding_top_0&#8243; css=&#8221;.vc_custom_1603986787210{padding-top: 1rem !important;padding-bottom: 0.5rem !important;background-color: #f9f9f9 !important;}&#8221;]\n<p style=\"text-align: center;\"><strong>\u00d6reg t\u00f6r\u00f6k &#8211; sumeni rajz<\/strong><br \/>\nfilctoll, pap\u00edr, 33&#215;24 cm<br \/>\n1973<\/p>\n[\/vc_column_text][\/vc_column][vc_column width=&#8221;2\/3&#8243;][vc_column_text]Mi mondtuk, hogy \u201eL\u00e1ny akarunk venni, az\u00e9rt j\u00f6tt\u00fcnk.\u201d. K\u00e9t kecske \u00e1ra akkor a nek\u00fcnk fizetett tiszteletd\u00edjnak 1\/3-a volt \u2013 teh\u00e1t nyugodtan meg tudtuk volna venni a l\u00e1nyt. Meg is alkudtunk aznap. De micsoda k\u00f6r\u00fclm\u00e9nyek k\u00f6z\u00f6tt \u00e9ltek! Fah\u00e1zban, fat\u00e1ny\u00e9r, favilla, az \u00e1llatok bent\u2026 De nagyon tiszt\u00e1k \u00e9s rendesek voltak, csak az a sz\u00f6rny\u0171 elmaradott \u00e1llapot, ami ott volt az m\u00e1r nek\u00fcnk szinte m\u00e1r ismeretlen, m\u00fazeumokb\u00f3l ismert\u00fck csak. H\u00e1t azt\u00e1n megmondt\u00e1k, hogy ez az effendi \u2013 r\u00e1m mutattak \u2013 akar venni egy l\u00e1nyt. H\u00e1t mondom \u201e\u00c9n venn\u00e9k egy l\u00e1nyt!\u201d \u2013 f\u00e9lig viccesen, f\u00e9lig komolyan. Megkezd\u0151d\u00f6tt az alku \u2013 mert tudni kell, hogy a t\u00f6r\u00f6k\u00f6kn\u00e9l aki nem alkuszik az nem is ember. \u00dagyhogy a l\u00e1ny \u00e1r\u00e1t n\u00e9gy kecsk\u00e9ben szabta meg. \u201e\u00c1\u00e1\u00e1 &#8211; mondtam \u2013 az sok!\u201d<\/p>\n<p>K\u00f6r\u00fclbel\u00fcl 3 \u00f3r\u00e1t alkudoztam vele, j\u00f3 k\u00e9s\u0151 volt m\u00e1r (k\u00f6zben volt egy vacsora) mire meg\u00e1llapodtunk a l\u00e1ny \u00e1r\u00e1ban; k\u00e9t kecske. Na k\u00e9t kecsk\u00e9\u00e9rt nekem adja a l\u00e1nyt. De mi se a l\u00e1nyt nem l\u00e1ttuk, sem az asszonyt nem l\u00e1ttuk, a f\u00e9rfiak magunk ett\u00fcnk ott, ki volt k\u00e9sz\u00edtve\u2026 \u00c9s mondta, hogy holnap reggel megmutatja a v\u00e1s\u00e1rolt port\u00e9k\u00e1t \u00e9s a v\u00e1s\u00e1rolt port\u00e9k\u00e1t ki kell holnap a k\u00e9t kecske \u00e1r\u00e1val fizetni. \u00c9n m\u00e1r ott \u00e9ltem a gyan\u00faperrel \u00e9s mondtam a tolm\u00e1csunknak, hogy \u201eTe, Rask\u00f3 b\u00e1ty\u00e1m, nem lesz ebb\u0151l j\u00f3\u2026 Ez annyira komolyan veszi ez a f\u00e9rfi hogy baj lesz ebb\u0151l!\u201d \u201eH\u00e1t \u2013 azt mondja \u2013 majd megmondjuk!\u201d<\/p>\n<p>Reggel fel\u00e9bredt\u00fcnk, hideg v\u00edzben megmosdottunk az udvaron, egyszer csak kiszalad egy nagyon sz\u00e9p kisl\u00e1ny \u00e9s lev\u00e1g\u00f3dik az \u00e9n l\u00e1bam el\u00e9 \u2013 egy ilyen vietn\u00e1mi papucs volt a l\u00e1bamon, \u00e9s m\u00e9g szerencse, hogy el\u0151tte megmostam \u2013 \u00e9s elkezdte cs\u00f3kolgatni a l\u00e1bamat az a l\u00e1ny. Elkezdte mondani, hogy \u201eEffendi, Effendi!\u201d, tolm\u00e1cs meg ford\u00edtotta, hogy \u201eNagyon boldog a l\u00e1ny hogy megvetted, hogy megszabadulhat ett\u0151l a sz\u00f6rny\u0171 k\u00f6rnyezetb\u0151l, ami itt van \u00e9s \u0150 is, mint a testv\u00e9re, fest\u0151nek lesz majd a feles\u00e9ge meg minden\u201d<\/p>\n<p>\u201eH\u00fa \u2013 mondom \u2013 itt nagy baj lesz!\u201d. \u00c9reztem, hogy nagy baj lesz, hogy trag\u00e9dia lesz. \u00c9s akkor mondtam, hogy \u201eAz a nagy baj, hogy most nem tudom elvinni, de kifizetem, \u00e9s majd elj\u00f6v\u00f6k \u00e9rte!\u201d. A l\u00e1ny, amikor megtudta, hogy nem viszem el most, h\u00e1t \u0151 hiszt\u00e9rikuson vis\u00edtva mag\u00e1n k\u00edv\u00fcl h\u00e1nyta mag\u00e1t \u00e9s olyan sz\u00f6rny\u0171 dolgot csin\u00e1lt, hogy l\u00e1tni is borzaszt\u00f3 volt. Azt\u00e1n k\u00e9s\u0151bb csak hallottuk, hogy a szob\u00e1j\u00e1ban \u00fagy ny\u00fcsz\u00edt, mint egy kiskutya mint amikor megverik.<\/p>\n<p>H\u00e1t ez a l\u00e1nyv\u00e1s\u00e1r nem olyan j\u00f3l siker\u00fclt, megmondtam az ap\u00e1nak, hogy nem tudom most elvinni a l\u00e1nyt, mert pap\u00edrok meg egyebek kellenek hozz\u00e1, de kifizetem, \u00e9s majd \u00e9rte j\u00f6v\u00f6k. Az \u00f6reg azt mondta, hogy \u201eNa j\u00f3, tudom \u00e9n, hogy nem akarja elvinni, de a p\u00e9nz akkor is jogos, mert megalkudtunk r\u00e1! Hogy elviszi-e vagy nem? Kezet fogtunk! Az alku megvolt!\u201d<\/p>\n<p>\u00cdgy v\u00e1s\u00e1roltam \u00e9n Bulg\u00e1ri\u00e1ban k\u00e9t kecsk\u00e9\u00e9rt egy nagyon gy\u00f6ny\u00f6r\u0171 l\u00e1nyt, akit hogy a fen\u00e9be hozhattam volna haza \u00e9s hogy mondom a feles\u00e9gemnek, hogy \u201eN\u00e9zd csak, meghoztam a m\u00e1sodik asszonyt!\u201d<\/p>\n<p>\u00c9gerh\u00e1zi Imre[\/vc_column_text][\/vc_column][\/vc_row][vc_row el_class=&#8221;margin_top_0 padding_top_0&#8243;][vc_column][vc_separator][vc_row_inner][vc_column_inner width=&#8221;1\/2&#8243;][vc_single_image image=&#8221;10021&#8243; img_size=&#8221;large&#8221; alignment=&#8221;center&#8221; style=&#8221;xtd-shadow&#8211;normal-light&#8221; onclick=&#8221;link_image&#8221; el_class=&#8221;margin_bottom_0 padding_bottom_0&#8243;][vc_column_text el_class=&#8221;margin_top_0 padding_top_0&#8243; css=&#8221;.vc_custom_1603986838277{padding-top: 1rem !important;padding-bottom: 0.5rem !important;background-color: #f9f9f9 !important;}&#8221;]\n<p style=\"text-align: center;\"><strong>T\u00f6r\u00f6k asszonyok a Vitosa ulic\u00e1n<\/strong><br \/>\nfilctoll, pap\u00edr, 33&#215;24 cm<br \/>\n1973<\/p>\n[\/vc_column_text][\/vc_column_inner][vc_column_inner width=&#8221;1\/2&#8243;][vc_single_image image=&#8221;10054&#8243; img_size=&#8221;large&#8221; alignment=&#8221;center&#8221; style=&#8221;xtd-shadow&#8211;normal-light&#8221; onclick=&#8221;link_image&#8221; el_class=&#8221;margin_bottom_0 padding_bottom_0&#8243;][vc_column_text css=&#8221;.vc_custom_1603986846182{padding-top: 1rem !important;padding-bottom: 0.5rem !important;background-color: #f9f9f9 !important;}&#8221;]\n<p style=\"text-align: center;\"><strong>T\u00f6r\u00f6k f\u00e9rfi<\/strong><br \/>\nfilctoll, pap\u00edr, 33&#215;24 cm<br \/>\n1973.08.28.<\/p>\n[\/vc_column_text][\/vc_column_inner][\/vc_row_inner][vc_empty_space height=&#8221;64px&#8221;][vc_column_text]\n<p style=\"text-align: center;\"><b>Sumeni tanulm\u00e1nyi \u00fat<\/b><\/p>\n[\/vc_column_text][vc_row_inner][vc_column_inner width=&#8221;1\/2&#8243;][vc_single_image image=&#8221;11142&#8243; img_size=&#8221;large&#8221; alignment=&#8221;center&#8221; style=&#8221;xtd-shadow&#8211;normal-light&#8221; onclick=&#8221;link_image&#8221;][\/vc_column_inner][vc_column_inner width=&#8221;1\/2&#8243;][vc_single_image image=&#8221;11138&#8243; img_size=&#8221;large&#8221; alignment=&#8221;center&#8221; style=&#8221;xtd-shadow&#8211;normal-light&#8221; onclick=&#8221;link_image&#8221;][\/vc_column_inner][\/vc_row_inner][\/vc_column][\/vc_row]\n<\/div>","protected":false},"excerpt":{"rendered":"<p>[vc_row el_class=&#8221;padding_botton_0 margin_bottom_0&#8243;][vc_column width=&#8221;2\/3&#8243;][vc_column_text]Bulg\u00e1ri\u00e1ban voltam Madar\u00e1sz Gyul\u00e1val m\u0171v\u00e9sztelepen, illetve nem mint m\u0171v\u00e9sz, hanem vend\u00e9gk\u00e9nt voltunk ott \u00e9s egy s\u00f6rgy\u00e1rnak egy nagyon sz\u00e9p hatalmas vend\u00e9gh\u00e1z\u00e1ban voltunk. Egy emelet volt a Gyul\u00e1\u00e9, egy emelet meg az eny\u00e9m. \u00c9s nagyon j\u00f3l \u00e9rezt\u00fck ott magunkat, volt ott b\u0151ven hely\u00fcnk, sok vend\u00e9g j\u00f6tt hozz\u00e1nk, nagyon j\u00f3l tudtunk festeni, nagyon j\u00f3l tudtunk dolgozni. Egy teljes h\u00f3napot [&hellip;]<\/p>\n","protected":false},"author":4,"featured_media":0,"parent":10535,"menu_order":0,"comment_status":"closed","ping_status":"closed","template":"","meta":{"footnotes":""},"categories":[126],"tags":[175],"class_list":["post-10587","page","type-page","status-publish","hentry","category-irasok_egerhazi_imretol","tag-175"],"yoast_head":"<!-- This site is optimized with the Yoast SEO plugin v27.3 - https:\/\/yoast.com\/product\/yoast-seo-wordpress\/ -->\n<title>\u00c9gerh\u00e1zi Imre \u2013 Effendi l\u00e1nyt vesz, 1973 - \u00c9gerh\u00e1zi Imre<\/title>\n<meta name=\"robots\" content=\"index, follow, max-snippet:-1, max-image-preview:large, max-video-preview:-1\" \/>\n<link rel=\"canonical\" href=\"https:\/\/egerhaziimre.hu\/index.php\/eletrajz\/irasok-egerhazi-imrerol\/egerhazi-imre-effendi-lanyt-vesz\/?lang=en\" \/>\n<meta property=\"og:locale\" content=\"hu_HU\" \/>\n<meta property=\"og:type\" content=\"article\" \/>\n<meta property=\"og:title\" content=\"\u00c9gerh\u00e1zi Imre \u2013 Effendi l\u00e1nyt vesz, 1973 - \u00c9gerh\u00e1zi Imre\" \/>\n<meta property=\"og:description\" content=\"[vc_row el_class=&#8221;padding_botton_0 margin_bottom_0&#8243;][vc_column width=&#8221;2\/3&#8243;][vc_column_text]Bulg\u00e1ri\u00e1ban voltam Madar\u00e1sz Gyul\u00e1val m\u0171v\u00e9sztelepen, illetve nem mint m\u0171v\u00e9sz, hanem vend\u00e9gk\u00e9nt voltunk ott \u00e9s egy s\u00f6rgy\u00e1rnak egy nagyon sz\u00e9p hatalmas vend\u00e9gh\u00e1z\u00e1ban voltunk. Egy emelet volt a Gyul\u00e1\u00e9, egy emelet meg az eny\u00e9m. \u00c9s nagyon j\u00f3l \u00e9rezt\u00fck ott magunkat, volt ott b\u0151ven hely\u00fcnk, sok vend\u00e9g j\u00f6tt hozz\u00e1nk, nagyon j\u00f3l tudtunk festeni, nagyon j\u00f3l tudtunk dolgozni. Egy teljes h\u00f3napot [&hellip;]\" \/>\n<meta property=\"og:url\" content=\"https:\/\/egerhaziimre.hu\/index.php\/eletrajz\/irasok-egerhazi-imrerol\/egerhazi-imre-effendi-lanyt-vesz\/?lang=en\" \/>\n<meta property=\"og:site_name\" content=\"\u00c9gerh\u00e1zi Imre\" \/>\n<meta property=\"article:modified_time\" content=\"2020-10-30T13:40:40+00:00\" \/>\n<meta name=\"twitter:card\" content=\"summary_large_image\" \/>\n<meta name=\"twitter:label1\" content=\"Becs\u00fclt olvas\u00e1si id\u0151\" \/>\n\t<meta name=\"twitter:data1\" content=\"14 perc\" \/>\n<script type=\"application\/ld+json\" class=\"yoast-schema-graph\">{\"@context\":\"https:\\\/\\\/schema.org\",\"@graph\":[{\"@type\":\"WebPage\",\"@id\":\"https:\\\/\\\/egerhaziimre.hu\\\/index.php\\\/eletrajz\\\/irasok-egerhazi-imrerol\\\/egerhazi-imre-effendi-lanyt-vesz\\\/?lang=en\",\"url\":\"https:\\\/\\\/egerhaziimre.hu\\\/index.php\\\/eletrajz\\\/irasok-egerhazi-imrerol\\\/egerhazi-imre-effendi-lanyt-vesz\\\/?lang=en\",\"name\":\"\u00c9gerh\u00e1zi Imre \u2013 Effendi l\u00e1nyt vesz, 1973 - \u00c9gerh\u00e1zi Imre\",\"isPartOf\":{\"@id\":\"https:\\\/\\\/egerhaziimre.hu\\\/#website\"},\"datePublished\":\"1973-10-07T10:22:56+00:00\",\"dateModified\":\"2020-10-30T13:40:40+00:00\",\"breadcrumb\":{\"@id\":\"https:\\\/\\\/egerhaziimre.hu\\\/index.php\\\/eletrajz\\\/irasok-egerhazi-imrerol\\\/egerhazi-imre-effendi-lanyt-vesz\\\/?lang=en#breadcrumb\"},\"inLanguage\":\"hu\",\"potentialAction\":[{\"@type\":\"ReadAction\",\"target\":[\"https:\\\/\\\/egerhaziimre.hu\\\/index.php\\\/eletrajz\\\/irasok-egerhazi-imrerol\\\/egerhazi-imre-effendi-lanyt-vesz\\\/?lang=en\"]}]},{\"@type\":\"BreadcrumbList\",\"@id\":\"https:\\\/\\\/egerhaziimre.hu\\\/index.php\\\/eletrajz\\\/irasok-egerhazi-imrerol\\\/egerhazi-imre-effendi-lanyt-vesz\\\/?lang=en#breadcrumb\",\"itemListElement\":[{\"@type\":\"ListItem\",\"position\":1,\"name\":\"Home\",\"item\":\"https:\\\/\\\/egerhaziimre.hu\\\/\"},{\"@type\":\"ListItem\",\"position\":2,\"name\":\"\u00c9letrajz\",\"item\":\"https:\\\/\\\/egerhaziimre.hu\\\/index.php\\\/eletrajz\\\/\"},{\"@type\":\"ListItem\",\"position\":3,\"name\":\"Writings about Imre \u00c9gerh\u00e1zi\",\"item\":\"https:\\\/\\\/egerhaziimre.hu\\\/index.php\\\/eletrajz\\\/irasok-egerhazi-imrerol\\\/?lang=en\"},{\"@type\":\"ListItem\",\"position\":4,\"name\":\"Imre \u00c9gerh\u00e1zi \u2013 Effendi buying a girl, 1973\"}]},{\"@type\":\"WebSite\",\"@id\":\"https:\\\/\\\/egerhaziimre.hu\\\/#website\",\"url\":\"https:\\\/\\\/egerhaziimre.hu\\\/\",\"name\":\"\u00c9gerh\u00e1zi Imre\",\"description\":\"\",\"potentialAction\":[{\"@type\":\"SearchAction\",\"target\":{\"@type\":\"EntryPoint\",\"urlTemplate\":\"https:\\\/\\\/egerhaziimre.hu\\\/?s={search_term_string}\"},\"query-input\":{\"@type\":\"PropertyValueSpecification\",\"valueRequired\":true,\"valueName\":\"search_term_string\"}}],\"inLanguage\":\"hu\"}]}<\/script>\n<!-- \/ Yoast SEO plugin. -->","yoast_head_json":{"title":"\u00c9gerh\u00e1zi Imre \u2013 Effendi l\u00e1nyt vesz, 1973 - \u00c9gerh\u00e1zi Imre","robots":{"index":"index","follow":"follow","max-snippet":"max-snippet:-1","max-image-preview":"max-image-preview:large","max-video-preview":"max-video-preview:-1"},"canonical":"https:\/\/egerhaziimre.hu\/index.php\/eletrajz\/irasok-egerhazi-imrerol\/egerhazi-imre-effendi-lanyt-vesz\/?lang=en","og_locale":"hu_HU","og_type":"article","og_title":"\u00c9gerh\u00e1zi Imre \u2013 Effendi l\u00e1nyt vesz, 1973 - \u00c9gerh\u00e1zi Imre","og_description":"[vc_row el_class=&#8221;padding_botton_0 margin_bottom_0&#8243;][vc_column width=&#8221;2\/3&#8243;][vc_column_text]Bulg\u00e1ri\u00e1ban voltam Madar\u00e1sz Gyul\u00e1val m\u0171v\u00e9sztelepen, illetve nem mint m\u0171v\u00e9sz, hanem vend\u00e9gk\u00e9nt voltunk ott \u00e9s egy s\u00f6rgy\u00e1rnak egy nagyon sz\u00e9p hatalmas vend\u00e9gh\u00e1z\u00e1ban voltunk. Egy emelet volt a Gyul\u00e1\u00e9, egy emelet meg az eny\u00e9m. \u00c9s nagyon j\u00f3l \u00e9rezt\u00fck ott magunkat, volt ott b\u0151ven hely\u00fcnk, sok vend\u00e9g j\u00f6tt hozz\u00e1nk, nagyon j\u00f3l tudtunk festeni, nagyon j\u00f3l tudtunk dolgozni. Egy teljes h\u00f3napot [&hellip;]","og_url":"https:\/\/egerhaziimre.hu\/index.php\/eletrajz\/irasok-egerhazi-imrerol\/egerhazi-imre-effendi-lanyt-vesz\/?lang=en","og_site_name":"\u00c9gerh\u00e1zi Imre","article_modified_time":"2020-10-30T13:40:40+00:00","twitter_card":"summary_large_image","twitter_misc":{"Becs\u00fclt olvas\u00e1si id\u0151":"14 perc"},"schema":{"@context":"https:\/\/schema.org","@graph":[{"@type":"WebPage","@id":"https:\/\/egerhaziimre.hu\/index.php\/eletrajz\/irasok-egerhazi-imrerol\/egerhazi-imre-effendi-lanyt-vesz\/?lang=en","url":"https:\/\/egerhaziimre.hu\/index.php\/eletrajz\/irasok-egerhazi-imrerol\/egerhazi-imre-effendi-lanyt-vesz\/?lang=en","name":"\u00c9gerh\u00e1zi Imre \u2013 Effendi l\u00e1nyt vesz, 1973 - \u00c9gerh\u00e1zi Imre","isPartOf":{"@id":"https:\/\/egerhaziimre.hu\/#website"},"datePublished":"1973-10-07T10:22:56+00:00","dateModified":"2020-10-30T13:40:40+00:00","breadcrumb":{"@id":"https:\/\/egerhaziimre.hu\/index.php\/eletrajz\/irasok-egerhazi-imrerol\/egerhazi-imre-effendi-lanyt-vesz\/?lang=en#breadcrumb"},"inLanguage":"hu","potentialAction":[{"@type":"ReadAction","target":["https:\/\/egerhaziimre.hu\/index.php\/eletrajz\/irasok-egerhazi-imrerol\/egerhazi-imre-effendi-lanyt-vesz\/?lang=en"]}]},{"@type":"BreadcrumbList","@id":"https:\/\/egerhaziimre.hu\/index.php\/eletrajz\/irasok-egerhazi-imrerol\/egerhazi-imre-effendi-lanyt-vesz\/?lang=en#breadcrumb","itemListElement":[{"@type":"ListItem","position":1,"name":"Home","item":"https:\/\/egerhaziimre.hu\/"},{"@type":"ListItem","position":2,"name":"\u00c9letrajz","item":"https:\/\/egerhaziimre.hu\/index.php\/eletrajz\/"},{"@type":"ListItem","position":3,"name":"Writings about Imre \u00c9gerh\u00e1zi","item":"https:\/\/egerhaziimre.hu\/index.php\/eletrajz\/irasok-egerhazi-imrerol\/?lang=en"},{"@type":"ListItem","position":4,"name":"Imre \u00c9gerh\u00e1zi \u2013 Effendi buying a girl, 1973"}]},{"@type":"WebSite","@id":"https:\/\/egerhaziimre.hu\/#website","url":"https:\/\/egerhaziimre.hu\/","name":"\u00c9gerh\u00e1zi Imre","description":"","potentialAction":[{"@type":"SearchAction","target":{"@type":"EntryPoint","urlTemplate":"https:\/\/egerhaziimre.hu\/?s={search_term_string}"},"query-input":{"@type":"PropertyValueSpecification","valueRequired":true,"valueName":"search_term_string"}}],"inLanguage":"hu"}]}},"jetpack_sharing_enabled":true,"_links":{"self":[{"href":"https:\/\/egerhaziimre.hu\/index.php\/wp-json\/wp\/v2\/pages\/10587","targetHints":{"allow":["GET"]}}],"collection":[{"href":"https:\/\/egerhaziimre.hu\/index.php\/wp-json\/wp\/v2\/pages"}],"about":[{"href":"https:\/\/egerhaziimre.hu\/index.php\/wp-json\/wp\/v2\/types\/page"}],"author":[{"embeddable":true,"href":"https:\/\/egerhaziimre.hu\/index.php\/wp-json\/wp\/v2\/users\/4"}],"replies":[{"embeddable":true,"href":"https:\/\/egerhaziimre.hu\/index.php\/wp-json\/wp\/v2\/comments?post=10587"}],"version-history":[{"count":24,"href":"https:\/\/egerhaziimre.hu\/index.php\/wp-json\/wp\/v2\/pages\/10587\/revisions"}],"predecessor-version":[{"id":11153,"href":"https:\/\/egerhaziimre.hu\/index.php\/wp-json\/wp\/v2\/pages\/10587\/revisions\/11153"}],"up":[{"embeddable":true,"href":"https:\/\/egerhaziimre.hu\/index.php\/wp-json\/wp\/v2\/pages\/10535"}],"wp:attachment":[{"href":"https:\/\/egerhaziimre.hu\/index.php\/wp-json\/wp\/v2\/media?parent=10587"}],"wp:term":[{"taxonomy":"category","embeddable":true,"href":"https:\/\/egerhaziimre.hu\/index.php\/wp-json\/wp\/v2\/categories?post=10587"},{"taxonomy":"post_tag","embeddable":true,"href":"https:\/\/egerhaziimre.hu\/index.php\/wp-json\/wp\/v2\/tags?post=10587"}],"curies":[{"name":"wp","href":"https:\/\/api.w.org\/{rel}","templated":true}]}}