{"id":10590,"date":"1963-11-03T11:28:41","date_gmt":"1963-11-03T10:28:41","guid":{"rendered":"https:\/\/egerhaziimre.hu\/?page_id=10590"},"modified":"2020-10-12T16:14:51","modified_gmt":"2020-10-12T14:14:51","slug":"egerhazi-imre-1963as-elso-kiallitasanak-megnyito-szovege","status":"publish","type":"page","link":"https:\/\/egerhaziimre.hu\/index.php\/eletrajz\/irasok-egerhazi-imrerol\/egerhazi-imre-1963as-elso-kiallitasanak-megnyito-szovege\/","title":{"rendered":"\u00c9gerh\u00e1zi Imre 1963-as els\u0151 ki\u00e1ll\u00edt\u00e1s\u00e1nak megnyit\u00f3 sz\u00f6vege, Menyh\u00e1rt J\u00f3zsef fest\u0151m\u0171v\u00e9sz"},"content":{"rendered":"<div class=\"wpb-content-wrapper\">[vc_row][vc_column][vc_column_text]\n<h6>\u00c9gerh\u00e1zi Imre \u00e9s Vel\u00e9nyi Rudolf ki\u00e1ll\u00edt\u00e1sa<\/h6>\n<p>A Hajd\u00fa-Bihar megyei N\u00e9pm\u0171vel\u00e9si Tan\u00e1csad\u00f3 rendez\u00e9s\u00e9ben november 3-\u00e1n ny\u00edlt meg az Ady Endre M\u0171vel\u0151d\u00e9si H\u00e1z helyis\u00e9geiben \u00c9gerh\u00e1zi Imre \u00e9s Vel\u00e9nyi Rudolf fest\u0151m\u0171v\u00e9szek ki\u00e1ll\u00edt\u00e1sa. Mindk\u00e9t m\u0171v\u00e9szt &#8211; b\u00e1r nem ebben a v\u00e1rosban sz\u00fclettek &#8211; debrecenieknek sz\u00e1m\u00edtjuk. \u0150k is annak vallj\u00e1k magukat, hiszen kora gyermek\u00e9veikt\u0151l fogva itt \u00e9lnek, itt iskol\u00e1ztak, itt dolgoznak.<\/p>\n<p>\u00c9gerh\u00e1zi Imr\u00e9t &#8211; b\u00e1r 38 \u00e9ves &#8211; fiatal m\u0171v\u00e9sznek kell tekinten\u00fcnk. Sorsa \u00fagy alakult, hogy a m\u0171v\u00e9szettel &#8211; b\u00e1r mag\u00e1ban hordozta a hivat\u00e1s \u00e9rz\u00e9s\u00e9t &#8211; csak az ut\u00f3bbi \u00e9vekben ker\u00fclhetett komolyabb, annak l\u00e9nyeg\u00e9t mindjobban meg\u00e9rt\u0151 kapcsolatba. Mint az SZTK. tisztvisel\u0151je, mint f\u00e9rj \u00e9s csal\u00e1dapa, csak a munkaid\u0151n t\u00fali \u00e9s a csal\u00e1di \u00e9let adta sok-sok feladat elv\u00e9gz\u00e9se ut\u00e1ni szabadidej\u00e9t tudja a m\u0171v\u00e9szet gyakorl\u00e1s\u00e1ra ford\u00edtani. Azonban az a m\u00e9ly szeretet \u00e9s tisztelet, amelyet a m\u0171v\u00e9szet ir\u00e1nt \u00e9rez, az a &#8211; szinte konok &#8211; \u00e1llhatatos akart, amellyel az el\u0151tte felmer\u00fcl\u0151 akad\u00e1lyokon igyekszik mag\u00e1t \u00e1tk\u00fczdeni, m\u00e1ris megmutatja az eredm\u00e9nyeket. A kor\u00e1bbi &#8211; kiss\u00e9 mechanikus &#8211; term\u00e9szetelv\u0171 szeml\u00e9let\u00e9t ma m\u00e1r a l\u00e9nyeget megragadni tud\u00f3, \u0151szinte artisztikumra t\u00f6rekv\u0151, a t\u00e9ma intimit\u00e1s\u00e1ra r\u00e1tapintatni tud\u00f3 l\u00e1t\u00e1s v\u00e1ltja fel. K\u00eds\u00e9rletez\u0151 kedv\u0171. Nemcsak olajjal fest, hanem igen kedveli a fekete \u00e9s sz\u00ednes monotopia megold\u00e1sokat \u00e9s linometsz\u00e9ssel is foglalkozik. T\u00e9mak\u00f6re a lak\u00f3hely k\u00f6r\u00fcli kis utcar\u00e9szletek, r\u00e9gi h\u00e1zak (Utcar\u00e9sz, H\u00e1zak, R\u00e9gi h\u00e1zak), a csal\u00e1di \u00e9let (Pihen\u0151 n\u0151, K\u00e9sz\u00fcl\u0151d\u00e9s) \u00e9s csend\u00e9letek. Mivel az \u00f6nmag\u00e1val szemben t\u00e1masztott ig\u00e9ny \u00e9s a mindig magasabbra emelt m\u0171v\u00e9szi min\u0151s\u00e9gi m\u00e9rce biztos\u00edt\u00e9k fejl\u0151d\u00e9s\u00e9hez, \u00e9vr\u0151l-\u00e9vre tal\u00e1lkozni fogunk nev\u00e9vel \u00e9s mindink\u00e1bb teljesebb \u00e9rt\u00e9k\u0171 m\u0171veivel.<\/p>\n<p>A 23 \u00e9ves Vel\u00e9nyi Rudolf \u00e9lete szerencs\u00e9sebben form\u00e1l\u00f3dott. M\u00e1r hatodik \u00e1ltal\u00e1nos iskol\u00e1s kor\u00e1t\u00f3l bekapcsol\u00f3dhatott a tehets\u00e9g\u00e9t form\u00e1l\u00f3 helyi k\u00e9pz\u0151m\u0171v\u00e9szeti k\u00f6ri munk\u00e1ba. Az egri Pedag\u00f3giai F\u0151iskola elv\u00e9gz\u00e9se ut\u00e1n az 1963-as iskolai \u00e9vvel annak a helyi T\u00f3th \u00c1rp\u00e1d Gimn\u00e1ziumnak lehetett tan\u00e1ra, ahol \u00e9retts\u00e9gij\u00e9t is megszerezte. \u0150 sem f\u00fcggetlen m\u0171v\u00e9sz teh\u00e1t, de munkak\u00f6r\u00e9vel \u00e1lland\u00f3 \u00e9rintkez\u00e9si fel\u00fclete van a k\u00e9pz\u0151m\u0171v\u00e9szettel. Vel\u00e9nyi Rudolf azonban nemcsak ez\u00e9rt, hanem alkati fel\u00e9p\u00edtetts\u00e9g\u00e9n\u00e9l fogva is \u00e9l\u00e9nkebben tud reag\u00e1lni a korszer\u0171bb m\u0171v\u00e9szeti felfog\u00e1sok ir\u00e1nt.<br \/>\nM\u0171v\u00e9szi l\u00e1t\u00e1sm\u00f3dj\u00e1ban, t\u00e9m\u00e1inak megv\u00e1laszt\u00e1s\u00e1ban m\u00e1r most k\u00f6zponti helyre tudja illeszteni a monumentalit\u00e1sra, konstruktivit\u00e1sra val\u00f3 t\u00f6rekv\u00e9st (T\u0171zfalak, K\u00e9m\u00e9nyek, Sz\u00fcrke tet\u0151). M\u00e9g kisebb k\u00e9pein is a t\u00e9rnek szerkeszt\u00e9ses megold\u00e1sai izgatj\u00e1k. \u00c9rdeklik az \u00e9p\u00edt\u00e9szet-fest\u00e9szet \u00faj kapcsolatai \u00e9s m\u0171veiben m\u00e1ris jelentkezik a mur\u00e1lis feladatok fel\u00e9 val\u00f3 t\u00f6rekv\u00e9s, k\u00fcl\u00f6n\u00f6sen sz\u00e9p p\u00e9lda erre a Kik\u00f6t\u0151ben c\u00edm\u0171 festm\u00e9nye.<br \/>\n\u00d6rvendetes, hogy m\u0171v\u00e9szi l\u00e1t\u00e1sa az \u00e9lm\u00e9nyek ler\u00f6gz\u00edt\u00e9s\u00e9ben, \u00e1tl\u00e9nyeg\u00edt\u00e9s\u00e9ben nem v\u00e1lik ridegg\u00e9, kem\u00e9nny\u00e9. Az \u00e9rzelmi \u00e1tf\u0171t\u00f6tts\u00e9g \u00e9s intimit\u00e1s n\u00e1la is jelentkezik. Nemcsak a sz\u00ednek \u00f6sszefog\u00e1s\u00e1ra \u00f6tletesen haszn\u00e1lt fekete kr\u00e9ta hamvass\u00e1g\u00e1ban \u00e9s magyar\u00e1z\u00f3 erej\u00e9ben mutatkozik ez meg, hanem az emberi jellemet a gondolati tartalmat is k\u00f6z\u00f6lni tud\u00f3 erej\u00e9ben. Ketten c\u00edm\u0171 festm\u00e9ny\u00e9n a z\u00f6ld sz\u00ednek ritmus\u00e1t is fel tudja haszn\u00e1lni a lelki szitu\u00e1ci\u00f3 \u00e9rz\u00e9keltet\u00e9s\u00e9re. Tehets\u00e9ge mellett annak a felel\u0151ss\u00e9gnek is tudat\u00e1ban kell lennie, amely felel\u0151ss\u00e9get \u00e9ppen tehets\u00e9ge miatt jogosan v\u00e1runk el t\u0151le.<\/p>\n<p>Menyh\u00e1rt J\u00f3zsef<br \/>\nfest\u0151m\u0171v\u00e9sz[\/vc_column_text][vc_separator][vc_row_inner][vc_column_inner width=&#8221;1\/2&#8243;][vc_single_image image=&#8221;10594&#8243; img_size=&#8221;large&#8221; alignment=&#8221;center&#8221; style=&#8221;xtd-shadow&#8211;normal-light&#8221; onclick=&#8221;link_image&#8221;][\/vc_column_inner][vc_column_inner width=&#8221;1\/2&#8243;][vc_single_image image=&#8221;10595&#8243; img_size=&#8221;large&#8221; alignment=&#8221;center&#8221; style=&#8221;xtd-shadow&#8211;normal-light&#8221; onclick=&#8221;link_image&#8221;][\/vc_column_inner][\/vc_row_inner][\/vc_column][\/vc_row]\n<\/div>","protected":false},"excerpt":{"rendered":"<p>[vc_row][vc_column][vc_column_text] \u00c9gerh\u00e1zi Imre \u00e9s Vel\u00e9nyi Rudolf ki\u00e1ll\u00edt\u00e1sa A Hajd\u00fa-Bihar megyei N\u00e9pm\u0171vel\u00e9si Tan\u00e1csad\u00f3 rendez\u00e9s\u00e9ben november 3-\u00e1n ny\u00edlt meg az Ady Endre M\u0171vel\u0151d\u00e9si H\u00e1z helyis\u00e9geiben \u00c9gerh\u00e1zi Imre \u00e9s Vel\u00e9nyi Rudolf fest\u0151m\u0171v\u00e9szek ki\u00e1ll\u00edt\u00e1sa. Mindk\u00e9t m\u0171v\u00e9szt &#8211; b\u00e1r nem ebben a v\u00e1rosban sz\u00fclettek &#8211; debrecenieknek sz\u00e1m\u00edtjuk. \u0150k is annak vallj\u00e1k magukat, hiszen kora gyermek\u00e9veikt\u0151l fogva itt \u00e9lnek, itt iskol\u00e1ztak, itt dolgoznak. \u00c9gerh\u00e1zi Imr\u00e9t &#8211; [&hellip;]<\/p>\n","protected":false},"author":4,"featured_media":0,"parent":10535,"menu_order":0,"comment_status":"closed","ping_status":"closed","template":"","meta":{"footnotes":""},"categories":[219],"tags":[85],"class_list":["post-10590","page","type-page","status-publish","hentry","category-irasok_egerhazi_imrerol","tag-85"],"yoast_head":"<!-- This site is optimized with the Yoast SEO plugin v27.3 - https:\/\/yoast.com\/product\/yoast-seo-wordpress\/ -->\n<title>\u00c9gerh\u00e1zi Imre 1963-as els\u0151 ki\u00e1ll\u00edt\u00e1s\u00e1nak megnyit\u00f3 sz\u00f6vege, Menyh\u00e1rt J\u00f3zsef fest\u0151m\u0171v\u00e9sz - \u00c9gerh\u00e1zi Imre<\/title>\n<meta name=\"robots\" content=\"index, follow, max-snippet:-1, max-image-preview:large, max-video-preview:-1\" \/>\n<link rel=\"canonical\" href=\"https:\/\/egerhaziimre.hu\/index.php\/eletrajz\/irasok-egerhazi-imrerol\/egerhazi-imre-1963as-elso-kiallitasanak-megnyito-szovege\/?lang=en\" \/>\n<meta property=\"og:locale\" content=\"hu_HU\" \/>\n<meta property=\"og:type\" content=\"article\" \/>\n<meta property=\"og:title\" content=\"\u00c9gerh\u00e1zi Imre 1963-as els\u0151 ki\u00e1ll\u00edt\u00e1s\u00e1nak megnyit\u00f3 sz\u00f6vege, Menyh\u00e1rt J\u00f3zsef fest\u0151m\u0171v\u00e9sz - \u00c9gerh\u00e1zi Imre\" \/>\n<meta property=\"og:description\" content=\"[vc_row][vc_column][vc_column_text] \u00c9gerh\u00e1zi Imre \u00e9s Vel\u00e9nyi Rudolf ki\u00e1ll\u00edt\u00e1sa A Hajd\u00fa-Bihar megyei N\u00e9pm\u0171vel\u00e9si Tan\u00e1csad\u00f3 rendez\u00e9s\u00e9ben november 3-\u00e1n ny\u00edlt meg az Ady Endre M\u0171vel\u0151d\u00e9si H\u00e1z helyis\u00e9geiben \u00c9gerh\u00e1zi Imre \u00e9s Vel\u00e9nyi Rudolf fest\u0151m\u0171v\u00e9szek ki\u00e1ll\u00edt\u00e1sa. Mindk\u00e9t m\u0171v\u00e9szt &#8211; b\u00e1r nem ebben a v\u00e1rosban sz\u00fclettek &#8211; debrecenieknek sz\u00e1m\u00edtjuk. \u0150k is annak vallj\u00e1k magukat, hiszen kora gyermek\u00e9veikt\u0151l fogva itt \u00e9lnek, itt iskol\u00e1ztak, itt dolgoznak. \u00c9gerh\u00e1zi Imr\u00e9t &#8211; [&hellip;]\" \/>\n<meta property=\"og:url\" content=\"https:\/\/egerhaziimre.hu\/index.php\/eletrajz\/irasok-egerhazi-imrerol\/egerhazi-imre-1963as-elso-kiallitasanak-megnyito-szovege\/?lang=en\" \/>\n<meta property=\"og:site_name\" content=\"\u00c9gerh\u00e1zi Imre\" \/>\n<meta property=\"article:modified_time\" content=\"2020-10-12T14:14:51+00:00\" \/>\n<meta name=\"twitter:card\" content=\"summary_large_image\" \/>\n<meta name=\"twitter:label1\" content=\"Becs\u00fclt olvas\u00e1si id\u0151\" \/>\n\t<meta name=\"twitter:data1\" content=\"7 perc\" \/>\n<script type=\"application\/ld+json\" class=\"yoast-schema-graph\">{\"@context\":\"https:\\\/\\\/schema.org\",\"@graph\":[{\"@type\":\"WebPage\",\"@id\":\"https:\\\/\\\/egerhaziimre.hu\\\/index.php\\\/eletrajz\\\/irasok-egerhazi-imrerol\\\/egerhazi-imre-1963as-elso-kiallitasanak-megnyito-szovege\\\/?lang=en\",\"url\":\"https:\\\/\\\/egerhaziimre.hu\\\/index.php\\\/eletrajz\\\/irasok-egerhazi-imrerol\\\/egerhazi-imre-1963as-elso-kiallitasanak-megnyito-szovege\\\/?lang=en\",\"name\":\"\u00c9gerh\u00e1zi Imre 1963-as els\u0151 ki\u00e1ll\u00edt\u00e1s\u00e1nak megnyit\u00f3 sz\u00f6vege, Menyh\u00e1rt J\u00f3zsef fest\u0151m\u0171v\u00e9sz - \u00c9gerh\u00e1zi Imre\",\"isPartOf\":{\"@id\":\"https:\\\/\\\/egerhaziimre.hu\\\/#website\"},\"datePublished\":\"1963-11-03T10:28:41+00:00\",\"dateModified\":\"2020-10-12T14:14:51+00:00\",\"breadcrumb\":{\"@id\":\"https:\\\/\\\/egerhaziimre.hu\\\/index.php\\\/eletrajz\\\/irasok-egerhazi-imrerol\\\/egerhazi-imre-1963as-elso-kiallitasanak-megnyito-szovege\\\/?lang=en#breadcrumb\"},\"inLanguage\":\"hu\",\"potentialAction\":[{\"@type\":\"ReadAction\",\"target\":[\"https:\\\/\\\/egerhaziimre.hu\\\/index.php\\\/eletrajz\\\/irasok-egerhazi-imrerol\\\/egerhazi-imre-1963as-elso-kiallitasanak-megnyito-szovege\\\/?lang=en\"]}]},{\"@type\":\"BreadcrumbList\",\"@id\":\"https:\\\/\\\/egerhaziimre.hu\\\/index.php\\\/eletrajz\\\/irasok-egerhazi-imrerol\\\/egerhazi-imre-1963as-elso-kiallitasanak-megnyito-szovege\\\/?lang=en#breadcrumb\",\"itemListElement\":[{\"@type\":\"ListItem\",\"position\":1,\"name\":\"Home\",\"item\":\"https:\\\/\\\/egerhaziimre.hu\\\/\"},{\"@type\":\"ListItem\",\"position\":2,\"name\":\"\u00c9letrajz\",\"item\":\"https:\\\/\\\/egerhaziimre.hu\\\/index.php\\\/eletrajz\\\/\"},{\"@type\":\"ListItem\",\"position\":3,\"name\":\"Writings about Imre \u00c9gerh\u00e1zi\",\"item\":\"https:\\\/\\\/egerhaziimre.hu\\\/index.php\\\/eletrajz\\\/irasok-egerhazi-imrerol\\\/?lang=en\"},{\"@type\":\"ListItem\",\"position\":4,\"name\":\"Exhibition of Imre \u00c9gerh\u00e1zi and Rudolf Vel\u00e9nyi foreword by J\u00f3zsef Menyh\u00e1rt\"}]},{\"@type\":\"WebSite\",\"@id\":\"https:\\\/\\\/egerhaziimre.hu\\\/#website\",\"url\":\"https:\\\/\\\/egerhaziimre.hu\\\/\",\"name\":\"\u00c9gerh\u00e1zi Imre\",\"description\":\"\",\"potentialAction\":[{\"@type\":\"SearchAction\",\"target\":{\"@type\":\"EntryPoint\",\"urlTemplate\":\"https:\\\/\\\/egerhaziimre.hu\\\/?s={search_term_string}\"},\"query-input\":{\"@type\":\"PropertyValueSpecification\",\"valueRequired\":true,\"valueName\":\"search_term_string\"}}],\"inLanguage\":\"hu\"}]}<\/script>\n<!-- \/ Yoast SEO plugin. -->","yoast_head_json":{"title":"\u00c9gerh\u00e1zi Imre 1963-as els\u0151 ki\u00e1ll\u00edt\u00e1s\u00e1nak megnyit\u00f3 sz\u00f6vege, Menyh\u00e1rt J\u00f3zsef fest\u0151m\u0171v\u00e9sz - \u00c9gerh\u00e1zi Imre","robots":{"index":"index","follow":"follow","max-snippet":"max-snippet:-1","max-image-preview":"max-image-preview:large","max-video-preview":"max-video-preview:-1"},"canonical":"https:\/\/egerhaziimre.hu\/index.php\/eletrajz\/irasok-egerhazi-imrerol\/egerhazi-imre-1963as-elso-kiallitasanak-megnyito-szovege\/?lang=en","og_locale":"hu_HU","og_type":"article","og_title":"\u00c9gerh\u00e1zi Imre 1963-as els\u0151 ki\u00e1ll\u00edt\u00e1s\u00e1nak megnyit\u00f3 sz\u00f6vege, Menyh\u00e1rt J\u00f3zsef fest\u0151m\u0171v\u00e9sz - \u00c9gerh\u00e1zi Imre","og_description":"[vc_row][vc_column][vc_column_text] \u00c9gerh\u00e1zi Imre \u00e9s Vel\u00e9nyi Rudolf ki\u00e1ll\u00edt\u00e1sa A Hajd\u00fa-Bihar megyei N\u00e9pm\u0171vel\u00e9si Tan\u00e1csad\u00f3 rendez\u00e9s\u00e9ben november 3-\u00e1n ny\u00edlt meg az Ady Endre M\u0171vel\u0151d\u00e9si H\u00e1z helyis\u00e9geiben \u00c9gerh\u00e1zi Imre \u00e9s Vel\u00e9nyi Rudolf fest\u0151m\u0171v\u00e9szek ki\u00e1ll\u00edt\u00e1sa. Mindk\u00e9t m\u0171v\u00e9szt &#8211; b\u00e1r nem ebben a v\u00e1rosban sz\u00fclettek &#8211; debrecenieknek sz\u00e1m\u00edtjuk. \u0150k is annak vallj\u00e1k magukat, hiszen kora gyermek\u00e9veikt\u0151l fogva itt \u00e9lnek, itt iskol\u00e1ztak, itt dolgoznak. \u00c9gerh\u00e1zi Imr\u00e9t &#8211; [&hellip;]","og_url":"https:\/\/egerhaziimre.hu\/index.php\/eletrajz\/irasok-egerhazi-imrerol\/egerhazi-imre-1963as-elso-kiallitasanak-megnyito-szovege\/?lang=en","og_site_name":"\u00c9gerh\u00e1zi Imre","article_modified_time":"2020-10-12T14:14:51+00:00","twitter_card":"summary_large_image","twitter_misc":{"Becs\u00fclt olvas\u00e1si id\u0151":"7 perc"},"schema":{"@context":"https:\/\/schema.org","@graph":[{"@type":"WebPage","@id":"https:\/\/egerhaziimre.hu\/index.php\/eletrajz\/irasok-egerhazi-imrerol\/egerhazi-imre-1963as-elso-kiallitasanak-megnyito-szovege\/?lang=en","url":"https:\/\/egerhaziimre.hu\/index.php\/eletrajz\/irasok-egerhazi-imrerol\/egerhazi-imre-1963as-elso-kiallitasanak-megnyito-szovege\/?lang=en","name":"\u00c9gerh\u00e1zi Imre 1963-as els\u0151 ki\u00e1ll\u00edt\u00e1s\u00e1nak megnyit\u00f3 sz\u00f6vege, Menyh\u00e1rt J\u00f3zsef fest\u0151m\u0171v\u00e9sz - \u00c9gerh\u00e1zi Imre","isPartOf":{"@id":"https:\/\/egerhaziimre.hu\/#website"},"datePublished":"1963-11-03T10:28:41+00:00","dateModified":"2020-10-12T14:14:51+00:00","breadcrumb":{"@id":"https:\/\/egerhaziimre.hu\/index.php\/eletrajz\/irasok-egerhazi-imrerol\/egerhazi-imre-1963as-elso-kiallitasanak-megnyito-szovege\/?lang=en#breadcrumb"},"inLanguage":"hu","potentialAction":[{"@type":"ReadAction","target":["https:\/\/egerhaziimre.hu\/index.php\/eletrajz\/irasok-egerhazi-imrerol\/egerhazi-imre-1963as-elso-kiallitasanak-megnyito-szovege\/?lang=en"]}]},{"@type":"BreadcrumbList","@id":"https:\/\/egerhaziimre.hu\/index.php\/eletrajz\/irasok-egerhazi-imrerol\/egerhazi-imre-1963as-elso-kiallitasanak-megnyito-szovege\/?lang=en#breadcrumb","itemListElement":[{"@type":"ListItem","position":1,"name":"Home","item":"https:\/\/egerhaziimre.hu\/"},{"@type":"ListItem","position":2,"name":"\u00c9letrajz","item":"https:\/\/egerhaziimre.hu\/index.php\/eletrajz\/"},{"@type":"ListItem","position":3,"name":"Writings about Imre \u00c9gerh\u00e1zi","item":"https:\/\/egerhaziimre.hu\/index.php\/eletrajz\/irasok-egerhazi-imrerol\/?lang=en"},{"@type":"ListItem","position":4,"name":"Exhibition of Imre \u00c9gerh\u00e1zi and Rudolf Vel\u00e9nyi foreword by J\u00f3zsef Menyh\u00e1rt"}]},{"@type":"WebSite","@id":"https:\/\/egerhaziimre.hu\/#website","url":"https:\/\/egerhaziimre.hu\/","name":"\u00c9gerh\u00e1zi Imre","description":"","potentialAction":[{"@type":"SearchAction","target":{"@type":"EntryPoint","urlTemplate":"https:\/\/egerhaziimre.hu\/?s={search_term_string}"},"query-input":{"@type":"PropertyValueSpecification","valueRequired":true,"valueName":"search_term_string"}}],"inLanguage":"hu"}]}},"jetpack_sharing_enabled":true,"_links":{"self":[{"href":"https:\/\/egerhaziimre.hu\/index.php\/wp-json\/wp\/v2\/pages\/10590","targetHints":{"allow":["GET"]}}],"collection":[{"href":"https:\/\/egerhaziimre.hu\/index.php\/wp-json\/wp\/v2\/pages"}],"about":[{"href":"https:\/\/egerhaziimre.hu\/index.php\/wp-json\/wp\/v2\/types\/page"}],"author":[{"embeddable":true,"href":"https:\/\/egerhaziimre.hu\/index.php\/wp-json\/wp\/v2\/users\/4"}],"replies":[{"embeddable":true,"href":"https:\/\/egerhaziimre.hu\/index.php\/wp-json\/wp\/v2\/comments?post=10590"}],"version-history":[{"count":6,"href":"https:\/\/egerhaziimre.hu\/index.php\/wp-json\/wp\/v2\/pages\/10590\/revisions"}],"predecessor-version":[{"id":10764,"href":"https:\/\/egerhaziimre.hu\/index.php\/wp-json\/wp\/v2\/pages\/10590\/revisions\/10764"}],"up":[{"embeddable":true,"href":"https:\/\/egerhaziimre.hu\/index.php\/wp-json\/wp\/v2\/pages\/10535"}],"wp:attachment":[{"href":"https:\/\/egerhaziimre.hu\/index.php\/wp-json\/wp\/v2\/media?parent=10590"}],"wp:term":[{"taxonomy":"category","embeddable":true,"href":"https:\/\/egerhaziimre.hu\/index.php\/wp-json\/wp\/v2\/categories?post=10590"},{"taxonomy":"post_tag","embeddable":true,"href":"https:\/\/egerhaziimre.hu\/index.php\/wp-json\/wp\/v2\/tags?post=10590"}],"curies":[{"name":"wp","href":"https:\/\/api.w.org\/{rel}","templated":true}]}}