{"id":10604,"date":"1974-10-07T12:11:01","date_gmt":"1974-10-07T11:11:01","guid":{"rendered":"https:\/\/egerhaziimre.hu\/?page_id=10604"},"modified":"2023-06-13T14:53:55","modified_gmt":"2023-06-13T12:53:55","slug":"nagy_laszlo_janos_portrefilmjenek_szovege_1974","status":"publish","type":"page","link":"https:\/\/egerhaziimre.hu\/index.php\/eletrajz\/irasok-egerhazi-imrerol\/nagy_laszlo_janos_portrefilmjenek_szovege_1974\/","title":{"rendered":"Nagy L\u00e1szl\u00f3 J\u00e1nos portr\u00e9filmj\u00e9nek sz\u00f6vege, 1974"},"content":{"rendered":"<div class=\"wpb-content-wrapper\">[vc_row][vc_column][vc_row_inner][vc_column_inner width=&#8221;2\/3&#8243;][vc_column_text]\u201eHajd\u00fahadh\u00e1zon laktunk. Els\u0151 oszt\u00e1lyos koromban, az \u00e1ltal\u00e1nos iskol\u00e1ban Szab\u00f3 J\u00f3zsef tan\u00edt\u00f3t\u00f3l kaptam azt a bizonyos kr\u00e9t\u00e1t, amivel azt\u00e1n a k\u00f6rnyez\u0151 falusi h\u00e1zakat, feh\u00e9rfal\u00fa h\u00e1zakat, sz\u00fcrke ker\u00edt\u00e9seket \u2013 \u00fagy h\u00edvtuk beren\u00e1kat \u2013 telerajzolgattam. Rendszerint azt, amit l\u00e1ttam magam k\u00f6r\u00fcl, a k\u00f6r\u00fcl\u00f6ttem l\u00e9v\u0151 vil\u00e1gb\u00f3l. Emiatt azt\u00e1n volt is baj, mert vagy le kellett meszelni a h\u00e1z fal\u00e1t, a ker\u00edt\u00e9st rendbe kellett tenni. Sokszor ez\u00e9rt megvertek vagy meg is feny\u00edtettek \u00e9rte. Att\u00f3l kezdve valami fokozott bels\u0151 k\u00e9nyszer volt bennem. Egy olyan k\u00e9nyszer, ami a sportol\u00f3kn\u00e1l az, hogy musz\u00e1j futni, szaladni, ugrani, kimenni a p\u00e1ly\u00e1ra, nagyokat l\u00e9legezni \u00e9s tenni valamit miatta. Nem biztos, hogy az\u00e9rt, hogy \u0151 legyen az els\u0151 fut\u00f3ja a megy\u00e9nek, de valami bels\u0151 k\u00e9nyszer az, ami hajtja. A m\u0171v\u00e9szettel kapcsolatosan is ugyan\u00edgy van, valami bels\u0151 k\u00e9nyszer hajtotta az embert arra, hogy rajzoljon, fessen akkor, mikor mehetett volna strandolni, s\u00e9t\u00e1lni, esetleg l\u00e1nyokkal sz\u00f3rakozni. M\u00e9gis az ember le\u00fclt \u00e9s egy olyan dolgot csin\u00e1lt, amiben kedv\u00e9t lelte. Ez \u00f6r\u00f6met jelentett, kiel\u00e9g\u00fcl\u00e9st \u00e9s lelki egyens\u00falyt.<\/p>\n<p>Ki\u00e1ll\u00edt\u00e1saimon sokan megjelentek \u00e9s n\u00e9zegett\u00e9k a k\u00e9peimet, \u00e9n pedig \u00f6r\u00f6mmel l\u00e1ttam, hogy \u00e9rt\u0151en tett\u00e9k azt. Amit csin\u00e1ltam meg\u00e9rtett\u00e9k \u00e9s tudt\u00e1k venni. Ha pedig olyan k\u00e9ppel ker\u00fcltek szembe, amelyiket nehezen \u00e9rtett\u00e9k, akkor is k\u00f6nnyen meg\u00e9rtett\u00fck egym\u00e1st, mert hisz\u2019 az amit csin\u00e1lok egy olyan m\u00e9rt\u00e9k\u0171 absztrah\u00e1l\u00e1s, teh\u00e1t elvonatkoztat\u00e1s, amit m\u00e9g az egyszer\u0171 ember is k\u00e9pes befogadni. Teh\u00e1t a t\u00e1rgyak, a vizu\u00e1lis \u00e9lm\u00e9ny, amihez k\u00f6t\u0151dik a k\u00e9p, hangulatilag abb\u00f3l sokat hord. Ha r\u00e1n\u00e9z a n\u00e9z\u0151 a k\u00e9pre, akkor nagyon sok olyan von\u00e1st, hangulatot tal\u00e1l, amit \u00e9rzett a l\u00e1tv\u00e1nyb\u00f3l. Az absztrah\u00e1l\u00e1s nem egy s\u00edkon t\u00f6rt\u00e9nik, nem egy szinten. Szinte kett\u00e9v\u00e1lik. Az egyik vonal a t\u00e1rgyak, t\u00e1jak absztrahci\u00f3ja, a m\u00e1sik az ember, az emberi arc \u00e9s az emberek mozg\u00e1sban, vagy statikusan \u00e1ll\u00f3 form\u00e1jukban az. Az a legszerencs\u00e9sebb, ha mind a kett\u0151 egy szinten t\u00f6rt\u00e9nik, \u00edgy a k\u00e9pet is k\u00f6nnyebb meg\u00e9rteni. A legt\u00f6bb fest\u0151n\u00e9l ez egy komoly probl\u00e9ma, hogy az absztrah\u00e1l\u00e1s nem egyforma szinten t\u00f6rt\u00e9nik, \u0151k k\u00fczdenek, harcolnak az anyaggal, a kifejez\u00e9si form\u00e1val az\u00e9rt, hogy egy szintre ker\u00fcljenek. A n\u00e9z\u0151 szempontj\u00e1b\u00f3l k\u00f6nnyebb a t\u00e1rgyi \u00e9s t\u00e1ji absztrah\u00e1ci\u00f3t meg\u00e9rteni, mert az \u00e1ltal\u00e1ban magasabb szinten t\u00f6rt\u00e9nik, mint az emberi \u00e1br\u00e1zol\u00e1s absztrahci\u00f3ja. N\u00e1lam is komoly feladatot \u00e9s probl\u00e9m\u00e1t jelentett, \u00e9s rendszerint azokat a k\u00e9peimet hamarabb vett\u00e9k a n\u00e9z\u0151k, ahol az emberi absztrah\u00e1l\u00e1s nem volt olyan magas szinten mint a t\u00e1rgyi vagy a t\u00e1ji absztrah\u00e1l\u00e1s. Ez\u00e9rt a k\u00e9pek el\u0151tt \u00e1ll\u00f3 egyszer\u0171 embereknek nem sokat kellett magyar\u00e1zni arr\u00f3l, hogy mit, mi\u00e9rt csin\u00e1lok a figur\u00e1lis k\u00e9pekn\u00e9l. Viszont a t\u00e1jk\u00e9peimn\u00e9l, ahol s\u00edkba teregettem \u00e9s k\u00e9t dimenzi\u00f3ban magasabb szinten absztrah\u00e1ltam, ott m\u00e1r meg kellett mondani, meg kellett magyar\u00e1zni, hogy nem csak a perspekt\u00edva t\u00f6rv\u00e9nyei \u00e9lnek, hanem lehet egy m\u00e1s kifejez\u00e9si form\u00e1ban, lehet egy m\u00e1s m\u00f3don is ugyanazt a hangulatot, ugyanazt az \u00e9lm\u00e9nyt megjelen\u00edteni. Ezekn\u00e9l kellett n\u00e9ha nem megmagyar\u00e1zni a k\u00e9pet, de besz\u00e9lni arr\u00f3l, hogy mit mi\u00e9rt csin\u00e1ltam.[\/vc_column_text][\/vc_column_inner][vc_column_inner width=&#8221;1\/3&#8243;][vc_single_image image=&#8221;11111&#8243; img_size=&#8221;large&#8221; alignment=&#8221;center&#8221; style=&#8221;xtd-shadow&#8211;normal-light&#8221; onclick=&#8221;link_image&#8221;][\/vc_column_inner][\/vc_row_inner][vc_column_text]Legsz\u00edvesebben foglalkozom a paraszti vil\u00e1ggal, tany\u00e1k, tanyasi emberek fest\u00e9s\u00e9vel. Egy id\u0151 \u00f3ta ugyan t\u00fals\u00falyba ker\u00fcltek n\u00e1lam t\u00e9m\u00e1jukat illet\u0151en az erd\u00e9lyi k\u00e9pek, de most m\u00e1r azok is leker\u00fclnek egy ideig a napirendr\u0151l, mert az erd\u00e9lyi sz\u00e9p t\u00e1j, az erd\u00e9lyi embereknek a k\u00fczdelme a mostoha term\u00e9szettel, ez a nagy \u00e9lm\u00e9ny most egy kicsit halv\u00e1nyult. Most tel\u00edtve vagyok bulg\u00e1riai \u00e9lm\u00e9nyekkel, a tanulm\u00e1nyi \u00fatb\u00f3l maradt eml\u00e9kekkel, rajzokkal, v\u00e1zlatokkal, amelyek feldolgoz\u00e1s\u00e1t most v\u00e9gzem. Teh\u00e1t munk\u00e1im ehhez a h\u00e1rmas k\u00f6rh\u00f6z igazodnak, melyeket k\u00fcl\u00f6nf\u00e9le kifejez\u00e9si form\u00e1kkal \u2013 lin\u00f3metsz\u00e9s, monot\u00edpia, r\u00e9zkarc \u00e9s t\u00e1blak\u00e9pekkel &#8211; igyekszem megoldani, aszerint, hogy melyik t\u00e9ma melyikbe k\u00edv\u00e1nkozik, \u00e9s melyikben legink\u00e1bb kifejezhet\u0151.<\/p>\n<p>A bulg\u00e1riai tanulm\u00e1ny\u00fat csak egy volt a sok k\u00fclf\u00f6ldi \u00fat k\u00f6z\u00fcl. Az ut\u00f3bbi 15 \u00e9vben szinte minden \u00e9vben valamelyik k\u00f6rnyez\u0151 szocialista \u00e1llamba ell\u00e1togattam. Volt olyan, mint p\u00e9ld\u00e1ul Rom\u00e1nia, ahov\u00e1 \u00e9vente t\u00f6bbsz\u00f6r is elmentem, \u00e9s nagyon sok alkot\u00f3 emberrel ismerkedtem meg, \u00e9s nagyon sok k\u00e9pet l\u00e1ttam. Megismertem a probl\u00e9m\u00e1ikat, de \u00f6sszess\u00e9g\u00e9ben sem adtak annyit, mint a hajd\u00fab\u00f6sz\u00f6rm\u00e9nyi Nemzetk\u00f6zi M\u0171v\u00e9sztelepre, a szocialista orsz\u00e1gokb\u00f3l \u00e9venk\u00e9nt elj\u00f6v\u0151, \u00e9s itt egy h\u00f3napig dolgoz\u00f3 fest\u0151kkel, minden \u00e9vben, j\u00falius h\u00f3napban val\u00f3, tal\u00e1lkoz\u00e1som jelent. Az ember egy kicsit bekapcsolva \u00e9rzi mag\u00e1t az eur\u00f3pai fest\u00e9szet \u00e1ramk\u00f6r\u00e9be.[\/vc_column_text][vc_empty_space][vc_row_inner][vc_column_inner width=&#8221;1\/2&#8243;][vc_column_text]\n<p style=\"text-align: center;\"><strong>V\u00edzhod\u00f3, v\u00e1zlat<\/strong><br \/>\nfilctoll, pap\u00edr, 24\u00d733 cm<br \/>\n1973<\/p>\n[\/vc_column_text][vc_single_image image=&#8221;10051&#8243; img_size=&#8221;large&#8221; alignment=&#8221;center&#8221; style=&#8221;xtd-shadow&#8211;normal-light&#8221; onclick=&#8221;link_image&#8221;][\/vc_column_inner][vc_column_inner width=&#8221;1\/2&#8243;][vc_column_text]\n<p style=\"text-align: center;\"><strong>V\u00edzhod\u00f3<\/strong><br \/>\nolaj, farost, 67&#215;78 cm<br \/>\n1973<\/p>\n[\/vc_column_text][vc_single_image image=&#8221;2080&#8243; img_size=&#8221;large&#8221; alignment=&#8221;center&#8221; style=&#8221;xtd-shadow&#8211;normal-light&#8221; onclick=&#8221;link_image&#8221;][\/vc_column_inner][\/vc_row_inner][vc_column_text]A M\u0171v\u00e9sztelepen val\u00f3 munka olyan nagy m\u00e9rt\u00e9k\u0171 \u00e9s olyan jelent\u0151s, nem csak az \u00e9n \u00e9letemben, hanem az ott megjelen\u0151 fest\u0151k is ezt mondj\u00e1k, hogy amikor a M\u0171v\u00e9sztelep befejez\u0151dik, m\u00e9g h\u00f3napokig annak a hat\u00e1sa alatt, az ott kapott impulzusok alapj\u00e1n tov\u00e1bb dolgoznak. P\u00e9ld\u00e1kat lehetne r\u00e1 sorolni, hogy kimagasl\u00f3 teljes\u00edtm\u00e9nyeket \u00e9rtek el ak\u00e1r a szovjet, ak\u00e1r a rom\u00e1n vagy jugoszl\u00e1v fest\u0151k, \u00e9ppen a b\u00f6sz\u00f6rm\u00e9nyi M\u0171v\u00e9sztelep adta intellektu\u00e1lis hat\u00e1s alatt \u00e9s ezzel \u00e9n is \u00edgy vagyok. A M\u0171v\u00e9sztelepen nem csak komoly vit\u00e1k, probl\u00e9m\u00e1k, m\u0171alkot\u00e1soknak az \u00e9rt\u00e9kel\u00e9se, szakmai megbesz\u00e9l\u00e9sek vannak, hanem kir\u00e1ndul\u00e1sok, kellemes percek is. Olyanok, amin sokat el der\u00fcl\u00fcnk. P\u00e9ld\u00e1ul az egyik alkalommal az egyik termel\u0151sz\u00f6vetkezet biztos\u00edtott kocsit nek\u00fcnk ahhoz, hogy a hat\u00e1rba kimenve ott rajzolgassunk. Megk\u00e9rdezte t\u0151l\u00fcnk az egyik vezet\u0151, hogy \u201ena mikor menjen maguk\u00e9rt az a kocsi?\u201d Mondtuk, hogy \u00fagy d\u00e9l k\u00f6r\u00fcl k\u00fcldje \u00e9rt\u00fcnk a kocsit, mert akkorra m\u00e1r rajzolunk annyit, hogy annyib\u00f3l majd odahaza a v\u00e1zlatokb\u00f3l k\u00e9pet tudunk csin\u00e1lni. Olyan meglepett arcot v\u00e1gott \u00e9s meg volt r\u00e9m\u00fclve \u00e9s azt mondta, hogy \u201enah\u00e1t, az istenit maguknak, h\u00e1t akkor\u00e1ra azt a 44 ezer holdat mind lefestik? H\u00e1t egy kicsit korai lesz, nem jobb volna, ha este k\u00fclden\u00e9m azt a kocsit? M\u00e9gis t\u00f6bbre haladn\u00e1nak addig!\u201d<\/p>\n<p>\u00c9gerh\u00e1zi Imre[\/vc_column_text][vc_separator][vc_column_text]\n<h6>Nagy L\u00e1szl\u00f3 J\u00e1nos<\/h6>\n<p><strong>R\u00f6vid ismertet\u0151<\/strong><\/p>\n<p>Nagy L\u00e1szl\u00f3 J\u00e1nos debreceni tan\u00e1r \u00e9s ismert amat\u0151r filmes \u00c9gerh\u00e1zi Imre j\u00f3 bar\u00e1tja volt, akivel t\u00f6bb k\u00f6z\u00f6s tanulm\u00e1ny\u00faton is r\u00e9szt vettek, k\u00e9sz\u00edtettek k\u00f6z\u00f6sen filmeket \u00e9s hangfelv\u00e9teleket is.<\/p>\n<p>1973-ban egy\u00fctt utaztak el Erd\u00e9lybe a Cs\u00e1ng\u00f3 Fesztiv\u00e1lra, melyr\u0151l 8mm-es filmfelv\u00e9teleket, hangfelv\u00e9telt \u00e9s rengeteg di\u00e1t k\u00e9sz\u00edtettek. A Gyimesben rendezett els\u0151 Cs\u00e1ng\u00f3 Fesztiv\u00e1l c\u00edme a Bar\u00e1ts\u00e1g H\u00farj\u00e1n elnevez\u00e9st kapta. A debreceni alkot\u00f3k az erd\u00e9lyi magyar kult\u00fara nem mindennapi esem\u00e9ny\u00e9t \u00f6r\u00f6k\u00edtett\u00e9k meg, igencsak zord \u00e9s a rom\u00e1n hat\u00f3s\u00e1gok miatt bar\u00e1ts\u00e1gtalan k\u00f6r\u00fclm\u00e9nyek k\u00f6z\u00f6tt.<\/p>\n<p>Nagy L\u00e1szl\u00f3 J\u00e1nos 1974-ben \u00c9gerh\u00e1zi Imr\u00e9r\u0151l egy remek portr\u00e9filmet forgatott, bemutatva a fest\u0151t \u00e9s az embert. A film premierj\u00e9re Debrecenben az Apoll\u00f3 moziban ker\u00fclt sort, t\u00f6bb m\u00e1s Nagy L\u00e1szl\u00f3 J\u00e1nos kisfilmmel egy\u00fctt.<br \/>\nKapcsolatuk ezut\u00e1n is szoros maradt, Nagy L\u00e1szl\u00f3 J\u00e1nos \u00c9gerh\u00e1zi Imre t\u00f6bb ki\u00e1ll\u00edt\u00e1s\u00e1nak is megnyit\u00f3ja volt.<\/p>\n<p>1986-ban Nagy L\u00e1szl\u00f3 J\u00e1nos filmet k\u00e9sz\u00edtett az \u00c9gerh\u00e1zi Imre vezette Hortob\u00e1gyi alkot\u00f3t\u00e1borr\u00f3l, 1988-ben pedig a telep franciaorsz\u00e1gi tanulm\u00e1nyi \u00fatj\u00e1r\u00f3l.[\/vc_column_text][\/vc_column][\/vc_row]\n<\/div>","protected":false},"excerpt":{"rendered":"<p>[vc_row][vc_column][vc_row_inner][vc_column_inner width=&#8221;2\/3&#8243;][vc_column_text]\u201eHajd\u00fahadh\u00e1zon laktunk. Els\u0151 oszt\u00e1lyos koromban, az \u00e1ltal\u00e1nos iskol\u00e1ban Szab\u00f3 J\u00f3zsef tan\u00edt\u00f3t\u00f3l kaptam azt a bizonyos kr\u00e9t\u00e1t, amivel azt\u00e1n a k\u00f6rnyez\u0151 falusi h\u00e1zakat, feh\u00e9rfal\u00fa h\u00e1zakat, sz\u00fcrke ker\u00edt\u00e9seket \u2013 \u00fagy h\u00edvtuk beren\u00e1kat \u2013 telerajzolgattam. Rendszerint azt, amit l\u00e1ttam magam k\u00f6r\u00fcl, a k\u00f6r\u00fcl\u00f6ttem l\u00e9v\u0151 vil\u00e1gb\u00f3l. Emiatt azt\u00e1n volt is baj, mert vagy le kellett meszelni a h\u00e1z fal\u00e1t, a ker\u00edt\u00e9st rendbe kellett [&hellip;]<\/p>\n","protected":false},"author":4,"featured_media":0,"parent":10535,"menu_order":0,"comment_status":"closed","ping_status":"closed","template":"","meta":{"footnotes":""},"categories":[126],"tags":[61],"class_list":["post-10604","page","type-page","status-publish","hentry","category-irasok_egerhazi_imretol","tag-61"],"yoast_head":"<!-- This site is optimized with the Yoast SEO plugin v27.0 - https:\/\/yoast.com\/product\/yoast-seo-wordpress\/ -->\n<title>Nagy L\u00e1szl\u00f3 J\u00e1nos portr\u00e9filmj\u00e9nek sz\u00f6vege, 1974 - \u00c9gerh\u00e1zi Imre<\/title>\n<meta name=\"robots\" content=\"index, follow, max-snippet:-1, max-image-preview:large, max-video-preview:-1\" \/>\n<link rel=\"canonical\" href=\"https:\/\/egerhaziimre.hu\/index.php\/eletrajz\/irasok-egerhazi-imrerol\/nagy_laszlo_janos_portrefilmjenek_szovege_1974\/\" \/>\n<meta property=\"og:locale\" content=\"hu_HU\" \/>\n<meta property=\"og:type\" content=\"article\" \/>\n<meta property=\"og:title\" content=\"Nagy L\u00e1szl\u00f3 J\u00e1nos portr\u00e9filmj\u00e9nek sz\u00f6vege, 1974 - \u00c9gerh\u00e1zi Imre\" \/>\n<meta property=\"og:description\" content=\"[vc_row][vc_column][vc_row_inner][vc_column_inner width=&#8221;2\/3&#8243;][vc_column_text]\u201eHajd\u00fahadh\u00e1zon laktunk. Els\u0151 oszt\u00e1lyos koromban, az \u00e1ltal\u00e1nos iskol\u00e1ban Szab\u00f3 J\u00f3zsef tan\u00edt\u00f3t\u00f3l kaptam azt a bizonyos kr\u00e9t\u00e1t, amivel azt\u00e1n a k\u00f6rnyez\u0151 falusi h\u00e1zakat, feh\u00e9rfal\u00fa h\u00e1zakat, sz\u00fcrke ker\u00edt\u00e9seket \u2013 \u00fagy h\u00edvtuk beren\u00e1kat \u2013 telerajzolgattam. Rendszerint azt, amit l\u00e1ttam magam k\u00f6r\u00fcl, a k\u00f6r\u00fcl\u00f6ttem l\u00e9v\u0151 vil\u00e1gb\u00f3l. Emiatt azt\u00e1n volt is baj, mert vagy le kellett meszelni a h\u00e1z fal\u00e1t, a ker\u00edt\u00e9st rendbe kellett [&hellip;]\" \/>\n<meta property=\"og:url\" content=\"https:\/\/egerhaziimre.hu\/index.php\/eletrajz\/irasok-egerhazi-imrerol\/nagy_laszlo_janos_portrefilmjenek_szovege_1974\/\" \/>\n<meta property=\"og:site_name\" content=\"\u00c9gerh\u00e1zi Imre\" \/>\n<meta property=\"article:modified_time\" content=\"2023-06-13T12:53:55+00:00\" \/>\n<meta name=\"twitter:card\" content=\"summary_large_image\" \/>\n<meta name=\"twitter:label1\" content=\"Becs\u00fclt olvas\u00e1si id\u0151\" \/>\n\t<meta name=\"twitter:data1\" content=\"7 perc\" \/>\n<script type=\"application\/ld+json\" class=\"yoast-schema-graph\">{\"@context\":\"https:\/\/schema.org\",\"@graph\":[{\"@type\":\"WebPage\",\"@id\":\"https:\/\/egerhaziimre.hu\/index.php\/eletrajz\/irasok-egerhazi-imrerol\/nagy_laszlo_janos_portrefilmjenek_szovege_1974\/\",\"url\":\"https:\/\/egerhaziimre.hu\/index.php\/eletrajz\/irasok-egerhazi-imrerol\/nagy_laszlo_janos_portrefilmjenek_szovege_1974\/\",\"name\":\"Nagy L\u00e1szl\u00f3 J\u00e1nos portr\u00e9filmj\u00e9nek sz\u00f6vege, 1974 - \u00c9gerh\u00e1zi Imre\",\"isPartOf\":{\"@id\":\"https:\/\/egerhaziimre.hu\/#website\"},\"datePublished\":\"1974-10-07T11:11:01+00:00\",\"dateModified\":\"2023-06-13T12:53:55+00:00\",\"breadcrumb\":{\"@id\":\"https:\/\/egerhaziimre.hu\/index.php\/eletrajz\/irasok-egerhazi-imrerol\/nagy_laszlo_janos_portrefilmjenek_szovege_1974\/#breadcrumb\"},\"inLanguage\":\"hu\",\"potentialAction\":[{\"@type\":\"ReadAction\",\"target\":[\"https:\/\/egerhaziimre.hu\/index.php\/eletrajz\/irasok-egerhazi-imrerol\/nagy_laszlo_janos_portrefilmjenek_szovege_1974\/\"]}]},{\"@type\":\"BreadcrumbList\",\"@id\":\"https:\/\/egerhaziimre.hu\/index.php\/eletrajz\/irasok-egerhazi-imrerol\/nagy_laszlo_janos_portrefilmjenek_szovege_1974\/#breadcrumb\",\"itemListElement\":[{\"@type\":\"ListItem\",\"position\":1,\"name\":\"Home\",\"item\":\"https:\/\/egerhaziimre.hu\/\"},{\"@type\":\"ListItem\",\"position\":2,\"name\":\"\u00c9letrajz\",\"item\":\"https:\/\/egerhaziimre.hu\/index.php\/eletrajz\/\"},{\"@type\":\"ListItem\",\"position\":3,\"name\":\"Writings about Imre \u00c9gerh\u00e1zi\",\"item\":\"https:\/\/egerhaziimre.hu\/index.php\/eletrajz\/irasok-egerhazi-imrerol\/?lang=en\"},{\"@type\":\"ListItem\",\"position\":4,\"name\":\"Nagy L\u00e1szl\u00f3 J\u00e1nos portr\u00e9filmj\u00e9nek sz\u00f6vege, 1974\"}]},{\"@type\":\"WebSite\",\"@id\":\"https:\/\/egerhaziimre.hu\/#website\",\"url\":\"https:\/\/egerhaziimre.hu\/\",\"name\":\"\u00c9gerh\u00e1zi Imre\",\"description\":\"\",\"potentialAction\":[{\"@type\":\"SearchAction\",\"target\":{\"@type\":\"EntryPoint\",\"urlTemplate\":\"https:\/\/egerhaziimre.hu\/?s={search_term_string}\"},\"query-input\":{\"@type\":\"PropertyValueSpecification\",\"valueRequired\":true,\"valueName\":\"search_term_string\"}}],\"inLanguage\":\"hu\"}]}<\/script>\n<!-- \/ Yoast SEO plugin. -->","yoast_head_json":{"title":"Nagy L\u00e1szl\u00f3 J\u00e1nos portr\u00e9filmj\u00e9nek sz\u00f6vege, 1974 - \u00c9gerh\u00e1zi Imre","robots":{"index":"index","follow":"follow","max-snippet":"max-snippet:-1","max-image-preview":"max-image-preview:large","max-video-preview":"max-video-preview:-1"},"canonical":"https:\/\/egerhaziimre.hu\/index.php\/eletrajz\/irasok-egerhazi-imrerol\/nagy_laszlo_janos_portrefilmjenek_szovege_1974\/","og_locale":"hu_HU","og_type":"article","og_title":"Nagy L\u00e1szl\u00f3 J\u00e1nos portr\u00e9filmj\u00e9nek sz\u00f6vege, 1974 - \u00c9gerh\u00e1zi Imre","og_description":"[vc_row][vc_column][vc_row_inner][vc_column_inner width=&#8221;2\/3&#8243;][vc_column_text]\u201eHajd\u00fahadh\u00e1zon laktunk. Els\u0151 oszt\u00e1lyos koromban, az \u00e1ltal\u00e1nos iskol\u00e1ban Szab\u00f3 J\u00f3zsef tan\u00edt\u00f3t\u00f3l kaptam azt a bizonyos kr\u00e9t\u00e1t, amivel azt\u00e1n a k\u00f6rnyez\u0151 falusi h\u00e1zakat, feh\u00e9rfal\u00fa h\u00e1zakat, sz\u00fcrke ker\u00edt\u00e9seket \u2013 \u00fagy h\u00edvtuk beren\u00e1kat \u2013 telerajzolgattam. Rendszerint azt, amit l\u00e1ttam magam k\u00f6r\u00fcl, a k\u00f6r\u00fcl\u00f6ttem l\u00e9v\u0151 vil\u00e1gb\u00f3l. Emiatt azt\u00e1n volt is baj, mert vagy le kellett meszelni a h\u00e1z fal\u00e1t, a ker\u00edt\u00e9st rendbe kellett [&hellip;]","og_url":"https:\/\/egerhaziimre.hu\/index.php\/eletrajz\/irasok-egerhazi-imrerol\/nagy_laszlo_janos_portrefilmjenek_szovege_1974\/","og_site_name":"\u00c9gerh\u00e1zi Imre","article_modified_time":"2023-06-13T12:53:55+00:00","twitter_card":"summary_large_image","twitter_misc":{"Becs\u00fclt olvas\u00e1si id\u0151":"7 perc"},"schema":{"@context":"https:\/\/schema.org","@graph":[{"@type":"WebPage","@id":"https:\/\/egerhaziimre.hu\/index.php\/eletrajz\/irasok-egerhazi-imrerol\/nagy_laszlo_janos_portrefilmjenek_szovege_1974\/","url":"https:\/\/egerhaziimre.hu\/index.php\/eletrajz\/irasok-egerhazi-imrerol\/nagy_laszlo_janos_portrefilmjenek_szovege_1974\/","name":"Nagy L\u00e1szl\u00f3 J\u00e1nos portr\u00e9filmj\u00e9nek sz\u00f6vege, 1974 - \u00c9gerh\u00e1zi Imre","isPartOf":{"@id":"https:\/\/egerhaziimre.hu\/#website"},"datePublished":"1974-10-07T11:11:01+00:00","dateModified":"2023-06-13T12:53:55+00:00","breadcrumb":{"@id":"https:\/\/egerhaziimre.hu\/index.php\/eletrajz\/irasok-egerhazi-imrerol\/nagy_laszlo_janos_portrefilmjenek_szovege_1974\/#breadcrumb"},"inLanguage":"hu","potentialAction":[{"@type":"ReadAction","target":["https:\/\/egerhaziimre.hu\/index.php\/eletrajz\/irasok-egerhazi-imrerol\/nagy_laszlo_janos_portrefilmjenek_szovege_1974\/"]}]},{"@type":"BreadcrumbList","@id":"https:\/\/egerhaziimre.hu\/index.php\/eletrajz\/irasok-egerhazi-imrerol\/nagy_laszlo_janos_portrefilmjenek_szovege_1974\/#breadcrumb","itemListElement":[{"@type":"ListItem","position":1,"name":"Home","item":"https:\/\/egerhaziimre.hu\/"},{"@type":"ListItem","position":2,"name":"\u00c9letrajz","item":"https:\/\/egerhaziimre.hu\/index.php\/eletrajz\/"},{"@type":"ListItem","position":3,"name":"Writings about Imre \u00c9gerh\u00e1zi","item":"https:\/\/egerhaziimre.hu\/index.php\/eletrajz\/irasok-egerhazi-imrerol\/?lang=en"},{"@type":"ListItem","position":4,"name":"Nagy L\u00e1szl\u00f3 J\u00e1nos portr\u00e9filmj\u00e9nek sz\u00f6vege, 1974"}]},{"@type":"WebSite","@id":"https:\/\/egerhaziimre.hu\/#website","url":"https:\/\/egerhaziimre.hu\/","name":"\u00c9gerh\u00e1zi Imre","description":"","potentialAction":[{"@type":"SearchAction","target":{"@type":"EntryPoint","urlTemplate":"https:\/\/egerhaziimre.hu\/?s={search_term_string}"},"query-input":{"@type":"PropertyValueSpecification","valueRequired":true,"valueName":"search_term_string"}}],"inLanguage":"hu"}]}},"jetpack_sharing_enabled":true,"_links":{"self":[{"href":"https:\/\/egerhaziimre.hu\/index.php\/wp-json\/wp\/v2\/pages\/10604","targetHints":{"allow":["GET"]}}],"collection":[{"href":"https:\/\/egerhaziimre.hu\/index.php\/wp-json\/wp\/v2\/pages"}],"about":[{"href":"https:\/\/egerhaziimre.hu\/index.php\/wp-json\/wp\/v2\/types\/page"}],"author":[{"embeddable":true,"href":"https:\/\/egerhaziimre.hu\/index.php\/wp-json\/wp\/v2\/users\/4"}],"replies":[{"embeddable":true,"href":"https:\/\/egerhaziimre.hu\/index.php\/wp-json\/wp\/v2\/comments?post=10604"}],"version-history":[{"count":21,"href":"https:\/\/egerhaziimre.hu\/index.php\/wp-json\/wp\/v2\/pages\/10604\/revisions"}],"predecessor-version":[{"id":13143,"href":"https:\/\/egerhaziimre.hu\/index.php\/wp-json\/wp\/v2\/pages\/10604\/revisions\/13143"}],"up":[{"embeddable":true,"href":"https:\/\/egerhaziimre.hu\/index.php\/wp-json\/wp\/v2\/pages\/10535"}],"wp:attachment":[{"href":"https:\/\/egerhaziimre.hu\/index.php\/wp-json\/wp\/v2\/media?parent=10604"}],"wp:term":[{"taxonomy":"category","embeddable":true,"href":"https:\/\/egerhaziimre.hu\/index.php\/wp-json\/wp\/v2\/categories?post=10604"},{"taxonomy":"post_tag","embeddable":true,"href":"https:\/\/egerhaziimre.hu\/index.php\/wp-json\/wp\/v2\/tags?post=10604"}],"curies":[{"name":"wp","href":"https:\/\/api.w.org\/{rel}","templated":true}]}}