{"id":10606,"date":"1978-10-07T13:33:09","date_gmt":"1978-10-07T12:33:09","guid":{"rendered":"https:\/\/egerhaziimre.hu\/?page_id=10606"},"modified":"2023-06-09T15:47:22","modified_gmt":"2023-06-09T13:47:22","slug":"bemutatjuk-egerhazi-imre-festomuveszt-szekelyhidi-agoston-irasa-1978","status":"publish","type":"page","link":"https:\/\/egerhaziimre.hu\/index.php\/eletrajz\/irasok-egerhazi-imrerol\/bemutatjuk-egerhazi-imre-festomuveszt-szekelyhidi-agoston-irasa-1978\/","title":{"rendered":"Bemutatjuk \u00c9gerh\u00e1zi Imre Fest\u0151m\u0171v\u00e9szt, Sz\u00e9kelyhidi \u00c1goston \u00edr\u00e1sa, 1978"},"content":{"rendered":"<div class=\"wpb-content-wrapper\">[vc_row][vc_column][vc_column_text]Csaknem tizen\u00f6t \u00e9ve k\u00eds\u00e9rhetem figyelemmel \u00c9gerh\u00e1zi Imre m\u0171v\u00e9szi p\u00e1ly\u00e1j\u00e1t, az indul\u00e1st\u00f3l az \u00fajabb, egyenletes kibontakoz\u00e1sig. R\u00e1ad\u00e1sul, ha t\u00e1volabbr\u00f3l is, megismerkedhettem a bels\u0151 mozgat\u00f3er\u0151kkel \u00e9s a k\u00fcls\u0151 k\u00f6r\u00fclm\u00e9nyekkel. Most azt\u00e1n, az \u00e1ttekint\u00e9s f\u00f6ladat\u00e1val tal\u00e1lkozva, aligha tudn\u00e1m elv\u00e1lasztani ezeket a mozzanatokat. Tal\u00e1n nem is \u00e9rdemes. \u00c9gerh\u00e1zi ugyanis a szem\u00e9lyes hiteless\u00e9g\u0171 m\u0171v\u00e9szet h\u00edve, csak \u00e9s kiz\u00e1r\u00f3lag annak a megfogalmaz\u00e1s\u00e1ra t\u00f6rekszik, amit \u00e9lm\u00e9nyek, bens\u0151 \u00e9rzelmek \u00e9s azonosul\u00f3 gondolatok k\u00f6zvet\u00edtenek, f\u0171znek hozz\u00e1. Ez\u00e9rt eml\u00edthet\u0151k azok a bizonyos hajt\u00f3er\u0151k \u00e9s k\u00f6r\u00fclm\u00e9nyek. T\u00f6bbek k\u00f6zt \u00e9s els\u0151sorban az, hogy \u00c9gerh\u00e1zi a hagyom\u00e1nyos paraszti, falusi vil\u00e1gb\u00f3l ker\u00fclt a v\u00e1rosi vil\u00e1gba, majd, hogy e gy\u00f6keres v\u00e1ltoz\u00e1sok k\u00f6vetkezm\u00e9nyek\u00e9pp, igen \u00e9rz\u00e9kenny\u00e9 v\u00e1lt a m\u00falt \u00e9s a jelen, a term\u00e9szet \u00e9s a civiliz\u00e1ci\u00f3 k\u00fcl\u00f6nbs\u00e9geire, jobb esetben \u00f6tv\u00f6z\u0151d\u00e9s\u00e9re.<\/p>\n<p>Ezzel megmagyar\u00e1zhat\u00f3, hogy mot\u00edvumait rokon k\u00f6rb\u0151l v\u00e1lasztja, szeml\u00e9let\u00e9t \u00e9s st\u00edlus\u00e1t pedig szervesen, t\u00f6retlen\u00fcl gazdag\u00edtja, fejleszti. Els\u0151 pillant\u00e1sra f\u00f6lt\u0171n\u0151, mennyi ismerettel, tapasztalati bizonyoss\u00e1ggal id\u00e9zi k\u00e9peire a term\u00e9szeti t\u00e1jat, a szinte bel\u0151le sarjadt \u00e9p\u00edtm\u00e9nyekkel, alakokkal. Vonz\u00f3d\u00e1s\u00e1t, \u00e9rt\u0151 szeretet\u00e9t a sz\u00e9p \u00e9s olykor k\u00f6lt\u0151i form\u00e1l\u00e1ssal \u00e9s sz\u00ednteremt\u00e9ssel fejezi ki. F\u0151leg a legfrissebb munk\u00e1kban siker\u00fclt \u00f6sszhangba hoznia a nemes dekorativit\u00e1st \u00e9s a saj\u00e1tos, er\u0151s sug\u00e1rz\u00e1s\u00fa hangulatot. Meleg, finom sz\u00ednei, melyek ker\u00fclik a f\u00f6lfokozott hat\u00e1sokat, \u00e9rdekesen \u00e1llnak egybe a t\u00e1rlatokat s\u00edkba t\u00f6m\u00f6r\u00edt\u0151 szerkeszt\u00e9ssel: ez a k\u00fcl\u00f6n nyelv mintegy lebeg\u0151v\u00e9, m\u00e1r-m\u00e1r meseszer\u0171v\u00e9 teszi az \u00e1br\u00e1zolt elemeket. Mik\u00e9nt a harmonikuss\u00e1g vil\u00e1ga val\u00f3ban ink\u00e1bb az eml\u00e9kek \u00e9s a v\u00e1gyak tartom\u00e1ny\u00e1ba helyezhet\u0151 el, manaps\u00e1g.<\/p>\n<p>De h\u00e1t nem \u00fagy igaz-e, hogy \u00c9gerh\u00e1zi ez\u00e1ltal az emberibb, der\u0171sebb eszm\u00e9nyeket is \u0151rzi, \u00e9s \u0151rizteti benn\u00fcnk, vel\u00fcnk? Ez m\u00e1r c\u00e9ljait, tudatos szerep\u00e9t is jelzi \u00e9s min\u0151s\u00edti. J\u00f3l min\u0151s\u00edti. Mindezek t\u00e1rsadalmi \u00e9s szakmai becs\u00fcl\u00e9s\u00e9t l\u00e1thatjuk azt\u00e1n a szervezeti \u00e9s szakmai kit\u00fcntet\u00e9sekben \u00e9s d\u00edjakban, els\u0151 renden, persze, a hazai \u00e9s k\u00fclf\u00f6ldi t\u00e1rlatok gyarapod\u00f3 sor\u00e1ban.<\/p>\n<p>Sz\u00e9kelyhidi \u00c1goston<br \/>\n1978.[\/vc_column_text][vc_separator][vc_row_inner][vc_column_inner width=&#8221;1\/4&#8243;][vc_single_image image=&#8221;10608&#8243; img_size=&#8221;large&#8221; alignment=&#8221;center&#8221; style=&#8221;xtd-shadow&#8211;normal-light&#8221; onclick=&#8221;link_image&#8221;][\/vc_column_inner][vc_column_inner width=&#8221;1\/4&#8243;][vc_single_image image=&#8221;10609&#8243; img_size=&#8221;large&#8221; alignment=&#8221;center&#8221; style=&#8221;xtd-shadow&#8211;normal-light&#8221; onclick=&#8221;link_image&#8221;][\/vc_column_inner][vc_column_inner width=&#8221;1\/4&#8243;][vc_single_image image=&#8221;10610&#8243; img_size=&#8221;large&#8221; alignment=&#8221;center&#8221; style=&#8221;xtd-shadow&#8211;normal-light&#8221; onclick=&#8221;link_image&#8221;][\/vc_column_inner][vc_column_inner width=&#8221;1\/4&#8243;][vc_single_image image=&#8221;10611&#8243; img_size=&#8221;large&#8221; alignment=&#8221;center&#8221; style=&#8221;xtd-shadow&#8211;normal-light&#8221; onclick=&#8221;link_image&#8221;][\/vc_column_inner][\/vc_row_inner][\/vc_column][\/vc_row]\n<\/div>","protected":false},"excerpt":{"rendered":"<p>[vc_row][vc_column][vc_column_text]Csaknem tizen\u00f6t \u00e9ve k\u00eds\u00e9rhetem figyelemmel \u00c9gerh\u00e1zi Imre m\u0171v\u00e9szi p\u00e1ly\u00e1j\u00e1t, az indul\u00e1st\u00f3l az \u00fajabb, egyenletes kibontakoz\u00e1sig. R\u00e1ad\u00e1sul, ha t\u00e1volabbr\u00f3l is, megismerkedhettem a bels\u0151 mozgat\u00f3er\u0151kkel \u00e9s a k\u00fcls\u0151 k\u00f6r\u00fclm\u00e9nyekkel. Most azt\u00e1n, az \u00e1ttekint\u00e9s f\u00f6ladat\u00e1val tal\u00e1lkozva, aligha tudn\u00e1m elv\u00e1lasztani ezeket a mozzanatokat. Tal\u00e1n nem is \u00e9rdemes. \u00c9gerh\u00e1zi ugyanis a szem\u00e9lyes hiteless\u00e9g\u0171 m\u0171v\u00e9szet h\u00edve, csak \u00e9s kiz\u00e1r\u00f3lag annak a megfogalmaz\u00e1s\u00e1ra t\u00f6rekszik, amit \u00e9lm\u00e9nyek, bens\u0151 [&hellip;]<\/p>\n","protected":false},"author":4,"featured_media":0,"parent":10535,"menu_order":0,"comment_status":"closed","ping_status":"closed","template":"","meta":{"footnotes":""},"categories":[219],"tags":[58],"class_list":["post-10606","page","type-page","status-publish","hentry","category-irasok_egerhazi_imrerol","tag-58"],"yoast_head":"<!-- This site is optimized with the Yoast SEO plugin v27.3 - https:\/\/yoast.com\/product\/yoast-seo-wordpress\/ -->\n<title>Bemutatjuk \u00c9gerh\u00e1zi Imre Fest\u0151m\u0171v\u00e9szt, Sz\u00e9kelyhidi \u00c1goston \u00edr\u00e1sa, 1978 - \u00c9gerh\u00e1zi Imre<\/title>\n<meta name=\"robots\" content=\"index, follow, max-snippet:-1, max-image-preview:large, max-video-preview:-1\" \/>\n<link rel=\"canonical\" href=\"https:\/\/egerhaziimre.hu\/index.php\/eletrajz\/irasok-egerhazi-imrerol\/bemutatjuk-egerhazi-imre-festomuveszt-szekelyhidi-agoston-irasa-1978\/\" \/>\n<meta property=\"og:locale\" content=\"hu_HU\" \/>\n<meta property=\"og:type\" content=\"article\" \/>\n<meta property=\"og:title\" content=\"Bemutatjuk \u00c9gerh\u00e1zi Imre Fest\u0151m\u0171v\u00e9szt, Sz\u00e9kelyhidi \u00c1goston \u00edr\u00e1sa, 1978 - \u00c9gerh\u00e1zi Imre\" \/>\n<meta property=\"og:description\" content=\"[vc_row][vc_column][vc_column_text]Csaknem tizen\u00f6t \u00e9ve k\u00eds\u00e9rhetem figyelemmel \u00c9gerh\u00e1zi Imre m\u0171v\u00e9szi p\u00e1ly\u00e1j\u00e1t, az indul\u00e1st\u00f3l az \u00fajabb, egyenletes kibontakoz\u00e1sig. R\u00e1ad\u00e1sul, ha t\u00e1volabbr\u00f3l is, megismerkedhettem a bels\u0151 mozgat\u00f3er\u0151kkel \u00e9s a k\u00fcls\u0151 k\u00f6r\u00fclm\u00e9nyekkel. Most azt\u00e1n, az \u00e1ttekint\u00e9s f\u00f6ladat\u00e1val tal\u00e1lkozva, aligha tudn\u00e1m elv\u00e1lasztani ezeket a mozzanatokat. Tal\u00e1n nem is \u00e9rdemes. \u00c9gerh\u00e1zi ugyanis a szem\u00e9lyes hiteless\u00e9g\u0171 m\u0171v\u00e9szet h\u00edve, csak \u00e9s kiz\u00e1r\u00f3lag annak a megfogalmaz\u00e1s\u00e1ra t\u00f6rekszik, amit \u00e9lm\u00e9nyek, bens\u0151 [&hellip;]\" \/>\n<meta property=\"og:url\" content=\"https:\/\/egerhaziimre.hu\/index.php\/eletrajz\/irasok-egerhazi-imrerol\/bemutatjuk-egerhazi-imre-festomuveszt-szekelyhidi-agoston-irasa-1978\/\" \/>\n<meta property=\"og:site_name\" content=\"\u00c9gerh\u00e1zi Imre\" \/>\n<meta property=\"article:modified_time\" content=\"2023-06-09T13:47:22+00:00\" \/>\n<meta name=\"twitter:card\" content=\"summary_large_image\" \/>\n<meta name=\"twitter:label1\" content=\"Becs\u00fclt olvas\u00e1si id\u0151\" \/>\n\t<meta name=\"twitter:data1\" content=\"3 perc\" \/>\n<script type=\"application\/ld+json\" class=\"yoast-schema-graph\">{\"@context\":\"https:\\\/\\\/schema.org\",\"@graph\":[{\"@type\":\"WebPage\",\"@id\":\"https:\\\/\\\/egerhaziimre.hu\\\/index.php\\\/eletrajz\\\/irasok-egerhazi-imrerol\\\/bemutatjuk-egerhazi-imre-festomuveszt-szekelyhidi-agoston-irasa-1978\\\/\",\"url\":\"https:\\\/\\\/egerhaziimre.hu\\\/index.php\\\/eletrajz\\\/irasok-egerhazi-imrerol\\\/bemutatjuk-egerhazi-imre-festomuveszt-szekelyhidi-agoston-irasa-1978\\\/\",\"name\":\"Bemutatjuk \u00c9gerh\u00e1zi Imre Fest\u0151m\u0171v\u00e9szt, Sz\u00e9kelyhidi \u00c1goston \u00edr\u00e1sa, 1978 - \u00c9gerh\u00e1zi Imre\",\"isPartOf\":{\"@id\":\"https:\\\/\\\/egerhaziimre.hu\\\/#website\"},\"datePublished\":\"1978-10-07T12:33:09+00:00\",\"dateModified\":\"2023-06-09T13:47:22+00:00\",\"breadcrumb\":{\"@id\":\"https:\\\/\\\/egerhaziimre.hu\\\/index.php\\\/eletrajz\\\/irasok-egerhazi-imrerol\\\/bemutatjuk-egerhazi-imre-festomuveszt-szekelyhidi-agoston-irasa-1978\\\/#breadcrumb\"},\"inLanguage\":\"hu\",\"potentialAction\":[{\"@type\":\"ReadAction\",\"target\":[\"https:\\\/\\\/egerhaziimre.hu\\\/index.php\\\/eletrajz\\\/irasok-egerhazi-imrerol\\\/bemutatjuk-egerhazi-imre-festomuveszt-szekelyhidi-agoston-irasa-1978\\\/\"]}]},{\"@type\":\"BreadcrumbList\",\"@id\":\"https:\\\/\\\/egerhaziimre.hu\\\/index.php\\\/eletrajz\\\/irasok-egerhazi-imrerol\\\/bemutatjuk-egerhazi-imre-festomuveszt-szekelyhidi-agoston-irasa-1978\\\/#breadcrumb\",\"itemListElement\":[{\"@type\":\"ListItem\",\"position\":1,\"name\":\"Home\",\"item\":\"https:\\\/\\\/egerhaziimre.hu\\\/\"},{\"@type\":\"ListItem\",\"position\":2,\"name\":\"\u00c9letrajz\",\"item\":\"https:\\\/\\\/egerhaziimre.hu\\\/index.php\\\/eletrajz\\\/\"},{\"@type\":\"ListItem\",\"position\":3,\"name\":\"Writings about Imre \u00c9gerh\u00e1zi\",\"item\":\"https:\\\/\\\/egerhaziimre.hu\\\/index.php\\\/eletrajz\\\/irasok-egerhazi-imrerol\\\/?lang=en\"},{\"@type\":\"ListItem\",\"position\":4,\"name\":\"Bemutatjuk \u00c9gerh\u00e1zi Imre Fest\u0151m\u0171v\u00e9szt, Sz\u00e9kelyhidi \u00c1goston \u00edr\u00e1sa, 1978\"}]},{\"@type\":\"WebSite\",\"@id\":\"https:\\\/\\\/egerhaziimre.hu\\\/#website\",\"url\":\"https:\\\/\\\/egerhaziimre.hu\\\/\",\"name\":\"\u00c9gerh\u00e1zi Imre\",\"description\":\"\",\"potentialAction\":[{\"@type\":\"SearchAction\",\"target\":{\"@type\":\"EntryPoint\",\"urlTemplate\":\"https:\\\/\\\/egerhaziimre.hu\\\/?s={search_term_string}\"},\"query-input\":{\"@type\":\"PropertyValueSpecification\",\"valueRequired\":true,\"valueName\":\"search_term_string\"}}],\"inLanguage\":\"hu\"}]}<\/script>\n<!-- \/ Yoast SEO plugin. -->","yoast_head_json":{"title":"Bemutatjuk \u00c9gerh\u00e1zi Imre Fest\u0151m\u0171v\u00e9szt, Sz\u00e9kelyhidi \u00c1goston \u00edr\u00e1sa, 1978 - \u00c9gerh\u00e1zi Imre","robots":{"index":"index","follow":"follow","max-snippet":"max-snippet:-1","max-image-preview":"max-image-preview:large","max-video-preview":"max-video-preview:-1"},"canonical":"https:\/\/egerhaziimre.hu\/index.php\/eletrajz\/irasok-egerhazi-imrerol\/bemutatjuk-egerhazi-imre-festomuveszt-szekelyhidi-agoston-irasa-1978\/","og_locale":"hu_HU","og_type":"article","og_title":"Bemutatjuk \u00c9gerh\u00e1zi Imre Fest\u0151m\u0171v\u00e9szt, Sz\u00e9kelyhidi \u00c1goston \u00edr\u00e1sa, 1978 - \u00c9gerh\u00e1zi Imre","og_description":"[vc_row][vc_column][vc_column_text]Csaknem tizen\u00f6t \u00e9ve k\u00eds\u00e9rhetem figyelemmel \u00c9gerh\u00e1zi Imre m\u0171v\u00e9szi p\u00e1ly\u00e1j\u00e1t, az indul\u00e1st\u00f3l az \u00fajabb, egyenletes kibontakoz\u00e1sig. R\u00e1ad\u00e1sul, ha t\u00e1volabbr\u00f3l is, megismerkedhettem a bels\u0151 mozgat\u00f3er\u0151kkel \u00e9s a k\u00fcls\u0151 k\u00f6r\u00fclm\u00e9nyekkel. Most azt\u00e1n, az \u00e1ttekint\u00e9s f\u00f6ladat\u00e1val tal\u00e1lkozva, aligha tudn\u00e1m elv\u00e1lasztani ezeket a mozzanatokat. Tal\u00e1n nem is \u00e9rdemes. \u00c9gerh\u00e1zi ugyanis a szem\u00e9lyes hiteless\u00e9g\u0171 m\u0171v\u00e9szet h\u00edve, csak \u00e9s kiz\u00e1r\u00f3lag annak a megfogalmaz\u00e1s\u00e1ra t\u00f6rekszik, amit \u00e9lm\u00e9nyek, bens\u0151 [&hellip;]","og_url":"https:\/\/egerhaziimre.hu\/index.php\/eletrajz\/irasok-egerhazi-imrerol\/bemutatjuk-egerhazi-imre-festomuveszt-szekelyhidi-agoston-irasa-1978\/","og_site_name":"\u00c9gerh\u00e1zi Imre","article_modified_time":"2023-06-09T13:47:22+00:00","twitter_card":"summary_large_image","twitter_misc":{"Becs\u00fclt olvas\u00e1si id\u0151":"3 perc"},"schema":{"@context":"https:\/\/schema.org","@graph":[{"@type":"WebPage","@id":"https:\/\/egerhaziimre.hu\/index.php\/eletrajz\/irasok-egerhazi-imrerol\/bemutatjuk-egerhazi-imre-festomuveszt-szekelyhidi-agoston-irasa-1978\/","url":"https:\/\/egerhaziimre.hu\/index.php\/eletrajz\/irasok-egerhazi-imrerol\/bemutatjuk-egerhazi-imre-festomuveszt-szekelyhidi-agoston-irasa-1978\/","name":"Bemutatjuk \u00c9gerh\u00e1zi Imre Fest\u0151m\u0171v\u00e9szt, Sz\u00e9kelyhidi \u00c1goston \u00edr\u00e1sa, 1978 - \u00c9gerh\u00e1zi Imre","isPartOf":{"@id":"https:\/\/egerhaziimre.hu\/#website"},"datePublished":"1978-10-07T12:33:09+00:00","dateModified":"2023-06-09T13:47:22+00:00","breadcrumb":{"@id":"https:\/\/egerhaziimre.hu\/index.php\/eletrajz\/irasok-egerhazi-imrerol\/bemutatjuk-egerhazi-imre-festomuveszt-szekelyhidi-agoston-irasa-1978\/#breadcrumb"},"inLanguage":"hu","potentialAction":[{"@type":"ReadAction","target":["https:\/\/egerhaziimre.hu\/index.php\/eletrajz\/irasok-egerhazi-imrerol\/bemutatjuk-egerhazi-imre-festomuveszt-szekelyhidi-agoston-irasa-1978\/"]}]},{"@type":"BreadcrumbList","@id":"https:\/\/egerhaziimre.hu\/index.php\/eletrajz\/irasok-egerhazi-imrerol\/bemutatjuk-egerhazi-imre-festomuveszt-szekelyhidi-agoston-irasa-1978\/#breadcrumb","itemListElement":[{"@type":"ListItem","position":1,"name":"Home","item":"https:\/\/egerhaziimre.hu\/"},{"@type":"ListItem","position":2,"name":"\u00c9letrajz","item":"https:\/\/egerhaziimre.hu\/index.php\/eletrajz\/"},{"@type":"ListItem","position":3,"name":"Writings about Imre \u00c9gerh\u00e1zi","item":"https:\/\/egerhaziimre.hu\/index.php\/eletrajz\/irasok-egerhazi-imrerol\/?lang=en"},{"@type":"ListItem","position":4,"name":"Bemutatjuk \u00c9gerh\u00e1zi Imre Fest\u0151m\u0171v\u00e9szt, Sz\u00e9kelyhidi \u00c1goston \u00edr\u00e1sa, 1978"}]},{"@type":"WebSite","@id":"https:\/\/egerhaziimre.hu\/#website","url":"https:\/\/egerhaziimre.hu\/","name":"\u00c9gerh\u00e1zi Imre","description":"","potentialAction":[{"@type":"SearchAction","target":{"@type":"EntryPoint","urlTemplate":"https:\/\/egerhaziimre.hu\/?s={search_term_string}"},"query-input":{"@type":"PropertyValueSpecification","valueRequired":true,"valueName":"search_term_string"}}],"inLanguage":"hu"}]}},"jetpack_sharing_enabled":true,"_links":{"self":[{"href":"https:\/\/egerhaziimre.hu\/index.php\/wp-json\/wp\/v2\/pages\/10606","targetHints":{"allow":["GET"]}}],"collection":[{"href":"https:\/\/egerhaziimre.hu\/index.php\/wp-json\/wp\/v2\/pages"}],"about":[{"href":"https:\/\/egerhaziimre.hu\/index.php\/wp-json\/wp\/v2\/types\/page"}],"author":[{"embeddable":true,"href":"https:\/\/egerhaziimre.hu\/index.php\/wp-json\/wp\/v2\/users\/4"}],"replies":[{"embeddable":true,"href":"https:\/\/egerhaziimre.hu\/index.php\/wp-json\/wp\/v2\/comments?post=10606"}],"version-history":[{"count":4,"href":"https:\/\/egerhaziimre.hu\/index.php\/wp-json\/wp\/v2\/pages\/10606\/revisions"}],"predecessor-version":[{"id":13118,"href":"https:\/\/egerhaziimre.hu\/index.php\/wp-json\/wp\/v2\/pages\/10606\/revisions\/13118"}],"up":[{"embeddable":true,"href":"https:\/\/egerhaziimre.hu\/index.php\/wp-json\/wp\/v2\/pages\/10535"}],"wp:attachment":[{"href":"https:\/\/egerhaziimre.hu\/index.php\/wp-json\/wp\/v2\/media?parent=10606"}],"wp:term":[{"taxonomy":"category","embeddable":true,"href":"https:\/\/egerhaziimre.hu\/index.php\/wp-json\/wp\/v2\/categories?post=10606"},{"taxonomy":"post_tag","embeddable":true,"href":"https:\/\/egerhaziimre.hu\/index.php\/wp-json\/wp\/v2\/tags?post=10606"}],"curies":[{"name":"wp","href":"https:\/\/api.w.org\/{rel}","templated":true}]}}