{"id":10621,"date":"1989-10-07T14:00:01","date_gmt":"1989-10-07T13:00:01","guid":{"rendered":"https:\/\/egerhaziimre.hu\/?page_id=10621"},"modified":"2020-10-16T15:28:39","modified_gmt":"2020-10-16T13:28:39","slug":"egerhazi-imre-muveszete-1989","status":"publish","type":"page","link":"https:\/\/egerhaziimre.hu\/index.php\/eletrajz\/irasok-egerhazi-imrerol\/egerhazi-imre-muveszete-1989\/","title":{"rendered":"\u00c9gerh\u00e1zi Imre M\u0171v\u00e9szete, T\u00f3th B\u00e9la \u00edr\u00e1sa az 1989-es grafikai albumban"},"content":{"rendered":"<div class=\"wpb-content-wrapper\">[vc_row el_class=&#8221;margin_bottom_0 padding_bottom_0&#8243;][vc_column width=&#8221;2\/3&#8243;][vc_column_text]\n<h6>\u00c9gerh\u00e1zi Imre m\u0171v\u00e9szet\u00e9r\u0151l<\/h6>\n<p>\u00c9gerh\u00e1zi Imre m\u0171v\u00e9szet\u00e9t k\u00e9t okb\u00f3l is kedvelem. Az egyik ok \u00e1tfog\u00f3, gazdag, tiszta, hozz\u00e1m is k\u00f6zel \u00e1ll\u00f3 formavil\u00e1ga, a m\u00e1sik annak az \u00fatnak er\u0151teljes sz\u00e9ps\u00e9ge, melyen szeg\u00e9ny hajd\u00fas\u00e1gi falusi vagy ha tetszik, kisv\u00e1rosi gyermekk\u00e9nt iskolai tanul\u00e1s, majd keny\u00e9rkeres\u0151, csal\u00e1dfenntart\u00f3 munka k\u00f6zben tehets\u00e9ge, kitart\u00e1sa r\u00e9v\u00e9n eljutott alkot\u00e1sainak mai magaslat\u00e1ra, alkot\u00f3i k\u00f6r\u00e9nek sz\u00e9les \u00f6lel\u00e9s\u0171 ter\u00fclet\u00e9hez. Tudjuk, hogy \u00f6szt\u00f6n\u00f6s rajzol\u00f3 \u00e9s fest\u0151i k\u00e9pess\u00e9g\u00e9t a debreceni k\u00e9pz\u0151m\u0171v\u00e9szeti szabadiskol\u00e1ban fejlesztette az \u00f6tvenes \u00e9vekben. Alkot\u00f3i k\u00e9szs\u00e9g\u00e9t az\u00f3ta is t\u00f6retlen er\u0151vel fejleszti k\u00fcl\u00f6nb\u00f6z\u0151 orsz\u00e1gok, m\u0171v\u00e9sztelepek felkeres\u00e9s\u00e9vel \u2013 szinte eg\u00e9sz Eur\u00f3p\u00e1t bej\u00e1rta -, m\u0171v\u00e9szet\u00e9nek tanulm\u00e1nyoz\u00e1s\u00e1val, de alap\u00edt\u00f3 s \u00e1lland\u00f3 tagja a Hajd\u00fab\u00f6sz\u00f6rm\u00e9nyben m\u0171k\u00f6d\u0151 nemzetk\u00f6zi m\u0171v\u00e9sztelepnek, 1982-t\u0151l vezet\u0151je a Hortob\u00e1gyi Alkot\u00f3t\u00e1bornak, mely szerencs\u00e9s, term\u00e9keny tal\u00e1lkoz\u00e1sokat biztos\u00edt a hazai s az idel\u00e1togat\u00f3, itt dolgoz\u00f3, f\u0151leg k\u00f6z\u00e9p-eur\u00f3pai m\u0171v\u00e9szek k\u00f6z\u00f6tt.<br \/>\nAlapvet\u0151 egy\u00e9ni alkot\u00f3i saj\u00e1ts\u00e1ga a megismert, \u00e1t\u00e9lt k\u00f6rnyez\u0151 val\u00f3s\u00e1ghoz val\u00f3 ragaszkod\u00e1s, az \u00e9lm\u00e9nyek fest\u0151i nyelven, fest\u0151i, grafikusi eszk\u00f6z\u00f6kkel val\u00f3 megjelen\u00edt\u00e9se, ami m\u00e1s sz\u00f3val azt jelenti, hogy a m\u0171v\u00e9sz ezer sz\u00e1llal kapcsol\u00f3dik vil\u00e1g\u00e1hoz, ennek jelens\u00e9geihez, \u00e9letmegnyilv\u00e1nul\u00e1saihoz, s azt elragad\u00f3 gazdags\u00e1ggal igyekszik kifejezni. T\u00f6bb ez azonban, mint puszta realizmus: \u00c9gerh\u00e1zi m\u0171v\u00e9szet\u00e9ben is lej\u00e1tsz\u00f3dik a csoda: a val\u00f3s\u00e1gnak egy magasabb, nemesebb, maradand\u00f3bb szintre val\u00f3 emel\u00e9se, amit nem is olyan r\u00e9gen egy k\u00f6lt\u0151 \u00edgy fejezett ki: \u201eVad\u00f3cba r\u00f3zs\u00e1t oltok, hogy szebb legyen a f\u00f6ld\u201d, ami minden m\u0171v\u00e9sz, m\u0171v\u00e9szet feladata, c\u00e9lja.<br \/>\n\u00cdgy id\u00e9zi fel k\u00e9pein k\u00f6zvetlen k\u00f6rnyezet\u00e9nek t\u00e1jait, \u00e9p\u00fcleteit, embereit, a Hortob\u00e1gy egyhang\u00fas\u00e1ga ellen\u00e9re gazdag vil\u00e1g\u00e1t, a Hajd\u00fas\u00e1g \u00e9s a sz\u00edv\u00e9nek, mindny\u00e1junk sz\u00edv\u00e9nek oly kedves Erd\u00e9ly v\u00e1ltozatos vil\u00e1g\u00e1t, hegyeit, lak\u00f3it.<br \/>\nK\u00f6zvetlen t\u00e1j- \u00e9s term\u00e9szet\u00e9lm\u00e9nyein t\u00fal olvasm\u00e1nyaib\u00f3l, a testv\u00e9rm\u0171v\u00e9szetb\u0151l, a zen\u00e9b\u0151l sz\u00e1rmaz\u00f3 \u00e9lm\u00e9nyei is megjelennek k\u00e9pein, Csokonai, Pet\u0151fi, Ady arck\u00e9pe, vil\u00e1ga, Bart\u00f3k, Kr\u00fady, nem sz\u00f3lva a hajd\u00fas\u00e1gi hagyom\u00e1nyokr\u00f3l (Silye kapit\u00e1ny, a Hajd\u00fak c\u00edm\u0171 pann\u00f3ja, K\u00e1pl\u00e1r Mikl\u00f3s).<br \/>\nFest\u0151i eszk\u00f6zeiben mintha a n\u00e9pi m\u0171v\u00e9szet szeml\u00e9let\u00e9t, kifejez\u00e9sm\u00f3dj\u00e1t \u00f6tv\u00f6zn\u00e9 a konstruktivizmus, a szecesszi\u00f3 tudatos artisztikus kifejez\u00e9sm\u00f3dj\u00e1val.<br \/>\nA tiszta form\u00e1k, kiegyens\u00falyozott szerkezet valami pomp\u00e1s nyugalmat, olykor egyenesen monumentalit\u00e1st k\u00f6lcs\u00f6n\u00f6znek festm\u00e9nyeinek. Az egys\u00e9get, nyugalmat szolg\u00e1lja, hogy alapj\u00e1ban kev\u00e9s sz\u00ednnel \u00e9l. Ezek k\u00f6z\u00fcl is a komoly barn\u00e1kat, k\u00e9keket, z\u00f6ldeket, okkereket, v\u00f6r\u00f6s\u00f6ket kedveli els\u0151sorban, s ezeket foltokban helyezi el k\u00e9pein, melyek jelleg\u00e9t \u00e1ltal\u00e1ban egy-egy, a jelens\u00e9g \u00e1ltal sugallt uralkod\u00f3 sz\u00ednt adja meg. M\u00e9gis, hogy a foltok ne egyhang\u00fas\u00e1got, mozdulatlans\u00e1got sugalljanak, erre val\u00f3 vonalainak lend\u00fcletes rendje s fest\u00e9kfelrak\u00e1s\u00e1nak a pointilist\u00e1kra eml\u00e9keztet\u0151 saj\u00e1tos m\u00f3dja. Ez a k\u00e9t tulajdons\u00e1ga \u2013 n\u00e9mileg szecesszi\u00f3s vonalvezet\u00e9se \u00e9s mozgalmas fest\u00e9sm\u00f3dja \u2013 viszi \u0151t k\u00f6zel a modern fest\u00e9szet k\u00e9t \u00e1g\u00e1hoz: a szecesszi\u00f3hoz s a form\u00e1kat er\u0151teljesen hangs\u00falyoz\u00f3 kubizmushoz, an\u00e9lk\u00fcl, hogy b\u00e1rmelyiket egyoldal\u00fav\u00e1 tenn\u00e9. V\u00e9geredm\u00e9ny\u00e9ben k\u00e9pei uralkod\u00f3 jelleg\u00e9t a vonalak kifejez\u0151 ereje, a sz\u00e9p sz\u00ednek harm\u00f3ni\u00e1ja adja meg.<br \/>\nFest\u0151i kifejez\u00e9sm\u00f3dj\u00e1nak gazdags\u00e1g\u00e1t jelzi az is, hogy m\u0171vei k\u00f6z\u00f6tt az olajfestm\u00e9nyek mellett nagy b\u0151s\u00e9gben tal\u00e1lunk \u00f6n\u00e1ll\u00f3 grafik\u00e1kat, akvarelleket, monot\u00edpi\u00e1kat, v\u00e1zlatokat. Ezekb\u0151l tal\u00e1lhatunk e k\u00f6tetben egy szer\u00e9ny v\u00e1logat\u00e1st.<br \/>\n\u00c9let\u00e9nek gy\u00f6kere, h\u00e1ttere, mely egy\u00fattal m\u0171v\u00e9szete gy\u00f6kere, h\u00e1ttere is, m\u0171v\u00e9szete fejl\u0151d\u00e9se, t\u00e9m\u00e1i, k\u00e9peinek komoly, mondhatn\u00e1m f\u00e9rfias t\u00f3nusa, kiegyens\u00falyozott, m\u00e9gis er\u0151teljes vagy ink\u00e1bb s\u00falyos nyugalma teszi \u0151t ma Debrecen \u00e9s a Hajd\u00fas\u00e1g egyik legjellegzetesebb m\u0171v\u00e9sz\u00e9v\u00e9.<\/p>\n<p>T\u00f3th B\u00e9la<br \/>\n\u00c9gerh\u00e1zi Imre grafik\u00e1i 1989.[\/vc_column_text][\/vc_column][vc_column width=&#8221;1\/3&#8243;][vc_column_text]\n<p style=\"text-align: center;\"><strong>Gyergy\u00f3<\/strong><br \/>\nfilctoll, pap\u00edr, 30&#215;21 cm<br \/>\n1971<\/p>\n[\/vc_column_text][vc_single_image image=&#8221;2984&#8243; img_size=&#8221;large&#8221; alignment=&#8221;center&#8221; style=&#8221;xtd-shadow&#8211;normal-light&#8221; onclick=&#8221;link_image&#8221;][\/vc_column][\/vc_row][vc_row][vc_column][vc_separator][vc_column_text]\n<h6>R\u00e9szletek az 1989-es \u00c9gerh\u00e1zi Imre grafik\u00e1i kiadv\u00e1nyb\u00f3l<\/h6>\n[\/vc_column_text][vc_row_inner][vc_column_inner width=&#8221;1\/4&#8243;][vc_single_image image=&#8221;10897&#8243; img_size=&#8221;large&#8221; alignment=&#8221;center&#8221; style=&#8221;xtd-shadow&#8211;normal-light&#8221; onclick=&#8221;link_image&#8221;][\/vc_column_inner][vc_column_inner width=&#8221;1\/4&#8243;][vc_single_image image=&#8221;10896&#8243; img_size=&#8221;large&#8221; alignment=&#8221;center&#8221; style=&#8221;xtd-shadow&#8211;normal-light&#8221; onclick=&#8221;link_image&#8221;][\/vc_column_inner][vc_column_inner width=&#8221;1\/4&#8243;][vc_single_image image=&#8221;10899&#8243; img_size=&#8221;large&#8221; alignment=&#8221;center&#8221; style=&#8221;xtd-shadow&#8211;normal-light&#8221; onclick=&#8221;link_image&#8221;][\/vc_column_inner][vc_column_inner width=&#8221;1\/4&#8243;][vc_single_image image=&#8221;10900&#8243; img_size=&#8221;large&#8221; alignment=&#8221;center&#8221; style=&#8221;xtd-shadow&#8211;normal-light&#8221; onclick=&#8221;link_image&#8221;][\/vc_column_inner][\/vc_row_inner][vc_empty_space height=&#8221;64px&#8221;][vc_row_inner][vc_column_inner width=&#8221;1\/3&#8243;][vc_single_image image=&#8221;10906&#8243; img_size=&#8221;large&#8221; alignment=&#8221;center&#8221; style=&#8221;xtd-shadow&#8211;normal-light&#8221; onclick=&#8221;link_image&#8221;][\/vc_column_inner][vc_column_inner width=&#8221;1\/3&#8243;][vc_single_image image=&#8221;10895&#8243; img_size=&#8221;large&#8221; alignment=&#8221;center&#8221; style=&#8221;xtd-shadow&#8211;normal-light&#8221; onclick=&#8221;link_image&#8221;][\/vc_column_inner][vc_column_inner width=&#8221;1\/3&#8243;][vc_single_image image=&#8221;10894&#8243; img_size=&#8221;large&#8221; alignment=&#8221;center&#8221; style=&#8221;xtd-shadow&#8211;normal-light&#8221; onclick=&#8221;link_image&#8221;][\/vc_column_inner][\/vc_row_inner][vc_empty_space height=&#8221;64px&#8221;][vc_row_inner][vc_column_inner width=&#8221;1\/2&#8243;][vc_single_image image=&#8221;10893&#8243; img_size=&#8221;large&#8221; alignment=&#8221;center&#8221; style=&#8221;xtd-shadow&#8211;normal-light&#8221; onclick=&#8221;link_image&#8221;][\/vc_column_inner][vc_column_inner width=&#8221;1\/2&#8243;][vc_single_image image=&#8221;10904&#8243; img_size=&#8221;large&#8221; alignment=&#8221;center&#8221; style=&#8221;xtd-shadow&#8211;normal-light&#8221; onclick=&#8221;link_image&#8221;][\/vc_column_inner][\/vc_row_inner][vc_row_inner][vc_column_inner][vc_single_image image=&#8221;10905&#8243; img_size=&#8221;large&#8221; alignment=&#8221;center&#8221; style=&#8221;xtd-shadow&#8211;normal-light&#8221; onclick=&#8221;link_image&#8221;][\/vc_column_inner][\/vc_row_inner][\/vc_column][\/vc_row]\n<\/div>","protected":false},"excerpt":{"rendered":"<p>[vc_row el_class=&#8221;margin_bottom_0 padding_bottom_0&#8243;][vc_column width=&#8221;2\/3&#8243;][vc_column_text] \u00c9gerh\u00e1zi Imre m\u0171v\u00e9szet\u00e9r\u0151l \u00c9gerh\u00e1zi Imre m\u0171v\u00e9szet\u00e9t k\u00e9t okb\u00f3l is kedvelem. Az egyik ok \u00e1tfog\u00f3, gazdag, tiszta, hozz\u00e1m is k\u00f6zel \u00e1ll\u00f3 formavil\u00e1ga, a m\u00e1sik annak az \u00fatnak er\u0151teljes sz\u00e9ps\u00e9ge, melyen szeg\u00e9ny hajd\u00fas\u00e1gi falusi vagy ha tetszik, kisv\u00e1rosi gyermekk\u00e9nt iskolai tanul\u00e1s, majd keny\u00e9rkeres\u0151, csal\u00e1dfenntart\u00f3 munka k\u00f6zben tehets\u00e9ge, kitart\u00e1sa r\u00e9v\u00e9n eljutott alkot\u00e1sainak mai magaslat\u00e1ra, alkot\u00f3i k\u00f6r\u00e9nek sz\u00e9les \u00f6lel\u00e9s\u0171 ter\u00fclet\u00e9hez. [&hellip;]<\/p>\n","protected":false},"author":4,"featured_media":0,"parent":10535,"menu_order":0,"comment_status":"closed","ping_status":"closed","template":"","meta":{"footnotes":""},"categories":[219],"tags":[80],"class_list":["post-10621","page","type-page","status-publish","hentry","category-irasok_egerhazi_imrerol","tag-80"],"yoast_head":"<!-- This site is optimized with the Yoast SEO plugin v27.0 - https:\/\/yoast.com\/product\/yoast-seo-wordpress\/ -->\n<title>\u00c9gerh\u00e1zi Imre M\u0171v\u00e9szete, T\u00f3th B\u00e9la \u00edr\u00e1sa az 1989-es grafikai albumban - \u00c9gerh\u00e1zi Imre<\/title>\n<meta name=\"robots\" content=\"index, follow, max-snippet:-1, max-image-preview:large, max-video-preview:-1\" \/>\n<link rel=\"canonical\" href=\"https:\/\/egerhaziimre.hu\/index.php\/eletrajz\/irasok-egerhazi-imrerol\/egerhazi-imre-muveszete-1989\/?lang=en\" \/>\n<meta property=\"og:locale\" content=\"hu_HU\" \/>\n<meta property=\"og:type\" content=\"article\" \/>\n<meta property=\"og:title\" content=\"\u00c9gerh\u00e1zi Imre M\u0171v\u00e9szete, T\u00f3th B\u00e9la \u00edr\u00e1sa az 1989-es grafikai albumban - \u00c9gerh\u00e1zi Imre\" \/>\n<meta property=\"og:description\" content=\"[vc_row el_class=&#8221;margin_bottom_0 padding_bottom_0&#8243;][vc_column width=&#8221;2\/3&#8243;][vc_column_text] \u00c9gerh\u00e1zi Imre m\u0171v\u00e9szet\u00e9r\u0151l \u00c9gerh\u00e1zi Imre m\u0171v\u00e9szet\u00e9t k\u00e9t okb\u00f3l is kedvelem. Az egyik ok \u00e1tfog\u00f3, gazdag, tiszta, hozz\u00e1m is k\u00f6zel \u00e1ll\u00f3 formavil\u00e1ga, a m\u00e1sik annak az \u00fatnak er\u0151teljes sz\u00e9ps\u00e9ge, melyen szeg\u00e9ny hajd\u00fas\u00e1gi falusi vagy ha tetszik, kisv\u00e1rosi gyermekk\u00e9nt iskolai tanul\u00e1s, majd keny\u00e9rkeres\u0151, csal\u00e1dfenntart\u00f3 munka k\u00f6zben tehets\u00e9ge, kitart\u00e1sa r\u00e9v\u00e9n eljutott alkot\u00e1sainak mai magaslat\u00e1ra, alkot\u00f3i k\u00f6r\u00e9nek sz\u00e9les \u00f6lel\u00e9s\u0171 ter\u00fclet\u00e9hez. [&hellip;]\" \/>\n<meta property=\"og:url\" content=\"https:\/\/egerhaziimre.hu\/index.php\/eletrajz\/irasok-egerhazi-imrerol\/egerhazi-imre-muveszete-1989\/?lang=en\" \/>\n<meta property=\"og:site_name\" content=\"\u00c9gerh\u00e1zi Imre\" \/>\n<meta property=\"article:modified_time\" content=\"2020-10-16T13:28:39+00:00\" \/>\n<meta name=\"twitter:card\" content=\"summary_large_image\" \/>\n<meta name=\"twitter:label1\" content=\"Becs\u00fclt olvas\u00e1si id\u0151\" \/>\n\t<meta name=\"twitter:data1\" content=\"11 perc\" \/>\n<script type=\"application\/ld+json\" class=\"yoast-schema-graph\">{\"@context\":\"https:\/\/schema.org\",\"@graph\":[{\"@type\":\"WebPage\",\"@id\":\"https:\/\/egerhaziimre.hu\/index.php\/eletrajz\/irasok-egerhazi-imrerol\/egerhazi-imre-muveszete-1989\/?lang=en\",\"url\":\"https:\/\/egerhaziimre.hu\/index.php\/eletrajz\/irasok-egerhazi-imrerol\/egerhazi-imre-muveszete-1989\/?lang=en\",\"name\":\"\u00c9gerh\u00e1zi Imre M\u0171v\u00e9szete, T\u00f3th B\u00e9la \u00edr\u00e1sa az 1989-es grafikai albumban - \u00c9gerh\u00e1zi Imre\",\"isPartOf\":{\"@id\":\"https:\/\/egerhaziimre.hu\/#website\"},\"datePublished\":\"1989-10-07T13:00:01+00:00\",\"dateModified\":\"2020-10-16T13:28:39+00:00\",\"breadcrumb\":{\"@id\":\"https:\/\/egerhaziimre.hu\/index.php\/eletrajz\/irasok-egerhazi-imrerol\/egerhazi-imre-muveszete-1989\/?lang=en#breadcrumb\"},\"inLanguage\":\"hu\",\"potentialAction\":[{\"@type\":\"ReadAction\",\"target\":[\"https:\/\/egerhaziimre.hu\/index.php\/eletrajz\/irasok-egerhazi-imrerol\/egerhazi-imre-muveszete-1989\/?lang=en\"]}]},{\"@type\":\"BreadcrumbList\",\"@id\":\"https:\/\/egerhaziimre.hu\/index.php\/eletrajz\/irasok-egerhazi-imrerol\/egerhazi-imre-muveszete-1989\/?lang=en#breadcrumb\",\"itemListElement\":[{\"@type\":\"ListItem\",\"position\":1,\"name\":\"Home\",\"item\":\"https:\/\/egerhaziimre.hu\/\"},{\"@type\":\"ListItem\",\"position\":2,\"name\":\"\u00c9letrajz\",\"item\":\"https:\/\/egerhaziimre.hu\/index.php\/eletrajz\/\"},{\"@type\":\"ListItem\",\"position\":3,\"name\":\"Writings about Imre \u00c9gerh\u00e1zi\",\"item\":\"https:\/\/egerhaziimre.hu\/index.php\/eletrajz\/irasok-egerhazi-imrerol\/?lang=en\"},{\"@type\":\"ListItem\",\"position\":4,\"name\":\"\u00c9gerh\u00e1zi Imre M\u0171v\u00e9szete, T\u00f3th B\u00e9la \u00edr\u00e1sa az 1989-es grafikai albumban\"}]},{\"@type\":\"WebSite\",\"@id\":\"https:\/\/egerhaziimre.hu\/#website\",\"url\":\"https:\/\/egerhaziimre.hu\/\",\"name\":\"\u00c9gerh\u00e1zi Imre\",\"description\":\"\",\"potentialAction\":[{\"@type\":\"SearchAction\",\"target\":{\"@type\":\"EntryPoint\",\"urlTemplate\":\"https:\/\/egerhaziimre.hu\/?s={search_term_string}\"},\"query-input\":{\"@type\":\"PropertyValueSpecification\",\"valueRequired\":true,\"valueName\":\"search_term_string\"}}],\"inLanguage\":\"hu\"}]}<\/script>\n<!-- \/ Yoast SEO plugin. -->","yoast_head_json":{"title":"\u00c9gerh\u00e1zi Imre M\u0171v\u00e9szete, T\u00f3th B\u00e9la \u00edr\u00e1sa az 1989-es grafikai albumban - \u00c9gerh\u00e1zi Imre","robots":{"index":"index","follow":"follow","max-snippet":"max-snippet:-1","max-image-preview":"max-image-preview:large","max-video-preview":"max-video-preview:-1"},"canonical":"https:\/\/egerhaziimre.hu\/index.php\/eletrajz\/irasok-egerhazi-imrerol\/egerhazi-imre-muveszete-1989\/?lang=en","og_locale":"hu_HU","og_type":"article","og_title":"\u00c9gerh\u00e1zi Imre M\u0171v\u00e9szete, T\u00f3th B\u00e9la \u00edr\u00e1sa az 1989-es grafikai albumban - \u00c9gerh\u00e1zi Imre","og_description":"[vc_row el_class=&#8221;margin_bottom_0 padding_bottom_0&#8243;][vc_column width=&#8221;2\/3&#8243;][vc_column_text] \u00c9gerh\u00e1zi Imre m\u0171v\u00e9szet\u00e9r\u0151l \u00c9gerh\u00e1zi Imre m\u0171v\u00e9szet\u00e9t k\u00e9t okb\u00f3l is kedvelem. Az egyik ok \u00e1tfog\u00f3, gazdag, tiszta, hozz\u00e1m is k\u00f6zel \u00e1ll\u00f3 formavil\u00e1ga, a m\u00e1sik annak az \u00fatnak er\u0151teljes sz\u00e9ps\u00e9ge, melyen szeg\u00e9ny hajd\u00fas\u00e1gi falusi vagy ha tetszik, kisv\u00e1rosi gyermekk\u00e9nt iskolai tanul\u00e1s, majd keny\u00e9rkeres\u0151, csal\u00e1dfenntart\u00f3 munka k\u00f6zben tehets\u00e9ge, kitart\u00e1sa r\u00e9v\u00e9n eljutott alkot\u00e1sainak mai magaslat\u00e1ra, alkot\u00f3i k\u00f6r\u00e9nek sz\u00e9les \u00f6lel\u00e9s\u0171 ter\u00fclet\u00e9hez. [&hellip;]","og_url":"https:\/\/egerhaziimre.hu\/index.php\/eletrajz\/irasok-egerhazi-imrerol\/egerhazi-imre-muveszete-1989\/?lang=en","og_site_name":"\u00c9gerh\u00e1zi Imre","article_modified_time":"2020-10-16T13:28:39+00:00","twitter_card":"summary_large_image","twitter_misc":{"Becs\u00fclt olvas\u00e1si id\u0151":"11 perc"},"schema":{"@context":"https:\/\/schema.org","@graph":[{"@type":"WebPage","@id":"https:\/\/egerhaziimre.hu\/index.php\/eletrajz\/irasok-egerhazi-imrerol\/egerhazi-imre-muveszete-1989\/?lang=en","url":"https:\/\/egerhaziimre.hu\/index.php\/eletrajz\/irasok-egerhazi-imrerol\/egerhazi-imre-muveszete-1989\/?lang=en","name":"\u00c9gerh\u00e1zi Imre M\u0171v\u00e9szete, T\u00f3th B\u00e9la \u00edr\u00e1sa az 1989-es grafikai albumban - \u00c9gerh\u00e1zi Imre","isPartOf":{"@id":"https:\/\/egerhaziimre.hu\/#website"},"datePublished":"1989-10-07T13:00:01+00:00","dateModified":"2020-10-16T13:28:39+00:00","breadcrumb":{"@id":"https:\/\/egerhaziimre.hu\/index.php\/eletrajz\/irasok-egerhazi-imrerol\/egerhazi-imre-muveszete-1989\/?lang=en#breadcrumb"},"inLanguage":"hu","potentialAction":[{"@type":"ReadAction","target":["https:\/\/egerhaziimre.hu\/index.php\/eletrajz\/irasok-egerhazi-imrerol\/egerhazi-imre-muveszete-1989\/?lang=en"]}]},{"@type":"BreadcrumbList","@id":"https:\/\/egerhaziimre.hu\/index.php\/eletrajz\/irasok-egerhazi-imrerol\/egerhazi-imre-muveszete-1989\/?lang=en#breadcrumb","itemListElement":[{"@type":"ListItem","position":1,"name":"Home","item":"https:\/\/egerhaziimre.hu\/"},{"@type":"ListItem","position":2,"name":"\u00c9letrajz","item":"https:\/\/egerhaziimre.hu\/index.php\/eletrajz\/"},{"@type":"ListItem","position":3,"name":"Writings about Imre \u00c9gerh\u00e1zi","item":"https:\/\/egerhaziimre.hu\/index.php\/eletrajz\/irasok-egerhazi-imrerol\/?lang=en"},{"@type":"ListItem","position":4,"name":"\u00c9gerh\u00e1zi Imre M\u0171v\u00e9szete, T\u00f3th B\u00e9la \u00edr\u00e1sa az 1989-es grafikai albumban"}]},{"@type":"WebSite","@id":"https:\/\/egerhaziimre.hu\/#website","url":"https:\/\/egerhaziimre.hu\/","name":"\u00c9gerh\u00e1zi Imre","description":"","potentialAction":[{"@type":"SearchAction","target":{"@type":"EntryPoint","urlTemplate":"https:\/\/egerhaziimre.hu\/?s={search_term_string}"},"query-input":{"@type":"PropertyValueSpecification","valueRequired":true,"valueName":"search_term_string"}}],"inLanguage":"hu"}]}},"jetpack_sharing_enabled":true,"_links":{"self":[{"href":"https:\/\/egerhaziimre.hu\/index.php\/wp-json\/wp\/v2\/pages\/10621","targetHints":{"allow":["GET"]}}],"collection":[{"href":"https:\/\/egerhaziimre.hu\/index.php\/wp-json\/wp\/v2\/pages"}],"about":[{"href":"https:\/\/egerhaziimre.hu\/index.php\/wp-json\/wp\/v2\/types\/page"}],"author":[{"embeddable":true,"href":"https:\/\/egerhaziimre.hu\/index.php\/wp-json\/wp\/v2\/users\/4"}],"replies":[{"embeddable":true,"href":"https:\/\/egerhaziimre.hu\/index.php\/wp-json\/wp\/v2\/comments?post=10621"}],"version-history":[{"count":20,"href":"https:\/\/egerhaziimre.hu\/index.php\/wp-json\/wp\/v2\/pages\/10621\/revisions"}],"predecessor-version":[{"id":10915,"href":"https:\/\/egerhaziimre.hu\/index.php\/wp-json\/wp\/v2\/pages\/10621\/revisions\/10915"}],"up":[{"embeddable":true,"href":"https:\/\/egerhaziimre.hu\/index.php\/wp-json\/wp\/v2\/pages\/10535"}],"wp:attachment":[{"href":"https:\/\/egerhaziimre.hu\/index.php\/wp-json\/wp\/v2\/media?parent=10621"}],"wp:term":[{"taxonomy":"category","embeddable":true,"href":"https:\/\/egerhaziimre.hu\/index.php\/wp-json\/wp\/v2\/categories?post=10621"},{"taxonomy":"post_tag","embeddable":true,"href":"https:\/\/egerhaziimre.hu\/index.php\/wp-json\/wp\/v2\/tags?post=10621"}],"curies":[{"name":"wp","href":"https:\/\/api.w.org\/{rel}","templated":true}]}}