{"id":10625,"date":"1990-10-07T14:09:47","date_gmt":"1990-10-07T13:09:47","guid":{"rendered":"https:\/\/egerhaziimre.hu\/?page_id=10625"},"modified":"2025-08-28T14:29:55","modified_gmt":"2025-08-28T12:29:55","slug":"erdely-jegyeben-is-1990","status":"publish","type":"page","link":"https:\/\/egerhaziimre.hu\/index.php\/eletrajz\/irasok-egerhazi-imrerol\/erdely-jegyeben-is-1990\/","title":{"rendered":"Erd\u00e9ly jegy\u00e9ben is (\u00c9gerh\u00e1zi Imre vonzalmai \u00e9s m\u0171vei), megjelent az Erd\u00e9lyi t\u00fck\u00f6r 1990. j\u00faliusi sz\u00e1m\u00e1ban. Sz\u00e9kelyhidi \u00c1goston \u00edr\u00e1sa"},"content":{"rendered":"<div class=\"wpb-content-wrapper\">[vc_row][vc_column][vc_column_text css=&#8221;&#8221;]\n<h6>Erd\u00e9ly jegy\u00e9ben is (\u00c9gerh\u00e1zi Imre vonzalmai \u00e9s m\u0171vei)<\/h6>\n<p>Harminc\u00f6t \u00e9ve rajzolja, festi Erd\u00e9ly t\u00e1jait \u00c9gerh\u00e1zi Imre. Csak h\u00e1t a jeles mester Hajd\u00fahadh\u00e1zon sz\u00fcletett \u00e9s Debrecenben \u00e9l. Mi ind\u00edthatja t\u00e1voli vonzalmait? Mir\u0151l vallanak m\u0171vei?<\/p>\n<p>Kiscserk\u00e9szk\u00e9nt j\u00e1rt el\u0151sz\u0151r Erd\u00e9lyben, 1941 nyar\u00e1n. R\u00e9v k\u00f6rny\u00e9k\u00e9n t\u00e1boroztak. &#8222;Az\u00f3ta el nem m\u00fal\u00f3 csod\u00e1lat \u00e9s szeretet t\u00f6lt el e t\u00e1j ir\u00e1nt&#8221; &#8211; \u00edrja eml\u00e9kez\u00e9seiben. Tal\u00e1n egy kicsit t\u00falz\u00f3, de hiteles ez a magyar\u00e1zat. Az \u00e9rzelmi \u00e9s szellemi \u00f6n\u00e1ll\u00f3s\u00e1g els\u0151 lobban\u00e1sai m\u00e9lyen bele\u00e9getik a l\u00e9lekbe csod\u00e1latuk vagy iszonyod\u00e1suk t\u00e1rgy\u00e1t. Olykor ez a t\u00e1rgy maga el is t\u00f6rp\u00fcl hat\u00e1s\u00e1nak ereje, s\u00falya mellett. Itt m\u00e1sk\u00e9pp t\u00f6rt\u00e9nt. \u00c9gerh\u00e1zi Imre, az \u00e9rett f\u00e9rfi \u00e9s a tudatos m\u0171v\u00e9sz, szembes\u00fclni akart azzal a k\u00fcl\u00f6n\u00f6s \u00e9lm\u00e9nnyel, imm\u00e1r a tapasztalat, a viszony\u00edt\u00e1s az \u00f6nismeret sz\u00e9lesebb alapj\u00e1n is. Mikor tehette, ism\u00e9t Erd\u00e9lybe utazott. Legk\u00f6zelebb erre 1956-ban ny\u00edlt lehet\u0151s\u00e9g. Eml\u00e9kez\u00e9sei szerint &#8222;Marosv\u00e1s\u00e1rhelyig mentem, sz\u00e9tn\u00e9ztem a Somos-tet\u0151r\u0151l, sorozatnyi rajzot k\u00e9sz\u00edtettem a Marosr\u00f3l, majd a G\u00f6csi M\u00e1t\u00e9 utca v\u00e9g\u00e9n fekv\u0151 rom\u00e1n temet\u0151r\u0151l \u00e9s fatemplomr\u00f3l. Ny\u00e1r\u00e1dk\u00f6szv\u00e9nyesen, Ny\u00e1r\u00e1dszerdahelyen, Szov\u00e1t\u00e1n, Borsz\u00e9ken is festettem&#8230;&#8221; Igaz\u00e1ban teh\u00e1t ezzel az \u00e9rett, tudatos szembes\u00fcl\u00e9ssel kezd\u0151d\u00f6tt a m\u00e1ig h\u00faz\u00f3d\u00f3 harminc\u00f6t \u00e9v.<\/p>\n<p>Maga a vonzalom \u00fajabb \u00e9s \u00fajabb forr\u00e1sra tal\u00e1lt. Kider\u00fclt, hogy \u00c9gerh\u00e1zi Imre egyik \u0151se, a b\u0151sh\u00e1zai Egerh\u00e1zi Mih\u00e1ly 1670-ben Apafi Mih\u00e1ly erd\u00e9lyi fejedelemt\u0151l kapott nemesi oklevelet \u00e9s c\u00edmert, melyen a &#8222;M\u0171v\u00e9szet\u00e9rt \u00e9s haz\u00e1\u00e9rt&#8221; jelmondat szerepel. Ez az \u00e1g pedig nyilv\u00e1n azonos a mez\u0151b\u00e1ndi Egerh\u00e1ziakkal, akik kor\u00e1bban, Bethlen G\u00e1bor uralkod\u00e1sa idej\u00e9n &#8222;k\u00e9p\u00edr\u00f3&#8221; mesters\u00e9g\u00fckr\u0151l h\u00edres\u00fcltek el, c\u00edmer\u00fckbe ez\u00e9rt ker\u00fclhetett paletta \u00e9s ecset. K\u00e9p\u00edr\u00f3 Egerh\u00e1zi J\u00e1nos \u00e9s Istv\u00e1n munk\u00e1i k\u00f6z\u00e9 sorolj\u00e1k p\u00e9ld\u00e1ul a gyulafeh\u00e9rv\u00e1ri palota mennyezetd\u00edszeit \u00e9s a gyulakutai reform\u00e1tus templom sz\u00ednes kazett\u00e1it. Eddig jutott vonzalma okol\u00e1s\u00e1ban, s\u0151t kutat\u00e1s\u00e1ban \u00c9gerh\u00e1zi Imre. F\u00f6l\u00f6slegesen? A l\u00e9lek tartom\u00e1ny\u00e1ban semmi sem f\u00f6l\u00f6sleges, ami \u00e9rz\u00fcletet, hangulatot t\u00e1pl\u00e1l.<\/p>\n<p>Eset\u00fcnkben egyenest sz\u00fcks\u00e9g volt erre a fokozott bens\u0151 hajt\u00f3er\u0151re. \u00c9gerh\u00e1zi Imre ugyanis mint a Hajd\u00fas\u00e1gi Nemzetk\u00f6zi M\u0171v\u00e9sztelep alap\u00edt\u00f3 tagja r\u00e9szt v\u00e1llalt a szervez\u00e9sben is: 1969-t\u0151l k\u00f6zvet\u00edtette, int\u00e9zte az erd\u00e9lyi alkot\u00f3k megh\u00edv\u00e1s\u00e1t. Ma, a Hortob\u00e1gyi Alkot\u00f3t\u00e1bor vezet\u0151jek\u00e9nt ugyanezen a nyomon halad. Nem kev\u00e9s akad\u00e1lyt kellett \u00e9s kell elh\u00e1r\u00edtania. Nem kev\u00e9s felel\u0151ss\u00e9g szakadt \u00e9s szakad r\u00e1. Ez\u00e9rt sz\u00fcks\u00e9ges a mindig meg\u00fajul\u00f3 bens\u0151 hit \u00e9s er\u0151.<\/p>\n<p>K\u00f6zben gyarapodtak a festm\u00e9nyek, a rajzok, a metszetek is. \u00c9gerh\u00e1zi Imre \u00fagy maradt h\u0171s\u00e9ges az erd\u00e9lyi t\u00e1jhoz, hogy egy\u00fctt mutatja meg v\u00e1ltoz\u00f3 \u00e9s \u00f6r\u00f6k von\u00e1sait. Bihart\u00f3l Gyergy\u00f3ig szinte minden jellegzetes l\u00e1tv\u00e1nyr\u00f3l v\u00e1zlatot gy\u0171jt\u00f6tt f\u00fczeteibe, mapp\u00e1iba. Befejezett alkot\u00e1sai azonban a l\u00e1tv\u00e1ny r\u00e9szleteit form\u00e1k, sz\u00ednek, szerkezeti tagok egys\u00e9ges rendszer\u00e9v\u00e9 \u00f6sszegezik. Ezeken a fel\u00fcleteken f\u0151leg a mozgalmass\u00e1g \u00e9s a nyugalom, a hajl\u00e9kony finoms\u00e1g \u00e9s a nagyar\u00e1ny\u00fas\u00e1g kifejez\u0151elemei uralj\u00e1k. Vagyis ebben a m\u00f3dszerben \u00e9s szeml\u00e9letben van mit \u00e9s miv\u00e9 alak\u00edtani, mennyis\u00e9gben \u00e9s min\u0151s\u00e9gben sz\u00fcntelen\u00fcl.<\/p>\n<p>Sz\u00e9kelyhidi \u00c1goston[\/vc_column_text][vc_separator][vc_row_inner][vc_column_inner width=&#8221;1\/5&#8243;][vc_single_image image=&#8221;10627&#8243; img_size=&#8221;large&#8221; alignment=&#8221;center&#8221; style=&#8221;xtd-shadow&#8211;normal-light&#8221; onclick=&#8221;link_image&#8221;][\/vc_column_inner][vc_column_inner width=&#8221;1\/5&#8243;][vc_single_image image=&#8221;10628&#8243; img_size=&#8221;large&#8221; alignment=&#8221;center&#8221; style=&#8221;xtd-shadow&#8211;normal-light&#8221; onclick=&#8221;link_image&#8221;][\/vc_column_inner][vc_column_inner width=&#8221;1\/5&#8243;][vc_single_image image=&#8221;10629&#8243; img_size=&#8221;large&#8221; alignment=&#8221;center&#8221; style=&#8221;xtd-shadow&#8211;normal-light&#8221; onclick=&#8221;link_image&#8221;][\/vc_column_inner][vc_column_inner width=&#8221;1\/5&#8243;][vc_single_image image=&#8221;10630&#8243; img_size=&#8221;large&#8221; alignment=&#8221;center&#8221; style=&#8221;xtd-shadow&#8211;normal-light&#8221; onclick=&#8221;link_image&#8221;][\/vc_column_inner][vc_column_inner width=&#8221;1\/5&#8243;][vc_single_image image=&#8221;10631&#8243; img_size=&#8221;large&#8221; alignment=&#8221;center&#8221; style=&#8221;xtd-shadow&#8211;normal-light&#8221; onclick=&#8221;link_image&#8221;][\/vc_column_inner][\/vc_row_inner][\/vc_column][\/vc_row]\n<\/div>","protected":false},"excerpt":{"rendered":"<p>[vc_row][vc_column][vc_column_text css=&#8221;&#8221;] Erd\u00e9ly jegy\u00e9ben is (\u00c9gerh\u00e1zi Imre vonzalmai \u00e9s m\u0171vei) Harminc\u00f6t \u00e9ve rajzolja, festi Erd\u00e9ly t\u00e1jait \u00c9gerh\u00e1zi Imre. Csak h\u00e1t a jeles mester Hajd\u00fahadh\u00e1zon sz\u00fcletett \u00e9s Debrecenben \u00e9l. Mi ind\u00edthatja t\u00e1voli vonzalmait? Mir\u0151l vallanak m\u0171vei? Kiscserk\u00e9szk\u00e9nt j\u00e1rt el\u0151sz\u0151r Erd\u00e9lyben, 1941 nyar\u00e1n. R\u00e9v k\u00f6rny\u00e9k\u00e9n t\u00e1boroztak. &#8222;Az\u00f3ta el nem m\u00fal\u00f3 csod\u00e1lat \u00e9s szeretet t\u00f6lt el e t\u00e1j ir\u00e1nt&#8221; &#8211; \u00edrja eml\u00e9kez\u00e9seiben. Tal\u00e1n [&hellip;]<\/p>\n","protected":false},"author":4,"featured_media":0,"parent":10535,"menu_order":0,"comment_status":"closed","ping_status":"closed","template":"","meta":{"footnotes":""},"categories":[219],"tags":[68],"class_list":["post-10625","page","type-page","status-publish","hentry","category-irasok_egerhazi_imrerol","tag-68"],"yoast_head":"<!-- This site is optimized with the Yoast SEO plugin v27.0 - https:\/\/yoast.com\/product\/yoast-seo-wordpress\/ -->\n<title>Erd\u00e9ly jegy\u00e9ben is (\u00c9gerh\u00e1zi Imre vonzalmai \u00e9s m\u0171vei), megjelent az Erd\u00e9lyi t\u00fck\u00f6r 1990. j\u00faliusi sz\u00e1m\u00e1ban. Sz\u00e9kelyhidi \u00c1goston \u00edr\u00e1sa - \u00c9gerh\u00e1zi Imre<\/title>\n<meta name=\"robots\" content=\"index, follow, max-snippet:-1, max-image-preview:large, max-video-preview:-1\" \/>\n<link rel=\"canonical\" href=\"https:\/\/egerhaziimre.hu\/index.php\/eletrajz\/irasok-egerhazi-imrerol\/erdely-jegyeben-is-1990\/\" \/>\n<meta property=\"og:locale\" content=\"hu_HU\" \/>\n<meta property=\"og:type\" content=\"article\" \/>\n<meta property=\"og:title\" content=\"Erd\u00e9ly jegy\u00e9ben is (\u00c9gerh\u00e1zi Imre vonzalmai \u00e9s m\u0171vei), megjelent az Erd\u00e9lyi t\u00fck\u00f6r 1990. j\u00faliusi sz\u00e1m\u00e1ban. Sz\u00e9kelyhidi \u00c1goston \u00edr\u00e1sa - \u00c9gerh\u00e1zi Imre\" \/>\n<meta property=\"og:description\" content=\"[vc_row][vc_column][vc_column_text css=&#8221;&#8221;] Erd\u00e9ly jegy\u00e9ben is (\u00c9gerh\u00e1zi Imre vonzalmai \u00e9s m\u0171vei) Harminc\u00f6t \u00e9ve rajzolja, festi Erd\u00e9ly t\u00e1jait \u00c9gerh\u00e1zi Imre. Csak h\u00e1t a jeles mester Hajd\u00fahadh\u00e1zon sz\u00fcletett \u00e9s Debrecenben \u00e9l. Mi ind\u00edthatja t\u00e1voli vonzalmait? Mir\u0151l vallanak m\u0171vei? Kiscserk\u00e9szk\u00e9nt j\u00e1rt el\u0151sz\u0151r Erd\u00e9lyben, 1941 nyar\u00e1n. R\u00e9v k\u00f6rny\u00e9k\u00e9n t\u00e1boroztak. &#8222;Az\u00f3ta el nem m\u00fal\u00f3 csod\u00e1lat \u00e9s szeretet t\u00f6lt el e t\u00e1j ir\u00e1nt&#8221; &#8211; \u00edrja eml\u00e9kez\u00e9seiben. Tal\u00e1n [&hellip;]\" \/>\n<meta property=\"og:url\" content=\"https:\/\/egerhaziimre.hu\/index.php\/eletrajz\/irasok-egerhazi-imrerol\/erdely-jegyeben-is-1990\/\" \/>\n<meta property=\"og:site_name\" content=\"\u00c9gerh\u00e1zi Imre\" \/>\n<meta property=\"article:modified_time\" content=\"2025-08-28T12:29:55+00:00\" \/>\n<meta name=\"twitter:card\" content=\"summary_large_image\" \/>\n<meta name=\"twitter:label1\" content=\"Becs\u00fclt olvas\u00e1si id\u0151\" \/>\n\t<meta name=\"twitter:data1\" content=\"6 perc\" \/>\n<script type=\"application\/ld+json\" class=\"yoast-schema-graph\">{\"@context\":\"https:\/\/schema.org\",\"@graph\":[{\"@type\":\"WebPage\",\"@id\":\"https:\/\/egerhaziimre.hu\/index.php\/eletrajz\/irasok-egerhazi-imrerol\/erdely-jegyeben-is-1990\/\",\"url\":\"https:\/\/egerhaziimre.hu\/index.php\/eletrajz\/irasok-egerhazi-imrerol\/erdely-jegyeben-is-1990\/\",\"name\":\"Erd\u00e9ly jegy\u00e9ben is (\u00c9gerh\u00e1zi Imre vonzalmai \u00e9s m\u0171vei), megjelent az Erd\u00e9lyi t\u00fck\u00f6r 1990. j\u00faliusi sz\u00e1m\u00e1ban. Sz\u00e9kelyhidi \u00c1goston \u00edr\u00e1sa - \u00c9gerh\u00e1zi Imre\",\"isPartOf\":{\"@id\":\"https:\/\/egerhaziimre.hu\/#website\"},\"datePublished\":\"1990-10-07T13:09:47+00:00\",\"dateModified\":\"2025-08-28T12:29:55+00:00\",\"breadcrumb\":{\"@id\":\"https:\/\/egerhaziimre.hu\/index.php\/eletrajz\/irasok-egerhazi-imrerol\/erdely-jegyeben-is-1990\/#breadcrumb\"},\"inLanguage\":\"hu\",\"potentialAction\":[{\"@type\":\"ReadAction\",\"target\":[\"https:\/\/egerhaziimre.hu\/index.php\/eletrajz\/irasok-egerhazi-imrerol\/erdely-jegyeben-is-1990\/\"]}]},{\"@type\":\"BreadcrumbList\",\"@id\":\"https:\/\/egerhaziimre.hu\/index.php\/eletrajz\/irasok-egerhazi-imrerol\/erdely-jegyeben-is-1990\/#breadcrumb\",\"itemListElement\":[{\"@type\":\"ListItem\",\"position\":1,\"name\":\"Home\",\"item\":\"https:\/\/egerhaziimre.hu\/\"},{\"@type\":\"ListItem\",\"position\":2,\"name\":\"\u00c9letrajz\",\"item\":\"https:\/\/egerhaziimre.hu\/index.php\/eletrajz\/\"},{\"@type\":\"ListItem\",\"position\":3,\"name\":\"Writings about Imre \u00c9gerh\u00e1zi\",\"item\":\"https:\/\/egerhaziimre.hu\/index.php\/eletrajz\/irasok-egerhazi-imrerol\/?lang=en\"},{\"@type\":\"ListItem\",\"position\":4,\"name\":\"Erd\u00e9ly jegy\u00e9ben is (\u00c9gerh\u00e1zi Imre vonzalmai \u00e9s m\u0171vei), megjelent az Erd\u00e9lyi t\u00fck\u00f6r 1990. j\u00faliusi sz\u00e1m\u00e1ban. Sz\u00e9kelyhidi \u00c1goston \u00edr\u00e1sa\"}]},{\"@type\":\"WebSite\",\"@id\":\"https:\/\/egerhaziimre.hu\/#website\",\"url\":\"https:\/\/egerhaziimre.hu\/\",\"name\":\"\u00c9gerh\u00e1zi Imre\",\"description\":\"\",\"potentialAction\":[{\"@type\":\"SearchAction\",\"target\":{\"@type\":\"EntryPoint\",\"urlTemplate\":\"https:\/\/egerhaziimre.hu\/?s={search_term_string}\"},\"query-input\":{\"@type\":\"PropertyValueSpecification\",\"valueRequired\":true,\"valueName\":\"search_term_string\"}}],\"inLanguage\":\"hu\"}]}<\/script>\n<!-- \/ Yoast SEO plugin. -->","yoast_head_json":{"title":"Erd\u00e9ly jegy\u00e9ben is (\u00c9gerh\u00e1zi Imre vonzalmai \u00e9s m\u0171vei), megjelent az Erd\u00e9lyi t\u00fck\u00f6r 1990. j\u00faliusi sz\u00e1m\u00e1ban. Sz\u00e9kelyhidi \u00c1goston \u00edr\u00e1sa - \u00c9gerh\u00e1zi Imre","robots":{"index":"index","follow":"follow","max-snippet":"max-snippet:-1","max-image-preview":"max-image-preview:large","max-video-preview":"max-video-preview:-1"},"canonical":"https:\/\/egerhaziimre.hu\/index.php\/eletrajz\/irasok-egerhazi-imrerol\/erdely-jegyeben-is-1990\/","og_locale":"hu_HU","og_type":"article","og_title":"Erd\u00e9ly jegy\u00e9ben is (\u00c9gerh\u00e1zi Imre vonzalmai \u00e9s m\u0171vei), megjelent az Erd\u00e9lyi t\u00fck\u00f6r 1990. j\u00faliusi sz\u00e1m\u00e1ban. Sz\u00e9kelyhidi \u00c1goston \u00edr\u00e1sa - \u00c9gerh\u00e1zi Imre","og_description":"[vc_row][vc_column][vc_column_text css=&#8221;&#8221;] Erd\u00e9ly jegy\u00e9ben is (\u00c9gerh\u00e1zi Imre vonzalmai \u00e9s m\u0171vei) Harminc\u00f6t \u00e9ve rajzolja, festi Erd\u00e9ly t\u00e1jait \u00c9gerh\u00e1zi Imre. Csak h\u00e1t a jeles mester Hajd\u00fahadh\u00e1zon sz\u00fcletett \u00e9s Debrecenben \u00e9l. Mi ind\u00edthatja t\u00e1voli vonzalmait? Mir\u0151l vallanak m\u0171vei? Kiscserk\u00e9szk\u00e9nt j\u00e1rt el\u0151sz\u0151r Erd\u00e9lyben, 1941 nyar\u00e1n. R\u00e9v k\u00f6rny\u00e9k\u00e9n t\u00e1boroztak. &#8222;Az\u00f3ta el nem m\u00fal\u00f3 csod\u00e1lat \u00e9s szeretet t\u00f6lt el e t\u00e1j ir\u00e1nt&#8221; &#8211; \u00edrja eml\u00e9kez\u00e9seiben. Tal\u00e1n [&hellip;]","og_url":"https:\/\/egerhaziimre.hu\/index.php\/eletrajz\/irasok-egerhazi-imrerol\/erdely-jegyeben-is-1990\/","og_site_name":"\u00c9gerh\u00e1zi Imre","article_modified_time":"2025-08-28T12:29:55+00:00","twitter_card":"summary_large_image","twitter_misc":{"Becs\u00fclt olvas\u00e1si id\u0151":"6 perc"},"schema":{"@context":"https:\/\/schema.org","@graph":[{"@type":"WebPage","@id":"https:\/\/egerhaziimre.hu\/index.php\/eletrajz\/irasok-egerhazi-imrerol\/erdely-jegyeben-is-1990\/","url":"https:\/\/egerhaziimre.hu\/index.php\/eletrajz\/irasok-egerhazi-imrerol\/erdely-jegyeben-is-1990\/","name":"Erd\u00e9ly jegy\u00e9ben is (\u00c9gerh\u00e1zi Imre vonzalmai \u00e9s m\u0171vei), megjelent az Erd\u00e9lyi t\u00fck\u00f6r 1990. j\u00faliusi sz\u00e1m\u00e1ban. Sz\u00e9kelyhidi \u00c1goston \u00edr\u00e1sa - \u00c9gerh\u00e1zi Imre","isPartOf":{"@id":"https:\/\/egerhaziimre.hu\/#website"},"datePublished":"1990-10-07T13:09:47+00:00","dateModified":"2025-08-28T12:29:55+00:00","breadcrumb":{"@id":"https:\/\/egerhaziimre.hu\/index.php\/eletrajz\/irasok-egerhazi-imrerol\/erdely-jegyeben-is-1990\/#breadcrumb"},"inLanguage":"hu","potentialAction":[{"@type":"ReadAction","target":["https:\/\/egerhaziimre.hu\/index.php\/eletrajz\/irasok-egerhazi-imrerol\/erdely-jegyeben-is-1990\/"]}]},{"@type":"BreadcrumbList","@id":"https:\/\/egerhaziimre.hu\/index.php\/eletrajz\/irasok-egerhazi-imrerol\/erdely-jegyeben-is-1990\/#breadcrumb","itemListElement":[{"@type":"ListItem","position":1,"name":"Home","item":"https:\/\/egerhaziimre.hu\/"},{"@type":"ListItem","position":2,"name":"\u00c9letrajz","item":"https:\/\/egerhaziimre.hu\/index.php\/eletrajz\/"},{"@type":"ListItem","position":3,"name":"Writings about Imre \u00c9gerh\u00e1zi","item":"https:\/\/egerhaziimre.hu\/index.php\/eletrajz\/irasok-egerhazi-imrerol\/?lang=en"},{"@type":"ListItem","position":4,"name":"Erd\u00e9ly jegy\u00e9ben is (\u00c9gerh\u00e1zi Imre vonzalmai \u00e9s m\u0171vei), megjelent az Erd\u00e9lyi t\u00fck\u00f6r 1990. j\u00faliusi sz\u00e1m\u00e1ban. Sz\u00e9kelyhidi \u00c1goston \u00edr\u00e1sa"}]},{"@type":"WebSite","@id":"https:\/\/egerhaziimre.hu\/#website","url":"https:\/\/egerhaziimre.hu\/","name":"\u00c9gerh\u00e1zi Imre","description":"","potentialAction":[{"@type":"SearchAction","target":{"@type":"EntryPoint","urlTemplate":"https:\/\/egerhaziimre.hu\/?s={search_term_string}"},"query-input":{"@type":"PropertyValueSpecification","valueRequired":true,"valueName":"search_term_string"}}],"inLanguage":"hu"}]}},"jetpack_sharing_enabled":true,"_links":{"self":[{"href":"https:\/\/egerhaziimre.hu\/index.php\/wp-json\/wp\/v2\/pages\/10625","targetHints":{"allow":["GET"]}}],"collection":[{"href":"https:\/\/egerhaziimre.hu\/index.php\/wp-json\/wp\/v2\/pages"}],"about":[{"href":"https:\/\/egerhaziimre.hu\/index.php\/wp-json\/wp\/v2\/types\/page"}],"author":[{"embeddable":true,"href":"https:\/\/egerhaziimre.hu\/index.php\/wp-json\/wp\/v2\/users\/4"}],"replies":[{"embeddable":true,"href":"https:\/\/egerhaziimre.hu\/index.php\/wp-json\/wp\/v2\/comments?post=10625"}],"version-history":[{"count":5,"href":"https:\/\/egerhaziimre.hu\/index.php\/wp-json\/wp\/v2\/pages\/10625\/revisions"}],"predecessor-version":[{"id":19456,"href":"https:\/\/egerhaziimre.hu\/index.php\/wp-json\/wp\/v2\/pages\/10625\/revisions\/19456"}],"up":[{"embeddable":true,"href":"https:\/\/egerhaziimre.hu\/index.php\/wp-json\/wp\/v2\/pages\/10535"}],"wp:attachment":[{"href":"https:\/\/egerhaziimre.hu\/index.php\/wp-json\/wp\/v2\/media?parent=10625"}],"wp:term":[{"taxonomy":"category","embeddable":true,"href":"https:\/\/egerhaziimre.hu\/index.php\/wp-json\/wp\/v2\/categories?post=10625"},{"taxonomy":"post_tag","embeddable":true,"href":"https:\/\/egerhaziimre.hu\/index.php\/wp-json\/wp\/v2\/tags?post=10625"}],"curies":[{"name":"wp","href":"https:\/\/api.w.org\/{rel}","templated":true}]}}