{"id":1065,"date":"2019-08-05T15:36:33","date_gmt":"2019-08-05T13:36:33","guid":{"rendered":"http:\/\/egerhaziimre.magex.hu\/?page_id=1065"},"modified":"2020-09-08T16:19:09","modified_gmt":"2020-09-08T14:19:09","slug":"vitez-ferenc-hajdu-bihari-naplo-1996-november-30","status":"publish","type":"page","link":"https:\/\/egerhaziimre.hu\/index.php\/dijak-elismeresek\/vitez-ferenc-hajdu-bihari-naplo-1996-november-30\/","title":{"rendered":"Vit\u00e9z Ferenc, (Hajd\u00fa-Bihari Napl\u00f3 1996. november 30.)"},"content":{"rendered":"<div class=\"wpb-content-wrapper\">\r\n<blockquote class=\"wp-block-quote is-layout-flow wp-block-quote-is-layout-flow\"><p>&#8222;&#8230;A vertik\u00e1lisan megny\u00fajtott k\u00e9pek a val\u00f3s\u00e1g l\u00e1tsz\u00f3lag m\u00e1s, m\u00e9gis \u00e1ltal\u00e1nosan \u00e9rv\u00e9nyes szelet\u00e9t adj\u00e1k, s amennyiben a vertik\u00e1lis kompoz\u00edci\u00f3n bel\u00fcl horizont\u00e1lis cselekm\u00e9ny-, illetve mot\u00edvumvonalak fogalmaz\u00f3dnak meg, az ember vil\u00e1gban val\u00f3 egyens\u00falya, az \u00fagynevezett egyetemes kereszt rajzol\u00f3dik ki ez\u00e1ltal. J\u00f3l l\u00e1that\u00f3, hogy a m\u00e1r \u00e1lland\u00f3 jelent\u00e9ssel t\u00e1rs\u00edtott, m\u00e9ly szociografikus, etnografikai \u00e9s n\u00e9pm\u0171v\u00e9szeti ismeretekr\u0151l is tan\u00faskod\u00f3 v\u00e1laszt\u00e1sok nyom\u00e1n k\u00e9pre fogalmaz\u00f3d\u00f3 t\u00e1rgyi k\u00f6rnyezetben megjelen\u0151 figur\u00e1k az erre mer\u0151leges poz\u00edci\u00f3t veszik fel. P\u00e9ld\u00e1ul a f\u00e1k, az \u00e9p\u00fcletek \u00e9s a megjelen\u0151 arcok, fejek k\u00e9pzeletben \u00f6sszek\u00f6t\u00f6tt vonalai metszik egym\u00e1st, olyan ritmust teremtve, olyan mozg\u00e1st ind\u00edtva el, mely azt\u00e1n a sz\u00edvek hal\u00e1lig tart\u00f3 dobban\u00e1saira, azaz: az \u00e9let ritmus\u00e1ra eml\u00e9keztetnek minket.<br>Ez a ritmus er\u0151s\u00f6dik a t\u00f3nusok, az \u00e1rnyalatok \u00e1br\u00e1zol\u00e1sa k\u00f6zben, a t\u00f6megszer\u0171s\u00e9g, a s\u00f6t\u00e9t \u00e9s vil\u00e1gos fel\u00fcletek kialak\u00edt\u00e1s\u00e1ban. A feh\u00e9rek vil\u00e1g\u00edtanak, a vil\u00e1gos sz\u00ednek megtiszt\u00edtanak. Az alkalmazott sz\u00ednek egynem\u0171, tiszta \u00e9s egy\u00e9rtelm\u0171 min\u0151s\u00e9gg\u00e9 v\u00e1lnak, teljes \u00f6sszhangban, harm\u00f3ni\u00e1ban a kompoz\u00edci\u00f3val \u00e9s a jelent\u00e9ssel megt\u00f6lt\u00f6tt fel\u00fclettel is. Mindek\u00f6zben \u00c9gerh\u00e1zi Imre k\u00f6veti a realista \u00e1br\u00e1zol\u00e1sm\u00f3d t\u00f6rv\u00e9nyeit, ugyanakkor a l\u00e1tv\u00e1nyt egyszerre rendezettebb\u00e9 \u00e9s absztrah\u00e1ltabb\u00e1 is teszi a monot\u00edpia. A realista t\u00e9m\u00e1t a technika kiemeli a re\u00e1lis szintb\u0151l, hangulatibb\u00e1, bens\u0151leg is elvonatkoztatottabb tartalm\u00fav\u00e1 teszi. &#8230;&#8221;<br><br>&#8222;&#8230;A jellem \u00e9s a sors sok hely\u00fctt nem mag\u00e1ban az arcban, annak \u00e1br\u00e1zol\u00e1s\u00e1ban mutatkozik meg \u00c9gerh\u00e1zi Imre grafik\u00e1iban, hanem az \u00e1br\u00e1zolt szitu\u00e1ci\u00f3ban, az abb\u00f3l l\u00e9trej\u00f6tt kisug\u00e1rz\u00e1sban. \u00cdgy lehet egyszer\u0171 eszk\u00f6z\u00f6kkel \u00e9s megfogalmaz\u00e1ssal csak jelz\u00e9s\u00e9rt\u00e9k\u0171en is p\u00e9ld\u00e1ul az alapvet\u0151 emberi min\u0151s\u00e9geket, a szeretetet, a f\u00e9lt\u00e9st, vagy mint ahogyan az egyik k\u00e9pen l\u00e1tjuk: a gy\u00e1szt is kifejezni an\u00e9lk\u00fcl, hogy l\u00e1tn\u00e1nk k\u00f6nnyet, gy\u00e1szol\u00f3 arcot vagy tekintetet, mert maga a k\u00e9peg\u00e9sz v\u00e1lik tekintett\u00e9&#8230;&#8221;<\/p><cite>Vit\u00e9z Ferenc<br>(Hajd\u00fa-Bihari Napl\u00f3 1996. november 30.)<\/cite><\/blockquote>\r\n<\/div>","protected":false},"excerpt":{"rendered":"<p>&#8222;&#8230;A vertik\u00e1lisan megny\u00fajtott k\u00e9pek a val\u00f3s\u00e1g l\u00e1tsz\u00f3lag m\u00e1s, m\u00e9gis \u00e1ltal\u00e1nosan \u00e9rv\u00e9nyes szelet\u00e9t adj\u00e1k, s amennyiben a vertik\u00e1lis kompoz\u00edci\u00f3n bel\u00fcl horizont\u00e1lis cselekm\u00e9ny-, illetve mot\u00edvumvonalak fogalmaz\u00f3dnak meg, az ember vil\u00e1gban val\u00f3 egyens\u00falya, az \u00fagynevezett egyetemes kereszt rajzol\u00f3dik ki ez\u00e1ltal. J\u00f3l l\u00e1that\u00f3, hogy a m\u00e1r \u00e1lland\u00f3 jelent\u00e9ssel t\u00e1rs\u00edtott, m\u00e9ly szociografikus, etnografikai \u00e9s n\u00e9pm\u0171v\u00e9szeti ismeretekr\u0151l is tan\u00faskod\u00f3 v\u00e1laszt\u00e1sok nyom\u00e1n k\u00e9pre fogalmaz\u00f3d\u00f3 t\u00e1rgyi k\u00f6rnyezetben megjelen\u0151 [&hellip;]<\/p>\n","protected":false},"author":4,"featured_media":0,"parent":31,"menu_order":0,"comment_status":"closed","ping_status":"closed","template":"","meta":{"footnotes":""},"categories":[84],"tags":[77],"class_list":["post-1065","page","type-page","status-publish","hentry","category-kritikak_meltatasok","tag-77"],"yoast_head":"<!-- This site is optimized with the Yoast SEO plugin v27.3 - https:\/\/yoast.com\/product\/yoast-seo-wordpress\/ -->\n<title>Vit\u00e9z Ferenc, (Hajd\u00fa-Bihari Napl\u00f3 1996. november 30.) - \u00c9gerh\u00e1zi Imre<\/title>\n<meta name=\"robots\" content=\"index, follow, max-snippet:-1, max-image-preview:large, max-video-preview:-1\" \/>\n<link rel=\"canonical\" href=\"https:\/\/egerhaziimre.hu\/index.php\/dijak-elismeresek\/vitez-ferenc-hajdu-bihari-naplo-1996-november-30\/?lang=en\" \/>\n<meta property=\"og:locale\" content=\"hu_HU\" \/>\n<meta property=\"og:type\" content=\"article\" \/>\n<meta property=\"og:title\" content=\"Vit\u00e9z Ferenc, (Hajd\u00fa-Bihari Napl\u00f3 1996. november 30.) - \u00c9gerh\u00e1zi Imre\" \/>\n<meta property=\"og:description\" content=\"&#8222;&#8230;A vertik\u00e1lisan megny\u00fajtott k\u00e9pek a val\u00f3s\u00e1g l\u00e1tsz\u00f3lag m\u00e1s, m\u00e9gis \u00e1ltal\u00e1nosan \u00e9rv\u00e9nyes szelet\u00e9t adj\u00e1k, s amennyiben a vertik\u00e1lis kompoz\u00edci\u00f3n bel\u00fcl horizont\u00e1lis cselekm\u00e9ny-, illetve mot\u00edvumvonalak fogalmaz\u00f3dnak meg, az ember vil\u00e1gban val\u00f3 egyens\u00falya, az \u00fagynevezett egyetemes kereszt rajzol\u00f3dik ki ez\u00e1ltal. J\u00f3l l\u00e1that\u00f3, hogy a m\u00e1r \u00e1lland\u00f3 jelent\u00e9ssel t\u00e1rs\u00edtott, m\u00e9ly szociografikus, etnografikai \u00e9s n\u00e9pm\u0171v\u00e9szeti ismeretekr\u0151l is tan\u00faskod\u00f3 v\u00e1laszt\u00e1sok nyom\u00e1n k\u00e9pre fogalmaz\u00f3d\u00f3 t\u00e1rgyi k\u00f6rnyezetben megjelen\u0151 [&hellip;]\" \/>\n<meta property=\"og:url\" content=\"https:\/\/egerhaziimre.hu\/index.php\/dijak-elismeresek\/vitez-ferenc-hajdu-bihari-naplo-1996-november-30\/?lang=en\" \/>\n<meta property=\"og:site_name\" content=\"\u00c9gerh\u00e1zi Imre\" \/>\n<meta property=\"article:modified_time\" content=\"2020-09-08T14:19:09+00:00\" \/>\n<meta name=\"twitter:card\" content=\"summary_large_image\" \/>\n<meta name=\"twitter:label1\" content=\"Becs\u00fclt olvas\u00e1si id\u0151\" \/>\n\t<meta name=\"twitter:data1\" content=\"4 perc\" \/>\n<script type=\"application\/ld+json\" class=\"yoast-schema-graph\">{\"@context\":\"https:\\\/\\\/schema.org\",\"@graph\":[{\"@type\":\"WebPage\",\"@id\":\"https:\\\/\\\/egerhaziimre.hu\\\/index.php\\\/dijak-elismeresek\\\/vitez-ferenc-hajdu-bihari-naplo-1996-november-30\\\/?lang=en\",\"url\":\"https:\\\/\\\/egerhaziimre.hu\\\/index.php\\\/dijak-elismeresek\\\/vitez-ferenc-hajdu-bihari-naplo-1996-november-30\\\/?lang=en\",\"name\":\"Vit\u00e9z Ferenc, (Hajd\u00fa-Bihari Napl\u00f3 1996. november 30.) - \u00c9gerh\u00e1zi Imre\",\"isPartOf\":{\"@id\":\"https:\\\/\\\/egerhaziimre.hu\\\/#website\"},\"datePublished\":\"2019-08-05T13:36:33+00:00\",\"dateModified\":\"2020-09-08T14:19:09+00:00\",\"breadcrumb\":{\"@id\":\"https:\\\/\\\/egerhaziimre.hu\\\/index.php\\\/dijak-elismeresek\\\/vitez-ferenc-hajdu-bihari-naplo-1996-november-30\\\/?lang=en#breadcrumb\"},\"inLanguage\":\"hu\",\"potentialAction\":[{\"@type\":\"ReadAction\",\"target\":[\"https:\\\/\\\/egerhaziimre.hu\\\/index.php\\\/dijak-elismeresek\\\/vitez-ferenc-hajdu-bihari-naplo-1996-november-30\\\/?lang=en\"]}]},{\"@type\":\"BreadcrumbList\",\"@id\":\"https:\\\/\\\/egerhaziimre.hu\\\/index.php\\\/dijak-elismeresek\\\/vitez-ferenc-hajdu-bihari-naplo-1996-november-30\\\/?lang=en#breadcrumb\",\"itemListElement\":[{\"@type\":\"ListItem\",\"position\":1,\"name\":\"Home\",\"item\":\"https:\\\/\\\/egerhaziimre.hu\\\/\"},{\"@type\":\"ListItem\",\"position\":2,\"name\":\"Awards, recognitions\",\"item\":\"https:\\\/\\\/egerhaziimre.hu\\\/index.php\\\/dijak-elismeresek\\\/?lang=en\"},{\"@type\":\"ListItem\",\"position\":3,\"name\":\"Ferenc Vit\u00e9z, Hajd\u00fa-Bihari Napl\u00f3 30th November 1996 issue\"}]},{\"@type\":\"WebSite\",\"@id\":\"https:\\\/\\\/egerhaziimre.hu\\\/#website\",\"url\":\"https:\\\/\\\/egerhaziimre.hu\\\/\",\"name\":\"\u00c9gerh\u00e1zi Imre\",\"description\":\"\",\"potentialAction\":[{\"@type\":\"SearchAction\",\"target\":{\"@type\":\"EntryPoint\",\"urlTemplate\":\"https:\\\/\\\/egerhaziimre.hu\\\/?s={search_term_string}\"},\"query-input\":{\"@type\":\"PropertyValueSpecification\",\"valueRequired\":true,\"valueName\":\"search_term_string\"}}],\"inLanguage\":\"hu\"}]}<\/script>\n<!-- \/ Yoast SEO plugin. -->","yoast_head_json":{"title":"Vit\u00e9z Ferenc, (Hajd\u00fa-Bihari Napl\u00f3 1996. november 30.) - \u00c9gerh\u00e1zi Imre","robots":{"index":"index","follow":"follow","max-snippet":"max-snippet:-1","max-image-preview":"max-image-preview:large","max-video-preview":"max-video-preview:-1"},"canonical":"https:\/\/egerhaziimre.hu\/index.php\/dijak-elismeresek\/vitez-ferenc-hajdu-bihari-naplo-1996-november-30\/?lang=en","og_locale":"hu_HU","og_type":"article","og_title":"Vit\u00e9z Ferenc, (Hajd\u00fa-Bihari Napl\u00f3 1996. november 30.) - \u00c9gerh\u00e1zi Imre","og_description":"&#8222;&#8230;A vertik\u00e1lisan megny\u00fajtott k\u00e9pek a val\u00f3s\u00e1g l\u00e1tsz\u00f3lag m\u00e1s, m\u00e9gis \u00e1ltal\u00e1nosan \u00e9rv\u00e9nyes szelet\u00e9t adj\u00e1k, s amennyiben a vertik\u00e1lis kompoz\u00edci\u00f3n bel\u00fcl horizont\u00e1lis cselekm\u00e9ny-, illetve mot\u00edvumvonalak fogalmaz\u00f3dnak meg, az ember vil\u00e1gban val\u00f3 egyens\u00falya, az \u00fagynevezett egyetemes kereszt rajzol\u00f3dik ki ez\u00e1ltal. J\u00f3l l\u00e1that\u00f3, hogy a m\u00e1r \u00e1lland\u00f3 jelent\u00e9ssel t\u00e1rs\u00edtott, m\u00e9ly szociografikus, etnografikai \u00e9s n\u00e9pm\u0171v\u00e9szeti ismeretekr\u0151l is tan\u00faskod\u00f3 v\u00e1laszt\u00e1sok nyom\u00e1n k\u00e9pre fogalmaz\u00f3d\u00f3 t\u00e1rgyi k\u00f6rnyezetben megjelen\u0151 [&hellip;]","og_url":"https:\/\/egerhaziimre.hu\/index.php\/dijak-elismeresek\/vitez-ferenc-hajdu-bihari-naplo-1996-november-30\/?lang=en","og_site_name":"\u00c9gerh\u00e1zi Imre","article_modified_time":"2020-09-08T14:19:09+00:00","twitter_card":"summary_large_image","twitter_misc":{"Becs\u00fclt olvas\u00e1si id\u0151":"4 perc"},"schema":{"@context":"https:\/\/schema.org","@graph":[{"@type":"WebPage","@id":"https:\/\/egerhaziimre.hu\/index.php\/dijak-elismeresek\/vitez-ferenc-hajdu-bihari-naplo-1996-november-30\/?lang=en","url":"https:\/\/egerhaziimre.hu\/index.php\/dijak-elismeresek\/vitez-ferenc-hajdu-bihari-naplo-1996-november-30\/?lang=en","name":"Vit\u00e9z Ferenc, (Hajd\u00fa-Bihari Napl\u00f3 1996. november 30.) - \u00c9gerh\u00e1zi Imre","isPartOf":{"@id":"https:\/\/egerhaziimre.hu\/#website"},"datePublished":"2019-08-05T13:36:33+00:00","dateModified":"2020-09-08T14:19:09+00:00","breadcrumb":{"@id":"https:\/\/egerhaziimre.hu\/index.php\/dijak-elismeresek\/vitez-ferenc-hajdu-bihari-naplo-1996-november-30\/?lang=en#breadcrumb"},"inLanguage":"hu","potentialAction":[{"@type":"ReadAction","target":["https:\/\/egerhaziimre.hu\/index.php\/dijak-elismeresek\/vitez-ferenc-hajdu-bihari-naplo-1996-november-30\/?lang=en"]}]},{"@type":"BreadcrumbList","@id":"https:\/\/egerhaziimre.hu\/index.php\/dijak-elismeresek\/vitez-ferenc-hajdu-bihari-naplo-1996-november-30\/?lang=en#breadcrumb","itemListElement":[{"@type":"ListItem","position":1,"name":"Home","item":"https:\/\/egerhaziimre.hu\/"},{"@type":"ListItem","position":2,"name":"Awards, recognitions","item":"https:\/\/egerhaziimre.hu\/index.php\/dijak-elismeresek\/?lang=en"},{"@type":"ListItem","position":3,"name":"Ferenc Vit\u00e9z, Hajd\u00fa-Bihari Napl\u00f3 30th November 1996 issue"}]},{"@type":"WebSite","@id":"https:\/\/egerhaziimre.hu\/#website","url":"https:\/\/egerhaziimre.hu\/","name":"\u00c9gerh\u00e1zi Imre","description":"","potentialAction":[{"@type":"SearchAction","target":{"@type":"EntryPoint","urlTemplate":"https:\/\/egerhaziimre.hu\/?s={search_term_string}"},"query-input":{"@type":"PropertyValueSpecification","valueRequired":true,"valueName":"search_term_string"}}],"inLanguage":"hu"}]}},"jetpack_sharing_enabled":true,"_links":{"self":[{"href":"https:\/\/egerhaziimre.hu\/index.php\/wp-json\/wp\/v2\/pages\/1065","targetHints":{"allow":["GET"]}}],"collection":[{"href":"https:\/\/egerhaziimre.hu\/index.php\/wp-json\/wp\/v2\/pages"}],"about":[{"href":"https:\/\/egerhaziimre.hu\/index.php\/wp-json\/wp\/v2\/types\/page"}],"author":[{"embeddable":true,"href":"https:\/\/egerhaziimre.hu\/index.php\/wp-json\/wp\/v2\/users\/4"}],"replies":[{"embeddable":true,"href":"https:\/\/egerhaziimre.hu\/index.php\/wp-json\/wp\/v2\/comments?post=1065"}],"version-history":[{"count":3,"href":"https:\/\/egerhaziimre.hu\/index.php\/wp-json\/wp\/v2\/pages\/1065\/revisions"}],"predecessor-version":[{"id":9303,"href":"https:\/\/egerhaziimre.hu\/index.php\/wp-json\/wp\/v2\/pages\/1065\/revisions\/9303"}],"up":[{"embeddable":true,"href":"https:\/\/egerhaziimre.hu\/index.php\/wp-json\/wp\/v2\/pages\/31"}],"wp:attachment":[{"href":"https:\/\/egerhaziimre.hu\/index.php\/wp-json\/wp\/v2\/media?parent=1065"}],"wp:term":[{"taxonomy":"category","embeddable":true,"href":"https:\/\/egerhaziimre.hu\/index.php\/wp-json\/wp\/v2\/categories?post=1065"},{"taxonomy":"post_tag","embeddable":true,"href":"https:\/\/egerhaziimre.hu\/index.php\/wp-json\/wp\/v2\/tags?post=1065"}],"curies":[{"name":"wp","href":"https:\/\/api.w.org\/{rel}","templated":true}]}}