{"id":1068,"date":"2019-08-05T15:38:19","date_gmt":"2019-08-05T13:38:19","guid":{"rendered":"http:\/\/egerhaziimre.magex.hu\/?page_id=1068"},"modified":"2020-09-08T16:21:20","modified_gmt":"2020-09-08T14:21:20","slug":"toth-mate-miklos-elhangzott-1997-marcius-20-an-a-feny-galeriaban","status":"publish","type":"page","link":"https:\/\/egerhaziimre.hu\/index.php\/dijak-elismeresek\/toth-mate-miklos-elhangzott-1997-marcius-20-an-a-feny-galeriaban\/","title":{"rendered":"T\u00f3th-M\u00e1t\u00e9 Mikl\u00f3s, elhangzott 1997. m\u00e1rcius 20-\u00e1n a F\u00e9ny Gal\u00e9ri\u00e1ban"},"content":{"rendered":"<div class=\"wpb-content-wrapper\">\r\n<blockquote class=\"wp-block-quote is-layout-flow wp-block-quote-is-layout-flow\"><p>&#8222;B\u00e1rmely k\u00f6z\u00f6s ki\u00e1ll\u00edt\u00e1s k\u00e9pi k\u00f6rnyezet\u00e9ben m\u00e1r messzir\u0151l r\u00e1 lehet mutatni egy \u00c9gerh\u00e1zi festm\u00e9nyre, a saj\u00e1tosan megszerkesztett form\u00e1kra, sz\u00ednekre, an\u00e9lk\u00fcl, hogy az hars\u00e1nyan, rik\u00edt\u00f3an k\u00edn\u00e1ln\u00e1 mag\u00e1t.<br>\u00c9gerh\u00e1zi Imre egy\u00e9nis\u00e9g\u00e9b\u0151l hi\u00e1nyzik a kit\u00fcremkedni v\u00e1gy\u00f3 magamutogat\u00e1s. Az \u0150 k\u00e9pei egy-egy j\u00f3 novell\u00e1val rokon\u00edthat\u00f3k. T\u00f6m\u00f6r, feszes, nem t\u0171r mell\u00e9besz\u00e9l\u00e9st, a l\u00e9nyegre szor\u00edtkozik, m\u00e9gis megh\u00f6kkent, tov\u00e1bbgondol\u00e1sra ind\u00edt.<br>\u00c9gerh\u00e1zi Imre k\u00e9pi novellisztik\u00e1ja &#8211; hogy enn\u00e9l a hasonlatn\u00e1l maradjak &#8211; sz\u00e9les t\u00e9mak\u00f6rt \u00f6lel fel. A csodaszarvasr\u00f3l alkotott remek kompoz\u00edci\u00f3j\u00e1t\u00f3l kezdve a hajd\u00fakon \u00e1t, Csokonaij\u00e1t, Kod\u00e1ly\u00e1t k\u00fcl\u00f6n is kiemelve, a ma szeg\u00e9ny embereiig nagyon sz\u00e9les a sk\u00e1la. J\u00f3lesik l\u00e1tni \u00c9gerh\u00e1zi Imre vir\u00e1gcsend\u00e9letetit. Finom t\u00f3nus\u00fa, m\u00e9gis gy\u00f6ny\u00f6rk\u00f6dtet\u0151 kompoz\u00edci\u00f3k ezek \u00e9s ebben a t\u00e9l-\u00e1larcos tavaszban \u00e1tmeleg\u00edthet minket a bel\u0151l\u00fck \u00e1rad\u00f3 sz\u00e9ps\u00e9g. \u00c9gerh\u00e1zi szeretettel k\u00f6zel\u00edt a t\u00e1jhoz. A l\u00e9nyeget emelve ki, hozza elib\u00e9nk Sz\u00e9kelyf\u00f6ld hangulat\u00e1t, a hegyek karolta kis falvakat, Tam\u00e1si \u00c1ron, Ny\u00edr\u0151 J\u00f3zsef, K\u00f3s K\u00e1roly vil\u00e1g\u00e1t.<br>Ha \u00c9gerh\u00e1zi Imr\u00e9r\u0151l a fest\u0151r\u0151l sz\u00f3lok, nem hagyhatom sz\u00f3 n\u00e9lk\u00fcl \u00c9gerh\u00e1zi Imr\u00e9t a Hortob\u00e1gyi Alkot\u00f3t\u00e1bor &#8222;spiritus rektor\u00e1t&#8221;. K\u00f6z\u00f6ss\u00e9gteremt\u0151k\u00e9nt, amit tudom, hogy legal\u00e1bb olyan fontosnak tart, mint a saj\u00e1t m\u0171v\u00e9szet\u00e9t. Ritka adom\u00e1ny a sorst\u00f3l, ha valaki ebben a m\u0171v\u00e9szeteknek \u00f6kl\u00f6t r\u00e1z\u00f3, nyelvet \u00f6lt\u00f6get\u0151 korban er\u0151t \u00e9s hitet \u00e1ldoz arra, hogy a koll\u00e9g\u00e1kat egybetoborozva esztend\u0151nk\u00e9nt valami sz\u00e9p sz\u00fclethessen meg a r\u00f3n\u00e1n.&#8221;<\/p><cite>T\u00f3th-M\u00e1t\u00e9 Mikl\u00f3s,<br>elhangzott 1997. m\u00e1rcius 20-\u00e1n a F\u00e9ny Gal\u00e9ri\u00e1ban<\/cite><\/blockquote>\r\n<\/div>","protected":false},"excerpt":{"rendered":"<p>&#8222;B\u00e1rmely k\u00f6z\u00f6s ki\u00e1ll\u00edt\u00e1s k\u00e9pi k\u00f6rnyezet\u00e9ben m\u00e1r messzir\u0151l r\u00e1 lehet mutatni egy \u00c9gerh\u00e1zi festm\u00e9nyre, a saj\u00e1tosan megszerkesztett form\u00e1kra, sz\u00ednekre, an\u00e9lk\u00fcl, hogy az hars\u00e1nyan, rik\u00edt\u00f3an k\u00edn\u00e1ln\u00e1 mag\u00e1t.\u00c9gerh\u00e1zi Imre egy\u00e9nis\u00e9g\u00e9b\u0151l hi\u00e1nyzik a kit\u00fcremkedni v\u00e1gy\u00f3 magamutogat\u00e1s. Az \u0150 k\u00e9pei egy-egy j\u00f3 novell\u00e1val rokon\u00edthat\u00f3k. T\u00f6m\u00f6r, feszes, nem t\u0171r mell\u00e9besz\u00e9l\u00e9st, a l\u00e9nyegre szor\u00edtkozik, m\u00e9gis megh\u00f6kkent, tov\u00e1bbgondol\u00e1sra ind\u00edt.\u00c9gerh\u00e1zi Imre k\u00e9pi novellisztik\u00e1ja &#8211; hogy enn\u00e9l a hasonlatn\u00e1l maradjak [&hellip;]<\/p>\n","protected":false},"author":4,"featured_media":0,"parent":31,"menu_order":0,"comment_status":"closed","ping_status":"closed","template":"","meta":{"footnotes":""},"categories":[84],"tags":[97],"class_list":["post-1068","page","type-page","status-publish","hentry","category-kritikak_meltatasok","tag-97"],"yoast_head":"<!-- This site is optimized with the Yoast SEO plugin v27.3 - https:\/\/yoast.com\/product\/yoast-seo-wordpress\/ -->\n<title>T\u00f3th-M\u00e1t\u00e9 Mikl\u00f3s, elhangzott 1997. m\u00e1rcius 20-\u00e1n a F\u00e9ny Gal\u00e9ri\u00e1ban - \u00c9gerh\u00e1zi Imre<\/title>\n<meta name=\"robots\" content=\"index, follow, max-snippet:-1, max-image-preview:large, max-video-preview:-1\" \/>\n<link rel=\"canonical\" href=\"https:\/\/egerhaziimre.hu\/index.php\/dijak-elismeresek\/toth-mate-miklos-elhangzott-1997-marcius-20-an-a-feny-galeriaban\/?lang=en\" \/>\n<meta property=\"og:locale\" content=\"hu_HU\" \/>\n<meta property=\"og:type\" content=\"article\" \/>\n<meta property=\"og:title\" content=\"T\u00f3th-M\u00e1t\u00e9 Mikl\u00f3s, elhangzott 1997. m\u00e1rcius 20-\u00e1n a F\u00e9ny Gal\u00e9ri\u00e1ban - \u00c9gerh\u00e1zi Imre\" \/>\n<meta property=\"og:description\" content=\"&#8222;B\u00e1rmely k\u00f6z\u00f6s ki\u00e1ll\u00edt\u00e1s k\u00e9pi k\u00f6rnyezet\u00e9ben m\u00e1r messzir\u0151l r\u00e1 lehet mutatni egy \u00c9gerh\u00e1zi festm\u00e9nyre, a saj\u00e1tosan megszerkesztett form\u00e1kra, sz\u00ednekre, an\u00e9lk\u00fcl, hogy az hars\u00e1nyan, rik\u00edt\u00f3an k\u00edn\u00e1ln\u00e1 mag\u00e1t.\u00c9gerh\u00e1zi Imre egy\u00e9nis\u00e9g\u00e9b\u0151l hi\u00e1nyzik a kit\u00fcremkedni v\u00e1gy\u00f3 magamutogat\u00e1s. Az \u0150 k\u00e9pei egy-egy j\u00f3 novell\u00e1val rokon\u00edthat\u00f3k. T\u00f6m\u00f6r, feszes, nem t\u0171r mell\u00e9besz\u00e9l\u00e9st, a l\u00e9nyegre szor\u00edtkozik, m\u00e9gis megh\u00f6kkent, tov\u00e1bbgondol\u00e1sra ind\u00edt.\u00c9gerh\u00e1zi Imre k\u00e9pi novellisztik\u00e1ja &#8211; hogy enn\u00e9l a hasonlatn\u00e1l maradjak [&hellip;]\" \/>\n<meta property=\"og:url\" content=\"https:\/\/egerhaziimre.hu\/index.php\/dijak-elismeresek\/toth-mate-miklos-elhangzott-1997-marcius-20-an-a-feny-galeriaban\/?lang=en\" \/>\n<meta property=\"og:site_name\" content=\"\u00c9gerh\u00e1zi Imre\" \/>\n<meta property=\"article:modified_time\" content=\"2020-09-08T14:21:20+00:00\" \/>\n<meta name=\"twitter:card\" content=\"summary_large_image\" \/>\n<meta name=\"twitter:label1\" content=\"Becs\u00fclt olvas\u00e1si id\u0151\" \/>\n\t<meta name=\"twitter:data1\" content=\"3 perc\" \/>\n<script type=\"application\/ld+json\" class=\"yoast-schema-graph\">{\"@context\":\"https:\\\/\\\/schema.org\",\"@graph\":[{\"@type\":\"WebPage\",\"@id\":\"https:\\\/\\\/egerhaziimre.hu\\\/index.php\\\/dijak-elismeresek\\\/toth-mate-miklos-elhangzott-1997-marcius-20-an-a-feny-galeriaban\\\/?lang=en\",\"url\":\"https:\\\/\\\/egerhaziimre.hu\\\/index.php\\\/dijak-elismeresek\\\/toth-mate-miklos-elhangzott-1997-marcius-20-an-a-feny-galeriaban\\\/?lang=en\",\"name\":\"T\u00f3th-M\u00e1t\u00e9 Mikl\u00f3s, elhangzott 1997. m\u00e1rcius 20-\u00e1n a F\u00e9ny Gal\u00e9ri\u00e1ban - \u00c9gerh\u00e1zi Imre\",\"isPartOf\":{\"@id\":\"https:\\\/\\\/egerhaziimre.hu\\\/#website\"},\"datePublished\":\"2019-08-05T13:38:19+00:00\",\"dateModified\":\"2020-09-08T14:21:20+00:00\",\"breadcrumb\":{\"@id\":\"https:\\\/\\\/egerhaziimre.hu\\\/index.php\\\/dijak-elismeresek\\\/toth-mate-miklos-elhangzott-1997-marcius-20-an-a-feny-galeriaban\\\/?lang=en#breadcrumb\"},\"inLanguage\":\"hu\",\"potentialAction\":[{\"@type\":\"ReadAction\",\"target\":[\"https:\\\/\\\/egerhaziimre.hu\\\/index.php\\\/dijak-elismeresek\\\/toth-mate-miklos-elhangzott-1997-marcius-20-an-a-feny-galeriaban\\\/?lang=en\"]}]},{\"@type\":\"BreadcrumbList\",\"@id\":\"https:\\\/\\\/egerhaziimre.hu\\\/index.php\\\/dijak-elismeresek\\\/toth-mate-miklos-elhangzott-1997-marcius-20-an-a-feny-galeriaban\\\/?lang=en#breadcrumb\",\"itemListElement\":[{\"@type\":\"ListItem\",\"position\":1,\"name\":\"Home\",\"item\":\"https:\\\/\\\/egerhaziimre.hu\\\/\"},{\"@type\":\"ListItem\",\"position\":2,\"name\":\"Awards, recognitions\",\"item\":\"https:\\\/\\\/egerhaziimre.hu\\\/index.php\\\/dijak-elismeresek\\\/?lang=en\"},{\"@type\":\"ListItem\",\"position\":3,\"name\":\"Opening speech at the exhibition at F\u00e9ny Gallery 20th March 1997 by Mikl\u00f3s T\u00f3th-M\u00e1t\u00e9\"}]},{\"@type\":\"WebSite\",\"@id\":\"https:\\\/\\\/egerhaziimre.hu\\\/#website\",\"url\":\"https:\\\/\\\/egerhaziimre.hu\\\/\",\"name\":\"\u00c9gerh\u00e1zi Imre\",\"description\":\"\",\"potentialAction\":[{\"@type\":\"SearchAction\",\"target\":{\"@type\":\"EntryPoint\",\"urlTemplate\":\"https:\\\/\\\/egerhaziimre.hu\\\/?s={search_term_string}\"},\"query-input\":{\"@type\":\"PropertyValueSpecification\",\"valueRequired\":true,\"valueName\":\"search_term_string\"}}],\"inLanguage\":\"hu\"}]}<\/script>\n<!-- \/ Yoast SEO plugin. -->","yoast_head_json":{"title":"T\u00f3th-M\u00e1t\u00e9 Mikl\u00f3s, elhangzott 1997. m\u00e1rcius 20-\u00e1n a F\u00e9ny Gal\u00e9ri\u00e1ban - \u00c9gerh\u00e1zi Imre","robots":{"index":"index","follow":"follow","max-snippet":"max-snippet:-1","max-image-preview":"max-image-preview:large","max-video-preview":"max-video-preview:-1"},"canonical":"https:\/\/egerhaziimre.hu\/index.php\/dijak-elismeresek\/toth-mate-miklos-elhangzott-1997-marcius-20-an-a-feny-galeriaban\/?lang=en","og_locale":"hu_HU","og_type":"article","og_title":"T\u00f3th-M\u00e1t\u00e9 Mikl\u00f3s, elhangzott 1997. m\u00e1rcius 20-\u00e1n a F\u00e9ny Gal\u00e9ri\u00e1ban - \u00c9gerh\u00e1zi Imre","og_description":"&#8222;B\u00e1rmely k\u00f6z\u00f6s ki\u00e1ll\u00edt\u00e1s k\u00e9pi k\u00f6rnyezet\u00e9ben m\u00e1r messzir\u0151l r\u00e1 lehet mutatni egy \u00c9gerh\u00e1zi festm\u00e9nyre, a saj\u00e1tosan megszerkesztett form\u00e1kra, sz\u00ednekre, an\u00e9lk\u00fcl, hogy az hars\u00e1nyan, rik\u00edt\u00f3an k\u00edn\u00e1ln\u00e1 mag\u00e1t.\u00c9gerh\u00e1zi Imre egy\u00e9nis\u00e9g\u00e9b\u0151l hi\u00e1nyzik a kit\u00fcremkedni v\u00e1gy\u00f3 magamutogat\u00e1s. Az \u0150 k\u00e9pei egy-egy j\u00f3 novell\u00e1val rokon\u00edthat\u00f3k. T\u00f6m\u00f6r, feszes, nem t\u0171r mell\u00e9besz\u00e9l\u00e9st, a l\u00e9nyegre szor\u00edtkozik, m\u00e9gis megh\u00f6kkent, tov\u00e1bbgondol\u00e1sra ind\u00edt.\u00c9gerh\u00e1zi Imre k\u00e9pi novellisztik\u00e1ja &#8211; hogy enn\u00e9l a hasonlatn\u00e1l maradjak [&hellip;]","og_url":"https:\/\/egerhaziimre.hu\/index.php\/dijak-elismeresek\/toth-mate-miklos-elhangzott-1997-marcius-20-an-a-feny-galeriaban\/?lang=en","og_site_name":"\u00c9gerh\u00e1zi Imre","article_modified_time":"2020-09-08T14:21:20+00:00","twitter_card":"summary_large_image","twitter_misc":{"Becs\u00fclt olvas\u00e1si id\u0151":"3 perc"},"schema":{"@context":"https:\/\/schema.org","@graph":[{"@type":"WebPage","@id":"https:\/\/egerhaziimre.hu\/index.php\/dijak-elismeresek\/toth-mate-miklos-elhangzott-1997-marcius-20-an-a-feny-galeriaban\/?lang=en","url":"https:\/\/egerhaziimre.hu\/index.php\/dijak-elismeresek\/toth-mate-miklos-elhangzott-1997-marcius-20-an-a-feny-galeriaban\/?lang=en","name":"T\u00f3th-M\u00e1t\u00e9 Mikl\u00f3s, elhangzott 1997. m\u00e1rcius 20-\u00e1n a F\u00e9ny Gal\u00e9ri\u00e1ban - \u00c9gerh\u00e1zi Imre","isPartOf":{"@id":"https:\/\/egerhaziimre.hu\/#website"},"datePublished":"2019-08-05T13:38:19+00:00","dateModified":"2020-09-08T14:21:20+00:00","breadcrumb":{"@id":"https:\/\/egerhaziimre.hu\/index.php\/dijak-elismeresek\/toth-mate-miklos-elhangzott-1997-marcius-20-an-a-feny-galeriaban\/?lang=en#breadcrumb"},"inLanguage":"hu","potentialAction":[{"@type":"ReadAction","target":["https:\/\/egerhaziimre.hu\/index.php\/dijak-elismeresek\/toth-mate-miklos-elhangzott-1997-marcius-20-an-a-feny-galeriaban\/?lang=en"]}]},{"@type":"BreadcrumbList","@id":"https:\/\/egerhaziimre.hu\/index.php\/dijak-elismeresek\/toth-mate-miklos-elhangzott-1997-marcius-20-an-a-feny-galeriaban\/?lang=en#breadcrumb","itemListElement":[{"@type":"ListItem","position":1,"name":"Home","item":"https:\/\/egerhaziimre.hu\/"},{"@type":"ListItem","position":2,"name":"Awards, recognitions","item":"https:\/\/egerhaziimre.hu\/index.php\/dijak-elismeresek\/?lang=en"},{"@type":"ListItem","position":3,"name":"Opening speech at the exhibition at F\u00e9ny Gallery 20th March 1997 by Mikl\u00f3s T\u00f3th-M\u00e1t\u00e9"}]},{"@type":"WebSite","@id":"https:\/\/egerhaziimre.hu\/#website","url":"https:\/\/egerhaziimre.hu\/","name":"\u00c9gerh\u00e1zi Imre","description":"","potentialAction":[{"@type":"SearchAction","target":{"@type":"EntryPoint","urlTemplate":"https:\/\/egerhaziimre.hu\/?s={search_term_string}"},"query-input":{"@type":"PropertyValueSpecification","valueRequired":true,"valueName":"search_term_string"}}],"inLanguage":"hu"}]}},"jetpack_sharing_enabled":true,"_links":{"self":[{"href":"https:\/\/egerhaziimre.hu\/index.php\/wp-json\/wp\/v2\/pages\/1068","targetHints":{"allow":["GET"]}}],"collection":[{"href":"https:\/\/egerhaziimre.hu\/index.php\/wp-json\/wp\/v2\/pages"}],"about":[{"href":"https:\/\/egerhaziimre.hu\/index.php\/wp-json\/wp\/v2\/types\/page"}],"author":[{"embeddable":true,"href":"https:\/\/egerhaziimre.hu\/index.php\/wp-json\/wp\/v2\/users\/4"}],"replies":[{"embeddable":true,"href":"https:\/\/egerhaziimre.hu\/index.php\/wp-json\/wp\/v2\/comments?post=1068"}],"version-history":[{"count":2,"href":"https:\/\/egerhaziimre.hu\/index.php\/wp-json\/wp\/v2\/pages\/1068\/revisions"}],"predecessor-version":[{"id":9304,"href":"https:\/\/egerhaziimre.hu\/index.php\/wp-json\/wp\/v2\/pages\/1068\/revisions\/9304"}],"up":[{"embeddable":true,"href":"https:\/\/egerhaziimre.hu\/index.php\/wp-json\/wp\/v2\/pages\/31"}],"wp:attachment":[{"href":"https:\/\/egerhaziimre.hu\/index.php\/wp-json\/wp\/v2\/media?parent=1068"}],"wp:term":[{"taxonomy":"category","embeddable":true,"href":"https:\/\/egerhaziimre.hu\/index.php\/wp-json\/wp\/v2\/categories?post=1068"},{"taxonomy":"post_tag","embeddable":true,"href":"https:\/\/egerhaziimre.hu\/index.php\/wp-json\/wp\/v2\/tags?post=1068"}],"curies":[{"name":"wp","href":"https:\/\/api.w.org\/{rel}","templated":true}]}}