{"id":10718,"date":"1992-10-09T15:20:08","date_gmt":"1992-10-09T14:20:08","guid":{"rendered":"https:\/\/egerhaziimre.hu\/?page_id=10718"},"modified":"2020-10-09T15:53:06","modified_gmt":"2020-10-09T13:53:06","slug":"egerhazi-imre-grafikairol-imolay-lenkey-istvan-irasa","status":"publish","type":"page","link":"https:\/\/egerhaziimre.hu\/index.php\/eletrajz\/irasok-egerhazi-imrerol\/egerhazi-imre-grafikairol-imolay-lenkey-istvan-irasa\/","title":{"rendered":"\u00c9gerh\u00e1zi Imre grafik\u00e1ir\u00f3l &#8211; Imolay Lenkey Istv\u00e1n \u00edr\u00e1sa, 1992"},"content":{"rendered":"<div class=\"wpb-content-wrapper\">[vc_row][vc_column width=&#8221;1\/2&#8243;][vc_column_text]Debrecenben S\u00e1rv\u00e1ry P\u00e1l koll\u00e9giumi professzor munk\u00e1ss\u00e1g\u00e1t\u00f3l kezdve gazdag \u00e9s m\u00e1ig tart\u00f3 hagyom\u00e1nyai vannak a rajzol\u00e1snak. Ezt a hagyom\u00e1nyt minden k\u00e9pz\u0151m\u0171v\u00e9sz naponk\u00e9nt m\u00e1sk\u00e9pp \u00e9li meg \u00e9s m\u00e1sk\u00e9ppen gyakorolja. Az elm\u00falt \u00e9vtizedekben Mata J\u00e1nos, G\u00e1borj\u00e1ni Szab\u00f3 K\u00e1lm\u00e1n, Vad\u00e1sz Endre, Medgyessy Ferenc, Holl\u00f3 L\u00e1szl\u00f3, Menyh\u00e1rt J\u00f3zsef, J\u00f3zsa J\u00e1nos \u00e9s sokan m\u00e1sok \u00c9gerh\u00e1zi Imr\u00e9vel egy\u00fctt szebbn\u00e9l szebb toll-, filc- \u00e9s tusrajzokkal, monot\u00edpi\u00e1kkal aj\u00e1nd\u00e9kozt\u00e1k meg a m\u0171faj kedvel\u0151it. A fentebb eml\u00edtett m\u0171v\u00e9szek \u2013 szinte valamennyien \u2013 nem csup\u00e1n mindennapi ujjgyakorlatnak tekintett\u00e9k a rajzot, hanem az \u00f6nkifejez\u00e9s olyan eszk\u00f6z\u00e9nek, melyet mind t\u00e9m\u00e1ban, esetleg mind k\u00e9pi megold\u00e1sban egyfel\u0151l el\u0151tanulm\u00e1nynak tekintettek egy-egy festm\u00e9nyhez, r\u00e9zkarchoz, r\u00e9z-, fa- vagy lin\u00f3leummetszethez, t\u0171zzom\u00e1nchoz avagy egy szoborhoz, m\u00e1sfel\u0151l pedig gondolatokat, hangulatokat r\u00f6gz\u00edt\u0151, \u00f6n\u00e1ll\u00f3 teljes\u00e9rt\u00e9k\u0171 m\u0171veknek.<\/p>\n<p>\u00c9gerh\u00e1zi Imre rajzol\u00f3 m\u00faltj\u00e1r\u00f3l \u00edgy vall: \u201eHat\u00e9ves koromt\u00f3l rajzolok. Az els\u0151 rajzeszk\u00f6z\u00f6m a sv\u00e1jci v\u00f6r\u00f6skereszt aj\u00e1nd\u00e9ka, egy doboz hatsz\u00edn\u0171 zs\u00edros pasztellkr\u00e9ta volt. Mikor ez elfogyott, rajzoltam: palavessz\u0151vel, \u00e1zott t\u00e9gladarabbal, \u00f3lom- \u00e9s sz\u00e9ndarabokkal, tint\u00e1val, tussal \u00e9s ecsettel.\u201d T\u00f6bb \u00e9vtizedes rajzol\u00f3, metsz\u0151 tev\u00e9kenys\u00e9g\u00e9nek sokoldal\u00fa eredm\u00e9nye sem maradt el, hiszen gazdag rajzgy\u0171jtem\u00e9ny birtokosa. E rajzgy\u0171jtem\u00e9nyb\u0151l a kor\u00e1bbi \u00e9vekben az Alf\u00f6ldi Nyomda (1989) jelentett meg egy albumban negyven darabot. K\u00e9t versesk\u00f6tetet illusztr\u00e1lt. Ezeken k\u00edv\u00fcl a Hajd\u00fa-Bihari Napl\u00f3 (Debrecen), az Alf\u00f6ld (Debrecen) \u00e9s m\u00e1s irodalmi foly\u00f3irat gyakorta k\u00f6z\u00f6lt rajzokat, metszeteket.<\/p>\n<p>A m\u00e1r fentebb id\u00e9zett \u00c9gerh\u00e1zi vallom\u00e1sb\u00f3l \u00e9s a gyakorlatb\u00f3l is tudjuk, sokf\u00e9le technikai eszk\u00f6zzel teremti meg azt a rajzi vil\u00e1got, melynek n\u00e9h\u00e1ny darabja el\u0151tt\u00fcnk van e k\u00f6tetben. A sokf\u00e9les\u00e9g abb\u00f3l ad\u00f3dik, hogy b\u00e1rhol j\u00e1rt itthon \u00e9s k\u00fclf\u00f6ld\u00f6n, vagy unalmas \u00e9rtekezleten, megbesz\u00e9l\u00e9sen t\u00f6lt\u00f6tte az id\u0151t, minden\u00fctt \u201ejegyzetelt\u201d a maga saj\u00e1tos eszk\u00f6zeivel, r\u00f6gz\u00edtve mag\u00e1nak \u00e9s m\u00e1soknak is azt a pillanatnyi \u00e9lm\u00e9nyt, melyhez nem lehetett az \u00f6sszes fest\u0151i seg\u00e9deszk\u00f6zt fel\u00e1ll\u00edtani, hanem csup\u00e1n r\u00f6vid, p\u00e1rvonalas \u201ejegyzetekre\u201d futotta az id\u0151b\u0151l. Ebb\u0151l k\u00f6vetkezik, hogy \u00c9gerh\u00e1zi Imre rajzaiban az emberi \u00e9let, a k\u00f6rnyezet sz\u00e9les sk\u00e1l\u00e1n \u00e1ll el\u0151tt\u00fcnk. Portr\u00e9k, aktok, a hajd\u00fas\u00e1gi ember \u00e9s t\u00e1j mellett felsorakoznak az erd\u00e9lyi t\u00e1jak \u00e9s emberek \u00f6r\u00f6meikkel, gondjaikkal, m\u00faltjukkal \u00e9s jelen\u00fckkel, fel-felcsillantva a j\u00f6v\u0151 rem\u00e9nys\u00e9g\u00e9t is. S ezekben egy saj\u00e1tos alkot\u00f3i vil\u00e1g elevenedik meg el\u0151tt\u00fcnk: \u00c9gerh\u00e1zi Imre a megismert, az \u00e1t\u00e9lt k\u00f6rnyez\u0151 val\u00f3s\u00e1ghoz ragaszkodva, az \u00e9lm\u00e9nyeket a rajz, a metszet eszk\u00f6zeivel jelen\u00edti meg, jelezve azt, hogy t\u00f6bb ezer sz\u00e1llal kapcsol\u00f3dik az \u0151t k\u00f6r\u00fclvev\u0151 vil\u00e1ghoz, annak jelens\u00e9geihez, \u00e9letmegnyilv\u00e1nul\u00e1saihoz \u00e9s azt igyekszik az alkot\u00f3i gazdags\u00e1g eszk\u00f6zeivel kifejezni, m\u00e9g akkor is, hacsak egy tollvon\u00e1ssal adta meg keret\u00e9t a figur\u00e1nak, a t\u00e1jnak. \u00cdgy rajzm\u0171v\u00e9szet\u00e9ben a val\u00f3s\u00e1g nemesebb, maradand\u00f3bb lesz, eszmeileg t\u00e1volabb tekint\u0151 gondolatokkal a h\u00e9tk\u00f6znapok egyhang\u00fas\u00e1ga f\u00f6l\u00e9 emelkedik, ez\u00e1ltal teljes\u00edti a m\u0171v\u00e9szet feladat\u00e1t, mert nem egyszer\u0171en meg\u00f6r\u00f6k\u00edt, hanem szebb\u00e9, \u00e9rtelmesebb\u00e9 teszi k\u00f6rnyezete \u00e9let\u00e9t.<\/p>\n<p>Erd\u00e9ly, Hortob\u00e1gy t\u00e1jait \u00e1br\u00e1zol\u00f3 rajzai, metszetei gazdag formavil\u00e1gukkal, j\u00f3l megkompon\u00e1lt k\u00e9pis\u00e9g\u00fckkel egy olyan vil\u00e1got var\u00e1zsolnak el\u00e9nk, melynek l\u00e1tv\u00e1ny\u00e1b\u00f3l fel\u00e9nk \u00e1rad annak a t\u00e1jnak j\u00f3 leveg\u0151je \u00e9s ez\u00e1ltal m\u00e9g azok el\u0151tt is ismertebb\u00e9 lesz a vid\u00e9k l\u00e9lekben, akik csak r\u00e9szleteiben vagy egy\u00e1ltal\u00e1n nem ismerik. Rajzaiban expressz\u00edv er\u0151vel jelen\u00edti meg az \u00e9lm\u00e9nyt \u00fagy, hogy k\u00f6zben meg\u0151rzi a form\u00e1k plaszticit\u00e1s\u00e1t \u00e9s csak azt \u00e1br\u00e1zolja t\u00f6bb-kevesebb vonallal, ami fontos, ami hangs\u00falyos.<\/p>\n<p>Rajzainak, metszetinek tiszta form\u00e1ja, kiegyens\u00falyozott szerkezete, nyugalmat sugall. Ez a nyugalom n\u00e9h\u00e1ny esetben a kism\u00e9retek ellen\u00e9re is monumentalit\u00e1s \u00e9rz\u00e9s\u00e9vel t\u00f6lt el. Vonalvezet\u00e9se lend\u00fcletes, mozg\u00e1sba hozva az \u00e1br\u00e1zolt t\u00e1jat, t\u00e1rgyat portr\u00e9t egyar\u00e1nt. Vonalrendszere m\u00e9g a monot\u00edpi\u00e1kon is \u00e1ttekinthet\u0151, j\u00f3l rendezett, s\u0151t mondhatni, mindenesetben c\u00e9lrat\u00f6r\u0151. Form\u00e1i m\u00e9rt\u00e9ktart\u00f3ak, a stiliz\u00e1l\u00e1sban, az absztrah\u00e1l\u00e1sban csak addig megy el, am\u00edg az az \u00e9lm\u00e9ny \u00e1br\u00e1zol\u00e1s\u00e1nak a rov\u00e1s\u00e1ra nem megy. \u00cdgy maradhat meg az ember, a t\u00e1j \u00e9s a t\u00e1rgy saj\u00e1tos karaktere felt\u00f6ltve mindazzal a mondanival\u00f3val, \u00fczenettel, mely \u00c9gerh\u00e1zinak az alap\u00e9lm\u00e9nyt jelentette. Rajzain, metszetein, nem csak meg\u00f6r\u00f6k\u00edt egy t\u00e1jat, egy adott helyzetet vagy figur\u00e1t, hanem sugallja annak \u00e9lm\u00e9nytad\u00f3 gondolatis\u00e1g\u00e1t is.<\/p>\n<p>Form\u00e1iban, szerkezet\u00e9ben egy saj\u00e1tos, \u00c9gerh\u00e1zis ritmus-rendet \u00e9rv\u00e9nyes\u00edt, saj\u00e1tos \u00c9gerh\u00e1zis \u00e9rzelmi t\u00f6ltettel s ett\u0151l lesznek sz\u00e9pek, szemetgy\u00f6ny\u00f6rk\u00f6dtet\u0151ek rajzai, metszetei. T\u00e9m\u00e1i, technikai megold\u00e1sai, kiegyens\u00falyozott vonalvezet\u00e9se, nyugalmat sugall\u00f3 leveg\u0151je \u2013 n\u00e9mileg a szecesszi\u00f3s vonalvezet\u00e9shez \u00e9s a mozgalmas kubizmushoz vihetn\u00e9 el \u2013 de er\u0151s alkot\u00f3i egy\u00e9nis\u00e9ge saj\u00e1tos rajzi metszeti vil\u00e1got teremtett, hogy \u00edgy tegyen eleget a m\u0171v\u00e9sz k\u00fcldet\u00e9s\u00e9nek: szebb\u00e9 \u00e9s gondolattelibb\u00e9 form\u00e1lja k\u00f6rnyezet\u00e9nek jelen\u00e9t \u00e9s ezzel munk\u00e1lja a j\u00f6v\u0151t is.<\/p>\n<p>Imolay Lenkey Istv\u00e1n<br \/>\n\u00c9gerh\u00e1zi Imre grafik\u00e1i 1992.[\/vc_column_text][\/vc_column][vc_column width=&#8221;1\/2&#8243;][vc_column_text]\n<p style=\"text-align: center;\"><b>Le\u00e1ny<\/b><br \/>\npap\u00edr, 30&#215;32 cm<br \/>\n1967<\/p>\n[\/vc_column_text][vc_single_image image=&#8221;4272&#8243; img_size=&#8221;large&#8221; alignment=&#8221;center&#8221; style=&#8221;xtd-shadow&#8211;normal-light&#8221; onclick=&#8221;link_image&#8221;][\/vc_column][\/vc_row]\n<\/div>","protected":false},"excerpt":{"rendered":"<p>[vc_row][vc_column width=&#8221;1\/2&#8243;][vc_column_text]Debrecenben S\u00e1rv\u00e1ry P\u00e1l koll\u00e9giumi professzor munk\u00e1ss\u00e1g\u00e1t\u00f3l kezdve gazdag \u00e9s m\u00e1ig tart\u00f3 hagyom\u00e1nyai vannak a rajzol\u00e1snak. Ezt a hagyom\u00e1nyt minden k\u00e9pz\u0151m\u0171v\u00e9sz naponk\u00e9nt m\u00e1sk\u00e9pp \u00e9li meg \u00e9s m\u00e1sk\u00e9ppen gyakorolja. Az elm\u00falt \u00e9vtizedekben Mata J\u00e1nos, G\u00e1borj\u00e1ni Szab\u00f3 K\u00e1lm\u00e1n, Vad\u00e1sz Endre, Medgyessy Ferenc, Holl\u00f3 L\u00e1szl\u00f3, Menyh\u00e1rt J\u00f3zsef, J\u00f3zsa J\u00e1nos \u00e9s sokan m\u00e1sok \u00c9gerh\u00e1zi Imr\u00e9vel egy\u00fctt szebbn\u00e9l szebb toll-, filc- \u00e9s tusrajzokkal, monot\u00edpi\u00e1kkal aj\u00e1nd\u00e9kozt\u00e1k [&hellip;]<\/p>\n","protected":false},"author":4,"featured_media":0,"parent":10535,"menu_order":0,"comment_status":"closed","ping_status":"closed","template":"","meta":{"footnotes":""},"categories":[219],"tags":[70],"class_list":["post-10718","page","type-page","status-publish","hentry","category-irasok_egerhazi_imrerol","tag-70"],"yoast_head":"<!-- This site is optimized with the Yoast SEO plugin v27.0 - https:\/\/yoast.com\/product\/yoast-seo-wordpress\/ -->\n<title>\u00c9gerh\u00e1zi Imre grafik\u00e1ir\u00f3l - Imolay Lenkey Istv\u00e1n \u00edr\u00e1sa, 1992 - \u00c9gerh\u00e1zi Imre<\/title>\n<meta name=\"robots\" content=\"index, follow, max-snippet:-1, max-image-preview:large, max-video-preview:-1\" \/>\n<link rel=\"canonical\" href=\"https:\/\/egerhaziimre.hu\/index.php\/eletrajz\/irasok-egerhazi-imrerol\/egerhazi-imre-grafikairol-imolay-lenkey-istvan-irasa\/?lang=en\" \/>\n<meta property=\"og:locale\" content=\"hu_HU\" \/>\n<meta property=\"og:type\" content=\"article\" \/>\n<meta property=\"og:title\" content=\"\u00c9gerh\u00e1zi Imre grafik\u00e1ir\u00f3l - Imolay Lenkey Istv\u00e1n \u00edr\u00e1sa, 1992 - \u00c9gerh\u00e1zi Imre\" \/>\n<meta property=\"og:description\" content=\"[vc_row][vc_column width=&#8221;1\/2&#8243;][vc_column_text]Debrecenben S\u00e1rv\u00e1ry P\u00e1l koll\u00e9giumi professzor munk\u00e1ss\u00e1g\u00e1t\u00f3l kezdve gazdag \u00e9s m\u00e1ig tart\u00f3 hagyom\u00e1nyai vannak a rajzol\u00e1snak. Ezt a hagyom\u00e1nyt minden k\u00e9pz\u0151m\u0171v\u00e9sz naponk\u00e9nt m\u00e1sk\u00e9pp \u00e9li meg \u00e9s m\u00e1sk\u00e9ppen gyakorolja. Az elm\u00falt \u00e9vtizedekben Mata J\u00e1nos, G\u00e1borj\u00e1ni Szab\u00f3 K\u00e1lm\u00e1n, Vad\u00e1sz Endre, Medgyessy Ferenc, Holl\u00f3 L\u00e1szl\u00f3, Menyh\u00e1rt J\u00f3zsef, J\u00f3zsa J\u00e1nos \u00e9s sokan m\u00e1sok \u00c9gerh\u00e1zi Imr\u00e9vel egy\u00fctt szebbn\u00e9l szebb toll-, filc- \u00e9s tusrajzokkal, monot\u00edpi\u00e1kkal aj\u00e1nd\u00e9kozt\u00e1k [&hellip;]\" \/>\n<meta property=\"og:url\" content=\"https:\/\/egerhaziimre.hu\/index.php\/eletrajz\/irasok-egerhazi-imrerol\/egerhazi-imre-grafikairol-imolay-lenkey-istvan-irasa\/?lang=en\" \/>\n<meta property=\"og:site_name\" content=\"\u00c9gerh\u00e1zi Imre\" \/>\n<meta property=\"article:modified_time\" content=\"2020-10-09T13:53:06+00:00\" \/>\n<meta name=\"twitter:card\" content=\"summary_large_image\" \/>\n<meta name=\"twitter:label1\" content=\"Becs\u00fclt olvas\u00e1si id\u0151\" \/>\n\t<meta name=\"twitter:data1\" content=\"9 perc\" \/>\n<script type=\"application\/ld+json\" class=\"yoast-schema-graph\">{\"@context\":\"https:\/\/schema.org\",\"@graph\":[{\"@type\":\"WebPage\",\"@id\":\"https:\/\/egerhaziimre.hu\/index.php\/eletrajz\/irasok-egerhazi-imrerol\/egerhazi-imre-grafikairol-imolay-lenkey-istvan-irasa\/?lang=en\",\"url\":\"https:\/\/egerhaziimre.hu\/index.php\/eletrajz\/irasok-egerhazi-imrerol\/egerhazi-imre-grafikairol-imolay-lenkey-istvan-irasa\/?lang=en\",\"name\":\"\u00c9gerh\u00e1zi Imre grafik\u00e1ir\u00f3l - Imolay Lenkey Istv\u00e1n \u00edr\u00e1sa, 1992 - \u00c9gerh\u00e1zi Imre\",\"isPartOf\":{\"@id\":\"https:\/\/egerhaziimre.hu\/#website\"},\"datePublished\":\"1992-10-09T14:20:08+00:00\",\"dateModified\":\"2020-10-09T13:53:06+00:00\",\"breadcrumb\":{\"@id\":\"https:\/\/egerhaziimre.hu\/index.php\/eletrajz\/irasok-egerhazi-imrerol\/egerhazi-imre-grafikairol-imolay-lenkey-istvan-irasa\/?lang=en#breadcrumb\"},\"inLanguage\":\"hu\",\"potentialAction\":[{\"@type\":\"ReadAction\",\"target\":[\"https:\/\/egerhaziimre.hu\/index.php\/eletrajz\/irasok-egerhazi-imrerol\/egerhazi-imre-grafikairol-imolay-lenkey-istvan-irasa\/?lang=en\"]}]},{\"@type\":\"BreadcrumbList\",\"@id\":\"https:\/\/egerhaziimre.hu\/index.php\/eletrajz\/irasok-egerhazi-imrerol\/egerhazi-imre-grafikairol-imolay-lenkey-istvan-irasa\/?lang=en#breadcrumb\",\"itemListElement\":[{\"@type\":\"ListItem\",\"position\":1,\"name\":\"Home\",\"item\":\"https:\/\/egerhaziimre.hu\/\"},{\"@type\":\"ListItem\",\"position\":2,\"name\":\"\u00c9letrajz\",\"item\":\"https:\/\/egerhaziimre.hu\/index.php\/eletrajz\/\"},{\"@type\":\"ListItem\",\"position\":3,\"name\":\"Writings about Imre \u00c9gerh\u00e1zi\",\"item\":\"https:\/\/egerhaziimre.hu\/index.php\/eletrajz\/irasok-egerhazi-imrerol\/?lang=en\"},{\"@type\":\"ListItem\",\"position\":4,\"name\":\"An introduction to the drawings and paintings of Imre \u00c9gerh\u00e1zi, 1992\"}]},{\"@type\":\"WebSite\",\"@id\":\"https:\/\/egerhaziimre.hu\/#website\",\"url\":\"https:\/\/egerhaziimre.hu\/\",\"name\":\"\u00c9gerh\u00e1zi Imre\",\"description\":\"\",\"potentialAction\":[{\"@type\":\"SearchAction\",\"target\":{\"@type\":\"EntryPoint\",\"urlTemplate\":\"https:\/\/egerhaziimre.hu\/?s={search_term_string}\"},\"query-input\":{\"@type\":\"PropertyValueSpecification\",\"valueRequired\":true,\"valueName\":\"search_term_string\"}}],\"inLanguage\":\"hu\"}]}<\/script>\n<!-- \/ Yoast SEO plugin. -->","yoast_head_json":{"title":"\u00c9gerh\u00e1zi Imre grafik\u00e1ir\u00f3l - Imolay Lenkey Istv\u00e1n \u00edr\u00e1sa, 1992 - \u00c9gerh\u00e1zi Imre","robots":{"index":"index","follow":"follow","max-snippet":"max-snippet:-1","max-image-preview":"max-image-preview:large","max-video-preview":"max-video-preview:-1"},"canonical":"https:\/\/egerhaziimre.hu\/index.php\/eletrajz\/irasok-egerhazi-imrerol\/egerhazi-imre-grafikairol-imolay-lenkey-istvan-irasa\/?lang=en","og_locale":"hu_HU","og_type":"article","og_title":"\u00c9gerh\u00e1zi Imre grafik\u00e1ir\u00f3l - Imolay Lenkey Istv\u00e1n \u00edr\u00e1sa, 1992 - \u00c9gerh\u00e1zi Imre","og_description":"[vc_row][vc_column width=&#8221;1\/2&#8243;][vc_column_text]Debrecenben S\u00e1rv\u00e1ry P\u00e1l koll\u00e9giumi professzor munk\u00e1ss\u00e1g\u00e1t\u00f3l kezdve gazdag \u00e9s m\u00e1ig tart\u00f3 hagyom\u00e1nyai vannak a rajzol\u00e1snak. Ezt a hagyom\u00e1nyt minden k\u00e9pz\u0151m\u0171v\u00e9sz naponk\u00e9nt m\u00e1sk\u00e9pp \u00e9li meg \u00e9s m\u00e1sk\u00e9ppen gyakorolja. Az elm\u00falt \u00e9vtizedekben Mata J\u00e1nos, G\u00e1borj\u00e1ni Szab\u00f3 K\u00e1lm\u00e1n, Vad\u00e1sz Endre, Medgyessy Ferenc, Holl\u00f3 L\u00e1szl\u00f3, Menyh\u00e1rt J\u00f3zsef, J\u00f3zsa J\u00e1nos \u00e9s sokan m\u00e1sok \u00c9gerh\u00e1zi Imr\u00e9vel egy\u00fctt szebbn\u00e9l szebb toll-, filc- \u00e9s tusrajzokkal, monot\u00edpi\u00e1kkal aj\u00e1nd\u00e9kozt\u00e1k [&hellip;]","og_url":"https:\/\/egerhaziimre.hu\/index.php\/eletrajz\/irasok-egerhazi-imrerol\/egerhazi-imre-grafikairol-imolay-lenkey-istvan-irasa\/?lang=en","og_site_name":"\u00c9gerh\u00e1zi Imre","article_modified_time":"2020-10-09T13:53:06+00:00","twitter_card":"summary_large_image","twitter_misc":{"Becs\u00fclt olvas\u00e1si id\u0151":"9 perc"},"schema":{"@context":"https:\/\/schema.org","@graph":[{"@type":"WebPage","@id":"https:\/\/egerhaziimre.hu\/index.php\/eletrajz\/irasok-egerhazi-imrerol\/egerhazi-imre-grafikairol-imolay-lenkey-istvan-irasa\/?lang=en","url":"https:\/\/egerhaziimre.hu\/index.php\/eletrajz\/irasok-egerhazi-imrerol\/egerhazi-imre-grafikairol-imolay-lenkey-istvan-irasa\/?lang=en","name":"\u00c9gerh\u00e1zi Imre grafik\u00e1ir\u00f3l - Imolay Lenkey Istv\u00e1n \u00edr\u00e1sa, 1992 - \u00c9gerh\u00e1zi Imre","isPartOf":{"@id":"https:\/\/egerhaziimre.hu\/#website"},"datePublished":"1992-10-09T14:20:08+00:00","dateModified":"2020-10-09T13:53:06+00:00","breadcrumb":{"@id":"https:\/\/egerhaziimre.hu\/index.php\/eletrajz\/irasok-egerhazi-imrerol\/egerhazi-imre-grafikairol-imolay-lenkey-istvan-irasa\/?lang=en#breadcrumb"},"inLanguage":"hu","potentialAction":[{"@type":"ReadAction","target":["https:\/\/egerhaziimre.hu\/index.php\/eletrajz\/irasok-egerhazi-imrerol\/egerhazi-imre-grafikairol-imolay-lenkey-istvan-irasa\/?lang=en"]}]},{"@type":"BreadcrumbList","@id":"https:\/\/egerhaziimre.hu\/index.php\/eletrajz\/irasok-egerhazi-imrerol\/egerhazi-imre-grafikairol-imolay-lenkey-istvan-irasa\/?lang=en#breadcrumb","itemListElement":[{"@type":"ListItem","position":1,"name":"Home","item":"https:\/\/egerhaziimre.hu\/"},{"@type":"ListItem","position":2,"name":"\u00c9letrajz","item":"https:\/\/egerhaziimre.hu\/index.php\/eletrajz\/"},{"@type":"ListItem","position":3,"name":"Writings about Imre \u00c9gerh\u00e1zi","item":"https:\/\/egerhaziimre.hu\/index.php\/eletrajz\/irasok-egerhazi-imrerol\/?lang=en"},{"@type":"ListItem","position":4,"name":"An introduction to the drawings and paintings of Imre \u00c9gerh\u00e1zi, 1992"}]},{"@type":"WebSite","@id":"https:\/\/egerhaziimre.hu\/#website","url":"https:\/\/egerhaziimre.hu\/","name":"\u00c9gerh\u00e1zi Imre","description":"","potentialAction":[{"@type":"SearchAction","target":{"@type":"EntryPoint","urlTemplate":"https:\/\/egerhaziimre.hu\/?s={search_term_string}"},"query-input":{"@type":"PropertyValueSpecification","valueRequired":true,"valueName":"search_term_string"}}],"inLanguage":"hu"}]}},"jetpack_sharing_enabled":true,"_links":{"self":[{"href":"https:\/\/egerhaziimre.hu\/index.php\/wp-json\/wp\/v2\/pages\/10718","targetHints":{"allow":["GET"]}}],"collection":[{"href":"https:\/\/egerhaziimre.hu\/index.php\/wp-json\/wp\/v2\/pages"}],"about":[{"href":"https:\/\/egerhaziimre.hu\/index.php\/wp-json\/wp\/v2\/types\/page"}],"author":[{"embeddable":true,"href":"https:\/\/egerhaziimre.hu\/index.php\/wp-json\/wp\/v2\/users\/4"}],"replies":[{"embeddable":true,"href":"https:\/\/egerhaziimre.hu\/index.php\/wp-json\/wp\/v2\/comments?post=10718"}],"version-history":[{"count":9,"href":"https:\/\/egerhaziimre.hu\/index.php\/wp-json\/wp\/v2\/pages\/10718\/revisions"}],"predecessor-version":[{"id":10727,"href":"https:\/\/egerhaziimre.hu\/index.php\/wp-json\/wp\/v2\/pages\/10718\/revisions\/10727"}],"up":[{"embeddable":true,"href":"https:\/\/egerhaziimre.hu\/index.php\/wp-json\/wp\/v2\/pages\/10535"}],"wp:attachment":[{"href":"https:\/\/egerhaziimre.hu\/index.php\/wp-json\/wp\/v2\/media?parent=10718"}],"wp:term":[{"taxonomy":"category","embeddable":true,"href":"https:\/\/egerhaziimre.hu\/index.php\/wp-json\/wp\/v2\/categories?post=10718"},{"taxonomy":"post_tag","embeddable":true,"href":"https:\/\/egerhaziimre.hu\/index.php\/wp-json\/wp\/v2\/tags?post=10718"}],"curies":[{"name":"wp","href":"https:\/\/api.w.org\/{rel}","templated":true}]}}