{"id":1072,"date":"2019-08-05T15:40:18","date_gmt":"2019-08-05T13:40:18","guid":{"rendered":"http:\/\/egerhaziimre.magex.hu\/?page_id=1072"},"modified":"2020-09-08T16:25:22","modified_gmt":"2020-09-08T14:25:22","slug":"beres-laszlo-reszlet-egerhazi-imre-leczna-lengyelorszag-varosban-1998-junius-2-ai-onallo-kiallitasanak-megnyito-beszedebol","status":"publish","type":"page","link":"https:\/\/egerhaziimre.hu\/index.php\/dijak-elismeresek\/beres-laszlo-reszlet-egerhazi-imre-leczna-lengyelorszag-varosban-1998-junius-2-ai-onallo-kiallitasanak-megnyito-beszedebol\/","title":{"rendered":"B\u00e9res L\u00e1szl\u00f3, r\u00e9szlet \u00c9gerh\u00e1zi Imre Le\u010dzna (Lengyelorsz\u00e1g) v\u00e1rosban 1998. j\u00fanius 2-ai \u00f6n\u00e1ll\u00f3 ki\u00e1ll\u00edt\u00e1s\u00e1nak megnyit\u00f3 besz\u00e9d\u00e9b\u0151l"},"content":{"rendered":"<div class=\"wpb-content-wrapper\">\r\n<blockquote class=\"wp-block-quote is-layout-flow wp-block-quote-is-layout-flow\"><p>&#8222;&#8230;Sut\u00e1nius: Arteem quaevis allit terra. Magyarra ford\u00edtva: a m\u0171v\u00e9szetet az eg\u00e9sz f\u00f6ld\u00f6n megbecs\u00fclik, vagy szabadon; a m\u0171v\u00e9sz haz\u00e1ja a nagyvil\u00e1g.<br>\u00c9gerh\u00e1zi Imre fest\u0151m\u0171v\u00e9sz 1960. \u00e9vi els\u0151 jelent\u0151sebb ki\u00e1ll\u00edt\u00e1sa (Debrecen) \u00f3ta nagy utat tett meg. A Hortob\u00e1gyi Alkot\u00f3t\u00e1bor vezet\u0151jek\u00e9nt Franciaorsz\u00e1gt\u00f3l &#8211; Jap\u00e1nig, Finnorsz\u00e1gt\u00f3l &#8211; Amerik\u00e1ig megismert\u00e9k eredeti karakter\u0171 m\u0171v\u00e9szet\u00e9t, melyre a kiegyens\u00falyozotts\u00e1g, a nyugalom \u00e9s az emberi hum\u00e1num a jellemz\u0151. Alkot\u00e1sai a sz\u00fcl\u0151f\u00f6ldh\u00f6z, a Hajd\u00fas\u00e1ghoz \u00e9s a leg\u0151sibb magyar eszmeis\u00e9g\u00e9t \u00e9s \u00e9rzelemvil\u00e1g\u00e1t t\u00fckr\u00f6zik. Nem csak a magyar kult\u00far\u00e1val \u00e9s t\u00f6rt\u00e9nelemmel azonosul teljes m\u00e9rt\u00e9kben (Hajd\u00fak I. 1987 \u00e9vben k\u00e9sz\u00fclt 600 x 185 cm, Hajd\u00fak II. 1993 \u00e9vben k\u00e9sz\u00fclt 275 x 410 cm-es pann\u00f3ja, \u00e9s Magyar mond\u00e1k, legend\u00e1k 1997-ben k\u00e9sz\u00fclt 207 x 265 cm-es pann\u00f3ja) hanem m\u00e1s nemzetek kult\u00far\u00e1j\u00e1t \u00e9s t\u00f6rt\u00e9nelm\u00e9t is kiv\u00e1l\u00f3an ismeri. Az ut\u00f3bbi \u00e9vek legnagyobb m\u00e9ret\u0171 (600 x 400 cm-es pann\u00f3ja) munk\u00e1j\u00e1t Franciaorsz\u00e1gban Vervins v\u00e1ros sz\u00e1m\u00e1ra k\u00e9sz\u00edtette, melyen az 1598-as francia-spanyol b\u00e9kek\u00f6t\u00e9st \u00f6r\u00f6k\u00edtette meg.<br>Az alkot\u00e1s a v\u00e1ros Kultur\u00e1lis K\u00f6zpontj\u00e1t \u00e9kes\u00edti.&#8221;<br>&#8222;&#8230;Most pedig itt az \u00d6n\u00f6k v\u00e1ros\u00e1ban mutatkozik be a Testv\u00e9r-v\u00e1rosi Kapcsolat kultur\u00e1lis rendezv\u00e9ny\u00e9nek keret\u00e9ben 32 db. k\u00e9p\u00e9vel&#8230;&#8221;<\/p><cite>B\u00e9res L\u00e1szl\u00f3<br>R\u00e9szlet \u00c9gerh\u00e1zi Imre Le\u010dzna (Lengyelorsz\u00e1g) v\u00e1rosban<br>1998. j\u00fanius 2-ai \u00f6n\u00e1ll\u00f3 ki\u00e1ll\u00edt\u00e1s\u00e1nak megnyit\u00f3 besz\u00e9d\u00e9b\u0151l.<\/cite><\/blockquote>\r\n<\/div>","protected":false},"excerpt":{"rendered":"<p>&#8222;&#8230;Sut\u00e1nius: Arteem quaevis allit terra. Magyarra ford\u00edtva: a m\u0171v\u00e9szetet az eg\u00e9sz f\u00f6ld\u00f6n megbecs\u00fclik, vagy szabadon; a m\u0171v\u00e9sz haz\u00e1ja a nagyvil\u00e1g.\u00c9gerh\u00e1zi Imre fest\u0151m\u0171v\u00e9sz 1960. \u00e9vi els\u0151 jelent\u0151sebb ki\u00e1ll\u00edt\u00e1sa (Debrecen) \u00f3ta nagy utat tett meg. A Hortob\u00e1gyi Alkot\u00f3t\u00e1bor vezet\u0151jek\u00e9nt Franciaorsz\u00e1gt\u00f3l &#8211; Jap\u00e1nig, Finnorsz\u00e1gt\u00f3l &#8211; Amerik\u00e1ig megismert\u00e9k eredeti karakter\u0171 m\u0171v\u00e9szet\u00e9t, melyre a kiegyens\u00falyozotts\u00e1g, a nyugalom \u00e9s az emberi hum\u00e1num a jellemz\u0151. Alkot\u00e1sai a [&hellip;]<\/p>\n","protected":false},"author":4,"featured_media":0,"parent":31,"menu_order":0,"comment_status":"closed","ping_status":"closed","template":"","meta":{"footnotes":""},"categories":[84],"tags":[37],"class_list":["post-1072","page","type-page","status-publish","hentry","category-kritikak_meltatasok","tag-37"],"yoast_head":"<!-- This site is optimized with the Yoast SEO plugin v27.3 - https:\/\/yoast.com\/product\/yoast-seo-wordpress\/ -->\n<title>B\u00e9res L\u00e1szl\u00f3, r\u00e9szlet \u00c9gerh\u00e1zi Imre Le\u010dzna (Lengyelorsz\u00e1g) v\u00e1rosban 1998. j\u00fanius 2-ai \u00f6n\u00e1ll\u00f3 ki\u00e1ll\u00edt\u00e1s\u00e1nak megnyit\u00f3 besz\u00e9d\u00e9b\u0151l - \u00c9gerh\u00e1zi Imre<\/title>\n<meta name=\"robots\" content=\"index, follow, max-snippet:-1, max-image-preview:large, max-video-preview:-1\" \/>\n<link rel=\"canonical\" href=\"https:\/\/egerhaziimre.hu\/index.php\/dijak-elismeresek\/beres-laszlo-reszlet-egerhazi-imre-leczna-lengyelorszag-varosban-1998-junius-2-ai-onallo-kiallitasanak-megnyito-beszedebol\/?lang=en\" \/>\n<meta property=\"og:locale\" content=\"hu_HU\" \/>\n<meta property=\"og:type\" content=\"article\" \/>\n<meta property=\"og:title\" content=\"B\u00e9res L\u00e1szl\u00f3, r\u00e9szlet \u00c9gerh\u00e1zi Imre Le\u010dzna (Lengyelorsz\u00e1g) v\u00e1rosban 1998. j\u00fanius 2-ai \u00f6n\u00e1ll\u00f3 ki\u00e1ll\u00edt\u00e1s\u00e1nak megnyit\u00f3 besz\u00e9d\u00e9b\u0151l - \u00c9gerh\u00e1zi Imre\" \/>\n<meta property=\"og:description\" content=\"&#8222;&#8230;Sut\u00e1nius: Arteem quaevis allit terra. Magyarra ford\u00edtva: a m\u0171v\u00e9szetet az eg\u00e9sz f\u00f6ld\u00f6n megbecs\u00fclik, vagy szabadon; a m\u0171v\u00e9sz haz\u00e1ja a nagyvil\u00e1g.\u00c9gerh\u00e1zi Imre fest\u0151m\u0171v\u00e9sz 1960. \u00e9vi els\u0151 jelent\u0151sebb ki\u00e1ll\u00edt\u00e1sa (Debrecen) \u00f3ta nagy utat tett meg. A Hortob\u00e1gyi Alkot\u00f3t\u00e1bor vezet\u0151jek\u00e9nt Franciaorsz\u00e1gt\u00f3l &#8211; Jap\u00e1nig, Finnorsz\u00e1gt\u00f3l &#8211; Amerik\u00e1ig megismert\u00e9k eredeti karakter\u0171 m\u0171v\u00e9szet\u00e9t, melyre a kiegyens\u00falyozotts\u00e1g, a nyugalom \u00e9s az emberi hum\u00e1num a jellemz\u0151. Alkot\u00e1sai a [&hellip;]\" \/>\n<meta property=\"og:url\" content=\"https:\/\/egerhaziimre.hu\/index.php\/dijak-elismeresek\/beres-laszlo-reszlet-egerhazi-imre-leczna-lengyelorszag-varosban-1998-junius-2-ai-onallo-kiallitasanak-megnyito-beszedebol\/?lang=en\" \/>\n<meta property=\"og:site_name\" content=\"\u00c9gerh\u00e1zi Imre\" \/>\n<meta property=\"article:modified_time\" content=\"2020-09-08T14:25:22+00:00\" \/>\n<meta name=\"twitter:card\" content=\"summary_large_image\" \/>\n<meta name=\"twitter:label1\" content=\"Becs\u00fclt olvas\u00e1si id\u0151\" \/>\n\t<meta name=\"twitter:data1\" content=\"3 perc\" \/>\n<script type=\"application\/ld+json\" class=\"yoast-schema-graph\">{\"@context\":\"https:\\\/\\\/schema.org\",\"@graph\":[{\"@type\":\"WebPage\",\"@id\":\"https:\\\/\\\/egerhaziimre.hu\\\/index.php\\\/dijak-elismeresek\\\/beres-laszlo-reszlet-egerhazi-imre-leczna-lengyelorszag-varosban-1998-junius-2-ai-onallo-kiallitasanak-megnyito-beszedebol\\\/?lang=en\",\"url\":\"https:\\\/\\\/egerhaziimre.hu\\\/index.php\\\/dijak-elismeresek\\\/beres-laszlo-reszlet-egerhazi-imre-leczna-lengyelorszag-varosban-1998-junius-2-ai-onallo-kiallitasanak-megnyito-beszedebol\\\/?lang=en\",\"name\":\"B\u00e9res L\u00e1szl\u00f3, r\u00e9szlet \u00c9gerh\u00e1zi Imre Le\u010dzna (Lengyelorsz\u00e1g) v\u00e1rosban 1998. j\u00fanius 2-ai \u00f6n\u00e1ll\u00f3 ki\u00e1ll\u00edt\u00e1s\u00e1nak megnyit\u00f3 besz\u00e9d\u00e9b\u0151l - \u00c9gerh\u00e1zi Imre\",\"isPartOf\":{\"@id\":\"https:\\\/\\\/egerhaziimre.hu\\\/#website\"},\"datePublished\":\"2019-08-05T13:40:18+00:00\",\"dateModified\":\"2020-09-08T14:25:22+00:00\",\"breadcrumb\":{\"@id\":\"https:\\\/\\\/egerhaziimre.hu\\\/index.php\\\/dijak-elismeresek\\\/beres-laszlo-reszlet-egerhazi-imre-leczna-lengyelorszag-varosban-1998-junius-2-ai-onallo-kiallitasanak-megnyito-beszedebol\\\/?lang=en#breadcrumb\"},\"inLanguage\":\"hu\",\"potentialAction\":[{\"@type\":\"ReadAction\",\"target\":[\"https:\\\/\\\/egerhaziimre.hu\\\/index.php\\\/dijak-elismeresek\\\/beres-laszlo-reszlet-egerhazi-imre-leczna-lengyelorszag-varosban-1998-junius-2-ai-onallo-kiallitasanak-megnyito-beszedebol\\\/?lang=en\"]}]},{\"@type\":\"BreadcrumbList\",\"@id\":\"https:\\\/\\\/egerhaziimre.hu\\\/index.php\\\/dijak-elismeresek\\\/beres-laszlo-reszlet-egerhazi-imre-leczna-lengyelorszag-varosban-1998-junius-2-ai-onallo-kiallitasanak-megnyito-beszedebol\\\/?lang=en#breadcrumb\",\"itemListElement\":[{\"@type\":\"ListItem\",\"position\":1,\"name\":\"Home\",\"item\":\"https:\\\/\\\/egerhaziimre.hu\\\/\"},{\"@type\":\"ListItem\",\"position\":2,\"name\":\"Awards, recognitions\",\"item\":\"https:\\\/\\\/egerhaziimre.hu\\\/index.php\\\/dijak-elismeresek\\\/?lang=en\"},{\"@type\":\"ListItem\",\"position\":3,\"name\":\"Opening speech at the exhibition in Le\u010dzna (Poland) 2nd June 1998 by L\u00e1szl\u00f3 B\u00e9res\"}]},{\"@type\":\"WebSite\",\"@id\":\"https:\\\/\\\/egerhaziimre.hu\\\/#website\",\"url\":\"https:\\\/\\\/egerhaziimre.hu\\\/\",\"name\":\"\u00c9gerh\u00e1zi Imre\",\"description\":\"\",\"potentialAction\":[{\"@type\":\"SearchAction\",\"target\":{\"@type\":\"EntryPoint\",\"urlTemplate\":\"https:\\\/\\\/egerhaziimre.hu\\\/?s={search_term_string}\"},\"query-input\":{\"@type\":\"PropertyValueSpecification\",\"valueRequired\":true,\"valueName\":\"search_term_string\"}}],\"inLanguage\":\"hu\"}]}<\/script>\n<!-- \/ Yoast SEO plugin. -->","yoast_head_json":{"title":"B\u00e9res L\u00e1szl\u00f3, r\u00e9szlet \u00c9gerh\u00e1zi Imre Le\u010dzna (Lengyelorsz\u00e1g) v\u00e1rosban 1998. j\u00fanius 2-ai \u00f6n\u00e1ll\u00f3 ki\u00e1ll\u00edt\u00e1s\u00e1nak megnyit\u00f3 besz\u00e9d\u00e9b\u0151l - \u00c9gerh\u00e1zi Imre","robots":{"index":"index","follow":"follow","max-snippet":"max-snippet:-1","max-image-preview":"max-image-preview:large","max-video-preview":"max-video-preview:-1"},"canonical":"https:\/\/egerhaziimre.hu\/index.php\/dijak-elismeresek\/beres-laszlo-reszlet-egerhazi-imre-leczna-lengyelorszag-varosban-1998-junius-2-ai-onallo-kiallitasanak-megnyito-beszedebol\/?lang=en","og_locale":"hu_HU","og_type":"article","og_title":"B\u00e9res L\u00e1szl\u00f3, r\u00e9szlet \u00c9gerh\u00e1zi Imre Le\u010dzna (Lengyelorsz\u00e1g) v\u00e1rosban 1998. j\u00fanius 2-ai \u00f6n\u00e1ll\u00f3 ki\u00e1ll\u00edt\u00e1s\u00e1nak megnyit\u00f3 besz\u00e9d\u00e9b\u0151l - \u00c9gerh\u00e1zi Imre","og_description":"&#8222;&#8230;Sut\u00e1nius: Arteem quaevis allit terra. Magyarra ford\u00edtva: a m\u0171v\u00e9szetet az eg\u00e9sz f\u00f6ld\u00f6n megbecs\u00fclik, vagy szabadon; a m\u0171v\u00e9sz haz\u00e1ja a nagyvil\u00e1g.\u00c9gerh\u00e1zi Imre fest\u0151m\u0171v\u00e9sz 1960. \u00e9vi els\u0151 jelent\u0151sebb ki\u00e1ll\u00edt\u00e1sa (Debrecen) \u00f3ta nagy utat tett meg. A Hortob\u00e1gyi Alkot\u00f3t\u00e1bor vezet\u0151jek\u00e9nt Franciaorsz\u00e1gt\u00f3l &#8211; Jap\u00e1nig, Finnorsz\u00e1gt\u00f3l &#8211; Amerik\u00e1ig megismert\u00e9k eredeti karakter\u0171 m\u0171v\u00e9szet\u00e9t, melyre a kiegyens\u00falyozotts\u00e1g, a nyugalom \u00e9s az emberi hum\u00e1num a jellemz\u0151. Alkot\u00e1sai a [&hellip;]","og_url":"https:\/\/egerhaziimre.hu\/index.php\/dijak-elismeresek\/beres-laszlo-reszlet-egerhazi-imre-leczna-lengyelorszag-varosban-1998-junius-2-ai-onallo-kiallitasanak-megnyito-beszedebol\/?lang=en","og_site_name":"\u00c9gerh\u00e1zi Imre","article_modified_time":"2020-09-08T14:25:22+00:00","twitter_card":"summary_large_image","twitter_misc":{"Becs\u00fclt olvas\u00e1si id\u0151":"3 perc"},"schema":{"@context":"https:\/\/schema.org","@graph":[{"@type":"WebPage","@id":"https:\/\/egerhaziimre.hu\/index.php\/dijak-elismeresek\/beres-laszlo-reszlet-egerhazi-imre-leczna-lengyelorszag-varosban-1998-junius-2-ai-onallo-kiallitasanak-megnyito-beszedebol\/?lang=en","url":"https:\/\/egerhaziimre.hu\/index.php\/dijak-elismeresek\/beres-laszlo-reszlet-egerhazi-imre-leczna-lengyelorszag-varosban-1998-junius-2-ai-onallo-kiallitasanak-megnyito-beszedebol\/?lang=en","name":"B\u00e9res L\u00e1szl\u00f3, r\u00e9szlet \u00c9gerh\u00e1zi Imre Le\u010dzna (Lengyelorsz\u00e1g) v\u00e1rosban 1998. j\u00fanius 2-ai \u00f6n\u00e1ll\u00f3 ki\u00e1ll\u00edt\u00e1s\u00e1nak megnyit\u00f3 besz\u00e9d\u00e9b\u0151l - \u00c9gerh\u00e1zi Imre","isPartOf":{"@id":"https:\/\/egerhaziimre.hu\/#website"},"datePublished":"2019-08-05T13:40:18+00:00","dateModified":"2020-09-08T14:25:22+00:00","breadcrumb":{"@id":"https:\/\/egerhaziimre.hu\/index.php\/dijak-elismeresek\/beres-laszlo-reszlet-egerhazi-imre-leczna-lengyelorszag-varosban-1998-junius-2-ai-onallo-kiallitasanak-megnyito-beszedebol\/?lang=en#breadcrumb"},"inLanguage":"hu","potentialAction":[{"@type":"ReadAction","target":["https:\/\/egerhaziimre.hu\/index.php\/dijak-elismeresek\/beres-laszlo-reszlet-egerhazi-imre-leczna-lengyelorszag-varosban-1998-junius-2-ai-onallo-kiallitasanak-megnyito-beszedebol\/?lang=en"]}]},{"@type":"BreadcrumbList","@id":"https:\/\/egerhaziimre.hu\/index.php\/dijak-elismeresek\/beres-laszlo-reszlet-egerhazi-imre-leczna-lengyelorszag-varosban-1998-junius-2-ai-onallo-kiallitasanak-megnyito-beszedebol\/?lang=en#breadcrumb","itemListElement":[{"@type":"ListItem","position":1,"name":"Home","item":"https:\/\/egerhaziimre.hu\/"},{"@type":"ListItem","position":2,"name":"Awards, recognitions","item":"https:\/\/egerhaziimre.hu\/index.php\/dijak-elismeresek\/?lang=en"},{"@type":"ListItem","position":3,"name":"Opening speech at the exhibition in Le\u010dzna (Poland) 2nd June 1998 by L\u00e1szl\u00f3 B\u00e9res"}]},{"@type":"WebSite","@id":"https:\/\/egerhaziimre.hu\/#website","url":"https:\/\/egerhaziimre.hu\/","name":"\u00c9gerh\u00e1zi Imre","description":"","potentialAction":[{"@type":"SearchAction","target":{"@type":"EntryPoint","urlTemplate":"https:\/\/egerhaziimre.hu\/?s={search_term_string}"},"query-input":{"@type":"PropertyValueSpecification","valueRequired":true,"valueName":"search_term_string"}}],"inLanguage":"hu"}]}},"jetpack_sharing_enabled":true,"_links":{"self":[{"href":"https:\/\/egerhaziimre.hu\/index.php\/wp-json\/wp\/v2\/pages\/1072","targetHints":{"allow":["GET"]}}],"collection":[{"href":"https:\/\/egerhaziimre.hu\/index.php\/wp-json\/wp\/v2\/pages"}],"about":[{"href":"https:\/\/egerhaziimre.hu\/index.php\/wp-json\/wp\/v2\/types\/page"}],"author":[{"embeddable":true,"href":"https:\/\/egerhaziimre.hu\/index.php\/wp-json\/wp\/v2\/users\/4"}],"replies":[{"embeddable":true,"href":"https:\/\/egerhaziimre.hu\/index.php\/wp-json\/wp\/v2\/comments?post=1072"}],"version-history":[{"count":3,"href":"https:\/\/egerhaziimre.hu\/index.php\/wp-json\/wp\/v2\/pages\/1072\/revisions"}],"predecessor-version":[{"id":9305,"href":"https:\/\/egerhaziimre.hu\/index.php\/wp-json\/wp\/v2\/pages\/1072\/revisions\/9305"}],"up":[{"embeddable":true,"href":"https:\/\/egerhaziimre.hu\/index.php\/wp-json\/wp\/v2\/pages\/31"}],"wp:attachment":[{"href":"https:\/\/egerhaziimre.hu\/index.php\/wp-json\/wp\/v2\/media?parent=1072"}],"wp:term":[{"taxonomy":"category","embeddable":true,"href":"https:\/\/egerhaziimre.hu\/index.php\/wp-json\/wp\/v2\/categories?post=1072"},{"taxonomy":"post_tag","embeddable":true,"href":"https:\/\/egerhaziimre.hu\/index.php\/wp-json\/wp\/v2\/tags?post=1072"}],"curies":[{"name":"wp","href":"https:\/\/api.w.org\/{rel}","templated":true}]}}