{"id":10728,"date":"1992-10-09T15:58:41","date_gmt":"1992-10-09T14:58:41","guid":{"rendered":"https:\/\/egerhaziimre.hu\/?page_id=10728"},"modified":"2021-05-06T17:50:01","modified_gmt":"2021-05-06T15:50:01","slug":"linometszetek-egerhazi-imre-irasa-a-agrafikai-konyvhoz-1992","status":"publish","type":"page","link":"https:\/\/egerhaziimre.hu\/index.php\/eletrajz\/irasok-egerhazi-imrerol\/linometszetek-egerhazi-imre-irasa-a-agrafikai-konyvhoz-1992\/","title":{"rendered":"Lin\u00f3metszetek, \u00c9gerh\u00e1zi Imre \u00edr\u00e1sa a grafikai k\u00f6nyvh\u00f6z , 1992"},"content":{"rendered":"<div class=\"wpb-content-wrapper\">[vc_row][vc_column][vc_column_text]A metsz\u00e9s minden cs\u00ednj\u00e1t-b\u00ednj\u00e1t mesteremt\u0151l, Menyh\u00e1rt J\u00f3zseft\u0151l tanultam, aki igen nagy szeretettel \u00e9s sz\u00edvesen oktatott a lin\u00f3- \u00e9s fametsz\u00e9sre, monot\u00edpi\u00e1val, r\u00e9zkarccal vegyes technik\u00e1val k\u00e9sz\u00edtett k\u00e9pek csin\u00e1l\u00e1s\u00e1ra. Els\u0151 v\u00e9s\u0151imet az \u0151 tan\u00e1cs\u00e1ra, \u2013 hogy olcs\u00f3bb legyen \u2013 eserny\u0151dr\u00f3tb\u00f3l csin\u00e1ltam \u00e9s ezeket haszn\u00e1laton k\u00edv\u00fcli b\u00e9lyegz\u0151k fog\u00f3iba helyeztem. Hogy az ujjamat v\u00e9djem, a v\u00e9s\u0151 dr\u00f3tj\u00e1ra kis gumics\u00f6vet h\u00faztam.<br \/>\nK\u00e9s\u0151bb jobb szersz\u00e1mokhoz is hozz\u00e1jutottam, de a r\u00e9gieket m\u00e9g ma is haszn\u00e1lom. Legink\u00e1bb a lin\u00f3leumba (PVC-be) val\u00f3 metsz\u00e9st szerettem. Eleinte nagy foltokat v\u00e1gtam ki az anyagb\u00f3l, csak a feh\u00e9r-fekete foltokra \u00e9p\u00edtettem, k\u00e9s\u0151bb r\u00e9szlet \u00e9s t\u00f3nusgazdagabb\u00e1 tettem a metszeteket.<br \/>\nKi\u00e1ll\u00edt\u00e1son kev\u00e9s alkalommal jelentkeztem metszeteimmel.<br \/>\nJelent\u0151sebb a miskolci III. Grafikai Bienn\u00e1l\u00e9 \u00e9s a lengyelorsz\u00e1gi (Maidenek) nemzetk\u00f6zi grafikai ki\u00e1ll\u00edt\u00e1s volt. Menyh\u00e1rt J\u00f3zsef mellett Zs\u00f6g\u00f6di Nagy Imre szavai voltak, amelyek a metsz\u00e9ssel val\u00f3 foglalkoz\u00e1sra legink\u00e1bb \u00f6szt\u00f6n\u00f6ztek. Egy alkalommal az elhagy\u00e1sr\u00f3l (absztrah\u00e1l\u00e1sr\u00f3l) volt sz\u00f3, amikor Nagy Imre a k\u00f6vetkez\u0151ket mondta: \u201e\u2026tedd \u00e1t (l\u00e1tv\u00e1nyt) f\u00e1ba vagy lin\u00f3ba, s megl\u00e1tod minden felesleges r\u00e9szlet egyszer\u0171en mag\u00e1t\u00f3l elmarad\u2026\u201d Meggy\u0151z\u0151d\u00e9sem, hogy a szerkeszt\u00e9s \u00e9s az \u00f6sszegz\u00e9s miatt minden fest\u0151nek haszn\u00e1ra v\u00e1lik, ha n\u00e9ha \u201efeh\u00e9r-feket\u00e9ben\u201d is gondolkozik.<\/p>\n<p>\u00c9gerh\u00e1zi Imre<br \/>\n\u00c9gerh\u00e1zi Imre Grafik\u00e1i, 1992.[\/vc_column_text][vc_separator][vc_row_inner][vc_column_inner width=&#8221;1\/3&#8243;][vc_column_text]\n<p style=\"text-align: center;\"><b>Sumen<\/b><br \/>\nlin\u00f3metszet, pap\u00edr, 23&#215;31 cm<br \/>\n1982<\/p>\n[\/vc_column_text][vc_single_image image=&#8221;3921&#8243; img_size=&#8221;large&#8221; alignment=&#8221;center&#8221; style=&#8221;xtd-shadow&#8211;normal-light&#8221; onclick=&#8221;link_image&#8221;][\/vc_column_inner][vc_column_inner width=&#8221;1\/3&#8243;][vc_column_text]\n<p style=\"text-align: center;\"><b>Mad\u00e1r I.<\/b><br \/>\nlin\u00f3metszet, pap\u00edr, 11&#215;10 cm<br \/>\n1978<\/p>\n[\/vc_column_text][vc_single_image image=&#8221;4695&#8243; img_size=&#8221;large&#8221; alignment=&#8221;center&#8221; style=&#8221;xtd-shadow&#8211;normal-light&#8221; onclick=&#8221;link_image&#8221;][\/vc_column_inner][vc_column_inner width=&#8221;1\/3&#8243;][vc_column_text]\n<p style=\"text-align: center;\"><b>Gyimesi t\u00e1j<\/b><br \/>\nlin\u00f3metszet, pap\u00edr, 22,5&#215;18,5 cm<br \/>\n1981<\/p>\n[\/vc_column_text][vc_single_image image=&#8221;4850&#8243; img_size=&#8221;large&#8221; alignment=&#8221;center&#8221; style=&#8221;xtd-shadow&#8211;normal-light&#8221; onclick=&#8221;link_image&#8221;][\/vc_column_inner][\/vc_row_inner][\/vc_column][\/vc_row]\n<\/div>","protected":false},"excerpt":{"rendered":"<p>[vc_row][vc_column][vc_column_text]A metsz\u00e9s minden cs\u00ednj\u00e1t-b\u00ednj\u00e1t mesteremt\u0151l, Menyh\u00e1rt J\u00f3zseft\u0151l tanultam, aki igen nagy szeretettel \u00e9s sz\u00edvesen oktatott a lin\u00f3- \u00e9s fametsz\u00e9sre, monot\u00edpi\u00e1val, r\u00e9zkarccal vegyes technik\u00e1val k\u00e9sz\u00edtett k\u00e9pek csin\u00e1l\u00e1s\u00e1ra. Els\u0151 v\u00e9s\u0151imet az \u0151 tan\u00e1cs\u00e1ra, \u2013 hogy olcs\u00f3bb legyen \u2013 eserny\u0151dr\u00f3tb\u00f3l csin\u00e1ltam \u00e9s ezeket haszn\u00e1laton k\u00edv\u00fcli b\u00e9lyegz\u0151k fog\u00f3iba helyeztem. Hogy az ujjamat v\u00e9djem, a v\u00e9s\u0151 dr\u00f3tj\u00e1ra kis gumics\u00f6vet h\u00faztam. K\u00e9s\u0151bb jobb szersz\u00e1mokhoz is hozz\u00e1jutottam, [&hellip;]<\/p>\n","protected":false},"author":4,"featured_media":3921,"parent":10535,"menu_order":0,"comment_status":"closed","ping_status":"closed","template":"","meta":{"footnotes":""},"categories":[126],"tags":[70],"class_list":["post-10728","page","type-page","status-publish","has-post-thumbnail","hentry","category-irasok_egerhazi_imretol","tag-70"],"yoast_head":"<!-- This site is optimized with the Yoast SEO plugin v27.3 - https:\/\/yoast.com\/product\/yoast-seo-wordpress\/ -->\n<title>Lin\u00f3metszetek, \u00c9gerh\u00e1zi Imre \u00edr\u00e1sa a grafikai k\u00f6nyvh\u00f6z , 1992 - \u00c9gerh\u00e1zi Imre<\/title>\n<meta name=\"robots\" content=\"index, follow, max-snippet:-1, max-image-preview:large, max-video-preview:-1\" \/>\n<link rel=\"canonical\" href=\"https:\/\/egerhaziimre.hu\/index.php\/eletrajz\/irasok-egerhazi-imrerol\/linometszetek-egerhazi-imre-irasa-a-agrafikai-konyvhoz-1992\/?lang=en\" \/>\n<meta property=\"og:locale\" content=\"hu_HU\" \/>\n<meta property=\"og:type\" content=\"article\" \/>\n<meta property=\"og:title\" content=\"Lin\u00f3metszetek, \u00c9gerh\u00e1zi Imre \u00edr\u00e1sa a grafikai k\u00f6nyvh\u00f6z , 1992 - \u00c9gerh\u00e1zi Imre\" \/>\n<meta property=\"og:description\" content=\"[vc_row][vc_column][vc_column_text]A metsz\u00e9s minden cs\u00ednj\u00e1t-b\u00ednj\u00e1t mesteremt\u0151l, Menyh\u00e1rt J\u00f3zseft\u0151l tanultam, aki igen nagy szeretettel \u00e9s sz\u00edvesen oktatott a lin\u00f3- \u00e9s fametsz\u00e9sre, monot\u00edpi\u00e1val, r\u00e9zkarccal vegyes technik\u00e1val k\u00e9sz\u00edtett k\u00e9pek csin\u00e1l\u00e1s\u00e1ra. Els\u0151 v\u00e9s\u0151imet az \u0151 tan\u00e1cs\u00e1ra, \u2013 hogy olcs\u00f3bb legyen \u2013 eserny\u0151dr\u00f3tb\u00f3l csin\u00e1ltam \u00e9s ezeket haszn\u00e1laton k\u00edv\u00fcli b\u00e9lyegz\u0151k fog\u00f3iba helyeztem. Hogy az ujjamat v\u00e9djem, a v\u00e9s\u0151 dr\u00f3tj\u00e1ra kis gumics\u00f6vet h\u00faztam. K\u00e9s\u0151bb jobb szersz\u00e1mokhoz is hozz\u00e1jutottam, [&hellip;]\" \/>\n<meta property=\"og:url\" content=\"https:\/\/egerhaziimre.hu\/index.php\/eletrajz\/irasok-egerhazi-imrerol\/linometszetek-egerhazi-imre-irasa-a-agrafikai-konyvhoz-1992\/?lang=en\" \/>\n<meta property=\"og:site_name\" content=\"\u00c9gerh\u00e1zi Imre\" \/>\n<meta property=\"article:modified_time\" content=\"2021-05-06T15:50:01+00:00\" \/>\n<meta property=\"og:image\" content=\"https:\/\/egerhaziimre.hu\/wp-content\/uploads\/kepek\/129.jpg\" \/>\n\t<meta property=\"og:image:width\" content=\"2000\" \/>\n\t<meta property=\"og:image:height\" content=\"1500\" \/>\n\t<meta property=\"og:image:type\" content=\"image\/jpeg\" \/>\n<meta name=\"twitter:card\" content=\"summary_large_image\" \/>\n<meta name=\"twitter:image\" content=\"https:\/\/egerhaziimre.hu\/wp-content\/uploads\/kepek\/129.jpg\" \/>\n<meta name=\"twitter:label1\" content=\"Becs\u00fclt olvas\u00e1si id\u0151\" \/>\n\t<meta name=\"twitter:data1\" content=\"2 perc\" \/>\n<script type=\"application\/ld+json\" class=\"yoast-schema-graph\">{\"@context\":\"https:\\\/\\\/schema.org\",\"@graph\":[{\"@type\":\"WebPage\",\"@id\":\"https:\\\/\\\/egerhaziimre.hu\\\/index.php\\\/eletrajz\\\/irasok-egerhazi-imrerol\\\/linometszetek-egerhazi-imre-irasa-a-agrafikai-konyvhoz-1992\\\/?lang=en\",\"url\":\"https:\\\/\\\/egerhaziimre.hu\\\/index.php\\\/eletrajz\\\/irasok-egerhazi-imrerol\\\/linometszetek-egerhazi-imre-irasa-a-agrafikai-konyvhoz-1992\\\/?lang=en\",\"name\":\"Lin\u00f3metszetek, \u00c9gerh\u00e1zi Imre \u00edr\u00e1sa a grafikai k\u00f6nyvh\u00f6z , 1992 - \u00c9gerh\u00e1zi Imre\",\"isPartOf\":{\"@id\":\"https:\\\/\\\/egerhaziimre.hu\\\/#website\"},\"primaryImageOfPage\":{\"@id\":\"https:\\\/\\\/egerhaziimre.hu\\\/index.php\\\/eletrajz\\\/irasok-egerhazi-imrerol\\\/linometszetek-egerhazi-imre-irasa-a-agrafikai-konyvhoz-1992\\\/?lang=en#primaryimage\"},\"image\":{\"@id\":\"https:\\\/\\\/egerhaziimre.hu\\\/index.php\\\/eletrajz\\\/irasok-egerhazi-imrerol\\\/linometszetek-egerhazi-imre-irasa-a-agrafikai-konyvhoz-1992\\\/?lang=en#primaryimage\"},\"thumbnailUrl\":\"https:\\\/\\\/egerhaziimre.hu\\\/wp-content\\\/uploads\\\/kepek\\\/129.jpg\",\"datePublished\":\"1992-10-09T14:58:41+00:00\",\"dateModified\":\"2021-05-06T15:50:01+00:00\",\"breadcrumb\":{\"@id\":\"https:\\\/\\\/egerhaziimre.hu\\\/index.php\\\/eletrajz\\\/irasok-egerhazi-imrerol\\\/linometszetek-egerhazi-imre-irasa-a-agrafikai-konyvhoz-1992\\\/?lang=en#breadcrumb\"},\"inLanguage\":\"hu\",\"potentialAction\":[{\"@type\":\"ReadAction\",\"target\":[\"https:\\\/\\\/egerhaziimre.hu\\\/index.php\\\/eletrajz\\\/irasok-egerhazi-imrerol\\\/linometszetek-egerhazi-imre-irasa-a-agrafikai-konyvhoz-1992\\\/?lang=en\"]}]},{\"@type\":\"ImageObject\",\"inLanguage\":\"hu\",\"@id\":\"https:\\\/\\\/egerhaziimre.hu\\\/index.php\\\/eletrajz\\\/irasok-egerhazi-imrerol\\\/linometszetek-egerhazi-imre-irasa-a-agrafikai-konyvhoz-1992\\\/?lang=en#primaryimage\",\"url\":\"https:\\\/\\\/egerhaziimre.hu\\\/wp-content\\\/uploads\\\/kepek\\\/129.jpg\",\"contentUrl\":\"https:\\\/\\\/egerhaziimre.hu\\\/wp-content\\\/uploads\\\/kepek\\\/129.jpg\",\"width\":2000,\"height\":1500,\"caption\":\"pap\u00edr, lin\u00f3metszet, 23x31 1982\"},{\"@type\":\"BreadcrumbList\",\"@id\":\"https:\\\/\\\/egerhaziimre.hu\\\/index.php\\\/eletrajz\\\/irasok-egerhazi-imrerol\\\/linometszetek-egerhazi-imre-irasa-a-agrafikai-konyvhoz-1992\\\/?lang=en#breadcrumb\",\"itemListElement\":[{\"@type\":\"ListItem\",\"position\":1,\"name\":\"Home\",\"item\":\"https:\\\/\\\/egerhaziimre.hu\\\/\"},{\"@type\":\"ListItem\",\"position\":2,\"name\":\"\u00c9letrajz\",\"item\":\"https:\\\/\\\/egerhaziimre.hu\\\/index.php\\\/eletrajz\\\/\"},{\"@type\":\"ListItem\",\"position\":3,\"name\":\"Writings about Imre \u00c9gerh\u00e1zi\",\"item\":\"https:\\\/\\\/egerhaziimre.hu\\\/index.php\\\/eletrajz\\\/irasok-egerhazi-imrerol\\\/?lang=en\"},{\"@type\":\"ListItem\",\"position\":4,\"name\":\"LINOCUTS, BY IMRE \u00c9GERH\u00c1ZI FOR THE BOOK ON GRAPHICS, 1992\"}]},{\"@type\":\"WebSite\",\"@id\":\"https:\\\/\\\/egerhaziimre.hu\\\/#website\",\"url\":\"https:\\\/\\\/egerhaziimre.hu\\\/\",\"name\":\"\u00c9gerh\u00e1zi Imre\",\"description\":\"\",\"potentialAction\":[{\"@type\":\"SearchAction\",\"target\":{\"@type\":\"EntryPoint\",\"urlTemplate\":\"https:\\\/\\\/egerhaziimre.hu\\\/?s={search_term_string}\"},\"query-input\":{\"@type\":\"PropertyValueSpecification\",\"valueRequired\":true,\"valueName\":\"search_term_string\"}}],\"inLanguage\":\"hu\"}]}<\/script>\n<!-- \/ Yoast SEO plugin. -->","yoast_head_json":{"title":"Lin\u00f3metszetek, \u00c9gerh\u00e1zi Imre \u00edr\u00e1sa a grafikai k\u00f6nyvh\u00f6z , 1992 - \u00c9gerh\u00e1zi Imre","robots":{"index":"index","follow":"follow","max-snippet":"max-snippet:-1","max-image-preview":"max-image-preview:large","max-video-preview":"max-video-preview:-1"},"canonical":"https:\/\/egerhaziimre.hu\/index.php\/eletrajz\/irasok-egerhazi-imrerol\/linometszetek-egerhazi-imre-irasa-a-agrafikai-konyvhoz-1992\/?lang=en","og_locale":"hu_HU","og_type":"article","og_title":"Lin\u00f3metszetek, \u00c9gerh\u00e1zi Imre \u00edr\u00e1sa a grafikai k\u00f6nyvh\u00f6z , 1992 - \u00c9gerh\u00e1zi Imre","og_description":"[vc_row][vc_column][vc_column_text]A metsz\u00e9s minden cs\u00ednj\u00e1t-b\u00ednj\u00e1t mesteremt\u0151l, Menyh\u00e1rt J\u00f3zseft\u0151l tanultam, aki igen nagy szeretettel \u00e9s sz\u00edvesen oktatott a lin\u00f3- \u00e9s fametsz\u00e9sre, monot\u00edpi\u00e1val, r\u00e9zkarccal vegyes technik\u00e1val k\u00e9sz\u00edtett k\u00e9pek csin\u00e1l\u00e1s\u00e1ra. Els\u0151 v\u00e9s\u0151imet az \u0151 tan\u00e1cs\u00e1ra, \u2013 hogy olcs\u00f3bb legyen \u2013 eserny\u0151dr\u00f3tb\u00f3l csin\u00e1ltam \u00e9s ezeket haszn\u00e1laton k\u00edv\u00fcli b\u00e9lyegz\u0151k fog\u00f3iba helyeztem. Hogy az ujjamat v\u00e9djem, a v\u00e9s\u0151 dr\u00f3tj\u00e1ra kis gumics\u00f6vet h\u00faztam. K\u00e9s\u0151bb jobb szersz\u00e1mokhoz is hozz\u00e1jutottam, [&hellip;]","og_url":"https:\/\/egerhaziimre.hu\/index.php\/eletrajz\/irasok-egerhazi-imrerol\/linometszetek-egerhazi-imre-irasa-a-agrafikai-konyvhoz-1992\/?lang=en","og_site_name":"\u00c9gerh\u00e1zi Imre","article_modified_time":"2021-05-06T15:50:01+00:00","og_image":[{"width":2000,"height":1500,"url":"https:\/\/egerhaziimre.hu\/wp-content\/uploads\/kepek\/129.jpg","type":"image\/jpeg"}],"twitter_card":"summary_large_image","twitter_image":"https:\/\/egerhaziimre.hu\/wp-content\/uploads\/kepek\/129.jpg","twitter_misc":{"Becs\u00fclt olvas\u00e1si id\u0151":"2 perc"},"schema":{"@context":"https:\/\/schema.org","@graph":[{"@type":"WebPage","@id":"https:\/\/egerhaziimre.hu\/index.php\/eletrajz\/irasok-egerhazi-imrerol\/linometszetek-egerhazi-imre-irasa-a-agrafikai-konyvhoz-1992\/?lang=en","url":"https:\/\/egerhaziimre.hu\/index.php\/eletrajz\/irasok-egerhazi-imrerol\/linometszetek-egerhazi-imre-irasa-a-agrafikai-konyvhoz-1992\/?lang=en","name":"Lin\u00f3metszetek, \u00c9gerh\u00e1zi Imre \u00edr\u00e1sa a grafikai k\u00f6nyvh\u00f6z , 1992 - \u00c9gerh\u00e1zi Imre","isPartOf":{"@id":"https:\/\/egerhaziimre.hu\/#website"},"primaryImageOfPage":{"@id":"https:\/\/egerhaziimre.hu\/index.php\/eletrajz\/irasok-egerhazi-imrerol\/linometszetek-egerhazi-imre-irasa-a-agrafikai-konyvhoz-1992\/?lang=en#primaryimage"},"image":{"@id":"https:\/\/egerhaziimre.hu\/index.php\/eletrajz\/irasok-egerhazi-imrerol\/linometszetek-egerhazi-imre-irasa-a-agrafikai-konyvhoz-1992\/?lang=en#primaryimage"},"thumbnailUrl":"https:\/\/egerhaziimre.hu\/wp-content\/uploads\/kepek\/129.jpg","datePublished":"1992-10-09T14:58:41+00:00","dateModified":"2021-05-06T15:50:01+00:00","breadcrumb":{"@id":"https:\/\/egerhaziimre.hu\/index.php\/eletrajz\/irasok-egerhazi-imrerol\/linometszetek-egerhazi-imre-irasa-a-agrafikai-konyvhoz-1992\/?lang=en#breadcrumb"},"inLanguage":"hu","potentialAction":[{"@type":"ReadAction","target":["https:\/\/egerhaziimre.hu\/index.php\/eletrajz\/irasok-egerhazi-imrerol\/linometszetek-egerhazi-imre-irasa-a-agrafikai-konyvhoz-1992\/?lang=en"]}]},{"@type":"ImageObject","inLanguage":"hu","@id":"https:\/\/egerhaziimre.hu\/index.php\/eletrajz\/irasok-egerhazi-imrerol\/linometszetek-egerhazi-imre-irasa-a-agrafikai-konyvhoz-1992\/?lang=en#primaryimage","url":"https:\/\/egerhaziimre.hu\/wp-content\/uploads\/kepek\/129.jpg","contentUrl":"https:\/\/egerhaziimre.hu\/wp-content\/uploads\/kepek\/129.jpg","width":2000,"height":1500,"caption":"pap\u00edr, lin\u00f3metszet, 23x31 1982"},{"@type":"BreadcrumbList","@id":"https:\/\/egerhaziimre.hu\/index.php\/eletrajz\/irasok-egerhazi-imrerol\/linometszetek-egerhazi-imre-irasa-a-agrafikai-konyvhoz-1992\/?lang=en#breadcrumb","itemListElement":[{"@type":"ListItem","position":1,"name":"Home","item":"https:\/\/egerhaziimre.hu\/"},{"@type":"ListItem","position":2,"name":"\u00c9letrajz","item":"https:\/\/egerhaziimre.hu\/index.php\/eletrajz\/"},{"@type":"ListItem","position":3,"name":"Writings about Imre \u00c9gerh\u00e1zi","item":"https:\/\/egerhaziimre.hu\/index.php\/eletrajz\/irasok-egerhazi-imrerol\/?lang=en"},{"@type":"ListItem","position":4,"name":"LINOCUTS, BY IMRE \u00c9GERH\u00c1ZI FOR THE BOOK ON GRAPHICS, 1992"}]},{"@type":"WebSite","@id":"https:\/\/egerhaziimre.hu\/#website","url":"https:\/\/egerhaziimre.hu\/","name":"\u00c9gerh\u00e1zi Imre","description":"","potentialAction":[{"@type":"SearchAction","target":{"@type":"EntryPoint","urlTemplate":"https:\/\/egerhaziimre.hu\/?s={search_term_string}"},"query-input":{"@type":"PropertyValueSpecification","valueRequired":true,"valueName":"search_term_string"}}],"inLanguage":"hu"}]}},"jetpack_sharing_enabled":true,"_links":{"self":[{"href":"https:\/\/egerhaziimre.hu\/index.php\/wp-json\/wp\/v2\/pages\/10728","targetHints":{"allow":["GET"]}}],"collection":[{"href":"https:\/\/egerhaziimre.hu\/index.php\/wp-json\/wp\/v2\/pages"}],"about":[{"href":"https:\/\/egerhaziimre.hu\/index.php\/wp-json\/wp\/v2\/types\/page"}],"author":[{"embeddable":true,"href":"https:\/\/egerhaziimre.hu\/index.php\/wp-json\/wp\/v2\/users\/4"}],"replies":[{"embeddable":true,"href":"https:\/\/egerhaziimre.hu\/index.php\/wp-json\/wp\/v2\/comments?post=10728"}],"version-history":[{"count":10,"href":"https:\/\/egerhaziimre.hu\/index.php\/wp-json\/wp\/v2\/pages\/10728\/revisions"}],"predecessor-version":[{"id":12398,"href":"https:\/\/egerhaziimre.hu\/index.php\/wp-json\/wp\/v2\/pages\/10728\/revisions\/12398"}],"up":[{"embeddable":true,"href":"https:\/\/egerhaziimre.hu\/index.php\/wp-json\/wp\/v2\/pages\/10535"}],"wp:featuredmedia":[{"embeddable":true,"href":"https:\/\/egerhaziimre.hu\/index.php\/wp-json\/wp\/v2\/media\/3921"}],"wp:attachment":[{"href":"https:\/\/egerhaziimre.hu\/index.php\/wp-json\/wp\/v2\/media?parent=10728"}],"wp:term":[{"taxonomy":"category","embeddable":true,"href":"https:\/\/egerhaziimre.hu\/index.php\/wp-json\/wp\/v2\/categories?post=10728"},{"taxonomy":"post_tag","embeddable":true,"href":"https:\/\/egerhaziimre.hu\/index.php\/wp-json\/wp\/v2\/tags?post=10728"}],"curies":[{"name":"wp","href":"https:\/\/api.w.org\/{rel}","templated":true}]}}