{"id":10743,"date":"1998-10-12T10:14:03","date_gmt":"1998-10-12T08:14:03","guid":{"rendered":"https:\/\/egerhaziimre.hu\/?page_id=10743"},"modified":"2023-06-09T15:51:58","modified_gmt":"2023-06-09T13:51:58","slug":"nagy-tunde-interjuja-egerhazi-imrevel-1998-kiskegyed","status":"publish","type":"page","link":"https:\/\/egerhaziimre.hu\/index.php\/eletrajz\/irasok-egerhazi-imrerol\/nagy-tunde-interjuja-egerhazi-imrevel-1998-kiskegyed\/","title":{"rendered":"Nagy T\u00fcnde interj\u00faja \u00c9gerh\u00e1zi Imr\u00e9vel, 1998., Kiskegyed"},"content":{"rendered":"<div class=\"wpb-content-wrapper\">[vc_row][vc_column][vc_column_text]\n<h6>N\u0151k \u00e9s a v\u00e1szon<\/h6>\n<p>&#8211; Sz\u00e1mtalanszor el\u0151fordult, hogy egy sz\u00e9p n\u0151t l\u00e1tva nem a birtokl\u00e1si \u00f6szt\u00f6n \u00e9bredt fel bennem, hanem &#8211; ak\u00e1rcsak egy t\u00e1j vagy t\u00e1rgy szeml\u00e9letekor &#8211; megfesteni v\u00e1gytam &#8211; mes\u00e9li \u00c9gerh\u00e1zi Imre fest\u0151m\u0171v\u00e9sz. A f\u00e9rfiak t\u00f6bbs\u00e9ge eg\u00e9sz \u00e9let\u00e9n \u00e1t nem lankad\u00f3 rajong\u00e1ssal cs\u00fcng a szebbik nem k\u00e9pvisel\u0151in. A m\u0171v\u00e9sz tal\u00e1n az \u00e1tlagosn\u00e1l is nagyobb h\u0151fokon izzik. A &#8222;jelens\u00e9g&#8221; eszt\u00e9tikai oldal\u00e1t megvil\u00e1g\u00edtand\u00f3 kerest\u00fck fel a neves alkot\u00f3t.<\/p>\n<p>&#8211; Gyakran aj\u00e1nlkoznak fel magukat meg\u00f6r\u00f6k\u00edt\u00e9sre m\u00e9lt\u00f3nak \u00edt\u00e9l\u0151 n\u0151k?<br \/>\n&#8211; Ink\u00e1bb csak olyanok, akiket nem a halhatatlans\u00e1g ir\u00e1nti v\u00e1gy, hanem a modellked\u00e9s\u00e9rt j\u00e1r\u00f3 honor\u00e1rium \u00f6szt\u00f6n\u00f6z. Alkot\u00f3h\u00e1zam ablak\u00e1n olykor naponta kopogtatnak a helyi barna b\u0151r\u0171 lakoss\u00e1g szebbik nemhez tartoz\u00f3 tagjai. El\u0151fordult, hogy a bl\u00faz\u00e1t is kigombolta egy l\u00e1nyka: &#8222;kinek van Hadh\u00e1zon ilyen mellye?&#8221;. Mondtam, hogy ez t\u00e9nyleg sz\u00e9p, de a t\u00f6bbit nem ismerem, \u00e9s nincs sz\u00fcks\u00e9gem a seg\u00edts\u00e9g\u00e9re. H\u00e1t nem megs\u00e9rt\u0151d\u00f6tt?! M\u00e1skor egy \u00e9ltesebb, termetes asszonys\u00e1g bizonygatta, hogy aktja p\u00e1ratlan \u00e9lm\u00e9nyt ny\u00fajtana a vil\u00e1gnak. Nos, legfeljebb torz\u00f3k\u00e9nt&#8230; N\u00e9ha az any\u00e1k hozz\u00e1k gyermek\u00fcket &#8222;mudil&#8221;-nek, \u00e9s k\u00f6zlik, \u0151k is v\u00e1llalkoznak \u00e1m a munk\u00e1ra, hiszen nem kell ehhez semmif\u00e9le tud\u00e1s. Tarif\u00e1jukb\u00f3l maguk alkudnak, a v\u00e9g\u00e9n m\u00e1r p\u00e1r sz\u00e1z forint\u00e9rt is hajland\u00f3k lenn\u00e9nek eg\u00e9sz h\u00f3napon \u00e1t elj\u00e1rni hozz\u00e1m. M\u00e1sok nem engednek a huszonegyb\u0151l, de \u00e9rt\u00e9semre adj\u00e1k, a fest\u00e9s ut\u00e1n szexr\u0151l is sz\u00f3 lehet. Sajnos, sokszor hetekig nincs nyugtom t\u0151l\u00fck.<\/p>\n<p>&#8211; Mi a helyzet a hivat\u00e1sos modellekkel?<br \/>\n&#8211; Ez egy nagyon f\u00e1raszt\u00f3 foglalkoz\u00e1s, nem k\u00f6nny\u0171 dolog \u00f3r\u00e1kon \u00e1t mozdulatlann\u00e1 meredni. Egy-egy \u00fcl\u00e9s ut\u00e1n minden tagja f\u00e1j a modellnek. Akik \u00e9rtik a szakm\u00e1jukat, nagyon sokat seg\u00edthetnek a fest\u0151nek, f\u00e9l szavakb\u00f3l is \u00e9rtik, mit k\u00edv\u00e1n a m\u0171v\u00e9sz. \u00c9s ha m\u00e9gsem &#8211; h\u00e1t nem kellemetlen feladat egy puc\u00e9r n\u0151t igazgatni. \u00c1ltal\u00e1ban h\u00f6lgyek jelentkeznek modellnek, tal\u00e1n benn\u00fck t\u00f6bb az eg\u00e9szs\u00e9ges hi\u00fas\u00e1g. A szakmai rangsort nagyon sz\u00e1mon tartj\u00e1k, k\u00e9retlen\u00fcl is sorolj\u00e1k, melyik h\u00edres m\u0171v\u00e9sz alkalmazta \u0151ket. \u00c9s pontosan tudj\u00e1k, mi\u00e9rt mi j\u00e1r. El\u0151fordult, hogy a munka el\u0151tt kimentem a konyh\u00e1ba enni, mire vissza\u00e9rtem, ott \u00e1llt a form\u00e1tlan, colos h\u00f6lgy anyasz\u00fclt meztelen. &#8222;De \u00e9n koszt\u00fcm\u00f6s be\u00e1ll\u00edt\u00e1st akarok&#8230;&#8221; &#8211; hebegtem. Mire \u0151: &#8222;Semmi akad\u00e1lya, de m\u00e1r levetk\u0151ztem, \u00edgy ez megkezdett \u00f3r\u00e1nak sz\u00e1m\u00edt, \u00e9s egy aktmodell dr\u00e1g\u00e1bb&#8221;.<\/p>\n<p>&#8211; Ezek szerint nem felt\u00e9tlen\u00fcl sz\u00fcks\u00e9ges, hogy a modellnek t\u00f6k\u00e9letes alakja legyen?<br \/>\n&#8211; Hogy mennyire nem, arra a k\u00f6vetkez\u0151 t\u00f6rt\u00e9net a p\u00e9lda. A hajd\u00fab\u00f6sz\u00f6rm\u00e9nyi alkot\u00f3t\u00e1borban az egyik \u00e9vben k\u00e9t n\u0151 modellkedett. Az egyik sov\u00e1ny, szinte girhes, a m\u00e1sik ar\u00e1nyos, telt, k\u00f6zel\u00edtette az eszm\u00e9nyi sz\u00e9ps\u00e9get. \u00c9s m\u00edg az el\u0151bbi \u00e1lland\u00f3an &#8222;m\u0171ben&#8221; volt, a k\u00edv\u00e1natos, g\u00f6mb\u00f6lyded h\u00f6lgyet alig foglalkoztatt\u00e1k. Szeg\u00e9ny nem \u00e9rtette, hogy mi\u00e9rt keres j\u00f3val t\u00f6bbet cs\u00fany\u00e1cska t\u00e1rsa. Koll\u00e9g\u00e1immal megh\u00e1nytuk-vetett\u00fck a jelens\u00e9get, \u00e9s v\u00e9g\u00fcl arra jutottunk, hogy \u00e9rdekesebb feladat a csontos alakot rajzolni. Persze azt is meg\u00e1llap\u00edtottuk, hogy f\u00e9rfik\u00e9nt a sz\u00e9p h\u00f6lgy\u00e9rt \u00e1lln\u00e1nk ink\u00e1bb sorba&#8230;<\/p>\n<p>&#8211; Milyen fogadtat\u00e1sra lelt, mikor \u00d6n k\u00e9rt fel egy n\u0151t modellnek?<br \/>\n&#8211; Mondanom sem kell, lelkileg a nem hivat\u00e1sosok az igaz\u00e1n inspir\u00e1l\u00f3k az alkot\u00e1s folyamat\u00e1ra. El\u0151fordul, hogy a munkakapcsolat mellett m\u00e9lyebb k\u00f6t\u0151d\u00e9s is kialakul a modell \u00e9s a fest\u0151 k\u00f6z\u00f6tt &#8211; \u00e1m ez nem felt\u00e9tele a kiv\u00e1l\u00f3 egy\u00fcttm\u0171k\u00f6d\u00e9snek. A k\u00f6ztudatban m\u00e9gis valami ilyesmi terjedhetett el, mert sokszor f\u00e9lre\u00e9rtettek, ha megfesteni v\u00e1gytam egy h\u00f6lgyet. &#8222;Mit gondol? Nem vagyok \u00e9n olyan l\u00e1ny!&#8221; &#8211; utas\u00edtott vissza. Pedig az esetek t\u00f6bbs\u00e9g\u00e9ben &#8222;csak&#8221; a j\u00f3l siker\u00fclt k\u00e9p a &#8222;v\u00e9gterm\u00e9k&#8221;.<\/p>\n<p>Nagy T\u00fcnde[\/vc_column_text][\/vc_column][\/vc_row]\n<\/div>","protected":false},"excerpt":{"rendered":"<p>[vc_row][vc_column][vc_column_text] N\u0151k \u00e9s a v\u00e1szon &#8211; Sz\u00e1mtalanszor el\u0151fordult, hogy egy sz\u00e9p n\u0151t l\u00e1tva nem a birtokl\u00e1si \u00f6szt\u00f6n \u00e9bredt fel bennem, hanem &#8211; ak\u00e1rcsak egy t\u00e1j vagy t\u00e1rgy szeml\u00e9letekor &#8211; megfesteni v\u00e1gytam &#8211; mes\u00e9li \u00c9gerh\u00e1zi Imre fest\u0151m\u0171v\u00e9sz. A f\u00e9rfiak t\u00f6bbs\u00e9ge eg\u00e9sz \u00e9let\u00e9n \u00e1t nem lankad\u00f3 rajong\u00e1ssal cs\u00fcng a szebbik nem k\u00e9pvisel\u0151in. A m\u0171v\u00e9sz tal\u00e1n az \u00e1tlagosn\u00e1l is nagyobb h\u0151fokon izzik. A [&hellip;]<\/p>\n","protected":false},"author":4,"featured_media":0,"parent":10535,"menu_order":0,"comment_status":"closed","ping_status":"closed","template":"","meta":{"footnotes":""},"categories":[219],"tags":[37],"class_list":["post-10743","page","type-page","status-publish","hentry","category-irasok_egerhazi_imrerol","tag-37"],"yoast_head":"<!-- This site is optimized with the Yoast SEO plugin v27.0 - https:\/\/yoast.com\/product\/yoast-seo-wordpress\/ -->\n<title>Nagy T\u00fcnde interj\u00faja \u00c9gerh\u00e1zi Imr\u00e9vel, 1998., Kiskegyed - \u00c9gerh\u00e1zi Imre<\/title>\n<meta name=\"robots\" content=\"index, follow, max-snippet:-1, max-image-preview:large, max-video-preview:-1\" \/>\n<link rel=\"canonical\" href=\"https:\/\/egerhaziimre.hu\/index.php\/eletrajz\/irasok-egerhazi-imrerol\/nagy-tunde-interjuja-egerhazi-imrevel-1998-kiskegyed\/\" \/>\n<meta property=\"og:locale\" content=\"hu_HU\" \/>\n<meta property=\"og:type\" content=\"article\" \/>\n<meta property=\"og:title\" content=\"Nagy T\u00fcnde interj\u00faja \u00c9gerh\u00e1zi Imr\u00e9vel, 1998., Kiskegyed - \u00c9gerh\u00e1zi Imre\" \/>\n<meta property=\"og:description\" content=\"[vc_row][vc_column][vc_column_text] N\u0151k \u00e9s a v\u00e1szon &#8211; Sz\u00e1mtalanszor el\u0151fordult, hogy egy sz\u00e9p n\u0151t l\u00e1tva nem a birtokl\u00e1si \u00f6szt\u00f6n \u00e9bredt fel bennem, hanem &#8211; ak\u00e1rcsak egy t\u00e1j vagy t\u00e1rgy szeml\u00e9letekor &#8211; megfesteni v\u00e1gytam &#8211; mes\u00e9li \u00c9gerh\u00e1zi Imre fest\u0151m\u0171v\u00e9sz. A f\u00e9rfiak t\u00f6bbs\u00e9ge eg\u00e9sz \u00e9let\u00e9n \u00e1t nem lankad\u00f3 rajong\u00e1ssal cs\u00fcng a szebbik nem k\u00e9pvisel\u0151in. A m\u0171v\u00e9sz tal\u00e1n az \u00e1tlagosn\u00e1l is nagyobb h\u0151fokon izzik. A [&hellip;]\" \/>\n<meta property=\"og:url\" content=\"https:\/\/egerhaziimre.hu\/index.php\/eletrajz\/irasok-egerhazi-imrerol\/nagy-tunde-interjuja-egerhazi-imrevel-1998-kiskegyed\/\" \/>\n<meta property=\"og:site_name\" content=\"\u00c9gerh\u00e1zi Imre\" \/>\n<meta property=\"article:modified_time\" content=\"2023-06-09T13:51:58+00:00\" \/>\n<meta name=\"twitter:card\" content=\"summary_large_image\" \/>\n<meta name=\"twitter:label1\" content=\"Becs\u00fclt olvas\u00e1si id\u0151\" \/>\n\t<meta name=\"twitter:data1\" content=\"4 perc\" \/>\n<script type=\"application\/ld+json\" class=\"yoast-schema-graph\">{\"@context\":\"https:\/\/schema.org\",\"@graph\":[{\"@type\":\"WebPage\",\"@id\":\"https:\/\/egerhaziimre.hu\/index.php\/eletrajz\/irasok-egerhazi-imrerol\/nagy-tunde-interjuja-egerhazi-imrevel-1998-kiskegyed\/\",\"url\":\"https:\/\/egerhaziimre.hu\/index.php\/eletrajz\/irasok-egerhazi-imrerol\/nagy-tunde-interjuja-egerhazi-imrevel-1998-kiskegyed\/\",\"name\":\"Nagy T\u00fcnde interj\u00faja \u00c9gerh\u00e1zi Imr\u00e9vel, 1998., Kiskegyed - \u00c9gerh\u00e1zi Imre\",\"isPartOf\":{\"@id\":\"https:\/\/egerhaziimre.hu\/#website\"},\"datePublished\":\"1998-10-12T08:14:03+00:00\",\"dateModified\":\"2023-06-09T13:51:58+00:00\",\"breadcrumb\":{\"@id\":\"https:\/\/egerhaziimre.hu\/index.php\/eletrajz\/irasok-egerhazi-imrerol\/nagy-tunde-interjuja-egerhazi-imrevel-1998-kiskegyed\/#breadcrumb\"},\"inLanguage\":\"hu\",\"potentialAction\":[{\"@type\":\"ReadAction\",\"target\":[\"https:\/\/egerhaziimre.hu\/index.php\/eletrajz\/irasok-egerhazi-imrerol\/nagy-tunde-interjuja-egerhazi-imrevel-1998-kiskegyed\/\"]}]},{\"@type\":\"BreadcrumbList\",\"@id\":\"https:\/\/egerhaziimre.hu\/index.php\/eletrajz\/irasok-egerhazi-imrerol\/nagy-tunde-interjuja-egerhazi-imrevel-1998-kiskegyed\/#breadcrumb\",\"itemListElement\":[{\"@type\":\"ListItem\",\"position\":1,\"name\":\"Home\",\"item\":\"https:\/\/egerhaziimre.hu\/\"},{\"@type\":\"ListItem\",\"position\":2,\"name\":\"\u00c9letrajz\",\"item\":\"https:\/\/egerhaziimre.hu\/index.php\/eletrajz\/\"},{\"@type\":\"ListItem\",\"position\":3,\"name\":\"Writings about Imre \u00c9gerh\u00e1zi\",\"item\":\"https:\/\/egerhaziimre.hu\/index.php\/eletrajz\/irasok-egerhazi-imrerol\/?lang=en\"},{\"@type\":\"ListItem\",\"position\":4,\"name\":\"Nagy T\u00fcnde interj\u00faja \u00c9gerh\u00e1zi Imr\u00e9vel, 1998., Kiskegyed\"}]},{\"@type\":\"WebSite\",\"@id\":\"https:\/\/egerhaziimre.hu\/#website\",\"url\":\"https:\/\/egerhaziimre.hu\/\",\"name\":\"\u00c9gerh\u00e1zi Imre\",\"description\":\"\",\"potentialAction\":[{\"@type\":\"SearchAction\",\"target\":{\"@type\":\"EntryPoint\",\"urlTemplate\":\"https:\/\/egerhaziimre.hu\/?s={search_term_string}\"},\"query-input\":{\"@type\":\"PropertyValueSpecification\",\"valueRequired\":true,\"valueName\":\"search_term_string\"}}],\"inLanguage\":\"hu\"}]}<\/script>\n<!-- \/ Yoast SEO plugin. -->","yoast_head_json":{"title":"Nagy T\u00fcnde interj\u00faja \u00c9gerh\u00e1zi Imr\u00e9vel, 1998., Kiskegyed - \u00c9gerh\u00e1zi Imre","robots":{"index":"index","follow":"follow","max-snippet":"max-snippet:-1","max-image-preview":"max-image-preview:large","max-video-preview":"max-video-preview:-1"},"canonical":"https:\/\/egerhaziimre.hu\/index.php\/eletrajz\/irasok-egerhazi-imrerol\/nagy-tunde-interjuja-egerhazi-imrevel-1998-kiskegyed\/","og_locale":"hu_HU","og_type":"article","og_title":"Nagy T\u00fcnde interj\u00faja \u00c9gerh\u00e1zi Imr\u00e9vel, 1998., Kiskegyed - \u00c9gerh\u00e1zi Imre","og_description":"[vc_row][vc_column][vc_column_text] N\u0151k \u00e9s a v\u00e1szon &#8211; Sz\u00e1mtalanszor el\u0151fordult, hogy egy sz\u00e9p n\u0151t l\u00e1tva nem a birtokl\u00e1si \u00f6szt\u00f6n \u00e9bredt fel bennem, hanem &#8211; ak\u00e1rcsak egy t\u00e1j vagy t\u00e1rgy szeml\u00e9letekor &#8211; megfesteni v\u00e1gytam &#8211; mes\u00e9li \u00c9gerh\u00e1zi Imre fest\u0151m\u0171v\u00e9sz. A f\u00e9rfiak t\u00f6bbs\u00e9ge eg\u00e9sz \u00e9let\u00e9n \u00e1t nem lankad\u00f3 rajong\u00e1ssal cs\u00fcng a szebbik nem k\u00e9pvisel\u0151in. A m\u0171v\u00e9sz tal\u00e1n az \u00e1tlagosn\u00e1l is nagyobb h\u0151fokon izzik. A [&hellip;]","og_url":"https:\/\/egerhaziimre.hu\/index.php\/eletrajz\/irasok-egerhazi-imrerol\/nagy-tunde-interjuja-egerhazi-imrevel-1998-kiskegyed\/","og_site_name":"\u00c9gerh\u00e1zi Imre","article_modified_time":"2023-06-09T13:51:58+00:00","twitter_card":"summary_large_image","twitter_misc":{"Becs\u00fclt olvas\u00e1si id\u0151":"4 perc"},"schema":{"@context":"https:\/\/schema.org","@graph":[{"@type":"WebPage","@id":"https:\/\/egerhaziimre.hu\/index.php\/eletrajz\/irasok-egerhazi-imrerol\/nagy-tunde-interjuja-egerhazi-imrevel-1998-kiskegyed\/","url":"https:\/\/egerhaziimre.hu\/index.php\/eletrajz\/irasok-egerhazi-imrerol\/nagy-tunde-interjuja-egerhazi-imrevel-1998-kiskegyed\/","name":"Nagy T\u00fcnde interj\u00faja \u00c9gerh\u00e1zi Imr\u00e9vel, 1998., Kiskegyed - \u00c9gerh\u00e1zi Imre","isPartOf":{"@id":"https:\/\/egerhaziimre.hu\/#website"},"datePublished":"1998-10-12T08:14:03+00:00","dateModified":"2023-06-09T13:51:58+00:00","breadcrumb":{"@id":"https:\/\/egerhaziimre.hu\/index.php\/eletrajz\/irasok-egerhazi-imrerol\/nagy-tunde-interjuja-egerhazi-imrevel-1998-kiskegyed\/#breadcrumb"},"inLanguage":"hu","potentialAction":[{"@type":"ReadAction","target":["https:\/\/egerhaziimre.hu\/index.php\/eletrajz\/irasok-egerhazi-imrerol\/nagy-tunde-interjuja-egerhazi-imrevel-1998-kiskegyed\/"]}]},{"@type":"BreadcrumbList","@id":"https:\/\/egerhaziimre.hu\/index.php\/eletrajz\/irasok-egerhazi-imrerol\/nagy-tunde-interjuja-egerhazi-imrevel-1998-kiskegyed\/#breadcrumb","itemListElement":[{"@type":"ListItem","position":1,"name":"Home","item":"https:\/\/egerhaziimre.hu\/"},{"@type":"ListItem","position":2,"name":"\u00c9letrajz","item":"https:\/\/egerhaziimre.hu\/index.php\/eletrajz\/"},{"@type":"ListItem","position":3,"name":"Writings about Imre \u00c9gerh\u00e1zi","item":"https:\/\/egerhaziimre.hu\/index.php\/eletrajz\/irasok-egerhazi-imrerol\/?lang=en"},{"@type":"ListItem","position":4,"name":"Nagy T\u00fcnde interj\u00faja \u00c9gerh\u00e1zi Imr\u00e9vel, 1998., Kiskegyed"}]},{"@type":"WebSite","@id":"https:\/\/egerhaziimre.hu\/#website","url":"https:\/\/egerhaziimre.hu\/","name":"\u00c9gerh\u00e1zi Imre","description":"","potentialAction":[{"@type":"SearchAction","target":{"@type":"EntryPoint","urlTemplate":"https:\/\/egerhaziimre.hu\/?s={search_term_string}"},"query-input":{"@type":"PropertyValueSpecification","valueRequired":true,"valueName":"search_term_string"}}],"inLanguage":"hu"}]}},"jetpack_sharing_enabled":true,"_links":{"self":[{"href":"https:\/\/egerhaziimre.hu\/index.php\/wp-json\/wp\/v2\/pages\/10743","targetHints":{"allow":["GET"]}}],"collection":[{"href":"https:\/\/egerhaziimre.hu\/index.php\/wp-json\/wp\/v2\/pages"}],"about":[{"href":"https:\/\/egerhaziimre.hu\/index.php\/wp-json\/wp\/v2\/types\/page"}],"author":[{"embeddable":true,"href":"https:\/\/egerhaziimre.hu\/index.php\/wp-json\/wp\/v2\/users\/4"}],"replies":[{"embeddable":true,"href":"https:\/\/egerhaziimre.hu\/index.php\/wp-json\/wp\/v2\/comments?post=10743"}],"version-history":[{"count":3,"href":"https:\/\/egerhaziimre.hu\/index.php\/wp-json\/wp\/v2\/pages\/10743\/revisions"}],"predecessor-version":[{"id":13120,"href":"https:\/\/egerhaziimre.hu\/index.php\/wp-json\/wp\/v2\/pages\/10743\/revisions\/13120"}],"up":[{"embeddable":true,"href":"https:\/\/egerhaziimre.hu\/index.php\/wp-json\/wp\/v2\/pages\/10535"}],"wp:attachment":[{"href":"https:\/\/egerhaziimre.hu\/index.php\/wp-json\/wp\/v2\/media?parent=10743"}],"wp:term":[{"taxonomy":"category","embeddable":true,"href":"https:\/\/egerhaziimre.hu\/index.php\/wp-json\/wp\/v2\/categories?post=10743"},{"taxonomy":"post_tag","embeddable":true,"href":"https:\/\/egerhaziimre.hu\/index.php\/wp-json\/wp\/v2\/tags?post=10743"}],"curies":[{"name":"wp","href":"https:\/\/api.w.org\/{rel}","templated":true}]}}