{"id":1075,"date":"2019-08-05T15:42:08","date_gmt":"2019-08-05T13:42:08","guid":{"rendered":"http:\/\/egerhaziimre.magex.hu\/?page_id=1075"},"modified":"2020-09-08T16:27:50","modified_gmt":"2020-09-08T14:27:50","slug":"vitez-ferenc-konok-magyarsag-nagyitas-2010-majus-26","status":"publish","type":"page","link":"https:\/\/egerhaziimre.hu\/index.php\/dijak-elismeresek\/vitez-ferenc-konok-magyarsag-nagyitas-2010-majus-26\/","title":{"rendered":"Vit\u00e9z Ferenc, \u201eKonok magyars\u00e1g\u201d (Nagy\u00edt\u00e1s, 2010. m\u00e1jus 26.)"},"content":{"rendered":"<div class=\"wpb-content-wrapper\">\r\n<p><strong>\u201eKonok magyars\u00e1g\u201d<\/strong><\/p>\r\n\r\n\r\n\r\n<p>Vil\u00e1gszerte (Jap\u00e1nt\u00f3l Amerik\u00e1ig) a Hortob\u00e1gyi Nemzetk\u00f6zi M\u0171v\u00e9sztelep az egyik v\u00e9djegye a hagyom\u00e1ny\u0151rz\u0151 kort\u00e1rs magyar fest\u00e9szetnek a ma is m\u0171k\u00f6d\u0151 alkot\u00f3t\u00e1borok k\u00f6z\u00f6tt. Hogy embl\u00e9m\u00e1v\u00e1 v\u00e1lhatott (s a hat\u00e1ron t\u00fali magyar alkot\u00f3k hazatal\u00e1l\u00e1s\u00e1nak \u00e9s tal\u00e1lkoz\u00e1s\u00e1nak hely\u00e9v\u00e9 m\u00e1r az \u00e1tkosban is), abban meghat\u00e1roz\u00f3 szerepe volt vezet\u0151j\u00e9nek, az id\u00e9n 85 \u00e9ve sz\u00fcletett, kilenc \u00e9ve balesetben elhunyt \u00c9gerh\u00e1zi Imr\u00e9nek. Hal\u00e1la \u00f3ta (egyik fi\u00e1nak, a festm\u00e9nyek vil\u00e1g\u00e1ra zenei anyagokat is \u00e9p\u00edt\u0151 Djabe zenekar \u00e9l\u00e9n \u00e1ll\u00f3 \u00c9gerh\u00e1zi Attil\u00e1nak k\u00f6sz\u00f6nhet\u0151en) m\u00e1r t\u00f6bb mint t\u00edz tematikus orsz\u00e1gj\u00e1r\u00f3 t\u00e1rlat s a hozz\u00e1juk kapcsol\u00f3d\u00f3 katal\u00f3gusok sora gondoskodik az eml\u00e9kezet \u00e9brentart\u00e1s\u00e1r\u00f3l.<\/p>\r\n\r\n\r\n\r\n<p>A m\u0171v\u00e9szi jelenl\u00e9t \u00e1lland\u00f3 helye a hajd\u00fahadh\u00e1zi \u00c9gerh\u00e1zi-eml\u00e9kh\u00e1z, annak anyag\u00e1t m\u00e9g a fest\u0151 \u00e1ll\u00edtotta \u00f6ssze s hagyta a v\u00e1rosra (2008 \u00f3ta fel\u00faj\u00edtva v\u00e1rja a l\u00e1togat\u00f3kat a Holl\u00f3 L\u00e1szl\u00f3-eml\u00e9kszob\u00e1val egy\u00fctt). Az \u00faj anyag (Paraszti vil\u00e1g \u00e9s n\u00e9pm\u0171v\u00e9szet \u2013 \u00c9gerh\u00e1zi Imre alkot\u00e1sainak n\u00e9prajzi inspir\u00e1ci\u00f3i) egy r\u00e9sze az eml\u00e9kh\u00e1z\u00e9, de k\u00fcl\u00f6nlegess\u00e9g\u00e9t a sz\u00e1mos mag\u00e1ngy\u0171jtem\u00e9nyb\u0151l \u00e9s adom\u00e1nyb\u00f3l v\u00e1logatott k\u00e9pek egy\u00fcttes l\u00e1tv\u00e1nya jelenti.<\/p>\r\n\r\n\r\n\r\n<p>A pointilista technik\u00e1t realista keretben alkalmaz\u00f3, szecesszi\u00f3s dekorativit\u00e1ssal t\u00e1rs\u00edtott s l\u00edrai-ex-pressz\u00edv tartom\u00e1nyokkal felt\u00f6lt\u00f6tt k\u00e9pek erej\u00e9t a s\u0171r\u0171 mot\u00edvumh\u00e1l\u00f3 ellen\u00e9re is j\u00f3l megoldott absztrah\u00e1l\u00e1s adja. \u00c9gerh\u00e1zi konok magyars\u00e1ga \u00e9rv\u00e9nyes\u00fclt erd\u00e9lyi, alf\u00f6ldi, eur\u00f3pai utaz\u00e1sair\u00f3l sz\u00e1mot ad\u00f3, t\u00f6rt\u00e9nelmi, ember\u00e1br\u00e1zol\u00f3 vagy irodalmi inspir\u00e1ci\u00f3j\u00fa, s m\u00e9g a hitvil\u00e1ggal kapcsolatos m\u0171vein is.<\/p>\r\n\r\n\r\n\r\n<div class=\"wp-block-image\"><figure class=\"aligncenter\"><img decoding=\"async\" src=\"http:\/\/www.egerhaziimre.hu\/pictures\/\/1363.jpg\" alt=\"\"\/><\/figure><\/div>\r\n\r\n\r\n\r\n<p>Magyars\u00e1ga nem m\u00faltunk \u00e9s n\u00e9phagyom\u00e1nyaink jeleinek meg\u00f6r\u00f6k\u00edt\u00e9se, de sorsmeg\u00e9l\u0151 l\u00e9nyegl\u00e1t\u00e1sa, katarzis ut\u00e1ni \u00e1llapotr\u00f6gz\u00edt\u00e9se, hivalkod\u00e1smentes fest\u0151i jelenl\u00e9te miatt hiteles. A n\u00e9pmes\u00e9k \u00e9s ballad\u00e1k festm\u00e9ny\u00e1tiratai (k\u00e9p\u00fcnk\u00f6n: S\u00f3s Pista tal\u00e1lkoz\u00e1sa Bende Julival) is err\u0151l tan\u00faskodnak: az \u00e1br\u00e1zolt dologgal val\u00f3 egyl\u00e9nyeg\u0171v\u00e9 v\u00e1l\u00e1sr\u00f3l, a bels\u0151 melegs\u00e9gr\u0151l, de a der\u0171 f\u00e1jdalomgy\u00f6kereir\u0151l is.<\/p>\r\n\r\n\r\n\r\n<p>Vit\u00e9z Ferenc<br>(Nagy\u00edt\u00e1s, 2010. m\u00e1jus 26.)<\/p>\r\n<\/div>","protected":false},"excerpt":{"rendered":"<p>\u201eKonok magyars\u00e1g\u201d Vil\u00e1gszerte (Jap\u00e1nt\u00f3l Amerik\u00e1ig) a Hortob\u00e1gyi Nemzetk\u00f6zi M\u0171v\u00e9sztelep az egyik v\u00e9djegye a hagyom\u00e1ny\u0151rz\u0151 kort\u00e1rs magyar fest\u00e9szetnek a ma is m\u0171k\u00f6d\u0151 alkot\u00f3t\u00e1borok k\u00f6z\u00f6tt. Hogy embl\u00e9m\u00e1v\u00e1 v\u00e1lhatott (s a hat\u00e1ron t\u00fali magyar alkot\u00f3k hazatal\u00e1l\u00e1s\u00e1nak \u00e9s tal\u00e1lkoz\u00e1s\u00e1nak hely\u00e9v\u00e9 m\u00e1r az \u00e1tkosban is), abban meghat\u00e1roz\u00f3 szerepe volt vezet\u0151j\u00e9nek, az id\u00e9n 85 \u00e9ve sz\u00fcletett, kilenc \u00e9ve balesetben elhunyt \u00c9gerh\u00e1zi Imr\u00e9nek. Hal\u00e1la \u00f3ta (egyik fi\u00e1nak, [&hellip;]<\/p>\n","protected":false},"author":4,"featured_media":1161,"parent":31,"menu_order":0,"comment_status":"closed","ping_status":"closed","template":"","meta":{"footnotes":""},"categories":[84],"tags":[98],"class_list":["post-1075","page","type-page","status-publish","has-post-thumbnail","hentry","category-kritikak_meltatasok","tag-98"],"yoast_head":"<!-- This site is optimized with the Yoast SEO plugin v27.3 - https:\/\/yoast.com\/product\/yoast-seo-wordpress\/ -->\n<title>Vit\u00e9z Ferenc, \u201eKonok magyars\u00e1g\u201d (Nagy\u00edt\u00e1s, 2010. m\u00e1jus 26.) - \u00c9gerh\u00e1zi Imre<\/title>\n<meta name=\"robots\" content=\"index, follow, max-snippet:-1, max-image-preview:large, max-video-preview:-1\" \/>\n<link rel=\"canonical\" href=\"https:\/\/egerhaziimre.hu\/index.php\/dijak-elismeresek\/vitez-ferenc-konok-magyarsag-nagyitas-2010-majus-26\/?lang=en\" \/>\n<meta property=\"og:locale\" content=\"hu_HU\" \/>\n<meta property=\"og:type\" content=\"article\" \/>\n<meta property=\"og:title\" content=\"Vit\u00e9z Ferenc, \u201eKonok magyars\u00e1g\u201d (Nagy\u00edt\u00e1s, 2010. m\u00e1jus 26.) - \u00c9gerh\u00e1zi Imre\" \/>\n<meta property=\"og:description\" content=\"\u201eKonok magyars\u00e1g\u201d Vil\u00e1gszerte (Jap\u00e1nt\u00f3l Amerik\u00e1ig) a Hortob\u00e1gyi Nemzetk\u00f6zi M\u0171v\u00e9sztelep az egyik v\u00e9djegye a hagyom\u00e1ny\u0151rz\u0151 kort\u00e1rs magyar fest\u00e9szetnek a ma is m\u0171k\u00f6d\u0151 alkot\u00f3t\u00e1borok k\u00f6z\u00f6tt. Hogy embl\u00e9m\u00e1v\u00e1 v\u00e1lhatott (s a hat\u00e1ron t\u00fali magyar alkot\u00f3k hazatal\u00e1l\u00e1s\u00e1nak \u00e9s tal\u00e1lkoz\u00e1s\u00e1nak hely\u00e9v\u00e9 m\u00e1r az \u00e1tkosban is), abban meghat\u00e1roz\u00f3 szerepe volt vezet\u0151j\u00e9nek, az id\u00e9n 85 \u00e9ve sz\u00fcletett, kilenc \u00e9ve balesetben elhunyt \u00c9gerh\u00e1zi Imr\u00e9nek. Hal\u00e1la \u00f3ta (egyik fi\u00e1nak, [&hellip;]\" \/>\n<meta property=\"og:url\" content=\"https:\/\/egerhaziimre.hu\/index.php\/dijak-elismeresek\/vitez-ferenc-konok-magyarsag-nagyitas-2010-majus-26\/?lang=en\" \/>\n<meta property=\"og:site_name\" content=\"\u00c9gerh\u00e1zi Imre\" \/>\n<meta property=\"article:modified_time\" content=\"2020-09-08T14:27:50+00:00\" \/>\n<meta property=\"og:image\" content=\"https:\/\/egerhaziimre.hu\/wp-content\/uploads\/2019\/08\/1363.jpg\" \/>\n\t<meta property=\"og:image:width\" content=\"2000\" \/>\n\t<meta property=\"og:image:height\" content=\"1858\" \/>\n\t<meta property=\"og:image:type\" content=\"image\/jpeg\" \/>\n<meta name=\"twitter:card\" content=\"summary_large_image\" \/>\n<meta name=\"twitter:label1\" content=\"Becs\u00fclt olvas\u00e1si id\u0151\" \/>\n\t<meta name=\"twitter:data1\" content=\"4 perc\" \/>\n<script type=\"application\/ld+json\" class=\"yoast-schema-graph\">{\"@context\":\"https:\\\/\\\/schema.org\",\"@graph\":[{\"@type\":\"WebPage\",\"@id\":\"https:\\\/\\\/egerhaziimre.hu\\\/index.php\\\/dijak-elismeresek\\\/vitez-ferenc-konok-magyarsag-nagyitas-2010-majus-26\\\/?lang=en\",\"url\":\"https:\\\/\\\/egerhaziimre.hu\\\/index.php\\\/dijak-elismeresek\\\/vitez-ferenc-konok-magyarsag-nagyitas-2010-majus-26\\\/?lang=en\",\"name\":\"Vit\u00e9z Ferenc, \u201eKonok magyars\u00e1g\u201d (Nagy\u00edt\u00e1s, 2010. m\u00e1jus 26.) - \u00c9gerh\u00e1zi Imre\",\"isPartOf\":{\"@id\":\"https:\\\/\\\/egerhaziimre.hu\\\/#website\"},\"primaryImageOfPage\":{\"@id\":\"https:\\\/\\\/egerhaziimre.hu\\\/index.php\\\/dijak-elismeresek\\\/vitez-ferenc-konok-magyarsag-nagyitas-2010-majus-26\\\/?lang=en#primaryimage\"},\"image\":{\"@id\":\"https:\\\/\\\/egerhaziimre.hu\\\/index.php\\\/dijak-elismeresek\\\/vitez-ferenc-konok-magyarsag-nagyitas-2010-majus-26\\\/?lang=en#primaryimage\"},\"thumbnailUrl\":\"https:\\\/\\\/egerhaziimre.hu\\\/wp-content\\\/uploads\\\/2019\\\/08\\\/1363.jpg\",\"datePublished\":\"2019-08-05T13:42:08+00:00\",\"dateModified\":\"2020-09-08T14:27:50+00:00\",\"breadcrumb\":{\"@id\":\"https:\\\/\\\/egerhaziimre.hu\\\/index.php\\\/dijak-elismeresek\\\/vitez-ferenc-konok-magyarsag-nagyitas-2010-majus-26\\\/?lang=en#breadcrumb\"},\"inLanguage\":\"hu\",\"potentialAction\":[{\"@type\":\"ReadAction\",\"target\":[\"https:\\\/\\\/egerhaziimre.hu\\\/index.php\\\/dijak-elismeresek\\\/vitez-ferenc-konok-magyarsag-nagyitas-2010-majus-26\\\/?lang=en\"]}]},{\"@type\":\"ImageObject\",\"inLanguage\":\"hu\",\"@id\":\"https:\\\/\\\/egerhaziimre.hu\\\/index.php\\\/dijak-elismeresek\\\/vitez-ferenc-konok-magyarsag-nagyitas-2010-majus-26\\\/?lang=en#primaryimage\",\"url\":\"https:\\\/\\\/egerhaziimre.hu\\\/wp-content\\\/uploads\\\/2019\\\/08\\\/1363.jpg\",\"contentUrl\":\"https:\\\/\\\/egerhaziimre.hu\\\/wp-content\\\/uploads\\\/2019\\\/08\\\/1363.jpg\",\"width\":2000,\"height\":1858,\"caption\":\"olaj, farost 70x75 1982\"},{\"@type\":\"BreadcrumbList\",\"@id\":\"https:\\\/\\\/egerhaziimre.hu\\\/index.php\\\/dijak-elismeresek\\\/vitez-ferenc-konok-magyarsag-nagyitas-2010-majus-26\\\/?lang=en#breadcrumb\",\"itemListElement\":[{\"@type\":\"ListItem\",\"position\":1,\"name\":\"Home\",\"item\":\"https:\\\/\\\/egerhaziimre.hu\\\/\"},{\"@type\":\"ListItem\",\"position\":2,\"name\":\"Awards, recognitions\",\"item\":\"https:\\\/\\\/egerhaziimre.hu\\\/index.php\\\/dijak-elismeresek\\\/?lang=en\"},{\"@type\":\"ListItem\",\"position\":3,\"name\":\"Ferenc Vit\u00e9z, \u201eKonok Magyars\u00e1g\u201d, Nagy\u00edt\u00e1s, 26th May 2010 issue\"}]},{\"@type\":\"WebSite\",\"@id\":\"https:\\\/\\\/egerhaziimre.hu\\\/#website\",\"url\":\"https:\\\/\\\/egerhaziimre.hu\\\/\",\"name\":\"\u00c9gerh\u00e1zi Imre\",\"description\":\"\",\"potentialAction\":[{\"@type\":\"SearchAction\",\"target\":{\"@type\":\"EntryPoint\",\"urlTemplate\":\"https:\\\/\\\/egerhaziimre.hu\\\/?s={search_term_string}\"},\"query-input\":{\"@type\":\"PropertyValueSpecification\",\"valueRequired\":true,\"valueName\":\"search_term_string\"}}],\"inLanguage\":\"hu\"}]}<\/script>\n<!-- \/ Yoast SEO plugin. -->","yoast_head_json":{"title":"Vit\u00e9z Ferenc, \u201eKonok magyars\u00e1g\u201d (Nagy\u00edt\u00e1s, 2010. m\u00e1jus 26.) - \u00c9gerh\u00e1zi Imre","robots":{"index":"index","follow":"follow","max-snippet":"max-snippet:-1","max-image-preview":"max-image-preview:large","max-video-preview":"max-video-preview:-1"},"canonical":"https:\/\/egerhaziimre.hu\/index.php\/dijak-elismeresek\/vitez-ferenc-konok-magyarsag-nagyitas-2010-majus-26\/?lang=en","og_locale":"hu_HU","og_type":"article","og_title":"Vit\u00e9z Ferenc, \u201eKonok magyars\u00e1g\u201d (Nagy\u00edt\u00e1s, 2010. m\u00e1jus 26.) - \u00c9gerh\u00e1zi Imre","og_description":"\u201eKonok magyars\u00e1g\u201d Vil\u00e1gszerte (Jap\u00e1nt\u00f3l Amerik\u00e1ig) a Hortob\u00e1gyi Nemzetk\u00f6zi M\u0171v\u00e9sztelep az egyik v\u00e9djegye a hagyom\u00e1ny\u0151rz\u0151 kort\u00e1rs magyar fest\u00e9szetnek a ma is m\u0171k\u00f6d\u0151 alkot\u00f3t\u00e1borok k\u00f6z\u00f6tt. Hogy embl\u00e9m\u00e1v\u00e1 v\u00e1lhatott (s a hat\u00e1ron t\u00fali magyar alkot\u00f3k hazatal\u00e1l\u00e1s\u00e1nak \u00e9s tal\u00e1lkoz\u00e1s\u00e1nak hely\u00e9v\u00e9 m\u00e1r az \u00e1tkosban is), abban meghat\u00e1roz\u00f3 szerepe volt vezet\u0151j\u00e9nek, az id\u00e9n 85 \u00e9ve sz\u00fcletett, kilenc \u00e9ve balesetben elhunyt \u00c9gerh\u00e1zi Imr\u00e9nek. Hal\u00e1la \u00f3ta (egyik fi\u00e1nak, [&hellip;]","og_url":"https:\/\/egerhaziimre.hu\/index.php\/dijak-elismeresek\/vitez-ferenc-konok-magyarsag-nagyitas-2010-majus-26\/?lang=en","og_site_name":"\u00c9gerh\u00e1zi Imre","article_modified_time":"2020-09-08T14:27:50+00:00","og_image":[{"width":2000,"height":1858,"url":"https:\/\/egerhaziimre.hu\/wp-content\/uploads\/2019\/08\/1363.jpg","type":"image\/jpeg"}],"twitter_card":"summary_large_image","twitter_misc":{"Becs\u00fclt olvas\u00e1si id\u0151":"4 perc"},"schema":{"@context":"https:\/\/schema.org","@graph":[{"@type":"WebPage","@id":"https:\/\/egerhaziimre.hu\/index.php\/dijak-elismeresek\/vitez-ferenc-konok-magyarsag-nagyitas-2010-majus-26\/?lang=en","url":"https:\/\/egerhaziimre.hu\/index.php\/dijak-elismeresek\/vitez-ferenc-konok-magyarsag-nagyitas-2010-majus-26\/?lang=en","name":"Vit\u00e9z Ferenc, \u201eKonok magyars\u00e1g\u201d (Nagy\u00edt\u00e1s, 2010. m\u00e1jus 26.) - \u00c9gerh\u00e1zi Imre","isPartOf":{"@id":"https:\/\/egerhaziimre.hu\/#website"},"primaryImageOfPage":{"@id":"https:\/\/egerhaziimre.hu\/index.php\/dijak-elismeresek\/vitez-ferenc-konok-magyarsag-nagyitas-2010-majus-26\/?lang=en#primaryimage"},"image":{"@id":"https:\/\/egerhaziimre.hu\/index.php\/dijak-elismeresek\/vitez-ferenc-konok-magyarsag-nagyitas-2010-majus-26\/?lang=en#primaryimage"},"thumbnailUrl":"https:\/\/egerhaziimre.hu\/wp-content\/uploads\/2019\/08\/1363.jpg","datePublished":"2019-08-05T13:42:08+00:00","dateModified":"2020-09-08T14:27:50+00:00","breadcrumb":{"@id":"https:\/\/egerhaziimre.hu\/index.php\/dijak-elismeresek\/vitez-ferenc-konok-magyarsag-nagyitas-2010-majus-26\/?lang=en#breadcrumb"},"inLanguage":"hu","potentialAction":[{"@type":"ReadAction","target":["https:\/\/egerhaziimre.hu\/index.php\/dijak-elismeresek\/vitez-ferenc-konok-magyarsag-nagyitas-2010-majus-26\/?lang=en"]}]},{"@type":"ImageObject","inLanguage":"hu","@id":"https:\/\/egerhaziimre.hu\/index.php\/dijak-elismeresek\/vitez-ferenc-konok-magyarsag-nagyitas-2010-majus-26\/?lang=en#primaryimage","url":"https:\/\/egerhaziimre.hu\/wp-content\/uploads\/2019\/08\/1363.jpg","contentUrl":"https:\/\/egerhaziimre.hu\/wp-content\/uploads\/2019\/08\/1363.jpg","width":2000,"height":1858,"caption":"olaj, farost 70x75 1982"},{"@type":"BreadcrumbList","@id":"https:\/\/egerhaziimre.hu\/index.php\/dijak-elismeresek\/vitez-ferenc-konok-magyarsag-nagyitas-2010-majus-26\/?lang=en#breadcrumb","itemListElement":[{"@type":"ListItem","position":1,"name":"Home","item":"https:\/\/egerhaziimre.hu\/"},{"@type":"ListItem","position":2,"name":"Awards, recognitions","item":"https:\/\/egerhaziimre.hu\/index.php\/dijak-elismeresek\/?lang=en"},{"@type":"ListItem","position":3,"name":"Ferenc Vit\u00e9z, \u201eKonok Magyars\u00e1g\u201d, Nagy\u00edt\u00e1s, 26th May 2010 issue"}]},{"@type":"WebSite","@id":"https:\/\/egerhaziimre.hu\/#website","url":"https:\/\/egerhaziimre.hu\/","name":"\u00c9gerh\u00e1zi Imre","description":"","potentialAction":[{"@type":"SearchAction","target":{"@type":"EntryPoint","urlTemplate":"https:\/\/egerhaziimre.hu\/?s={search_term_string}"},"query-input":{"@type":"PropertyValueSpecification","valueRequired":true,"valueName":"search_term_string"}}],"inLanguage":"hu"}]}},"jetpack_sharing_enabled":true,"_links":{"self":[{"href":"https:\/\/egerhaziimre.hu\/index.php\/wp-json\/wp\/v2\/pages\/1075","targetHints":{"allow":["GET"]}}],"collection":[{"href":"https:\/\/egerhaziimre.hu\/index.php\/wp-json\/wp\/v2\/pages"}],"about":[{"href":"https:\/\/egerhaziimre.hu\/index.php\/wp-json\/wp\/v2\/types\/page"}],"author":[{"embeddable":true,"href":"https:\/\/egerhaziimre.hu\/index.php\/wp-json\/wp\/v2\/users\/4"}],"replies":[{"embeddable":true,"href":"https:\/\/egerhaziimre.hu\/index.php\/wp-json\/wp\/v2\/comments?post=1075"}],"version-history":[{"count":3,"href":"https:\/\/egerhaziimre.hu\/index.php\/wp-json\/wp\/v2\/pages\/1075\/revisions"}],"predecessor-version":[{"id":9306,"href":"https:\/\/egerhaziimre.hu\/index.php\/wp-json\/wp\/v2\/pages\/1075\/revisions\/9306"}],"up":[{"embeddable":true,"href":"https:\/\/egerhaziimre.hu\/index.php\/wp-json\/wp\/v2\/pages\/31"}],"wp:featuredmedia":[{"embeddable":true,"href":"https:\/\/egerhaziimre.hu\/index.php\/wp-json\/wp\/v2\/media\/1161"}],"wp:attachment":[{"href":"https:\/\/egerhaziimre.hu\/index.php\/wp-json\/wp\/v2\/media?parent=1075"}],"wp:term":[{"taxonomy":"category","embeddable":true,"href":"https:\/\/egerhaziimre.hu\/index.php\/wp-json\/wp\/v2\/categories?post=1075"},{"taxonomy":"post_tag","embeddable":true,"href":"https:\/\/egerhaziimre.hu\/index.php\/wp-json\/wp\/v2\/tags?post=1075"}],"curies":[{"name":"wp","href":"https:\/\/api.w.org\/{rel}","templated":true}]}}