{"id":10755,"date":"1999-10-12T14:18:18","date_gmt":"1999-10-12T12:18:18","guid":{"rendered":"https:\/\/egerhaziimre.hu\/?page_id=10755"},"modified":"2021-03-10T16:35:28","modified_gmt":"2021-03-10T15:35:28","slug":"egerhazi-imre-viragcsendeletei-benyei-jozsef-1999","status":"publish","type":"page","link":"https:\/\/egerhaziimre.hu\/index.php\/eletrajz\/irasok-egerhazi-imrerol\/egerhazi-imre-viragcsendeletei-benyei-jozsef-1999\/","title":{"rendered":"\u00c9gerh\u00e1zi Imre vir\u00e1gcsend\u00e9letei, B\u00e9nyei J\u00f3zsef, 1999"},"content":{"rendered":"<div class=\"wpb-content-wrapper\">[vc_row][vc_column][vc_row_inner][vc_column_inner width=&#8221;1\/2&#8243;][vc_column_text]\n<h6>\u00c9gerh\u00e1zi Imre vir\u00e1gcsend\u00e9letei<\/h6>\n<p><em>A fest\u0151 \u00e9s vil\u00e1ga<\/em><\/p>\n<p>\u201eA fest\u00e9szet n\u00e9ma k\u00f6lt\u00e9szet, a k\u00f6lt\u00e9szet besz\u00e9l\u0151 fest\u00e9szet.\u201d\u00a0Ritk\u00e1n \u00e9reztem igazabbnak Szimonid\u00e9sz h\u00edres mond\u00e1s\u00e1t, mint \u00c9gerh\u00e1zi Imre csend\u00e9letei eset\u00e9ben. Ezek az alkot\u00e1sok melegf\u00e9ny\u0171, \u00e9rz\u00e9keny, bens\u0151s\u00e9ges el\u00e9gi\u00e1k, ha a k\u00f6lt\u00e9szet nyelv\u00e9n pr\u00f3b\u00e1lom megfogalmazni \u0151ket. T\u00e1vol \u00e1ll t\u0151l\u00fck a rapsz\u00f3dia, az \u00f3da, a himnusz, a ballada, az epigramma, az eposz, legfeljebb a finom tisztas\u00e1g\u00fa l\u00edrai dal vonz\u00f3dik az el\u00e9gi\u00e1khoz. \u00c9gerh\u00e1zi vir\u00e1gai soha nem hars\u00e1nyak, nem lobognak, a h\u00e1tt\u00e9r nem vak\u00edt, hanem a barn\u00e1nak, z\u00f6ldnek \u00e9s s\u00e1rg\u00e1nak saj\u00e1tosan szem\u00e9lyes kever\u00e9k\u00e9b\u0151l alakul a k\u00e9p, kiss\u00e9 az \u00f6r\u00f6k elm\u00fal\u00e1s \u0151szi hangulat\u00e1t, kiss\u00e9 az \u00f6r\u00f6kk\u00e9 meg\u00fajul\u00f3 tavaszt jelk\u00e9pezve. Sz\u00e9pek a sz\u00f3 eredeti \u00e9rtelm\u00e9ben, legyenek b\u00e1r a k\u00e9pen konkr\u00e9t felismerhet\u0151 vir\u00e1gok, vagy elvontabb, \u00e1ttetsz\u0151bb, a \u201evir\u00e1gs\u00e1g\u201d l\u00e9nyeg\u00e9t kutat\u00f3 sz\u00ednvari\u00e1ci\u00f3k. A fest\u0151m\u0171v\u00e9sz \u00f6tlete volt, hogy ezek mell\u00e9 a csend\u00e9letek mell\u00e9 tegy\u00fck oda a k\u00f6lt\u00e9szetet is. A t\u00e1j \u00e1ltal ihletett k\u00e9pek mell\u00e9 a t\u00e1j sz\u00fcl\u00f6tteinek, ide k\u00f6t\u0151d\u0151 alkot\u00f3inak k\u00f6ltem\u00e9nyeit.<\/p>\n<p>Sz\u00f3 sincs teh\u00e1t arr\u00f3l, hogy ezek a k\u00e9pek a versek ihletetts\u00e9g\u00e9ben sz\u00fclettek volna, de arr\u00f3l sincs, hogy a k\u00e9pek konkr\u00e9tan \u00e9rintett\u00e9k volna meg a k\u00f6lt\u0151ket a vers sz\u00fclet\u00e9se k\u00f6zben. A szerkeszt\u0151 szesz\u00e9lye rakta \u0151ket egym\u00e1s mell\u00e9. Azzal a sz\u00e1nd\u00e9kkal, hogy a fest\u0151 is, a k\u00f6lt\u0151 is mondhassa el, mi\u00e9rt tartja a vir\u00e1got t\u00e9m\u00e1nak a m\u0171v\u00e9szet\u00e9ben.<\/p>\n<p>A k\u00e9pek \u00e9s versek egym\u00e1st\u00f3l f\u00fcggetlen\u00fcl keletkeztek, \u00e1m a szerkeszt\u0151 \u00fagy \u00e9rezte: k\u00f6z\u00fck van egym\u00e1shoz. Van olyan \u00e9rzelmi \u00e9s intellektu\u00e1lis kapcsolat, ami term\u00e9szetess\u00e9 teszi egy\u00fcttes megjelen\u00e9s\u00fcket. Goya: \u201eA fest\u00e9szet csak \u00fagy, mint a k\u00f6lt\u00e9szet, kiv\u00e1lasztja a vil\u00e1gmindens\u00e9gb\u0151l azt, ami c\u00e9lj\u00e1nak a legjobban megfelel.\u201d\u00a0Mi ez a c\u00e9l? A l\u00e9tez\u00e9s titkainak min\u00e9l m\u00e9lyebb kutat\u00e1sa, az ember \u00e9s vil\u00e1g kapcsolat\u00e1nak meg\u00e9rt\u00e9se, a sz\u00e9ps\u00e9g megtal\u00e1l\u00e1sa \u00e9s felmutat\u00e1sa.[\/vc_column_text][\/vc_column_inner][vc_column_inner width=&#8221;1\/2&#8243;][vc_empty_space height=&#8221;96px&#8221;][vc_single_image image=&#8221;11066&#8243; img_size=&#8221;large&#8221; alignment=&#8221;center&#8221; style=&#8221;xtd-shadow&#8211;normal-light&#8221; onclick=&#8221;link_image&#8221;][\/vc_column_inner][\/vc_row_inner][vc_column_text]A fest\u0151is\u00e9g el\u0151t\u00e9rbe ker\u00fcl\u00e9se a fest\u00e9szetben l\u00edraibb\u00e1 tette a v\u00e1sznakat, ez\u00e1ltal a k\u00f6lt\u00e9szet \u00e9s a k\u00e9p\u00edr\u00f3 m\u0171v\u00e9szet k\u00f6zeledett egym\u00e1shoz. Gondoljuk el, hogy Rimbaud sz\u00ednekkel pr\u00f3b\u00e1lta meghat\u00e1rozni a nyelv alapegys\u00e9geit, a hangz\u00f3kat:\u00a0\u201eSzurok \u00c1! h\u00f3 \u00c9! r\u0151t I! z\u00f6ld \u00dc! K\u00e9k O! \u2013 csak egyszer \/ lehessek titkotok mind elbesz\u00e9lni b\u00e1tor!\u201d\u00a0K\u00f6lt\u00e9szet \u00e9s fest\u00e9szet kapcsolat\u00e1r\u00f3l vall igen sz\u00e9pen Aragon is:\u00a0\u201eFelt\u00e1rom illat\u00e1t a t\u0171n\u0151 alakoknak \/ Felt\u00e1rom hogy a h\u00f3 pap\u00edr mi\u00e9rt dalol \/ Felt\u00e1rom mi ad k\u00f6nny\u0171s\u00e9get a lombnak \/ S az \u00e1gnak mely lassan ring\u00f3 kark\u00e9nt hajol.\u201d\u00a0Ide k\u00edv\u00e1nkozna sz\u00ednek \u00e9s illatok kapcsolat\u00e1r\u00f3l Sz\u0151nyi Istv\u00e1n n\u00e9h\u00e1ny igaz \u00e9s sz\u00e9p gondolata is.<\/p>\n<p>\u00c9gerh\u00e1zi Imre fest\u00e9szet\u00e9ben er\u0151s a finom l\u00edrais\u00e1g. K\u00fcl\u00f6n\u00f6sen csend\u00e9leteiben. Ebben a k\u00fcl\u00f6n\u00f6s fest\u0151i m\u0171fajban, amely \u2013 a renesz\u00e1nsz j\u00e1rul\u00e9kos vir\u00e1gelemei \u00e9s az \u0151si kelet fest\u00e9szet mot\u00edvumai, ornament\u00e1lis d\u00edsz\u00edt\u00e9sei ut\u00e1n \u2013 l\u00e9nyeg\u00e9gen a 17. sz\u00e1zadi holland fest\u00e9szetben bontakozott ki. Azt\u00e1n k\u00e1pr\u00e1zatos t\u00f6rt\u00e9nelmi utat j\u00e1rt be. Chardint\u0151l Delacroix-n, Corinth, Manet, Monet, Rodin, C\u00e9zanne, Van Gogh m\u0171v\u00e9szet\u00e9n \u00e1t vezet az \u00fat m\u00e1ig. (\u00e9s ez csak \u00e9rint\u0151leges p\u00e9ldaanyag.)<\/p>\n<p>A csend\u00e9let lehet\u0151s\u00e9g\u00e9t nagyon sokszor \u00fagy haszn\u00e1lj\u00e1k a fest\u0151k, hogy pazar sz\u00edn\u00f6z\u00f6nt var\u00e1zsolnak a v\u00e1szonra. \u00cdgy haszn\u00e1lta pl. a mi Munk\u00e1csynk \u00e9s \u00edgy Holl\u00f3 L\u00e1szl\u00f3 is, akinek vir\u00e1gcsend\u00e9leteit \u00f6n\u00e1ll\u00f3 k\u00f6tetben el\u0151sz\u00f6r adt\u00e1k ki Debrecenben Papp J\u00e1nos n\u00e9pdalgy\u0171jt\u00e9seivel, Ujv\u00e1ry Zolt\u00e1n professzor j\u00f3volt\u00e1b\u00f3l, 1972-ben. Mi\u00e9rt alkalmas m\u0171faj a vir\u00e1gcsend\u00e9let a m\u0171v\u00e9sz\u00e9 \u00e9rzelmi vil\u00e1g\u00e1nak kivet\u00edt\u00e9s\u00e9re? Mert egyszerre van benne t\u00e9m\u00e1j\u00e1val az \u00e9letben s egyszerre szak\u00edtja ki a t\u00e9m\u00e1t a term\u00e9szetb\u0151l. Egyes nyelvekben a csend\u00e9letet eleve \u201ehalott term\u00e9szet\u201d-nek nevezik (pl. az olaszban: \u201enatura morta\u201d), ezzel is kifejezve, hogy a term\u00e9szet vil\u00e1g\u00e1t tudatosan m\u00e1s t\u00e9rbe helyezik. Jelen van a term\u00e9szet, de \u00fagy, mintha a kiragadott mot\u00edvum k\u00f6r\u00fcl meg\u00e1llt volna az id\u0151. Azt hiszem, \u00c9gerh\u00e1zi is valami ilyesmit akart csend\u00e9leteivel; meg\u00e1ll\u00edtani az id\u0151t, megragadni a t\u0171n\u00e9keny sz\u00e9ps\u00e9get, szembefordulni a muland\u00f3s\u00e1ggal. Tal\u00e1n csak egy-k\u00e9t csend\u00e9let\u00e9n van az asztalon lehullott szirom vagy vir\u00e1gfej.<\/p>\n<p>Az \u0151 csend\u00e9letei nem az elm\u00fal\u00e1s t\u00f6rv\u00e9nyszer\u0171s\u00e9g\u00e9t, de nem is a l\u00e9tez\u00e9s hars\u00e1ny diadal\u00e1t mutatj\u00e1k, hanem a cs\u00f6ndes der\u0171t, a finom sz\u00e9ps\u00e9geket, a meg\u00e1ll\u00edtott pillanatot.<br \/>\n\u00cdgy \u00e9p\u00fclhet a vir\u00e1gok k\u00f6z\u00e9 az id\u0151t szimboliz\u00e1l\u00f3 \u00f3ra, az \u00e9rett term\u00e9szetre utal\u00f3 k\u00f6rte, egy sz\u00e9p asszonyi arc, az annyira szeretett erd\u00e9lyi t\u00e1j, vagy a magyar n\u00e9pm\u0171v\u00e9szet jelk\u00e9pi mot\u00edvumai.<\/p>\n<p>Ehhez az atmoszf\u00e9r\u00e1hoz, hangulathoz \u00c9gerh\u00e1zi technik\u00e1t is tal\u00e1lt. A csend\u00e9letek t\u00f6bbs\u00e9ge monotypia (a pasztellek \u00e9s olajk\u00e9pek mellett), az \u00fcvegre vagy f\u00e9mlapra rakott olajfest\u00e9k lek\u00e9pez\u00e9se nedves pap\u00edrra \u0151rzi a grafika jellegzetess\u00e9geit \u00e9s a festm\u00e9ny lehet\u0151s\u00e9geit.<\/p>\n<p>\u00c1ttetsz\u0151 finoms\u00e1g, laza kont\u00farok \u00e9lnek \u00edgy a k\u00e9peken, kicsit misztikus viszonyt is teremtve alkot\u00f3 \u00e9s t\u00e1rgy, vir\u00e1g \u00e9s ember k\u00f6z\u00f6tt. A versek k\u00f6z\u00fcl is olyanokat igyekeztem kiv\u00e1lasztani, amelyek hangulatukban hordozz\u00e1k a finoms\u00e1g, b\u00f6lcs der\u0171, \u00e1ttetsz\u0151 sz\u00e9ps\u00e9g jegyeit. Szem el\u0151tt tartva Vincent van Gogh t\u00f6rv\u00e9nyk\u00e9nt kezelhet\u0151 szavait:\u00a0\u201eNem a l\u00e1tszatot keresem, hanem a l\u00e9nyeget, azt ami a jelens\u00e9gek m\u00f6g\u00f6tt rejlik, azt, ami az \u00e9let titka.\u201d H\u00e1tha a k\u00e9pek \u00e9s versek egy\u00fctt nem csup\u00e1n a fest\u0151 \u00e9s k\u00f6lt\u0151k tal\u00e1lkoz\u00e1s\u00e1t, hanem azt is jelentik majd, hogy olvas\u00f3k \u00e9s n\u00e9z\u0151k r\u00e9szeseiv\u00e9 v\u00e1lnak annak a csod\u00e1latos \u00e1ramk\u00f6rnek, amelyet m\u0171v\u00e9szetnek neveznek.<\/p>\n<p>B\u00e9nyei J\u00f3zsef[\/vc_column_text][\/vc_column][\/vc_row]\n<\/div>","protected":false},"excerpt":{"rendered":"<p>[vc_row][vc_column][vc_row_inner][vc_column_inner width=&#8221;1\/2&#8243;][vc_column_text] \u00c9gerh\u00e1zi Imre vir\u00e1gcsend\u00e9letei A fest\u0151 \u00e9s vil\u00e1ga \u201eA fest\u00e9szet n\u00e9ma k\u00f6lt\u00e9szet, a k\u00f6lt\u00e9szet besz\u00e9l\u0151 fest\u00e9szet.\u201d\u00a0Ritk\u00e1n \u00e9reztem igazabbnak Szimonid\u00e9sz h\u00edres mond\u00e1s\u00e1t, mint \u00c9gerh\u00e1zi Imre csend\u00e9letei eset\u00e9ben. Ezek az alkot\u00e1sok melegf\u00e9ny\u0171, \u00e9rz\u00e9keny, bens\u0151s\u00e9ges el\u00e9gi\u00e1k, ha a k\u00f6lt\u00e9szet nyelv\u00e9n pr\u00f3b\u00e1lom megfogalmazni \u0151ket. T\u00e1vol \u00e1ll t\u0151l\u00fck a rapsz\u00f3dia, az \u00f3da, a himnusz, a ballada, az epigramma, az eposz, legfeljebb a finom tisztas\u00e1g\u00fa [&hellip;]<\/p>\n","protected":false},"author":4,"featured_media":11066,"parent":10535,"menu_order":0,"comment_status":"closed","ping_status":"closed","template":"","meta":{"footnotes":""},"categories":[219],"tags":[29],"class_list":["post-10755","page","type-page","status-publish","has-post-thumbnail","hentry","category-irasok_egerhazi_imrerol","tag-29"],"yoast_head":"<!-- This site is optimized with the Yoast SEO plugin v27.3 - https:\/\/yoast.com\/product\/yoast-seo-wordpress\/ -->\n<title>\u00c9gerh\u00e1zi Imre vir\u00e1gcsend\u00e9letei, B\u00e9nyei J\u00f3zsef, 1999 - \u00c9gerh\u00e1zi Imre<\/title>\n<meta name=\"robots\" content=\"index, follow, max-snippet:-1, max-image-preview:large, max-video-preview:-1\" \/>\n<link rel=\"canonical\" href=\"https:\/\/egerhaziimre.hu\/index.php\/eletrajz\/irasok-egerhazi-imrerol\/egerhazi-imre-viragcsendeletei-benyei-jozsef-1999\/?lang=en\" \/>\n<meta property=\"og:locale\" content=\"hu_HU\" \/>\n<meta property=\"og:type\" content=\"article\" \/>\n<meta property=\"og:title\" content=\"\u00c9gerh\u00e1zi Imre vir\u00e1gcsend\u00e9letei, B\u00e9nyei J\u00f3zsef, 1999 - \u00c9gerh\u00e1zi Imre\" \/>\n<meta property=\"og:description\" content=\"[vc_row][vc_column][vc_row_inner][vc_column_inner width=&#8221;1\/2&#8243;][vc_column_text] \u00c9gerh\u00e1zi Imre vir\u00e1gcsend\u00e9letei A fest\u0151 \u00e9s vil\u00e1ga \u201eA fest\u00e9szet n\u00e9ma k\u00f6lt\u00e9szet, a k\u00f6lt\u00e9szet besz\u00e9l\u0151 fest\u00e9szet.\u201d\u00a0Ritk\u00e1n \u00e9reztem igazabbnak Szimonid\u00e9sz h\u00edres mond\u00e1s\u00e1t, mint \u00c9gerh\u00e1zi Imre csend\u00e9letei eset\u00e9ben. Ezek az alkot\u00e1sok melegf\u00e9ny\u0171, \u00e9rz\u00e9keny, bens\u0151s\u00e9ges el\u00e9gi\u00e1k, ha a k\u00f6lt\u00e9szet nyelv\u00e9n pr\u00f3b\u00e1lom megfogalmazni \u0151ket. T\u00e1vol \u00e1ll t\u0151l\u00fck a rapsz\u00f3dia, az \u00f3da, a himnusz, a ballada, az epigramma, az eposz, legfeljebb a finom tisztas\u00e1g\u00fa [&hellip;]\" \/>\n<meta property=\"og:url\" content=\"https:\/\/egerhaziimre.hu\/index.php\/eletrajz\/irasok-egerhazi-imrerol\/egerhazi-imre-viragcsendeletei-benyei-jozsef-1999\/?lang=en\" \/>\n<meta property=\"og:site_name\" content=\"\u00c9gerh\u00e1zi Imre\" \/>\n<meta property=\"article:modified_time\" content=\"2021-03-10T15:35:28+00:00\" \/>\n<meta property=\"og:image\" content=\"https:\/\/egerhaziimre.hu\/wp-content\/uploads\/kepek\/2297.jpg\" \/>\n\t<meta property=\"og:image:width\" content=\"375\" \/>\n\t<meta property=\"og:image:height\" content=\"557\" \/>\n\t<meta property=\"og:image:type\" content=\"image\/jpeg\" \/>\n<meta name=\"twitter:card\" content=\"summary_large_image\" \/>\n<meta name=\"twitter:image\" content=\"https:\/\/egerhaziimre.hu\/wp-content\/uploads\/kepek\/2297.jpg\" \/>\n<meta name=\"twitter:label1\" content=\"Becs\u00fclt olvas\u00e1si id\u0151\" \/>\n\t<meta name=\"twitter:data1\" content=\"5 perc\" \/>\n<script type=\"application\/ld+json\" class=\"yoast-schema-graph\">{\"@context\":\"https:\\\/\\\/schema.org\",\"@graph\":[{\"@type\":\"WebPage\",\"@id\":\"https:\\\/\\\/egerhaziimre.hu\\\/index.php\\\/eletrajz\\\/irasok-egerhazi-imrerol\\\/egerhazi-imre-viragcsendeletei-benyei-jozsef-1999\\\/?lang=en\",\"url\":\"https:\\\/\\\/egerhaziimre.hu\\\/index.php\\\/eletrajz\\\/irasok-egerhazi-imrerol\\\/egerhazi-imre-viragcsendeletei-benyei-jozsef-1999\\\/?lang=en\",\"name\":\"\u00c9gerh\u00e1zi Imre vir\u00e1gcsend\u00e9letei, B\u00e9nyei J\u00f3zsef, 1999 - \u00c9gerh\u00e1zi Imre\",\"isPartOf\":{\"@id\":\"https:\\\/\\\/egerhaziimre.hu\\\/#website\"},\"primaryImageOfPage\":{\"@id\":\"https:\\\/\\\/egerhaziimre.hu\\\/index.php\\\/eletrajz\\\/irasok-egerhazi-imrerol\\\/egerhazi-imre-viragcsendeletei-benyei-jozsef-1999\\\/?lang=en#primaryimage\"},\"image\":{\"@id\":\"https:\\\/\\\/egerhaziimre.hu\\\/index.php\\\/eletrajz\\\/irasok-egerhazi-imrerol\\\/egerhazi-imre-viragcsendeletei-benyei-jozsef-1999\\\/?lang=en#primaryimage\"},\"thumbnailUrl\":\"https:\\\/\\\/egerhaziimre.hu\\\/wp-content\\\/uploads\\\/kepek\\\/2297.jpg\",\"datePublished\":\"1999-10-12T12:18:18+00:00\",\"dateModified\":\"2021-03-10T15:35:28+00:00\",\"breadcrumb\":{\"@id\":\"https:\\\/\\\/egerhaziimre.hu\\\/index.php\\\/eletrajz\\\/irasok-egerhazi-imrerol\\\/egerhazi-imre-viragcsendeletei-benyei-jozsef-1999\\\/?lang=en#breadcrumb\"},\"inLanguage\":\"hu\",\"potentialAction\":[{\"@type\":\"ReadAction\",\"target\":[\"https:\\\/\\\/egerhaziimre.hu\\\/index.php\\\/eletrajz\\\/irasok-egerhazi-imrerol\\\/egerhazi-imre-viragcsendeletei-benyei-jozsef-1999\\\/?lang=en\"]}]},{\"@type\":\"ImageObject\",\"inLanguage\":\"hu\",\"@id\":\"https:\\\/\\\/egerhaziimre.hu\\\/index.php\\\/eletrajz\\\/irasok-egerhazi-imrerol\\\/egerhazi-imre-viragcsendeletei-benyei-jozsef-1999\\\/?lang=en#primaryimage\",\"url\":\"https:\\\/\\\/egerhaziimre.hu\\\/wp-content\\\/uploads\\\/kepek\\\/2297.jpg\",\"contentUrl\":\"https:\\\/\\\/egerhaziimre.hu\\\/wp-content\\\/uploads\\\/kepek\\\/2297.jpg\",\"width\":375,\"height\":557,\"caption\":\"Hajd\u00fa-Bihari k\u00f6lt\u0151k versei a vir\u00e1gokr\u00f3l, Debrecen, 1999\"},{\"@type\":\"BreadcrumbList\",\"@id\":\"https:\\\/\\\/egerhaziimre.hu\\\/index.php\\\/eletrajz\\\/irasok-egerhazi-imrerol\\\/egerhazi-imre-viragcsendeletei-benyei-jozsef-1999\\\/?lang=en#breadcrumb\",\"itemListElement\":[{\"@type\":\"ListItem\",\"position\":1,\"name\":\"Home\",\"item\":\"https:\\\/\\\/egerhaziimre.hu\\\/\"},{\"@type\":\"ListItem\",\"position\":2,\"name\":\"\u00c9letrajz\",\"item\":\"https:\\\/\\\/egerhaziimre.hu\\\/index.php\\\/eletrajz\\\/\"},{\"@type\":\"ListItem\",\"position\":3,\"name\":\"Writings about Imre \u00c9gerh\u00e1zi\",\"item\":\"https:\\\/\\\/egerhaziimre.hu\\\/index.php\\\/eletrajz\\\/irasok-egerhazi-imrerol\\\/?lang=en\"},{\"@type\":\"ListItem\",\"position\":4,\"name\":\"FLOWER STILL LIFES OF IMRE \u00c9GERH\u00c1ZI, BY J\u00d3ZSEF B\u00c9NYEI, 1999\"}]},{\"@type\":\"WebSite\",\"@id\":\"https:\\\/\\\/egerhaziimre.hu\\\/#website\",\"url\":\"https:\\\/\\\/egerhaziimre.hu\\\/\",\"name\":\"\u00c9gerh\u00e1zi Imre\",\"description\":\"\",\"potentialAction\":[{\"@type\":\"SearchAction\",\"target\":{\"@type\":\"EntryPoint\",\"urlTemplate\":\"https:\\\/\\\/egerhaziimre.hu\\\/?s={search_term_string}\"},\"query-input\":{\"@type\":\"PropertyValueSpecification\",\"valueRequired\":true,\"valueName\":\"search_term_string\"}}],\"inLanguage\":\"hu\"}]}<\/script>\n<!-- \/ Yoast SEO plugin. -->","yoast_head_json":{"title":"\u00c9gerh\u00e1zi Imre vir\u00e1gcsend\u00e9letei, B\u00e9nyei J\u00f3zsef, 1999 - \u00c9gerh\u00e1zi Imre","robots":{"index":"index","follow":"follow","max-snippet":"max-snippet:-1","max-image-preview":"max-image-preview:large","max-video-preview":"max-video-preview:-1"},"canonical":"https:\/\/egerhaziimre.hu\/index.php\/eletrajz\/irasok-egerhazi-imrerol\/egerhazi-imre-viragcsendeletei-benyei-jozsef-1999\/?lang=en","og_locale":"hu_HU","og_type":"article","og_title":"\u00c9gerh\u00e1zi Imre vir\u00e1gcsend\u00e9letei, B\u00e9nyei J\u00f3zsef, 1999 - \u00c9gerh\u00e1zi Imre","og_description":"[vc_row][vc_column][vc_row_inner][vc_column_inner width=&#8221;1\/2&#8243;][vc_column_text] \u00c9gerh\u00e1zi Imre vir\u00e1gcsend\u00e9letei A fest\u0151 \u00e9s vil\u00e1ga \u201eA fest\u00e9szet n\u00e9ma k\u00f6lt\u00e9szet, a k\u00f6lt\u00e9szet besz\u00e9l\u0151 fest\u00e9szet.\u201d\u00a0Ritk\u00e1n \u00e9reztem igazabbnak Szimonid\u00e9sz h\u00edres mond\u00e1s\u00e1t, mint \u00c9gerh\u00e1zi Imre csend\u00e9letei eset\u00e9ben. Ezek az alkot\u00e1sok melegf\u00e9ny\u0171, \u00e9rz\u00e9keny, bens\u0151s\u00e9ges el\u00e9gi\u00e1k, ha a k\u00f6lt\u00e9szet nyelv\u00e9n pr\u00f3b\u00e1lom megfogalmazni \u0151ket. T\u00e1vol \u00e1ll t\u0151l\u00fck a rapsz\u00f3dia, az \u00f3da, a himnusz, a ballada, az epigramma, az eposz, legfeljebb a finom tisztas\u00e1g\u00fa [&hellip;]","og_url":"https:\/\/egerhaziimre.hu\/index.php\/eletrajz\/irasok-egerhazi-imrerol\/egerhazi-imre-viragcsendeletei-benyei-jozsef-1999\/?lang=en","og_site_name":"\u00c9gerh\u00e1zi Imre","article_modified_time":"2021-03-10T15:35:28+00:00","og_image":[{"width":375,"height":557,"url":"https:\/\/egerhaziimre.hu\/wp-content\/uploads\/kepek\/2297.jpg","type":"image\/jpeg"}],"twitter_card":"summary_large_image","twitter_image":"https:\/\/egerhaziimre.hu\/wp-content\/uploads\/kepek\/2297.jpg","twitter_misc":{"Becs\u00fclt olvas\u00e1si id\u0151":"5 perc"},"schema":{"@context":"https:\/\/schema.org","@graph":[{"@type":"WebPage","@id":"https:\/\/egerhaziimre.hu\/index.php\/eletrajz\/irasok-egerhazi-imrerol\/egerhazi-imre-viragcsendeletei-benyei-jozsef-1999\/?lang=en","url":"https:\/\/egerhaziimre.hu\/index.php\/eletrajz\/irasok-egerhazi-imrerol\/egerhazi-imre-viragcsendeletei-benyei-jozsef-1999\/?lang=en","name":"\u00c9gerh\u00e1zi Imre vir\u00e1gcsend\u00e9letei, B\u00e9nyei J\u00f3zsef, 1999 - \u00c9gerh\u00e1zi Imre","isPartOf":{"@id":"https:\/\/egerhaziimre.hu\/#website"},"primaryImageOfPage":{"@id":"https:\/\/egerhaziimre.hu\/index.php\/eletrajz\/irasok-egerhazi-imrerol\/egerhazi-imre-viragcsendeletei-benyei-jozsef-1999\/?lang=en#primaryimage"},"image":{"@id":"https:\/\/egerhaziimre.hu\/index.php\/eletrajz\/irasok-egerhazi-imrerol\/egerhazi-imre-viragcsendeletei-benyei-jozsef-1999\/?lang=en#primaryimage"},"thumbnailUrl":"https:\/\/egerhaziimre.hu\/wp-content\/uploads\/kepek\/2297.jpg","datePublished":"1999-10-12T12:18:18+00:00","dateModified":"2021-03-10T15:35:28+00:00","breadcrumb":{"@id":"https:\/\/egerhaziimre.hu\/index.php\/eletrajz\/irasok-egerhazi-imrerol\/egerhazi-imre-viragcsendeletei-benyei-jozsef-1999\/?lang=en#breadcrumb"},"inLanguage":"hu","potentialAction":[{"@type":"ReadAction","target":["https:\/\/egerhaziimre.hu\/index.php\/eletrajz\/irasok-egerhazi-imrerol\/egerhazi-imre-viragcsendeletei-benyei-jozsef-1999\/?lang=en"]}]},{"@type":"ImageObject","inLanguage":"hu","@id":"https:\/\/egerhaziimre.hu\/index.php\/eletrajz\/irasok-egerhazi-imrerol\/egerhazi-imre-viragcsendeletei-benyei-jozsef-1999\/?lang=en#primaryimage","url":"https:\/\/egerhaziimre.hu\/wp-content\/uploads\/kepek\/2297.jpg","contentUrl":"https:\/\/egerhaziimre.hu\/wp-content\/uploads\/kepek\/2297.jpg","width":375,"height":557,"caption":"Hajd\u00fa-Bihari k\u00f6lt\u0151k versei a vir\u00e1gokr\u00f3l, Debrecen, 1999"},{"@type":"BreadcrumbList","@id":"https:\/\/egerhaziimre.hu\/index.php\/eletrajz\/irasok-egerhazi-imrerol\/egerhazi-imre-viragcsendeletei-benyei-jozsef-1999\/?lang=en#breadcrumb","itemListElement":[{"@type":"ListItem","position":1,"name":"Home","item":"https:\/\/egerhaziimre.hu\/"},{"@type":"ListItem","position":2,"name":"\u00c9letrajz","item":"https:\/\/egerhaziimre.hu\/index.php\/eletrajz\/"},{"@type":"ListItem","position":3,"name":"Writings about Imre \u00c9gerh\u00e1zi","item":"https:\/\/egerhaziimre.hu\/index.php\/eletrajz\/irasok-egerhazi-imrerol\/?lang=en"},{"@type":"ListItem","position":4,"name":"FLOWER STILL LIFES OF IMRE \u00c9GERH\u00c1ZI, BY J\u00d3ZSEF B\u00c9NYEI, 1999"}]},{"@type":"WebSite","@id":"https:\/\/egerhaziimre.hu\/#website","url":"https:\/\/egerhaziimre.hu\/","name":"\u00c9gerh\u00e1zi Imre","description":"","potentialAction":[{"@type":"SearchAction","target":{"@type":"EntryPoint","urlTemplate":"https:\/\/egerhaziimre.hu\/?s={search_term_string}"},"query-input":{"@type":"PropertyValueSpecification","valueRequired":true,"valueName":"search_term_string"}}],"inLanguage":"hu"}]}},"jetpack_sharing_enabled":true,"_links":{"self":[{"href":"https:\/\/egerhaziimre.hu\/index.php\/wp-json\/wp\/v2\/pages\/10755","targetHints":{"allow":["GET"]}}],"collection":[{"href":"https:\/\/egerhaziimre.hu\/index.php\/wp-json\/wp\/v2\/pages"}],"about":[{"href":"https:\/\/egerhaziimre.hu\/index.php\/wp-json\/wp\/v2\/types\/page"}],"author":[{"embeddable":true,"href":"https:\/\/egerhaziimre.hu\/index.php\/wp-json\/wp\/v2\/users\/4"}],"replies":[{"embeddable":true,"href":"https:\/\/egerhaziimre.hu\/index.php\/wp-json\/wp\/v2\/comments?post=10755"}],"version-history":[{"count":7,"href":"https:\/\/egerhaziimre.hu\/index.php\/wp-json\/wp\/v2\/pages\/10755\/revisions"}],"predecessor-version":[{"id":11819,"href":"https:\/\/egerhaziimre.hu\/index.php\/wp-json\/wp\/v2\/pages\/10755\/revisions\/11819"}],"up":[{"embeddable":true,"href":"https:\/\/egerhaziimre.hu\/index.php\/wp-json\/wp\/v2\/pages\/10535"}],"wp:featuredmedia":[{"embeddable":true,"href":"https:\/\/egerhaziimre.hu\/index.php\/wp-json\/wp\/v2\/media\/11066"}],"wp:attachment":[{"href":"https:\/\/egerhaziimre.hu\/index.php\/wp-json\/wp\/v2\/media?parent=10755"}],"wp:term":[{"taxonomy":"category","embeddable":true,"href":"https:\/\/egerhaziimre.hu\/index.php\/wp-json\/wp\/v2\/categories?post=10755"},{"taxonomy":"post_tag","embeddable":true,"href":"https:\/\/egerhaziimre.hu\/index.php\/wp-json\/wp\/v2\/tags?post=10755"}],"curies":[{"name":"wp","href":"https:\/\/api.w.org\/{rel}","templated":true}]}}