{"id":10761,"date":"2000-08-19T16:06:28","date_gmt":"2000-08-19T14:06:28","guid":{"rendered":"https:\/\/egerhaziimre.hu\/?page_id=10761"},"modified":"2021-03-10T16:44:08","modified_gmt":"2021-03-10T15:44:08","slug":"egerhazi-imre-pannojanak-avatasa-szekelyhidi-agoston-avato-beszede-2000","status":"publish","type":"page","link":"https:\/\/egerhaziimre.hu\/index.php\/eletrajz\/irasok-egerhazi-imrerol\/egerhazi-imre-pannojanak-avatasa-szekelyhidi-agoston-avato-beszede-2000\/","title":{"rendered":"\u00c9gerh\u00e1zi Imre pann\u00f3j\u00e1nak avat\u00e1sa, Sz\u00e9kelyhidi \u00c1goston avat\u00f3 besz\u00e9de, 2000"},"content":{"rendered":"<div class=\"wpb-content-wrapper\">[vc_row el_class=&#8221;margin_bottom_0 padding_bottom_0&#8243;][vc_column width=&#8221;2\/3&#8243;][vc_column_text]\n<h6>\u00c9gerh\u00e1zi Imre b\u00facs\u00faz\u00f3 alkot\u00e1s &#8211; Nagys\u00e1ndor J\u00f3zsef debreceni csat\u00e1ja 1849. augusztus 2<\/h6>\n<p>Pann\u00f3 a hajd\u00fahadh\u00e1zi v\u00e1rosh\u00e1za el\u0151ter\u00e9ben.<br \/>\nAvat\u00f3besz\u00e9d a millenniumi \u00fcnneps\u00e9gen, 2000. augusztus 19.<br \/>\nA pann\u00f3t m\u00e9ltatta: Sz\u00e9kelyhidi \u00c1goston<\/p>\n<p>Hajd\u00fahadh\u00e1z nemcsak \u00fcnnepli a magyar millenniumot, hanem gazdag\u00edtja is a nemzeti megeml\u00e9kez\u00e9s alkot\u00e1sainak sor\u00e1t. A v\u00e1rosi \u00fcnneps\u00e9g k\u00f6z\u00e9ppontj\u00e1ban \u00c9gerh\u00e1zi Imre pann\u00f3j\u00e1nak avat\u00e1sa \u00e1ll. Ez a m\u0171 \u00fagy k\u00f6t\u0151dik a nemzet t\u00f6rt\u00e9nelm\u00e9hez, hogy a v\u00e1ros \u00e9s a hajd\u00fa n\u00e9pess\u00e9g saj\u00e1ts\u00e1gos hagyom\u00e1ny\u00e1t is meg\u00f6r\u00f6k\u00edti. Nevezetesen az 1849-es debreceni csat\u00e1t \u00e1br\u00e1zolja, a szabads\u00e1gharc egyik utols\u00f3 k\u00eds\u00e9rlet\u00e9t a f\u00fcggetlens\u00e9g kiv\u00edv\u00e1s\u00e1ra. Bizonyos, hogy a magyar \u00e1llam \u00e9lete \u00e9s biztons\u00e1ga ezer \u00e9ve a f\u00fcggetlens\u00e9gen m\u00falott \u00e9s m\u00falik. N\u00e1lunk a f\u00fcggetlens\u00e9g nemcsak egy\u00e9ni \u00e9s k\u00f6z\u00f6ss\u00e9gi magatart\u00e1st, hanem a nemzet megteremtett \u00e9rt\u00e9keinek v\u00e9delm\u00e9t, az \u00e9rt\u00e9kteremt\u00e9s folytonoss\u00e1g\u00e1t is jelenti. Ez\u00e9rt becs\u00fclj\u00fck k\u00fcl\u00f6n\u00f6sen magasra a f\u00fcggetlens\u00e9get, ez\u00e9rt \u00f6vezi a h\u0151siess\u00e9g \u00e9s az \u00e1ldozatoss\u00e1g legend\u00e1inak f\u00e9nyes k\u00f6re. Ilyen legenda f\u0171z\u0151dik Hajd\u00fahadh\u00e1zhoz \u00e9s k\u00f6rny\u00e9k\u00e9hez is.<\/p>\n<p>Ez a legenda a magyar szabads\u00e1gharcosok \u00e9s az orsz\u00e1g f\u00fcggetlens\u00e9g\u00e9re t\u00f6r\u0151 osztr\u00e1k-orosz hadsereg k\u00f6z\u00f6tt 1849. augusztus 2-\u00e1n zajlott \u00fctk\u00f6zetb\u0151l mer\u00edt. A szabads\u00e1gharcosok akkor m\u00e1r utols\u00f3 csat\u00e1ikat v\u00edvt\u00e1k. Itt, Hajd\u00fahadh\u00e1z \u00e9s Debrecen k\u00f6rny\u00e9k\u00e9n a t\u00f6bbsz\u00f6r\u00f6s t\u00faler\u0151vel nem is a gy\u0151zelem, hanem csak a feltart\u00f3ztat\u00e1s, az id\u0151nyer\u00e9s c\u00e9lj\u00e1val \u00e9s rem\u00e9ny\u00e9vel sz\u00e1lltak szembe Nagys\u00e1ndor J\u00f3zsef t\u00e1bornok katon\u00e1i. M\u00e9gis tudatosan v\u00e1llalt\u00e1k a harcot, az \u00e1ldozatot. A t\u00f6rt\u00e9nelem ezt a vesztes, de h\u0151sies \u00e9s magasztos hadi tettet nevezi debreceni csat\u00e1nak.[\/vc_column_text][\/vc_column][vc_column width=&#8221;1\/3&#8243;][vc_single_image image=&#8221;5173&#8243; img_size=&#8221;large&#8221; alignment=&#8221;center&#8221; onclick=&#8221;link_image&#8221; el_class=&#8221;margin_bottom_0 padding_bottom_0&#8243;][vc_column_text css=&#8221;.vc_custom_1615391010366{padding-top: 1rem !important;padding-bottom: 1rem !important;background-color: #f9f9f9 !important;}&#8221;]\n<p style=\"text-align: center;\"><strong>Nagys\u00e1ndor J\u00f3zsef debreceni csat\u00e1ja 1849. augusztus 2.<\/strong><br \/>\nolaj, falemez, 215&#215;286 cm<br \/>\n2001<\/p>\n[\/vc_column_text][\/vc_column][\/vc_row][vc_row el_class=&#8221;margin_top_0 padding_top_0&#8243;][vc_column][vc_column_text]\u00c9gerh\u00e1zi Imre kisiskol\u00e1sk\u00e9nt hallott el\u0151sz\u00f6r a debreceni csata legend\u00e1j\u00e1r\u00f3l sz\u00fcl\u0151v\u00e1ros\u00e1ban, Hajd\u00fahadh\u00e1zon. E legenda szerint a magyar tisztek egy csoportja a v\u00e1ros hat\u00e1r\u00e1ban a Z\u00f6ld\u00e1g Fogad\u00f3ban k\u00e9sz\u00edtette a haditervet. Ceruzav\u00e1zlatok igazolj\u00e1k, hogy az eszm\u00e9lked\u0151 fi\u00faban valamikor 1940 t\u00e1jt megfogant a megjelen\u00edt\u00e9s sz\u00e1nd\u00e9ka. T\u00f6bb \u00e9s t\u00f6bbfajta v\u00e1ltozat ut\u00e1n most, a magyar millennium \u00e9veiben \u00c9gerh\u00e1zi Imre beteljes\u00edtette emberi \u00e9s m\u0171v\u00e9szi c\u00e9lj\u00e1t. \u00cdgy azt\u00e1n a nagy l\u00e9pt\u00e9k\u0171 pann\u00f3 \u00f6sszegez\u0151, \u00e9rett szeml\u00e9letre \u00e9p\u00fcl.<\/p>\n<p>Nem szok\u00e1sos csatajeleneteket l\u00e1tunk itt. \u00c9gerh\u00e1zi Imre a nemzeti f\u00fcggetlens\u00e9g h\u0151sies \u00e9s \u00e1ldozatos v\u00e9d\u0151inek legend\u00e1j\u00e1t fogalmazza meg a fest\u00e9szet nyelv\u00e9n. Ez a megfestett legenda a debreceni csata szabads\u00e1gharcosait id\u00e9zi fel \u00fagy, hogy a hiteles von\u00e1sokat jelk\u00e9pes elemekkel t\u00e1rs\u00edtja. V\u00e9gt\u00e9re is a legend\u00e1v\u00e1 v\u00e1l\u00e1s folyamat\u00e1t mag\u00e1t fejezi ki &#8211; azt, ahogyan a szem\u00e9lyek, a helysz\u00ednek, a t\u00e1rgyak, a dolgok \u00e1tszellem\u00fclnek, majd a nemzeti k\u00f6z\u00f6ss\u00e9gi eml\u00e9kezetben lelki, erk\u00f6lcsi jelent\u00e9sek hordoz\u00f3iv\u00e1 emelkednek.<\/p>\n<p>Fekv\u0151 alak\u00fa, szimmetrikus osztat\u00fa fel\u00fcleten helyezi el a mot\u00edvumokat. A fels\u0151 s\u00e1vban a helysz\u00ednt jellemzi, a hajd\u00fahadh\u00e1zi Z\u00f6ld\u00e1g Fogad\u00f3val \u00e9s a debreceni Reform\u00e1tus Nagytemplommal. A k\u00f6z\u00e9ps\u0151 mez\u0151ben csoportosulnak a f\u0151szerepl\u0151k. Nagys\u00e1ndor J\u00f3zsef t\u00e1bornokot a hajd\u00fa katon\u00e1k, a debreceni v\u00f6r\u00f6s p\u00e1ntlik\u00e1sok, a sz\u00e9kely lovass\u00e1g, a Hunyadi gr\u00e1n\u00e1tosok \u00e9s a lengyel l\u00e9gi\u00f3sok tisztjei veszik k\u00f6rbe. Ezt a mez\u0151t \u00e9s az \u00e9rintkez\u0151 als\u00f3 mez\u0151t kiterjedt alakzat uralja: a val\u00f3s\u00e1gos farkasfogas, \u00e1rp\u00e1d-s\u00e1vos, c\u00edmeres jelv\u00e9nyek jelk\u00e9pes t\u00f6rt\u00e9nelmi egys\u00e9gbe t\u00f6m\u00f6r\u00fclnek. \u00c9rdekes kiemelt p\u00e1rk\u00e9nt t\u0171nik fel Nagys\u00e1ndor J\u00f3zsef \u00e9s az oroszt hadvez\u00e9r, Paskievics herceg alakja. Ezek a kiemelt alakok egym\u00e1s ellent\u00e9tek\u00e9nt, ugyanakkor egym\u00e1s viaskod\u00f3 egyens\u00falyak\u00e9nt jelennek meg.<\/p>\n<p>\u00c9gerh\u00e1zi Imre elhagyja a f\u00f6l\u00f6sleges r\u00e9szleteket. A jelk\u00e9pess\u00e9 form\u00e1lt arcok, alakok, \u00e9p\u00fcletek mellett \u00e9pp csak korrajzi utal\u00e1sul szerepelteti a csata puszt\u00edt\u00f3 t\u0171zfelh\u0151it, az \u00f6sszet\u00f6rt \u00e1gy\u00fakat, a t\u00e9pett \u00e9s perzselt z\u00e1szl\u00f3kat. \u00cdgy egyetlen r\u00e9szlet sem vonja el a figyelmet a jelent\u00e9sek \u00f6sszess\u00e9g\u00e9r\u0151l.<\/p>\n<p>Szervesen illeszkedik a m\u0171v\u00e9szi sz\u00e1nd\u00e9khoz a pann\u00f3 s\u00edkba rendezett fel\u00fclete \u00e9s tart\u00f3zkod\u00f3, nemesen egyszer\u0171 sz\u00ednvil\u00e1ga is. A hat\u00e1s emelkedett \u00e9s megrend\u00edt\u0151 azonosul\u00e1st kelt &#8211; ezt a hat\u00e1st m\u00e9lt\u00f3nak \u00e9rezz\u00fck a h\u0151sies \u00e9s magasztos nemzeti legend\u00e1khoz. \u00c9gerh\u00e1zi Imre ezzel a pann\u00f3val egy\u00fctt gazdag\u00edtotta saj\u00e1t \u00e9letm\u0171v\u00e9t, sz\u00fcl\u0151v\u00e1ros\u00e1t \u00e9s a magyar millennium \u00fcnnepi alkalm\u00e1t.<\/p>\n<p>Sz\u00e9kelyhidi \u00c1goston<br \/>\n2000. augusztus 19.[\/vc_column_text][\/vc_column][\/vc_row]\n<\/div>","protected":false},"excerpt":{"rendered":"<p>[vc_row el_class=&#8221;margin_bottom_0 padding_bottom_0&#8243;][vc_column width=&#8221;2\/3&#8243;][vc_column_text] \u00c9gerh\u00e1zi Imre b\u00facs\u00faz\u00f3 alkot\u00e1s &#8211; Nagys\u00e1ndor J\u00f3zsef debreceni csat\u00e1ja 1849. augusztus 2 Pann\u00f3 a hajd\u00fahadh\u00e1zi v\u00e1rosh\u00e1za el\u0151ter\u00e9ben. Avat\u00f3besz\u00e9d a millenniumi \u00fcnneps\u00e9gen, 2000. augusztus 19. A pann\u00f3t m\u00e9ltatta: Sz\u00e9kelyhidi \u00c1goston Hajd\u00fahadh\u00e1z nemcsak \u00fcnnepli a magyar millenniumot, hanem gazdag\u00edtja is a nemzeti megeml\u00e9kez\u00e9s alkot\u00e1sainak sor\u00e1t. A v\u00e1rosi \u00fcnneps\u00e9g k\u00f6z\u00e9ppontj\u00e1ban \u00c9gerh\u00e1zi Imre pann\u00f3j\u00e1nak avat\u00e1sa \u00e1ll. Ez a m\u0171 \u00fagy [&hellip;]<\/p>\n","protected":false},"author":4,"featured_media":5173,"parent":10535,"menu_order":0,"comment_status":"closed","ping_status":"closed","template":"","meta":{"footnotes":""},"categories":[219],"tags":[54],"class_list":["post-10761","page","type-page","status-publish","has-post-thumbnail","hentry","category-irasok_egerhazi_imrerol","tag-54"],"yoast_head":"<!-- This site is optimized with the Yoast SEO plugin v27.3 - https:\/\/yoast.com\/product\/yoast-seo-wordpress\/ -->\n<title>\u00c9gerh\u00e1zi Imre pann\u00f3j\u00e1nak avat\u00e1sa, Sz\u00e9kelyhidi \u00c1goston avat\u00f3 besz\u00e9de, 2000 - \u00c9gerh\u00e1zi Imre<\/title>\n<meta name=\"robots\" content=\"index, follow, max-snippet:-1, max-image-preview:large, max-video-preview:-1\" \/>\n<link rel=\"canonical\" href=\"https:\/\/egerhaziimre.hu\/index.php\/eletrajz\/irasok-egerhazi-imrerol\/egerhazi-imre-pannojanak-avatasa-szekelyhidi-agoston-avato-beszede-2000\/?lang=en\" \/>\n<meta property=\"og:locale\" content=\"hu_HU\" \/>\n<meta property=\"og:type\" content=\"article\" \/>\n<meta property=\"og:title\" content=\"\u00c9gerh\u00e1zi Imre pann\u00f3j\u00e1nak avat\u00e1sa, Sz\u00e9kelyhidi \u00c1goston avat\u00f3 besz\u00e9de, 2000 - \u00c9gerh\u00e1zi Imre\" \/>\n<meta property=\"og:description\" content=\"[vc_row el_class=&#8221;margin_bottom_0 padding_bottom_0&#8243;][vc_column width=&#8221;2\/3&#8243;][vc_column_text] \u00c9gerh\u00e1zi Imre b\u00facs\u00faz\u00f3 alkot\u00e1s &#8211; Nagys\u00e1ndor J\u00f3zsef debreceni csat\u00e1ja 1849. augusztus 2 Pann\u00f3 a hajd\u00fahadh\u00e1zi v\u00e1rosh\u00e1za el\u0151ter\u00e9ben. Avat\u00f3besz\u00e9d a millenniumi \u00fcnneps\u00e9gen, 2000. augusztus 19. A pann\u00f3t m\u00e9ltatta: Sz\u00e9kelyhidi \u00c1goston Hajd\u00fahadh\u00e1z nemcsak \u00fcnnepli a magyar millenniumot, hanem gazdag\u00edtja is a nemzeti megeml\u00e9kez\u00e9s alkot\u00e1sainak sor\u00e1t. A v\u00e1rosi \u00fcnneps\u00e9g k\u00f6z\u00e9ppontj\u00e1ban \u00c9gerh\u00e1zi Imre pann\u00f3j\u00e1nak avat\u00e1sa \u00e1ll. Ez a m\u0171 \u00fagy [&hellip;]\" \/>\n<meta property=\"og:url\" content=\"https:\/\/egerhaziimre.hu\/index.php\/eletrajz\/irasok-egerhazi-imrerol\/egerhazi-imre-pannojanak-avatasa-szekelyhidi-agoston-avato-beszede-2000\/?lang=en\" \/>\n<meta property=\"og:site_name\" content=\"\u00c9gerh\u00e1zi Imre\" \/>\n<meta property=\"article:modified_time\" content=\"2021-03-10T15:44:08+00:00\" \/>\n<meta property=\"og:image\" content=\"https:\/\/egerhaziimre.hu\/wp-content\/uploads\/kepek\/1248.jpg\" \/>\n\t<meta property=\"og:image:width\" content=\"2000\" \/>\n\t<meta property=\"og:image:height\" content=\"1493\" \/>\n\t<meta property=\"og:image:type\" content=\"image\/jpeg\" \/>\n<meta name=\"twitter:card\" content=\"summary_large_image\" \/>\n<meta name=\"twitter:image\" content=\"https:\/\/egerhaziimre.hu\/wp-content\/uploads\/kepek\/1248.jpg\" \/>\n<meta name=\"twitter:label1\" content=\"Becs\u00fclt olvas\u00e1si id\u0151\" \/>\n\t<meta name=\"twitter:data1\" content=\"3 perc\" \/>\n<script type=\"application\/ld+json\" class=\"yoast-schema-graph\">{\"@context\":\"https:\\\/\\\/schema.org\",\"@graph\":[{\"@type\":\"WebPage\",\"@id\":\"https:\\\/\\\/egerhaziimre.hu\\\/index.php\\\/eletrajz\\\/irasok-egerhazi-imrerol\\\/egerhazi-imre-pannojanak-avatasa-szekelyhidi-agoston-avato-beszede-2000\\\/?lang=en\",\"url\":\"https:\\\/\\\/egerhaziimre.hu\\\/index.php\\\/eletrajz\\\/irasok-egerhazi-imrerol\\\/egerhazi-imre-pannojanak-avatasa-szekelyhidi-agoston-avato-beszede-2000\\\/?lang=en\",\"name\":\"\u00c9gerh\u00e1zi Imre pann\u00f3j\u00e1nak avat\u00e1sa, Sz\u00e9kelyhidi \u00c1goston avat\u00f3 besz\u00e9de, 2000 - \u00c9gerh\u00e1zi Imre\",\"isPartOf\":{\"@id\":\"https:\\\/\\\/egerhaziimre.hu\\\/#website\"},\"primaryImageOfPage\":{\"@id\":\"https:\\\/\\\/egerhaziimre.hu\\\/index.php\\\/eletrajz\\\/irasok-egerhazi-imrerol\\\/egerhazi-imre-pannojanak-avatasa-szekelyhidi-agoston-avato-beszede-2000\\\/?lang=en#primaryimage\"},\"image\":{\"@id\":\"https:\\\/\\\/egerhaziimre.hu\\\/index.php\\\/eletrajz\\\/irasok-egerhazi-imrerol\\\/egerhazi-imre-pannojanak-avatasa-szekelyhidi-agoston-avato-beszede-2000\\\/?lang=en#primaryimage\"},\"thumbnailUrl\":\"https:\\\/\\\/egerhaziimre.hu\\\/wp-content\\\/uploads\\\/kepek\\\/1248.jpg\",\"datePublished\":\"2000-08-19T14:06:28+00:00\",\"dateModified\":\"2021-03-10T15:44:08+00:00\",\"breadcrumb\":{\"@id\":\"https:\\\/\\\/egerhaziimre.hu\\\/index.php\\\/eletrajz\\\/irasok-egerhazi-imrerol\\\/egerhazi-imre-pannojanak-avatasa-szekelyhidi-agoston-avato-beszede-2000\\\/?lang=en#breadcrumb\"},\"inLanguage\":\"hu\",\"potentialAction\":[{\"@type\":\"ReadAction\",\"target\":[\"https:\\\/\\\/egerhaziimre.hu\\\/index.php\\\/eletrajz\\\/irasok-egerhazi-imrerol\\\/egerhazi-imre-pannojanak-avatasa-szekelyhidi-agoston-avato-beszede-2000\\\/?lang=en\"]}]},{\"@type\":\"ImageObject\",\"inLanguage\":\"hu\",\"@id\":\"https:\\\/\\\/egerhaziimre.hu\\\/index.php\\\/eletrajz\\\/irasok-egerhazi-imrerol\\\/egerhazi-imre-pannojanak-avatasa-szekelyhidi-agoston-avato-beszede-2000\\\/?lang=en#primaryimage\",\"url\":\"https:\\\/\\\/egerhaziimre.hu\\\/wp-content\\\/uploads\\\/kepek\\\/1248.jpg\",\"contentUrl\":\"https:\\\/\\\/egerhaziimre.hu\\\/wp-content\\\/uploads\\\/kepek\\\/1248.jpg\",\"width\":2000,\"height\":1493,\"caption\":\"olaj, falemez 215x286 2001\"},{\"@type\":\"BreadcrumbList\",\"@id\":\"https:\\\/\\\/egerhaziimre.hu\\\/index.php\\\/eletrajz\\\/irasok-egerhazi-imrerol\\\/egerhazi-imre-pannojanak-avatasa-szekelyhidi-agoston-avato-beszede-2000\\\/?lang=en#breadcrumb\",\"itemListElement\":[{\"@type\":\"ListItem\",\"position\":1,\"name\":\"Home\",\"item\":\"https:\\\/\\\/egerhaziimre.hu\\\/\"},{\"@type\":\"ListItem\",\"position\":2,\"name\":\"\u00c9letrajz\",\"item\":\"https:\\\/\\\/egerhaziimre.hu\\\/index.php\\\/eletrajz\\\/\"},{\"@type\":\"ListItem\",\"position\":3,\"name\":\"Writings about Imre \u00c9gerh\u00e1zi\",\"item\":\"https:\\\/\\\/egerhaziimre.hu\\\/index.php\\\/eletrajz\\\/irasok-egerhazi-imrerol\\\/?lang=en\"},{\"@type\":\"ListItem\",\"position\":4,\"name\":\"Ceremony for the panneau of Imre \u00c9gerh\u00e1zi, inaguruatation speech by \u00c1goston Sz\u00e9kelyhidi, 2000\"}]},{\"@type\":\"WebSite\",\"@id\":\"https:\\\/\\\/egerhaziimre.hu\\\/#website\",\"url\":\"https:\\\/\\\/egerhaziimre.hu\\\/\",\"name\":\"\u00c9gerh\u00e1zi Imre\",\"description\":\"\",\"potentialAction\":[{\"@type\":\"SearchAction\",\"target\":{\"@type\":\"EntryPoint\",\"urlTemplate\":\"https:\\\/\\\/egerhaziimre.hu\\\/?s={search_term_string}\"},\"query-input\":{\"@type\":\"PropertyValueSpecification\",\"valueRequired\":true,\"valueName\":\"search_term_string\"}}],\"inLanguage\":\"hu\"}]}<\/script>\n<!-- \/ Yoast SEO plugin. -->","yoast_head_json":{"title":"\u00c9gerh\u00e1zi Imre pann\u00f3j\u00e1nak avat\u00e1sa, Sz\u00e9kelyhidi \u00c1goston avat\u00f3 besz\u00e9de, 2000 - \u00c9gerh\u00e1zi Imre","robots":{"index":"index","follow":"follow","max-snippet":"max-snippet:-1","max-image-preview":"max-image-preview:large","max-video-preview":"max-video-preview:-1"},"canonical":"https:\/\/egerhaziimre.hu\/index.php\/eletrajz\/irasok-egerhazi-imrerol\/egerhazi-imre-pannojanak-avatasa-szekelyhidi-agoston-avato-beszede-2000\/?lang=en","og_locale":"hu_HU","og_type":"article","og_title":"\u00c9gerh\u00e1zi Imre pann\u00f3j\u00e1nak avat\u00e1sa, Sz\u00e9kelyhidi \u00c1goston avat\u00f3 besz\u00e9de, 2000 - \u00c9gerh\u00e1zi Imre","og_description":"[vc_row el_class=&#8221;margin_bottom_0 padding_bottom_0&#8243;][vc_column width=&#8221;2\/3&#8243;][vc_column_text] \u00c9gerh\u00e1zi Imre b\u00facs\u00faz\u00f3 alkot\u00e1s &#8211; Nagys\u00e1ndor J\u00f3zsef debreceni csat\u00e1ja 1849. augusztus 2 Pann\u00f3 a hajd\u00fahadh\u00e1zi v\u00e1rosh\u00e1za el\u0151ter\u00e9ben. Avat\u00f3besz\u00e9d a millenniumi \u00fcnneps\u00e9gen, 2000. augusztus 19. A pann\u00f3t m\u00e9ltatta: Sz\u00e9kelyhidi \u00c1goston Hajd\u00fahadh\u00e1z nemcsak \u00fcnnepli a magyar millenniumot, hanem gazdag\u00edtja is a nemzeti megeml\u00e9kez\u00e9s alkot\u00e1sainak sor\u00e1t. A v\u00e1rosi \u00fcnneps\u00e9g k\u00f6z\u00e9ppontj\u00e1ban \u00c9gerh\u00e1zi Imre pann\u00f3j\u00e1nak avat\u00e1sa \u00e1ll. Ez a m\u0171 \u00fagy [&hellip;]","og_url":"https:\/\/egerhaziimre.hu\/index.php\/eletrajz\/irasok-egerhazi-imrerol\/egerhazi-imre-pannojanak-avatasa-szekelyhidi-agoston-avato-beszede-2000\/?lang=en","og_site_name":"\u00c9gerh\u00e1zi Imre","article_modified_time":"2021-03-10T15:44:08+00:00","og_image":[{"width":2000,"height":1493,"url":"https:\/\/egerhaziimre.hu\/wp-content\/uploads\/kepek\/1248.jpg","type":"image\/jpeg"}],"twitter_card":"summary_large_image","twitter_image":"https:\/\/egerhaziimre.hu\/wp-content\/uploads\/kepek\/1248.jpg","twitter_misc":{"Becs\u00fclt olvas\u00e1si id\u0151":"3 perc"},"schema":{"@context":"https:\/\/schema.org","@graph":[{"@type":"WebPage","@id":"https:\/\/egerhaziimre.hu\/index.php\/eletrajz\/irasok-egerhazi-imrerol\/egerhazi-imre-pannojanak-avatasa-szekelyhidi-agoston-avato-beszede-2000\/?lang=en","url":"https:\/\/egerhaziimre.hu\/index.php\/eletrajz\/irasok-egerhazi-imrerol\/egerhazi-imre-pannojanak-avatasa-szekelyhidi-agoston-avato-beszede-2000\/?lang=en","name":"\u00c9gerh\u00e1zi Imre pann\u00f3j\u00e1nak avat\u00e1sa, Sz\u00e9kelyhidi \u00c1goston avat\u00f3 besz\u00e9de, 2000 - \u00c9gerh\u00e1zi Imre","isPartOf":{"@id":"https:\/\/egerhaziimre.hu\/#website"},"primaryImageOfPage":{"@id":"https:\/\/egerhaziimre.hu\/index.php\/eletrajz\/irasok-egerhazi-imrerol\/egerhazi-imre-pannojanak-avatasa-szekelyhidi-agoston-avato-beszede-2000\/?lang=en#primaryimage"},"image":{"@id":"https:\/\/egerhaziimre.hu\/index.php\/eletrajz\/irasok-egerhazi-imrerol\/egerhazi-imre-pannojanak-avatasa-szekelyhidi-agoston-avato-beszede-2000\/?lang=en#primaryimage"},"thumbnailUrl":"https:\/\/egerhaziimre.hu\/wp-content\/uploads\/kepek\/1248.jpg","datePublished":"2000-08-19T14:06:28+00:00","dateModified":"2021-03-10T15:44:08+00:00","breadcrumb":{"@id":"https:\/\/egerhaziimre.hu\/index.php\/eletrajz\/irasok-egerhazi-imrerol\/egerhazi-imre-pannojanak-avatasa-szekelyhidi-agoston-avato-beszede-2000\/?lang=en#breadcrumb"},"inLanguage":"hu","potentialAction":[{"@type":"ReadAction","target":["https:\/\/egerhaziimre.hu\/index.php\/eletrajz\/irasok-egerhazi-imrerol\/egerhazi-imre-pannojanak-avatasa-szekelyhidi-agoston-avato-beszede-2000\/?lang=en"]}]},{"@type":"ImageObject","inLanguage":"hu","@id":"https:\/\/egerhaziimre.hu\/index.php\/eletrajz\/irasok-egerhazi-imrerol\/egerhazi-imre-pannojanak-avatasa-szekelyhidi-agoston-avato-beszede-2000\/?lang=en#primaryimage","url":"https:\/\/egerhaziimre.hu\/wp-content\/uploads\/kepek\/1248.jpg","contentUrl":"https:\/\/egerhaziimre.hu\/wp-content\/uploads\/kepek\/1248.jpg","width":2000,"height":1493,"caption":"olaj, falemez 215x286 2001"},{"@type":"BreadcrumbList","@id":"https:\/\/egerhaziimre.hu\/index.php\/eletrajz\/irasok-egerhazi-imrerol\/egerhazi-imre-pannojanak-avatasa-szekelyhidi-agoston-avato-beszede-2000\/?lang=en#breadcrumb","itemListElement":[{"@type":"ListItem","position":1,"name":"Home","item":"https:\/\/egerhaziimre.hu\/"},{"@type":"ListItem","position":2,"name":"\u00c9letrajz","item":"https:\/\/egerhaziimre.hu\/index.php\/eletrajz\/"},{"@type":"ListItem","position":3,"name":"Writings about Imre \u00c9gerh\u00e1zi","item":"https:\/\/egerhaziimre.hu\/index.php\/eletrajz\/irasok-egerhazi-imrerol\/?lang=en"},{"@type":"ListItem","position":4,"name":"Ceremony for the panneau of Imre \u00c9gerh\u00e1zi, inaguruatation speech by \u00c1goston Sz\u00e9kelyhidi, 2000"}]},{"@type":"WebSite","@id":"https:\/\/egerhaziimre.hu\/#website","url":"https:\/\/egerhaziimre.hu\/","name":"\u00c9gerh\u00e1zi Imre","description":"","potentialAction":[{"@type":"SearchAction","target":{"@type":"EntryPoint","urlTemplate":"https:\/\/egerhaziimre.hu\/?s={search_term_string}"},"query-input":{"@type":"PropertyValueSpecification","valueRequired":true,"valueName":"search_term_string"}}],"inLanguage":"hu"}]}},"jetpack_sharing_enabled":true,"_links":{"self":[{"href":"https:\/\/egerhaziimre.hu\/index.php\/wp-json\/wp\/v2\/pages\/10761","targetHints":{"allow":["GET"]}}],"collection":[{"href":"https:\/\/egerhaziimre.hu\/index.php\/wp-json\/wp\/v2\/pages"}],"about":[{"href":"https:\/\/egerhaziimre.hu\/index.php\/wp-json\/wp\/v2\/types\/page"}],"author":[{"embeddable":true,"href":"https:\/\/egerhaziimre.hu\/index.php\/wp-json\/wp\/v2\/users\/4"}],"replies":[{"embeddable":true,"href":"https:\/\/egerhaziimre.hu\/index.php\/wp-json\/wp\/v2\/comments?post=10761"}],"version-history":[{"count":13,"href":"https:\/\/egerhaziimre.hu\/index.php\/wp-json\/wp\/v2\/pages\/10761\/revisions"}],"predecessor-version":[{"id":11823,"href":"https:\/\/egerhaziimre.hu\/index.php\/wp-json\/wp\/v2\/pages\/10761\/revisions\/11823"}],"up":[{"embeddable":true,"href":"https:\/\/egerhaziimre.hu\/index.php\/wp-json\/wp\/v2\/pages\/10535"}],"wp:featuredmedia":[{"embeddable":true,"href":"https:\/\/egerhaziimre.hu\/index.php\/wp-json\/wp\/v2\/media\/5173"}],"wp:attachment":[{"href":"https:\/\/egerhaziimre.hu\/index.php\/wp-json\/wp\/v2\/media?parent=10761"}],"wp:term":[{"taxonomy":"category","embeddable":true,"href":"https:\/\/egerhaziimre.hu\/index.php\/wp-json\/wp\/v2\/categories?post=10761"},{"taxonomy":"post_tag","embeddable":true,"href":"https:\/\/egerhaziimre.hu\/index.php\/wp-json\/wp\/v2\/tags?post=10761"}],"curies":[{"name":"wp","href":"https:\/\/api.w.org\/{rel}","templated":true}]}}