{"id":10767,"date":"2001-10-12T16:49:02","date_gmt":"2001-10-12T14:49:02","guid":{"rendered":"https:\/\/egerhaziimre.hu\/?page_id=10767"},"modified":"2021-05-06T17:57:48","modified_gmt":"2021-05-06T15:57:48","slug":"egerhazi-imre-gyergyoszarhegyrol-2001","status":"publish","type":"page","link":"https:\/\/egerhaziimre.hu\/index.php\/eletrajz\/irasok-egerhazi-imrerol\/egerhazi-imre-gyergyoszarhegyrol-2001\/","title":{"rendered":"\u00c9gerh\u00e1zi Imre Gyergy\u00f3sz\u00e1rhegyr\u0151l, 2001"},"content":{"rendered":"<div class=\"wpb-content-wrapper\">[vc_row][vc_column width=&#8221;2\/3&#8243;][vc_column_text]Ha kiejtj\u00fck a Nagyb\u00e1nya helys\u00e9gnevet, azonnal a nagyb\u00e1nyai fest\u0151kre gondolunk; egy\u00e9bk\u00e9nt, ha nem lettek volna ott annak idej\u00e9n a fest\u0151k, Nagyb\u00e1nya ma egy kisv\u00e1ros neve lenne csup\u00e1n. Ugyanez vonatkozik Sz\u00e1rhegyre is: ha Z\u00f6ld Lajos\u00e9k, Ga\u00e1l Andr\u00e1s\u00e9k, M\u00e1rton \u00c1rp\u00e1d\u00e9k nem l\u00e9tes\u00edtett\u00e9k volna ezt az alkot\u00f3t\u00e1bort, mi feltehet\u0151leg nem is tudn\u00e1nk ennek a telep\u00fcl\u00e9snek a l\u00e9t\u00e9r\u0151l. Ennek a kis telep\u00fcl\u00e9snek ez a t\u00e1bor egy olyan lehet\u0151s\u00e9g, szerintem, amely eur\u00f3pai rangra tudja emelni &#8211; persze, abban az esetben, ha ezt a t\u00e1bort folyamatosan tudj\u00e1k m\u0171k\u00f6dtetni a tov\u00e1bbiakban is. Mindenk\u00e9pp nagyobb h\u00edrver\u00e9sre lenne sz\u00fcks\u00e9ge a m\u0171v\u00e9szt\u00e1bornak \u00e9s k\u00f6zs\u00e9gnek egyar\u00e1nt. Am\u00fagy a lehet\u0151s\u00e9gek erre megvannak, hogy a telev\u00edzi\u00f3ban, r\u00e1di\u00f3ban, az \u00edrott sajt\u00f3ban az eddigin\u00e9l nagyobb fok\u00fa n\u00e9pszer\u0171s\u00edt\u00e9st kapjon. El kellene k\u00e9sz\u00edteni a k\u00f6zs\u00e9g t\u00f6rt\u00e9net\u00e9t, az alkot\u00f3t\u00e1bor m\u00faltj\u00e1t \u00e9s jelen\u00e9t bemutat\u00f3, ismertet\u0151 kiadv\u00e1nyt, \u00e9s ezt term\u00e9szetesen minden magyar kultur\u00e1lis int\u00e9zm\u00e9nynek, a turizmussal, idegenforgalommal foglalkoz\u00f3 t\u00e1rsas\u00e1gnak el kellene juttatni. \u00c9n v\u00e9letlen\u00fcl cseppentem bele a Magyarorsz\u00e1g Turizmus\u00e1\u00e9rt elnevez\u00e9s\u0171 szervezetbe, s \u00edgy siker\u00fclt Gyergy\u00f3sz\u00e1rhegy nev\u00e9t felv\u00e9tetnem a szervezet programk\u00edn\u00e1lat\u00e1ba. Ez azt is jelenti, hogy majdminden turizmussal foglalkoz\u00f3 magyarorsz\u00e1gi szervezet list\u00e1j\u00e1ra el\u0151bb-ut\u00f3bb felker\u00fcl ez a telep\u00fcl\u00e9s. H\u00e1t t\u00f6bbsz\u00f6r is l\u00e1ttuk, hogyan h\u00faznak el a magyarorsz\u00e1gi buszok a sz\u00e1rhegyi kast\u00e9ly mellett, nem tudj\u00e1k, hogy meg kellene l\u00e1togatniuk. M\u00e1r t\u00f6bb \u00edzben is elmondtam, de megism\u00e9tlem: csod\u00e1lom azokat az embereket, akik ezt a t\u00e1bort l\u00e9trehozt\u00e1k, csod\u00e1lom azt a k\u00e9pz\u0151m\u0171v\u00e9szeti anyagot, amit itt siker\u00fclt meg\u0151rizni, adja Isten, hogy a k\u00f6vetkez\u0151 \u00e9vtizedek pr\u00f3b\u00e1j\u00e1t is ki\u00e1llja, mert ezekre a gy\u0171jtem\u00e9nyekre mindig leselkedik valami vesz\u00e9ly. Am\u00edg dolgozni kell, cselekedni, sehol senki; azt\u00e1n mire elk\u00e9sz\u00fcl, azonnal megjelennek a haszonles\u0151k, r\u00f6gt\u00f6n &#8222;okos&#8221; \u00f6tletekkel \u00e1llnak el\u0151. \u00c9n nagyon j\u00f3l \u00e9rzem itt magam, nagyon szeretem az erd\u00e9lyi t\u00e1jat, az erd\u00e9lyi embereket, azokat a koll\u00e9g\u00e1kat, akiket itt megismerhettem. Persze, k\u00fcl\u00f6nb\u00f6z\u0151 kiadv\u00e1nyokb\u00f3l, katal\u00f3gusokb\u00f3l sz\u00e1mos erd\u00e9lyi alkot\u00f3r\u00f3l tudok, s a lehet\u0151s\u00e9geink szerint t\u00f6bbet k\u00f6z\u00fcl\u00fck meg is h\u00edvunk a hortob\u00e1gyi alkot\u00f3t\u00e1borba. Csak k\u00f6sz\u00f6nettel tartozom azoknak, akik ide megh\u00edvtak.<\/p>\n<p>\u00c9gerh\u00e1zi Imre<br \/>\n2001.[\/vc_column_text][\/vc_column][vc_column width=&#8221;1\/3&#8243;][vc_single_image image=&#8221;4106&#8243; img_size=&#8221;large&#8221; alignment=&#8221;center&#8221; style=&#8221;xtd-shadow&#8211;normal-light&#8221; onclick=&#8221;link_image&#8221;][\/vc_column][\/vc_row]\n<\/div>","protected":false},"excerpt":{"rendered":"<p>[vc_row][vc_column width=&#8221;2\/3&#8243;][vc_column_text]Ha kiejtj\u00fck a Nagyb\u00e1nya helys\u00e9gnevet, azonnal a nagyb\u00e1nyai fest\u0151kre gondolunk; egy\u00e9bk\u00e9nt, ha nem lettek volna ott annak idej\u00e9n a fest\u0151k, Nagyb\u00e1nya ma egy kisv\u00e1ros neve lenne csup\u00e1n. Ugyanez vonatkozik Sz\u00e1rhegyre is: ha Z\u00f6ld Lajos\u00e9k, Ga\u00e1l Andr\u00e1s\u00e9k, M\u00e1rton \u00c1rp\u00e1d\u00e9k nem l\u00e9tes\u00edtett\u00e9k volna ezt az alkot\u00f3t\u00e1bort, mi feltehet\u0151leg nem is tudn\u00e1nk ennek a telep\u00fcl\u00e9snek a l\u00e9t\u00e9r\u0151l. Ennek a kis telep\u00fcl\u00e9snek ez [&hellip;]<\/p>\n","protected":false},"author":4,"featured_media":0,"parent":10535,"menu_order":0,"comment_status":"closed","ping_status":"closed","template":"","meta":{"footnotes":""},"categories":[126],"tags":[208],"class_list":["post-10767","page","type-page","status-publish","hentry","category-irasok_egerhazi_imretol","tag-208"],"yoast_head":"<!-- This site is optimized with the Yoast SEO plugin v27.0 - https:\/\/yoast.com\/product\/yoast-seo-wordpress\/ -->\n<title>\u00c9gerh\u00e1zi Imre Gyergy\u00f3sz\u00e1rhegyr\u0151l, 2001 - \u00c9gerh\u00e1zi Imre<\/title>\n<meta name=\"robots\" content=\"index, follow, max-snippet:-1, max-image-preview:large, max-video-preview:-1\" \/>\n<link rel=\"canonical\" href=\"https:\/\/egerhaziimre.hu\/index.php\/eletrajz\/irasok-egerhazi-imrerol\/egerhazi-imre-gyergyoszarhegyrol-2001\/?lang=en\" \/>\n<meta property=\"og:locale\" content=\"hu_HU\" \/>\n<meta property=\"og:type\" content=\"article\" \/>\n<meta property=\"og:title\" content=\"\u00c9gerh\u00e1zi Imre Gyergy\u00f3sz\u00e1rhegyr\u0151l, 2001 - \u00c9gerh\u00e1zi Imre\" \/>\n<meta property=\"og:description\" content=\"[vc_row][vc_column width=&#8221;2\/3&#8243;][vc_column_text]Ha kiejtj\u00fck a Nagyb\u00e1nya helys\u00e9gnevet, azonnal a nagyb\u00e1nyai fest\u0151kre gondolunk; egy\u00e9bk\u00e9nt, ha nem lettek volna ott annak idej\u00e9n a fest\u0151k, Nagyb\u00e1nya ma egy kisv\u00e1ros neve lenne csup\u00e1n. Ugyanez vonatkozik Sz\u00e1rhegyre is: ha Z\u00f6ld Lajos\u00e9k, Ga\u00e1l Andr\u00e1s\u00e9k, M\u00e1rton \u00c1rp\u00e1d\u00e9k nem l\u00e9tes\u00edtett\u00e9k volna ezt az alkot\u00f3t\u00e1bort, mi feltehet\u0151leg nem is tudn\u00e1nk ennek a telep\u00fcl\u00e9snek a l\u00e9t\u00e9r\u0151l. Ennek a kis telep\u00fcl\u00e9snek ez [&hellip;]\" \/>\n<meta property=\"og:url\" content=\"https:\/\/egerhaziimre.hu\/index.php\/eletrajz\/irasok-egerhazi-imrerol\/egerhazi-imre-gyergyoszarhegyrol-2001\/?lang=en\" \/>\n<meta property=\"og:site_name\" content=\"\u00c9gerh\u00e1zi Imre\" \/>\n<meta property=\"article:modified_time\" content=\"2021-05-06T15:57:48+00:00\" \/>\n<meta name=\"twitter:card\" content=\"summary_large_image\" \/>\n<meta name=\"twitter:label1\" content=\"Becs\u00fclt olvas\u00e1si id\u0151\" \/>\n\t<meta name=\"twitter:data1\" content=\"2 perc\" \/>\n<script type=\"application\/ld+json\" class=\"yoast-schema-graph\">{\"@context\":\"https:\/\/schema.org\",\"@graph\":[{\"@type\":\"WebPage\",\"@id\":\"https:\/\/egerhaziimre.hu\/index.php\/eletrajz\/irasok-egerhazi-imrerol\/egerhazi-imre-gyergyoszarhegyrol-2001\/?lang=en\",\"url\":\"https:\/\/egerhaziimre.hu\/index.php\/eletrajz\/irasok-egerhazi-imrerol\/egerhazi-imre-gyergyoszarhegyrol-2001\/?lang=en\",\"name\":\"\u00c9gerh\u00e1zi Imre Gyergy\u00f3sz\u00e1rhegyr\u0151l, 2001 - \u00c9gerh\u00e1zi Imre\",\"isPartOf\":{\"@id\":\"https:\/\/egerhaziimre.hu\/#website\"},\"datePublished\":\"2001-10-12T14:49:02+00:00\",\"dateModified\":\"2021-05-06T15:57:48+00:00\",\"breadcrumb\":{\"@id\":\"https:\/\/egerhaziimre.hu\/index.php\/eletrajz\/irasok-egerhazi-imrerol\/egerhazi-imre-gyergyoszarhegyrol-2001\/?lang=en#breadcrumb\"},\"inLanguage\":\"hu\",\"potentialAction\":[{\"@type\":\"ReadAction\",\"target\":[\"https:\/\/egerhaziimre.hu\/index.php\/eletrajz\/irasok-egerhazi-imrerol\/egerhazi-imre-gyergyoszarhegyrol-2001\/?lang=en\"]}]},{\"@type\":\"BreadcrumbList\",\"@id\":\"https:\/\/egerhaziimre.hu\/index.php\/eletrajz\/irasok-egerhazi-imrerol\/egerhazi-imre-gyergyoszarhegyrol-2001\/?lang=en#breadcrumb\",\"itemListElement\":[{\"@type\":\"ListItem\",\"position\":1,\"name\":\"Home\",\"item\":\"https:\/\/egerhaziimre.hu\/\"},{\"@type\":\"ListItem\",\"position\":2,\"name\":\"\u00c9letrajz\",\"item\":\"https:\/\/egerhaziimre.hu\/index.php\/eletrajz\/\"},{\"@type\":\"ListItem\",\"position\":3,\"name\":\"Writings about Imre \u00c9gerh\u00e1zi\",\"item\":\"https:\/\/egerhaziimre.hu\/index.php\/eletrajz\/irasok-egerhazi-imrerol\/?lang=en\"},{\"@type\":\"ListItem\",\"position\":4,\"name\":\"IMRE \u00c9GERH\u00c1ZI, ABOUT GYERGY\u00d3SZ\u00c1RHEGY, 2001\"}]},{\"@type\":\"WebSite\",\"@id\":\"https:\/\/egerhaziimre.hu\/#website\",\"url\":\"https:\/\/egerhaziimre.hu\/\",\"name\":\"\u00c9gerh\u00e1zi Imre\",\"description\":\"\",\"potentialAction\":[{\"@type\":\"SearchAction\",\"target\":{\"@type\":\"EntryPoint\",\"urlTemplate\":\"https:\/\/egerhaziimre.hu\/?s={search_term_string}\"},\"query-input\":{\"@type\":\"PropertyValueSpecification\",\"valueRequired\":true,\"valueName\":\"search_term_string\"}}],\"inLanguage\":\"hu\"}]}<\/script>\n<!-- \/ Yoast SEO plugin. -->","yoast_head_json":{"title":"\u00c9gerh\u00e1zi Imre Gyergy\u00f3sz\u00e1rhegyr\u0151l, 2001 - \u00c9gerh\u00e1zi Imre","robots":{"index":"index","follow":"follow","max-snippet":"max-snippet:-1","max-image-preview":"max-image-preview:large","max-video-preview":"max-video-preview:-1"},"canonical":"https:\/\/egerhaziimre.hu\/index.php\/eletrajz\/irasok-egerhazi-imrerol\/egerhazi-imre-gyergyoszarhegyrol-2001\/?lang=en","og_locale":"hu_HU","og_type":"article","og_title":"\u00c9gerh\u00e1zi Imre Gyergy\u00f3sz\u00e1rhegyr\u0151l, 2001 - \u00c9gerh\u00e1zi Imre","og_description":"[vc_row][vc_column width=&#8221;2\/3&#8243;][vc_column_text]Ha kiejtj\u00fck a Nagyb\u00e1nya helys\u00e9gnevet, azonnal a nagyb\u00e1nyai fest\u0151kre gondolunk; egy\u00e9bk\u00e9nt, ha nem lettek volna ott annak idej\u00e9n a fest\u0151k, Nagyb\u00e1nya ma egy kisv\u00e1ros neve lenne csup\u00e1n. Ugyanez vonatkozik Sz\u00e1rhegyre is: ha Z\u00f6ld Lajos\u00e9k, Ga\u00e1l Andr\u00e1s\u00e9k, M\u00e1rton \u00c1rp\u00e1d\u00e9k nem l\u00e9tes\u00edtett\u00e9k volna ezt az alkot\u00f3t\u00e1bort, mi feltehet\u0151leg nem is tudn\u00e1nk ennek a telep\u00fcl\u00e9snek a l\u00e9t\u00e9r\u0151l. Ennek a kis telep\u00fcl\u00e9snek ez [&hellip;]","og_url":"https:\/\/egerhaziimre.hu\/index.php\/eletrajz\/irasok-egerhazi-imrerol\/egerhazi-imre-gyergyoszarhegyrol-2001\/?lang=en","og_site_name":"\u00c9gerh\u00e1zi Imre","article_modified_time":"2021-05-06T15:57:48+00:00","twitter_card":"summary_large_image","twitter_misc":{"Becs\u00fclt olvas\u00e1si id\u0151":"2 perc"},"schema":{"@context":"https:\/\/schema.org","@graph":[{"@type":"WebPage","@id":"https:\/\/egerhaziimre.hu\/index.php\/eletrajz\/irasok-egerhazi-imrerol\/egerhazi-imre-gyergyoszarhegyrol-2001\/?lang=en","url":"https:\/\/egerhaziimre.hu\/index.php\/eletrajz\/irasok-egerhazi-imrerol\/egerhazi-imre-gyergyoszarhegyrol-2001\/?lang=en","name":"\u00c9gerh\u00e1zi Imre Gyergy\u00f3sz\u00e1rhegyr\u0151l, 2001 - \u00c9gerh\u00e1zi Imre","isPartOf":{"@id":"https:\/\/egerhaziimre.hu\/#website"},"datePublished":"2001-10-12T14:49:02+00:00","dateModified":"2021-05-06T15:57:48+00:00","breadcrumb":{"@id":"https:\/\/egerhaziimre.hu\/index.php\/eletrajz\/irasok-egerhazi-imrerol\/egerhazi-imre-gyergyoszarhegyrol-2001\/?lang=en#breadcrumb"},"inLanguage":"hu","potentialAction":[{"@type":"ReadAction","target":["https:\/\/egerhaziimre.hu\/index.php\/eletrajz\/irasok-egerhazi-imrerol\/egerhazi-imre-gyergyoszarhegyrol-2001\/?lang=en"]}]},{"@type":"BreadcrumbList","@id":"https:\/\/egerhaziimre.hu\/index.php\/eletrajz\/irasok-egerhazi-imrerol\/egerhazi-imre-gyergyoszarhegyrol-2001\/?lang=en#breadcrumb","itemListElement":[{"@type":"ListItem","position":1,"name":"Home","item":"https:\/\/egerhaziimre.hu\/"},{"@type":"ListItem","position":2,"name":"\u00c9letrajz","item":"https:\/\/egerhaziimre.hu\/index.php\/eletrajz\/"},{"@type":"ListItem","position":3,"name":"Writings about Imre \u00c9gerh\u00e1zi","item":"https:\/\/egerhaziimre.hu\/index.php\/eletrajz\/irasok-egerhazi-imrerol\/?lang=en"},{"@type":"ListItem","position":4,"name":"IMRE \u00c9GERH\u00c1ZI, ABOUT GYERGY\u00d3SZ\u00c1RHEGY, 2001"}]},{"@type":"WebSite","@id":"https:\/\/egerhaziimre.hu\/#website","url":"https:\/\/egerhaziimre.hu\/","name":"\u00c9gerh\u00e1zi Imre","description":"","potentialAction":[{"@type":"SearchAction","target":{"@type":"EntryPoint","urlTemplate":"https:\/\/egerhaziimre.hu\/?s={search_term_string}"},"query-input":{"@type":"PropertyValueSpecification","valueRequired":true,"valueName":"search_term_string"}}],"inLanguage":"hu"}]}},"jetpack_sharing_enabled":true,"_links":{"self":[{"href":"https:\/\/egerhaziimre.hu\/index.php\/wp-json\/wp\/v2\/pages\/10767","targetHints":{"allow":["GET"]}}],"collection":[{"href":"https:\/\/egerhaziimre.hu\/index.php\/wp-json\/wp\/v2\/pages"}],"about":[{"href":"https:\/\/egerhaziimre.hu\/index.php\/wp-json\/wp\/v2\/types\/page"}],"author":[{"embeddable":true,"href":"https:\/\/egerhaziimre.hu\/index.php\/wp-json\/wp\/v2\/users\/4"}],"replies":[{"embeddable":true,"href":"https:\/\/egerhaziimre.hu\/index.php\/wp-json\/wp\/v2\/comments?post=10767"}],"version-history":[{"count":3,"href":"https:\/\/egerhaziimre.hu\/index.php\/wp-json\/wp\/v2\/pages\/10767\/revisions"}],"predecessor-version":[{"id":12399,"href":"https:\/\/egerhaziimre.hu\/index.php\/wp-json\/wp\/v2\/pages\/10767\/revisions\/12399"}],"up":[{"embeddable":true,"href":"https:\/\/egerhaziimre.hu\/index.php\/wp-json\/wp\/v2\/pages\/10535"}],"wp:attachment":[{"href":"https:\/\/egerhaziimre.hu\/index.php\/wp-json\/wp\/v2\/media?parent=10767"}],"wp:term":[{"taxonomy":"category","embeddable":true,"href":"https:\/\/egerhaziimre.hu\/index.php\/wp-json\/wp\/v2\/categories?post=10767"},{"taxonomy":"post_tag","embeddable":true,"href":"https:\/\/egerhaziimre.hu\/index.php\/wp-json\/wp\/v2\/tags?post=10767"}],"curies":[{"name":"wp","href":"https:\/\/api.w.org\/{rel}","templated":true}]}}