{"id":10769,"date":"2004-10-13T09:24:28","date_gmt":"2004-10-13T07:24:28","guid":{"rendered":"https:\/\/egerhaziimre.hu\/?page_id=10769"},"modified":"2021-03-10T16:00:54","modified_gmt":"2021-03-10T15:00:54","slug":"reszlet-komisszar-janos-szines-paletta-2004es-konyvebol","status":"publish","type":"page","link":"https:\/\/egerhaziimre.hu\/index.php\/eletrajz\/irasok-egerhazi-imrerol\/reszlet-komisszar-janos-szines-paletta-2004es-konyvebol\/","title":{"rendered":"R\u00e9szlet Komisz\u00e1r J\u00e1nos SZ\u00cdNES PALETTA, 2004-es k\u00f6nyv\u00e9b\u0151l"},"content":{"rendered":"<div class=\"wpb-content-wrapper\">[vc_row][vc_column width=&#8221;2\/3&#8243;][vc_column_text]Szerz\u0151 megjegyz\u00e9se: Sokat gondolkodtam azon, hogy az \u00e1ltalam ismert \u00e9s elismert k\u00e9pz\u0151m\u0171v\u00e9szek k\u00f6z\u00fcl kit l\u00e1tn\u00e9k sz\u00edvesebben a Sz\u00ednes paletta c\u00edm\u0171 k\u00f6nyvemben. Minden esetben \u00c9gerh\u00e1zi Imre fest\u0151m\u0171v\u00e9sz jutott eszembe. Kedves, j\u00f3 bar\u00e1tom volt. Kurat\u00f3riumi tagk\u00e9nt sokat dolgoztam vele a Hortob\u00e1gyi Alkot\u00f3t\u00e1borban. Ez\u00e9rt is d\u00f6nt\u00f6ttem \u00fagy, hogy k\u00f6zreadom egy besz\u00e9lget\u00e9s\u00fcnk r\u00e9szlet\u00e9t. Teszem ezt az\u00e9rt, hogy \u00edgy tisztelegjek eml\u00e9ke el\u0151tt \u00e9s az\u00e9rt is, hogy ez a kiadv\u00e1ny gazdagabb legyen m\u0171v\u00e9szete \u00e1ltal.<\/p>\n<p>Sz\u00edvmelenget\u0151, amit a kiv\u00e1l\u00f3 kolumbiai fest\u0151m\u0171v\u00e9szn\u0151 Graciela Gomez, a Nemzetk\u00f6zi Hortob\u00e1gyi Alkot\u00f3t\u00e1bor tagja nyilatkozott Arany Lajos m\u0171v\u00e9szeti \u00edr\u00f3nak egy besz\u00e9lget\u00e9s\u00fcnk sor\u00e1n: \u201d1992-ben, amikor el\u0151sz\u00f6r j\u00e1rtam a Hortob\u00e1gyi Alkot\u00f3t\u00e1borban, m\u00e1r akkor meghatott, hogy a magyarok mennyire \u00f6sszetartanak, s az \u00f6sszek\u00f6t\u0151 \u00e9rz\u00e9s\u00fck mennyire er\u0151s\u2026 Ez nagyon meghat, s nagyon tudom tisztelni.\u201d Igaza volt a fest\u0151n\u0151nek. Azt is tudta, hogy az \u00f6sszetartoz\u00e1shoz \u00e9s a m\u0171v\u00e9szek tal\u00e1lkoz\u00e1s\u00e1hoz egy kiv\u00e1l\u00f3 szervez\u0151re van sz\u00fcks\u00e9g. Ez a szervez\u0151 \u00c9gerh\u00e1zi Imre fest\u0151m\u0171v\u00e9sz volt. Seg\u00edts\u00e9g\u00e9vel a Nemzetk\u00f6zi Hortob\u00e1gyi Alkot\u00f3t\u00e1bor m\u0171v\u00e9szein kereszt\u00fcl bekapcsol\u00f3dott a nemzetk\u00f6zi k\u00e9pz\u0151m\u0171v\u00e9szeti \u00e9let v\u00e9rkering\u00e9s\u00e9be. A m\u0171v\u00e9sztelep a nemzetk\u00f6zis\u00e9ge mellett arr\u00f3l is nevezetes volt, hogy nemzeti t\u00f6rt\u00e9nelm\u00fcnket a kezdetekt\u0151l folyamatosan k\u00f6vette, m\u0171v\u00e9szi t\u00e9mak\u00e9nt is. Ennek a legk\u00fcl\u00f6nlegesebb tan\u00fas\u00e1ga Hajd\u00fahadh\u00e1z iskol\u00e1j\u00e1ban \u00e9s a debreceni Aranybik\u00e1ban l\u00e1that\u00f3 pann\u00f3t\u00e1rlat, hatalmas alkot\u00e1sf\u00fcz\u00e9r, nagy \u00e9rt\u00e9k\u0171 k\u00e9pz\u0151m\u0171v\u00e9szeti dokumentum.<br \/>\n\u00c9gerh\u00e1zi Imre vezet\u00e9s\u00e9vel voltak a nemes feladatra v\u00e1llalkoz\u00f3 m\u0171v\u00e9szek, akik ismert\u00e9k a magyars\u00e1g h\u00e1nyatott t\u00f6rt\u00e9nelm\u00e9t, a m\u00faltat \u00e9s a jelent, az ember, a term\u00e9szet \u00e9s a tudom\u00e1ny kapcsolat\u00e1t. Milyen l\u00e9nyegesek ezek. Hiszen amelyik nemzet nem becs\u00fcli \u0151seit, t\u00f6rt\u00e9nelmi m\u00faltj\u00e1t, kult\u00far\u00e1j\u00e1t, nem tud a m\u00faltb\u00f3l mer\u00edteni, nem tudja meg\u0151rizni identit\u00e1s\u00e1t, tervezni a j\u00f6v\u0151j\u00e9t.<\/p>\n<h6>R\u00e9szlet a \u201eSz\u00f3la\u201d Parav\u00e1n c\u00edm\u0171 k\u00f6nyvemb\u0151l, 1998<\/h6>\n<p><strong>T\u00f6bb m\u0171v\u00e9szt eml\u00edtett\u00e9l, akit\u0151l sokat tanult\u00e1l. Kit tartasz mesterednek?<\/strong><br \/>\n\u00c9n egy embert tartok igaz\u00e1n olyan mesternek, akit\u0151l nagyon sokat tanultam, Menyh\u00e1rt J\u00f3zsefet. \u0150 volt az, aki a szabadiskol\u00e1b\u00f3l emelt ki engem. Amit a m\u0171v\u00e9szetben tudok, annak nagy r\u00e9sz\u00e9t neki k\u00f6sz\u00f6nhetem.<\/p>\n<p><strong>Hogyan alakult ki a fest\u00e9szeted?<\/strong><br \/>\nAmikor kezdtem, azok a k\u00e9pek tetszettek igaz\u00e1n, amik hasonl\u00edtottak a modellhez. K\u00e9s\u0151bb fejl\u0151dik az ember \u00e9s kieg\u00e9sz\u00fcl. Megsz\u00fcntettem a k\u00e9peimen a perspekt\u00edv\u00e1t, k\u00e9t s\u00edkban festettem. A lapok egym\u00e1s mell\u00e9 rak\u00e1sa adott t\u00e1vlatot. Az apr\u00f3 r\u00e9szleteket teljesen elhagytam. Mindig a bels\u0151m \u00e1ltal elfogadott hat\u00e1rig mentem el. Ezzel kapcsolatban van is egy komoly \u00e9szrev\u00e9telem: az alkot\u00e1sok magukon hordt\u00e1k a kor jelleg\u00e9t. Az adott kor emberi, t\u00e1rsadalmi, \u00e9rzelmi viszonyait tartalmazt\u00e1k. Nem hiszem azt, hogy ez a kor, amiben \u00e9l\u00fcnk, kiv\u00e9tel volna. Sok fest\u0151nek mindegy, hogy 2000-ben t\u00f6rt\u00e9nik meg az, amit \u00e1br\u00e1zol, vagy m\u00e9g k\u00e9s\u0151bb. Kortalan fest\u00e9szetet csin\u00e1lnak. Bosszant az, hogy elmegyek egy ki\u00e1ll\u00edt\u00f3terembe, \u00e9s szinte csak firkafest\u00e9szetet l\u00e1tok. Vagy egy ad hoc fest\u00e9szet jelenik meg, holott ez a kor, amiben \u00e9l\u00fcnk, olyan, mint mikor egy sz\u00e9les, nagy orsz\u00e1g\u00faton megy\u00fcnk, ahol a legalaposabb jelens\u00e9gekt\u0151l a legelvontabb dolgokig mindent l\u00e1tunk. Ezt kellene t\u00fckr\u00f6zni a m\u0171veknek.<\/p>\n<p><strong>Honnan mer\u00edted a t\u00e9m\u00e1idat?<\/strong><br \/>\nA legm\u00e9lyebb ihlet\u0151 a Hajd\u00fas\u00e1g, de Erd\u00e9lyt is szeretem. Onnan nagyon sok k\u00e9pet hoztam magammal, ahol sokat festettem. Az \u0151seim erd\u00e9lyiek \u00e9s nagyon h\u00edresek voltak 400 \u00e9vvel ezel\u0151tt.<\/p>\n<p><strong>1981-t\u0151l vagy vezet\u0151je a Hortob\u00e1gyi Alkot\u00f3t\u00e1bornak. Hogyan \u00e9s milyen c\u00e9llal j\u00f6tt l\u00e9tre a t\u00e1bor?<\/strong><br \/>\nV\u00e9gh L\u00e1szl\u00f3 k\u00e9rt meg, hogy ind\u00edtsam be ezt a telepet a Hortob\u00e1gyi fogad\u00f3ban. \u00dagy indult, hogy nyugatiakat h\u00edvtunk. M\u00e1s m\u0171v\u00e9sztelepeken abban az id\u0151ben alig voltak nyugatiak, ink\u00e1bb csak keletiek dolgoztak. Els\u0151nek lenni valamiben, kereszt\u00fclvinni valami olyat, amit sokan nem akarnak: ez mindig a legnehezebb. Most pillanatnyilag az a helyzet, hogy \u00e9vente 18-20 orsz\u00e1gb\u00f3l, a vil\u00e1g minden t\u00e1j\u00e1r\u00f3l j\u00f6nnek fest\u0151k.<\/p>\n<p><strong>Az alkot\u00f3h\u00e1zad sz\u00fcl\u0151v\u00e1rosodban van. Mi\u00e9rt k\u00f6t\u0151dsz annyira debreceni l\u00e9v\u00e9n Hajd\u00fahadh\u00e1zhoz?<\/strong><br \/>\nOtt sz\u00fclettem, ott j\u00e1rtam iskol\u00e1ba. Hossz\u00fa ideig \u00e9desap\u00e1m helyett m\u0171veltem a f\u00f6ldet. A rokonokkal nem sz\u0171nt meg a kapcsolatom. Igen nosztalgikus v\u00e1gyam van arra, hogy azt a szeg\u00e9ny \u00e9s h\u00e1tr\u00e1nyos telep\u00fcl\u00e9st kicsit el\u0151bbre vigy\u00fck.<\/p>\n<p><strong>Eddig k\u00e9t pann\u00f3ki\u00e1ll\u00edt\u00e1st szervezt\u00e9l \u00e9s bonyol\u00edtott\u00e1l le. Egyiket Hajd\u00f3hadh\u00e1zon, a m\u00e1sikat az Aranybik\u00e1ban.<\/strong><br \/>\nNemzeti \u00e9rt\u00e9k teremt\u0151d\u00f6tt Hajd\u00fahadh\u00e1zon \u2013 ott 26 pann\u00f3t csin\u00e1ltunk-, \u00e9s az Aranybik\u00e1ban is, ott pedig 18 k\u00e9sz\u00fclt el. K\u00e9sz\u00edtett\u00fcnk m\u00e9g Ga\u00e1l Andr\u00e1ssal a hadh\u00e1zi gimn\u00e1ziumnak egy-egy pann\u00f3t. Ha ezt \u00f6sszeadom, Magyarorsz\u00e1gon 20 \u00e9ven kereszt\u00fcl nem k\u00e9sz\u00fclt annyi, mint amennyit mi megcsin\u00e1ltunk. Sokan nem is tudj\u00e1k, hogy mekkora kultur\u00e1lis \u00e9rt\u00e9k teremt\u0151d\u00f6tt.<\/p>\n<p><strong>Ha nyern\u00e9l 10 milli\u00f3 forintot, mit kezden\u00e9l vele?<\/strong><br \/>\nA fel\u00e9t odaadn\u00e1m a csal\u00e1dnak, a m\u00e1sik fel\u00e9b\u0151l pedig Hajd\u00fahadh\u00e1znak seg\u00edten\u00e9k egy sz\u00e9p nagy gal\u00e9ri\u00e1t csin\u00e1lni a kort\u00e1rs m\u0171v\u00e9szek anyag\u00e1nak, \u00e9s seg\u00edteni, hogy egy nagyon sz\u00e9p szoborparkja legyen a v\u00e1rosnak.<\/p>\n<p>Komisz\u00e1r J\u00e1nos<br \/>\nSz\u00ednes paletta, 2004.[\/vc_column_text][\/vc_column][vc_column width=&#8221;1\/3&#8243;][vc_single_image image=&#8221;2569&#8243; img_size=&#8221;large&#8221; alignment=&#8221;center&#8221; onclick=&#8221;link_image&#8221; el_class=&#8221;margin_bottom_0 padding_bottom_0&#8243;][vc_column_text css=&#8221;.vc_custom_1615385913869{padding-top: 1rem !important;padding-bottom: 1rem !important;background-color: #f9f9f9 !important;}&#8221; el_class=&#8221;margin_top_0&#8243;]\n<h6 style=\"text-align: center;\">Locsol\u00f3 n\u0151 III.<\/h6>\n<p style=\"text-align: center;\">monot\u00edpia, pap\u00edr, 24&#215;11 cm<br \/>\n1967<\/p>\n[\/vc_column_text][\/vc_column][\/vc_row]\n<\/div>","protected":false},"excerpt":{"rendered":"<p>[vc_row][vc_column width=&#8221;2\/3&#8243;][vc_column_text]Szerz\u0151 megjegyz\u00e9se: Sokat gondolkodtam azon, hogy az \u00e1ltalam ismert \u00e9s elismert k\u00e9pz\u0151m\u0171v\u00e9szek k\u00f6z\u00fcl kit l\u00e1tn\u00e9k sz\u00edvesebben a Sz\u00ednes paletta c\u00edm\u0171 k\u00f6nyvemben. Minden esetben \u00c9gerh\u00e1zi Imre fest\u0151m\u0171v\u00e9sz jutott eszembe. Kedves, j\u00f3 bar\u00e1tom volt. Kurat\u00f3riumi tagk\u00e9nt sokat dolgoztam vele a Hortob\u00e1gyi Alkot\u00f3t\u00e1borban. Ez\u00e9rt is d\u00f6nt\u00f6ttem \u00fagy, hogy k\u00f6zreadom egy besz\u00e9lget\u00e9s\u00fcnk r\u00e9szlet\u00e9t. Teszem ezt az\u00e9rt, hogy \u00edgy tisztelegjek eml\u00e9ke el\u0151tt \u00e9s az\u00e9rt [&hellip;]<\/p>\n","protected":false},"author":4,"featured_media":2569,"parent":10535,"menu_order":0,"comment_status":"closed","ping_status":"closed","template":"","meta":{"footnotes":""},"categories":[219],"tags":[165],"class_list":["post-10769","page","type-page","status-publish","has-post-thumbnail","hentry","category-irasok_egerhazi_imrerol","tag-165"],"yoast_head":"<!-- This site is optimized with the Yoast SEO plugin v27.0 - https:\/\/yoast.com\/product\/yoast-seo-wordpress\/ -->\n<title>R\u00e9szlet Komisz\u00e1r J\u00e1nos SZ\u00cdNES PALETTA, 2004-es k\u00f6nyv\u00e9b\u0151l - \u00c9gerh\u00e1zi Imre<\/title>\n<meta name=\"robots\" content=\"index, follow, max-snippet:-1, max-image-preview:large, max-video-preview:-1\" \/>\n<link rel=\"canonical\" href=\"https:\/\/egerhaziimre.hu\/index.php\/eletrajz\/irasok-egerhazi-imrerol\/reszlet-komisszar-janos-szines-paletta-2004es-konyvebol\/?lang=en\" \/>\n<meta property=\"og:locale\" content=\"hu_HU\" \/>\n<meta property=\"og:type\" content=\"article\" \/>\n<meta property=\"og:title\" content=\"R\u00e9szlet Komisz\u00e1r J\u00e1nos SZ\u00cdNES PALETTA, 2004-es k\u00f6nyv\u00e9b\u0151l - \u00c9gerh\u00e1zi Imre\" \/>\n<meta property=\"og:description\" content=\"[vc_row][vc_column width=&#8221;2\/3&#8243;][vc_column_text]Szerz\u0151 megjegyz\u00e9se: Sokat gondolkodtam azon, hogy az \u00e1ltalam ismert \u00e9s elismert k\u00e9pz\u0151m\u0171v\u00e9szek k\u00f6z\u00fcl kit l\u00e1tn\u00e9k sz\u00edvesebben a Sz\u00ednes paletta c\u00edm\u0171 k\u00f6nyvemben. Minden esetben \u00c9gerh\u00e1zi Imre fest\u0151m\u0171v\u00e9sz jutott eszembe. Kedves, j\u00f3 bar\u00e1tom volt. Kurat\u00f3riumi tagk\u00e9nt sokat dolgoztam vele a Hortob\u00e1gyi Alkot\u00f3t\u00e1borban. Ez\u00e9rt is d\u00f6nt\u00f6ttem \u00fagy, hogy k\u00f6zreadom egy besz\u00e9lget\u00e9s\u00fcnk r\u00e9szlet\u00e9t. Teszem ezt az\u00e9rt, hogy \u00edgy tisztelegjek eml\u00e9ke el\u0151tt \u00e9s az\u00e9rt [&hellip;]\" \/>\n<meta property=\"og:url\" content=\"https:\/\/egerhaziimre.hu\/index.php\/eletrajz\/irasok-egerhazi-imrerol\/reszlet-komisszar-janos-szines-paletta-2004es-konyvebol\/?lang=en\" \/>\n<meta property=\"og:site_name\" content=\"\u00c9gerh\u00e1zi Imre\" \/>\n<meta property=\"article:modified_time\" content=\"2021-03-10T15:00:54+00:00\" \/>\n<meta property=\"og:image\" content=\"https:\/\/egerhaziimre.hu\/wp-content\/uploads\/kepek\/587.jpg\" \/>\n\t<meta property=\"og:image:width\" content=\"877\" \/>\n\t<meta property=\"og:image:height\" content=\"2000\" \/>\n\t<meta property=\"og:image:type\" content=\"image\/jpeg\" \/>\n<meta name=\"twitter:card\" content=\"summary_large_image\" \/>\n<meta name=\"twitter:image\" content=\"https:\/\/egerhaziimre.hu\/wp-content\/uploads\/kepek\/587.jpg\" \/>\n<meta name=\"twitter:label1\" content=\"Becs\u00fclt olvas\u00e1si id\u0151\" \/>\n\t<meta name=\"twitter:data1\" content=\"4 perc\" \/>\n<script type=\"application\/ld+json\" class=\"yoast-schema-graph\">{\"@context\":\"https:\/\/schema.org\",\"@graph\":[{\"@type\":\"WebPage\",\"@id\":\"https:\/\/egerhaziimre.hu\/index.php\/eletrajz\/irasok-egerhazi-imrerol\/reszlet-komisszar-janos-szines-paletta-2004es-konyvebol\/?lang=en\",\"url\":\"https:\/\/egerhaziimre.hu\/index.php\/eletrajz\/irasok-egerhazi-imrerol\/reszlet-komisszar-janos-szines-paletta-2004es-konyvebol\/?lang=en\",\"name\":\"R\u00e9szlet Komisz\u00e1r J\u00e1nos SZ\u00cdNES PALETTA, 2004-es k\u00f6nyv\u00e9b\u0151l - \u00c9gerh\u00e1zi Imre\",\"isPartOf\":{\"@id\":\"https:\/\/egerhaziimre.hu\/#website\"},\"primaryImageOfPage\":{\"@id\":\"https:\/\/egerhaziimre.hu\/index.php\/eletrajz\/irasok-egerhazi-imrerol\/reszlet-komisszar-janos-szines-paletta-2004es-konyvebol\/?lang=en#primaryimage\"},\"image\":{\"@id\":\"https:\/\/egerhaziimre.hu\/index.php\/eletrajz\/irasok-egerhazi-imrerol\/reszlet-komisszar-janos-szines-paletta-2004es-konyvebol\/?lang=en#primaryimage\"},\"thumbnailUrl\":\"https:\/\/egerhaziimre.hu\/wp-content\/uploads\/kepek\/587.jpg\",\"datePublished\":\"2004-10-13T07:24:28+00:00\",\"dateModified\":\"2021-03-10T15:00:54+00:00\",\"breadcrumb\":{\"@id\":\"https:\/\/egerhaziimre.hu\/index.php\/eletrajz\/irasok-egerhazi-imrerol\/reszlet-komisszar-janos-szines-paletta-2004es-konyvebol\/?lang=en#breadcrumb\"},\"inLanguage\":\"hu\",\"potentialAction\":[{\"@type\":\"ReadAction\",\"target\":[\"https:\/\/egerhaziimre.hu\/index.php\/eletrajz\/irasok-egerhazi-imrerol\/reszlet-komisszar-janos-szines-paletta-2004es-konyvebol\/?lang=en\"]}]},{\"@type\":\"ImageObject\",\"inLanguage\":\"hu\",\"@id\":\"https:\/\/egerhaziimre.hu\/index.php\/eletrajz\/irasok-egerhazi-imrerol\/reszlet-komisszar-janos-szines-paletta-2004es-konyvebol\/?lang=en#primaryimage\",\"url\":\"https:\/\/egerhaziimre.hu\/wp-content\/uploads\/kepek\/587.jpg\",\"contentUrl\":\"https:\/\/egerhaziimre.hu\/wp-content\/uploads\/kepek\/587.jpg\",\"width\":877,\"height\":2000,\"caption\":\"monot\u00edpia, pap\u00edr 24x11 1967\"},{\"@type\":\"BreadcrumbList\",\"@id\":\"https:\/\/egerhaziimre.hu\/index.php\/eletrajz\/irasok-egerhazi-imrerol\/reszlet-komisszar-janos-szines-paletta-2004es-konyvebol\/?lang=en#breadcrumb\",\"itemListElement\":[{\"@type\":\"ListItem\",\"position\":1,\"name\":\"Home\",\"item\":\"https:\/\/egerhaziimre.hu\/\"},{\"@type\":\"ListItem\",\"position\":2,\"name\":\"\u00c9letrajz\",\"item\":\"https:\/\/egerhaziimre.hu\/index.php\/eletrajz\/\"},{\"@type\":\"ListItem\",\"position\":3,\"name\":\"Writings about Imre \u00c9gerh\u00e1zi\",\"item\":\"https:\/\/egerhaziimre.hu\/index.php\/eletrajz\/irasok-egerhazi-imrerol\/?lang=en\"},{\"@type\":\"ListItem\",\"position\":4,\"name\":\"Excerpt from Sz\u00ednes Paletta, book by J\u00e1nos Komisz\u00e1r, 2004\"}]},{\"@type\":\"WebSite\",\"@id\":\"https:\/\/egerhaziimre.hu\/#website\",\"url\":\"https:\/\/egerhaziimre.hu\/\",\"name\":\"\u00c9gerh\u00e1zi Imre\",\"description\":\"\",\"potentialAction\":[{\"@type\":\"SearchAction\",\"target\":{\"@type\":\"EntryPoint\",\"urlTemplate\":\"https:\/\/egerhaziimre.hu\/?s={search_term_string}\"},\"query-input\":{\"@type\":\"PropertyValueSpecification\",\"valueRequired\":true,\"valueName\":\"search_term_string\"}}],\"inLanguage\":\"hu\"}]}<\/script>\n<!-- \/ Yoast SEO plugin. -->","yoast_head_json":{"title":"R\u00e9szlet Komisz\u00e1r J\u00e1nos SZ\u00cdNES PALETTA, 2004-es k\u00f6nyv\u00e9b\u0151l - \u00c9gerh\u00e1zi Imre","robots":{"index":"index","follow":"follow","max-snippet":"max-snippet:-1","max-image-preview":"max-image-preview:large","max-video-preview":"max-video-preview:-1"},"canonical":"https:\/\/egerhaziimre.hu\/index.php\/eletrajz\/irasok-egerhazi-imrerol\/reszlet-komisszar-janos-szines-paletta-2004es-konyvebol\/?lang=en","og_locale":"hu_HU","og_type":"article","og_title":"R\u00e9szlet Komisz\u00e1r J\u00e1nos SZ\u00cdNES PALETTA, 2004-es k\u00f6nyv\u00e9b\u0151l - \u00c9gerh\u00e1zi Imre","og_description":"[vc_row][vc_column width=&#8221;2\/3&#8243;][vc_column_text]Szerz\u0151 megjegyz\u00e9se: Sokat gondolkodtam azon, hogy az \u00e1ltalam ismert \u00e9s elismert k\u00e9pz\u0151m\u0171v\u00e9szek k\u00f6z\u00fcl kit l\u00e1tn\u00e9k sz\u00edvesebben a Sz\u00ednes paletta c\u00edm\u0171 k\u00f6nyvemben. Minden esetben \u00c9gerh\u00e1zi Imre fest\u0151m\u0171v\u00e9sz jutott eszembe. Kedves, j\u00f3 bar\u00e1tom volt. Kurat\u00f3riumi tagk\u00e9nt sokat dolgoztam vele a Hortob\u00e1gyi Alkot\u00f3t\u00e1borban. Ez\u00e9rt is d\u00f6nt\u00f6ttem \u00fagy, hogy k\u00f6zreadom egy besz\u00e9lget\u00e9s\u00fcnk r\u00e9szlet\u00e9t. Teszem ezt az\u00e9rt, hogy \u00edgy tisztelegjek eml\u00e9ke el\u0151tt \u00e9s az\u00e9rt [&hellip;]","og_url":"https:\/\/egerhaziimre.hu\/index.php\/eletrajz\/irasok-egerhazi-imrerol\/reszlet-komisszar-janos-szines-paletta-2004es-konyvebol\/?lang=en","og_site_name":"\u00c9gerh\u00e1zi Imre","article_modified_time":"2021-03-10T15:00:54+00:00","og_image":[{"width":877,"height":2000,"url":"https:\/\/egerhaziimre.hu\/wp-content\/uploads\/kepek\/587.jpg","type":"image\/jpeg"}],"twitter_card":"summary_large_image","twitter_image":"https:\/\/egerhaziimre.hu\/wp-content\/uploads\/kepek\/587.jpg","twitter_misc":{"Becs\u00fclt olvas\u00e1si id\u0151":"4 perc"},"schema":{"@context":"https:\/\/schema.org","@graph":[{"@type":"WebPage","@id":"https:\/\/egerhaziimre.hu\/index.php\/eletrajz\/irasok-egerhazi-imrerol\/reszlet-komisszar-janos-szines-paletta-2004es-konyvebol\/?lang=en","url":"https:\/\/egerhaziimre.hu\/index.php\/eletrajz\/irasok-egerhazi-imrerol\/reszlet-komisszar-janos-szines-paletta-2004es-konyvebol\/?lang=en","name":"R\u00e9szlet Komisz\u00e1r J\u00e1nos SZ\u00cdNES PALETTA, 2004-es k\u00f6nyv\u00e9b\u0151l - \u00c9gerh\u00e1zi Imre","isPartOf":{"@id":"https:\/\/egerhaziimre.hu\/#website"},"primaryImageOfPage":{"@id":"https:\/\/egerhaziimre.hu\/index.php\/eletrajz\/irasok-egerhazi-imrerol\/reszlet-komisszar-janos-szines-paletta-2004es-konyvebol\/?lang=en#primaryimage"},"image":{"@id":"https:\/\/egerhaziimre.hu\/index.php\/eletrajz\/irasok-egerhazi-imrerol\/reszlet-komisszar-janos-szines-paletta-2004es-konyvebol\/?lang=en#primaryimage"},"thumbnailUrl":"https:\/\/egerhaziimre.hu\/wp-content\/uploads\/kepek\/587.jpg","datePublished":"2004-10-13T07:24:28+00:00","dateModified":"2021-03-10T15:00:54+00:00","breadcrumb":{"@id":"https:\/\/egerhaziimre.hu\/index.php\/eletrajz\/irasok-egerhazi-imrerol\/reszlet-komisszar-janos-szines-paletta-2004es-konyvebol\/?lang=en#breadcrumb"},"inLanguage":"hu","potentialAction":[{"@type":"ReadAction","target":["https:\/\/egerhaziimre.hu\/index.php\/eletrajz\/irasok-egerhazi-imrerol\/reszlet-komisszar-janos-szines-paletta-2004es-konyvebol\/?lang=en"]}]},{"@type":"ImageObject","inLanguage":"hu","@id":"https:\/\/egerhaziimre.hu\/index.php\/eletrajz\/irasok-egerhazi-imrerol\/reszlet-komisszar-janos-szines-paletta-2004es-konyvebol\/?lang=en#primaryimage","url":"https:\/\/egerhaziimre.hu\/wp-content\/uploads\/kepek\/587.jpg","contentUrl":"https:\/\/egerhaziimre.hu\/wp-content\/uploads\/kepek\/587.jpg","width":877,"height":2000,"caption":"monot\u00edpia, pap\u00edr 24x11 1967"},{"@type":"BreadcrumbList","@id":"https:\/\/egerhaziimre.hu\/index.php\/eletrajz\/irasok-egerhazi-imrerol\/reszlet-komisszar-janos-szines-paletta-2004es-konyvebol\/?lang=en#breadcrumb","itemListElement":[{"@type":"ListItem","position":1,"name":"Home","item":"https:\/\/egerhaziimre.hu\/"},{"@type":"ListItem","position":2,"name":"\u00c9letrajz","item":"https:\/\/egerhaziimre.hu\/index.php\/eletrajz\/"},{"@type":"ListItem","position":3,"name":"Writings about Imre \u00c9gerh\u00e1zi","item":"https:\/\/egerhaziimre.hu\/index.php\/eletrajz\/irasok-egerhazi-imrerol\/?lang=en"},{"@type":"ListItem","position":4,"name":"Excerpt from Sz\u00ednes Paletta, book by J\u00e1nos Komisz\u00e1r, 2004"}]},{"@type":"WebSite","@id":"https:\/\/egerhaziimre.hu\/#website","url":"https:\/\/egerhaziimre.hu\/","name":"\u00c9gerh\u00e1zi Imre","description":"","potentialAction":[{"@type":"SearchAction","target":{"@type":"EntryPoint","urlTemplate":"https:\/\/egerhaziimre.hu\/?s={search_term_string}"},"query-input":{"@type":"PropertyValueSpecification","valueRequired":true,"valueName":"search_term_string"}}],"inLanguage":"hu"}]}},"jetpack_sharing_enabled":true,"_links":{"self":[{"href":"https:\/\/egerhaziimre.hu\/index.php\/wp-json\/wp\/v2\/pages\/10769","targetHints":{"allow":["GET"]}}],"collection":[{"href":"https:\/\/egerhaziimre.hu\/index.php\/wp-json\/wp\/v2\/pages"}],"about":[{"href":"https:\/\/egerhaziimre.hu\/index.php\/wp-json\/wp\/v2\/types\/page"}],"author":[{"embeddable":true,"href":"https:\/\/egerhaziimre.hu\/index.php\/wp-json\/wp\/v2\/users\/4"}],"replies":[{"embeddable":true,"href":"https:\/\/egerhaziimre.hu\/index.php\/wp-json\/wp\/v2\/comments?post=10769"}],"version-history":[{"count":20,"href":"https:\/\/egerhaziimre.hu\/index.php\/wp-json\/wp\/v2\/pages\/10769\/revisions"}],"predecessor-version":[{"id":11816,"href":"https:\/\/egerhaziimre.hu\/index.php\/wp-json\/wp\/v2\/pages\/10769\/revisions\/11816"}],"up":[{"embeddable":true,"href":"https:\/\/egerhaziimre.hu\/index.php\/wp-json\/wp\/v2\/pages\/10535"}],"wp:featuredmedia":[{"embeddable":true,"href":"https:\/\/egerhaziimre.hu\/index.php\/wp-json\/wp\/v2\/media\/2569"}],"wp:attachment":[{"href":"https:\/\/egerhaziimre.hu\/index.php\/wp-json\/wp\/v2\/media?parent=10769"}],"wp:term":[{"taxonomy":"category","embeddable":true,"href":"https:\/\/egerhaziimre.hu\/index.php\/wp-json\/wp\/v2\/categories?post=10769"},{"taxonomy":"post_tag","embeddable":true,"href":"https:\/\/egerhaziimre.hu\/index.php\/wp-json\/wp\/v2\/tags?post=10769"}],"curies":[{"name":"wp","href":"https:\/\/api.w.org\/{rel}","templated":true}]}}