{"id":10773,"date":"2005-10-13T09:35:18","date_gmt":"2005-10-13T07:35:18","guid":{"rendered":"https:\/\/egerhaziimre.hu\/?page_id=10773"},"modified":"2020-12-08T13:53:49","modified_gmt":"2020-12-08T12:53:49","slug":"a-magyar-tajak-kepiroja-helyi-themaban-megjelent-cikk-2005","status":"publish","type":"page","link":"https:\/\/egerhaziimre.hu\/index.php\/eletrajz\/irasok-egerhazi-imrerol\/a-magyar-tajak-kepiroja-helyi-themaban-megjelent-cikk-2005\/","title":{"rendered":"A magyar t\u00e1jak k\u00e9p\u00edr\u00f3ja, Helyi Th\u00e9m\u00e1ban megjelent cikk, 2005"},"content":{"rendered":"<div class=\"wpb-content-wrapper\">[vc_row][vc_column width=&#8221;2\/3&#8243;][vc_column_text]\u00c9gerh\u00e1zi Imre munk\u00e1ss\u00e1ga szorosan k\u00f6t\u0151dik a Hegyvid\u00e9khez. M\u0171veit a k\u00f6zelj\u00f6v\u0151ben ki\u00e1ll\u00edt\u00e1son mutatj\u00e1k be, melyet a volt MOM M\u0171vel\u0151d\u00e9si H\u00e1zban szeretn\u00e9nek megrendezni.<\/p>\n<p>Az \u0151sei k\u00f6z\u00f6tt is voltak neves k\u00e9p\u00edr\u00f3k. Szolg\u00e1latuk\u00e9rt I. R\u00e1k\u00f3czi Gy\u00f6rgyt\u0151l nemess\u00e9get is kaptak. C\u00edmer\u00fckben a vit\u00e9z bal kez\u00e9ben kardot, jobb kez\u00e9ben ecsetet \u00e9s palett\u00e1t tart. A felmen\u0151kt\u0151l kapott \u00f6r\u00f6ks\u00e9g, a \u201ek\u00e9p\u00edr\u00e1s\u201d k\u00fcl\u00f6nleges tehets\u00e9ge \u00e9vsz\u00e1zadokon \u00e1tny\u00falva eljutott \u00c9gerh\u00e1zi Imr\u00e9hez, a m\u00falt sz\u00e1zad egyik legegyedibb, legmodernebbnek tartott fest\u0151j\u00e9hez.<\/p>\n<p>1925-ben sz\u00fcletett Hajd\u00fahadh\u00e1zon. Noha ifj\u00fa \u00e9veiben hivatalnokk\u00e9nt dolgozott, mindig tudta, hogy az ecset \u00e9s a v\u00e1szon az \u0151 \u201emunkaeszk\u00f6ze\u201d. Gyerekkor\u00e1ban a bal tenyer\u00e9be egy kis olajfest\u00e9ket nyomott, hogy vele legyen eg\u00e9sz nap az iskol\u00e1ban. A harmincas \u00e9vek elej\u00e9n, amikor aj\u00e1nd\u00e9kba kapott egy doboz sz\u00ednes kr\u00e9t\u00e1t, szinte mindent \u201e\u00f6sszerajzolt\u201d, ami j\u00f3 fel\u00fcletet adott egy fest\u0151gyerk\u0151cnek; falakat, ker\u00edt\u00e9seket, j\u00e1rd\u00e1kat. A mai graffitisek tehets\u00e9ges el\u0151fut\u00e1r\u00e1b\u00f3l neves fest\u0151m\u0171v\u00e9sz lett. \u00c9gerh\u00e1zi Imre p\u00e1ly\u00e1ja \u2013 noha nem itt sz\u00fcletett- a Hegyvid\u00e9ken indult, \u00e9s mindig boldogan j\u00f6tt a f\u0151v\u00e1rosnak ezen r\u00e9sz\u00e9re. A m\u0171v\u00e9sz els\u0151 ki\u00e1ll\u00edt\u00e1s\u00e1t is a hajdani MOM-ban rendezt\u00e9k \u2013 \u00f3ri\u00e1si sikerrel. A nagy indul\u00e1st t\u00f6bb sz\u00e1z egy\u00e9ni \u00e9s csoportos t\u00e1rlat k\u00f6vette Bud\u00e1n, Pesten \u00e9s az orsz\u00e1gban, Eur\u00f3p\u00e1ban \u00e9s a tengerent\u00falon. De a sikerek k\u00f6zben is sz\u00edv\u00f3s k\u00f6vetkezetess\u00e9ggel tanult mindenkit\u0151l. M\u00fazeumokban, utcai fest\u0151kt\u0151l, m\u0171v\u00e9szekt\u0151l- ablakaikon belesve \u00e9s ellesve a mesterfog\u00e1sokat. Olyan egyedi vil\u00e1got alak\u00edtott ki k\u00e9pein, amelyikben nem volt mozg\u00e1s, nem rep\u00fcltek a madarak, nem ment szek\u00e9r, nem v\u00e1gt\u00e1ztak lovak. A t\u00e1rgyak k\u00fcl\u00f6nleges \u201e\u00f6sszefest\u00e9se\u201d m\u00e9gis olyan dinamik\u00e1t k\u00f6lcs\u00f6nz\u00f6tt alkot\u00e1sainak, amit lehetetlen ut\u00e1nozni. A magyar t\u00e1jak \u00e9s emberek meg\u00f6r\u00f6k\u00edt\u00e9s\u00e9n t\u00fal \u00f6r\u00f6k szerelme volt Erd\u00e9ly. Szinte nincs olyan szeglete ennek a vid\u00e9knek, amelyet v\u00e1zlataiban, rajzaiban vagy festm\u00e9nyeiben ne \u201eragadott\u201d volna meg.<\/p>\n<p>\u00c9gerh\u00e1zi Imr\u00e9t a hat\u00e1ron t\u00fali magyar m\u0171v\u00e9szet egyik legjelent\u0151sebb magyar patr\u00f3nusak\u00e9nt is sz\u00e1mon tartj\u00e1k. M\u0171v\u00e9szet\u00e9t egyik kritikusa T\u00f3th \u00c1rp\u00e1d el\u00e9gi\u00e1ihoz hasonl\u00edtotta.<\/p>\n<p>&#8222;Mint a bokrok set\u00e9t bogy\u00f3kkal,<br \/>\nA h\u00f3 alatt zamatoz\u00f3kkal,<br \/>\nMegrakva sz\u00edvem h\u0171v\u00f6s j\u00f3kkal.&#8221;<\/p>\n<p>Helyi T\u00e9ma (XII. ker\u00fclet), 2005. j\u00fanius. 15., II. \u00e9vfolyam, 23. sz\u00e1m[\/vc_column_text][\/vc_column][vc_column width=&#8221;1\/3&#8243;][vc_single_image image=&#8221;3032&#8243; img_size=&#8221;large&#8221; alignment=&#8221;center&#8221; onclick=&#8221;link_image&#8221; el_class=&#8221;margin_bottom_0 padding_bottom_0&#8243;][vc_column_text css=&#8221;.vc_custom_1607432027515{background-color: #f9f9f9 !important;}&#8221;]\n<p style=\"text-align: center;\"><strong>Gyergy\u00f3sz\u00e1rhegyi ny\u00e1r<\/strong><br \/>\nolaj, farost, 80&#215;100 cm<br \/>\n1992<\/p>\n[\/vc_column_text][\/vc_column][\/vc_row]\n<\/div>","protected":false},"excerpt":{"rendered":"<p>[vc_row][vc_column width=&#8221;2\/3&#8243;][vc_column_text]\u00c9gerh\u00e1zi Imre munk\u00e1ss\u00e1ga szorosan k\u00f6t\u0151dik a Hegyvid\u00e9khez. M\u0171veit a k\u00f6zelj\u00f6v\u0151ben ki\u00e1ll\u00edt\u00e1son mutatj\u00e1k be, melyet a volt MOM M\u0171vel\u0151d\u00e9si H\u00e1zban szeretn\u00e9nek megrendezni. Az \u0151sei k\u00f6z\u00f6tt is voltak neves k\u00e9p\u00edr\u00f3k. Szolg\u00e1latuk\u00e9rt I. R\u00e1k\u00f3czi Gy\u00f6rgyt\u0151l nemess\u00e9get is kaptak. C\u00edmer\u00fckben a vit\u00e9z bal kez\u00e9ben kardot, jobb kez\u00e9ben ecsetet \u00e9s palett\u00e1t tart. A felmen\u0151kt\u0151l kapott \u00f6r\u00f6ks\u00e9g, a \u201ek\u00e9p\u00edr\u00e1s\u201d k\u00fcl\u00f6nleges tehets\u00e9ge \u00e9vsz\u00e1zadokon \u00e1tny\u00falva eljutott \u00c9gerh\u00e1zi [&hellip;]<\/p>\n","protected":false},"author":4,"featured_media":0,"parent":10535,"menu_order":0,"comment_status":"closed","ping_status":"closed","template":"","meta":{"footnotes":""},"categories":[219],"tags":[127],"class_list":["post-10773","page","type-page","status-publish","hentry","category-irasok_egerhazi_imrerol","tag-127"],"yoast_head":"<!-- This site is optimized with the Yoast SEO plugin v27.0 - https:\/\/yoast.com\/product\/yoast-seo-wordpress\/ -->\n<title>A magyar t\u00e1jak k\u00e9p\u00edr\u00f3ja, Helyi Th\u00e9m\u00e1ban megjelent cikk, 2005 - \u00c9gerh\u00e1zi Imre<\/title>\n<meta name=\"robots\" content=\"index, follow, max-snippet:-1, max-image-preview:large, max-video-preview:-1\" \/>\n<link rel=\"canonical\" href=\"https:\/\/egerhaziimre.hu\/index.php\/eletrajz\/irasok-egerhazi-imrerol\/a-magyar-tajak-kepiroja-helyi-themaban-megjelent-cikk-2005\/?lang=en\" \/>\n<meta property=\"og:locale\" content=\"hu_HU\" \/>\n<meta property=\"og:type\" content=\"article\" \/>\n<meta property=\"og:title\" content=\"A magyar t\u00e1jak k\u00e9p\u00edr\u00f3ja, Helyi Th\u00e9m\u00e1ban megjelent cikk, 2005 - \u00c9gerh\u00e1zi Imre\" \/>\n<meta property=\"og:description\" content=\"[vc_row][vc_column width=&#8221;2\/3&#8243;][vc_column_text]\u00c9gerh\u00e1zi Imre munk\u00e1ss\u00e1ga szorosan k\u00f6t\u0151dik a Hegyvid\u00e9khez. M\u0171veit a k\u00f6zelj\u00f6v\u0151ben ki\u00e1ll\u00edt\u00e1son mutatj\u00e1k be, melyet a volt MOM M\u0171vel\u0151d\u00e9si H\u00e1zban szeretn\u00e9nek megrendezni. Az \u0151sei k\u00f6z\u00f6tt is voltak neves k\u00e9p\u00edr\u00f3k. Szolg\u00e1latuk\u00e9rt I. R\u00e1k\u00f3czi Gy\u00f6rgyt\u0151l nemess\u00e9get is kaptak. C\u00edmer\u00fckben a vit\u00e9z bal kez\u00e9ben kardot, jobb kez\u00e9ben ecsetet \u00e9s palett\u00e1t tart. A felmen\u0151kt\u0151l kapott \u00f6r\u00f6ks\u00e9g, a \u201ek\u00e9p\u00edr\u00e1s\u201d k\u00fcl\u00f6nleges tehets\u00e9ge \u00e9vsz\u00e1zadokon \u00e1tny\u00falva eljutott \u00c9gerh\u00e1zi [&hellip;]\" \/>\n<meta property=\"og:url\" content=\"https:\/\/egerhaziimre.hu\/index.php\/eletrajz\/irasok-egerhazi-imrerol\/a-magyar-tajak-kepiroja-helyi-themaban-megjelent-cikk-2005\/?lang=en\" \/>\n<meta property=\"og:site_name\" content=\"\u00c9gerh\u00e1zi Imre\" \/>\n<meta property=\"article:modified_time\" content=\"2020-12-08T12:53:49+00:00\" \/>\n<meta name=\"twitter:card\" content=\"summary_large_image\" \/>\n<meta name=\"twitter:label1\" content=\"Becs\u00fclt olvas\u00e1si id\u0151\" \/>\n\t<meta name=\"twitter:data1\" content=\"5 perc\" \/>\n<script type=\"application\/ld+json\" class=\"yoast-schema-graph\">{\"@context\":\"https:\/\/schema.org\",\"@graph\":[{\"@type\":\"WebPage\",\"@id\":\"https:\/\/egerhaziimre.hu\/index.php\/eletrajz\/irasok-egerhazi-imrerol\/a-magyar-tajak-kepiroja-helyi-themaban-megjelent-cikk-2005\/?lang=en\",\"url\":\"https:\/\/egerhaziimre.hu\/index.php\/eletrajz\/irasok-egerhazi-imrerol\/a-magyar-tajak-kepiroja-helyi-themaban-megjelent-cikk-2005\/?lang=en\",\"name\":\"A magyar t\u00e1jak k\u00e9p\u00edr\u00f3ja, Helyi Th\u00e9m\u00e1ban megjelent cikk, 2005 - \u00c9gerh\u00e1zi Imre\",\"isPartOf\":{\"@id\":\"https:\/\/egerhaziimre.hu\/#website\"},\"datePublished\":\"2005-10-13T07:35:18+00:00\",\"dateModified\":\"2020-12-08T12:53:49+00:00\",\"breadcrumb\":{\"@id\":\"https:\/\/egerhaziimre.hu\/index.php\/eletrajz\/irasok-egerhazi-imrerol\/a-magyar-tajak-kepiroja-helyi-themaban-megjelent-cikk-2005\/?lang=en#breadcrumb\"},\"inLanguage\":\"hu\",\"potentialAction\":[{\"@type\":\"ReadAction\",\"target\":[\"https:\/\/egerhaziimre.hu\/index.php\/eletrajz\/irasok-egerhazi-imrerol\/a-magyar-tajak-kepiroja-helyi-themaban-megjelent-cikk-2005\/?lang=en\"]}]},{\"@type\":\"BreadcrumbList\",\"@id\":\"https:\/\/egerhaziimre.hu\/index.php\/eletrajz\/irasok-egerhazi-imrerol\/a-magyar-tajak-kepiroja-helyi-themaban-megjelent-cikk-2005\/?lang=en#breadcrumb\",\"itemListElement\":[{\"@type\":\"ListItem\",\"position\":1,\"name\":\"Home\",\"item\":\"https:\/\/egerhaziimre.hu\/\"},{\"@type\":\"ListItem\",\"position\":2,\"name\":\"\u00c9letrajz\",\"item\":\"https:\/\/egerhaziimre.hu\/index.php\/eletrajz\/\"},{\"@type\":\"ListItem\",\"position\":3,\"name\":\"Writings about Imre \u00c9gerh\u00e1zi\",\"item\":\"https:\/\/egerhaziimre.hu\/index.php\/eletrajz\/irasok-egerhazi-imrerol\/?lang=en\"},{\"@type\":\"ListItem\",\"position\":4,\"name\":\"THE PAINTER OF THE HUNGARIAN LANDSCAPES, ARTICLE OF HELYI TH\u00c9MA, 2005\"}]},{\"@type\":\"WebSite\",\"@id\":\"https:\/\/egerhaziimre.hu\/#website\",\"url\":\"https:\/\/egerhaziimre.hu\/\",\"name\":\"\u00c9gerh\u00e1zi Imre\",\"description\":\"\",\"potentialAction\":[{\"@type\":\"SearchAction\",\"target\":{\"@type\":\"EntryPoint\",\"urlTemplate\":\"https:\/\/egerhaziimre.hu\/?s={search_term_string}\"},\"query-input\":{\"@type\":\"PropertyValueSpecification\",\"valueRequired\":true,\"valueName\":\"search_term_string\"}}],\"inLanguage\":\"hu\"}]}<\/script>\n<!-- \/ Yoast SEO plugin. -->","yoast_head_json":{"title":"A magyar t\u00e1jak k\u00e9p\u00edr\u00f3ja, Helyi Th\u00e9m\u00e1ban megjelent cikk, 2005 - \u00c9gerh\u00e1zi Imre","robots":{"index":"index","follow":"follow","max-snippet":"max-snippet:-1","max-image-preview":"max-image-preview:large","max-video-preview":"max-video-preview:-1"},"canonical":"https:\/\/egerhaziimre.hu\/index.php\/eletrajz\/irasok-egerhazi-imrerol\/a-magyar-tajak-kepiroja-helyi-themaban-megjelent-cikk-2005\/?lang=en","og_locale":"hu_HU","og_type":"article","og_title":"A magyar t\u00e1jak k\u00e9p\u00edr\u00f3ja, Helyi Th\u00e9m\u00e1ban megjelent cikk, 2005 - \u00c9gerh\u00e1zi Imre","og_description":"[vc_row][vc_column width=&#8221;2\/3&#8243;][vc_column_text]\u00c9gerh\u00e1zi Imre munk\u00e1ss\u00e1ga szorosan k\u00f6t\u0151dik a Hegyvid\u00e9khez. M\u0171veit a k\u00f6zelj\u00f6v\u0151ben ki\u00e1ll\u00edt\u00e1son mutatj\u00e1k be, melyet a volt MOM M\u0171vel\u0151d\u00e9si H\u00e1zban szeretn\u00e9nek megrendezni. Az \u0151sei k\u00f6z\u00f6tt is voltak neves k\u00e9p\u00edr\u00f3k. Szolg\u00e1latuk\u00e9rt I. R\u00e1k\u00f3czi Gy\u00f6rgyt\u0151l nemess\u00e9get is kaptak. C\u00edmer\u00fckben a vit\u00e9z bal kez\u00e9ben kardot, jobb kez\u00e9ben ecsetet \u00e9s palett\u00e1t tart. A felmen\u0151kt\u0151l kapott \u00f6r\u00f6ks\u00e9g, a \u201ek\u00e9p\u00edr\u00e1s\u201d k\u00fcl\u00f6nleges tehets\u00e9ge \u00e9vsz\u00e1zadokon \u00e1tny\u00falva eljutott \u00c9gerh\u00e1zi [&hellip;]","og_url":"https:\/\/egerhaziimre.hu\/index.php\/eletrajz\/irasok-egerhazi-imrerol\/a-magyar-tajak-kepiroja-helyi-themaban-megjelent-cikk-2005\/?lang=en","og_site_name":"\u00c9gerh\u00e1zi Imre","article_modified_time":"2020-12-08T12:53:49+00:00","twitter_card":"summary_large_image","twitter_misc":{"Becs\u00fclt olvas\u00e1si id\u0151":"5 perc"},"schema":{"@context":"https:\/\/schema.org","@graph":[{"@type":"WebPage","@id":"https:\/\/egerhaziimre.hu\/index.php\/eletrajz\/irasok-egerhazi-imrerol\/a-magyar-tajak-kepiroja-helyi-themaban-megjelent-cikk-2005\/?lang=en","url":"https:\/\/egerhaziimre.hu\/index.php\/eletrajz\/irasok-egerhazi-imrerol\/a-magyar-tajak-kepiroja-helyi-themaban-megjelent-cikk-2005\/?lang=en","name":"A magyar t\u00e1jak k\u00e9p\u00edr\u00f3ja, Helyi Th\u00e9m\u00e1ban megjelent cikk, 2005 - \u00c9gerh\u00e1zi Imre","isPartOf":{"@id":"https:\/\/egerhaziimre.hu\/#website"},"datePublished":"2005-10-13T07:35:18+00:00","dateModified":"2020-12-08T12:53:49+00:00","breadcrumb":{"@id":"https:\/\/egerhaziimre.hu\/index.php\/eletrajz\/irasok-egerhazi-imrerol\/a-magyar-tajak-kepiroja-helyi-themaban-megjelent-cikk-2005\/?lang=en#breadcrumb"},"inLanguage":"hu","potentialAction":[{"@type":"ReadAction","target":["https:\/\/egerhaziimre.hu\/index.php\/eletrajz\/irasok-egerhazi-imrerol\/a-magyar-tajak-kepiroja-helyi-themaban-megjelent-cikk-2005\/?lang=en"]}]},{"@type":"BreadcrumbList","@id":"https:\/\/egerhaziimre.hu\/index.php\/eletrajz\/irasok-egerhazi-imrerol\/a-magyar-tajak-kepiroja-helyi-themaban-megjelent-cikk-2005\/?lang=en#breadcrumb","itemListElement":[{"@type":"ListItem","position":1,"name":"Home","item":"https:\/\/egerhaziimre.hu\/"},{"@type":"ListItem","position":2,"name":"\u00c9letrajz","item":"https:\/\/egerhaziimre.hu\/index.php\/eletrajz\/"},{"@type":"ListItem","position":3,"name":"Writings about Imre \u00c9gerh\u00e1zi","item":"https:\/\/egerhaziimre.hu\/index.php\/eletrajz\/irasok-egerhazi-imrerol\/?lang=en"},{"@type":"ListItem","position":4,"name":"THE PAINTER OF THE HUNGARIAN LANDSCAPES, ARTICLE OF HELYI TH\u00c9MA, 2005"}]},{"@type":"WebSite","@id":"https:\/\/egerhaziimre.hu\/#website","url":"https:\/\/egerhaziimre.hu\/","name":"\u00c9gerh\u00e1zi Imre","description":"","potentialAction":[{"@type":"SearchAction","target":{"@type":"EntryPoint","urlTemplate":"https:\/\/egerhaziimre.hu\/?s={search_term_string}"},"query-input":{"@type":"PropertyValueSpecification","valueRequired":true,"valueName":"search_term_string"}}],"inLanguage":"hu"}]}},"jetpack_sharing_enabled":true,"_links":{"self":[{"href":"https:\/\/egerhaziimre.hu\/index.php\/wp-json\/wp\/v2\/pages\/10773","targetHints":{"allow":["GET"]}}],"collection":[{"href":"https:\/\/egerhaziimre.hu\/index.php\/wp-json\/wp\/v2\/pages"}],"about":[{"href":"https:\/\/egerhaziimre.hu\/index.php\/wp-json\/wp\/v2\/types\/page"}],"author":[{"embeddable":true,"href":"https:\/\/egerhaziimre.hu\/index.php\/wp-json\/wp\/v2\/users\/4"}],"replies":[{"embeddable":true,"href":"https:\/\/egerhaziimre.hu\/index.php\/wp-json\/wp\/v2\/comments?post=10773"}],"version-history":[{"count":10,"href":"https:\/\/egerhaziimre.hu\/index.php\/wp-json\/wp\/v2\/pages\/10773\/revisions"}],"predecessor-version":[{"id":11268,"href":"https:\/\/egerhaziimre.hu\/index.php\/wp-json\/wp\/v2\/pages\/10773\/revisions\/11268"}],"up":[{"embeddable":true,"href":"https:\/\/egerhaziimre.hu\/index.php\/wp-json\/wp\/v2\/pages\/10535"}],"wp:attachment":[{"href":"https:\/\/egerhaziimre.hu\/index.php\/wp-json\/wp\/v2\/media?parent=10773"}],"wp:term":[{"taxonomy":"category","embeddable":true,"href":"https:\/\/egerhaziimre.hu\/index.php\/wp-json\/wp\/v2\/categories?post=10773"},{"taxonomy":"post_tag","embeddable":true,"href":"https:\/\/egerhaziimre.hu\/index.php\/wp-json\/wp\/v2\/tags?post=10773"}],"curies":[{"name":"wp","href":"https:\/\/api.w.org\/{rel}","templated":true}]}}