{"id":10775,"date":"2006-10-13T09:40:02","date_gmt":"2006-10-13T07:40:02","guid":{"rendered":"https:\/\/egerhaziimre.hu\/?page_id=10775"},"modified":"2020-12-08T15:12:06","modified_gmt":"2020-12-08T14:12:06","slug":"a-kiallitas-visszatert-a-hegyvideken-megjelent-cikk-2006","status":"publish","type":"page","link":"https:\/\/egerhaziimre.hu\/index.php\/eletrajz\/irasok-egerhazi-imrerol\/a-kiallitas-visszatert-a-hegyvideken-megjelent-cikk-2006\/","title":{"rendered":"A ki\u00e1ll\u00edt\u00e1s visszat\u00e9rt, a Hegyvid\u00e9kben megjelent cikk, 2006"},"content":{"rendered":"<div class=\"wpb-content-wrapper\">[vc_row][vc_column][vc_column_text]\n<h6>\u00dajb\u00f3l l\u00e1that\u00f3k \u00c9gerh\u00e1zi Imre festm\u00e9nyei<\/h6>\n<p>T\u00f6bb mint harminc esztend\u0151 telt el az\u00f3ta, hogy a hajd\u00fahadh\u00e1zi sz\u00fclet\u00e9s\u0171 \u00c9gerh\u00e1zi Imre els\u0151 f\u0151v\u00e1rosi ki\u00e1ll\u00edt\u00e1s\u00e1t tartotta a MOM kult\u00farh\u00e1z\u00e1ban. Az \u201eAlf\u00f6ld mestere\u201d 2001-ben hunyt el, k\u00e9peinek jelent\u0151s r\u00e9sze azonban \u2013 k\u00f6sz\u00f6nhet\u0151en fiainak, akik nagy tisztelettel gondozz\u00e1k a hagyat\u00e9k\u00e1t \u2013 egy\u00fctt maradt: az 1972-es bemutat\u00f3 festm\u00e9nyanyag\u00e1nak jav\u00e1t \u00edgy ism\u00e9t l\u00e1thatta a k\u00f6z\u00f6ns\u00e9g a m\u0171vel\u0151d\u00e9si k\u00f6zpont kupolaterm\u00e9ben.<\/p>\n<p>D\u00e9j\u00e1 vu \u00e9rz\u00e9se lehetett azoknak, akik \u00c9gerh\u00e1zi Imre harmincn\u00e9gy \u00e9vvel ezel\u0151tti bemutatkoz\u00e1sa ut\u00e1n esetleg ism\u00e9t r\u00e9szt vettek festm\u00e9nyeinek ki\u00e1ll\u00edt\u00e1s\u00e1n. Ugyanazok a k\u00e9pek ugyanazon a helyen: ahogy a t\u00e1rlatot megnyit\u00f3 Mitnyan Gy\u00f6rgy polg\u00e1rmester fogalmazott, az \u00f6sszk\u00e9p t\u00f6k\u00e9letess\u00e9g\u00e9t csak a m\u0171v\u00e9sz szem\u00e9ly\u00e9nek hi\u00e1nya t\u00f6ri meg.<br \/>\nA posztumusz ki\u00e1ll\u00edt\u00e1s k\u00fcl\u00f6nlegess\u00e9g\u00e9re a megnyit\u00f3n Feledy Bal\u00e1zs m\u0171v\u00e9szett\u00f6rt\u00e9n\u00e9sz is r\u00e1mutatott: ritka, hogy valakinek a k\u00e9peit ennyi id\u0151 eltelt\u00e9vel ugyanazon t\u00e9rben l\u00e1thatja egy\u00fctt a k\u00f6z\u00f6ns\u00e9g. \u00c1m az is ritkas\u00e1gsz\u00e1mba megy, hogy egy m\u0171v\u00e9sznek a hagyat\u00e9k\u00e1val olyan gondoss\u00e1ggal foglalkozzanak, mint ahogy \u00c9gerh\u00e1zi Imre fiai \u00e1polj\u00e1k \u00e9desapjuk \u00f6r\u00f6ks\u00e9g\u00e9t.<br \/>\nA m\u0171v\u00e9szett\u00f6rt\u00e9n\u00e9sz szerint egy\u00e9rtelm\u0171 a v\u00e1lasz arra a k\u00e9rd\u00e9sre, \u00e9rdemes volt-e ism\u00e9t bemutatni a h\u00e1rom \u00e9vtizeddel ezel\u0151tt k\u00e9sz\u00fclt m\u0171veket. A k\u00e9pek nem amortiz\u00e1l\u00f3dtak, \u00e9rt\u00e9k\u00fck v\u00e1ltozatlan: b\u00e1r a hetvenes \u00e9vekre jellemz\u0151 volt az aktualit\u00e1sok \u00e9rtelmez\u00e9se, \u00c9gerh\u00e1zi m\u00e9gis id\u0151tlen vil\u00e1got teremtett. Az alf\u00f6ldi, illetve az erd\u00e9lyi t\u00e1jak szerelmesek\u00e9nt a term\u00e9szet panteisztikus l\u00e9nyeg\u00e9t dolgozta fel.<br \/>\nA term\u00e9szetelv\u0171 fest\u00e9szetben neh\u00e9z eredetinek lenni, \u00e1m neki siker\u00fclt. Eredetiek a formai megold\u00e1sai: a kem\u00e9ny kont\u00farok \u00e1ltal hat\u00e1rolt laza fel\u00fcletek ritmust, zeneis\u00e9get adnak a k\u00e9peknek. A sz\u00ednek k\u00f6z\u00f6tt nincs disszonancia, ugyanakkor a jellemz\u0151 s\u00f6t\u00e9t t\u00f3nus sok emberi dr\u00e1m\u00e1t l\u00e1ttat. \u00c9rdekes, hogy az \u00e9lete v\u00e9ge fel\u00e9 alkotott k\u00e9pek \u2013 melyek k\u00f6z\u00fcl ugyancsak ki\u00e1ll\u00edt\u00e1sra ker\u00fclt j\u00f3 n\u00e9h\u00e1ny \u2013 fokozatosan kivil\u00e1gosodtak. \u00c9gerh\u00e1zi Imre \u00e9lete utols\u00f3 pillanat\u00e1ig festett.<br \/>\nA r\u00e9gi-\u00faj ki\u00e1ll\u00edt\u00e1s megnyit\u00f3j\u00e1t a m\u0171v\u00e9sz egyik fia, \u00c9gerh\u00e1zi Attila tette eml\u00e9kezetess\u00e9, aki koncertet adott zenekar\u00e1val, a Djab\u00e9val. A git\u00e1ros \u00e9s egy\u00fcttese a festm\u00e9nyek \u00e1ltal ihletett szerzem\u00e9nyekb\u0151l \u00e1ll\u00edtotta \u00f6ssze m\u0171sor\u00e1t.<\/p>\n<p>\u00c9gerh\u00e1zi Imre fest\u0151m\u0171v\u00e9sz (1925-2001) Hajd\u00fahadh\u00e1zon sz\u00fcletett, a XVI. sz\u00e1zadi fresk\u00f3fest\u0151, \u00c9gerh\u00e1zi K\u00e9p\u00edr\u00f3 J\u00e1nos k\u00e9sei lesz\u00e1rmazottjak\u00e9nt. K\u00e9pz\u0151m\u0171v\u00e9szeti szabadiskol\u00e1ban tanult Debrecenben, mestere Menyh\u00e1rt J\u00f3zsef fest\u0151m\u0171v\u00e9sz volt. 1962-t\u0151l t\u00f6bb mint sz\u00e1z egy\u00e9ni \u00e9s n\u00e9gysz\u00e1z csoportos ki\u00e1ll\u00edt\u00e1son vett r\u00e9szt, az Egyes\u00fclt \u00c1llamokt\u00f3l eg\u00e9sz Eur\u00f3p\u00e1n \u00e9s Magyarorsz\u00e1gon \u00e1t Jap\u00e1nig. 1964-ben alap\u00edt\u00f3 tagja volt a Hajd\u00fab\u00f6sz\u00f6rm\u00e9nyi Nemzetk\u00f6zi M\u0171v\u00e9sztelepnek, ahol harminc \u00e9ven \u00e1t dolgozott. A hetvenes \u00e9vek elej\u00e9t\u0151l h\u00fasz \u00e9vig vett r\u00e9szt \u00e9s t\u00edz \u00e9vig ir\u00e1ny\u00edtotta az \u00dczemi t\u00e1rlatokat. 1982-t\u0151l \u00fajraszervezte \u00e9s hal\u00e1l\u00e1ig vezette a Hortob\u00e1gyi Alkot\u00f3t\u00e1bort. A hat\u00e1ron t\u00fali magyar m\u0171v\u00e9szek legkiemelked\u0151bb magyarorsz\u00e1gi patr\u00f3nusak\u00e9nt tartj\u00e1k sz\u00e1mon. A kilencvenes \u00e9vekben a franciaorsz\u00e1gi St. Michel-i M\u0171v\u00e9sztelep tiszteletbeli eln\u00f6k\u00e9v\u00e9 v\u00e1lasztott\u00e1k. K\u00e9pei megtal\u00e1lhat\u00f3k a hazai \u00e9s nemzetk\u00f6zi m\u00fazeumokban, k\u00f6zint\u00e9zm\u00e9nyekben \u00e9s gy\u0171jt\u0151kn\u00e9l.<\/p>\n<ol start=\"2006\">\n<li>D.- Hegyvid\u00e9k, 2006. \u00e1prilis 5.<\/li>\n<\/ol>\n[\/vc_column_text][vc_separator][vc_column_text]\n<p style=\"text-align: center;\">\n[\/vc_column_text][\/vc_column][\/vc_row]\n<\/div>","protected":false},"excerpt":{"rendered":"<p>[vc_row][vc_column][vc_column_text] \u00dajb\u00f3l l\u00e1that\u00f3k \u00c9gerh\u00e1zi Imre festm\u00e9nyei T\u00f6bb mint harminc esztend\u0151 telt el az\u00f3ta, hogy a hajd\u00fahadh\u00e1zi sz\u00fclet\u00e9s\u0171 \u00c9gerh\u00e1zi Imre els\u0151 f\u0151v\u00e1rosi ki\u00e1ll\u00edt\u00e1s\u00e1t tartotta a MOM kult\u00farh\u00e1z\u00e1ban. Az \u201eAlf\u00f6ld mestere\u201d 2001-ben hunyt el, k\u00e9peinek jelent\u0151s r\u00e9sze azonban \u2013 k\u00f6sz\u00f6nhet\u0151en fiainak, akik nagy tisztelettel gondozz\u00e1k a hagyat\u00e9k\u00e1t \u2013 egy\u00fctt maradt: az 1972-es bemutat\u00f3 festm\u00e9nyanyag\u00e1nak jav\u00e1t \u00edgy ism\u00e9t l\u00e1thatta a k\u00f6z\u00f6ns\u00e9g a m\u0171vel\u0151d\u00e9si [&hellip;]<\/p>\n","protected":false},"author":4,"featured_media":0,"parent":10535,"menu_order":0,"comment_status":"closed","ping_status":"closed","template":"","meta":{"footnotes":""},"categories":[219],"tags":[83],"class_list":["post-10775","page","type-page","status-publish","hentry","category-irasok_egerhazi_imrerol","tag-83"],"yoast_head":"<!-- This site is optimized with the Yoast SEO plugin v27.0 - https:\/\/yoast.com\/product\/yoast-seo-wordpress\/ -->\n<title>A ki\u00e1ll\u00edt\u00e1s visszat\u00e9rt, a Hegyvid\u00e9kben megjelent cikk, 2006 - \u00c9gerh\u00e1zi Imre<\/title>\n<meta name=\"robots\" content=\"index, follow, max-snippet:-1, max-image-preview:large, max-video-preview:-1\" \/>\n<link rel=\"canonical\" href=\"https:\/\/egerhaziimre.hu\/index.php\/eletrajz\/irasok-egerhazi-imrerol\/a-kiallitas-visszatert-a-hegyvideken-megjelent-cikk-2006\/?lang=en\" \/>\n<meta property=\"og:locale\" content=\"hu_HU\" \/>\n<meta property=\"og:type\" content=\"article\" \/>\n<meta property=\"og:title\" content=\"A ki\u00e1ll\u00edt\u00e1s visszat\u00e9rt, a Hegyvid\u00e9kben megjelent cikk, 2006 - \u00c9gerh\u00e1zi Imre\" \/>\n<meta property=\"og:description\" content=\"[vc_row][vc_column][vc_column_text] \u00dajb\u00f3l l\u00e1that\u00f3k \u00c9gerh\u00e1zi Imre festm\u00e9nyei T\u00f6bb mint harminc esztend\u0151 telt el az\u00f3ta, hogy a hajd\u00fahadh\u00e1zi sz\u00fclet\u00e9s\u0171 \u00c9gerh\u00e1zi Imre els\u0151 f\u0151v\u00e1rosi ki\u00e1ll\u00edt\u00e1s\u00e1t tartotta a MOM kult\u00farh\u00e1z\u00e1ban. Az \u201eAlf\u00f6ld mestere\u201d 2001-ben hunyt el, k\u00e9peinek jelent\u0151s r\u00e9sze azonban \u2013 k\u00f6sz\u00f6nhet\u0151en fiainak, akik nagy tisztelettel gondozz\u00e1k a hagyat\u00e9k\u00e1t \u2013 egy\u00fctt maradt: az 1972-es bemutat\u00f3 festm\u00e9nyanyag\u00e1nak jav\u00e1t \u00edgy ism\u00e9t l\u00e1thatta a k\u00f6z\u00f6ns\u00e9g a m\u0171vel\u0151d\u00e9si [&hellip;]\" \/>\n<meta property=\"og:url\" content=\"https:\/\/egerhaziimre.hu\/index.php\/eletrajz\/irasok-egerhazi-imrerol\/a-kiallitas-visszatert-a-hegyvideken-megjelent-cikk-2006\/?lang=en\" \/>\n<meta property=\"og:site_name\" content=\"\u00c9gerh\u00e1zi Imre\" \/>\n<meta property=\"article:modified_time\" content=\"2020-12-08T14:12:06+00:00\" \/>\n<meta name=\"twitter:card\" content=\"summary_large_image\" \/>\n<meta name=\"twitter:label1\" content=\"Becs\u00fclt olvas\u00e1si id\u0151\" \/>\n\t<meta name=\"twitter:data1\" content=\"7 perc\" \/>\n<script type=\"application\/ld+json\" class=\"yoast-schema-graph\">{\"@context\":\"https:\/\/schema.org\",\"@graph\":[{\"@type\":\"WebPage\",\"@id\":\"https:\/\/egerhaziimre.hu\/index.php\/eletrajz\/irasok-egerhazi-imrerol\/a-kiallitas-visszatert-a-hegyvideken-megjelent-cikk-2006\/?lang=en\",\"url\":\"https:\/\/egerhaziimre.hu\/index.php\/eletrajz\/irasok-egerhazi-imrerol\/a-kiallitas-visszatert-a-hegyvideken-megjelent-cikk-2006\/?lang=en\",\"name\":\"A ki\u00e1ll\u00edt\u00e1s visszat\u00e9rt, a Hegyvid\u00e9kben megjelent cikk, 2006 - \u00c9gerh\u00e1zi Imre\",\"isPartOf\":{\"@id\":\"https:\/\/egerhaziimre.hu\/#website\"},\"datePublished\":\"2006-10-13T07:40:02+00:00\",\"dateModified\":\"2020-12-08T14:12:06+00:00\",\"breadcrumb\":{\"@id\":\"https:\/\/egerhaziimre.hu\/index.php\/eletrajz\/irasok-egerhazi-imrerol\/a-kiallitas-visszatert-a-hegyvideken-megjelent-cikk-2006\/?lang=en#breadcrumb\"},\"inLanguage\":\"hu\",\"potentialAction\":[{\"@type\":\"ReadAction\",\"target\":[\"https:\/\/egerhaziimre.hu\/index.php\/eletrajz\/irasok-egerhazi-imrerol\/a-kiallitas-visszatert-a-hegyvideken-megjelent-cikk-2006\/?lang=en\"]}]},{\"@type\":\"BreadcrumbList\",\"@id\":\"https:\/\/egerhaziimre.hu\/index.php\/eletrajz\/irasok-egerhazi-imrerol\/a-kiallitas-visszatert-a-hegyvideken-megjelent-cikk-2006\/?lang=en#breadcrumb\",\"itemListElement\":[{\"@type\":\"ListItem\",\"position\":1,\"name\":\"Home\",\"item\":\"https:\/\/egerhaziimre.hu\/\"},{\"@type\":\"ListItem\",\"position\":2,\"name\":\"\u00c9letrajz\",\"item\":\"https:\/\/egerhaziimre.hu\/index.php\/eletrajz\/\"},{\"@type\":\"ListItem\",\"position\":3,\"name\":\"Writings about Imre \u00c9gerh\u00e1zi\",\"item\":\"https:\/\/egerhaziimre.hu\/index.php\/eletrajz\/irasok-egerhazi-imrerol\/?lang=en\"},{\"@type\":\"ListItem\",\"position\":4,\"name\":\"EXHIBITION MAKES A COMEBACK, AN ARTICLE BY HEGYVID\u00c9K, 2006\"}]},{\"@type\":\"WebSite\",\"@id\":\"https:\/\/egerhaziimre.hu\/#website\",\"url\":\"https:\/\/egerhaziimre.hu\/\",\"name\":\"\u00c9gerh\u00e1zi Imre\",\"description\":\"\",\"potentialAction\":[{\"@type\":\"SearchAction\",\"target\":{\"@type\":\"EntryPoint\",\"urlTemplate\":\"https:\/\/egerhaziimre.hu\/?s={search_term_string}\"},\"query-input\":{\"@type\":\"PropertyValueSpecification\",\"valueRequired\":true,\"valueName\":\"search_term_string\"}}],\"inLanguage\":\"hu\"}]}<\/script>\n<!-- \/ Yoast SEO plugin. -->","yoast_head_json":{"title":"A ki\u00e1ll\u00edt\u00e1s visszat\u00e9rt, a Hegyvid\u00e9kben megjelent cikk, 2006 - \u00c9gerh\u00e1zi Imre","robots":{"index":"index","follow":"follow","max-snippet":"max-snippet:-1","max-image-preview":"max-image-preview:large","max-video-preview":"max-video-preview:-1"},"canonical":"https:\/\/egerhaziimre.hu\/index.php\/eletrajz\/irasok-egerhazi-imrerol\/a-kiallitas-visszatert-a-hegyvideken-megjelent-cikk-2006\/?lang=en","og_locale":"hu_HU","og_type":"article","og_title":"A ki\u00e1ll\u00edt\u00e1s visszat\u00e9rt, a Hegyvid\u00e9kben megjelent cikk, 2006 - \u00c9gerh\u00e1zi Imre","og_description":"[vc_row][vc_column][vc_column_text] \u00dajb\u00f3l l\u00e1that\u00f3k \u00c9gerh\u00e1zi Imre festm\u00e9nyei T\u00f6bb mint harminc esztend\u0151 telt el az\u00f3ta, hogy a hajd\u00fahadh\u00e1zi sz\u00fclet\u00e9s\u0171 \u00c9gerh\u00e1zi Imre els\u0151 f\u0151v\u00e1rosi ki\u00e1ll\u00edt\u00e1s\u00e1t tartotta a MOM kult\u00farh\u00e1z\u00e1ban. Az \u201eAlf\u00f6ld mestere\u201d 2001-ben hunyt el, k\u00e9peinek jelent\u0151s r\u00e9sze azonban \u2013 k\u00f6sz\u00f6nhet\u0151en fiainak, akik nagy tisztelettel gondozz\u00e1k a hagyat\u00e9k\u00e1t \u2013 egy\u00fctt maradt: az 1972-es bemutat\u00f3 festm\u00e9nyanyag\u00e1nak jav\u00e1t \u00edgy ism\u00e9t l\u00e1thatta a k\u00f6z\u00f6ns\u00e9g a m\u0171vel\u0151d\u00e9si [&hellip;]","og_url":"https:\/\/egerhaziimre.hu\/index.php\/eletrajz\/irasok-egerhazi-imrerol\/a-kiallitas-visszatert-a-hegyvideken-megjelent-cikk-2006\/?lang=en","og_site_name":"\u00c9gerh\u00e1zi Imre","article_modified_time":"2020-12-08T14:12:06+00:00","twitter_card":"summary_large_image","twitter_misc":{"Becs\u00fclt olvas\u00e1si id\u0151":"7 perc"},"schema":{"@context":"https:\/\/schema.org","@graph":[{"@type":"WebPage","@id":"https:\/\/egerhaziimre.hu\/index.php\/eletrajz\/irasok-egerhazi-imrerol\/a-kiallitas-visszatert-a-hegyvideken-megjelent-cikk-2006\/?lang=en","url":"https:\/\/egerhaziimre.hu\/index.php\/eletrajz\/irasok-egerhazi-imrerol\/a-kiallitas-visszatert-a-hegyvideken-megjelent-cikk-2006\/?lang=en","name":"A ki\u00e1ll\u00edt\u00e1s visszat\u00e9rt, a Hegyvid\u00e9kben megjelent cikk, 2006 - \u00c9gerh\u00e1zi Imre","isPartOf":{"@id":"https:\/\/egerhaziimre.hu\/#website"},"datePublished":"2006-10-13T07:40:02+00:00","dateModified":"2020-12-08T14:12:06+00:00","breadcrumb":{"@id":"https:\/\/egerhaziimre.hu\/index.php\/eletrajz\/irasok-egerhazi-imrerol\/a-kiallitas-visszatert-a-hegyvideken-megjelent-cikk-2006\/?lang=en#breadcrumb"},"inLanguage":"hu","potentialAction":[{"@type":"ReadAction","target":["https:\/\/egerhaziimre.hu\/index.php\/eletrajz\/irasok-egerhazi-imrerol\/a-kiallitas-visszatert-a-hegyvideken-megjelent-cikk-2006\/?lang=en"]}]},{"@type":"BreadcrumbList","@id":"https:\/\/egerhaziimre.hu\/index.php\/eletrajz\/irasok-egerhazi-imrerol\/a-kiallitas-visszatert-a-hegyvideken-megjelent-cikk-2006\/?lang=en#breadcrumb","itemListElement":[{"@type":"ListItem","position":1,"name":"Home","item":"https:\/\/egerhaziimre.hu\/"},{"@type":"ListItem","position":2,"name":"\u00c9letrajz","item":"https:\/\/egerhaziimre.hu\/index.php\/eletrajz\/"},{"@type":"ListItem","position":3,"name":"Writings about Imre \u00c9gerh\u00e1zi","item":"https:\/\/egerhaziimre.hu\/index.php\/eletrajz\/irasok-egerhazi-imrerol\/?lang=en"},{"@type":"ListItem","position":4,"name":"EXHIBITION MAKES A COMEBACK, AN ARTICLE BY HEGYVID\u00c9K, 2006"}]},{"@type":"WebSite","@id":"https:\/\/egerhaziimre.hu\/#website","url":"https:\/\/egerhaziimre.hu\/","name":"\u00c9gerh\u00e1zi Imre","description":"","potentialAction":[{"@type":"SearchAction","target":{"@type":"EntryPoint","urlTemplate":"https:\/\/egerhaziimre.hu\/?s={search_term_string}"},"query-input":{"@type":"PropertyValueSpecification","valueRequired":true,"valueName":"search_term_string"}}],"inLanguage":"hu"}]}},"jetpack_sharing_enabled":true,"_links":{"self":[{"href":"https:\/\/egerhaziimre.hu\/index.php\/wp-json\/wp\/v2\/pages\/10775","targetHints":{"allow":["GET"]}}],"collection":[{"href":"https:\/\/egerhaziimre.hu\/index.php\/wp-json\/wp\/v2\/pages"}],"about":[{"href":"https:\/\/egerhaziimre.hu\/index.php\/wp-json\/wp\/v2\/types\/page"}],"author":[{"embeddable":true,"href":"https:\/\/egerhaziimre.hu\/index.php\/wp-json\/wp\/v2\/users\/4"}],"replies":[{"embeddable":true,"href":"https:\/\/egerhaziimre.hu\/index.php\/wp-json\/wp\/v2\/comments?post=10775"}],"version-history":[{"count":2,"href":"https:\/\/egerhaziimre.hu\/index.php\/wp-json\/wp\/v2\/pages\/10775\/revisions"}],"predecessor-version":[{"id":11269,"href":"https:\/\/egerhaziimre.hu\/index.php\/wp-json\/wp\/v2\/pages\/10775\/revisions\/11269"}],"up":[{"embeddable":true,"href":"https:\/\/egerhaziimre.hu\/index.php\/wp-json\/wp\/v2\/pages\/10535"}],"wp:attachment":[{"href":"https:\/\/egerhaziimre.hu\/index.php\/wp-json\/wp\/v2\/media?parent=10775"}],"wp:term":[{"taxonomy":"category","embeddable":true,"href":"https:\/\/egerhaziimre.hu\/index.php\/wp-json\/wp\/v2\/categories?post=10775"},{"taxonomy":"post_tag","embeddable":true,"href":"https:\/\/egerhaziimre.hu\/index.php\/wp-json\/wp\/v2\/tags?post=10775"}],"curies":[{"name":"wp","href":"https:\/\/api.w.org\/{rel}","templated":true}]}}