{"id":10785,"date":"2007-02-07T10:16:40","date_gmt":"2007-02-07T09:16:40","guid":{"rendered":"https:\/\/egerhaziimre.hu\/?page_id=10785"},"modified":"2020-12-08T15:14:44","modified_gmt":"2020-12-08T14:14:44","slug":"egerhazi-imre-eletremekei-2007","status":"publish","type":"page","link":"https:\/\/egerhaziimre.hu\/index.php\/eletrajz\/irasok-egerhazi-imrerol\/egerhazi-imre-eletremekei-2007\/","title":{"rendered":"\u00c9gerh\u00e1zi Imre \u00e9letremekei, Moldov\u00e1n Ibolya, Hegyvid\u00e9k, 2007"},"content":{"rendered":"<div class=\"wpb-content-wrapper\">[vc_row][vc_column][vc_column_text]\u00c9gerh\u00e1zi Imre k\u00e9pei id\u0151tlenek. Napjainkban is arr\u00f3l vallanak, mennyire fontos az emberi arc meg\u00f6r\u00f6k\u00edt\u00e9se. A 2001-ben elhunyt m\u0171v\u00e9sz festm\u00e9nyein rend van. T\u00e1j \u00e9s ember elv\u00e1laszthatatlan egym\u00e1st\u00f3l: a t\u00e1j nyugalmat \u00e1raszt, \u00e9s a b\u00e9kess\u00e9gben mindig az ember a f\u0151szerepl\u0151 . Feledy Bal\u00e1zs \u00edgy \u00edr a ki\u00e1ll\u00edt\u00e1s katal\u00f3gus\u00e1ban: &#8222;\u0150 p\u00e9ld\u00e1ul sosem festett r\u00e9szletez\u0151, az apr\u00f3l\u00e9koss\u00e1gt\u00f3l hemzseg\u0151 arck\u00e9peket, hanem mindig a t\u00f6m\u00f6r\u00edt\u0151, l\u00e9nyegre t\u00f6r\u0151 megold\u00e1sok h\u00edve volt. Szinte egy\u00fctt \u00e9lj\u00fck \u00e1t az \u00e1br\u00e1zolttal \u00e9lete t\u00f6rt\u00e9net\u00e9t.&#8221;<\/p>\n<p>Valamennyi festm\u00e9ny \u0151szinte vallom\u00e1s egy olyan tehets\u00e9gt\u0151l, aki soha nem akart nagy v\u00e1lt\u00e1sokra, azaz szavai szerint, 180 fokos fordulatokra v\u00e1llalkozni. \u00dagy tartotta: &#8222;Kis \u00e9p\u00e9sekkel igyekszem korszer\u0171 lenni. Mivel magyarnak sz\u00fclettem, ha \u00edr\u00f3 lenn\u00e9k, magyarul \u00edrn\u00e9k, ha zen\u00e9sz lenn\u00e9k, t\u00e1maszkodn\u00e9k a hagyom\u00e1nyokra is, ez\u00e9rt term\u00e9szetesnek tal\u00e1lom, hogy a fest\u00e9szetemben ezek feltal\u00e1lhat\u00f3k. Legsz\u00edvesebben a Hajd\u00fas\u00e1g, Hortob\u00e1gy, Erd\u00e9ly t\u00e1jait rajzoltam, festettem.&#8221;<\/p>\n<p>Az 1925-ben sz\u00fcletett m\u0171v\u00e9sz Hajd\u00fahadh\u00e1zr\u00f3l indult, autodidaktak\u00e9nt kezdte p\u00e1ly\u00e1j\u00e1t, \u00e9s csal\u00e1di k\u00f6r\u00fclm\u00e9nyei m\u00e9g azt sem tett\u00e9k lehet\u0151v\u00e9, hogy f\u0151iskol\u00e1n tanuljon. K\u00e9pei ma m\u00e1r sok hely\u00fctt ismertek a vil\u00e1gban, \u00e9s \u0151 is eljutott alkot\u00e1saival Jap\u00e1nt\u00f3l New Yorkig, de Eur\u00f3pa \u00e9s Magyarorsz\u00e1g maradt sz\u00e1m\u00e1ra a leg\u00e9rdekesebb t\u00e1j.<\/p>\n<p>Moldov\u00e1n Ibolya<br \/>\nHegyvid\u00e9k, 2007. febru\u00e1r 7.[\/vc_column_text][vc_separator][vc_column_text]\n<p style=\"text-align: center;\">\n[\/vc_column_text][\/vc_column][\/vc_row]\n<\/div>","protected":false},"excerpt":{"rendered":"<p>[vc_row][vc_column][vc_column_text]\u00c9gerh\u00e1zi Imre k\u00e9pei id\u0151tlenek. Napjainkban is arr\u00f3l vallanak, mennyire fontos az emberi arc meg\u00f6r\u00f6k\u00edt\u00e9se. A 2001-ben elhunyt m\u0171v\u00e9sz festm\u00e9nyein rend van. T\u00e1j \u00e9s ember elv\u00e1laszthatatlan egym\u00e1st\u00f3l: a t\u00e1j nyugalmat \u00e1raszt, \u00e9s a b\u00e9kess\u00e9gben mindig az ember a f\u0151szerepl\u0151 . Feledy Bal\u00e1zs \u00edgy \u00edr a ki\u00e1ll\u00edt\u00e1s katal\u00f3gus\u00e1ban: &#8222;\u0150 p\u00e9ld\u00e1ul sosem festett r\u00e9szletez\u0151, az apr\u00f3l\u00e9koss\u00e1gt\u00f3l hemzseg\u0151 arck\u00e9peket, hanem mindig a t\u00f6m\u00f6r\u00edt\u0151, l\u00e9nyegre [&hellip;]<\/p>\n","protected":false},"author":4,"featured_media":0,"parent":10535,"menu_order":0,"comment_status":"closed","ping_status":"closed","template":"","meta":{"footnotes":""},"categories":[219],"tags":[163],"class_list":["post-10785","page","type-page","status-publish","hentry","category-irasok_egerhazi_imrerol","tag-163"],"yoast_head":"<!-- This site is optimized with the Yoast SEO plugin v27.3 - https:\/\/yoast.com\/product\/yoast-seo-wordpress\/ -->\n<title>\u00c9gerh\u00e1zi Imre \u00e9letremekei, Moldov\u00e1n Ibolya, Hegyvid\u00e9k, 2007 - \u00c9gerh\u00e1zi Imre<\/title>\n<meta name=\"robots\" content=\"index, follow, max-snippet:-1, max-image-preview:large, max-video-preview:-1\" \/>\n<link rel=\"canonical\" href=\"https:\/\/egerhaziimre.hu\/index.php\/eletrajz\/irasok-egerhazi-imrerol\/egerhazi-imre-eletremekei-2007\/?lang=en\" \/>\n<meta property=\"og:locale\" content=\"hu_HU\" \/>\n<meta property=\"og:type\" content=\"article\" \/>\n<meta property=\"og:title\" content=\"\u00c9gerh\u00e1zi Imre \u00e9letremekei, Moldov\u00e1n Ibolya, Hegyvid\u00e9k, 2007 - \u00c9gerh\u00e1zi Imre\" \/>\n<meta property=\"og:description\" content=\"[vc_row][vc_column][vc_column_text]\u00c9gerh\u00e1zi Imre k\u00e9pei id\u0151tlenek. Napjainkban is arr\u00f3l vallanak, mennyire fontos az emberi arc meg\u00f6r\u00f6k\u00edt\u00e9se. A 2001-ben elhunyt m\u0171v\u00e9sz festm\u00e9nyein rend van. T\u00e1j \u00e9s ember elv\u00e1laszthatatlan egym\u00e1st\u00f3l: a t\u00e1j nyugalmat \u00e1raszt, \u00e9s a b\u00e9kess\u00e9gben mindig az ember a f\u0151szerepl\u0151 . Feledy Bal\u00e1zs \u00edgy \u00edr a ki\u00e1ll\u00edt\u00e1s katal\u00f3gus\u00e1ban: &#8222;\u0150 p\u00e9ld\u00e1ul sosem festett r\u00e9szletez\u0151, az apr\u00f3l\u00e9koss\u00e1gt\u00f3l hemzseg\u0151 arck\u00e9peket, hanem mindig a t\u00f6m\u00f6r\u00edt\u0151, l\u00e9nyegre [&hellip;]\" \/>\n<meta property=\"og:url\" content=\"https:\/\/egerhaziimre.hu\/index.php\/eletrajz\/irasok-egerhazi-imrerol\/egerhazi-imre-eletremekei-2007\/?lang=en\" \/>\n<meta property=\"og:site_name\" content=\"\u00c9gerh\u00e1zi Imre\" \/>\n<meta property=\"article:modified_time\" content=\"2020-12-08T14:14:44+00:00\" \/>\n<meta name=\"twitter:card\" content=\"summary_large_image\" \/>\n<meta name=\"twitter:label1\" content=\"Becs\u00fclt olvas\u00e1si id\u0151\" \/>\n\t<meta name=\"twitter:data1\" content=\"3 perc\" \/>\n<script type=\"application\/ld+json\" class=\"yoast-schema-graph\">{\"@context\":\"https:\\\/\\\/schema.org\",\"@graph\":[{\"@type\":\"WebPage\",\"@id\":\"https:\\\/\\\/egerhaziimre.hu\\\/index.php\\\/eletrajz\\\/irasok-egerhazi-imrerol\\\/egerhazi-imre-eletremekei-2007\\\/?lang=en\",\"url\":\"https:\\\/\\\/egerhaziimre.hu\\\/index.php\\\/eletrajz\\\/irasok-egerhazi-imrerol\\\/egerhazi-imre-eletremekei-2007\\\/?lang=en\",\"name\":\"\u00c9gerh\u00e1zi Imre \u00e9letremekei, Moldov\u00e1n Ibolya, Hegyvid\u00e9k, 2007 - \u00c9gerh\u00e1zi Imre\",\"isPartOf\":{\"@id\":\"https:\\\/\\\/egerhaziimre.hu\\\/#website\"},\"datePublished\":\"2007-02-07T09:16:40+00:00\",\"dateModified\":\"2020-12-08T14:14:44+00:00\",\"breadcrumb\":{\"@id\":\"https:\\\/\\\/egerhaziimre.hu\\\/index.php\\\/eletrajz\\\/irasok-egerhazi-imrerol\\\/egerhazi-imre-eletremekei-2007\\\/?lang=en#breadcrumb\"},\"inLanguage\":\"hu\",\"potentialAction\":[{\"@type\":\"ReadAction\",\"target\":[\"https:\\\/\\\/egerhaziimre.hu\\\/index.php\\\/eletrajz\\\/irasok-egerhazi-imrerol\\\/egerhazi-imre-eletremekei-2007\\\/?lang=en\"]}]},{\"@type\":\"BreadcrumbList\",\"@id\":\"https:\\\/\\\/egerhaziimre.hu\\\/index.php\\\/eletrajz\\\/irasok-egerhazi-imrerol\\\/egerhazi-imre-eletremekei-2007\\\/?lang=en#breadcrumb\",\"itemListElement\":[{\"@type\":\"ListItem\",\"position\":1,\"name\":\"Home\",\"item\":\"https:\\\/\\\/egerhaziimre.hu\\\/\"},{\"@type\":\"ListItem\",\"position\":2,\"name\":\"\u00c9letrajz\",\"item\":\"https:\\\/\\\/egerhaziimre.hu\\\/index.php\\\/eletrajz\\\/\"},{\"@type\":\"ListItem\",\"position\":3,\"name\":\"Writings about Imre \u00c9gerh\u00e1zi\",\"item\":\"https:\\\/\\\/egerhaziimre.hu\\\/index.php\\\/eletrajz\\\/irasok-egerhazi-imrerol\\\/?lang=en\"},{\"@type\":\"ListItem\",\"position\":4,\"name\":\"WISECRACKS FROM IMRE \u00c9GERH\u00c1ZI, BY IBOLYA MOLDOV\u00c1N, HEGYVID\u00c9K, 2007\"}]},{\"@type\":\"WebSite\",\"@id\":\"https:\\\/\\\/egerhaziimre.hu\\\/#website\",\"url\":\"https:\\\/\\\/egerhaziimre.hu\\\/\",\"name\":\"\u00c9gerh\u00e1zi Imre\",\"description\":\"\",\"potentialAction\":[{\"@type\":\"SearchAction\",\"target\":{\"@type\":\"EntryPoint\",\"urlTemplate\":\"https:\\\/\\\/egerhaziimre.hu\\\/?s={search_term_string}\"},\"query-input\":{\"@type\":\"PropertyValueSpecification\",\"valueRequired\":true,\"valueName\":\"search_term_string\"}}],\"inLanguage\":\"hu\"}]}<\/script>\n<!-- \/ Yoast SEO plugin. -->","yoast_head_json":{"title":"\u00c9gerh\u00e1zi Imre \u00e9letremekei, Moldov\u00e1n Ibolya, Hegyvid\u00e9k, 2007 - \u00c9gerh\u00e1zi Imre","robots":{"index":"index","follow":"follow","max-snippet":"max-snippet:-1","max-image-preview":"max-image-preview:large","max-video-preview":"max-video-preview:-1"},"canonical":"https:\/\/egerhaziimre.hu\/index.php\/eletrajz\/irasok-egerhazi-imrerol\/egerhazi-imre-eletremekei-2007\/?lang=en","og_locale":"hu_HU","og_type":"article","og_title":"\u00c9gerh\u00e1zi Imre \u00e9letremekei, Moldov\u00e1n Ibolya, Hegyvid\u00e9k, 2007 - \u00c9gerh\u00e1zi Imre","og_description":"[vc_row][vc_column][vc_column_text]\u00c9gerh\u00e1zi Imre k\u00e9pei id\u0151tlenek. Napjainkban is arr\u00f3l vallanak, mennyire fontos az emberi arc meg\u00f6r\u00f6k\u00edt\u00e9se. A 2001-ben elhunyt m\u0171v\u00e9sz festm\u00e9nyein rend van. T\u00e1j \u00e9s ember elv\u00e1laszthatatlan egym\u00e1st\u00f3l: a t\u00e1j nyugalmat \u00e1raszt, \u00e9s a b\u00e9kess\u00e9gben mindig az ember a f\u0151szerepl\u0151 . Feledy Bal\u00e1zs \u00edgy \u00edr a ki\u00e1ll\u00edt\u00e1s katal\u00f3gus\u00e1ban: &#8222;\u0150 p\u00e9ld\u00e1ul sosem festett r\u00e9szletez\u0151, az apr\u00f3l\u00e9koss\u00e1gt\u00f3l hemzseg\u0151 arck\u00e9peket, hanem mindig a t\u00f6m\u00f6r\u00edt\u0151, l\u00e9nyegre [&hellip;]","og_url":"https:\/\/egerhaziimre.hu\/index.php\/eletrajz\/irasok-egerhazi-imrerol\/egerhazi-imre-eletremekei-2007\/?lang=en","og_site_name":"\u00c9gerh\u00e1zi Imre","article_modified_time":"2020-12-08T14:14:44+00:00","twitter_card":"summary_large_image","twitter_misc":{"Becs\u00fclt olvas\u00e1si id\u0151":"3 perc"},"schema":{"@context":"https:\/\/schema.org","@graph":[{"@type":"WebPage","@id":"https:\/\/egerhaziimre.hu\/index.php\/eletrajz\/irasok-egerhazi-imrerol\/egerhazi-imre-eletremekei-2007\/?lang=en","url":"https:\/\/egerhaziimre.hu\/index.php\/eletrajz\/irasok-egerhazi-imrerol\/egerhazi-imre-eletremekei-2007\/?lang=en","name":"\u00c9gerh\u00e1zi Imre \u00e9letremekei, Moldov\u00e1n Ibolya, Hegyvid\u00e9k, 2007 - \u00c9gerh\u00e1zi Imre","isPartOf":{"@id":"https:\/\/egerhaziimre.hu\/#website"},"datePublished":"2007-02-07T09:16:40+00:00","dateModified":"2020-12-08T14:14:44+00:00","breadcrumb":{"@id":"https:\/\/egerhaziimre.hu\/index.php\/eletrajz\/irasok-egerhazi-imrerol\/egerhazi-imre-eletremekei-2007\/?lang=en#breadcrumb"},"inLanguage":"hu","potentialAction":[{"@type":"ReadAction","target":["https:\/\/egerhaziimre.hu\/index.php\/eletrajz\/irasok-egerhazi-imrerol\/egerhazi-imre-eletremekei-2007\/?lang=en"]}]},{"@type":"BreadcrumbList","@id":"https:\/\/egerhaziimre.hu\/index.php\/eletrajz\/irasok-egerhazi-imrerol\/egerhazi-imre-eletremekei-2007\/?lang=en#breadcrumb","itemListElement":[{"@type":"ListItem","position":1,"name":"Home","item":"https:\/\/egerhaziimre.hu\/"},{"@type":"ListItem","position":2,"name":"\u00c9letrajz","item":"https:\/\/egerhaziimre.hu\/index.php\/eletrajz\/"},{"@type":"ListItem","position":3,"name":"Writings about Imre \u00c9gerh\u00e1zi","item":"https:\/\/egerhaziimre.hu\/index.php\/eletrajz\/irasok-egerhazi-imrerol\/?lang=en"},{"@type":"ListItem","position":4,"name":"WISECRACKS FROM IMRE \u00c9GERH\u00c1ZI, BY IBOLYA MOLDOV\u00c1N, HEGYVID\u00c9K, 2007"}]},{"@type":"WebSite","@id":"https:\/\/egerhaziimre.hu\/#website","url":"https:\/\/egerhaziimre.hu\/","name":"\u00c9gerh\u00e1zi Imre","description":"","potentialAction":[{"@type":"SearchAction","target":{"@type":"EntryPoint","urlTemplate":"https:\/\/egerhaziimre.hu\/?s={search_term_string}"},"query-input":{"@type":"PropertyValueSpecification","valueRequired":true,"valueName":"search_term_string"}}],"inLanguage":"hu"}]}},"jetpack_sharing_enabled":true,"_links":{"self":[{"href":"https:\/\/egerhaziimre.hu\/index.php\/wp-json\/wp\/v2\/pages\/10785","targetHints":{"allow":["GET"]}}],"collection":[{"href":"https:\/\/egerhaziimre.hu\/index.php\/wp-json\/wp\/v2\/pages"}],"about":[{"href":"https:\/\/egerhaziimre.hu\/index.php\/wp-json\/wp\/v2\/types\/page"}],"author":[{"embeddable":true,"href":"https:\/\/egerhaziimre.hu\/index.php\/wp-json\/wp\/v2\/users\/4"}],"replies":[{"embeddable":true,"href":"https:\/\/egerhaziimre.hu\/index.php\/wp-json\/wp\/v2\/comments?post=10785"}],"version-history":[{"count":3,"href":"https:\/\/egerhaziimre.hu\/index.php\/wp-json\/wp\/v2\/pages\/10785\/revisions"}],"predecessor-version":[{"id":11270,"href":"https:\/\/egerhaziimre.hu\/index.php\/wp-json\/wp\/v2\/pages\/10785\/revisions\/11270"}],"up":[{"embeddable":true,"href":"https:\/\/egerhaziimre.hu\/index.php\/wp-json\/wp\/v2\/pages\/10535"}],"wp:attachment":[{"href":"https:\/\/egerhaziimre.hu\/index.php\/wp-json\/wp\/v2\/media?parent=10785"}],"wp:term":[{"taxonomy":"category","embeddable":true,"href":"https:\/\/egerhaziimre.hu\/index.php\/wp-json\/wp\/v2\/categories?post=10785"},{"taxonomy":"post_tag","embeddable":true,"href":"https:\/\/egerhaziimre.hu\/index.php\/wp-json\/wp\/v2\/tags?post=10785"}],"curies":[{"name":"wp","href":"https:\/\/api.w.org\/{rel}","templated":true}]}}